{"id":194215,"date":"2024-03-28T17:47:42","date_gmt":"2024-03-28T17:47:42","guid":{"rendered":"https:\/\/www.foscarini.com\/product\/birdie-std-r\/"},"modified":"2025-06-11T11:05:05","modified_gmt":"2025-06-11T11:05:05","slug":"birdie-std-r-es","status":"publish","type":"product","link":"https:\/\/www.foscarini.com\/es\/producto\/birdie-std-r-es\/","title":{"rendered":"Birdie"},"content":{"rendered":"<p>Trasversale e friendly, la lampada da terra Birdie \u00e8 una reinterpretazione in chiave contemporanea della classica lampada con paralume. Discreta nella versione bianca, si veste di un garbato protagonismo negli altri colori.<\/p><section class=\"pdp__slider full-height-vh\">\n    <div class=\"swiper-container swiper__pdp\">\n        <div class=\"swiper-wrapper full-height\">\n                                <div class=\"swiper-slide\">\n                                                    <img decoding=\"async\" class=\"full-cover\" src=\"https:\/\/www.foscarini.com\/wp-content\/uploads\/2024\/03\/3.4_Birdie-3-150x150.jpg\" srcset=\"https:\/\/www.foscarini.com\/wp-content\/uploads\/2024\/03\/3.4_Birdie-3-199x300.jpg 199w, https:\/\/www.foscarini.com\/wp-content\/uploads\/2024\/03\/3.4_Birdie-3-678x1024.jpg 678w, https:\/\/www.foscarini.com\/wp-content\/uploads\/2024\/03\/3.4_Birdie-3-768x1160.jpg 768w, https:\/\/www.foscarini.com\/wp-content\/uploads\/2024\/03\/3.4_Birdie-3-800x1208.jpg 800w, https:\/\/www.foscarini.com\/wp-content\/uploads\/2024\/03\/3.4_Birdie-3.jpg 980w\" alt=\"\" \/>\n                                                                        <\/div>\n                                        <div class=\"swiper-slide\">\n                                                    <img decoding=\"async\" class=\"full-cover\" src=\"https:\/\/www.foscarini.com\/wp-content\/uploads\/2024\/03\/3.5_Birdie-3-150x150.jpg\" srcset=\"https:\/\/www.foscarini.com\/wp-content\/uploads\/2024\/03\/3.5_Birdie-3-199x300.jpg 199w, https:\/\/www.foscarini.com\/wp-content\/uploads\/2024\/03\/3.5_Birdie-3-678x1024.jpg 678w, https:\/\/www.foscarini.com\/wp-content\/uploads\/2024\/03\/3.5_Birdie-3-768x1160.jpg 768w, https:\/\/www.foscarini.com\/wp-content\/uploads\/2024\/03\/3.5_Birdie-3-800x1208.jpg 800w, https:\/\/www.foscarini.com\/wp-content\/uploads\/2024\/03\/3.5_Birdie-3.jpg 980w\" alt=\"\" \/>\n                                                                        <\/div>\n                                        <div class=\"swiper-slide\">\n                                                    <img decoding=\"async\" class=\"full-cover\" src=\"https:\/\/www.foscarini.com\/wp-content\/uploads\/2024\/03\/3.6_Birdie-7-150x150.jpg\" srcset=\"https:\/\/www.foscarini.com\/wp-content\/uploads\/2024\/03\/3.6_Birdie-7-199x300.jpg 199w, https:\/\/www.foscarini.com\/wp-content\/uploads\/2024\/03\/3.6_Birdie-7-678x1024.jpg 678w, https:\/\/www.foscarini.com\/wp-content\/uploads\/2024\/03\/3.6_Birdie-7-768x1160.jpg 768w, https:\/\/www.foscarini.com\/wp-content\/uploads\/2024\/03\/3.6_Birdie-7-800x1208.jpg 800w, https:\/\/www.foscarini.com\/wp-content\/uploads\/2024\/03\/3.6_Birdie-7.jpg 980w\" alt=\"\" \/>\n                                                                        <\/div>\n                                        <div class=\"swiper-slide\">\n                                                    <img decoding=\"async\" class=\"full-cover\" src=\"https:\/\/www.foscarini.com\/wp-content\/uploads\/2024\/03\/3.7_Birdie-5-150x150.jpg\" srcset=\"https:\/\/www.foscarini.com\/wp-content\/uploads\/2024\/03\/3.7_Birdie-5-199x300.jpg 199w, https:\/\/www.foscarini.com\/wp-content\/uploads\/2024\/03\/3.7_Birdie-5-678x1024.jpg 678w, https:\/\/www.foscarini.com\/wp-content\/uploads\/2024\/03\/3.7_Birdie-5-768x1160.jpg 768w, https:\/\/www.foscarini.com\/wp-content\/uploads\/2024\/03\/3.7_Birdie-5-800x1208.jpg 800w, https:\/\/www.foscarini.com\/wp-content\/uploads\/2024\/03\/3.7_Birdie-5.jpg 980w\" alt=\"\" \/>\n                                                                        <\/div>\n                                        <div class=\"swiper-slide\">\n                                                    <img decoding=\"async\" class=\"full-cover\" src=\"https:\/\/www.foscarini.com\/wp-content\/uploads\/2024\/03\/3.10_Birdie-2-150x150.jpg\" srcset=\"https:\/\/www.foscarini.com\/wp-content\/uploads\/2024\/03\/3.10_Birdie-2-199x300.jpg 199w, https:\/\/www.foscarini.com\/wp-content\/uploads\/2024\/03\/3.10_Birdie-2-678x1024.jpg 678w, https:\/\/www.foscarini.com\/wp-content\/uploads\/2024\/03\/3.10_Birdie-2-768x1160.jpg 768w, https:\/\/www.foscarini.com\/wp-content\/uploads\/2024\/03\/3.10_Birdie-2-800x1208.jpg 800w, https:\/\/www.foscarini.com\/wp-content\/uploads\/2024\/03\/3.10_Birdie-2.jpg 980w\" alt=\"\" \/>\n                                                                        <\/div>\n                            <\/div>\n    <\/div>\n    <div class=\"swiper-scrollbar\"><\/div>\n    <div class=\"ct-arrow\">\n        <div class=\"swiper-button-prev\"><\/div>\n        <div class=\"swiper-button-next\"><\/div>\n    <\/div>\n<\/section><section class=\"concept__project_comunication full-height-vh\">\n    <div class=\"row row-large\">\n        <div class=\"medium-12 small-12 columns full-height no-padding-right-mobile\">\n            <div class=\"ct-image-text-lateral\">\n                <div class=\"ct-arrow\">\n                    <div class=\"swiper-button-prev\" aria-label=\"previous slide\"><\/div>\n                    <div class=\"swiper-button-next\" aria-label=\"next slide\"><\/div>\n                <\/div>\n                <span class=\"section-name-lateral\">Contenidos editoriales<\/span>\n                <!-- Swiper -->\n                <div class=\"swiper-container swiper__concept__comunication\">\n                    <div class=\"swiper-wrapper\">\n                                                            <div class=\"swiper-slide\">\n                                        <div class=\"ct-slide\">\n                                                                                                <img decoding=\"async\" class=\"full-cover\" src=\"https:\/\/www.foscarini.com\/wp-content\/uploads\/2024\/10\/pimpinella-BANNER_NEWSbennet-150x150.jpg\" srcset=\"https:\/\/www.foscarini.com\/wp-content\/uploads\/2024\/10\/pimpinella-BANNER_NEWSbennet-300x220.jpg 300w, https:\/\/www.foscarini.com\/wp-content\/uploads\/2024\/10\/pimpinella-BANNER_NEWSbennet-1024x752.jpg 1024w, https:\/\/www.foscarini.com\/wp-content\/uploads\/2024\/10\/pimpinella-BANNER_NEWSbennet-768x564.jpg 768w, https:\/\/www.foscarini.com\/wp-content\/uploads\/2024\/10\/pimpinella-BANNER_NEWSbennet-1536x1128.jpg 1536w, https:\/\/www.foscarini.com\/wp-content\/uploads\/2024\/10\/pimpinella-BANNER_NEWSbennet-800x587.jpg 800w, https:\/\/www.foscarini.com\/wp-content\/uploads\/2024\/10\/pimpinella-BANNER_NEWSbennet.jpg 1640w\" alt=\"\" \/>\n                                                                                                <div class=\"ct-col-right\">\n                                                <div class=\"ct-link\">\n                                                    <a class=\"link-arrow\" href=\"https:\/\/www.foscarini.com\/es\/bennet-pimpinella\/\">Ara\u00f1azos de Luz: el videoarte de Bennet Pimpinella para What&#8217;s in a Lamp?<\/a>\n                                                    <div class=\"text-1\"><p>Bennet Pimpinella lleva su arte cinematogr\u00e1fico al proyecto What&#8217;s in a Lamp? y, utilizando la t\u00e9cnica del ara\u00f1ado sobre la pel\u00edcula, convierte las l\u00e1mparas de Foscarini en s\u00edmbolos de emociones y recuerdos, en escenas \u00edntimas con una atm\u00f3sfera surrealista y underground.<\/p>\n<\/div>\n                                                <\/div>\n                                            <\/div>\n                                        <\/div>\n                                    <\/div>\n                                                                        <div class=\"swiper-slide\">\n                                        <div class=\"ct-slide\">\n                                                                                                <img decoding=\"async\" class=\"full-cover\" src=\"https:\/\/www.foscarini.com\/wp-content\/uploads\/2024\/08\/BANNER_NEWSinventario-150x150.jpg\" srcset=\"https:\/\/www.foscarini.com\/wp-content\/uploads\/2024\/08\/BANNER_NEWSinventario-300x220.jpg 300w, https:\/\/www.foscarini.com\/wp-content\/uploads\/2024\/08\/BANNER_NEWSinventario-1024x752.jpg 1024w, https:\/\/www.foscarini.com\/wp-content\/uploads\/2024\/08\/BANNER_NEWSinventario-768x564.jpg 768w, https:\/\/www.foscarini.com\/wp-content\/uploads\/2024\/08\/BANNER_NEWSinventario-1536x1128.jpg 1536w, https:\/\/www.foscarini.com\/wp-content\/uploads\/2024\/08\/BANNER_NEWSinventario-800x587.jpg 800w, https:\/\/www.foscarini.com\/wp-content\/uploads\/2024\/08\/BANNER_NEWSinventario.jpg 1640w\" alt=\"\" \/>\n                                                                                                <div class=\"ct-col-right\">\n                                                <div class=\"ct-link\">\n                                                    <a class=\"link-arrow\" href=\"https:\/\/www.foscarini.com\/es\/dioramas-antje-damm-foscarini\/\">Peque\u00f1as historias iluminadas<\/a>\n                                                    <div class=\"text-1\"><p>Antje Damm enriquece el proyecto &#8220;What&#8217;s in a Lamp?&#8221; con encantadores dioramas en los que las l\u00e1mparas son protagonistas de narraciones sugerentes, que cobran vida dentro de cajas de cerillas.<\/p>\n<\/div>\n                                                <\/div>\n                                            <\/div>\n                                        <\/div>\n                                    <\/div>\n                                                                        <div class=\"swiper-slide\">\n                                        <div class=\"ct-slide\">\n                                                                                                <img decoding=\"async\" class=\"full-cover\" src=\"https:\/\/www.foscarini.com\/wp-content\/uploads\/2023\/12\/Modulo1_Colferai-150x150.jpg\" srcset=\"https:\/\/www.foscarini.com\/wp-content\/uploads\/2023\/12\/Modulo1_Colferai-300x194.jpg 300w, https:\/\/www.foscarini.com\/wp-content\/uploads\/2023\/12\/Modulo1_Colferai-800x518.jpg 800w, https:\/\/www.foscarini.com\/wp-content\/uploads\/2023\/12\/Modulo1_Colferai-1024x663.jpg 1024w, https:\/\/www.foscarini.com\/wp-content\/uploads\/2023\/12\/Modulo1_Colferai-768x498.jpg 768w, https:\/\/www.foscarini.com\/wp-content\/uploads\/2023\/12\/Modulo1_Colferai-1536x995.jpg 1536w, https:\/\/www.foscarini.com\/wp-content\/uploads\/2023\/12\/Modulo1_Colferai-2048x1327.jpg 2048w\" alt=\"\" \/>\n                                                                                                <div class=\"ct-col-right\">\n                                                <div class=\"ct-link\">\n                                                    <a class=\"link-arrow\" href=\"https:\/\/www.foscarini.com\/es\/luz-plastilina-e-ironia-stefano-colferai-para-whats-in-a-lamp\/\">Una cotidianidad hecha de luz, plastilina e iron\u00eda<\/a>\n                                                    <div class=\"text-1\"><p>Stefano Colferai explora la relaci\u00f3n entre luz, l\u00e1mpara, persona y hogar, creando una serie animada \u00fanica en su g\u00e9nero.<\/p>\n<\/div>\n                                                <\/div>\n                                            <\/div>\n                                        <\/div>\n                                    <\/div>\n                                                                        <div class=\"swiper-slide\">\n                                        <div class=\"ct-slide\">\n                                                                                                <img decoding=\"async\" class=\"full-cover\" src=\"https:\/\/www.foscarini.com\/wp-content\/uploads\/2023\/11\/Modulo1_Luccico-1-150x150.jpg\" srcset=\"https:\/\/www.foscarini.com\/wp-content\/uploads\/2023\/11\/Modulo1_Luccico-1-300x169.jpg 300w, https:\/\/www.foscarini.com\/wp-content\/uploads\/2023\/11\/Modulo1_Luccico-1-800x450.jpg 800w, https:\/\/www.foscarini.com\/wp-content\/uploads\/2023\/11\/Modulo1_Luccico-1-1024x576.jpg 1024w, https:\/\/www.foscarini.com\/wp-content\/uploads\/2023\/11\/Modulo1_Luccico-1-768x432.jpg 768w, https:\/\/www.foscarini.com\/wp-content\/uploads\/2023\/11\/Modulo1_Luccico-1.jpg 1280w\" alt=\"\" \/>\n                                                                                                <div class=\"ct-col-right\">\n                                                <div class=\"ct-link\">\n                                                    <a class=\"link-arrow\" href=\"https:\/\/www.foscarini.com\/es\/luccico-propone-una-realidad-aumentada-para-el-proyecto-whats-in-a-lamp\/\">M\u00e1s all\u00e1 de lo real<\/a>\n                                                    <div class=\"text-1\"><p>Luccico, para el proyecto \u00abWhat&#8217;s in a Lamp?\u00bb, propone una \u00abrealidad aumentada\u00bb en clave art\u00edstica.<\/p>\n<\/div>\n                                                <\/div>\n                                            <\/div>\n                                        <\/div>\n                                    <\/div>\n                                                                        <div class=\"swiper-slide\">\n                                        <div class=\"ct-slide\">\n                                                                                                <img decoding=\"async\" class=\"full-cover\" src=\"https:\/\/www.foscarini.com\/wp-content\/uploads\/2023\/11\/main_banner_postcard-of-light-150x150.jpeg\" srcset=\"https:\/\/www.foscarini.com\/wp-content\/uploads\/2023\/11\/main_banner_postcard-of-light-300x194.jpeg 300w, https:\/\/www.foscarini.com\/wp-content\/uploads\/2023\/11\/main_banner_postcard-of-light-800x518.jpeg 800w, https:\/\/www.foscarini.com\/wp-content\/uploads\/2023\/11\/main_banner_postcard-of-light-1024x663.jpeg 1024w, https:\/\/www.foscarini.com\/wp-content\/uploads\/2023\/11\/main_banner_postcard-of-light-768x498.jpeg 768w, https:\/\/www.foscarini.com\/wp-content\/uploads\/2023\/11\/main_banner_postcard-of-light-1536x995.jpeg 1536w, https:\/\/www.foscarini.com\/wp-content\/uploads\/2023\/11\/main_banner_postcard-of-light-2048x1327.jpeg 2048w\" alt=\"\" \/>\n                                                                                                <div class=\"ct-col-right\">\n                                                <div class=\"ct-link\">\n                                                    <a class=\"link-arrow\" href=\"https:\/\/www.foscarini.com\/es\/postcards-of-light\/\">Postcards of Light<\/a>\n                                                    <div class=\"text-1\"><p>Las l\u00e1mparas, llevadas por las calles del mundo, se convierten en protagonistas y testimonios de fragmentos de vida.<\/p>\n<\/div>\n                                                <\/div>\n                                            <\/div>\n                                        <\/div>\n                                    <\/div>\n                                                        <\/div>\n                <\/div>\n            <\/div>\n        <\/div>\n    <\/div>\n<\/section>","protected":false},"excerpt":{"rendered":"<p>L\u00e1mpara de pie y de lectura de luz difusa y directa. Un modelo que combina un rasgo ligero y familiar y un car\u00e1cter decidido. Siempre monocrom\u00e1tica, Birdie de pie asume diversas personalidades seg\u00fan su color. Base en aleaci\u00f3n de zinc fundido bajo presi\u00f3n y v\u00e1stago en acero, ambos pintados con l\u00edquido. Difusor interno opalino en policarbonato y pantalla externa en policarbonato transl\u00facido, ambos moldeados por inyecci\u00f3n. El sensor del touch dimmer se encuentra al final del brazo del v\u00e1stago y permite la regulaci\u00f3n por pasos de la intensidad luminosa; transformador electr\u00f3nico en el cable transparente. En la versi\u00f3n sin dimmer el interruptor on\/off se encuentra en el cable transparente.<\/p>\n","protected":false},"featured_media":465809,"comment_status":"open","ping_status":"closed","template":"","meta":{"_acf_changed":true},"product_cat":[5333,1077,653,719,758],"product_tag":[],"materiale":[8316],"altezza":[8314],"larghezza":[9283],"profondita":[9246],"peso":[9918],"designer-prodotto":[7884],"class_list":{"0":"post-194215","1":"product","2":"type-product","3":"status-publish","4":"has-post-thumbnail","6":"product_cat-birdie-famiglia-es","7":"product_cat-birdie-concetto-es","8":"product_cat-concetto-es","9":"product_cat-funzione-es","10":"product_cat-terra-es","11":"materiale-materiale-plastico-es","12":"altezza-150-es","13":"larghezza-25-es","14":"profondita-25-es","15":"peso-43-es","16":"designer-prodotto-ludovica-e-roberto-palomba-es","18":"first","19":"instock","20":"shipping-taxable","21":"purchasable","22":"product-type-variable"},"acf":{"preview_slider":{"titolo":"","testo":"","video_domanda":false,"link_video":""},"prodotto__immagine_preview":{"immagine":221767},"prodotto__slider":{"sottotitolo":"Ludovica+Roberto Palomba (2011)","titolo":"Transversal y acogedora, la l\u00e1mpara de pie Birdie es una reinterpretaci\u00f3n en clave contempor\u00e1nea de la cl\u00e1sica l\u00e1mpara con pantalla. Discreta en la versi\u00f3n blanca, se viste con un garboso protagonismo en los dem\u00e1s colores.","immagini":[{"immagine":308185,"immagine_mobile":""},{"immagine":308199,"immagine_mobile":""},{"immagine":308192,"immagine_mobile":""},{"immagine":308207,"immagine_mobile":""}]},"prodotto__slider_preview":null,"prodotto__specifiche":{"selezione":[{"scheda_tecnica":461292},{"scheda_tecnica":461293}]}},"yoast_head":"<!-- This site is optimized with the Yoast SEO Premium plugin v22.4 (Yoast SEO v23.7) - https:\/\/yoast.com\/wordpress\/plugins\/seo\/ -->\n<title>Birdie - Foscarini<\/title>\n<meta name=\"robots\" content=\"index, follow, max-snippet:-1, max-image-preview:large, max-video-preview:-1\" \/>\n<meta property=\"og:locale\" content=\"es_ES\" \/>\n<meta property=\"og:type\" content=\"article\" \/>\n<meta property=\"og:title\" content=\"Birdie\" \/>\n<meta property=\"og:description\" content=\"L\u00e1mpara de pie y de lectura de luz difusa y directa. Un modelo que combina un rasgo ligero y familiar y un car\u00e1cter decidido. Siempre monocrom\u00e1tica, Birdie de pie asume diversas personalidades seg\u00fan su color. Base en aleaci\u00f3n de zinc fundido bajo presi\u00f3n y v\u00e1stago en acero, ambos pintados con l\u00edquido. Difusor interno opalino en policarbonato y pantalla externa en policarbonato transl\u00facido, ambos moldeados por inyecci\u00f3n. El sensor del touch dimmer se encuentra al final del brazo del v\u00e1stago y permite la regulaci\u00f3n por pasos de la intensidad luminosa; transformador electr\u00f3nico en el cable transparente. En la versi\u00f3n sin dimmer el interruptor on\/off se encuentra en el cable transparente.\" \/>\n<meta property=\"og:url\" content=\"https:\/\/www.foscarini.com\/es\/producto\/birdie-std-r-es\/\" \/>\n<meta property=\"og:site_name\" content=\"Foscarini\" \/>\n<meta property=\"article:modified_time\" content=\"2025-06-11T11:05:05+00:00\" \/>\n<meta property=\"og:image\" content=\"https:\/\/www.foscarini.com\/wp-content\/uploads\/2025\/06\/birdie_f_graphite_22_786x865-4.jpg\" \/>\n\t<meta property=\"og:image:width\" content=\"786\" \/>\n\t<meta property=\"og:image:height\" content=\"865\" \/>\n\t<meta property=\"og:image:type\" content=\"image\/jpeg\" \/>\n<meta name=\"twitter:card\" content=\"summary_large_image\" \/>\n<meta name=\"twitter:label1\" content=\"Tiempo de lectura\" \/>\n\t<meta name=\"twitter:data1\" content=\"1 minuto\" \/>\n<script type=\"application\/ld+json\" class=\"yoast-schema-graph\">{\"@context\":\"https:\/\/schema.org\",\"@graph\":[{\"@type\":\"WebPage\",\"@id\":\"https:\/\/www.foscarini.com\/es\/producto\/birdie-std-r-es\/\",\"url\":\"https:\/\/www.foscarini.com\/es\/producto\/birdie-std-r-es\/\",\"name\":\"Birdie - Foscarini\",\"isPartOf\":{\"@id\":\"https:\/\/www.foscarini.com\/#website\"},\"primaryImageOfPage\":{\"@id\":\"https:\/\/www.foscarini.com\/es\/producto\/birdie-std-r-es\/#primaryimage\"},\"image\":{\"@id\":\"https:\/\/www.foscarini.com\/es\/producto\/birdie-std-r-es\/#primaryimage\"},\"thumbnailUrl\":\"https:\/\/www.foscarini.com\/wp-content\/uploads\/2025\/06\/birdie_f_graphite_22_786x865-6.jpg\",\"datePublished\":\"2024-03-28T17:47:42+00:00\",\"dateModified\":\"2025-06-11T11:05:05+00:00\",\"breadcrumb\":{\"@id\":\"https:\/\/www.foscarini.com\/es\/producto\/birdie-std-r-es\/#breadcrumb\"},\"inLanguage\":\"es\",\"potentialAction\":[{\"@type\":\"ReadAction\",\"target\":[\"https:\/\/www.foscarini.com\/es\/producto\/birdie-std-r-es\/\"]}]},{\"@type\":\"ImageObject\",\"inLanguage\":\"es\",\"@id\":\"https:\/\/www.foscarini.com\/es\/producto\/birdie-std-r-es\/#primaryimage\",\"url\":\"https:\/\/www.foscarini.com\/wp-content\/uploads\/2025\/06\/birdie_f_graphite_22_786x865-6.jpg\",\"contentUrl\":\"https:\/\/www.foscarini.com\/wp-content\/uploads\/2025\/06\/birdie_f_graphite_22_786x865-6.jpg\",\"width\":786,\"height\":865},{\"@type\":\"BreadcrumbList\",\"@id\":\"https:\/\/www.foscarini.com\/es\/producto\/birdie-std-r-es\/#breadcrumb\",\"itemListElement\":[{\"@type\":\"ListItem\",\"position\":1,\"name\":\"Home\",\"item\":\"https:\/\/www.foscarini.com\/es\/\"},{\"@type\":\"ListItem\",\"position\":2,\"name\":\"Tienda\",\"item\":\"https:\/\/www.foscarini.com\/es\/tienda\/\"},{\"@type\":\"ListItem\",\"position\":3,\"name\":\"Birdie\"}]},{\"@type\":\"WebSite\",\"@id\":\"https:\/\/www.foscarini.com\/#website\",\"url\":\"https:\/\/www.foscarini.com\/\",\"name\":\"Foscarini\",\"description\":\"\",\"potentialAction\":[{\"@type\":\"SearchAction\",\"target\":{\"@type\":\"EntryPoint\",\"urlTemplate\":\"https:\/\/www.foscarini.com\/?s={search_term_string}\"},\"query-input\":{\"@type\":\"PropertyValueSpecification\",\"valueRequired\":true,\"valueName\":\"search_term_string\"}}],\"inLanguage\":\"es\"}]}<\/script>\n<!-- \/ Yoast SEO Premium plugin. -->","yoast_head_json":{"title":"Birdie - Foscarini","robots":{"index":"index","follow":"follow","max-snippet":"max-snippet:-1","max-image-preview":"max-image-preview:large","max-video-preview":"max-video-preview:-1"},"og_locale":"es_ES","og_type":"article","og_title":"Birdie","og_description":"L\u00e1mpara de pie y de lectura de luz difusa y directa. Un modelo que combina un rasgo ligero y familiar y un car\u00e1cter decidido. Siempre monocrom\u00e1tica, Birdie de pie asume diversas personalidades seg\u00fan su color. Base en aleaci\u00f3n de zinc fundido bajo presi\u00f3n y v\u00e1stago en acero, ambos pintados con l\u00edquido. Difusor interno opalino en policarbonato y pantalla externa en policarbonato transl\u00facido, ambos moldeados por inyecci\u00f3n. El sensor del touch dimmer se encuentra al final del brazo del v\u00e1stago y permite la regulaci\u00f3n por pasos de la intensidad luminosa; transformador electr\u00f3nico en el cable transparente. En la versi\u00f3n sin dimmer el interruptor on\/off se encuentra en el cable transparente.","og_url":"https:\/\/www.foscarini.com\/es\/producto\/birdie-std-r-es\/","og_site_name":"Foscarini","article_modified_time":"2025-06-11T11:05:05+00:00","og_image":[{"width":786,"height":865,"url":"https:\/\/www.foscarini.com\/wp-content\/uploads\/2025\/06\/birdie_f_graphite_22_786x865-4.jpg","type":"image\/jpeg"}],"twitter_card":"summary_large_image","twitter_misc":{"Tiempo de lectura":"1 minuto"},"schema":{"@context":"https:\/\/schema.org","@graph":[{"@type":"WebPage","@id":"https:\/\/www.foscarini.com\/es\/producto\/birdie-std-r-es\/","url":"https:\/\/www.foscarini.com\/es\/producto\/birdie-std-r-es\/","name":"Birdie - Foscarini","isPartOf":{"@id":"https:\/\/www.foscarini.com\/#website"},"primaryImageOfPage":{"@id":"https:\/\/www.foscarini.com\/es\/producto\/birdie-std-r-es\/#primaryimage"},"image":{"@id":"https:\/\/www.foscarini.com\/es\/producto\/birdie-std-r-es\/#primaryimage"},"thumbnailUrl":"https:\/\/www.foscarini.com\/wp-content\/uploads\/2025\/06\/birdie_f_graphite_22_786x865-6.jpg","datePublished":"2024-03-28T17:47:42+00:00","dateModified":"2025-06-11T11:05:05+00:00","breadcrumb":{"@id":"https:\/\/www.foscarini.com\/es\/producto\/birdie-std-r-es\/#breadcrumb"},"inLanguage":"es","potentialAction":[{"@type":"ReadAction","target":["https:\/\/www.foscarini.com\/es\/producto\/birdie-std-r-es\/"]}]},{"@type":"ImageObject","inLanguage":"es","@id":"https:\/\/www.foscarini.com\/es\/producto\/birdie-std-r-es\/#primaryimage","url":"https:\/\/www.foscarini.com\/wp-content\/uploads\/2025\/06\/birdie_f_graphite_22_786x865-6.jpg","contentUrl":"https:\/\/www.foscarini.com\/wp-content\/uploads\/2025\/06\/birdie_f_graphite_22_786x865-6.jpg","width":786,"height":865},{"@type":"BreadcrumbList","@id":"https:\/\/www.foscarini.com\/es\/producto\/birdie-std-r-es\/#breadcrumb","itemListElement":[{"@type":"ListItem","position":1,"name":"Home","item":"https:\/\/www.foscarini.com\/es\/"},{"@type":"ListItem","position":2,"name":"Tienda","item":"https:\/\/www.foscarini.com\/es\/tienda\/"},{"@type":"ListItem","position":3,"name":"Birdie"}]},{"@type":"WebSite","@id":"https:\/\/www.foscarini.com\/#website","url":"https:\/\/www.foscarini.com\/","name":"Foscarini","description":"","potentialAction":[{"@type":"SearchAction","target":{"@type":"EntryPoint","urlTemplate":"https:\/\/www.foscarini.com\/?s={search_term_string}"},"query-input":{"@type":"PropertyValueSpecification","valueRequired":true,"valueName":"search_term_string"}}],"inLanguage":"es"}]}},"_links":{"self":[{"href":"https:\/\/www.foscarini.com\/es\/wp-json\/wp\/v2\/product\/194215"}],"collection":[{"href":"https:\/\/www.foscarini.com\/es\/wp-json\/wp\/v2\/product"}],"about":[{"href":"https:\/\/www.foscarini.com\/es\/wp-json\/wp\/v2\/types\/product"}],"replies":[{"embeddable":true,"href":"https:\/\/www.foscarini.com\/es\/wp-json\/wp\/v2\/comments?post=194215"}],"wp:featuredmedia":[{"embeddable":true,"href":"https:\/\/www.foscarini.com\/es\/wp-json\/wp\/v2\/media\/465809"}],"wp:attachment":[{"href":"https:\/\/www.foscarini.com\/es\/wp-json\/wp\/v2\/media?parent=194215"}],"wp:term":[{"taxonomy":"product_cat","embeddable":true,"href":"https:\/\/www.foscarini.com\/es\/wp-json\/wp\/v2\/product_cat?post=194215"},{"taxonomy":"product_tag","embeddable":true,"href":"https:\/\/www.foscarini.com\/es\/wp-json\/wp\/v2\/product_tag?post=194215"},{"taxonomy":"materiale","embeddable":true,"href":"https:\/\/www.foscarini.com\/es\/wp-json\/wp\/v2\/materiale?post=194215"},{"taxonomy":"altezza","embeddable":true,"href":"https:\/\/www.foscarini.com\/es\/wp-json\/wp\/v2\/altezza?post=194215"},{"taxonomy":"larghezza","embeddable":true,"href":"https:\/\/www.foscarini.com\/es\/wp-json\/wp\/v2\/larghezza?post=194215"},{"taxonomy":"profondita","embeddable":true,"href":"https:\/\/www.foscarini.com\/es\/wp-json\/wp\/v2\/profondita?post=194215"},{"taxonomy":"peso","embeddable":true,"href":"https:\/\/www.foscarini.com\/es\/wp-json\/wp\/v2\/peso?post=194215"},{"taxonomy":"designer-prodotto","embeddable":true,"href":"https:\/\/www.foscarini.com\/es\/wp-json\/wp\/v2\/designer-prodotto?post=194215"}],"curies":[{"name":"wp","href":"https:\/\/api.w.org\/{rel}","templated":true}]}}