{"id":193944,"date":"2024-03-28T18:23:39","date_gmt":"2024-03-28T18:23:39","guid":{"rendered":"https:\/\/www.foscarini.com\/product\/twiggy-lettura-twiggy-r\/"},"modified":"2025-06-11T15:52:26","modified_gmt":"2025-06-11T15:52:26","slug":"twiggy-lettura-twiggy-r-es","status":"publish","type":"product","link":"https:\/\/www.foscarini.com\/es\/producto\/twiggy-lettura-twiggy-r-es\/","title":{"rendered":"Twiggy Lettura"},"content":{"rendered":"<section class=\"pdp__slider full-height-vh\">\n    <div class=\"swiper-container swiper__pdp\">\n        <div class=\"swiper-wrapper full-height\">\n                                <div class=\"swiper-slide\">\n                                                    <img decoding=\"async\" class=\"full-cover\" src=\"https:\/\/www.foscarini.com\/wp-content\/uploads\/2024\/03\/3.1_TwiggyLettur-150x150.jpg\" srcset=\"https:\/\/www.foscarini.com\/wp-content\/uploads\/2024\/03\/3.1_TwiggyLettur-300x200.jpg 300w, https:\/\/www.foscarini.com\/wp-content\/uploads\/2024\/03\/3.1_TwiggyLettur-1024x683.jpg 1024w, https:\/\/www.foscarini.com\/wp-content\/uploads\/2024\/03\/3.1_TwiggyLettur-768x512.jpg 768w, https:\/\/www.foscarini.com\/wp-content\/uploads\/2024\/03\/3.1_TwiggyLettur-1536x1024.jpg 1536w, https:\/\/www.foscarini.com\/wp-content\/uploads\/2024\/03\/3.1_TwiggyLettur-2048x1365.jpg 2048w, https:\/\/www.foscarini.com\/wp-content\/uploads\/2024\/03\/3.1_TwiggyLettur-800x533.jpg 800w\" alt=\"\" \/>\n                                                                        <\/div>\n                                        <div class=\"swiper-slide\">\n                                                    <img decoding=\"async\" class=\"full-cover\" src=\"https:\/\/www.foscarini.com\/wp-content\/uploads\/2024\/03\/3.4_TwiggyLettur-150x150.jpg\" srcset=\"https:\/\/www.foscarini.com\/wp-content\/uploads\/2024\/03\/3.4_TwiggyLettur-199x300.jpg 199w, https:\/\/www.foscarini.com\/wp-content\/uploads\/2024\/03\/3.4_TwiggyLettur-678x1024.jpg 678w, https:\/\/www.foscarini.com\/wp-content\/uploads\/2024\/03\/3.4_TwiggyLettur-768x1160.jpg 768w, https:\/\/www.foscarini.com\/wp-content\/uploads\/2024\/03\/3.4_TwiggyLettur-800x1208.jpg 800w, https:\/\/www.foscarini.com\/wp-content\/uploads\/2024\/03\/3.4_TwiggyLettur.jpg 980w\" alt=\"\" \/>\n                                                                        <\/div>\n                                        <div class=\"swiper-slide\">\n                                                    <img decoding=\"async\" class=\"full-cover\" src=\"https:\/\/www.foscarini.com\/wp-content\/uploads\/2024\/03\/3.5_TwiggyLettur-150x150.jpg\" srcset=\"https:\/\/www.foscarini.com\/wp-content\/uploads\/2024\/03\/3.5_TwiggyLettur-199x300.jpg 199w, https:\/\/www.foscarini.com\/wp-content\/uploads\/2024\/03\/3.5_TwiggyLettur-678x1024.jpg 678w, https:\/\/www.foscarini.com\/wp-content\/uploads\/2024\/03\/3.5_TwiggyLettur-768x1160.jpg 768w, https:\/\/www.foscarini.com\/wp-content\/uploads\/2024\/03\/3.5_TwiggyLettur-800x1208.jpg 800w, https:\/\/www.foscarini.com\/wp-content\/uploads\/2024\/03\/3.5_TwiggyLettur.jpg 980w\" alt=\"\" \/>\n                                                                        <\/div>\n                                        <div class=\"swiper-slide\">\n                                                    <img decoding=\"async\" class=\"full-cover\" src=\"https:\/\/www.foscarini.com\/wp-content\/uploads\/2024\/03\/3.7_TwiggyLettur-150x150.jpg\" srcset=\"https:\/\/www.foscarini.com\/wp-content\/uploads\/2024\/03\/3.7_TwiggyLettur-300x200.jpg 300w, https:\/\/www.foscarini.com\/wp-content\/uploads\/2024\/03\/3.7_TwiggyLettur-1024x683.jpg 1024w, https:\/\/www.foscarini.com\/wp-content\/uploads\/2024\/03\/3.7_TwiggyLettur-768x512.jpg 768w, https:\/\/www.foscarini.com\/wp-content\/uploads\/2024\/03\/3.7_TwiggyLettur-1536x1024.jpg 1536w, https:\/\/www.foscarini.com\/wp-content\/uploads\/2024\/03\/3.7_TwiggyLettur-2048x1365.jpg 2048w, https:\/\/www.foscarini.com\/wp-content\/uploads\/2024\/03\/3.7_TwiggyLettur-800x533.jpg 800w\" alt=\"\" \/>\n                                                                        <\/div>\n                                        <div class=\"swiper-slide\">\n                                                    <img decoding=\"async\" class=\"full-cover\" src=\"https:\/\/www.foscarini.com\/wp-content\/uploads\/2024\/03\/3.10_TwiggyLettur-150x150.jpg\" srcset=\"https:\/\/www.foscarini.com\/wp-content\/uploads\/2024\/03\/3.10_TwiggyLettur-199x300.jpg 199w, https:\/\/www.foscarini.com\/wp-content\/uploads\/2024\/03\/3.10_TwiggyLettur-678x1024.jpg 678w, https:\/\/www.foscarini.com\/wp-content\/uploads\/2024\/03\/3.10_TwiggyLettur-768x1160.jpg 768w, https:\/\/www.foscarini.com\/wp-content\/uploads\/2024\/03\/3.10_TwiggyLettur-800x1208.jpg 800w, https:\/\/www.foscarini.com\/wp-content\/uploads\/2024\/03\/3.10_TwiggyLettur.jpg 980w\" alt=\"\" \/>\n                                                                        <\/div>\n                                        <div class=\"swiper-slide\">\n                                                                    <\/div>\n                            <\/div>\n    <\/div>\n    <div class=\"swiper-scrollbar\"><\/div>\n    <div class=\"ct-arrow\">\n        <div class=\"swiper-button-prev\"><\/div>\n        <div class=\"swiper-button-next\"><\/div>\n    <\/div>\n<\/section><section class=\"concept__project_comunication full-height-vh\">\n    <div class=\"row row-large\">\n        <div class=\"medium-12 small-12 columns full-height no-padding-right-mobile\">\n            <div class=\"ct-image-text-lateral\">\n                <div class=\"ct-arrow\">\n                    <div class=\"swiper-button-prev\" aria-label=\"previous slide\"><\/div>\n                    <div class=\"swiper-button-next\" aria-label=\"next slide\"><\/div>\n                <\/div>\n                <span class=\"section-name-lateral\">Contenidos editoriales<\/span>\n                <!-- Swiper -->\n                <div class=\"swiper-container swiper__concept__comunication\">\n                    <div class=\"swiper-wrapper\">\n                                                            <div class=\"swiper-slide\">\n                                        <div class=\"ct-slide\">\n                                                                                                <img decoding=\"async\" class=\"full-cover\" src=\"https:\/\/www.foscarini.com\/wp-content\/uploads\/2024\/01\/Modulo1_1-2-150x150.jpg\" srcset=\"https:\/\/www.foscarini.com\/wp-content\/uploads\/2024\/01\/Modulo1_1-2-300x167.jpg 300w, https:\/\/www.foscarini.com\/wp-content\/uploads\/2024\/01\/Modulo1_1-2-scaled-800x444.jpg 800w, https:\/\/www.foscarini.com\/wp-content\/uploads\/2024\/01\/Modulo1_1-2-1024x569.jpg 1024w, https:\/\/www.foscarini.com\/wp-content\/uploads\/2024\/01\/Modulo1_1-2-768x427.jpg 768w, https:\/\/www.foscarini.com\/wp-content\/uploads\/2024\/01\/Modulo1_1-2-1536x853.jpg 1536w, https:\/\/www.foscarini.com\/wp-content\/uploads\/2024\/01\/Modulo1_1-2-2048x1138.jpg 2048w\" alt=\"\" \/>\n                                                                                                <div class=\"ct-col-right\">\n                                                <div class=\"ct-link\">\n                                                    <a class=\"link-arrow\" href=\"https:\/\/www.foscarini.com\/es\/maestrie\/fibras\/\">MAESTRIE: Fibre<\/a>\n                                                    <div class=\"text-1\"><p>Materiali compositi che diventano corpi luminosi. Tessuti tech stesi da mani gentili sulle macchine che daranno loro forma. Ispirazioni che vengono da mondi lontani. Benvenuti nella fabbrica dove nasce la luce extra-ordinaria.<\/p>\n<\/div>\n                                                <\/div>\n                                            <\/div>\n                                        <\/div>\n                                    <\/div>\n                                                                        <div class=\"swiper-slide\">\n                                        <div class=\"ct-slide\">\n                                                                                                <img decoding=\"async\" class=\"full-cover\" src=\"https:\/\/www.foscarini.com\/wp-content\/uploads\/2024\/10\/pimpinella-BANNER_NEWSbennet-150x150.jpg\" srcset=\"https:\/\/www.foscarini.com\/wp-content\/uploads\/2024\/10\/pimpinella-BANNER_NEWSbennet-300x220.jpg 300w, https:\/\/www.foscarini.com\/wp-content\/uploads\/2024\/10\/pimpinella-BANNER_NEWSbennet-1024x752.jpg 1024w, https:\/\/www.foscarini.com\/wp-content\/uploads\/2024\/10\/pimpinella-BANNER_NEWSbennet-768x564.jpg 768w, https:\/\/www.foscarini.com\/wp-content\/uploads\/2024\/10\/pimpinella-BANNER_NEWSbennet-1536x1128.jpg 1536w, https:\/\/www.foscarini.com\/wp-content\/uploads\/2024\/10\/pimpinella-BANNER_NEWSbennet-800x587.jpg 800w, https:\/\/www.foscarini.com\/wp-content\/uploads\/2024\/10\/pimpinella-BANNER_NEWSbennet.jpg 1640w\" alt=\"\" \/>\n                                                                                                <div class=\"ct-col-right\">\n                                                <div class=\"ct-link\">\n                                                    <a class=\"link-arrow\" href=\"https:\/\/www.foscarini.com\/es\/bennet-pimpinella\/\">Ara\u00f1azos de Luz: el videoarte de Bennet Pimpinella para What&#8217;s in a Lamp?<\/a>\n                                                    <div class=\"text-1\"><p>Bennet Pimpinella lleva su arte cinematogr\u00e1fico al proyecto What&#8217;s in a Lamp? y, utilizando la t\u00e9cnica del ara\u00f1ado sobre la pel\u00edcula, convierte las l\u00e1mparas de Foscarini en s\u00edmbolos de emociones y recuerdos, en escenas \u00edntimas con una atm\u00f3sfera surrealista y underground.<\/p>\n<\/div>\n                                                <\/div>\n                                            <\/div>\n                                        <\/div>\n                                    <\/div>\n                                                        <\/div>\n                <\/div>\n            <\/div>\n        <\/div>\n    <\/div>\n<\/section><p><\/p>","protected":false},"excerpt":{"rendered":"<p>L\u00e1mpara de pie de luz directa e indirecta. Difusor y v\u00e1stago en material diverso sobre base de fibra de vidrio pintado con l\u00edquido. Disco difusor superior in policarbonato transl\u00facido, disco difusor inferior en polimetilmetacrilato con superficie interna poliprism\u00e1tica. Base circular en metal pintado con polvos epox\u00eddicos, el cable transparente dispone de un dimmer que hace las veces tanto de regulador de intensidad luminosa gradual como de interruptor on\/off.<\/p>\n","protected":false},"featured_media":470872,"comment_status":"open","ping_status":"closed","template":"","meta":{"_acf_changed":true},"product_cat":[653,719,758,679,13771],"product_tag":[],"materiale":[7941],"altezza":[11816],"larghezza":[8609],"profondita":[8669],"peso":[7329],"designer-prodotto":[7380],"class_list":{"0":"post-193944","1":"product","2":"type-product","3":"status-publish","4":"has-post-thumbnail","6":"product_cat-concetto-es","7":"product_cat-funzione-es","8":"product_cat-terra-es","9":"product_cat-twiggy-concetto-es","10":"product_cat-twiggy-lettura-famiglia-es","11":"materiale-fibra-di-carbonio-e-compositi-es","12":"altezza-63375-es","13":"larghezza-18-18-es","14":"profondita-18-18-es","15":"peso-0-es","16":"designer-prodotto-marc-sadler-es","18":"first","19":"instock","20":"shipping-taxable","21":"purchasable","22":"product-type-variable"},"acf":{"preview_slider":{"titolo":"","testo":"","video_domanda":false,"link_video":""},"prodotto__immagine_preview":{"immagine":226688},"prodotto__slider":{"sottotitolo":"Marc Sadler (2008)","titolo":"Un concepto formal de ligereza, declinado en una l\u00e1mpara de lectura de poste fino y amplio difusor que ilumina de forma eficaz hacia abajo y hacia arriba. Una l\u00e1mpara ideal para el sal\u00f3n, para el dormitorio o donde se desee amueblar e iluminar con una l\u00e1mpara de dise\u00f1o funcional y moderna.","immagini":[{"immagine":307463,"immagine_mobile":""},{"immagine":307493,"immagine_mobile":""},{"immagine":307470,"immagine_mobile":""},{"immagine":307485,"immagine_mobile":""},{"immagine":396048,"immagine_mobile":""},{"immagine":396055,"immagine_mobile":""}]},"prodotto__slider_preview":null,"prodotto__specifiche":{"selezione":[{"scheda_tecnica":464387}]}},"yoast_head":"<!-- This site is optimized with the Yoast SEO Premium plugin v22.4 (Yoast SEO v23.7) - https:\/\/yoast.com\/wordpress\/plugins\/seo\/ -->\n<title>Twiggy Lettura - Foscarini<\/title>\n<meta name=\"robots\" content=\"index, follow, max-snippet:-1, max-image-preview:large, max-video-preview:-1\" \/>\n<meta property=\"og:locale\" content=\"es_ES\" \/>\n<meta property=\"og:type\" content=\"article\" \/>\n<meta property=\"og:title\" content=\"Twiggy Lettura\" \/>\n<meta property=\"og:description\" content=\"L\u00e1mpara de pie de luz directa e indirecta. Difusor y v\u00e1stago en material diverso sobre base de fibra de vidrio pintado con l\u00edquido. Disco difusor superior in policarbonato transl\u00facido, disco difusor inferior en polimetilmetacrilato con superficie interna poliprism\u00e1tica. Base circular en metal pintado con polvos epox\u00eddicos, el cable transparente dispone de un dimmer que hace las veces tanto de regulador de intensidad luminosa gradual como de interruptor on\/off.\" \/>\n<meta property=\"og:url\" content=\"https:\/\/www.foscarini.com\/es\/producto\/twiggy-lettura-twiggy-r-es\/\" \/>\n<meta property=\"og:site_name\" content=\"Foscarini\" \/>\n<meta property=\"article:modified_time\" content=\"2025-06-11T15:52:26+00:00\" \/>\n<meta property=\"og:image\" content=\"https:\/\/www.foscarini.com\/wp-content\/uploads\/2025\/06\/twiggy-lettura_f_black_22_786x865-1.jpg\" \/>\n\t<meta property=\"og:image:width\" content=\"786\" \/>\n\t<meta property=\"og:image:height\" content=\"865\" \/>\n\t<meta property=\"og:image:type\" content=\"image\/jpeg\" \/>\n<meta name=\"twitter:card\" content=\"summary_large_image\" \/>\n<meta name=\"twitter:label1\" content=\"Tiempo de lectura\" \/>\n\t<meta name=\"twitter:data1\" content=\"1 minuto\" \/>\n<script type=\"application\/ld+json\" class=\"yoast-schema-graph\">{\"@context\":\"https:\/\/schema.org\",\"@graph\":[{\"@type\":\"WebPage\",\"@id\":\"https:\/\/www.foscarini.com\/es\/producto\/twiggy-lettura-twiggy-r-es\/\",\"url\":\"https:\/\/www.foscarini.com\/es\/producto\/twiggy-lettura-twiggy-r-es\/\",\"name\":\"Twiggy Lettura - Foscarini\",\"isPartOf\":{\"@id\":\"https:\/\/www.foscarini.com\/#website\"},\"primaryImageOfPage\":{\"@id\":\"https:\/\/www.foscarini.com\/es\/producto\/twiggy-lettura-twiggy-r-es\/#primaryimage\"},\"image\":{\"@id\":\"https:\/\/www.foscarini.com\/es\/producto\/twiggy-lettura-twiggy-r-es\/#primaryimage\"},\"thumbnailUrl\":\"https:\/\/www.foscarini.com\/wp-content\/uploads\/2025\/06\/twiggy-lettura_f_black_22_786x865-5.jpg\",\"datePublished\":\"2024-03-28T18:23:39+00:00\",\"dateModified\":\"2025-06-11T15:52:26+00:00\",\"breadcrumb\":{\"@id\":\"https:\/\/www.foscarini.com\/es\/producto\/twiggy-lettura-twiggy-r-es\/#breadcrumb\"},\"inLanguage\":\"es\",\"potentialAction\":[{\"@type\":\"ReadAction\",\"target\":[\"https:\/\/www.foscarini.com\/es\/producto\/twiggy-lettura-twiggy-r-es\/\"]}]},{\"@type\":\"ImageObject\",\"inLanguage\":\"es\",\"@id\":\"https:\/\/www.foscarini.com\/es\/producto\/twiggy-lettura-twiggy-r-es\/#primaryimage\",\"url\":\"https:\/\/www.foscarini.com\/wp-content\/uploads\/2025\/06\/twiggy-lettura_f_black_22_786x865-5.jpg\",\"contentUrl\":\"https:\/\/www.foscarini.com\/wp-content\/uploads\/2025\/06\/twiggy-lettura_f_black_22_786x865-5.jpg\",\"width\":786,\"height\":865},{\"@type\":\"BreadcrumbList\",\"@id\":\"https:\/\/www.foscarini.com\/es\/producto\/twiggy-lettura-twiggy-r-es\/#breadcrumb\",\"itemListElement\":[{\"@type\":\"ListItem\",\"position\":1,\"name\":\"Home\",\"item\":\"https:\/\/www.foscarini.com\/es\/\"},{\"@type\":\"ListItem\",\"position\":2,\"name\":\"Tienda\",\"item\":\"https:\/\/www.foscarini.com\/es\/tienda\/\"},{\"@type\":\"ListItem\",\"position\":3,\"name\":\"Twiggy Lettura\"}]},{\"@type\":\"WebSite\",\"@id\":\"https:\/\/www.foscarini.com\/#website\",\"url\":\"https:\/\/www.foscarini.com\/\",\"name\":\"Foscarini\",\"description\":\"\",\"potentialAction\":[{\"@type\":\"SearchAction\",\"target\":{\"@type\":\"EntryPoint\",\"urlTemplate\":\"https:\/\/www.foscarini.com\/?s={search_term_string}\"},\"query-input\":{\"@type\":\"PropertyValueSpecification\",\"valueRequired\":true,\"valueName\":\"search_term_string\"}}],\"inLanguage\":\"es\"}]}<\/script>\n<!-- \/ Yoast SEO Premium plugin. -->","yoast_head_json":{"title":"Twiggy Lettura - Foscarini","robots":{"index":"index","follow":"follow","max-snippet":"max-snippet:-1","max-image-preview":"max-image-preview:large","max-video-preview":"max-video-preview:-1"},"og_locale":"es_ES","og_type":"article","og_title":"Twiggy Lettura","og_description":"L\u00e1mpara de pie de luz directa e indirecta. Difusor y v\u00e1stago en material diverso sobre base de fibra de vidrio pintado con l\u00edquido. Disco difusor superior in policarbonato transl\u00facido, disco difusor inferior en polimetilmetacrilato con superficie interna poliprism\u00e1tica. Base circular en metal pintado con polvos epox\u00eddicos, el cable transparente dispone de un dimmer que hace las veces tanto de regulador de intensidad luminosa gradual como de interruptor on\/off.","og_url":"https:\/\/www.foscarini.com\/es\/producto\/twiggy-lettura-twiggy-r-es\/","og_site_name":"Foscarini","article_modified_time":"2025-06-11T15:52:26+00:00","og_image":[{"width":786,"height":865,"url":"https:\/\/www.foscarini.com\/wp-content\/uploads\/2025\/06\/twiggy-lettura_f_black_22_786x865-1.jpg","type":"image\/jpeg"}],"twitter_card":"summary_large_image","twitter_misc":{"Tiempo de lectura":"1 minuto"},"schema":{"@context":"https:\/\/schema.org","@graph":[{"@type":"WebPage","@id":"https:\/\/www.foscarini.com\/es\/producto\/twiggy-lettura-twiggy-r-es\/","url":"https:\/\/www.foscarini.com\/es\/producto\/twiggy-lettura-twiggy-r-es\/","name":"Twiggy Lettura - Foscarini","isPartOf":{"@id":"https:\/\/www.foscarini.com\/#website"},"primaryImageOfPage":{"@id":"https:\/\/www.foscarini.com\/es\/producto\/twiggy-lettura-twiggy-r-es\/#primaryimage"},"image":{"@id":"https:\/\/www.foscarini.com\/es\/producto\/twiggy-lettura-twiggy-r-es\/#primaryimage"},"thumbnailUrl":"https:\/\/www.foscarini.com\/wp-content\/uploads\/2025\/06\/twiggy-lettura_f_black_22_786x865-5.jpg","datePublished":"2024-03-28T18:23:39+00:00","dateModified":"2025-06-11T15:52:26+00:00","breadcrumb":{"@id":"https:\/\/www.foscarini.com\/es\/producto\/twiggy-lettura-twiggy-r-es\/#breadcrumb"},"inLanguage":"es","potentialAction":[{"@type":"ReadAction","target":["https:\/\/www.foscarini.com\/es\/producto\/twiggy-lettura-twiggy-r-es\/"]}]},{"@type":"ImageObject","inLanguage":"es","@id":"https:\/\/www.foscarini.com\/es\/producto\/twiggy-lettura-twiggy-r-es\/#primaryimage","url":"https:\/\/www.foscarini.com\/wp-content\/uploads\/2025\/06\/twiggy-lettura_f_black_22_786x865-5.jpg","contentUrl":"https:\/\/www.foscarini.com\/wp-content\/uploads\/2025\/06\/twiggy-lettura_f_black_22_786x865-5.jpg","width":786,"height":865},{"@type":"BreadcrumbList","@id":"https:\/\/www.foscarini.com\/es\/producto\/twiggy-lettura-twiggy-r-es\/#breadcrumb","itemListElement":[{"@type":"ListItem","position":1,"name":"Home","item":"https:\/\/www.foscarini.com\/es\/"},{"@type":"ListItem","position":2,"name":"Tienda","item":"https:\/\/www.foscarini.com\/es\/tienda\/"},{"@type":"ListItem","position":3,"name":"Twiggy Lettura"}]},{"@type":"WebSite","@id":"https:\/\/www.foscarini.com\/#website","url":"https:\/\/www.foscarini.com\/","name":"Foscarini","description":"","potentialAction":[{"@type":"SearchAction","target":{"@type":"EntryPoint","urlTemplate":"https:\/\/www.foscarini.com\/?s={search_term_string}"},"query-input":{"@type":"PropertyValueSpecification","valueRequired":true,"valueName":"search_term_string"}}],"inLanguage":"es"}]}},"_links":{"self":[{"href":"https:\/\/www.foscarini.com\/es\/wp-json\/wp\/v2\/product\/193944"}],"collection":[{"href":"https:\/\/www.foscarini.com\/es\/wp-json\/wp\/v2\/product"}],"about":[{"href":"https:\/\/www.foscarini.com\/es\/wp-json\/wp\/v2\/types\/product"}],"replies":[{"embeddable":true,"href":"https:\/\/www.foscarini.com\/es\/wp-json\/wp\/v2\/comments?post=193944"}],"wp:featuredmedia":[{"embeddable":true,"href":"https:\/\/www.foscarini.com\/es\/wp-json\/wp\/v2\/media\/470872"}],"wp:attachment":[{"href":"https:\/\/www.foscarini.com\/es\/wp-json\/wp\/v2\/media?parent=193944"}],"wp:term":[{"taxonomy":"product_cat","embeddable":true,"href":"https:\/\/www.foscarini.com\/es\/wp-json\/wp\/v2\/product_cat?post=193944"},{"taxonomy":"product_tag","embeddable":true,"href":"https:\/\/www.foscarini.com\/es\/wp-json\/wp\/v2\/product_tag?post=193944"},{"taxonomy":"materiale","embeddable":true,"href":"https:\/\/www.foscarini.com\/es\/wp-json\/wp\/v2\/materiale?post=193944"},{"taxonomy":"altezza","embeddable":true,"href":"https:\/\/www.foscarini.com\/es\/wp-json\/wp\/v2\/altezza?post=193944"},{"taxonomy":"larghezza","embeddable":true,"href":"https:\/\/www.foscarini.com\/es\/wp-json\/wp\/v2\/larghezza?post=193944"},{"taxonomy":"profondita","embeddable":true,"href":"https:\/\/www.foscarini.com\/es\/wp-json\/wp\/v2\/profondita?post=193944"},{"taxonomy":"peso","embeddable":true,"href":"https:\/\/www.foscarini.com\/es\/wp-json\/wp\/v2\/peso?post=193944"},{"taxonomy":"designer-prodotto","embeddable":true,"href":"https:\/\/www.foscarini.com\/es\/wp-json\/wp\/v2\/designer-prodotto?post=193944"}],"curies":[{"name":"wp","href":"https:\/\/api.w.org\/{rel}","templated":true}]}}