{"id":193800,"date":"2024-03-28T18:25:14","date_gmt":"2024-03-28T18:25:14","guid":{"rendered":"https:\/\/www.foscarini.com\/product\/uptown-std-f\/"},"modified":"2025-06-11T16:07:12","modified_gmt":"2025-06-11T16:07:12","slug":"uptown-std-f-es","status":"publish","type":"product","link":"https:\/\/www.foscarini.com\/es\/producto\/uptown-std-f-es\/","title":{"rendered":"Uptown"},"content":{"rendered":"<p>Iconica, colorata, di grande impatto visivo e forza decorativa, la lampada da terra Uptown \u00e8 un pezzo di architettura luminosa che si ispira ai grattacieli delle metropoli. Una presenza importante per chi vuole dichiarare la propria passione per il design, la luce e il colore.<\/p><section class=\"pdp__slider full-height-vh\">\n    <div class=\"swiper-container swiper__pdp\">\n        <div class=\"swiper-wrapper full-height\">\n                                <div class=\"swiper-slide\">\n                                                    <img decoding=\"async\" class=\"full-cover\" src=\"https:\/\/www.foscarini.com\/wp-content\/uploads\/2024\/03\/3.1_Uptown-150x150.jpg\" srcset=\"https:\/\/www.foscarini.com\/wp-content\/uploads\/2024\/03\/3.1_Uptown-300x250.jpg 300w, https:\/\/www.foscarini.com\/wp-content\/uploads\/2024\/03\/3.1_Uptown-1024x854.jpg 1024w, https:\/\/www.foscarini.com\/wp-content\/uploads\/2024\/03\/3.1_Uptown-768x641.jpg 768w, https:\/\/www.foscarini.com\/wp-content\/uploads\/2024\/03\/3.1_Uptown-1536x1282.jpg 1536w, https:\/\/www.foscarini.com\/wp-content\/uploads\/2024\/03\/3.1_Uptown-800x668.jpg 800w, https:\/\/www.foscarini.com\/wp-content\/uploads\/2024\/03\/3.1_Uptown.jpg 1776w\" alt=\"\" \/>\n                                                                        <\/div>\n                                        <div class=\"swiper-slide\">\n                                                    <img decoding=\"async\" class=\"full-cover\" src=\"https:\/\/www.foscarini.com\/wp-content\/uploads\/2024\/03\/3.2_Uptown-150x150.jpg\" srcset=\"https:\/\/www.foscarini.com\/wp-content\/uploads\/2024\/03\/3.2_Uptown-194x300.jpg 194w, https:\/\/www.foscarini.com\/wp-content\/uploads\/2024\/03\/3.2_Uptown-663x1024.jpg 663w, https:\/\/www.foscarini.com\/wp-content\/uploads\/2024\/03\/3.2_Uptown-768x1186.jpg 768w, https:\/\/www.foscarini.com\/wp-content\/uploads\/2024\/03\/3.2_Uptown-800x1235.jpg 800w, https:\/\/www.foscarini.com\/wp-content\/uploads\/2024\/03\/3.2_Uptown.jpg 960w\" alt=\"\" \/>\n                                                                        <\/div>\n                                        <div class=\"swiper-slide\">\n                                                    <img decoding=\"async\" class=\"full-cover\" src=\"https:\/\/www.foscarini.com\/wp-content\/uploads\/2024\/03\/3.3_Uptown-150x150.jpg\" srcset=\"https:\/\/www.foscarini.com\/wp-content\/uploads\/2024\/03\/3.3_Uptown-194x300.jpg 194w, https:\/\/www.foscarini.com\/wp-content\/uploads\/2024\/03\/3.3_Uptown-663x1024.jpg 663w, https:\/\/www.foscarini.com\/wp-content\/uploads\/2024\/03\/3.3_Uptown-768x1186.jpg 768w, https:\/\/www.foscarini.com\/wp-content\/uploads\/2024\/03\/3.3_Uptown-800x1235.jpg 800w, https:\/\/www.foscarini.com\/wp-content\/uploads\/2024\/03\/3.3_Uptown.jpg 960w\" alt=\"\" \/>\n                                                                        <\/div>\n                                        <div class=\"swiper-slide\">\n                                                    <img decoding=\"async\" class=\"full-cover\" src=\"https:\/\/www.foscarini.com\/wp-content\/uploads\/2024\/03\/3.4_Uptown-150x150.jpg\" srcset=\"https:\/\/www.foscarini.com\/wp-content\/uploads\/2024\/03\/3.4_Uptown-194x300.jpg 194w, https:\/\/www.foscarini.com\/wp-content\/uploads\/2024\/03\/3.4_Uptown-663x1024.jpg 663w, https:\/\/www.foscarini.com\/wp-content\/uploads\/2024\/03\/3.4_Uptown-768x1186.jpg 768w, https:\/\/www.foscarini.com\/wp-content\/uploads\/2024\/03\/3.4_Uptown-800x1235.jpg 800w, https:\/\/www.foscarini.com\/wp-content\/uploads\/2024\/03\/3.4_Uptown.jpg 960w\" alt=\"\" \/>\n                                                                        <\/div>\n                                        <div class=\"swiper-slide\">\n                                                    <img decoding=\"async\" class=\"full-cover\" src=\"https:\/\/www.foscarini.com\/wp-content\/uploads\/2024\/03\/3.5_Uptown-150x150.jpg\" srcset=\"https:\/\/www.foscarini.com\/wp-content\/uploads\/2024\/03\/3.5_Uptown-194x300.jpg 194w, https:\/\/www.foscarini.com\/wp-content\/uploads\/2024\/03\/3.5_Uptown-663x1024.jpg 663w, https:\/\/www.foscarini.com\/wp-content\/uploads\/2024\/03\/3.5_Uptown-768x1186.jpg 768w, https:\/\/www.foscarini.com\/wp-content\/uploads\/2024\/03\/3.5_Uptown-800x1235.jpg 800w, https:\/\/www.foscarini.com\/wp-content\/uploads\/2024\/03\/3.5_Uptown.jpg 960w\" alt=\"\" \/>\n                                                                        <\/div>\n                                        <div class=\"swiper-slide\">\n                                                    <img decoding=\"async\" class=\"full-cover\" src=\"https:\/\/www.foscarini.com\/wp-content\/uploads\/2024\/03\/3.6_Uptown-150x150.jpg\" srcset=\"https:\/\/www.foscarini.com\/wp-content\/uploads\/2024\/03\/3.6_Uptown-300x250.jpg 300w, https:\/\/www.foscarini.com\/wp-content\/uploads\/2024\/03\/3.6_Uptown-1024x854.jpg 1024w, https:\/\/www.foscarini.com\/wp-content\/uploads\/2024\/03\/3.6_Uptown-768x641.jpg 768w, https:\/\/www.foscarini.com\/wp-content\/uploads\/2024\/03\/3.6_Uptown-1536x1282.jpg 1536w, https:\/\/www.foscarini.com\/wp-content\/uploads\/2024\/03\/3.6_Uptown-800x668.jpg 800w, https:\/\/www.foscarini.com\/wp-content\/uploads\/2024\/03\/3.6_Uptown.jpg 1776w\" alt=\"\" \/>\n                                                                        <\/div>\n                            <\/div>\n    <\/div>\n    <div class=\"swiper-scrollbar\"><\/div>\n    <div class=\"ct-arrow\">\n        <div class=\"swiper-button-prev\"><\/div>\n        <div class=\"swiper-button-next\"><\/div>\n    <\/div>\n<\/section><section class=\"concept__project_comunication full-height-vh\">\n    <div class=\"row row-large\">\n        <div class=\"medium-12 small-12 columns full-height no-padding-right-mobile\">\n            <div class=\"ct-image-text-lateral\">\n                <div class=\"ct-arrow\">\n                    <div class=\"swiper-button-prev\" aria-label=\"previous slide\"><\/div>\n                    <div class=\"swiper-button-next\" aria-label=\"next slide\"><\/div>\n                <\/div>\n                <span class=\"section-name-lateral\">Contenidos Editoriales<\/span>\n                <!-- Swiper -->\n                <div class=\"swiper-container swiper__concept__comunication\">\n                    <div class=\"swiper-wrapper\">\n                                                            <div class=\"swiper-slide\">\n                                        <div class=\"ct-slide\">\n                                                                                                <img decoding=\"async\" class=\"full-cover\" src=\"https:\/\/www.foscarini.com\/wp-content\/uploads\/2023\/11\/Modulo1_Luccico-1-150x150.jpg\" srcset=\"https:\/\/www.foscarini.com\/wp-content\/uploads\/2023\/11\/Modulo1_Luccico-1-300x169.jpg 300w, https:\/\/www.foscarini.com\/wp-content\/uploads\/2023\/11\/Modulo1_Luccico-1-800x450.jpg 800w, https:\/\/www.foscarini.com\/wp-content\/uploads\/2023\/11\/Modulo1_Luccico-1-1024x576.jpg 1024w, https:\/\/www.foscarini.com\/wp-content\/uploads\/2023\/11\/Modulo1_Luccico-1-768x432.jpg 768w, https:\/\/www.foscarini.com\/wp-content\/uploads\/2023\/11\/Modulo1_Luccico-1.jpg 1280w\" alt=\"\" \/>\n                                                                                                <div class=\"ct-col-right\">\n                                                <div class=\"ct-link\">\n                                                    <a class=\"link-arrow\" href=\"https:\/\/www.foscarini.com\/es\/luccico-propone-una-realidad-aumentada-para-el-proyecto-whats-in-a-lamp\/\">M\u00e1s all\u00e1 de lo real<\/a>\n                                                    <div class=\"text-1\"><p>Luccico, para el proyecto \u00abWhat&#8217;s in a Lamp?\u00bb, propone una \u00abrealidad aumentada\u00bb en clave art\u00edstica.<\/p>\n<\/div>\n                                                <\/div>\n                                            <\/div>\n                                        <\/div>\n                                    <\/div>\n                                                                        <div class=\"swiper-slide\">\n                                        <div class=\"ct-slide\">\n                                                                                                <img decoding=\"async\" class=\"full-cover\" src=\"https:\/\/www.foscarini.com\/wp-content\/uploads\/2023\/12\/uptown_main_banner-150x150.jpeg\" srcset=\"https:\/\/www.foscarini.com\/wp-content\/uploads\/2023\/12\/uptown_main_banner-300x194.jpeg 300w, https:\/\/www.foscarini.com\/wp-content\/uploads\/2023\/12\/uptown_main_banner-800x518.jpeg 800w, https:\/\/www.foscarini.com\/wp-content\/uploads\/2023\/12\/uptown_main_banner-1024x663.jpeg 1024w, https:\/\/www.foscarini.com\/wp-content\/uploads\/2023\/12\/uptown_main_banner-768x498.jpeg 768w, https:\/\/www.foscarini.com\/wp-content\/uploads\/2023\/12\/uptown_main_banner-1536x995.jpeg 1536w, https:\/\/www.foscarini.com\/wp-content\/uploads\/2023\/12\/uptown_main_banner-2048x1327.jpeg 2048w\" alt=\"\" \/>\n                                                                                                <div class=\"ct-col-right\">\n                                                <div class=\"ct-link\">\n                                                    <a class=\"link-arrow\" href=\"https:\/\/www.foscarini.com\/es\/uptown-ciudad-de-la-luz\/\">Uptown: Ciudad de la Luz<\/a>\n                                                    <div class=\"text-1\"><p>Hay un nuevo rascacielos en la ciudad y est\u00e1 hecho de luz. Se trata de un proyecto fotogr\u00e1fico que celebra el skyline de Nueva York y la l\u00e1mpara Up Town de Ferruccio Laviani.<\/p>\n<\/div>\n                                                <\/div>\n                                            <\/div>\n                                        <\/div>\n                                    <\/div>\n                                                                        <div class=\"swiper-slide\">\n                                        <div class=\"ct-slide\">\n                                                                                                <img decoding=\"async\" class=\"full-cover\" src=\"https:\/\/www.foscarini.com\/wp-content\/uploads\/2023\/12\/cover-notturno-laviani-150x150.jpeg\" srcset=\"https:\/\/www.foscarini.com\/wp-content\/uploads\/2023\/12\/cover-notturno-laviani-300x167.jpeg 300w, https:\/\/www.foscarini.com\/wp-content\/uploads\/2023\/12\/cover-notturno-laviani-scaled-800x444.jpeg 800w, https:\/\/www.foscarini.com\/wp-content\/uploads\/2023\/12\/cover-notturno-laviani-1024x569.jpeg 1024w, https:\/\/www.foscarini.com\/wp-content\/uploads\/2023\/12\/cover-notturno-laviani-768x427.jpeg 768w, https:\/\/www.foscarini.com\/wp-content\/uploads\/2023\/12\/cover-notturno-laviani-1536x853.jpeg 1536w, https:\/\/www.foscarini.com\/wp-content\/uploads\/2023\/12\/cover-notturno-laviani-2048x1138.jpeg 2048w\" alt=\"\" \/>\n                                                                                                <div class=\"ct-col-right\">\n                                                <div class=\"ct-link\">\n                                                    <a class=\"link-arrow\" href=\"https:\/\/www.foscarini.com\/es\/notturno-laviani\/\">Notturno Laviani: Gianluca Vassallo interpreta a Ferruccio Laviani<\/a>\n                                                    <div class=\"text-1\"><p>Catorce fotos en los que las l\u00e1mparas-escultura que Ferruccio Laviani dise\u00f1\u00f3 para Foscarini de 1992 a 2022 habitan espacios ajenos.<\/p>\n<\/div>\n                                                <\/div>\n                                            <\/div>\n                                        <\/div>\n                                    <\/div>\n                                                                        <div class=\"swiper-slide\">\n                                        <div class=\"ct-slide\">\n                                                                                                <img decoding=\"async\" class=\"full-cover\" src=\"https:\/\/www.foscarini.com\/wp-content\/uploads\/2023\/12\/Modulo1_30Laviani-150x150.jpg\" srcset=\"https:\/\/www.foscarini.com\/wp-content\/uploads\/2023\/12\/Modulo1_30Laviani-300x194.jpg 300w, https:\/\/www.foscarini.com\/wp-content\/uploads\/2023\/12\/Modulo1_30Laviani-800x518.jpg 800w, https:\/\/www.foscarini.com\/wp-content\/uploads\/2023\/12\/Modulo1_30Laviani-1024x663.jpg 1024w, https:\/\/www.foscarini.com\/wp-content\/uploads\/2023\/12\/Modulo1_30Laviani-768x498.jpg 768w, https:\/\/www.foscarini.com\/wp-content\/uploads\/2023\/12\/Modulo1_30Laviani-1536x995.jpg 1536w, https:\/\/www.foscarini.com\/wp-content\/uploads\/2023\/12\/Modulo1_30Laviani-2048x1327.jpg 2048w\" alt=\"\" \/>\n                                                                                                <div class=\"ct-col-right\">\n                                                <div class=\"ct-link\">\n                                                    <a class=\"link-arrow\" href=\"https:\/\/www.foscarini.com\/es\/30-anos-de-libertad-creativa\/\">30 a\u00f1os de libertad creativa<\/a>\n                                                    <div class=\"text-1\"><p>Una entrevista con Ferruccio Laviani celebra los treinta a\u00f1os de colaboraci\u00f3n entre producto, dise\u00f1o de tiendas e instalaciones<\/p>\n<\/div>\n                                                <\/div>\n                                            <\/div>\n                                        <\/div>\n                                    <\/div>\n                                                        <\/div>\n                <\/div>\n            <\/div>\n        <\/div>\n    <\/div>\n<\/section><section class=\"bg__subtitle_and_link_and_text bg-full\" style=\"background-image: url(https:\/\/www.foscarini.com\/wp-content\/uploads\/2024\/03\/4.1_Uptown-3.jpg);\">\n    <div class=\"row full-height-vh\">\n        <div class=\"medium-6 medium-offset-6 small-12 columns\">\n            <span class=\"subtitle\">VISUALIZA ENCENDIDA Y APAGADA<\/span>\n        <\/div>\n        <div class=\"medium-6 medium-offset-6 small-12 columns align-self-bottom\">\n            <div class=\"ct-text\">\n                <a class=\"link-arrow title-little no-link\" href=\"\"><\/a>\n                <div class=\"text-2 js-heading\"><\/div>\n            <\/div>\n        <\/div>\n    <\/div>\n<\/section>","protected":false},"excerpt":{"rendered":"<p>L\u00e1mpara de pie de luz indirecta y semidifusa. El cuerpo de luz est\u00e1 formado por 3 paralelep\u00edpedos de vidrio pintado cortado a 45 grados, pegados y colocados sobre una base de resina poliuret\u00e1nica transparente de uso \u00f3ptico. Los tres elementos est\u00e1n bloqueados en la cumbre con tres tapones transparentes en PMMA. Base con armaz\u00f3n de metal cubierta con acero inoxidable brillante. Los COB LED se sit\u00faan en una placa de aluminio y se protegen con un marco de metal antideslumbrante. Cable negro y regulador de luz negro original Foscarini. Embalado en caja de madera OSB.<\/p>\n","protected":false},"featured_media":471084,"comment_status":"open","ping_status":"closed","template":"","meta":{"_acf_changed":true},"product_cat":[653,719,758,732,5681],"product_tag":[],"materiale":[8157],"altezza":[12044],"larghezza":[11601],"profondita":[11530],"peso":[9280],"designer-prodotto":[7158],"class_list":{"0":"post-193800","1":"product","2":"type-product","3":"status-publish","4":"has-post-thumbnail","6":"product_cat-concetto-es","7":"product_cat-funzione-es","8":"product_cat-terra-es","9":"product_cat-up-town-concetto-es","10":"product_cat-uptown-famiglia-es","11":"materiale-vetro-e-vetro-soffiato-es","12":"altezza-75-78-es","13":"larghezza-9-78-es","14":"profondita-9-78-es","15":"peso-22-2-es","16":"designer-prodotto-ferruccio-laviani-es","18":"first","19":"instock","20":"shipping-taxable","21":"purchasable","22":"product-type-variable"},"acf":{"preview_slider":{"titolo":"","testo":"","video_domanda":false,"link_video":""},"prodotto__immagine_preview":{"immagine":226870},"prodotto__slider":{"sottotitolo":"Ferruccio Laviani (2019)","titolo":"Ic\u00f3nica, coloreada, de gran impacto visual y fuerza decorativa, la l\u00e1mpara de pie Uptown es una pieza de arquitectura luminosa que se inspira en los rascacielos de las metr\u00f3polis. Una presencia importante para quien desea declarar la propia pasi\u00f3n por el dise\u00f1o, la luz y el color.","immagini":[{"immagine":309796,"immagine_mobile":""}]},"prodotto__slider_preview":null,"prodotto__specifiche":{"selezione":[{"scheda_tecnica":464532}]}},"yoast_head":"<!-- This site is optimized with the Yoast SEO Premium plugin v22.4 (Yoast SEO v23.7) - https:\/\/yoast.com\/wordpress\/plugins\/seo\/ -->\n<title>Uptown - Foscarini<\/title>\n<meta name=\"robots\" content=\"index, follow, max-snippet:-1, max-image-preview:large, max-video-preview:-1\" \/>\n<meta property=\"og:locale\" content=\"es_ES\" \/>\n<meta property=\"og:type\" content=\"article\" \/>\n<meta property=\"og:title\" content=\"Uptown\" \/>\n<meta property=\"og:description\" content=\"L\u00e1mpara de pie de luz indirecta y semidifusa. El cuerpo de luz est\u00e1 formado por 3 paralelep\u00edpedos de vidrio pintado cortado a 45 grados, pegados y colocados sobre una base de resina poliuret\u00e1nica transparente de uso \u00f3ptico. Los tres elementos est\u00e1n bloqueados en la cumbre con tres tapones transparentes en PMMA. Base con armaz\u00f3n de metal cubierta con acero inoxidable brillante. Los COB LED se sit\u00faan en una placa de aluminio y se protegen con un marco de metal antideslumbrante. Cable negro y regulador de luz negro original Foscarini. Embalado en caja de madera OSB.\" \/>\n<meta property=\"og:url\" content=\"https:\/\/www.foscarini.com\/es\/producto\/uptown-std-f-es\/\" \/>\n<meta property=\"og:site_name\" content=\"Foscarini\" \/>\n<meta property=\"article:modified_time\" content=\"2025-06-11T16:07:12+00:00\" \/>\n<meta property=\"og:image\" content=\"https:\/\/www.foscarini.com\/wp-content\/uploads\/2025\/06\/uptown_f_multicolor_22_786x865-1.jpg\" \/>\n\t<meta property=\"og:image:width\" content=\"786\" \/>\n\t<meta property=\"og:image:height\" content=\"865\" \/>\n\t<meta property=\"og:image:type\" content=\"image\/jpeg\" \/>\n<meta name=\"twitter:card\" content=\"summary_large_image\" \/>\n<meta name=\"twitter:label1\" content=\"Tiempo de lectura\" \/>\n\t<meta name=\"twitter:data1\" content=\"1 minuto\" \/>\n<script type=\"application\/ld+json\" class=\"yoast-schema-graph\">{\"@context\":\"https:\/\/schema.org\",\"@graph\":[{\"@type\":\"WebPage\",\"@id\":\"https:\/\/www.foscarini.com\/es\/producto\/uptown-std-f-es\/\",\"url\":\"https:\/\/www.foscarini.com\/es\/producto\/uptown-std-f-es\/\",\"name\":\"Uptown - Foscarini\",\"isPartOf\":{\"@id\":\"https:\/\/www.foscarini.com\/#website\"},\"primaryImageOfPage\":{\"@id\":\"https:\/\/www.foscarini.com\/es\/producto\/uptown-std-f-es\/#primaryimage\"},\"image\":{\"@id\":\"https:\/\/www.foscarini.com\/es\/producto\/uptown-std-f-es\/#primaryimage\"},\"thumbnailUrl\":\"https:\/\/www.foscarini.com\/wp-content\/uploads\/2025\/06\/uptown_f_multicolor_22_786x865-3.jpg\",\"datePublished\":\"2024-03-28T18:25:14+00:00\",\"dateModified\":\"2025-06-11T16:07:12+00:00\",\"breadcrumb\":{\"@id\":\"https:\/\/www.foscarini.com\/es\/producto\/uptown-std-f-es\/#breadcrumb\"},\"inLanguage\":\"es\",\"potentialAction\":[{\"@type\":\"ReadAction\",\"target\":[\"https:\/\/www.foscarini.com\/es\/producto\/uptown-std-f-es\/\"]}]},{\"@type\":\"ImageObject\",\"inLanguage\":\"es\",\"@id\":\"https:\/\/www.foscarini.com\/es\/producto\/uptown-std-f-es\/#primaryimage\",\"url\":\"https:\/\/www.foscarini.com\/wp-content\/uploads\/2025\/06\/uptown_f_multicolor_22_786x865-3.jpg\",\"contentUrl\":\"https:\/\/www.foscarini.com\/wp-content\/uploads\/2025\/06\/uptown_f_multicolor_22_786x865-3.jpg\",\"width\":786,\"height\":865},{\"@type\":\"BreadcrumbList\",\"@id\":\"https:\/\/www.foscarini.com\/es\/producto\/uptown-std-f-es\/#breadcrumb\",\"itemListElement\":[{\"@type\":\"ListItem\",\"position\":1,\"name\":\"Home\",\"item\":\"https:\/\/www.foscarini.com\/es\/\"},{\"@type\":\"ListItem\",\"position\":2,\"name\":\"Tienda\",\"item\":\"https:\/\/www.foscarini.com\/es\/tienda\/\"},{\"@type\":\"ListItem\",\"position\":3,\"name\":\"Uptown\"}]},{\"@type\":\"WebSite\",\"@id\":\"https:\/\/www.foscarini.com\/#website\",\"url\":\"https:\/\/www.foscarini.com\/\",\"name\":\"Foscarini\",\"description\":\"\",\"potentialAction\":[{\"@type\":\"SearchAction\",\"target\":{\"@type\":\"EntryPoint\",\"urlTemplate\":\"https:\/\/www.foscarini.com\/?s={search_term_string}\"},\"query-input\":{\"@type\":\"PropertyValueSpecification\",\"valueRequired\":true,\"valueName\":\"search_term_string\"}}],\"inLanguage\":\"es\"}]}<\/script>\n<!-- \/ Yoast SEO Premium plugin. -->","yoast_head_json":{"title":"Uptown - Foscarini","robots":{"index":"index","follow":"follow","max-snippet":"max-snippet:-1","max-image-preview":"max-image-preview:large","max-video-preview":"max-video-preview:-1"},"og_locale":"es_ES","og_type":"article","og_title":"Uptown","og_description":"L\u00e1mpara de pie de luz indirecta y semidifusa. El cuerpo de luz est\u00e1 formado por 3 paralelep\u00edpedos de vidrio pintado cortado a 45 grados, pegados y colocados sobre una base de resina poliuret\u00e1nica transparente de uso \u00f3ptico. Los tres elementos est\u00e1n bloqueados en la cumbre con tres tapones transparentes en PMMA. Base con armaz\u00f3n de metal cubierta con acero inoxidable brillante. Los COB LED se sit\u00faan en una placa de aluminio y se protegen con un marco de metal antideslumbrante. Cable negro y regulador de luz negro original Foscarini. Embalado en caja de madera OSB.","og_url":"https:\/\/www.foscarini.com\/es\/producto\/uptown-std-f-es\/","og_site_name":"Foscarini","article_modified_time":"2025-06-11T16:07:12+00:00","og_image":[{"width":786,"height":865,"url":"https:\/\/www.foscarini.com\/wp-content\/uploads\/2025\/06\/uptown_f_multicolor_22_786x865-1.jpg","type":"image\/jpeg"}],"twitter_card":"summary_large_image","twitter_misc":{"Tiempo de lectura":"1 minuto"},"schema":{"@context":"https:\/\/schema.org","@graph":[{"@type":"WebPage","@id":"https:\/\/www.foscarini.com\/es\/producto\/uptown-std-f-es\/","url":"https:\/\/www.foscarini.com\/es\/producto\/uptown-std-f-es\/","name":"Uptown - Foscarini","isPartOf":{"@id":"https:\/\/www.foscarini.com\/#website"},"primaryImageOfPage":{"@id":"https:\/\/www.foscarini.com\/es\/producto\/uptown-std-f-es\/#primaryimage"},"image":{"@id":"https:\/\/www.foscarini.com\/es\/producto\/uptown-std-f-es\/#primaryimage"},"thumbnailUrl":"https:\/\/www.foscarini.com\/wp-content\/uploads\/2025\/06\/uptown_f_multicolor_22_786x865-3.jpg","datePublished":"2024-03-28T18:25:14+00:00","dateModified":"2025-06-11T16:07:12+00:00","breadcrumb":{"@id":"https:\/\/www.foscarini.com\/es\/producto\/uptown-std-f-es\/#breadcrumb"},"inLanguage":"es","potentialAction":[{"@type":"ReadAction","target":["https:\/\/www.foscarini.com\/es\/producto\/uptown-std-f-es\/"]}]},{"@type":"ImageObject","inLanguage":"es","@id":"https:\/\/www.foscarini.com\/es\/producto\/uptown-std-f-es\/#primaryimage","url":"https:\/\/www.foscarini.com\/wp-content\/uploads\/2025\/06\/uptown_f_multicolor_22_786x865-3.jpg","contentUrl":"https:\/\/www.foscarini.com\/wp-content\/uploads\/2025\/06\/uptown_f_multicolor_22_786x865-3.jpg","width":786,"height":865},{"@type":"BreadcrumbList","@id":"https:\/\/www.foscarini.com\/es\/producto\/uptown-std-f-es\/#breadcrumb","itemListElement":[{"@type":"ListItem","position":1,"name":"Home","item":"https:\/\/www.foscarini.com\/es\/"},{"@type":"ListItem","position":2,"name":"Tienda","item":"https:\/\/www.foscarini.com\/es\/tienda\/"},{"@type":"ListItem","position":3,"name":"Uptown"}]},{"@type":"WebSite","@id":"https:\/\/www.foscarini.com\/#website","url":"https:\/\/www.foscarini.com\/","name":"Foscarini","description":"","potentialAction":[{"@type":"SearchAction","target":{"@type":"EntryPoint","urlTemplate":"https:\/\/www.foscarini.com\/?s={search_term_string}"},"query-input":{"@type":"PropertyValueSpecification","valueRequired":true,"valueName":"search_term_string"}}],"inLanguage":"es"}]}},"_links":{"self":[{"href":"https:\/\/www.foscarini.com\/es\/wp-json\/wp\/v2\/product\/193800"}],"collection":[{"href":"https:\/\/www.foscarini.com\/es\/wp-json\/wp\/v2\/product"}],"about":[{"href":"https:\/\/www.foscarini.com\/es\/wp-json\/wp\/v2\/types\/product"}],"replies":[{"embeddable":true,"href":"https:\/\/www.foscarini.com\/es\/wp-json\/wp\/v2\/comments?post=193800"}],"wp:featuredmedia":[{"embeddable":true,"href":"https:\/\/www.foscarini.com\/es\/wp-json\/wp\/v2\/media\/471084"}],"wp:attachment":[{"href":"https:\/\/www.foscarini.com\/es\/wp-json\/wp\/v2\/media?parent=193800"}],"wp:term":[{"taxonomy":"product_cat","embeddable":true,"href":"https:\/\/www.foscarini.com\/es\/wp-json\/wp\/v2\/product_cat?post=193800"},{"taxonomy":"product_tag","embeddable":true,"href":"https:\/\/www.foscarini.com\/es\/wp-json\/wp\/v2\/product_tag?post=193800"},{"taxonomy":"materiale","embeddable":true,"href":"https:\/\/www.foscarini.com\/es\/wp-json\/wp\/v2\/materiale?post=193800"},{"taxonomy":"altezza","embeddable":true,"href":"https:\/\/www.foscarini.com\/es\/wp-json\/wp\/v2\/altezza?post=193800"},{"taxonomy":"larghezza","embeddable":true,"href":"https:\/\/www.foscarini.com\/es\/wp-json\/wp\/v2\/larghezza?post=193800"},{"taxonomy":"profondita","embeddable":true,"href":"https:\/\/www.foscarini.com\/es\/wp-json\/wp\/v2\/profondita?post=193800"},{"taxonomy":"peso","embeddable":true,"href":"https:\/\/www.foscarini.com\/es\/wp-json\/wp\/v2\/peso?post=193800"},{"taxonomy":"designer-prodotto","embeddable":true,"href":"https:\/\/www.foscarini.com\/es\/wp-json\/wp\/v2\/designer-prodotto?post=193800"}],"curies":[{"name":"wp","href":"https:\/\/api.w.org\/{rel}","templated":true}]}}