{"id":193377,"date":"2024-03-28T17:55:32","date_gmt":"2024-03-28T17:55:32","guid":{"rendered":"https:\/\/www.foscarini.com\/product\/chouchin-3-reverse-chouchin-reverse-c\/"},"modified":"2025-06-11T11:53:59","modified_gmt":"2025-06-11T11:53:59","slug":"chouchin-3-reverse-chouchin-reverse-c-es","status":"publish","type":"product","link":"https:\/\/www.foscarini.com\/es\/producto\/chouchin-3-reverse-chouchin-reverse-c-es\/","title":{"rendered":"Chouchin 3 Reverse"},"content":{"rendered":"<p>Rilettura in chiave contemporanea delle tradizionali lanterne giapponesi, la lampada da sofftto Chouchin Reverse coniuga estetica e praticit\u00e0 diffondendo una calda luce nell\u2019ambiente e diretta verso il basso. L&#8217;anello inferiore colorato completa il diffusore in vetro soffiato di forma allungata in modo originale.<\/p>","protected":false},"excerpt":{"rendered":"<p>L\u00e1mpara de techo de luz difusa. El difusor de vidrio encamisado soplado a boca con acabado brillante se abre hacia abajo y garantiza tambi\u00e9n una iluminaci\u00f3n directa hacia la parte inferior que se a\u00f1ade a la luz suave que brilla a trav\u00e9s del cristal. La familia de l\u00e1mparas Chouchin es una reinterpretaci\u00f3n en clave de dise\u00f1o de las linternas tradicionales japonesas de las que toman su nombre, modelos que a\u00f1aden el encanto del vidrio soplado a una forma muy personal. El anillo inferior coloreado completa el difusor de forma original. El soporte de techo con abrazadera reducida de metal pintado y ABS se deja entrever de forma discreta, convirtiendo el cristal en el protagonista absoluto del espacio.<\/p>\n","protected":false},"featured_media":445831,"comment_status":"open","ping_status":"closed","template":"","meta":{"_acf_changed":true},"product_cat":[1016,5387,653,719,738],"product_tag":[],"materiale":[8157],"altezza":[10039],"larghezza":[9776],"profondita":[9679],"peso":[9544],"designer-prodotto":[7814],"class_list":{"0":"post-193377","1":"product","2":"type-product","3":"status-publish","4":"has-post-thumbnail","6":"product_cat-chouchin-concetto-es","7":"product_cat-chouchin-reverse-famiglia-es","8":"product_cat-concetto-es","9":"product_cat-funzione-es","10":"product_cat-soffitto-es","11":"materiale-vetro-e-vetro-soffiato-es","12":"altezza-25-es","13":"larghezza-30-es","14":"profondita-30-es","15":"peso-34-es","16":"designer-prodotto-ionna-vautrin-es","18":"first","19":"outofstock","20":"shipping-taxable","21":"product-type-variable"},"acf":{"preview_slider":{"titolo":"","testo":"","video_domanda":false,"link_video":""},"prodotto__immagine_preview":{"immagine":222867},"prodotto__slider":{"sottotitolo":"Ionna Vautrin (2021)","titolo":"Reinterpretaci\u00f3n en clave contempor\u00e1nea de las tradicionales linternas japonesas, la versi\u00f3n Chouchin Reverse 3 es la m\u00e1s compacta de la familia y, propuesta tambi\u00e9n en versi\u00f3n de techo, combina est\u00e9tica y practicidad.","immagini":[{"immagine":415561,"immagine_mobile":""}]},"prodotto__slider_preview":null,"prodotto__specifiche":{"selezione":[{"scheda_tecnica":461974}]}},"yoast_head":"<!-- This site is optimized with the Yoast SEO Premium plugin v22.4 (Yoast SEO v23.7) - https:\/\/yoast.com\/wordpress\/plugins\/seo\/ -->\n<title>Chouchin 3 Reverse - Foscarini<\/title>\n<meta name=\"robots\" content=\"index, follow, max-snippet:-1, max-image-preview:large, max-video-preview:-1\" \/>\n<meta property=\"og:locale\" content=\"es_ES\" \/>\n<meta property=\"og:type\" content=\"article\" \/>\n<meta property=\"og:title\" content=\"Chouchin 3 Reverse\" \/>\n<meta property=\"og:description\" content=\"L\u00e1mpara de techo de luz difusa. El difusor de vidrio encamisado soplado a boca con acabado brillante se abre hacia abajo y garantiza tambi\u00e9n una iluminaci\u00f3n directa hacia la parte inferior que se a\u00f1ade a la luz suave que brilla a trav\u00e9s del cristal. La familia de l\u00e1mparas Chouchin es una reinterpretaci\u00f3n en clave de dise\u00f1o de las linternas tradicionales japonesas de las que toman su nombre, modelos que a\u00f1aden el encanto del vidrio soplado a una forma muy personal. El anillo inferior coloreado completa el difusor de forma original. El soporte de techo con abrazadera reducida de metal pintado y ABS se deja entrever de forma discreta, convirtiendo el cristal en el protagonista absoluto del espacio.\" \/>\n<meta property=\"og:url\" content=\"https:\/\/www.foscarini.com\/es\/producto\/chouchin-3-reverse-chouchin-reverse-c-es\/\" \/>\n<meta property=\"og:site_name\" content=\"Foscarini\" \/>\n<meta property=\"article:modified_time\" content=\"2025-06-11T11:53:59+00:00\" \/>\n<meta property=\"og:image\" content=\"https:\/\/www.foscarini.com\/wp-content\/uploads\/2025\/06\/chouchin-3-reverse_w_white-grey_22_786x865-1.jpg\" \/>\n\t<meta property=\"og:image:width\" content=\"786\" \/>\n\t<meta property=\"og:image:height\" content=\"865\" \/>\n\t<meta property=\"og:image:type\" content=\"image\/jpeg\" \/>\n<meta name=\"twitter:card\" content=\"summary_large_image\" \/>\n<meta name=\"twitter:label1\" content=\"Tiempo de lectura\" \/>\n\t<meta name=\"twitter:data1\" content=\"1 minuto\" \/>\n<script type=\"application\/ld+json\" class=\"yoast-schema-graph\">{\"@context\":\"https:\/\/schema.org\",\"@graph\":[{\"@type\":\"WebPage\",\"@id\":\"https:\/\/www.foscarini.com\/es\/producto\/chouchin-3-reverse-chouchin-reverse-c-es\/\",\"url\":\"https:\/\/www.foscarini.com\/es\/producto\/chouchin-3-reverse-chouchin-reverse-c-es\/\",\"name\":\"Chouchin 3 Reverse - Foscarini\",\"isPartOf\":{\"@id\":\"https:\/\/www.foscarini.com\/#website\"},\"primaryImageOfPage\":{\"@id\":\"https:\/\/www.foscarini.com\/es\/producto\/chouchin-3-reverse-chouchin-reverse-c-es\/#primaryimage\"},\"image\":{\"@id\":\"https:\/\/www.foscarini.com\/es\/producto\/chouchin-3-reverse-chouchin-reverse-c-es\/#primaryimage\"},\"thumbnailUrl\":\"https:\/\/www.foscarini.com\/wp-content\/uploads\/2025\/06\/chouchin-3-reverse_w_white-grey_22_786x865-1.jpg\",\"datePublished\":\"2024-03-28T17:55:32+00:00\",\"dateModified\":\"2025-06-11T11:53:59+00:00\",\"breadcrumb\":{\"@id\":\"https:\/\/www.foscarini.com\/es\/producto\/chouchin-3-reverse-chouchin-reverse-c-es\/#breadcrumb\"},\"inLanguage\":\"es\",\"potentialAction\":[{\"@type\":\"ReadAction\",\"target\":[\"https:\/\/www.foscarini.com\/es\/producto\/chouchin-3-reverse-chouchin-reverse-c-es\/\"]}]},{\"@type\":\"ImageObject\",\"inLanguage\":\"es\",\"@id\":\"https:\/\/www.foscarini.com\/es\/producto\/chouchin-3-reverse-chouchin-reverse-c-es\/#primaryimage\",\"url\":\"https:\/\/www.foscarini.com\/wp-content\/uploads\/2025\/06\/chouchin-3-reverse_w_white-grey_22_786x865-1.jpg\",\"contentUrl\":\"https:\/\/www.foscarini.com\/wp-content\/uploads\/2025\/06\/chouchin-3-reverse_w_white-grey_22_786x865-1.jpg\",\"width\":786,\"height\":865},{\"@type\":\"BreadcrumbList\",\"@id\":\"https:\/\/www.foscarini.com\/es\/producto\/chouchin-3-reverse-chouchin-reverse-c-es\/#breadcrumb\",\"itemListElement\":[{\"@type\":\"ListItem\",\"position\":1,\"name\":\"Home\",\"item\":\"https:\/\/www.foscarini.com\/es\/\"},{\"@type\":\"ListItem\",\"position\":2,\"name\":\"Tienda\",\"item\":\"https:\/\/www.foscarini.com\/es\/tienda\/\"},{\"@type\":\"ListItem\",\"position\":3,\"name\":\"Chouchin 3 Reverse\"}]},{\"@type\":\"WebSite\",\"@id\":\"https:\/\/www.foscarini.com\/#website\",\"url\":\"https:\/\/www.foscarini.com\/\",\"name\":\"Foscarini\",\"description\":\"\",\"potentialAction\":[{\"@type\":\"SearchAction\",\"target\":{\"@type\":\"EntryPoint\",\"urlTemplate\":\"https:\/\/www.foscarini.com\/?s={search_term_string}\"},\"query-input\":{\"@type\":\"PropertyValueSpecification\",\"valueRequired\":true,\"valueName\":\"search_term_string\"}}],\"inLanguage\":\"es\"}]}<\/script>\n<!-- \/ Yoast SEO Premium plugin. -->","yoast_head_json":{"title":"Chouchin 3 Reverse - Foscarini","robots":{"index":"index","follow":"follow","max-snippet":"max-snippet:-1","max-image-preview":"max-image-preview:large","max-video-preview":"max-video-preview:-1"},"og_locale":"es_ES","og_type":"article","og_title":"Chouchin 3 Reverse","og_description":"L\u00e1mpara de techo de luz difusa. El difusor de vidrio encamisado soplado a boca con acabado brillante se abre hacia abajo y garantiza tambi\u00e9n una iluminaci\u00f3n directa hacia la parte inferior que se a\u00f1ade a la luz suave que brilla a trav\u00e9s del cristal. La familia de l\u00e1mparas Chouchin es una reinterpretaci\u00f3n en clave de dise\u00f1o de las linternas tradicionales japonesas de las que toman su nombre, modelos que a\u00f1aden el encanto del vidrio soplado a una forma muy personal. El anillo inferior coloreado completa el difusor de forma original. El soporte de techo con abrazadera reducida de metal pintado y ABS se deja entrever de forma discreta, convirtiendo el cristal en el protagonista absoluto del espacio.","og_url":"https:\/\/www.foscarini.com\/es\/producto\/chouchin-3-reverse-chouchin-reverse-c-es\/","og_site_name":"Foscarini","article_modified_time":"2025-06-11T11:53:59+00:00","og_image":[{"width":786,"height":865,"url":"https:\/\/www.foscarini.com\/wp-content\/uploads\/2025\/06\/chouchin-3-reverse_w_white-grey_22_786x865-1.jpg","type":"image\/jpeg"}],"twitter_card":"summary_large_image","twitter_misc":{"Tiempo de lectura":"1 minuto"},"schema":{"@context":"https:\/\/schema.org","@graph":[{"@type":"WebPage","@id":"https:\/\/www.foscarini.com\/es\/producto\/chouchin-3-reverse-chouchin-reverse-c-es\/","url":"https:\/\/www.foscarini.com\/es\/producto\/chouchin-3-reverse-chouchin-reverse-c-es\/","name":"Chouchin 3 Reverse - Foscarini","isPartOf":{"@id":"https:\/\/www.foscarini.com\/#website"},"primaryImageOfPage":{"@id":"https:\/\/www.foscarini.com\/es\/producto\/chouchin-3-reverse-chouchin-reverse-c-es\/#primaryimage"},"image":{"@id":"https:\/\/www.foscarini.com\/es\/producto\/chouchin-3-reverse-chouchin-reverse-c-es\/#primaryimage"},"thumbnailUrl":"https:\/\/www.foscarini.com\/wp-content\/uploads\/2025\/06\/chouchin-3-reverse_w_white-grey_22_786x865-1.jpg","datePublished":"2024-03-28T17:55:32+00:00","dateModified":"2025-06-11T11:53:59+00:00","breadcrumb":{"@id":"https:\/\/www.foscarini.com\/es\/producto\/chouchin-3-reverse-chouchin-reverse-c-es\/#breadcrumb"},"inLanguage":"es","potentialAction":[{"@type":"ReadAction","target":["https:\/\/www.foscarini.com\/es\/producto\/chouchin-3-reverse-chouchin-reverse-c-es\/"]}]},{"@type":"ImageObject","inLanguage":"es","@id":"https:\/\/www.foscarini.com\/es\/producto\/chouchin-3-reverse-chouchin-reverse-c-es\/#primaryimage","url":"https:\/\/www.foscarini.com\/wp-content\/uploads\/2025\/06\/chouchin-3-reverse_w_white-grey_22_786x865-1.jpg","contentUrl":"https:\/\/www.foscarini.com\/wp-content\/uploads\/2025\/06\/chouchin-3-reverse_w_white-grey_22_786x865-1.jpg","width":786,"height":865},{"@type":"BreadcrumbList","@id":"https:\/\/www.foscarini.com\/es\/producto\/chouchin-3-reverse-chouchin-reverse-c-es\/#breadcrumb","itemListElement":[{"@type":"ListItem","position":1,"name":"Home","item":"https:\/\/www.foscarini.com\/es\/"},{"@type":"ListItem","position":2,"name":"Tienda","item":"https:\/\/www.foscarini.com\/es\/tienda\/"},{"@type":"ListItem","position":3,"name":"Chouchin 3 Reverse"}]},{"@type":"WebSite","@id":"https:\/\/www.foscarini.com\/#website","url":"https:\/\/www.foscarini.com\/","name":"Foscarini","description":"","potentialAction":[{"@type":"SearchAction","target":{"@type":"EntryPoint","urlTemplate":"https:\/\/www.foscarini.com\/?s={search_term_string}"},"query-input":{"@type":"PropertyValueSpecification","valueRequired":true,"valueName":"search_term_string"}}],"inLanguage":"es"}]}},"_links":{"self":[{"href":"https:\/\/www.foscarini.com\/es\/wp-json\/wp\/v2\/product\/193377"}],"collection":[{"href":"https:\/\/www.foscarini.com\/es\/wp-json\/wp\/v2\/product"}],"about":[{"href":"https:\/\/www.foscarini.com\/es\/wp-json\/wp\/v2\/types\/product"}],"replies":[{"embeddable":true,"href":"https:\/\/www.foscarini.com\/es\/wp-json\/wp\/v2\/comments?post=193377"}],"wp:featuredmedia":[{"embeddable":true,"href":"https:\/\/www.foscarini.com\/es\/wp-json\/wp\/v2\/media\/445831"}],"wp:attachment":[{"href":"https:\/\/www.foscarini.com\/es\/wp-json\/wp\/v2\/media?parent=193377"}],"wp:term":[{"taxonomy":"product_cat","embeddable":true,"href":"https:\/\/www.foscarini.com\/es\/wp-json\/wp\/v2\/product_cat?post=193377"},{"taxonomy":"product_tag","embeddable":true,"href":"https:\/\/www.foscarini.com\/es\/wp-json\/wp\/v2\/product_tag?post=193377"},{"taxonomy":"materiale","embeddable":true,"href":"https:\/\/www.foscarini.com\/es\/wp-json\/wp\/v2\/materiale?post=193377"},{"taxonomy":"altezza","embeddable":true,"href":"https:\/\/www.foscarini.com\/es\/wp-json\/wp\/v2\/altezza?post=193377"},{"taxonomy":"larghezza","embeddable":true,"href":"https:\/\/www.foscarini.com\/es\/wp-json\/wp\/v2\/larghezza?post=193377"},{"taxonomy":"profondita","embeddable":true,"href":"https:\/\/www.foscarini.com\/es\/wp-json\/wp\/v2\/profondita?post=193377"},{"taxonomy":"peso","embeddable":true,"href":"https:\/\/www.foscarini.com\/es\/wp-json\/wp\/v2\/peso?post=193377"},{"taxonomy":"designer-prodotto","embeddable":true,"href":"https:\/\/www.foscarini.com\/es\/wp-json\/wp\/v2\/designer-prodotto?post=193377"}],"curies":[{"name":"wp","href":"https:\/\/api.w.org\/{rel}","templated":true}]}}