{"id":192828,"date":"2024-03-28T18:22:59","date_gmt":"2024-03-28T18:22:59","guid":{"rendered":"https:\/\/www.foscarini.com\/product\/twiggy-grid-outdoor-std-os\/"},"modified":"2025-06-11T16:04:55","modified_gmt":"2025-06-11T16:04:55","slug":"twiggy-grid-outdoor-std-os-es","status":"publish","type":"product","link":"https:\/\/www.foscarini.com\/es\/producto\/twiggy-grid-outdoor-std-os-es\/","title":{"rendered":"Twiggy Grid Outdoor Sospensione"},"content":{"rendered":"<section class=\"pdp__slider full-height-vh\">\n    <div class=\"swiper-container swiper__pdp\">\n        <div class=\"swiper-wrapper full-height\">\n                                <div class=\"swiper-slide\">\n                                                    <img decoding=\"async\" class=\"full-cover\" src=\"https:\/\/www.foscarini.com\/wp-content\/uploads\/2024\/03\/3.1_TwiggyGrid-3-150x150.jpg\" srcset=\"https:\/\/www.foscarini.com\/wp-content\/uploads\/2024\/03\/3.1_TwiggyGrid-3-214x300.jpg 214w, https:\/\/www.foscarini.com\/wp-content\/uploads\/2024\/03\/3.1_TwiggyGrid-3-732x1024.jpg 732w, https:\/\/www.foscarini.com\/wp-content\/uploads\/2024\/03\/3.1_TwiggyGrid-3-768x1075.jpg 768w, https:\/\/www.foscarini.com\/wp-content\/uploads\/2024\/03\/3.1_TwiggyGrid-3-800x1120.jpg 800w, https:\/\/www.foscarini.com\/wp-content\/uploads\/2024\/03\/3.1_TwiggyGrid-3.jpg 1059w\" alt=\"\" \/>\n                                                                        <\/div>\n                                        <div class=\"swiper-slide\">\n                                                    <img decoding=\"async\" class=\"full-cover\" src=\"https:\/\/www.foscarini.com\/wp-content\/uploads\/2024\/03\/3.2_TwiggyGrid-3-150x150.jpg\" srcset=\"https:\/\/www.foscarini.com\/wp-content\/uploads\/2024\/03\/3.2_TwiggyGrid-3-300x203.jpg 300w, https:\/\/www.foscarini.com\/wp-content\/uploads\/2024\/03\/3.2_TwiggyGrid-3-1024x694.jpg 1024w, https:\/\/www.foscarini.com\/wp-content\/uploads\/2024\/03\/3.2_TwiggyGrid-3-768x521.jpg 768w, https:\/\/www.foscarini.com\/wp-content\/uploads\/2024\/03\/3.2_TwiggyGrid-3-1536x1041.jpg 1536w, https:\/\/www.foscarini.com\/wp-content\/uploads\/2024\/03\/3.2_TwiggyGrid-3-2048x1388.jpg 2048w, https:\/\/www.foscarini.com\/wp-content\/uploads\/2024\/03\/3.2_TwiggyGrid-3-800x542.jpg 800w\" alt=\"\" \/>\n                                                                        <\/div>\n                                        <div class=\"swiper-slide\">\n                                                    <img decoding=\"async\" class=\"full-cover\" src=\"https:\/\/www.foscarini.com\/wp-content\/uploads\/2024\/03\/3.3_TwiggyGrid-3-150x150.jpg\" srcset=\"https:\/\/www.foscarini.com\/wp-content\/uploads\/2024\/03\/3.3_TwiggyGrid-3-300x203.jpg 300w, https:\/\/www.foscarini.com\/wp-content\/uploads\/2024\/03\/3.3_TwiggyGrid-3-1024x694.jpg 1024w, https:\/\/www.foscarini.com\/wp-content\/uploads\/2024\/03\/3.3_TwiggyGrid-3-768x521.jpg 768w, https:\/\/www.foscarini.com\/wp-content\/uploads\/2024\/03\/3.3_TwiggyGrid-3-1536x1041.jpg 1536w, https:\/\/www.foscarini.com\/wp-content\/uploads\/2024\/03\/3.3_TwiggyGrid-3-2048x1388.jpg 2048w, https:\/\/www.foscarini.com\/wp-content\/uploads\/2024\/03\/3.3_TwiggyGrid-3-800x542.jpg 800w\" alt=\"\" \/>\n                                                                        <\/div>\n                                        <div class=\"swiper-slide\">\n                                                    <img decoding=\"async\" class=\"full-cover\" src=\"https:\/\/www.foscarini.com\/wp-content\/uploads\/2024\/03\/3.4_TwiggyGrid-3-150x150.jpg\" srcset=\"https:\/\/www.foscarini.com\/wp-content\/uploads\/2024\/03\/3.4_TwiggyGrid-3-214x300.jpg 214w, https:\/\/www.foscarini.com\/wp-content\/uploads\/2024\/03\/3.4_TwiggyGrid-3-732x1024.jpg 732w, https:\/\/www.foscarini.com\/wp-content\/uploads\/2024\/03\/3.4_TwiggyGrid-3-768x1075.jpg 768w, https:\/\/www.foscarini.com\/wp-content\/uploads\/2024\/03\/3.4_TwiggyGrid-3-800x1120.jpg 800w, https:\/\/www.foscarini.com\/wp-content\/uploads\/2024\/03\/3.4_TwiggyGrid-3.jpg 1059w\" alt=\"\" \/>\n                                                                        <\/div>\n                                        <div class=\"swiper-slide\">\n                                                    <img decoding=\"async\" class=\"full-cover\" src=\"https:\/\/www.foscarini.com\/wp-content\/uploads\/2024\/03\/3.5_TwiggyGrid-1-150x150.jpg\" srcset=\"https:\/\/www.foscarini.com\/wp-content\/uploads\/2024\/03\/3.5_TwiggyGrid-1-300x203.jpg 300w, https:\/\/www.foscarini.com\/wp-content\/uploads\/2024\/03\/3.5_TwiggyGrid-1-1024x694.jpg 1024w, https:\/\/www.foscarini.com\/wp-content\/uploads\/2024\/03\/3.5_TwiggyGrid-1-768x521.jpg 768w, https:\/\/www.foscarini.com\/wp-content\/uploads\/2024\/03\/3.5_TwiggyGrid-1-1536x1041.jpg 1536w, https:\/\/www.foscarini.com\/wp-content\/uploads\/2024\/03\/3.5_TwiggyGrid-1-2048x1388.jpg 2048w, https:\/\/www.foscarini.com\/wp-content\/uploads\/2024\/03\/3.5_TwiggyGrid-1-800x542.jpg 800w\" alt=\"\" \/>\n                                                                        <\/div>\n                            <\/div>\n    <\/div>\n    <div class=\"swiper-scrollbar\"><\/div>\n    <div class=\"ct-arrow\">\n        <div class=\"swiper-button-prev\"><\/div>\n        <div class=\"swiper-button-next\"><\/div>\n    <\/div>\n<\/section><div class=\"wp-block-columns two_image_join two_image_join_affiancate on_off_block is-layout-flex wp-container-core-columns-is-layout-1 wp-block-columns-is-layout-flex\"><div class=\"wp-block-column is-layout-flow wp-block-column-is-layout-flow\"><div class=\"wp-block-getwid-image-hotspot\" data-appearance-animation=\"none\" data-image-points=\"[{&quot;link&quot;:&quot;&quot;,&quot;icon&quot;:&quot;&quot;,&quot;title&quot;:&quot;acceso&quot;,&quot;color&quot;:&quot;&quot;,&quot;content&quot;:&quot;&quot;,&quot;backgroundColor&quot;:&quot;&quot;,&quot;newTab&quot;:false,&quot;popUpOpen&quot;:false,&quot;popUpWidth&quot;:350,&quot;placement&quot;:&quot;top&quot;,&quot;position&quot;:{&quot;x&quot;:&quot;70.65%&quot;,&quot;y&quot;:&quot;34.48%&quot;}}]\" data-trigger=\"click\" data-theme=\"light\" data-tooltip-animation=\"shift-toward\" data-arrow=\"true\"><div class=\"wp-block-getwid-image-hotspot__wrapper\"><img loading=\"lazy\" decoding=\"async\" width=\"2560\" height=\"1591\" src=\"https:\/\/www.foscarini.com\/wp-content\/uploads\/2024\/03\/4.1-OFF_TwiggyGrid-scaled.jpg\" alt=\"\" class=\"wp-block-getwid-image-hotspot__image wp-image-424921\" srcset=\"https:\/\/www.foscarini.com\/wp-content\/uploads\/2024\/03\/4.1-OFF_TwiggyGrid-scaled.jpg 2560w, https:\/\/www.foscarini.com\/wp-content\/uploads\/2024\/03\/4.1-OFF_TwiggyGrid-300x186.jpg 300w, https:\/\/www.foscarini.com\/wp-content\/uploads\/2024\/03\/4.1-OFF_TwiggyGrid-1024x636.jpg 1024w, https:\/\/www.foscarini.com\/wp-content\/uploads\/2024\/03\/4.1-OFF_TwiggyGrid-768x477.jpg 768w, https:\/\/www.foscarini.com\/wp-content\/uploads\/2024\/03\/4.1-OFF_TwiggyGrid-1536x955.jpg 1536w, https:\/\/www.foscarini.com\/wp-content\/uploads\/2024\/03\/4.1-OFF_TwiggyGrid-2048x1273.jpg 2048w, https:\/\/www.foscarini.com\/wp-content\/uploads\/2024\/03\/4.1-OFF_TwiggyGrid-800x497.jpg 800w\" sizes=\"(max-width: 2560px) 100vw, 2560px\" \/><div data-point-id=\"0\" class=\"wp-block-getwid-image-hotspot__dot has-animation-pulse\" style=\"left:70.65%;top:34.48%\"><div class=\"wp-block-getwid-image-hotspot__dot-wrapper\"><div class=\"wp-block-getwid-image-hotspot__dot-content\"><i class=\"fas fa-plus wp-block-getwid-image-hotspot__dot-icon\"><\/i><\/div><\/div><div class=\"wp-block-getwid-image-hotspot__dot-description\"><div class=\"wp-block-getwid-image-hotspot__dot-title\">acceso<\/div><\/div><\/div><\/div><\/div>\n\n<figure class=\"wp-block-image size-large absolute_image\"><img loading=\"lazy\" decoding=\"async\" width=\"1024\" height=\"636\" src=\"https:\/\/www.foscarini.com\/wp-content\/uploads\/2024\/03\/4.2-ON_TwiggyGrid-1024x636.jpg\" alt=\"\" class=\"wp-image-424928\" srcset=\"https:\/\/www.foscarini.com\/wp-content\/uploads\/2024\/03\/4.2-ON_TwiggyGrid-1024x636.jpg 1024w, https:\/\/www.foscarini.com\/wp-content\/uploads\/2024\/03\/4.2-ON_TwiggyGrid-300x186.jpg 300w, https:\/\/www.foscarini.com\/wp-content\/uploads\/2024\/03\/4.2-ON_TwiggyGrid-768x477.jpg 768w, https:\/\/www.foscarini.com\/wp-content\/uploads\/2024\/03\/4.2-ON_TwiggyGrid-1536x955.jpg 1536w, https:\/\/www.foscarini.com\/wp-content\/uploads\/2024\/03\/4.2-ON_TwiggyGrid-2048x1273.jpg 2048w, https:\/\/www.foscarini.com\/wp-content\/uploads\/2024\/03\/4.2-ON_TwiggyGrid-800x497.jpg 800w\" sizes=\"(max-width: 1024px) 100vw, 1024px\" \/><\/figure><\/div><\/div>","protected":false},"excerpt":{"rendered":"<p>L\u00e1mpara de suspensi\u00f3n de exterior de luz directa hacia abajo. Difusor en material composite sobre base de fibra de vidrio pintado con l\u00edquido. El difusor est\u00e1 hecho de tiras de material compuesto modeladas manualmente sobre el molde, las cintas superpuestas crean la superficie trenzada que sucesivamente se pinta a mano. Los bordes inferiores y superiores cuentan con una vuelta de cinta m\u00e1s para completar el difusor. En el centro, una placa en PMMA transparente con incisiones en l\u00e1ser, captura y difunde la luz que proviene de los LED multi chip que se encuentran instalados en el per\u00edmetro de la estructura en aluminio que hace las veces de disipador. La luz est\u00e1 protegida por un ulterior disco en PMMA opalino.<br \/>\nDispone de tres cables de suspensi\u00f3n en acero inoxidable y cable el\u00e9ctrico cubierto en neopreno negro para uso externo. Flor\u00f3n de techo, con estribo de metal cincado y cubierta en metal pintado con polvo poli\u00e9ster que garantiza una \u00f3ptima resistencia a los rayos UV, a los agentes atmosf\u00e9ricos y a los agentes qu\u00edmicos.<\/p>\n","protected":false},"featured_media":449779,"comment_status":"open","ping_status":"closed","template":"","meta":{"_acf_changed":true},"product_cat":[653,719,721,679,13632],"product_tag":[],"materiale":[7941],"altezza":[10282],"larghezza":[10354],"profondita":[10367],"peso":[9134],"designer-prodotto":[7380],"class_list":{"0":"post-192828","1":"product","2":"type-product","3":"status-publish","4":"has-post-thumbnail","6":"product_cat-concetto-es","7":"product_cat-funzione-es","8":"product_cat-outdoor-es","9":"product_cat-twiggy-concetto-es","10":"product_cat-twiggy-grid-outdoor-sospensione-famiglia-es","11":"materiale-fibra-di-carbonio-e-compositi-es","12":"altezza-29-es","13":"larghezza-46-es","14":"profondita-46-es","15":"peso-28-es","16":"designer-prodotto-marc-sadler-es","18":"first","19":"instock","20":"shipping-taxable","21":"purchasable","22":"product-type-variable"},"acf":{"preview_slider":{"titolo":"","testo":"","video_domanda":false,"link_video":""},"prodotto__immagine_preview":{"immagine":226589},"prodotto__slider":{"sottotitolo":"Marc Sadler (2017)","titolo":"Es excelente para las \u00abzonas de paso\u00bb entre el interior y el exterior, como los p\u00f3rticos. La superficie entrelazada de la l\u00e1mpara de suspensi\u00f3n de exterior Twiggy Grid permite filtrar la intensidad de la fuente luminosa, creando al mismo tiempo un di\u00e1logo con el mobiliario de exterior.","immagini":[{"immagine":307284,"immagine_mobile":""},{"immagine":307277,"immagine_mobile":""}]},"prodotto__slider_preview":null,"prodotto__specifiche":{"selezione":[{"scheda_tecnica":464506}]}},"yoast_head":"<!-- This site is optimized with the Yoast SEO Premium plugin v22.4 (Yoast SEO v23.7) - https:\/\/yoast.com\/wordpress\/plugins\/seo\/ -->\n<title>Twiggy Grid Outdoor Sospensione - Foscarini<\/title>\n<meta name=\"robots\" content=\"index, follow, max-snippet:-1, max-image-preview:large, max-video-preview:-1\" \/>\n<meta property=\"og:locale\" content=\"es_ES\" \/>\n<meta property=\"og:type\" content=\"article\" \/>\n<meta property=\"og:title\" content=\"Twiggy Grid Outdoor Sospensione\" \/>\n<meta property=\"og:description\" content=\"L\u00e1mpara de suspensi\u00f3n de exterior de luz directa hacia abajo. Difusor en material composite sobre base de fibra de vidrio pintado con l\u00edquido. El difusor est\u00e1 hecho de tiras de material compuesto modeladas manualmente sobre el molde, las cintas superpuestas crean la superficie trenzada que sucesivamente se pinta a mano. Los bordes inferiores y superiores cuentan con una vuelta de cinta m\u00e1s para completar el difusor. En el centro, una placa en PMMA transparente con incisiones en l\u00e1ser, captura y difunde la luz que proviene de los LED multi chip que se encuentran instalados en el per\u00edmetro de la estructura en aluminio que hace las veces de disipador. La luz est\u00e1 protegida por un ulterior disco en PMMA opalino. Dispone de tres cables de suspensi\u00f3n en acero inoxidable y cable el\u00e9ctrico cubierto en neopreno negro para uso externo. Flor\u00f3n de techo, con estribo de metal cincado y cubierta en metal pintado con polvo poli\u00e9ster que garantiza una \u00f3ptima resistencia a los rayos UV, a los agentes atmosf\u00e9ricos y a los agentes qu\u00edmicos.\" \/>\n<meta property=\"og:url\" content=\"https:\/\/www.foscarini.com\/es\/producto\/twiggy-grid-outdoor-std-os-es\/\" \/>\n<meta property=\"og:site_name\" content=\"Foscarini\" \/>\n<meta property=\"article:modified_time\" content=\"2025-06-11T16:04:55+00:00\" \/>\n<meta property=\"og:image\" content=\"https:\/\/www.foscarini.com\/wp-content\/uploads\/2025\/06\/twiggy-grid_os_carmine_22_786x865-1.jpg\" \/>\n\t<meta property=\"og:image:width\" content=\"786\" \/>\n\t<meta property=\"og:image:height\" content=\"865\" \/>\n\t<meta property=\"og:image:type\" content=\"image\/jpeg\" \/>\n<meta name=\"twitter:card\" content=\"summary_large_image\" \/>\n<meta name=\"twitter:label1\" content=\"Tiempo de lectura\" \/>\n\t<meta name=\"twitter:data1\" content=\"1 minuto\" \/>\n<script type=\"application\/ld+json\" class=\"yoast-schema-graph\">{\"@context\":\"https:\/\/schema.org\",\"@graph\":[{\"@type\":\"WebPage\",\"@id\":\"https:\/\/www.foscarini.com\/es\/producto\/twiggy-grid-outdoor-std-os-es\/\",\"url\":\"https:\/\/www.foscarini.com\/es\/producto\/twiggy-grid-outdoor-std-os-es\/\",\"name\":\"Twiggy Grid Outdoor Sospensione - Foscarini\",\"isPartOf\":{\"@id\":\"https:\/\/www.foscarini.com\/#website\"},\"primaryImageOfPage\":{\"@id\":\"https:\/\/www.foscarini.com\/es\/producto\/twiggy-grid-outdoor-std-os-es\/#primaryimage\"},\"image\":{\"@id\":\"https:\/\/www.foscarini.com\/es\/producto\/twiggy-grid-outdoor-std-os-es\/#primaryimage\"},\"thumbnailUrl\":\"https:\/\/www.foscarini.com\/wp-content\/uploads\/2025\/06\/twiggy-grid_os_carmine_22_786x865-1.jpg\",\"datePublished\":\"2024-03-28T18:22:59+00:00\",\"dateModified\":\"2025-06-11T16:04:55+00:00\",\"breadcrumb\":{\"@id\":\"https:\/\/www.foscarini.com\/es\/producto\/twiggy-grid-outdoor-std-os-es\/#breadcrumb\"},\"inLanguage\":\"es\",\"potentialAction\":[{\"@type\":\"ReadAction\",\"target\":[\"https:\/\/www.foscarini.com\/es\/producto\/twiggy-grid-outdoor-std-os-es\/\"]}]},{\"@type\":\"ImageObject\",\"inLanguage\":\"es\",\"@id\":\"https:\/\/www.foscarini.com\/es\/producto\/twiggy-grid-outdoor-std-os-es\/#primaryimage\",\"url\":\"https:\/\/www.foscarini.com\/wp-content\/uploads\/2025\/06\/twiggy-grid_os_carmine_22_786x865-1.jpg\",\"contentUrl\":\"https:\/\/www.foscarini.com\/wp-content\/uploads\/2025\/06\/twiggy-grid_os_carmine_22_786x865-1.jpg\",\"width\":786,\"height\":865},{\"@type\":\"BreadcrumbList\",\"@id\":\"https:\/\/www.foscarini.com\/es\/producto\/twiggy-grid-outdoor-std-os-es\/#breadcrumb\",\"itemListElement\":[{\"@type\":\"ListItem\",\"position\":1,\"name\":\"Home\",\"item\":\"https:\/\/www.foscarini.com\/es\/\"},{\"@type\":\"ListItem\",\"position\":2,\"name\":\"Tienda\",\"item\":\"https:\/\/www.foscarini.com\/es\/tienda\/\"},{\"@type\":\"ListItem\",\"position\":3,\"name\":\"Twiggy Grid Outdoor Sospensione\"}]},{\"@type\":\"WebSite\",\"@id\":\"https:\/\/www.foscarini.com\/#website\",\"url\":\"https:\/\/www.foscarini.com\/\",\"name\":\"Foscarini\",\"description\":\"\",\"potentialAction\":[{\"@type\":\"SearchAction\",\"target\":{\"@type\":\"EntryPoint\",\"urlTemplate\":\"https:\/\/www.foscarini.com\/?s={search_term_string}\"},\"query-input\":{\"@type\":\"PropertyValueSpecification\",\"valueRequired\":true,\"valueName\":\"search_term_string\"}}],\"inLanguage\":\"es\"}]}<\/script>\n<!-- \/ Yoast SEO Premium plugin. -->","yoast_head_json":{"title":"Twiggy Grid Outdoor Sospensione - Foscarini","robots":{"index":"index","follow":"follow","max-snippet":"max-snippet:-1","max-image-preview":"max-image-preview:large","max-video-preview":"max-video-preview:-1"},"og_locale":"es_ES","og_type":"article","og_title":"Twiggy Grid Outdoor Sospensione","og_description":"L\u00e1mpara de suspensi\u00f3n de exterior de luz directa hacia abajo. Difusor en material composite sobre base de fibra de vidrio pintado con l\u00edquido. El difusor est\u00e1 hecho de tiras de material compuesto modeladas manualmente sobre el molde, las cintas superpuestas crean la superficie trenzada que sucesivamente se pinta a mano. Los bordes inferiores y superiores cuentan con una vuelta de cinta m\u00e1s para completar el difusor. En el centro, una placa en PMMA transparente con incisiones en l\u00e1ser, captura y difunde la luz que proviene de los LED multi chip que se encuentran instalados en el per\u00edmetro de la estructura en aluminio que hace las veces de disipador. La luz est\u00e1 protegida por un ulterior disco en PMMA opalino. Dispone de tres cables de suspensi\u00f3n en acero inoxidable y cable el\u00e9ctrico cubierto en neopreno negro para uso externo. Flor\u00f3n de techo, con estribo de metal cincado y cubierta en metal pintado con polvo poli\u00e9ster que garantiza una \u00f3ptima resistencia a los rayos UV, a los agentes atmosf\u00e9ricos y a los agentes qu\u00edmicos.","og_url":"https:\/\/www.foscarini.com\/es\/producto\/twiggy-grid-outdoor-std-os-es\/","og_site_name":"Foscarini","article_modified_time":"2025-06-11T16:04:55+00:00","og_image":[{"width":786,"height":865,"url":"https:\/\/www.foscarini.com\/wp-content\/uploads\/2025\/06\/twiggy-grid_os_carmine_22_786x865-1.jpg","type":"image\/jpeg"}],"twitter_card":"summary_large_image","twitter_misc":{"Tiempo de lectura":"1 minuto"},"schema":{"@context":"https:\/\/schema.org","@graph":[{"@type":"WebPage","@id":"https:\/\/www.foscarini.com\/es\/producto\/twiggy-grid-outdoor-std-os-es\/","url":"https:\/\/www.foscarini.com\/es\/producto\/twiggy-grid-outdoor-std-os-es\/","name":"Twiggy Grid Outdoor Sospensione - Foscarini","isPartOf":{"@id":"https:\/\/www.foscarini.com\/#website"},"primaryImageOfPage":{"@id":"https:\/\/www.foscarini.com\/es\/producto\/twiggy-grid-outdoor-std-os-es\/#primaryimage"},"image":{"@id":"https:\/\/www.foscarini.com\/es\/producto\/twiggy-grid-outdoor-std-os-es\/#primaryimage"},"thumbnailUrl":"https:\/\/www.foscarini.com\/wp-content\/uploads\/2025\/06\/twiggy-grid_os_carmine_22_786x865-1.jpg","datePublished":"2024-03-28T18:22:59+00:00","dateModified":"2025-06-11T16:04:55+00:00","breadcrumb":{"@id":"https:\/\/www.foscarini.com\/es\/producto\/twiggy-grid-outdoor-std-os-es\/#breadcrumb"},"inLanguage":"es","potentialAction":[{"@type":"ReadAction","target":["https:\/\/www.foscarini.com\/es\/producto\/twiggy-grid-outdoor-std-os-es\/"]}]},{"@type":"ImageObject","inLanguage":"es","@id":"https:\/\/www.foscarini.com\/es\/producto\/twiggy-grid-outdoor-std-os-es\/#primaryimage","url":"https:\/\/www.foscarini.com\/wp-content\/uploads\/2025\/06\/twiggy-grid_os_carmine_22_786x865-1.jpg","contentUrl":"https:\/\/www.foscarini.com\/wp-content\/uploads\/2025\/06\/twiggy-grid_os_carmine_22_786x865-1.jpg","width":786,"height":865},{"@type":"BreadcrumbList","@id":"https:\/\/www.foscarini.com\/es\/producto\/twiggy-grid-outdoor-std-os-es\/#breadcrumb","itemListElement":[{"@type":"ListItem","position":1,"name":"Home","item":"https:\/\/www.foscarini.com\/es\/"},{"@type":"ListItem","position":2,"name":"Tienda","item":"https:\/\/www.foscarini.com\/es\/tienda\/"},{"@type":"ListItem","position":3,"name":"Twiggy Grid Outdoor Sospensione"}]},{"@type":"WebSite","@id":"https:\/\/www.foscarini.com\/#website","url":"https:\/\/www.foscarini.com\/","name":"Foscarini","description":"","potentialAction":[{"@type":"SearchAction","target":{"@type":"EntryPoint","urlTemplate":"https:\/\/www.foscarini.com\/?s={search_term_string}"},"query-input":{"@type":"PropertyValueSpecification","valueRequired":true,"valueName":"search_term_string"}}],"inLanguage":"es"}]}},"_links":{"self":[{"href":"https:\/\/www.foscarini.com\/es\/wp-json\/wp\/v2\/product\/192828"}],"collection":[{"href":"https:\/\/www.foscarini.com\/es\/wp-json\/wp\/v2\/product"}],"about":[{"href":"https:\/\/www.foscarini.com\/es\/wp-json\/wp\/v2\/types\/product"}],"replies":[{"embeddable":true,"href":"https:\/\/www.foscarini.com\/es\/wp-json\/wp\/v2\/comments?post=192828"}],"wp:featuredmedia":[{"embeddable":true,"href":"https:\/\/www.foscarini.com\/es\/wp-json\/wp\/v2\/media\/449779"}],"wp:attachment":[{"href":"https:\/\/www.foscarini.com\/es\/wp-json\/wp\/v2\/media?parent=192828"}],"wp:term":[{"taxonomy":"product_cat","embeddable":true,"href":"https:\/\/www.foscarini.com\/es\/wp-json\/wp\/v2\/product_cat?post=192828"},{"taxonomy":"product_tag","embeddable":true,"href":"https:\/\/www.foscarini.com\/es\/wp-json\/wp\/v2\/product_tag?post=192828"},{"taxonomy":"materiale","embeddable":true,"href":"https:\/\/www.foscarini.com\/es\/wp-json\/wp\/v2\/materiale?post=192828"},{"taxonomy":"altezza","embeddable":true,"href":"https:\/\/www.foscarini.com\/es\/wp-json\/wp\/v2\/altezza?post=192828"},{"taxonomy":"larghezza","embeddable":true,"href":"https:\/\/www.foscarini.com\/es\/wp-json\/wp\/v2\/larghezza?post=192828"},{"taxonomy":"profondita","embeddable":true,"href":"https:\/\/www.foscarini.com\/es\/wp-json\/wp\/v2\/profondita?post=192828"},{"taxonomy":"peso","embeddable":true,"href":"https:\/\/www.foscarini.com\/es\/wp-json\/wp\/v2\/peso?post=192828"},{"taxonomy":"designer-prodotto","embeddable":true,"href":"https:\/\/www.foscarini.com\/es\/wp-json\/wp\/v2\/designer-prodotto?post=192828"}],"curies":[{"name":"wp","href":"https:\/\/api.w.org\/{rel}","templated":true}]}}