{"id":192775,"date":"2024-03-28T18:20:04","date_gmt":"2024-03-28T18:20:04","guid":{"rendered":"https:\/\/www.foscarini.com\/product\/tress-grande-tress-s\/"},"modified":"2025-06-11T15:37:06","modified_gmt":"2025-06-11T15:37:06","slug":"tress-grande-tress-s-es","status":"publish","type":"product","link":"https:\/\/www.foscarini.com\/es\/producto\/tress-grande-tress-s-es\/","title":{"rendered":"Tress Grande"},"content":{"rendered":"<p>Magico intreccio di pieni e vuoti, la lampada a sospensione Tress Grande \u00e8 ottenuta con un processo artigianale avvolgendo un nastro in materiale composito. Anche grazie alla scelta fra diversi colori e forme Tress interpreta molteplici personalit\u00e0.<\/p><section class=\"pdp__slider full-height-vh\">\n    <div class=\"swiper-container swiper__pdp\">\n        <div class=\"swiper-wrapper full-height\">\n                                <div class=\"swiper-slide\">\n                                                    <img decoding=\"async\" class=\"full-cover\" src=\"https:\/\/www.foscarini.com\/wp-content\/uploads\/2024\/03\/3.1_Tress-grande-150x150.jpg\" srcset=\"https:\/\/www.foscarini.com\/wp-content\/uploads\/2024\/03\/3.1_Tress-grande-300x250.jpg 300w, https:\/\/www.foscarini.com\/wp-content\/uploads\/2024\/03\/3.1_Tress-grande-1024x854.jpg 1024w, https:\/\/www.foscarini.com\/wp-content\/uploads\/2024\/03\/3.1_Tress-grande-768x641.jpg 768w, https:\/\/www.foscarini.com\/wp-content\/uploads\/2024\/03\/3.1_Tress-grande-1536x1282.jpg 1536w, https:\/\/www.foscarini.com\/wp-content\/uploads\/2024\/03\/3.1_Tress-grande-800x668.jpg 800w, https:\/\/www.foscarini.com\/wp-content\/uploads\/2024\/03\/3.1_Tress-grande.jpg 1776w\" alt=\"\" \/>\n                                                                        <\/div>\n                                        <div class=\"swiper-slide\">\n                                                    <img decoding=\"async\" class=\"full-cover\" src=\"https:\/\/www.foscarini.com\/wp-content\/uploads\/2024\/03\/3.2_Tress-grande-150x150.jpg\" srcset=\"https:\/\/www.foscarini.com\/wp-content\/uploads\/2024\/03\/3.2_Tress-grande-194x300.jpg 194w, https:\/\/www.foscarini.com\/wp-content\/uploads\/2024\/03\/3.2_Tress-grande-663x1024.jpg 663w, https:\/\/www.foscarini.com\/wp-content\/uploads\/2024\/03\/3.2_Tress-grande-768x1186.jpg 768w, https:\/\/www.foscarini.com\/wp-content\/uploads\/2024\/03\/3.2_Tress-grande-800x1235.jpg 800w, https:\/\/www.foscarini.com\/wp-content\/uploads\/2024\/03\/3.2_Tress-grande.jpg 960w\" alt=\"\" \/>\n                                                                        <\/div>\n                                        <div class=\"swiper-slide\">\n                                                    <img decoding=\"async\" class=\"full-cover\" src=\"https:\/\/www.foscarini.com\/wp-content\/uploads\/2024\/03\/3.3_Tress-grande-150x150.jpg\" srcset=\"https:\/\/www.foscarini.com\/wp-content\/uploads\/2024\/03\/3.3_Tress-grande-300x250.jpg 300w, https:\/\/www.foscarini.com\/wp-content\/uploads\/2024\/03\/3.3_Tress-grande-1024x854.jpg 1024w, https:\/\/www.foscarini.com\/wp-content\/uploads\/2024\/03\/3.3_Tress-grande-768x641.jpg 768w, https:\/\/www.foscarini.com\/wp-content\/uploads\/2024\/03\/3.3_Tress-grande-1536x1282.jpg 1536w, https:\/\/www.foscarini.com\/wp-content\/uploads\/2024\/03\/3.3_Tress-grande-800x668.jpg 800w, https:\/\/www.foscarini.com\/wp-content\/uploads\/2024\/03\/3.3_Tress-grande.jpg 1776w\" alt=\"\" \/>\n                                                                        <\/div>\n                            <\/div>\n    <\/div>\n    <div class=\"swiper-scrollbar\"><\/div>\n    <div class=\"ct-arrow\">\n        <div class=\"swiper-button-prev\"><\/div>\n        <div class=\"swiper-button-next\"><\/div>\n    <\/div>\n<\/section>","protected":false},"excerpt":{"rendered":"<p>L\u00e1mpara de suspensi\u00f3n de luz difusa y directa. El difusor en material diverso con base de fibra de vidrio se fabrica mediante moldeo de la cinta sobre un molde con control autom\u00e1tico del paso\/dise\u00f1o y est\u00e1 pintado con l\u00edquido. La versi\u00f3n grande dispone de difusor interno en vidrio soplado con acabado acidado, pantalla superior de vidrio opalino satinado y estructura en metal cromado, en las otras versiones la montura es en metal cromado. Dispone de tres cables de suspensi\u00f3n en acero inoxidable para la versi\u00f3n grande, uno para las otras versiones, cable el\u00e9ctrico transparente. Flor\u00f3n de techo con estribo de metal cincado y cobertura en ABS coloreado en el compuesto de moldeo cromado brillante. Disponible kit para la descentralizaci\u00f3n del flor\u00f3n- flor\u00f3n m\u00faltiple, (hasta 6 o 9 suspensiones).<\/p>\n","protected":false},"featured_media":470354,"comment_status":"open","ping_status":"closed","template":"","meta":{"_acf_changed":true},"product_cat":[653,719,744,665,5633],"product_tag":[],"materiale":[7941],"altezza":[8456],"larghezza":[8772],"profondita":[8766],"peso":[7329],"designer-prodotto":[7380],"class_list":{"0":"post-192775","1":"product","2":"type-product","3":"status-publish","4":"has-post-thumbnail","6":"product_cat-concetto-es","7":"product_cat-funzione-es","8":"product_cat-sospensione-es","9":"product_cat-tress-concetto-es","10":"product_cat-tress-famiglia-es","11":"materiale-fibra-di-carbonio-e-compositi-es","12":"altezza-16-es","13":"larghezza-19-es","14":"profondita-19-es","15":"peso-0-es","16":"designer-prodotto-marc-sadler-es","18":"first","19":"instock","20":"shipping-taxable","21":"purchasable","22":"product-type-variable"},"acf":{"preview_slider":{"titolo":"","testo":"","video_domanda":false,"link_video":""},"prodotto__immagine_preview":{"immagine":226210},"prodotto__slider":{"sottotitolo":"Marc Sadler (2009)","titolo":"M\u00e1gica trama de llenos y vac\u00edos, la l\u00e1mpara de suspensi\u00f3n Tress Grande se obtiene con un proceso artesanal enrollando una cinta en material compuesto. Gracias tambi\u00e9n a la selecci\u00f3n entre diversos colores y formas, Tress interpreta m\u00faltiples personalidades.","immagini":[{"immagine":309774,"immagine_mobile":null},{"immagine":309788,"immagine_mobile":null},{"immagine":309781,"immagine_mobile":null}]},"prodotto__slider_preview":null,"prodotto__specifiche":{"selezione":[{"scheda_tecnica":464142},{"scheda_tecnica":464143},{"scheda_tecnica":464144}]}},"yoast_head":"<!-- This site is optimized with the Yoast SEO Premium plugin v22.4 (Yoast SEO v23.7) - https:\/\/yoast.com\/wordpress\/plugins\/seo\/ -->\n<title>Tress Grande - Foscarini<\/title>\n<meta name=\"robots\" content=\"index, follow, max-snippet:-1, max-image-preview:large, max-video-preview:-1\" \/>\n<meta property=\"og:locale\" content=\"es_ES\" \/>\n<meta property=\"og:type\" content=\"article\" \/>\n<meta property=\"og:title\" content=\"Tress Grande\" \/>\n<meta property=\"og:description\" content=\"L\u00e1mpara de suspensi\u00f3n de luz difusa y directa. El difusor en material diverso con base de fibra de vidrio se fabrica mediante moldeo de la cinta sobre un molde con control autom\u00e1tico del paso\/dise\u00f1o y est\u00e1 pintado con l\u00edquido. La versi\u00f3n grande dispone de difusor interno en vidrio soplado con acabado acidado, pantalla superior de vidrio opalino satinado y estructura en metal cromado, en las otras versiones la montura es en metal cromado. Dispone de tres cables de suspensi\u00f3n en acero inoxidable para la versi\u00f3n grande, uno para las otras versiones, cable el\u00e9ctrico transparente. Flor\u00f3n de techo con estribo de metal cincado y cobertura en ABS coloreado en el compuesto de moldeo cromado brillante. Disponible kit para la descentralizaci\u00f3n del flor\u00f3n- flor\u00f3n m\u00faltiple, (hasta 6 o 9 suspensiones).\" \/>\n<meta property=\"og:url\" content=\"https:\/\/www.foscarini.com\/es\/producto\/tress-grande-tress-s-es\/\" \/>\n<meta property=\"og:site_name\" content=\"Foscarini\" \/>\n<meta property=\"article:modified_time\" content=\"2025-06-11T15:37:06+00:00\" \/>\n<meta property=\"og:image\" content=\"https:\/\/www.foscarini.com\/wp-content\/uploads\/2025\/06\/tress-grande_s_greige_22_786x865-3.jpg\" \/>\n\t<meta property=\"og:image:width\" content=\"786\" \/>\n\t<meta property=\"og:image:height\" content=\"865\" \/>\n\t<meta property=\"og:image:type\" content=\"image\/jpeg\" \/>\n<meta name=\"twitter:card\" content=\"summary_large_image\" \/>\n<meta name=\"twitter:label1\" content=\"Tiempo de lectura\" \/>\n\t<meta name=\"twitter:data1\" content=\"1 minuto\" \/>\n<script type=\"application\/ld+json\" class=\"yoast-schema-graph\">{\"@context\":\"https:\/\/schema.org\",\"@graph\":[{\"@type\":\"WebPage\",\"@id\":\"https:\/\/www.foscarini.com\/es\/producto\/tress-grande-tress-s-es\/\",\"url\":\"https:\/\/www.foscarini.com\/es\/producto\/tress-grande-tress-s-es\/\",\"name\":\"Tress Grande - Foscarini\",\"isPartOf\":{\"@id\":\"https:\/\/www.foscarini.com\/#website\"},\"primaryImageOfPage\":{\"@id\":\"https:\/\/www.foscarini.com\/es\/producto\/tress-grande-tress-s-es\/#primaryimage\"},\"image\":{\"@id\":\"https:\/\/www.foscarini.com\/es\/producto\/tress-grande-tress-s-es\/#primaryimage\"},\"thumbnailUrl\":\"https:\/\/www.foscarini.com\/wp-content\/uploads\/2025\/06\/tress-grande_s_greige_22_786x865-6.jpg\",\"datePublished\":\"2024-03-28T18:20:04+00:00\",\"dateModified\":\"2025-06-11T15:37:06+00:00\",\"breadcrumb\":{\"@id\":\"https:\/\/www.foscarini.com\/es\/producto\/tress-grande-tress-s-es\/#breadcrumb\"},\"inLanguage\":\"es\",\"potentialAction\":[{\"@type\":\"ReadAction\",\"target\":[\"https:\/\/www.foscarini.com\/es\/producto\/tress-grande-tress-s-es\/\"]}]},{\"@type\":\"ImageObject\",\"inLanguage\":\"es\",\"@id\":\"https:\/\/www.foscarini.com\/es\/producto\/tress-grande-tress-s-es\/#primaryimage\",\"url\":\"https:\/\/www.foscarini.com\/wp-content\/uploads\/2025\/06\/tress-grande_s_greige_22_786x865-6.jpg\",\"contentUrl\":\"https:\/\/www.foscarini.com\/wp-content\/uploads\/2025\/06\/tress-grande_s_greige_22_786x865-6.jpg\",\"width\":786,\"height\":865},{\"@type\":\"BreadcrumbList\",\"@id\":\"https:\/\/www.foscarini.com\/es\/producto\/tress-grande-tress-s-es\/#breadcrumb\",\"itemListElement\":[{\"@type\":\"ListItem\",\"position\":1,\"name\":\"Home\",\"item\":\"https:\/\/www.foscarini.com\/es\/\"},{\"@type\":\"ListItem\",\"position\":2,\"name\":\"Tienda\",\"item\":\"https:\/\/www.foscarini.com\/es\/tienda\/\"},{\"@type\":\"ListItem\",\"position\":3,\"name\":\"Tress Grande\"}]},{\"@type\":\"WebSite\",\"@id\":\"https:\/\/www.foscarini.com\/#website\",\"url\":\"https:\/\/www.foscarini.com\/\",\"name\":\"Foscarini\",\"description\":\"\",\"potentialAction\":[{\"@type\":\"SearchAction\",\"target\":{\"@type\":\"EntryPoint\",\"urlTemplate\":\"https:\/\/www.foscarini.com\/?s={search_term_string}\"},\"query-input\":{\"@type\":\"PropertyValueSpecification\",\"valueRequired\":true,\"valueName\":\"search_term_string\"}}],\"inLanguage\":\"es\"}]}<\/script>\n<!-- \/ Yoast SEO Premium plugin. -->","yoast_head_json":{"title":"Tress Grande - Foscarini","robots":{"index":"index","follow":"follow","max-snippet":"max-snippet:-1","max-image-preview":"max-image-preview:large","max-video-preview":"max-video-preview:-1"},"og_locale":"es_ES","og_type":"article","og_title":"Tress Grande","og_description":"L\u00e1mpara de suspensi\u00f3n de luz difusa y directa. El difusor en material diverso con base de fibra de vidrio se fabrica mediante moldeo de la cinta sobre un molde con control autom\u00e1tico del paso\/dise\u00f1o y est\u00e1 pintado con l\u00edquido. La versi\u00f3n grande dispone de difusor interno en vidrio soplado con acabado acidado, pantalla superior de vidrio opalino satinado y estructura en metal cromado, en las otras versiones la montura es en metal cromado. Dispone de tres cables de suspensi\u00f3n en acero inoxidable para la versi\u00f3n grande, uno para las otras versiones, cable el\u00e9ctrico transparente. Flor\u00f3n de techo con estribo de metal cincado y cobertura en ABS coloreado en el compuesto de moldeo cromado brillante. Disponible kit para la descentralizaci\u00f3n del flor\u00f3n- flor\u00f3n m\u00faltiple, (hasta 6 o 9 suspensiones).","og_url":"https:\/\/www.foscarini.com\/es\/producto\/tress-grande-tress-s-es\/","og_site_name":"Foscarini","article_modified_time":"2025-06-11T15:37:06+00:00","og_image":[{"width":786,"height":865,"url":"https:\/\/www.foscarini.com\/wp-content\/uploads\/2025\/06\/tress-grande_s_greige_22_786x865-3.jpg","type":"image\/jpeg"}],"twitter_card":"summary_large_image","twitter_misc":{"Tiempo de lectura":"1 minuto"},"schema":{"@context":"https:\/\/schema.org","@graph":[{"@type":"WebPage","@id":"https:\/\/www.foscarini.com\/es\/producto\/tress-grande-tress-s-es\/","url":"https:\/\/www.foscarini.com\/es\/producto\/tress-grande-tress-s-es\/","name":"Tress Grande - Foscarini","isPartOf":{"@id":"https:\/\/www.foscarini.com\/#website"},"primaryImageOfPage":{"@id":"https:\/\/www.foscarini.com\/es\/producto\/tress-grande-tress-s-es\/#primaryimage"},"image":{"@id":"https:\/\/www.foscarini.com\/es\/producto\/tress-grande-tress-s-es\/#primaryimage"},"thumbnailUrl":"https:\/\/www.foscarini.com\/wp-content\/uploads\/2025\/06\/tress-grande_s_greige_22_786x865-6.jpg","datePublished":"2024-03-28T18:20:04+00:00","dateModified":"2025-06-11T15:37:06+00:00","breadcrumb":{"@id":"https:\/\/www.foscarini.com\/es\/producto\/tress-grande-tress-s-es\/#breadcrumb"},"inLanguage":"es","potentialAction":[{"@type":"ReadAction","target":["https:\/\/www.foscarini.com\/es\/producto\/tress-grande-tress-s-es\/"]}]},{"@type":"ImageObject","inLanguage":"es","@id":"https:\/\/www.foscarini.com\/es\/producto\/tress-grande-tress-s-es\/#primaryimage","url":"https:\/\/www.foscarini.com\/wp-content\/uploads\/2025\/06\/tress-grande_s_greige_22_786x865-6.jpg","contentUrl":"https:\/\/www.foscarini.com\/wp-content\/uploads\/2025\/06\/tress-grande_s_greige_22_786x865-6.jpg","width":786,"height":865},{"@type":"BreadcrumbList","@id":"https:\/\/www.foscarini.com\/es\/producto\/tress-grande-tress-s-es\/#breadcrumb","itemListElement":[{"@type":"ListItem","position":1,"name":"Home","item":"https:\/\/www.foscarini.com\/es\/"},{"@type":"ListItem","position":2,"name":"Tienda","item":"https:\/\/www.foscarini.com\/es\/tienda\/"},{"@type":"ListItem","position":3,"name":"Tress Grande"}]},{"@type":"WebSite","@id":"https:\/\/www.foscarini.com\/#website","url":"https:\/\/www.foscarini.com\/","name":"Foscarini","description":"","potentialAction":[{"@type":"SearchAction","target":{"@type":"EntryPoint","urlTemplate":"https:\/\/www.foscarini.com\/?s={search_term_string}"},"query-input":{"@type":"PropertyValueSpecification","valueRequired":true,"valueName":"search_term_string"}}],"inLanguage":"es"}]}},"_links":{"self":[{"href":"https:\/\/www.foscarini.com\/es\/wp-json\/wp\/v2\/product\/192775"}],"collection":[{"href":"https:\/\/www.foscarini.com\/es\/wp-json\/wp\/v2\/product"}],"about":[{"href":"https:\/\/www.foscarini.com\/es\/wp-json\/wp\/v2\/types\/product"}],"replies":[{"embeddable":true,"href":"https:\/\/www.foscarini.com\/es\/wp-json\/wp\/v2\/comments?post=192775"}],"wp:featuredmedia":[{"embeddable":true,"href":"https:\/\/www.foscarini.com\/es\/wp-json\/wp\/v2\/media\/470354"}],"wp:attachment":[{"href":"https:\/\/www.foscarini.com\/es\/wp-json\/wp\/v2\/media?parent=192775"}],"wp:term":[{"taxonomy":"product_cat","embeddable":true,"href":"https:\/\/www.foscarini.com\/es\/wp-json\/wp\/v2\/product_cat?post=192775"},{"taxonomy":"product_tag","embeddable":true,"href":"https:\/\/www.foscarini.com\/es\/wp-json\/wp\/v2\/product_tag?post=192775"},{"taxonomy":"materiale","embeddable":true,"href":"https:\/\/www.foscarini.com\/es\/wp-json\/wp\/v2\/materiale?post=192775"},{"taxonomy":"altezza","embeddable":true,"href":"https:\/\/www.foscarini.com\/es\/wp-json\/wp\/v2\/altezza?post=192775"},{"taxonomy":"larghezza","embeddable":true,"href":"https:\/\/www.foscarini.com\/es\/wp-json\/wp\/v2\/larghezza?post=192775"},{"taxonomy":"profondita","embeddable":true,"href":"https:\/\/www.foscarini.com\/es\/wp-json\/wp\/v2\/profondita?post=192775"},{"taxonomy":"peso","embeddable":true,"href":"https:\/\/www.foscarini.com\/es\/wp-json\/wp\/v2\/peso?post=192775"},{"taxonomy":"designer-prodotto","embeddable":true,"href":"https:\/\/www.foscarini.com\/es\/wp-json\/wp\/v2\/designer-prodotto?post=192775"}],"curies":[{"name":"wp","href":"https:\/\/api.w.org\/{rel}","templated":true}]}}