{"id":192489,"date":"2024-03-28T17:59:50","date_gmt":"2024-03-28T17:59:50","guid":{"rendered":"https:\/\/www.foscarini.com\/product\/gem-std-w\/"},"modified":"2025-06-11T12:15:56","modified_gmt":"2025-06-11T12:15:56","slug":"gem-std-w-es","status":"publish","type":"product","link":"https:\/\/www.foscarini.com\/es\/producto\/gem-std-w-es\/","title":{"rendered":"Gem"},"content":{"rendered":"","protected":false},"excerpt":{"rendered":"<p>L\u00e1mpara de pared de luz difusa. Difusor en vidrio encamisado soplado a boca con procedimiento de soplado del vidrio no girado en el molde (llamado \u00abfijo\u00bb). El difusor es de vidrio soplado a boca en altorrelieve gracias al uso de un molde con incisiones especiales de l\u00edneas diagonales y horizontales. Fijaci\u00f3n de pared en metal pintado con polvos epox\u00eddicos y ABS.<\/p>\n","protected":false},"featured_media":467528,"comment_status":"open","ping_status":"closed","template":"","meta":{"_acf_changed":true},"product_cat":[653,719,963,5429,708],"product_tag":[],"materiale":[8157],"altezza":[12130],"larghezza":[8343],"profondita":[8333],"peso":[9473],"designer-prodotto":[7884],"class_list":{"0":"post-192489","1":"product","2":"type-product","3":"status-publish","4":"has-post-thumbnail","6":"product_cat-concetto-es","7":"product_cat-funzione-es","8":"product_cat-gem-concetto-es","9":"product_cat-gem-famiglia-es","10":"product_cat-parete-es","11":"materiale-vetro-e-vetro-soffiato-es","12":"altezza-8-38-es","13":"larghezza-16-34-es","14":"profondita-15-12-es","15":"peso-32-es","16":"designer-prodotto-ludovica-e-roberto-palomba-es","18":"first","19":"instock","20":"shipping-taxable","21":"purchasable","22":"product-type-variable"},"acf":{"preview_slider":{"titolo":"","testo":"","video_domanda":false,"link_video":""},"prodotto__immagine_preview":{"immagine":121480},"prodotto__slider":{"sottotitolo":"Ludovica+Roberto Palomba (2019)","titolo":"El precioso vidrio soplado del aplique de pared de dise\u00f1o Gem tiene un patr\u00f3n gr\u00e1fico caracterizado por ondas y relieves que se persiguen sobre su superficie consiguiendo que esta l\u00e1mpara de pared sea inconfundible incluso cuando est\u00e1 apagada.","immagini":[{"immagine":424461,"immagine_mobile":""},{"immagine":424468,"immagine_mobile":""},{"immagine":424475,"immagine_mobile":""}]},"prodotto__slider_preview":null,"prodotto__specifiche":{"selezione":[{"scheda_tecnica":462287}]}},"yoast_head":"<!-- This site is optimized with the Yoast SEO Premium plugin v22.4 (Yoast SEO v23.7) - https:\/\/yoast.com\/wordpress\/plugins\/seo\/ -->\n<title>Gem - Foscarini<\/title>\n<meta name=\"robots\" content=\"index, follow, max-snippet:-1, max-image-preview:large, max-video-preview:-1\" \/>\n<meta property=\"og:locale\" content=\"es_ES\" \/>\n<meta property=\"og:type\" content=\"article\" \/>\n<meta property=\"og:title\" content=\"Gem\" \/>\n<meta property=\"og:description\" content=\"L\u00e1mpara de pared de luz difusa. Difusor en vidrio encamisado soplado a boca con procedimiento de soplado del vidrio no girado en el molde (llamado \u00abfijo\u00bb). El difusor es de vidrio soplado a boca en altorrelieve gracias al uso de un molde con incisiones especiales de l\u00edneas diagonales y horizontales. Fijaci\u00f3n de pared en metal pintado con polvos epox\u00eddicos y ABS.\" \/>\n<meta property=\"og:url\" content=\"https:\/\/www.foscarini.com\/es\/producto\/gem-std-w-es\/\" \/>\n<meta property=\"og:site_name\" content=\"Foscarini\" \/>\n<meta property=\"article:modified_time\" content=\"2025-06-11T12:15:56+00:00\" \/>\n<meta property=\"og:image\" content=\"https:\/\/www.foscarini.com\/wp-content\/uploads\/2025\/06\/gem-semi_w_gold_22_786x865-1.jpg\" \/>\n\t<meta property=\"og:image:width\" content=\"786\" \/>\n\t<meta property=\"og:image:height\" content=\"865\" \/>\n\t<meta property=\"og:image:type\" content=\"image\/jpeg\" \/>\n<meta name=\"twitter:card\" content=\"summary_large_image\" \/>\n<meta name=\"twitter:label1\" content=\"Tiempo de lectura\" \/>\n\t<meta name=\"twitter:data1\" content=\"1 minuto\" \/>\n<script type=\"application\/ld+json\" class=\"yoast-schema-graph\">{\"@context\":\"https:\/\/schema.org\",\"@graph\":[{\"@type\":\"WebPage\",\"@id\":\"https:\/\/www.foscarini.com\/es\/producto\/gem-std-w-es\/\",\"url\":\"https:\/\/www.foscarini.com\/es\/producto\/gem-std-w-es\/\",\"name\":\"Gem - Foscarini\",\"isPartOf\":{\"@id\":\"https:\/\/www.foscarini.com\/#website\"},\"primaryImageOfPage\":{\"@id\":\"https:\/\/www.foscarini.com\/es\/producto\/gem-std-w-es\/#primaryimage\"},\"image\":{\"@id\":\"https:\/\/www.foscarini.com\/es\/producto\/gem-std-w-es\/#primaryimage\"},\"thumbnailUrl\":\"https:\/\/www.foscarini.com\/wp-content\/uploads\/2025\/06\/gem-semi_w_gold_22_786x865-3.jpg\",\"datePublished\":\"2024-03-28T17:59:50+00:00\",\"dateModified\":\"2025-06-11T12:15:56+00:00\",\"breadcrumb\":{\"@id\":\"https:\/\/www.foscarini.com\/es\/producto\/gem-std-w-es\/#breadcrumb\"},\"inLanguage\":\"es\",\"potentialAction\":[{\"@type\":\"ReadAction\",\"target\":[\"https:\/\/www.foscarini.com\/es\/producto\/gem-std-w-es\/\"]}]},{\"@type\":\"ImageObject\",\"inLanguage\":\"es\",\"@id\":\"https:\/\/www.foscarini.com\/es\/producto\/gem-std-w-es\/#primaryimage\",\"url\":\"https:\/\/www.foscarini.com\/wp-content\/uploads\/2025\/06\/gem-semi_w_gold_22_786x865-3.jpg\",\"contentUrl\":\"https:\/\/www.foscarini.com\/wp-content\/uploads\/2025\/06\/gem-semi_w_gold_22_786x865-3.jpg\",\"width\":786,\"height\":865},{\"@type\":\"BreadcrumbList\",\"@id\":\"https:\/\/www.foscarini.com\/es\/producto\/gem-std-w-es\/#breadcrumb\",\"itemListElement\":[{\"@type\":\"ListItem\",\"position\":1,\"name\":\"Home\",\"item\":\"https:\/\/www.foscarini.com\/es\/\"},{\"@type\":\"ListItem\",\"position\":2,\"name\":\"Tienda\",\"item\":\"https:\/\/www.foscarini.com\/es\/tienda\/\"},{\"@type\":\"ListItem\",\"position\":3,\"name\":\"Gem\"}]},{\"@type\":\"WebSite\",\"@id\":\"https:\/\/www.foscarini.com\/#website\",\"url\":\"https:\/\/www.foscarini.com\/\",\"name\":\"Foscarini\",\"description\":\"\",\"potentialAction\":[{\"@type\":\"SearchAction\",\"target\":{\"@type\":\"EntryPoint\",\"urlTemplate\":\"https:\/\/www.foscarini.com\/?s={search_term_string}\"},\"query-input\":{\"@type\":\"PropertyValueSpecification\",\"valueRequired\":true,\"valueName\":\"search_term_string\"}}],\"inLanguage\":\"es\"}]}<\/script>\n<!-- \/ Yoast SEO Premium plugin. -->","yoast_head_json":{"title":"Gem - Foscarini","robots":{"index":"index","follow":"follow","max-snippet":"max-snippet:-1","max-image-preview":"max-image-preview:large","max-video-preview":"max-video-preview:-1"},"og_locale":"es_ES","og_type":"article","og_title":"Gem","og_description":"L\u00e1mpara de pared de luz difusa. Difusor en vidrio encamisado soplado a boca con procedimiento de soplado del vidrio no girado en el molde (llamado \u00abfijo\u00bb). El difusor es de vidrio soplado a boca en altorrelieve gracias al uso de un molde con incisiones especiales de l\u00edneas diagonales y horizontales. Fijaci\u00f3n de pared en metal pintado con polvos epox\u00eddicos y ABS.","og_url":"https:\/\/www.foscarini.com\/es\/producto\/gem-std-w-es\/","og_site_name":"Foscarini","article_modified_time":"2025-06-11T12:15:56+00:00","og_image":[{"width":786,"height":865,"url":"https:\/\/www.foscarini.com\/wp-content\/uploads\/2025\/06\/gem-semi_w_gold_22_786x865-1.jpg","type":"image\/jpeg"}],"twitter_card":"summary_large_image","twitter_misc":{"Tiempo de lectura":"1 minuto"},"schema":{"@context":"https:\/\/schema.org","@graph":[{"@type":"WebPage","@id":"https:\/\/www.foscarini.com\/es\/producto\/gem-std-w-es\/","url":"https:\/\/www.foscarini.com\/es\/producto\/gem-std-w-es\/","name":"Gem - Foscarini","isPartOf":{"@id":"https:\/\/www.foscarini.com\/#website"},"primaryImageOfPage":{"@id":"https:\/\/www.foscarini.com\/es\/producto\/gem-std-w-es\/#primaryimage"},"image":{"@id":"https:\/\/www.foscarini.com\/es\/producto\/gem-std-w-es\/#primaryimage"},"thumbnailUrl":"https:\/\/www.foscarini.com\/wp-content\/uploads\/2025\/06\/gem-semi_w_gold_22_786x865-3.jpg","datePublished":"2024-03-28T17:59:50+00:00","dateModified":"2025-06-11T12:15:56+00:00","breadcrumb":{"@id":"https:\/\/www.foscarini.com\/es\/producto\/gem-std-w-es\/#breadcrumb"},"inLanguage":"es","potentialAction":[{"@type":"ReadAction","target":["https:\/\/www.foscarini.com\/es\/producto\/gem-std-w-es\/"]}]},{"@type":"ImageObject","inLanguage":"es","@id":"https:\/\/www.foscarini.com\/es\/producto\/gem-std-w-es\/#primaryimage","url":"https:\/\/www.foscarini.com\/wp-content\/uploads\/2025\/06\/gem-semi_w_gold_22_786x865-3.jpg","contentUrl":"https:\/\/www.foscarini.com\/wp-content\/uploads\/2025\/06\/gem-semi_w_gold_22_786x865-3.jpg","width":786,"height":865},{"@type":"BreadcrumbList","@id":"https:\/\/www.foscarini.com\/es\/producto\/gem-std-w-es\/#breadcrumb","itemListElement":[{"@type":"ListItem","position":1,"name":"Home","item":"https:\/\/www.foscarini.com\/es\/"},{"@type":"ListItem","position":2,"name":"Tienda","item":"https:\/\/www.foscarini.com\/es\/tienda\/"},{"@type":"ListItem","position":3,"name":"Gem"}]},{"@type":"WebSite","@id":"https:\/\/www.foscarini.com\/#website","url":"https:\/\/www.foscarini.com\/","name":"Foscarini","description":"","potentialAction":[{"@type":"SearchAction","target":{"@type":"EntryPoint","urlTemplate":"https:\/\/www.foscarini.com\/?s={search_term_string}"},"query-input":{"@type":"PropertyValueSpecification","valueRequired":true,"valueName":"search_term_string"}}],"inLanguage":"es"}]}},"_links":{"self":[{"href":"https:\/\/www.foscarini.com\/es\/wp-json\/wp\/v2\/product\/192489"}],"collection":[{"href":"https:\/\/www.foscarini.com\/es\/wp-json\/wp\/v2\/product"}],"about":[{"href":"https:\/\/www.foscarini.com\/es\/wp-json\/wp\/v2\/types\/product"}],"replies":[{"embeddable":true,"href":"https:\/\/www.foscarini.com\/es\/wp-json\/wp\/v2\/comments?post=192489"}],"wp:featuredmedia":[{"embeddable":true,"href":"https:\/\/www.foscarini.com\/es\/wp-json\/wp\/v2\/media\/467528"}],"wp:attachment":[{"href":"https:\/\/www.foscarini.com\/es\/wp-json\/wp\/v2\/media?parent=192489"}],"wp:term":[{"taxonomy":"product_cat","embeddable":true,"href":"https:\/\/www.foscarini.com\/es\/wp-json\/wp\/v2\/product_cat?post=192489"},{"taxonomy":"product_tag","embeddable":true,"href":"https:\/\/www.foscarini.com\/es\/wp-json\/wp\/v2\/product_tag?post=192489"},{"taxonomy":"materiale","embeddable":true,"href":"https:\/\/www.foscarini.com\/es\/wp-json\/wp\/v2\/materiale?post=192489"},{"taxonomy":"altezza","embeddable":true,"href":"https:\/\/www.foscarini.com\/es\/wp-json\/wp\/v2\/altezza?post=192489"},{"taxonomy":"larghezza","embeddable":true,"href":"https:\/\/www.foscarini.com\/es\/wp-json\/wp\/v2\/larghezza?post=192489"},{"taxonomy":"profondita","embeddable":true,"href":"https:\/\/www.foscarini.com\/es\/wp-json\/wp\/v2\/profondita?post=192489"},{"taxonomy":"peso","embeddable":true,"href":"https:\/\/www.foscarini.com\/es\/wp-json\/wp\/v2\/peso?post=192489"},{"taxonomy":"designer-prodotto","embeddable":true,"href":"https:\/\/www.foscarini.com\/es\/wp-json\/wp\/v2\/designer-prodotto?post=192489"}],"curies":[{"name":"wp","href":"https:\/\/api.w.org\/{rel}","templated":true}]}}