{"id":192194,"date":"2024-03-28T18:13:23","date_gmt":"2024-03-28T18:13:23","guid":{"rendered":"https:\/\/www.foscarini.com\/product\/rituals-3-rituals-c\/"},"modified":"2025-06-11T15:02:34","modified_gmt":"2025-06-11T15:02:34","slug":"rituals-3-rituals-c-es","status":"publish","type":"product","link":"https:\/\/www.foscarini.com\/es\/producto\/rituals-3-rituals-c-es\/","title":{"rendered":"Rituals 3"},"content":{"rendered":"","protected":false},"excerpt":{"rendered":"<p>Colecci\u00f3n de plafones de luz difusa. Tres formas de difusor en vidrio soplado a boca con procedimiento de soplado del vidrio sin girar en el molde (\u201cparado\u201d), el efecto a rayas se obtiene con un molde con decoraciones en negativo que se repiten en la superficie del vidrio, a continuaci\u00f3n el vidrio se esmerila manualmente \u201ccon cinta\u201d y se somete a un procedimiento de inmersi\u00f3n en \u00e1cido para marcar el efecto yesoso. Montura de techo en metal pintado con polvos epox\u00eddicos.<\/p>\n","protected":false},"featured_media":448388,"comment_status":"open","ping_status":"closed","template":"","meta":{"_acf_changed":true},"product_cat":[653,719,5573,837,738],"product_tag":[],"materiale":[8157],"altezza":[9857],"larghezza":[8772],"profondita":[8766],"peso":[7757],"designer-prodotto":[7884],"class_list":{"0":"post-192194","1":"product","2":"type-product","3":"status-publish","4":"has-post-thumbnail","6":"product_cat-concetto-es","7":"product_cat-funzione-es","8":"product_cat-rituals-famiglia-es","9":"product_cat-rituals-concetto-es","10":"product_cat-soffitto-es","11":"materiale-vetro-e-vetro-soffiato-es","12":"altezza-23-es","13":"larghezza-19-es","14":"profondita-19-es","15":"peso-15-es","16":"designer-prodotto-ludovica-e-roberto-palomba-es","18":"first","19":"instock","20":"shipping-taxable","21":"purchasable","22":"product-type-variable"},"acf":{"preview_slider":{"titolo":"","testo":"","video_domanda":false,"link_video":""},"prodotto__immagine_preview":{"immagine":225328},"prodotto__slider":{"sottotitolo":"Ludovica+Roberto Palomba (2015)","titolo":"Las l\u00e1mparas de techo Rituals traducen la magia luminosa de los faroles de papel de arroz oriental, en formas de dise\u00f1o contempor\u00e1neo realizadas en vidrio soplado con un especial trabajo de la superficie . La forma compacta y la \u00edntima luminosidad de la l\u00e1mpara de techo Rituals 3, hacen que sea adecuada para una multiplicidad de ambientes.","immagini":[{"immagine":415589,"immagine_mobile":""}]},"prodotto__slider_preview":null,"prodotto__specifiche":{"selezione":[{"scheda_tecnica":463620}]}},"yoast_head":"<!-- This site is optimized with the Yoast SEO Premium plugin v22.4 (Yoast SEO v23.7) - https:\/\/yoast.com\/wordpress\/plugins\/seo\/ -->\n<title>Rituals 3 - Foscarini<\/title>\n<meta name=\"robots\" content=\"index, follow, max-snippet:-1, max-image-preview:large, max-video-preview:-1\" \/>\n<meta property=\"og:locale\" content=\"es_ES\" \/>\n<meta property=\"og:type\" content=\"article\" \/>\n<meta property=\"og:title\" content=\"Rituals 3\" \/>\n<meta property=\"og:description\" content=\"Colecci\u00f3n de plafones de luz difusa. Tres formas de difusor en vidrio soplado a boca con procedimiento de soplado del vidrio sin girar en el molde (\u201cparado\u201d), el efecto a rayas se obtiene con un molde con decoraciones en negativo que se repiten en la superficie del vidrio, a continuaci\u00f3n el vidrio se esmerila manualmente \u201ccon cinta\u201d y se somete a un procedimiento de inmersi\u00f3n en \u00e1cido para marcar el efecto yesoso. Montura de techo en metal pintado con polvos epox\u00eddicos.\" \/>\n<meta property=\"og:url\" content=\"https:\/\/www.foscarini.com\/es\/producto\/rituals-3-rituals-c-es\/\" \/>\n<meta property=\"og:site_name\" content=\"Foscarini\" \/>\n<meta property=\"article:modified_time\" content=\"2025-06-11T15:02:34+00:00\" \/>\n<meta property=\"og:image\" content=\"https:\/\/www.foscarini.com\/wp-content\/uploads\/2025\/06\/rituals-3_c_white_22_786x865-1.jpg\" \/>\n\t<meta property=\"og:image:width\" content=\"786\" \/>\n\t<meta property=\"og:image:height\" content=\"865\" \/>\n\t<meta property=\"og:image:type\" content=\"image\/jpeg\" \/>\n<meta name=\"twitter:card\" content=\"summary_large_image\" \/>\n<meta name=\"twitter:label1\" content=\"Tiempo de lectura\" \/>\n\t<meta name=\"twitter:data1\" content=\"1 minuto\" \/>\n<script type=\"application\/ld+json\" class=\"yoast-schema-graph\">{\"@context\":\"https:\/\/schema.org\",\"@graph\":[{\"@type\":\"WebPage\",\"@id\":\"https:\/\/www.foscarini.com\/es\/producto\/rituals-3-rituals-c-es\/\",\"url\":\"https:\/\/www.foscarini.com\/es\/producto\/rituals-3-rituals-c-es\/\",\"name\":\"Rituals 3 - Foscarini\",\"isPartOf\":{\"@id\":\"https:\/\/www.foscarini.com\/#website\"},\"primaryImageOfPage\":{\"@id\":\"https:\/\/www.foscarini.com\/es\/producto\/rituals-3-rituals-c-es\/#primaryimage\"},\"image\":{\"@id\":\"https:\/\/www.foscarini.com\/es\/producto\/rituals-3-rituals-c-es\/#primaryimage\"},\"thumbnailUrl\":\"https:\/\/www.foscarini.com\/wp-content\/uploads\/2025\/06\/rituals-3_c_white_22_786x865-1.jpg\",\"datePublished\":\"2024-03-28T18:13:23+00:00\",\"dateModified\":\"2025-06-11T15:02:34+00:00\",\"breadcrumb\":{\"@id\":\"https:\/\/www.foscarini.com\/es\/producto\/rituals-3-rituals-c-es\/#breadcrumb\"},\"inLanguage\":\"es\",\"potentialAction\":[{\"@type\":\"ReadAction\",\"target\":[\"https:\/\/www.foscarini.com\/es\/producto\/rituals-3-rituals-c-es\/\"]}]},{\"@type\":\"ImageObject\",\"inLanguage\":\"es\",\"@id\":\"https:\/\/www.foscarini.com\/es\/producto\/rituals-3-rituals-c-es\/#primaryimage\",\"url\":\"https:\/\/www.foscarini.com\/wp-content\/uploads\/2025\/06\/rituals-3_c_white_22_786x865-1.jpg\",\"contentUrl\":\"https:\/\/www.foscarini.com\/wp-content\/uploads\/2025\/06\/rituals-3_c_white_22_786x865-1.jpg\",\"width\":786,\"height\":865},{\"@type\":\"BreadcrumbList\",\"@id\":\"https:\/\/www.foscarini.com\/es\/producto\/rituals-3-rituals-c-es\/#breadcrumb\",\"itemListElement\":[{\"@type\":\"ListItem\",\"position\":1,\"name\":\"Home\",\"item\":\"https:\/\/www.foscarini.com\/es\/\"},{\"@type\":\"ListItem\",\"position\":2,\"name\":\"Tienda\",\"item\":\"https:\/\/www.foscarini.com\/es\/tienda\/\"},{\"@type\":\"ListItem\",\"position\":3,\"name\":\"Rituals 3\"}]},{\"@type\":\"WebSite\",\"@id\":\"https:\/\/www.foscarini.com\/#website\",\"url\":\"https:\/\/www.foscarini.com\/\",\"name\":\"Foscarini\",\"description\":\"\",\"potentialAction\":[{\"@type\":\"SearchAction\",\"target\":{\"@type\":\"EntryPoint\",\"urlTemplate\":\"https:\/\/www.foscarini.com\/?s={search_term_string}\"},\"query-input\":{\"@type\":\"PropertyValueSpecification\",\"valueRequired\":true,\"valueName\":\"search_term_string\"}}],\"inLanguage\":\"es\"}]}<\/script>\n<!-- \/ Yoast SEO Premium plugin. -->","yoast_head_json":{"title":"Rituals 3 - Foscarini","robots":{"index":"index","follow":"follow","max-snippet":"max-snippet:-1","max-image-preview":"max-image-preview:large","max-video-preview":"max-video-preview:-1"},"og_locale":"es_ES","og_type":"article","og_title":"Rituals 3","og_description":"Colecci\u00f3n de plafones de luz difusa. Tres formas de difusor en vidrio soplado a boca con procedimiento de soplado del vidrio sin girar en el molde (\u201cparado\u201d), el efecto a rayas se obtiene con un molde con decoraciones en negativo que se repiten en la superficie del vidrio, a continuaci\u00f3n el vidrio se esmerila manualmente \u201ccon cinta\u201d y se somete a un procedimiento de inmersi\u00f3n en \u00e1cido para marcar el efecto yesoso. Montura de techo en metal pintado con polvos epox\u00eddicos.","og_url":"https:\/\/www.foscarini.com\/es\/producto\/rituals-3-rituals-c-es\/","og_site_name":"Foscarini","article_modified_time":"2025-06-11T15:02:34+00:00","og_image":[{"width":786,"height":865,"url":"https:\/\/www.foscarini.com\/wp-content\/uploads\/2025\/06\/rituals-3_c_white_22_786x865-1.jpg","type":"image\/jpeg"}],"twitter_card":"summary_large_image","twitter_misc":{"Tiempo de lectura":"1 minuto"},"schema":{"@context":"https:\/\/schema.org","@graph":[{"@type":"WebPage","@id":"https:\/\/www.foscarini.com\/es\/producto\/rituals-3-rituals-c-es\/","url":"https:\/\/www.foscarini.com\/es\/producto\/rituals-3-rituals-c-es\/","name":"Rituals 3 - Foscarini","isPartOf":{"@id":"https:\/\/www.foscarini.com\/#website"},"primaryImageOfPage":{"@id":"https:\/\/www.foscarini.com\/es\/producto\/rituals-3-rituals-c-es\/#primaryimage"},"image":{"@id":"https:\/\/www.foscarini.com\/es\/producto\/rituals-3-rituals-c-es\/#primaryimage"},"thumbnailUrl":"https:\/\/www.foscarini.com\/wp-content\/uploads\/2025\/06\/rituals-3_c_white_22_786x865-1.jpg","datePublished":"2024-03-28T18:13:23+00:00","dateModified":"2025-06-11T15:02:34+00:00","breadcrumb":{"@id":"https:\/\/www.foscarini.com\/es\/producto\/rituals-3-rituals-c-es\/#breadcrumb"},"inLanguage":"es","potentialAction":[{"@type":"ReadAction","target":["https:\/\/www.foscarini.com\/es\/producto\/rituals-3-rituals-c-es\/"]}]},{"@type":"ImageObject","inLanguage":"es","@id":"https:\/\/www.foscarini.com\/es\/producto\/rituals-3-rituals-c-es\/#primaryimage","url":"https:\/\/www.foscarini.com\/wp-content\/uploads\/2025\/06\/rituals-3_c_white_22_786x865-1.jpg","contentUrl":"https:\/\/www.foscarini.com\/wp-content\/uploads\/2025\/06\/rituals-3_c_white_22_786x865-1.jpg","width":786,"height":865},{"@type":"BreadcrumbList","@id":"https:\/\/www.foscarini.com\/es\/producto\/rituals-3-rituals-c-es\/#breadcrumb","itemListElement":[{"@type":"ListItem","position":1,"name":"Home","item":"https:\/\/www.foscarini.com\/es\/"},{"@type":"ListItem","position":2,"name":"Tienda","item":"https:\/\/www.foscarini.com\/es\/tienda\/"},{"@type":"ListItem","position":3,"name":"Rituals 3"}]},{"@type":"WebSite","@id":"https:\/\/www.foscarini.com\/#website","url":"https:\/\/www.foscarini.com\/","name":"Foscarini","description":"","potentialAction":[{"@type":"SearchAction","target":{"@type":"EntryPoint","urlTemplate":"https:\/\/www.foscarini.com\/?s={search_term_string}"},"query-input":{"@type":"PropertyValueSpecification","valueRequired":true,"valueName":"search_term_string"}}],"inLanguage":"es"}]}},"_links":{"self":[{"href":"https:\/\/www.foscarini.com\/es\/wp-json\/wp\/v2\/product\/192194"}],"collection":[{"href":"https:\/\/www.foscarini.com\/es\/wp-json\/wp\/v2\/product"}],"about":[{"href":"https:\/\/www.foscarini.com\/es\/wp-json\/wp\/v2\/types\/product"}],"replies":[{"embeddable":true,"href":"https:\/\/www.foscarini.com\/es\/wp-json\/wp\/v2\/comments?post=192194"}],"wp:featuredmedia":[{"embeddable":true,"href":"https:\/\/www.foscarini.com\/es\/wp-json\/wp\/v2\/media\/448388"}],"wp:attachment":[{"href":"https:\/\/www.foscarini.com\/es\/wp-json\/wp\/v2\/media?parent=192194"}],"wp:term":[{"taxonomy":"product_cat","embeddable":true,"href":"https:\/\/www.foscarini.com\/es\/wp-json\/wp\/v2\/product_cat?post=192194"},{"taxonomy":"product_tag","embeddable":true,"href":"https:\/\/www.foscarini.com\/es\/wp-json\/wp\/v2\/product_tag?post=192194"},{"taxonomy":"materiale","embeddable":true,"href":"https:\/\/www.foscarini.com\/es\/wp-json\/wp\/v2\/materiale?post=192194"},{"taxonomy":"altezza","embeddable":true,"href":"https:\/\/www.foscarini.com\/es\/wp-json\/wp\/v2\/altezza?post=192194"},{"taxonomy":"larghezza","embeddable":true,"href":"https:\/\/www.foscarini.com\/es\/wp-json\/wp\/v2\/larghezza?post=192194"},{"taxonomy":"profondita","embeddable":true,"href":"https:\/\/www.foscarini.com\/es\/wp-json\/wp\/v2\/profondita?post=192194"},{"taxonomy":"peso","embeddable":true,"href":"https:\/\/www.foscarini.com\/es\/wp-json\/wp\/v2\/peso?post=192194"},{"taxonomy":"designer-prodotto","embeddable":true,"href":"https:\/\/www.foscarini.com\/es\/wp-json\/wp\/v2\/designer-prodotto?post=192194"}],"curies":[{"name":"wp","href":"https:\/\/api.w.org\/{rel}","templated":true}]}}