{"id":191876,"date":"2024-03-28T18:15:26","date_gmt":"2024-03-28T18:15:26","guid":{"rendered":"https:\/\/www.foscarini.com\/product\/rituals-xl-rituals-t\/"},"modified":"2025-06-11T15:08:53","modified_gmt":"2025-06-11T15:08:53","slug":"rituals-xl-rituals-t-es","status":"publish","type":"product","link":"https:\/\/www.foscarini.com\/es\/producto\/rituals-xl-rituals-t-es\/","title":{"rendered":"Rituals XL"},"content":{"rendered":"<section class=\"pdp__slider full-height-vh\">\n    <div class=\"swiper-container swiper__pdp\">\n        <div class=\"swiper-wrapper full-height\">\n                                <div class=\"swiper-slide\">\n                                                    <img decoding=\"async\" class=\"full-cover\" src=\"https:\/\/www.foscarini.com\/wp-content\/uploads\/2024\/03\/3.1_RitualsXL-4-150x150.jpg\" srcset=\"https:\/\/www.foscarini.com\/wp-content\/uploads\/2024\/03\/3.1_RitualsXL-4-199x300.jpg 199w, https:\/\/www.foscarini.com\/wp-content\/uploads\/2024\/03\/3.1_RitualsXL-4-678x1024.jpg 678w, https:\/\/www.foscarini.com\/wp-content\/uploads\/2024\/03\/3.1_RitualsXL-4-768x1160.jpg 768w, https:\/\/www.foscarini.com\/wp-content\/uploads\/2024\/03\/3.1_RitualsXL-4-800x1208.jpg 800w, https:\/\/www.foscarini.com\/wp-content\/uploads\/2024\/03\/3.1_RitualsXL-4.jpg 980w\" alt=\"\" \/>\n                                                                        <\/div>\n                                        <div class=\"swiper-slide\">\n                                                    <img decoding=\"async\" class=\"full-cover\" src=\"https:\/\/www.foscarini.com\/wp-content\/uploads\/2024\/03\/3.3_RitualsXL-1-150x150.jpg\" srcset=\"https:\/\/www.foscarini.com\/wp-content\/uploads\/2024\/03\/3.3_RitualsXL-1-300x200.jpg 300w, https:\/\/www.foscarini.com\/wp-content\/uploads\/2024\/03\/3.3_RitualsXL-1-1024x683.jpg 1024w, https:\/\/www.foscarini.com\/wp-content\/uploads\/2024\/03\/3.3_RitualsXL-1-768x512.jpg 768w, https:\/\/www.foscarini.com\/wp-content\/uploads\/2024\/03\/3.3_RitualsXL-1-1536x1024.jpg 1536w, https:\/\/www.foscarini.com\/wp-content\/uploads\/2024\/03\/3.3_RitualsXL-1-2048x1365.jpg 2048w, https:\/\/www.foscarini.com\/wp-content\/uploads\/2024\/03\/3.3_RitualsXL-1-800x533.jpg 800w\" alt=\"\" \/>\n                                                                        <\/div>\n                                        <div class=\"swiper-slide\">\n                                                    <img decoding=\"async\" class=\"full-cover\" src=\"https:\/\/www.foscarini.com\/wp-content\/uploads\/2024\/03\/3.8_RitualsXL-150x150.jpg\" srcset=\"https:\/\/www.foscarini.com\/wp-content\/uploads\/2024\/03\/3.8_RitualsXL-300x200.jpg 300w, https:\/\/www.foscarini.com\/wp-content\/uploads\/2024\/03\/3.8_RitualsXL-1024x683.jpg 1024w, https:\/\/www.foscarini.com\/wp-content\/uploads\/2024\/03\/3.8_RitualsXL-768x512.jpg 768w, https:\/\/www.foscarini.com\/wp-content\/uploads\/2024\/03\/3.8_RitualsXL-1536x1024.jpg 1536w, https:\/\/www.foscarini.com\/wp-content\/uploads\/2024\/03\/3.8_RitualsXL-2048x1365.jpg 2048w, https:\/\/www.foscarini.com\/wp-content\/uploads\/2024\/03\/3.8_RitualsXL-800x533.jpg 800w\" alt=\"\" \/>\n                                                                        <\/div>\n                                        <div class=\"swiper-slide\">\n                                                    <img decoding=\"async\" class=\"full-cover\" src=\"https:\/\/www.foscarini.com\/wp-content\/uploads\/2024\/03\/3.9_RitualsXL-2-150x150.jpg\" srcset=\"https:\/\/www.foscarini.com\/wp-content\/uploads\/2024\/03\/3.9_RitualsXL-2-300x300.jpg 300w, https:\/\/www.foscarini.com\/wp-content\/uploads\/2024\/03\/3.9_RitualsXL-2-1024x1024.jpg 1024w, https:\/\/www.foscarini.com\/wp-content\/uploads\/2024\/03\/3.9_RitualsXL-2-150x150.jpg 150w, https:\/\/www.foscarini.com\/wp-content\/uploads\/2024\/03\/3.9_RitualsXL-2-768x768.jpg 768w, https:\/\/www.foscarini.com\/wp-content\/uploads\/2024\/03\/3.9_RitualsXL-2-400x400.jpg 400w, https:\/\/www.foscarini.com\/wp-content\/uploads\/2024\/03\/3.9_RitualsXL-2-800x800.jpg 800w, https:\/\/www.foscarini.com\/wp-content\/uploads\/2024\/03\/3.9_RitualsXL-2-100x100.jpg 100w, https:\/\/www.foscarini.com\/wp-content\/uploads\/2024\/03\/3.9_RitualsXL-2.jpg 1480w\" alt=\"\" \/>\n                                                                        <\/div>\n                                        <div class=\"swiper-slide\">\n                                                    <img decoding=\"async\" class=\"full-cover\" src=\"https:\/\/www.foscarini.com\/wp-content\/uploads\/2024\/03\/3.10_RitualsXL-150x150.jpg\" srcset=\"https:\/\/www.foscarini.com\/wp-content\/uploads\/2024\/03\/3.10_RitualsXL-225x300.jpg 225w, https:\/\/www.foscarini.com\/wp-content\/uploads\/2024\/03\/3.10_RitualsXL-768x1024.jpg 768w, https:\/\/www.foscarini.com\/wp-content\/uploads\/2024\/03\/3.10_RitualsXL-800x1067.jpg 800w, https:\/\/www.foscarini.com\/wp-content\/uploads\/2024\/03\/3.10_RitualsXL.jpg 1110w\" alt=\"\" \/>\n                                                                        <\/div>\n                            <\/div>\n    <\/div>\n    <div class=\"swiper-scrollbar\"><\/div>\n    <div class=\"ct-arrow\">\n        <div class=\"swiper-button-prev\"><\/div>\n        <div class=\"swiper-button-next\"><\/div>\n    <\/div>\n<\/section>","protected":false},"excerpt":{"rendered":"<p>L\u00e1mpara de mesa de luz difusa. Vidrio soplado fijo, con efecto ranurado obtenido con un molde con decoraciones en negativo que se repiten en la superficie del vidrio. Luego el vidrio se esmerila manualmente con cinta y se sumerge en \u00e1cido para obtener el efecto yesoso. Base de apoyo blanco en metal pintado con polvos epox\u00eddicos y soporte del portal\u00e1mpara en policarbonato transparente mate moldeado por inyecci\u00f3n. Interruptor on\/off en el cable transparente o con regulador de luz que permite la regulaci\u00f3n gradual.<\/p>\n","protected":false},"featured_media":469669,"comment_status":"open","ping_status":"closed","template":"","meta":{"_acf_changed":true},"product_cat":[653,719,753,837,5573],"product_tag":[],"materiale":[8157],"altezza":[8528],"larghezza":[8101],"profondita":[8372],"peso":[10556],"designer-prodotto":[7884],"class_list":{"0":"post-191876","1":"product","2":"type-product","3":"status-publish","4":"has-post-thumbnail","6":"product_cat-concetto-es","7":"product_cat-funzione-es","8":"product_cat-tavolo-es","9":"product_cat-rituals-concetto-es","10":"product_cat-rituals-famiglia-es","11":"materiale-vetro-e-vetro-soffiato-es","12":"altezza-16-14-es","13":"larghezza-15-34-es","14":"profondita-15-34-es","15":"peso-71-es","16":"designer-prodotto-ludovica-e-roberto-palomba-es","18":"first","19":"instock","20":"shipping-taxable","21":"purchasable","22":"product-type-variable"},"acf":{"preview_slider":{"titolo":"","testo":"","video_domanda":false,"link_video":""},"prodotto__immagine_preview":{"immagine":225594},"prodotto__slider":{"sottotitolo":"Ludovica+Roberto Palomba (2015)","titolo":"Con su tama\u00f1o importante, la l\u00e1mpara de mesa en vidrio soplado Rituals XL juega un papel de protagonista en los espacios contempor\u00e1neos. Las l\u00edneas horizontales de distinto grosor que recorren la superficie del difusor, filtran y modulan la intensidad de la luz, obteniendo un refinado efecto luminoso.","immagini":[{"immagine":308061,"immagine_mobile":""}]},"prodotto__slider_preview":[{"immagine":469656}],"prodotto__specifiche":{"selezione":[{"scheda_tecnica":463730}]}},"yoast_head":"<!-- This site is optimized with the Yoast SEO Premium plugin v22.4 (Yoast SEO v23.7) - https:\/\/yoast.com\/wordpress\/plugins\/seo\/ -->\n<title>Rituals XL - Foscarini<\/title>\n<meta name=\"robots\" content=\"index, follow, max-snippet:-1, max-image-preview:large, max-video-preview:-1\" \/>\n<meta property=\"og:locale\" content=\"es_ES\" \/>\n<meta property=\"og:type\" content=\"article\" \/>\n<meta property=\"og:title\" content=\"Rituals XL\" \/>\n<meta property=\"og:description\" content=\"L\u00e1mpara de mesa de luz difusa. Vidrio soplado fijo, con efecto ranurado obtenido con un molde con decoraciones en negativo que se repiten en la superficie del vidrio. Luego el vidrio se esmerila manualmente con cinta y se sumerge en \u00e1cido para obtener el efecto yesoso. Base de apoyo blanco en metal pintado con polvos epox\u00eddicos y soporte del portal\u00e1mpara en policarbonato transparente mate moldeado por inyecci\u00f3n. Interruptor on\/off en el cable transparente o con regulador de luz que permite la regulaci\u00f3n gradual.\" \/>\n<meta property=\"og:url\" content=\"https:\/\/www.foscarini.com\/es\/producto\/rituals-xl-rituals-t-es\/\" \/>\n<meta property=\"og:site_name\" content=\"Foscarini\" \/>\n<meta property=\"article:modified_time\" content=\"2025-06-11T15:08:53+00:00\" \/>\n<meta property=\"og:image\" content=\"https:\/\/www.foscarini.com\/wp-content\/uploads\/2025\/06\/rituals-xl_t_white_22_786x865-1.jpg\" \/>\n\t<meta property=\"og:image:width\" content=\"786\" \/>\n\t<meta property=\"og:image:height\" content=\"865\" \/>\n\t<meta property=\"og:image:type\" content=\"image\/jpeg\" \/>\n<meta name=\"twitter:card\" content=\"summary_large_image\" \/>\n<meta name=\"twitter:label1\" content=\"Tiempo de lectura\" \/>\n\t<meta name=\"twitter:data1\" content=\"1 minuto\" \/>\n<script type=\"application\/ld+json\" class=\"yoast-schema-graph\">{\"@context\":\"https:\/\/schema.org\",\"@graph\":[{\"@type\":\"WebPage\",\"@id\":\"https:\/\/www.foscarini.com\/es\/producto\/rituals-xl-rituals-t-es\/\",\"url\":\"https:\/\/www.foscarini.com\/es\/producto\/rituals-xl-rituals-t-es\/\",\"name\":\"Rituals XL - Foscarini\",\"isPartOf\":{\"@id\":\"https:\/\/www.foscarini.com\/#website\"},\"primaryImageOfPage\":{\"@id\":\"https:\/\/www.foscarini.com\/es\/producto\/rituals-xl-rituals-t-es\/#primaryimage\"},\"image\":{\"@id\":\"https:\/\/www.foscarini.com\/es\/producto\/rituals-xl-rituals-t-es\/#primaryimage\"},\"thumbnailUrl\":\"https:\/\/www.foscarini.com\/wp-content\/uploads\/2025\/06\/rituals-xl_t_white_22_786x865-3.jpg\",\"datePublished\":\"2024-03-28T18:15:26+00:00\",\"dateModified\":\"2025-06-11T15:08:53+00:00\",\"breadcrumb\":{\"@id\":\"https:\/\/www.foscarini.com\/es\/producto\/rituals-xl-rituals-t-es\/#breadcrumb\"},\"inLanguage\":\"es\",\"potentialAction\":[{\"@type\":\"ReadAction\",\"target\":[\"https:\/\/www.foscarini.com\/es\/producto\/rituals-xl-rituals-t-es\/\"]}]},{\"@type\":\"ImageObject\",\"inLanguage\":\"es\",\"@id\":\"https:\/\/www.foscarini.com\/es\/producto\/rituals-xl-rituals-t-es\/#primaryimage\",\"url\":\"https:\/\/www.foscarini.com\/wp-content\/uploads\/2025\/06\/rituals-xl_t_white_22_786x865-3.jpg\",\"contentUrl\":\"https:\/\/www.foscarini.com\/wp-content\/uploads\/2025\/06\/rituals-xl_t_white_22_786x865-3.jpg\",\"width\":786,\"height\":865},{\"@type\":\"BreadcrumbList\",\"@id\":\"https:\/\/www.foscarini.com\/es\/producto\/rituals-xl-rituals-t-es\/#breadcrumb\",\"itemListElement\":[{\"@type\":\"ListItem\",\"position\":1,\"name\":\"Home\",\"item\":\"https:\/\/www.foscarini.com\/es\/\"},{\"@type\":\"ListItem\",\"position\":2,\"name\":\"Tienda\",\"item\":\"https:\/\/www.foscarini.com\/es\/tienda\/\"},{\"@type\":\"ListItem\",\"position\":3,\"name\":\"Rituals XL\"}]},{\"@type\":\"WebSite\",\"@id\":\"https:\/\/www.foscarini.com\/#website\",\"url\":\"https:\/\/www.foscarini.com\/\",\"name\":\"Foscarini\",\"description\":\"\",\"potentialAction\":[{\"@type\":\"SearchAction\",\"target\":{\"@type\":\"EntryPoint\",\"urlTemplate\":\"https:\/\/www.foscarini.com\/?s={search_term_string}\"},\"query-input\":{\"@type\":\"PropertyValueSpecification\",\"valueRequired\":true,\"valueName\":\"search_term_string\"}}],\"inLanguage\":\"es\"}]}<\/script>\n<!-- \/ Yoast SEO Premium plugin. -->","yoast_head_json":{"title":"Rituals XL - Foscarini","robots":{"index":"index","follow":"follow","max-snippet":"max-snippet:-1","max-image-preview":"max-image-preview:large","max-video-preview":"max-video-preview:-1"},"og_locale":"es_ES","og_type":"article","og_title":"Rituals XL","og_description":"L\u00e1mpara de mesa de luz difusa. Vidrio soplado fijo, con efecto ranurado obtenido con un molde con decoraciones en negativo que se repiten en la superficie del vidrio. Luego el vidrio se esmerila manualmente con cinta y se sumerge en \u00e1cido para obtener el efecto yesoso. Base de apoyo blanco en metal pintado con polvos epox\u00eddicos y soporte del portal\u00e1mpara en policarbonato transparente mate moldeado por inyecci\u00f3n. Interruptor on\/off en el cable transparente o con regulador de luz que permite la regulaci\u00f3n gradual.","og_url":"https:\/\/www.foscarini.com\/es\/producto\/rituals-xl-rituals-t-es\/","og_site_name":"Foscarini","article_modified_time":"2025-06-11T15:08:53+00:00","og_image":[{"width":786,"height":865,"url":"https:\/\/www.foscarini.com\/wp-content\/uploads\/2025\/06\/rituals-xl_t_white_22_786x865-1.jpg","type":"image\/jpeg"}],"twitter_card":"summary_large_image","twitter_misc":{"Tiempo de lectura":"1 minuto"},"schema":{"@context":"https:\/\/schema.org","@graph":[{"@type":"WebPage","@id":"https:\/\/www.foscarini.com\/es\/producto\/rituals-xl-rituals-t-es\/","url":"https:\/\/www.foscarini.com\/es\/producto\/rituals-xl-rituals-t-es\/","name":"Rituals XL - Foscarini","isPartOf":{"@id":"https:\/\/www.foscarini.com\/#website"},"primaryImageOfPage":{"@id":"https:\/\/www.foscarini.com\/es\/producto\/rituals-xl-rituals-t-es\/#primaryimage"},"image":{"@id":"https:\/\/www.foscarini.com\/es\/producto\/rituals-xl-rituals-t-es\/#primaryimage"},"thumbnailUrl":"https:\/\/www.foscarini.com\/wp-content\/uploads\/2025\/06\/rituals-xl_t_white_22_786x865-3.jpg","datePublished":"2024-03-28T18:15:26+00:00","dateModified":"2025-06-11T15:08:53+00:00","breadcrumb":{"@id":"https:\/\/www.foscarini.com\/es\/producto\/rituals-xl-rituals-t-es\/#breadcrumb"},"inLanguage":"es","potentialAction":[{"@type":"ReadAction","target":["https:\/\/www.foscarini.com\/es\/producto\/rituals-xl-rituals-t-es\/"]}]},{"@type":"ImageObject","inLanguage":"es","@id":"https:\/\/www.foscarini.com\/es\/producto\/rituals-xl-rituals-t-es\/#primaryimage","url":"https:\/\/www.foscarini.com\/wp-content\/uploads\/2025\/06\/rituals-xl_t_white_22_786x865-3.jpg","contentUrl":"https:\/\/www.foscarini.com\/wp-content\/uploads\/2025\/06\/rituals-xl_t_white_22_786x865-3.jpg","width":786,"height":865},{"@type":"BreadcrumbList","@id":"https:\/\/www.foscarini.com\/es\/producto\/rituals-xl-rituals-t-es\/#breadcrumb","itemListElement":[{"@type":"ListItem","position":1,"name":"Home","item":"https:\/\/www.foscarini.com\/es\/"},{"@type":"ListItem","position":2,"name":"Tienda","item":"https:\/\/www.foscarini.com\/es\/tienda\/"},{"@type":"ListItem","position":3,"name":"Rituals XL"}]},{"@type":"WebSite","@id":"https:\/\/www.foscarini.com\/#website","url":"https:\/\/www.foscarini.com\/","name":"Foscarini","description":"","potentialAction":[{"@type":"SearchAction","target":{"@type":"EntryPoint","urlTemplate":"https:\/\/www.foscarini.com\/?s={search_term_string}"},"query-input":{"@type":"PropertyValueSpecification","valueRequired":true,"valueName":"search_term_string"}}],"inLanguage":"es"}]}},"_links":{"self":[{"href":"https:\/\/www.foscarini.com\/es\/wp-json\/wp\/v2\/product\/191876"}],"collection":[{"href":"https:\/\/www.foscarini.com\/es\/wp-json\/wp\/v2\/product"}],"about":[{"href":"https:\/\/www.foscarini.com\/es\/wp-json\/wp\/v2\/types\/product"}],"replies":[{"embeddable":true,"href":"https:\/\/www.foscarini.com\/es\/wp-json\/wp\/v2\/comments?post=191876"}],"wp:featuredmedia":[{"embeddable":true,"href":"https:\/\/www.foscarini.com\/es\/wp-json\/wp\/v2\/media\/469669"}],"wp:attachment":[{"href":"https:\/\/www.foscarini.com\/es\/wp-json\/wp\/v2\/media?parent=191876"}],"wp:term":[{"taxonomy":"product_cat","embeddable":true,"href":"https:\/\/www.foscarini.com\/es\/wp-json\/wp\/v2\/product_cat?post=191876"},{"taxonomy":"product_tag","embeddable":true,"href":"https:\/\/www.foscarini.com\/es\/wp-json\/wp\/v2\/product_tag?post=191876"},{"taxonomy":"materiale","embeddable":true,"href":"https:\/\/www.foscarini.com\/es\/wp-json\/wp\/v2\/materiale?post=191876"},{"taxonomy":"altezza","embeddable":true,"href":"https:\/\/www.foscarini.com\/es\/wp-json\/wp\/v2\/altezza?post=191876"},{"taxonomy":"larghezza","embeddable":true,"href":"https:\/\/www.foscarini.com\/es\/wp-json\/wp\/v2\/larghezza?post=191876"},{"taxonomy":"profondita","embeddable":true,"href":"https:\/\/www.foscarini.com\/es\/wp-json\/wp\/v2\/profondita?post=191876"},{"taxonomy":"peso","embeddable":true,"href":"https:\/\/www.foscarini.com\/es\/wp-json\/wp\/v2\/peso?post=191876"},{"taxonomy":"designer-prodotto","embeddable":true,"href":"https:\/\/www.foscarini.com\/es\/wp-json\/wp\/v2\/designer-prodotto?post=191876"}],"curies":[{"name":"wp","href":"https:\/\/api.w.org\/{rel}","templated":true}]}}