{"id":191109,"date":"2024-03-28T17:47:59","date_gmt":"2024-03-28T17:47:59","guid":{"rendered":"https:\/\/www.foscarini.com\/product\/birdie-std-s\/"},"modified":"2025-06-11T11:08:54","modified_gmt":"2025-06-11T11:08:54","slug":"birdie-std-s-es","status":"publish","type":"product","link":"https:\/\/www.foscarini.com\/es\/producto\/birdie-std-s-es\/","title":{"rendered":"Birdie"},"content":{"rendered":"<p>La lampada a sospensione Birdie \u00e8 leggera, familiare, caratterizzata dal richiamo di un ramoscello pronto ad accogliere un uccellino, da cui il nome. Diffonde una luce calda e intima nell\u2019ambiente e verso il basso.<\/p><section class=\"pdp__slider full-height-vh\">\n    <div class=\"swiper-container swiper__pdp\">\n        <div class=\"swiper-wrapper full-height\">\n                                <div class=\"swiper-slide\">\n                                                    <img decoding=\"async\" class=\"full-cover\" src=\"https:\/\/www.foscarini.com\/wp-content\/uploads\/2024\/03\/3.1_Birdie-7-150x150.jpg\" srcset=\"https:\/\/www.foscarini.com\/wp-content\/uploads\/2024\/03\/3.1_Birdie-7-214x300.jpg 214w, https:\/\/www.foscarini.com\/wp-content\/uploads\/2024\/03\/3.1_Birdie-7-732x1024.jpg 732w, https:\/\/www.foscarini.com\/wp-content\/uploads\/2024\/03\/3.1_Birdie-7-768x1075.jpg 768w, https:\/\/www.foscarini.com\/wp-content\/uploads\/2024\/03\/3.1_Birdie-7-800x1120.jpg 800w, https:\/\/www.foscarini.com\/wp-content\/uploads\/2024\/03\/3.1_Birdie-7.jpg 1059w\" alt=\"\" \/>\n                                                                        <\/div>\n                                        <div class=\"swiper-slide\">\n                                                    <img decoding=\"async\" class=\"full-cover\" src=\"https:\/\/www.foscarini.com\/wp-content\/uploads\/2024\/03\/3.4_Birdie-5-150x150.jpg\" srcset=\"https:\/\/www.foscarini.com\/wp-content\/uploads\/2024\/03\/3.4_Birdie-5-199x300.jpg 199w, https:\/\/www.foscarini.com\/wp-content\/uploads\/2024\/03\/3.4_Birdie-5-678x1024.jpg 678w, https:\/\/www.foscarini.com\/wp-content\/uploads\/2024\/03\/3.4_Birdie-5-768x1160.jpg 768w, https:\/\/www.foscarini.com\/wp-content\/uploads\/2024\/03\/3.4_Birdie-5-800x1208.jpg 800w, https:\/\/www.foscarini.com\/wp-content\/uploads\/2024\/03\/3.4_Birdie-5.jpg 980w\" alt=\"\" \/>\n                                                                        <\/div>\n                                        <div class=\"swiper-slide\">\n                                                    <img decoding=\"async\" class=\"full-cover\" src=\"https:\/\/www.foscarini.com\/wp-content\/uploads\/2024\/03\/3.5_Birdie-5-150x150.jpg\" srcset=\"https:\/\/www.foscarini.com\/wp-content\/uploads\/2024\/03\/3.5_Birdie-5-199x300.jpg 199w, https:\/\/www.foscarini.com\/wp-content\/uploads\/2024\/03\/3.5_Birdie-5-678x1024.jpg 678w, https:\/\/www.foscarini.com\/wp-content\/uploads\/2024\/03\/3.5_Birdie-5-768x1160.jpg 768w, https:\/\/www.foscarini.com\/wp-content\/uploads\/2024\/03\/3.5_Birdie-5-800x1208.jpg 800w, https:\/\/www.foscarini.com\/wp-content\/uploads\/2024\/03\/3.5_Birdie-5.jpg 980w\" alt=\"\" \/>\n                                                                        <\/div>\n                                        <div class=\"swiper-slide\">\n                                                    <img decoding=\"async\" class=\"full-cover\" src=\"https:\/\/www.foscarini.com\/wp-content\/uploads\/2024\/03\/3.6_Birdie-5-150x150.jpg\" srcset=\"https:\/\/www.foscarini.com\/wp-content\/uploads\/2024\/03\/3.6_Birdie-5-199x300.jpg 199w, https:\/\/www.foscarini.com\/wp-content\/uploads\/2024\/03\/3.6_Birdie-5-678x1024.jpg 678w, https:\/\/www.foscarini.com\/wp-content\/uploads\/2024\/03\/3.6_Birdie-5-768x1160.jpg 768w, https:\/\/www.foscarini.com\/wp-content\/uploads\/2024\/03\/3.6_Birdie-5-800x1208.jpg 800w, https:\/\/www.foscarini.com\/wp-content\/uploads\/2024\/03\/3.6_Birdie-5.jpg 980w\" alt=\"\" \/>\n                                                                        <\/div>\n                            <\/div>\n    <\/div>\n    <div class=\"swiper-scrollbar\"><\/div>\n    <div class=\"ct-arrow\">\n        <div class=\"swiper-button-prev\"><\/div>\n        <div class=\"swiper-button-next\"><\/div>\n    <\/div>\n<\/section><section class=\"concept__project_comunication full-height-vh\">\n    <div class=\"row row-large\">\n        <div class=\"medium-12 small-12 columns full-height no-padding-right-mobile\">\n            <div class=\"ct-image-text-lateral\">\n                <div class=\"ct-arrow\">\n                    <div class=\"swiper-button-prev\" aria-label=\"previous slide\"><\/div>\n                    <div class=\"swiper-button-next\" aria-label=\"next slide\"><\/div>\n                <\/div>\n                <span class=\"section-name-lateral\">Contenidos Editoriales<\/span>\n                <!-- Swiper -->\n                <div class=\"swiper-container swiper__concept__comunication\">\n                    <div class=\"swiper-wrapper\">\n                                                            <div class=\"swiper-slide\">\n                                        <div class=\"ct-slide\">\n                                                                                                <img decoding=\"async\" class=\"full-cover\" src=\"https:\/\/www.foscarini.com\/wp-content\/uploads\/2025\/05\/BANNER_NEWSHelen-Mussel-150x150.jpg\" srcset=\"https:\/\/www.foscarini.com\/wp-content\/uploads\/2025\/05\/BANNER_NEWSHelen-Mussel-300x220.jpg 300w, https:\/\/www.foscarini.com\/wp-content\/uploads\/2025\/05\/BANNER_NEWSHelen-Mussel-1024x752.jpg 1024w, https:\/\/www.foscarini.com\/wp-content\/uploads\/2025\/05\/BANNER_NEWSHelen-Mussel-768x564.jpg 768w, https:\/\/www.foscarini.com\/wp-content\/uploads\/2025\/05\/BANNER_NEWSHelen-Mussel-1536x1128.jpg 1536w, https:\/\/www.foscarini.com\/wp-content\/uploads\/2025\/05\/BANNER_NEWSHelen-Mussel-800x587.jpg 800w, https:\/\/www.foscarini.com\/wp-content\/uploads\/2025\/05\/BANNER_NEWSHelen-Mussel.jpg 1640w\" alt=\"\" \/>\n                                                                                                <div class=\"ct-col-right\">\n                                                <div class=\"ct-link\">\n                                                    <a class=\"link-arrow\" href=\"https:\/\/www.foscarini.com\/es\/helen-musselwhite-foscarini\/\">Los paisajes de papel y luz de Helen Musselwhite para Foscarini<\/a>\n                                                    <div class=\"text-1\"><p>El universo art\u00edstico de Helen Musselwhite se compone de recortes de papel, pliegues y sombras que cuentan la maravilla del mundo natural. Para What\u2019s in a Lamp?, la artista reinterpreta algunas l\u00e1mparas de Foscarini, transform\u00e1ndolas en paisajes on\u00edricos de papel.<\/p>\n<\/div>\n                                                <\/div>\n                                            <\/div>\n                                        <\/div>\n                                    <\/div>\n                                                        <\/div>\n                <\/div>\n            <\/div>\n        <\/div>\n    <\/div>\n<\/section>","protected":false},"excerpt":{"rendered":"<p>L\u00e1mpara de suspensi\u00f3n en dos medidas de luz directa y difusa. Difusor en policarbonato transl\u00facido moldeado por inyecci\u00f3n. Estructura en acero pintado con l\u00edquido. Cable el\u00e9ctrico transparente autoportante y flor\u00f3n de techo con estribo de metal zincado y cubierta en ABS coloreada en el compuesto de moldeo blanco mate.<\/p>\n","protected":false},"featured_media":465842,"comment_status":"open","ping_status":"closed","template":"","meta":{"_acf_changed":true},"product_cat":[1077,5333,653,719,744],"product_tag":[],"materiale":[8316],"altezza":[8496],"larghezza":[11601],"profondita":[11530],"peso":[7578],"designer-prodotto":[7884],"class_list":{"0":"post-191109","1":"product","2":"type-product","3":"status-publish","4":"has-post-thumbnail","6":"product_cat-birdie-concetto-es","7":"product_cat-birdie-famiglia-es","8":"product_cat-concetto-es","9":"product_cat-funzione-es","10":"product_cat-sospensione-es","11":"materiale-materiale-plastico-es","12":"altezza-16-12-es","13":"larghezza-9-78-es","14":"profondita-9-78-es","15":"peso-11-es","16":"designer-prodotto-ludovica-e-roberto-palomba-es","18":"first","19":"instock","20":"shipping-taxable","21":"purchasable","22":"product-type-variable"},"acf":{"preview_slider":{"titolo":"","testo":"","video_domanda":false,"link_video":""},"prodotto__immagine_preview":{"immagine":221795},"prodotto__slider":{"sottotitolo":"Ludovica+Roberto Palomba (2013)","titolo":"La l\u00e1mpara de suspensi\u00f3n Birdie es ligera, familiar y se caracteriza por la similitud con una ramita lista para acoger un pajarito (birdie en ingl\u00e9s), de donde proviene el nombre. Propaga una luz c\u00e1lida e \u00edntima en el ambiente y hacia abajo.","immagini":[{"immagine":308243,"immagine_mobile":""},{"immagine":308250,"immagine_mobile":""}]},"prodotto__slider_preview":null,"prodotto__specifiche":{"selezione":[{"scheda_tecnica":461343},{"scheda_tecnica":461351}]}},"yoast_head":"<!-- This site is optimized with the Yoast SEO Premium plugin v22.4 (Yoast SEO v23.7) - https:\/\/yoast.com\/wordpress\/plugins\/seo\/ -->\n<title>Birdie - Foscarini<\/title>\n<meta name=\"robots\" content=\"index, follow, max-snippet:-1, max-image-preview:large, max-video-preview:-1\" \/>\n<meta property=\"og:locale\" content=\"es_ES\" \/>\n<meta property=\"og:type\" content=\"article\" \/>\n<meta property=\"og:title\" content=\"Birdie\" \/>\n<meta property=\"og:description\" content=\"L\u00e1mpara de suspensi\u00f3n en dos medidas de luz directa y difusa. Difusor en policarbonato transl\u00facido moldeado por inyecci\u00f3n. Estructura en acero pintado con l\u00edquido. Cable el\u00e9ctrico transparente autoportante y flor\u00f3n de techo con estribo de metal zincado y cubierta en ABS coloreada en el compuesto de moldeo blanco mate.\" \/>\n<meta property=\"og:url\" content=\"https:\/\/www.foscarini.com\/es\/producto\/birdie-std-s-es\/\" \/>\n<meta property=\"og:site_name\" content=\"Foscarini\" \/>\n<meta property=\"article:modified_time\" content=\"2025-06-11T11:08:54+00:00\" \/>\n<meta property=\"og:image\" content=\"https:\/\/www.foscarini.com\/wp-content\/uploads\/2025\/06\/birdie_s_white_22_786x865-1.jpg\" \/>\n\t<meta property=\"og:image:width\" content=\"786\" \/>\n\t<meta property=\"og:image:height\" content=\"865\" \/>\n\t<meta property=\"og:image:type\" content=\"image\/jpeg\" \/>\n<meta name=\"twitter:card\" content=\"summary_large_image\" \/>\n<meta name=\"twitter:label1\" content=\"Tiempo de lectura\" \/>\n\t<meta name=\"twitter:data1\" content=\"1 minuto\" \/>\n<script type=\"application\/ld+json\" class=\"yoast-schema-graph\">{\"@context\":\"https:\/\/schema.org\",\"@graph\":[{\"@type\":\"WebPage\",\"@id\":\"https:\/\/www.foscarini.com\/es\/producto\/birdie-std-s-es\/\",\"url\":\"https:\/\/www.foscarini.com\/es\/producto\/birdie-std-s-es\/\",\"name\":\"Birdie - Foscarini\",\"isPartOf\":{\"@id\":\"https:\/\/www.foscarini.com\/#website\"},\"primaryImageOfPage\":{\"@id\":\"https:\/\/www.foscarini.com\/es\/producto\/birdie-std-s-es\/#primaryimage\"},\"image\":{\"@id\":\"https:\/\/www.foscarini.com\/es\/producto\/birdie-std-s-es\/#primaryimage\"},\"thumbnailUrl\":\"https:\/\/www.foscarini.com\/wp-content\/uploads\/2025\/06\/birdie_s_white_22_786x865-3.jpg\",\"datePublished\":\"2024-03-28T17:47:59+00:00\",\"dateModified\":\"2025-06-11T11:08:54+00:00\",\"breadcrumb\":{\"@id\":\"https:\/\/www.foscarini.com\/es\/producto\/birdie-std-s-es\/#breadcrumb\"},\"inLanguage\":\"es\",\"potentialAction\":[{\"@type\":\"ReadAction\",\"target\":[\"https:\/\/www.foscarini.com\/es\/producto\/birdie-std-s-es\/\"]}]},{\"@type\":\"ImageObject\",\"inLanguage\":\"es\",\"@id\":\"https:\/\/www.foscarini.com\/es\/producto\/birdie-std-s-es\/#primaryimage\",\"url\":\"https:\/\/www.foscarini.com\/wp-content\/uploads\/2025\/06\/birdie_s_white_22_786x865-3.jpg\",\"contentUrl\":\"https:\/\/www.foscarini.com\/wp-content\/uploads\/2025\/06\/birdie_s_white_22_786x865-3.jpg\",\"width\":786,\"height\":865},{\"@type\":\"BreadcrumbList\",\"@id\":\"https:\/\/www.foscarini.com\/es\/producto\/birdie-std-s-es\/#breadcrumb\",\"itemListElement\":[{\"@type\":\"ListItem\",\"position\":1,\"name\":\"Home\",\"item\":\"https:\/\/www.foscarini.com\/es\/\"},{\"@type\":\"ListItem\",\"position\":2,\"name\":\"Tienda\",\"item\":\"https:\/\/www.foscarini.com\/es\/tienda\/\"},{\"@type\":\"ListItem\",\"position\":3,\"name\":\"Birdie\"}]},{\"@type\":\"WebSite\",\"@id\":\"https:\/\/www.foscarini.com\/#website\",\"url\":\"https:\/\/www.foscarini.com\/\",\"name\":\"Foscarini\",\"description\":\"\",\"potentialAction\":[{\"@type\":\"SearchAction\",\"target\":{\"@type\":\"EntryPoint\",\"urlTemplate\":\"https:\/\/www.foscarini.com\/?s={search_term_string}\"},\"query-input\":{\"@type\":\"PropertyValueSpecification\",\"valueRequired\":true,\"valueName\":\"search_term_string\"}}],\"inLanguage\":\"es\"}]}<\/script>\n<!-- \/ Yoast SEO Premium plugin. -->","yoast_head_json":{"title":"Birdie - Foscarini","robots":{"index":"index","follow":"follow","max-snippet":"max-snippet:-1","max-image-preview":"max-image-preview:large","max-video-preview":"max-video-preview:-1"},"og_locale":"es_ES","og_type":"article","og_title":"Birdie","og_description":"L\u00e1mpara de suspensi\u00f3n en dos medidas de luz directa y difusa. Difusor en policarbonato transl\u00facido moldeado por inyecci\u00f3n. Estructura en acero pintado con l\u00edquido. Cable el\u00e9ctrico transparente autoportante y flor\u00f3n de techo con estribo de metal zincado y cubierta en ABS coloreada en el compuesto de moldeo blanco mate.","og_url":"https:\/\/www.foscarini.com\/es\/producto\/birdie-std-s-es\/","og_site_name":"Foscarini","article_modified_time":"2025-06-11T11:08:54+00:00","og_image":[{"width":786,"height":865,"url":"https:\/\/www.foscarini.com\/wp-content\/uploads\/2025\/06\/birdie_s_white_22_786x865-1.jpg","type":"image\/jpeg"}],"twitter_card":"summary_large_image","twitter_misc":{"Tiempo de lectura":"1 minuto"},"schema":{"@context":"https:\/\/schema.org","@graph":[{"@type":"WebPage","@id":"https:\/\/www.foscarini.com\/es\/producto\/birdie-std-s-es\/","url":"https:\/\/www.foscarini.com\/es\/producto\/birdie-std-s-es\/","name":"Birdie - Foscarini","isPartOf":{"@id":"https:\/\/www.foscarini.com\/#website"},"primaryImageOfPage":{"@id":"https:\/\/www.foscarini.com\/es\/producto\/birdie-std-s-es\/#primaryimage"},"image":{"@id":"https:\/\/www.foscarini.com\/es\/producto\/birdie-std-s-es\/#primaryimage"},"thumbnailUrl":"https:\/\/www.foscarini.com\/wp-content\/uploads\/2025\/06\/birdie_s_white_22_786x865-3.jpg","datePublished":"2024-03-28T17:47:59+00:00","dateModified":"2025-06-11T11:08:54+00:00","breadcrumb":{"@id":"https:\/\/www.foscarini.com\/es\/producto\/birdie-std-s-es\/#breadcrumb"},"inLanguage":"es","potentialAction":[{"@type":"ReadAction","target":["https:\/\/www.foscarini.com\/es\/producto\/birdie-std-s-es\/"]}]},{"@type":"ImageObject","inLanguage":"es","@id":"https:\/\/www.foscarini.com\/es\/producto\/birdie-std-s-es\/#primaryimage","url":"https:\/\/www.foscarini.com\/wp-content\/uploads\/2025\/06\/birdie_s_white_22_786x865-3.jpg","contentUrl":"https:\/\/www.foscarini.com\/wp-content\/uploads\/2025\/06\/birdie_s_white_22_786x865-3.jpg","width":786,"height":865},{"@type":"BreadcrumbList","@id":"https:\/\/www.foscarini.com\/es\/producto\/birdie-std-s-es\/#breadcrumb","itemListElement":[{"@type":"ListItem","position":1,"name":"Home","item":"https:\/\/www.foscarini.com\/es\/"},{"@type":"ListItem","position":2,"name":"Tienda","item":"https:\/\/www.foscarini.com\/es\/tienda\/"},{"@type":"ListItem","position":3,"name":"Birdie"}]},{"@type":"WebSite","@id":"https:\/\/www.foscarini.com\/#website","url":"https:\/\/www.foscarini.com\/","name":"Foscarini","description":"","potentialAction":[{"@type":"SearchAction","target":{"@type":"EntryPoint","urlTemplate":"https:\/\/www.foscarini.com\/?s={search_term_string}"},"query-input":{"@type":"PropertyValueSpecification","valueRequired":true,"valueName":"search_term_string"}}],"inLanguage":"es"}]}},"_links":{"self":[{"href":"https:\/\/www.foscarini.com\/es\/wp-json\/wp\/v2\/product\/191109"}],"collection":[{"href":"https:\/\/www.foscarini.com\/es\/wp-json\/wp\/v2\/product"}],"about":[{"href":"https:\/\/www.foscarini.com\/es\/wp-json\/wp\/v2\/types\/product"}],"replies":[{"embeddable":true,"href":"https:\/\/www.foscarini.com\/es\/wp-json\/wp\/v2\/comments?post=191109"}],"wp:featuredmedia":[{"embeddable":true,"href":"https:\/\/www.foscarini.com\/es\/wp-json\/wp\/v2\/media\/465842"}],"wp:attachment":[{"href":"https:\/\/www.foscarini.com\/es\/wp-json\/wp\/v2\/media?parent=191109"}],"wp:term":[{"taxonomy":"product_cat","embeddable":true,"href":"https:\/\/www.foscarini.com\/es\/wp-json\/wp\/v2\/product_cat?post=191109"},{"taxonomy":"product_tag","embeddable":true,"href":"https:\/\/www.foscarini.com\/es\/wp-json\/wp\/v2\/product_tag?post=191109"},{"taxonomy":"materiale","embeddable":true,"href":"https:\/\/www.foscarini.com\/es\/wp-json\/wp\/v2\/materiale?post=191109"},{"taxonomy":"altezza","embeddable":true,"href":"https:\/\/www.foscarini.com\/es\/wp-json\/wp\/v2\/altezza?post=191109"},{"taxonomy":"larghezza","embeddable":true,"href":"https:\/\/www.foscarini.com\/es\/wp-json\/wp\/v2\/larghezza?post=191109"},{"taxonomy":"profondita","embeddable":true,"href":"https:\/\/www.foscarini.com\/es\/wp-json\/wp\/v2\/profondita?post=191109"},{"taxonomy":"peso","embeddable":true,"href":"https:\/\/www.foscarini.com\/es\/wp-json\/wp\/v2\/peso?post=191109"},{"taxonomy":"designer-prodotto","embeddable":true,"href":"https:\/\/www.foscarini.com\/es\/wp-json\/wp\/v2\/designer-prodotto?post=191109"}],"curies":[{"name":"wp","href":"https:\/\/api.w.org\/{rel}","templated":true}]}}