{"id":190876,"date":"2024-03-28T17:45:09","date_gmt":"2024-03-28T17:45:09","guid":{"rendered":"https:\/\/www.foscarini.com\/product\/aplomb-std-w\/"},"modified":"2025-06-11T10:51:35","modified_gmt":"2025-06-11T10:51:35","slug":"aplomb-std-w-es","status":"publish","type":"product","link":"https:\/\/www.foscarini.com\/es\/producto\/aplomb-std-w-es\/","title":{"rendered":"Aplomb"},"content":{"rendered":"<p>Parte integrante dell&#8217;architettura, ma con una propria personalit\u00e0 nel design, la lampada da parete Aplomb \u00e8 realizzata con uno speciale cemento e sprigiona un duplice effetto di illuminazione, verso l&#8217;alto e il basso.<\/p><section class=\"pdp__slider full-height-vh\">\n    <div class=\"swiper-container swiper__pdp\">\n        <div class=\"swiper-wrapper full-height\">\n                                <div class=\"swiper-slide\">\n                                                    <img decoding=\"async\" class=\"full-cover\" src=\"https:\/\/www.foscarini.com\/wp-content\/uploads\/2024\/03\/3.1_Aplomb-1-150x150.jpg\" srcset=\"https:\/\/www.foscarini.com\/wp-content\/uploads\/2024\/03\/3.1_Aplomb-1-194x300.jpg 194w, https:\/\/www.foscarini.com\/wp-content\/uploads\/2024\/03\/3.1_Aplomb-1-663x1024.jpg 663w, https:\/\/www.foscarini.com\/wp-content\/uploads\/2024\/03\/3.1_Aplomb-1-768x1186.jpg 768w, https:\/\/www.foscarini.com\/wp-content\/uploads\/2024\/03\/3.1_Aplomb-1-800x1235.jpg 800w, https:\/\/www.foscarini.com\/wp-content\/uploads\/2024\/03\/3.1_Aplomb-1.jpg 960w\" alt=\"\" \/>\n                                                                        <\/div>\n                                        <div class=\"swiper-slide\">\n                                                    <img decoding=\"async\" class=\"full-cover\" src=\"https:\/\/www.foscarini.com\/wp-content\/uploads\/2024\/03\/3.2_Aplomb-1-150x150.jpg\" srcset=\"https:\/\/www.foscarini.com\/wp-content\/uploads\/2024\/03\/3.2_Aplomb-1-300x250.jpg 300w, https:\/\/www.foscarini.com\/wp-content\/uploads\/2024\/03\/3.2_Aplomb-1-1024x854.jpg 1024w, https:\/\/www.foscarini.com\/wp-content\/uploads\/2024\/03\/3.2_Aplomb-1-768x641.jpg 768w, https:\/\/www.foscarini.com\/wp-content\/uploads\/2024\/03\/3.2_Aplomb-1-1536x1282.jpg 1536w, https:\/\/www.foscarini.com\/wp-content\/uploads\/2024\/03\/3.2_Aplomb-1-800x668.jpg 800w, https:\/\/www.foscarini.com\/wp-content\/uploads\/2024\/03\/3.2_Aplomb-1.jpg 1776w\" alt=\"\" \/>\n                                                                        <\/div>\n                                        <div class=\"swiper-slide\">\n                                                    <img decoding=\"async\" class=\"full-cover\" src=\"https:\/\/www.foscarini.com\/wp-content\/uploads\/2024\/03\/3.3_Aplomb-1-150x150.jpg\" srcset=\"https:\/\/www.foscarini.com\/wp-content\/uploads\/2024\/03\/3.3_Aplomb-1-300x250.jpg 300w, https:\/\/www.foscarini.com\/wp-content\/uploads\/2024\/03\/3.3_Aplomb-1-1024x854.jpg 1024w, https:\/\/www.foscarini.com\/wp-content\/uploads\/2024\/03\/3.3_Aplomb-1-768x641.jpg 768w, https:\/\/www.foscarini.com\/wp-content\/uploads\/2024\/03\/3.3_Aplomb-1-1536x1282.jpg 1536w, https:\/\/www.foscarini.com\/wp-content\/uploads\/2024\/03\/3.3_Aplomb-1-800x668.jpg 800w, https:\/\/www.foscarini.com\/wp-content\/uploads\/2024\/03\/3.3_Aplomb-1.jpg 1776w\" alt=\"\" \/>\n                                                                        <\/div>\n                                        <div class=\"swiper-slide\">\n                                                    <img decoding=\"async\" class=\"full-cover\" src=\"https:\/\/www.foscarini.com\/wp-content\/uploads\/2024\/03\/3.4_Aplomb-1-150x150.jpg\" srcset=\"https:\/\/www.foscarini.com\/wp-content\/uploads\/2024\/03\/3.4_Aplomb-1-300x250.jpg 300w, https:\/\/www.foscarini.com\/wp-content\/uploads\/2024\/03\/3.4_Aplomb-1-1024x854.jpg 1024w, https:\/\/www.foscarini.com\/wp-content\/uploads\/2024\/03\/3.4_Aplomb-1-768x641.jpg 768w, https:\/\/www.foscarini.com\/wp-content\/uploads\/2024\/03\/3.4_Aplomb-1-1536x1282.jpg 1536w, https:\/\/www.foscarini.com\/wp-content\/uploads\/2024\/03\/3.4_Aplomb-1-800x668.jpg 800w, https:\/\/www.foscarini.com\/wp-content\/uploads\/2024\/03\/3.4_Aplomb-1.jpg 1776w\" alt=\"\" \/>\n                                                                        <\/div>\n                            <\/div>\n    <\/div>\n    <div class=\"swiper-scrollbar\"><\/div>\n    <div class=\"ct-arrow\">\n        <div class=\"swiper-button-prev\"><\/div>\n        <div class=\"swiper-button-next\"><\/div>\n    <\/div>\n<\/section><section class=\"concept__project_comunication full-height-vh\">\n    <div class=\"row row-large\">\n        <div class=\"medium-12 small-12 columns full-height no-padding-right-mobile\">\n            <div class=\"ct-image-text-lateral\">\n                <div class=\"ct-arrow\">\n                    <div class=\"swiper-button-prev\" aria-label=\"previous slide\"><\/div>\n                    <div class=\"swiper-button-next\" aria-label=\"next slide\"><\/div>\n                <\/div>\n                <span class=\"section-name-lateral\">Contenidos Editoriales<\/span>\n                <!-- Swiper -->\n                <div class=\"swiper-container swiper__concept__comunication\">\n                    <div class=\"swiper-wrapper\">\n                                                            <div class=\"swiper-slide\">\n                                        <div class=\"ct-slide\">\n                                                                                                <img decoding=\"async\" class=\"full-cover\" src=\"https:\/\/www.foscarini.com\/wp-content\/uploads\/2024\/01\/Modulo1_1-1-150x150.jpg\" srcset=\"https:\/\/www.foscarini.com\/wp-content\/uploads\/2024\/01\/Modulo1_1-1-300x167.jpg 300w, https:\/\/www.foscarini.com\/wp-content\/uploads\/2024\/01\/Modulo1_1-1-scaled-800x444.jpg 800w, https:\/\/www.foscarini.com\/wp-content\/uploads\/2024\/01\/Modulo1_1-1-1024x569.jpg 1024w, https:\/\/www.foscarini.com\/wp-content\/uploads\/2024\/01\/Modulo1_1-1-768x427.jpg 768w, https:\/\/www.foscarini.com\/wp-content\/uploads\/2024\/01\/Modulo1_1-1-1536x853.jpg 1536w, https:\/\/www.foscarini.com\/wp-content\/uploads\/2024\/01\/Modulo1_1-1-2048x1138.jpg 2048w\" alt=\"\" \/>\n                                                                                                <div class=\"ct-col-right\">\n                                                <div class=\"ct-link\">\n                                                    <a class=\"link-arrow\" href=\"https:\/\/www.foscarini.com\/es\/maestrie\/concrete\/\">MAESTRIE: Cemento<\/a>\n                                                    <div class=\"text-1\"><p>Un materiale tecnico, nato per l\u2019architettura, che si trasforma in una presenza emozionale e scenica negli interni. Grazie al design, dall\u2019opacit\u00e0 nasce la luce.<\/p>\n<\/div>\n                                                <\/div>\n                                            <\/div>\n                                        <\/div>\n                                    <\/div>\n                                                        <\/div>\n                <\/div>\n            <\/div>\n        <\/div>\n    <\/div>\n<\/section>","protected":false},"excerpt":{"rendered":"<p>L\u00e1mpara de pared de luz indirecta y reflejada. Realizada con una amalgama especial de cemento, agradable a la vista y al tacto. Con su progresi\u00f3n oblicua dialoga con la pared de apoyo y permite una amplia difusi\u00f3n de la luz, que se libera hacia arriba por la apertura superior y hacia abajo por la inferior m\u00e1s peque\u00f1a, protegida por un disco de vidrio con acabado acidado, determinando en la pared un juego de luces sofisticado. Difusor interno con forma de par\u00e1bola en acero cepillado, estructura y fijaci\u00f3n de pared en metal pintado.<\/p>\n","protected":false},"featured_media":465454,"comment_status":"open","ping_status":"closed","template":"","meta":{"_acf_changed":false},"product_cat":[1054,5297,653,719,708],"product_tag":[],"materiale":[8026],"altezza":[7999],"larghezza":[9776],"profondita":[9215],"peso":[7917],"designer-prodotto":[7684],"class_list":{"0":"post-190876","1":"product","2":"type-product","3":"status-publish","4":"has-post-thumbnail","6":"product_cat-aplomb-concetto-es","7":"product_cat-aplomb-famiglia-es","8":"product_cat-concetto-es","9":"product_cat-funzione-es","10":"product_cat-parete-es","11":"materiale-cemento-es","12":"altezza-15-es","13":"larghezza-30-es","14":"profondita-24-es","15":"peso-19-es","16":"designer-prodotto-lucidi-pevere-es","18":"first","19":"instock","20":"shipping-taxable","21":"purchasable","22":"product-type-variable"},"acf":{"preview_slider":{"titolo":"","testo":"","video_domanda":false,"link_video":""},"prodotto__immagine_preview":{"immagine":221402},"prodotto__slider":{"sottotitolo":"Lucidi, Pevere (2013)","titolo":"Parte integrante de la arquitectura, pero con una propia personalidad en el dise\u00f1o, la l\u00e1mpara de pared Aplomb est\u00e1 realizada con un especial cemento y emana un doble efecto de iluminaci\u00f3n, hacia arriba y hacia abajo.","immagini":[{"immagine":132530,"immagine_mobile":null},{"immagine":132523,"immagine_mobile":null},{"immagine":132516,"immagine_mobile":null}]},"prodotto__slider_preview":[{"immagine":465434},{"immagine":465441}],"prodotto__specifiche":{"selezione":[{"scheda_tecnica":461085}]}},"yoast_head":"<!-- This site is optimized with the Yoast SEO Premium plugin v22.4 (Yoast SEO v23.7) - https:\/\/yoast.com\/wordpress\/plugins\/seo\/ -->\n<title>Aplomb - Foscarini<\/title>\n<meta name=\"robots\" content=\"index, follow, max-snippet:-1, max-image-preview:large, max-video-preview:-1\" \/>\n<meta property=\"og:locale\" content=\"es_ES\" \/>\n<meta property=\"og:type\" content=\"article\" \/>\n<meta property=\"og:title\" content=\"Aplomb\" \/>\n<meta property=\"og:description\" content=\"L\u00e1mpara de pared de luz indirecta y reflejada. Realizada con una amalgama especial de cemento, agradable a la vista y al tacto. Con su progresi\u00f3n oblicua dialoga con la pared de apoyo y permite una amplia difusi\u00f3n de la luz, que se libera hacia arriba por la apertura superior y hacia abajo por la inferior m\u00e1s peque\u00f1a, protegida por un disco de vidrio con acabado acidado, determinando en la pared un juego de luces sofisticado. Difusor interno con forma de par\u00e1bola en acero cepillado, estructura y fijaci\u00f3n de pared en metal pintado.\" \/>\n<meta property=\"og:url\" content=\"https:\/\/www.foscarini.com\/es\/producto\/aplomb-std-w-es\/\" \/>\n<meta property=\"og:site_name\" content=\"Foscarini\" \/>\n<meta property=\"article:modified_time\" content=\"2025-06-11T10:51:35+00:00\" \/>\n<meta property=\"og:image\" content=\"https:\/\/www.foscarini.com\/wp-content\/uploads\/2025\/06\/aplomb_w_grey_22_786x865-1.jpg\" \/>\n\t<meta property=\"og:image:width\" content=\"786\" \/>\n\t<meta property=\"og:image:height\" content=\"865\" \/>\n\t<meta property=\"og:image:type\" content=\"image\/jpeg\" \/>\n<meta name=\"twitter:card\" content=\"summary_large_image\" \/>\n<meta name=\"twitter:label1\" content=\"Tiempo de lectura\" \/>\n\t<meta name=\"twitter:data1\" content=\"1 minuto\" \/>\n<script type=\"application\/ld+json\" class=\"yoast-schema-graph\">{\"@context\":\"https:\/\/schema.org\",\"@graph\":[{\"@type\":\"WebPage\",\"@id\":\"https:\/\/www.foscarini.com\/es\/producto\/aplomb-std-w-es\/\",\"url\":\"https:\/\/www.foscarini.com\/es\/producto\/aplomb-std-w-es\/\",\"name\":\"Aplomb - Foscarini\",\"isPartOf\":{\"@id\":\"https:\/\/www.foscarini.com\/#website\"},\"primaryImageOfPage\":{\"@id\":\"https:\/\/www.foscarini.com\/es\/producto\/aplomb-std-w-es\/#primaryimage\"},\"image\":{\"@id\":\"https:\/\/www.foscarini.com\/es\/producto\/aplomb-std-w-es\/#primaryimage\"},\"thumbnailUrl\":\"https:\/\/www.foscarini.com\/wp-content\/uploads\/2025\/06\/aplomb_w_grey_22_786x865-3.jpg\",\"datePublished\":\"2024-03-28T17:45:09+00:00\",\"dateModified\":\"2025-06-11T10:51:35+00:00\",\"breadcrumb\":{\"@id\":\"https:\/\/www.foscarini.com\/es\/producto\/aplomb-std-w-es\/#breadcrumb\"},\"inLanguage\":\"es\",\"potentialAction\":[{\"@type\":\"ReadAction\",\"target\":[\"https:\/\/www.foscarini.com\/es\/producto\/aplomb-std-w-es\/\"]}]},{\"@type\":\"ImageObject\",\"inLanguage\":\"es\",\"@id\":\"https:\/\/www.foscarini.com\/es\/producto\/aplomb-std-w-es\/#primaryimage\",\"url\":\"https:\/\/www.foscarini.com\/wp-content\/uploads\/2025\/06\/aplomb_w_grey_22_786x865-3.jpg\",\"contentUrl\":\"https:\/\/www.foscarini.com\/wp-content\/uploads\/2025\/06\/aplomb_w_grey_22_786x865-3.jpg\",\"width\":786,\"height\":865},{\"@type\":\"BreadcrumbList\",\"@id\":\"https:\/\/www.foscarini.com\/es\/producto\/aplomb-std-w-es\/#breadcrumb\",\"itemListElement\":[{\"@type\":\"ListItem\",\"position\":1,\"name\":\"Home\",\"item\":\"https:\/\/www.foscarini.com\/es\/\"},{\"@type\":\"ListItem\",\"position\":2,\"name\":\"Tienda\",\"item\":\"https:\/\/www.foscarini.com\/es\/tienda\/\"},{\"@type\":\"ListItem\",\"position\":3,\"name\":\"Aplomb\"}]},{\"@type\":\"WebSite\",\"@id\":\"https:\/\/www.foscarini.com\/#website\",\"url\":\"https:\/\/www.foscarini.com\/\",\"name\":\"Foscarini\",\"description\":\"\",\"potentialAction\":[{\"@type\":\"SearchAction\",\"target\":{\"@type\":\"EntryPoint\",\"urlTemplate\":\"https:\/\/www.foscarini.com\/?s={search_term_string}\"},\"query-input\":{\"@type\":\"PropertyValueSpecification\",\"valueRequired\":true,\"valueName\":\"search_term_string\"}}],\"inLanguage\":\"es\"}]}<\/script>\n<!-- \/ Yoast SEO Premium plugin. -->","yoast_head_json":{"title":"Aplomb - Foscarini","robots":{"index":"index","follow":"follow","max-snippet":"max-snippet:-1","max-image-preview":"max-image-preview:large","max-video-preview":"max-video-preview:-1"},"og_locale":"es_ES","og_type":"article","og_title":"Aplomb","og_description":"L\u00e1mpara de pared de luz indirecta y reflejada. Realizada con una amalgama especial de cemento, agradable a la vista y al tacto. Con su progresi\u00f3n oblicua dialoga con la pared de apoyo y permite una amplia difusi\u00f3n de la luz, que se libera hacia arriba por la apertura superior y hacia abajo por la inferior m\u00e1s peque\u00f1a, protegida por un disco de vidrio con acabado acidado, determinando en la pared un juego de luces sofisticado. Difusor interno con forma de par\u00e1bola en acero cepillado, estructura y fijaci\u00f3n de pared en metal pintado.","og_url":"https:\/\/www.foscarini.com\/es\/producto\/aplomb-std-w-es\/","og_site_name":"Foscarini","article_modified_time":"2025-06-11T10:51:35+00:00","og_image":[{"width":786,"height":865,"url":"https:\/\/www.foscarini.com\/wp-content\/uploads\/2025\/06\/aplomb_w_grey_22_786x865-1.jpg","type":"image\/jpeg"}],"twitter_card":"summary_large_image","twitter_misc":{"Tiempo de lectura":"1 minuto"},"schema":{"@context":"https:\/\/schema.org","@graph":[{"@type":"WebPage","@id":"https:\/\/www.foscarini.com\/es\/producto\/aplomb-std-w-es\/","url":"https:\/\/www.foscarini.com\/es\/producto\/aplomb-std-w-es\/","name":"Aplomb - Foscarini","isPartOf":{"@id":"https:\/\/www.foscarini.com\/#website"},"primaryImageOfPage":{"@id":"https:\/\/www.foscarini.com\/es\/producto\/aplomb-std-w-es\/#primaryimage"},"image":{"@id":"https:\/\/www.foscarini.com\/es\/producto\/aplomb-std-w-es\/#primaryimage"},"thumbnailUrl":"https:\/\/www.foscarini.com\/wp-content\/uploads\/2025\/06\/aplomb_w_grey_22_786x865-3.jpg","datePublished":"2024-03-28T17:45:09+00:00","dateModified":"2025-06-11T10:51:35+00:00","breadcrumb":{"@id":"https:\/\/www.foscarini.com\/es\/producto\/aplomb-std-w-es\/#breadcrumb"},"inLanguage":"es","potentialAction":[{"@type":"ReadAction","target":["https:\/\/www.foscarini.com\/es\/producto\/aplomb-std-w-es\/"]}]},{"@type":"ImageObject","inLanguage":"es","@id":"https:\/\/www.foscarini.com\/es\/producto\/aplomb-std-w-es\/#primaryimage","url":"https:\/\/www.foscarini.com\/wp-content\/uploads\/2025\/06\/aplomb_w_grey_22_786x865-3.jpg","contentUrl":"https:\/\/www.foscarini.com\/wp-content\/uploads\/2025\/06\/aplomb_w_grey_22_786x865-3.jpg","width":786,"height":865},{"@type":"BreadcrumbList","@id":"https:\/\/www.foscarini.com\/es\/producto\/aplomb-std-w-es\/#breadcrumb","itemListElement":[{"@type":"ListItem","position":1,"name":"Home","item":"https:\/\/www.foscarini.com\/es\/"},{"@type":"ListItem","position":2,"name":"Tienda","item":"https:\/\/www.foscarini.com\/es\/tienda\/"},{"@type":"ListItem","position":3,"name":"Aplomb"}]},{"@type":"WebSite","@id":"https:\/\/www.foscarini.com\/#website","url":"https:\/\/www.foscarini.com\/","name":"Foscarini","description":"","potentialAction":[{"@type":"SearchAction","target":{"@type":"EntryPoint","urlTemplate":"https:\/\/www.foscarini.com\/?s={search_term_string}"},"query-input":{"@type":"PropertyValueSpecification","valueRequired":true,"valueName":"search_term_string"}}],"inLanguage":"es"}]}},"_links":{"self":[{"href":"https:\/\/www.foscarini.com\/es\/wp-json\/wp\/v2\/product\/190876"}],"collection":[{"href":"https:\/\/www.foscarini.com\/es\/wp-json\/wp\/v2\/product"}],"about":[{"href":"https:\/\/www.foscarini.com\/es\/wp-json\/wp\/v2\/types\/product"}],"replies":[{"embeddable":true,"href":"https:\/\/www.foscarini.com\/es\/wp-json\/wp\/v2\/comments?post=190876"}],"wp:featuredmedia":[{"embeddable":true,"href":"https:\/\/www.foscarini.com\/es\/wp-json\/wp\/v2\/media\/465454"}],"wp:attachment":[{"href":"https:\/\/www.foscarini.com\/es\/wp-json\/wp\/v2\/media?parent=190876"}],"wp:term":[{"taxonomy":"product_cat","embeddable":true,"href":"https:\/\/www.foscarini.com\/es\/wp-json\/wp\/v2\/product_cat?post=190876"},{"taxonomy":"product_tag","embeddable":true,"href":"https:\/\/www.foscarini.com\/es\/wp-json\/wp\/v2\/product_tag?post=190876"},{"taxonomy":"materiale","embeddable":true,"href":"https:\/\/www.foscarini.com\/es\/wp-json\/wp\/v2\/materiale?post=190876"},{"taxonomy":"altezza","embeddable":true,"href":"https:\/\/www.foscarini.com\/es\/wp-json\/wp\/v2\/altezza?post=190876"},{"taxonomy":"larghezza","embeddable":true,"href":"https:\/\/www.foscarini.com\/es\/wp-json\/wp\/v2\/larghezza?post=190876"},{"taxonomy":"profondita","embeddable":true,"href":"https:\/\/www.foscarini.com\/es\/wp-json\/wp\/v2\/profondita?post=190876"},{"taxonomy":"peso","embeddable":true,"href":"https:\/\/www.foscarini.com\/es\/wp-json\/wp\/v2\/peso?post=190876"},{"taxonomy":"designer-prodotto","embeddable":true,"href":"https:\/\/www.foscarini.com\/es\/wp-json\/wp\/v2\/designer-prodotto?post=190876"}],"curies":[{"name":"wp","href":"https:\/\/api.w.org\/{rel}","templated":true}]}}