{"id":478119,"date":"2026-04-16T13:12:48","date_gmt":"2026-04-16T13:12:48","guid":{"rendered":"https:\/\/www.foscarini.com\/knitted-light\/"},"modified":"2026-04-20T17:09:51","modified_gmt":"2026-04-20T17:09:51","slug":"knitted-light","status":"publish","type":"page","link":"https:\/\/www.foscarini.com\/es\/knitted-light\/","title":{"rendered":"INTRECCI DI LUCE \/ KNITTED LIGHT"},"content":{"rendered":"<section class=\"world__first_block bg-full\">\n\n            <img decoding=\"async\" class=\"image-principal show-desktop only-desktop\" src=\"https:\/\/www.foscarini.com\/wp-content\/uploads\/2026\/03\/MDW26_banner-page02-150x150.jpg\" srcset=\"https:\/\/www.foscarini.com\/wp-content\/uploads\/2026\/03\/MDW26_banner-page02-300x169.jpg 300w, https:\/\/www.foscarini.com\/wp-content\/uploads\/2026\/03\/MDW26_banner-page02-1024x576.jpg 1024w, https:\/\/www.foscarini.com\/wp-content\/uploads\/2026\/03\/MDW26_banner-page02-768x432.jpg 768w, https:\/\/www.foscarini.com\/wp-content\/uploads\/2026\/03\/MDW26_banner-page02-1536x864.jpg 1536w, https:\/\/www.foscarini.com\/wp-content\/uploads\/2026\/03\/MDW26_banner-page02-800x450.jpg 800w, https:\/\/www.foscarini.com\/wp-content\/uploads\/2026\/03\/MDW26_banner-page02.jpg 1920w\" alt=\"\" \/>\n        \n    \n    \n\n    <div class=\"row full-height-vh\">\n        <div class=\"small-12 col-1 medium-12 columns\">\n            <span class=\"subtitle\">MILAN DESIGN WEEK 2026 \/ FOSCARINI SPAZIO MONFORTE<\/span>\n        <\/div>\n        <div class=\"small-12 col-2 medium-12 invert columns align-self-bottom\">\n            <div class=\"ct-text\">\n                <div class=\"title-big js-heading\"><p>INTRECCI DI LUCE \/ KNITTED LIGHT<\/p>\n<\/div>\n                <div class=\"text-1 js-heading\"><p>Una exploraci\u00f3n que recorre materiales, procesos y t\u00e9cnicas de producci\u00f3n para crear posibilidades in\u00e9ditas de hacer luz.<\/p>\n<\/div>\n                <div class=\"ct-bottom\">\n                                                        <a class=\"link-bg\" href=\"https:\/\/form.foscarini.com\/mdw26\/rsvpmon\/\" >Acceso prioritario<\/a>\n                                                                                            <a class=\"link\" href=\"https:\/\/www.foscarini.com\/es\/mdw26\/\" >Vuelve a la Milan Design Week 2026<\/a>\n                                                    <\/div>\n            <\/div>\n        <\/div>\n    <\/div>\n<\/section><section class=\"prof__single_info \">\n    <div class=\"row row-large\">\n        <div class=\"medium-4 small-12 columns col-1\">\n                        <ul class=\"list-info\">\n                                        <li>\n                            <span class=\"subtitle js-heading\">SHOWROOM FOSCARINI SPAZIO MONFORTE<\/span>\n                            <div class=\"text-1 js-heading\"><p>Corso Monforte 19, Mil\u00e1n<br \/>\n21\u2014 26 de abril de 2026<br \/>\nH. 10:00\u201320:00<\/p>\n<\/div>\n                        <\/li>\n                                    <\/ul>\n\n                            <img decoding=\"async\" src=\"https:\/\/www.foscarini.com\/wp-content\/uploads\/2026\/04\/FORAKIS_2img-2txt-03-150x150.jpg\" srcset=\"https:\/\/www.foscarini.com\/wp-content\/uploads\/2026\/04\/FORAKIS_2img-2txt-03-181x300.jpg 181w, https:\/\/www.foscarini.com\/wp-content\/uploads\/2026\/04\/FORAKIS_2img-2txt-03.jpg 598w\" alt=\"\" \/>\n                        <\/div>\n        <div class=\"medium-7 medium-offset-1 small-12 columns col-2\">\n                                        <div class=\"text-info  js-heading text-3\"><p>Foscarini Spazio Monforte acoge INTRECCI DI LUCE\/KNITTED LIGHT, un proyecto de investigaci\u00f3n experimental a cargo de dos dise\u00f1adores con sensibilidades bien diferenciadas:  Jozeph Forakis y Lorenzo Palmeri.  <\/p>\n<p>&nbsp;<\/p>\n<p>Trabajando de forma independiente, ambos se han adentrado en el amplio territorio del tejido de punto 3D para explorar su sorprendente potencial expresivo cuando se relaciona con la luz, dando lugar a vol\u00famenes in\u00e9ditos, superficies inesperadas y efectos luminosos por descubrir.<\/p>\n<p>&nbsp;<\/p>\n<p>El Fuorisalone 2026 es para Foscarini una ocasi\u00f3n de investigaci\u00f3n pura, sin la l\u00f3gica del producto acabado, abierta a lo inesperado.  Las obras que presentamos a\u00fan no tienen un destino espec\u00edfico.  Porque en la libertad de buscar \u2014sin tener que encontrar inmediatamente algo \u00fatil\u2014 es donde se ampl\u00eda el per\u00edmetro de lo posible y donde pueden surgir ideas capaces de cambiar la forma de hacer luz.<\/p>\n<\/div>\n                                            <img decoding=\"async\" src=\"https:\/\/www.foscarini.com\/wp-content\/uploads\/2026\/04\/FORAKIS_2img-2txt-04-150x150.jpg\" srcset=\"https:\/\/www.foscarini.com\/wp-content\/uploads\/2026\/04\/FORAKIS_2img-2txt-04-300x228.jpg 300w, https:\/\/www.foscarini.com\/wp-content\/uploads\/2026\/04\/FORAKIS_2img-2txt-04-1024x777.jpg 1024w, https:\/\/www.foscarini.com\/wp-content\/uploads\/2026\/04\/FORAKIS_2img-2txt-04-768x583.jpg 768w, https:\/\/www.foscarini.com\/wp-content\/uploads\/2026\/04\/FORAKIS_2img-2txt-04-800x607.jpg 800w, https:\/\/www.foscarini.com\/wp-content\/uploads\/2026\/04\/FORAKIS_2img-2txt-04.jpg 1060w\" alt=\"\" \/>\n                        <\/div>\n    <\/div>\n<\/section><section class=\"prof__single_info \">\n    <div class=\"row row-large\">\n        <div class=\"medium-4 small-12 columns col-1\">\n                        <ul class=\"list-info\">\n                            <\/ul>\n\n                            <img decoding=\"async\" src=\"https:\/\/www.foscarini.com\/wp-content\/uploads\/2026\/03\/FORAKIS_001-150x150.jpg\" srcset=\"https:\/\/www.foscarini.com\/wp-content\/uploads\/2026\/03\/FORAKIS_001-214x300.jpg 214w, https:\/\/www.foscarini.com\/wp-content\/uploads\/2026\/03\/FORAKIS_001.jpg 600w\" alt=\"\" \/>\n                        <\/div>\n        <div class=\"medium-7 medium-offset-1 small-12 columns col-2\">\n                            <div class=\"title-medium js-heading\"><p>JOZEPH FORAKIS<\/p>\n<p>Cuando un hilo se convierte en volumen<\/p>\n<\/div>\n                                            <div class=\"text-info  js-heading text-3\"><p>Forakis ha sido siempre un investigador inquieto, en busca de lo que \u00e9l mismo llama la \u00abalquimia de los materiales\u00bb: el instante en que un arquetipo se transforma a trav\u00e9s de un proceso para el que no estaba destinado.  La historia nos ense\u00f1a que los logros m\u00e1s significativos del dise\u00f1o se producen cuando las tecnolog\u00edas o los materiales se recontextualizan y se transfieren de un sector industrial a otro para hacer aflorar su potencial expresivo oculto.  De este enfoque surgi\u00f3 su primera colaboraci\u00f3n con Foscarini, para la l\u00e1mpara Havana.  Y es ese mismo esp\u00edritu el que llev\u00f3 a Forakis a desarrollar un inter\u00e9s particular por el mundo de los tejidos, llevando a proveedores y t\u00e9cnicos m\u00e1s all\u00e1 de lo que sus telares, y su paciencia, pod\u00edan soportar.  Es precisamente en los intersticios entre un l\u00edmite y el otro donde han surgido los descubrimientos m\u00e1s interesantes.<\/p>\n<p>&nbsp;<\/p>\n<p>En esta investigaci\u00f3n llevada a cabo junto con Foscarini y TexTech, Forakis no presenta un producto acabado, sino un cap\u00edtulo abierto, es decir, formas esculturales y texturas que se convierten en un campo de experimentaci\u00f3n para el juego entre la luz y la sombra. <\/p>\n<p>&nbsp;<\/p>\n<p>Cuando la luz ilumina estas estructuras de tejido de punto 3D, sucede algo inesperado.  Ya no se trata simplemente de una superficie: la luz se filtra, se difunde y la densidad del entrelazado la \u00abesculpe\u00bb.  El objeto se convierte en un volumen que respira, capaz de definir el espacio que lo rodea.<\/p>\n<p>&nbsp;<\/p>\n<p>Un proceso que nos ense\u00f1a que incluso las t\u00e9cnicas m\u00e1s antiguas \u2014el gesto elemental de entrelazar un hilo\u2014 siguen siendo capaces de sorprendernos, es suficiente tener la paciencia de escuchar lo que el material est\u00e1 tratando de decirnos.<\/p>\n<\/div>\n                                            <img decoding=\"async\" src=\"https:\/\/www.foscarini.com\/wp-content\/uploads\/2026\/03\/FORAKIS_002-150x150.jpg\" srcset=\"https:\/\/www.foscarini.com\/wp-content\/uploads\/2026\/03\/FORAKIS_002-300x238.jpg 300w, https:\/\/www.foscarini.com\/wp-content\/uploads\/2026\/03\/FORAKIS_002-1024x811.jpg 1024w, https:\/\/www.foscarini.com\/wp-content\/uploads\/2026\/03\/FORAKIS_002-768x609.jpg 768w, https:\/\/www.foscarini.com\/wp-content\/uploads\/2026\/03\/FORAKIS_002-800x634.jpg 800w, https:\/\/www.foscarini.com\/wp-content\/uploads\/2026\/03\/FORAKIS_002.jpg 1060w\" alt=\"\" \/>\n                        <\/div>\n    <\/div>\n<\/section><section class=\"prof__single_info \">\n    <div class=\"row row-large\">\n        <div class=\"medium-4 small-12 columns col-1\">\n                        <ul class=\"list-info\">\n                            <\/ul>\n\n                            <img decoding=\"async\" src=\"https:\/\/www.foscarini.com\/wp-content\/uploads\/2026\/03\/PALMERI_003-150x150.jpg\" srcset=\"https:\/\/www.foscarini.com\/wp-content\/uploads\/2026\/03\/PALMERI_003-214x300.jpg 214w, https:\/\/www.foscarini.com\/wp-content\/uploads\/2026\/03\/PALMERI_003.jpg 600w\" alt=\"\" \/>\n                        <\/div>\n        <div class=\"medium-7 medium-offset-1 small-12 columns col-2\">\n                            <div class=\"title-medium js-heading\"><p>LORENZO PALMERI<\/p>\n<p>Donde el tejido se convierte en arquitectura<\/p>\n<\/div>\n                                            <div class=\"text-info  js-heading text-3\"><p>La investigaci\u00f3n de Lorenzo Palmeri se mueve entre arquitectura, moda y dise\u00f1o, tomando forma a trav\u00e9s de una modalidad de dise\u00f1o m\u00faltiple en colaboraci\u00f3n con la f\u00e1brica de g\u00e9neros de punto MAS y Arman Avetikyan.  Esta exploraci\u00f3n surge de la capacidad que tienen las superficies bidimensionales de un tejido para convertirse en tridimensionales gracias a soluciones cl\u00e1sicas de sastrer\u00eda y a h\u00e1biles hendiduras que recuerdan al kirigami, el arte japon\u00e9s de cortar y doblar el papel para obtener formas tridimensionales a partir de una \u00fanica hoja de papel.<\/p>\n<p>&nbsp;<\/p>\n<p>Un enfoque que no inventa una nueva t\u00e9cnica, sino que la traslada \u2014con cuidado e intenci\u00f3n\u2014 de un mundo a otro.<\/p>\n<p>&nbsp;<\/p>\n<p>En el centro de su trabajo hay una intuici\u00f3n sencilla y poderosa: cuando la luz atraviesa un tejido tridimensional, ocurre algo especial.  Se difunde, vibra, se condensa en algunos puntos y se disuelve en otros.  La trama se convierte en un paisaje microsc\u00f3pico que modula la luz de forma natural, generando microarquitecturas capaces de dibujar el espacio sin cerrarlo.<\/p>\n<\/div>\n                                            <img decoding=\"async\" src=\"https:\/\/www.foscarini.com\/wp-content\/uploads\/2026\/03\/PALMERI_001-150x150.jpg\" srcset=\"https:\/\/www.foscarini.com\/wp-content\/uploads\/2026\/03\/PALMERI_001-300x226.jpg 300w, https:\/\/www.foscarini.com\/wp-content\/uploads\/2026\/03\/PALMERI_001-1024x773.jpg 1024w, https:\/\/www.foscarini.com\/wp-content\/uploads\/2026\/03\/PALMERI_001-768x580.jpg 768w, https:\/\/www.foscarini.com\/wp-content\/uploads\/2026\/03\/PALMERI_001-800x604.jpg 800w, https:\/\/www.foscarini.com\/wp-content\/uploads\/2026\/03\/PALMERI_001.jpg 1060w\" alt=\"\" \/>\n                        <\/div>\n    <\/div>\n<\/section><section class=\"prof__single_info \">\n    <div class=\"row row-large\">\n        <div class=\"medium-4 small-12 columns col-1\">\n                        <ul class=\"list-info\">\n                            <\/ul>\n\n                            <img decoding=\"async\" src=\"https:\/\/www.foscarini.com\/wp-content\/uploads\/2026\/04\/INTRECCI_2img-2txt-01MDW26-150x150.jpg\" srcset=\"https:\/\/www.foscarini.com\/wp-content\/uploads\/2026\/04\/INTRECCI_2img-2txt-01MDW26-181x300.jpg 181w, https:\/\/www.foscarini.com\/wp-content\/uploads\/2026\/04\/INTRECCI_2img-2txt-01MDW26.jpg 598w\" alt=\"\" \/>\n                        <\/div>\n        <div class=\"medium-7 medium-offset-1 small-12 columns col-2\">\n                                        <div class=\"text-info  js-heading text-3\"><p>Por lo tanto, el objetivo de Foscarini en este Fuorisalone no es llegar a un producto industrializado.  Se trata de pura investigaci\u00f3n: una forma de ampliar el per\u00edmetro de lo posible para recopilar nuevas posibilidades expresivas capaces de responder a los problemas del ma\u00f1ana y construir un vocabulario nuevo al que poder recurrir para las pr\u00f3ximas formas de hacer luz.<\/p>\n<p>&nbsp;<\/p>\n<p>Un enfoque arraigado en la historia del dise\u00f1o, que no reivindica la invenci\u00f3n de la tecnolog\u00eda, sino el valor de su aplicaci\u00f3n en el mundo del dise\u00f1o.  Es decir, el trabajo necesario para transformar un proceso industrial en un abecedario capaz de construir palabras y frases con sentido \u2014una tarea que Foscarini ha considerado propia desde siempre.<\/p>\n<\/div>\n                                            <img decoding=\"async\" src=\"https:\/\/www.foscarini.com\/wp-content\/uploads\/2026\/04\/PALMERI_2img-2txt-04-150x150.jpg\" srcset=\"https:\/\/www.foscarini.com\/wp-content\/uploads\/2026\/04\/PALMERI_2img-2txt-04-300x228.jpg 300w, https:\/\/www.foscarini.com\/wp-content\/uploads\/2026\/04\/PALMERI_2img-2txt-04-1024x777.jpg 1024w, https:\/\/www.foscarini.com\/wp-content\/uploads\/2026\/04\/PALMERI_2img-2txt-04-768x583.jpg 768w, https:\/\/www.foscarini.com\/wp-content\/uploads\/2026\/04\/PALMERI_2img-2txt-04-800x607.jpg 800w, https:\/\/www.foscarini.com\/wp-content\/uploads\/2026\/04\/PALMERI_2img-2txt-04.jpg 1060w\" alt=\"\" \/>\n                        <\/div>\n    <\/div>\n<\/section><section class=\"world__book \">\n    <div class=\"row\">\n        <div class=\"medium-8 small-12 columns\">\n            <div class=\"ct-text\">\n                <p class=\"subtitle js-heading\">FOLLETO<\/p>\n                <div class=\"title-medium js-heading\"><p>Una exploraci\u00f3n que recorre materiales, procesos y t\u00e9cnicas de producci\u00f3n para crear posibilidades in\u00e9ditas de hacer luz.<\/p>\n<\/div>\n                <div class=\"text-2 js-heading\"><\/div>\n                                    <div class=\"center-mobile\">\n                        <a class=\"link-bg \" href=\"https:\/\/cdn1.foscarini.com\/Catalogues\/Foscarini_IntrecciDiLuce_2026.pdf\" data-name=\"Foscarini_IntrecciDiLuce_2026.pdf\" download=\"\" target=\"_blank\">Descargar el folleto<\/a>\n                    <\/div>\n                            <\/div>\n        <\/div>\n        <div class=\"medium-4 small-12 columns\">\n            <div class=\"ct-text-right\">\n                                    <img decoding=\"async\" src=\"https:\/\/www.foscarini.com\/wp-content\/uploads\/2026\/03\/KnittedLight_Brochure-150x150.png\" srcset=\"https:\/\/www.foscarini.com\/wp-content\/uploads\/2026\/03\/KnittedLight_Brochure-257x300.png 257w, https:\/\/www.foscarini.com\/wp-content\/uploads\/2026\/03\/KnittedLight_Brochure.png 740w\" alt=\"\" \/>\n                                    <div class=\"text-2\"><\/div>\n\n                            <\/div>\n        <\/div>\n    <\/div>\n<\/section><p><\/p>","protected":false},"excerpt":{"rendered":"","protected":false},"author":11,"featured_media":477281,"parent":0,"menu_order":0,"comment_status":"closed","ping_status":"closed","template":"","meta":{"_acf_changed":false,"footnotes":""},"class_list":["post-478119","page","type-page","status-publish","has-post-thumbnail","hentry"],"acf":{"preview_slider":{"titolo":"INTRECCI DI LUCE \/ KNITTED LIGHT","testo":"An exploration across materials, processes and production techniques to unlock new possibilities in lighting.","video_domanda":false,"link_video":""}},"yoast_head":"<!-- This site is optimized with the Yoast SEO Premium plugin v22.4 (Yoast SEO v23.7) - https:\/\/yoast.com\/wordpress\/plugins\/seo\/ -->\n<title>INTRECCI DI LUCE \/ KNITTED LIGHT - Foscarini<\/title>\n<meta name=\"robots\" content=\"index, follow, max-snippet:-1, max-image-preview:large, max-video-preview:-1\" \/>\n<meta property=\"og:locale\" content=\"es_ES\" \/>\n<meta property=\"og:type\" content=\"article\" \/>\n<meta property=\"og:title\" content=\"INTRECCI DI LUCE \/ KNITTED LIGHT\" \/>\n<meta property=\"og:url\" content=\"https:\/\/www.foscarini.com\/es\/knitted-light\/\" \/>\n<meta property=\"og:site_name\" content=\"Foscarini\" \/>\n<meta property=\"article:modified_time\" content=\"2026-04-20T17:09:51+00:00\" \/>\n<meta property=\"og:image\" content=\"https:\/\/www.foscarini.com\/wp-content\/uploads\/2026\/03\/MDW26_banner-page02.jpg\" \/>\n\t<meta property=\"og:image:width\" content=\"1920\" \/>\n\t<meta property=\"og:image:height\" content=\"1080\" \/>\n\t<meta property=\"og:image:type\" content=\"image\/jpeg\" \/>\n<meta name=\"twitter:card\" content=\"summary_large_image\" \/>\n<meta name=\"twitter:label1\" content=\"Tiempo de lectura\" \/>\n\t<meta name=\"twitter:data1\" content=\"1 minuto\" \/>\n<script type=\"application\/ld+json\" class=\"yoast-schema-graph\">{\"@context\":\"https:\/\/schema.org\",\"@graph\":[{\"@type\":\"WebPage\",\"@id\":\"https:\/\/www.foscarini.com\/es\/knitted-light\/\",\"url\":\"https:\/\/www.foscarini.com\/es\/knitted-light\/\",\"name\":\"INTRECCI DI LUCE \/ KNITTED LIGHT - Foscarini\",\"isPartOf\":{\"@id\":\"https:\/\/www.foscarini.com\/#website\"},\"primaryImageOfPage\":{\"@id\":\"https:\/\/www.foscarini.com\/es\/knitted-light\/#primaryimage\"},\"image\":{\"@id\":\"https:\/\/www.foscarini.com\/es\/knitted-light\/#primaryimage\"},\"thumbnailUrl\":\"https:\/\/www.foscarini.com\/wp-content\/uploads\/2026\/03\/MDW26_banner-page02.jpg\",\"datePublished\":\"2026-04-16T13:12:48+00:00\",\"dateModified\":\"2026-04-20T17:09:51+00:00\",\"breadcrumb\":{\"@id\":\"https:\/\/www.foscarini.com\/es\/knitted-light\/#breadcrumb\"},\"inLanguage\":\"es\",\"potentialAction\":[{\"@type\":\"ReadAction\",\"target\":[\"https:\/\/www.foscarini.com\/es\/knitted-light\/\"]}]},{\"@type\":\"ImageObject\",\"inLanguage\":\"es\",\"@id\":\"https:\/\/www.foscarini.com\/es\/knitted-light\/#primaryimage\",\"url\":\"https:\/\/www.foscarini.com\/wp-content\/uploads\/2026\/03\/MDW26_banner-page02.jpg\",\"contentUrl\":\"https:\/\/www.foscarini.com\/wp-content\/uploads\/2026\/03\/MDW26_banner-page02.jpg\",\"width\":1920,\"height\":1080},{\"@type\":\"BreadcrumbList\",\"@id\":\"https:\/\/www.foscarini.com\/es\/knitted-light\/#breadcrumb\",\"itemListElement\":[{\"@type\":\"ListItem\",\"position\":1,\"name\":\"Home\",\"item\":\"https:\/\/www.foscarini.com\/es\/\"},{\"@type\":\"ListItem\",\"position\":2,\"name\":\"INTRECCI DI LUCE \/ KNITTED LIGHT\"}]},{\"@type\":\"WebSite\",\"@id\":\"https:\/\/www.foscarini.com\/#website\",\"url\":\"https:\/\/www.foscarini.com\/\",\"name\":\"Foscarini\",\"description\":\"\",\"potentialAction\":[{\"@type\":\"SearchAction\",\"target\":{\"@type\":\"EntryPoint\",\"urlTemplate\":\"https:\/\/www.foscarini.com\/?s={search_term_string}\"},\"query-input\":{\"@type\":\"PropertyValueSpecification\",\"valueRequired\":true,\"valueName\":\"search_term_string\"}}],\"inLanguage\":\"es\"}]}<\/script>\n<!-- \/ Yoast SEO Premium plugin. -->","yoast_head_json":{"title":"INTRECCI DI LUCE \/ KNITTED LIGHT - Foscarini","robots":{"index":"index","follow":"follow","max-snippet":"max-snippet:-1","max-image-preview":"max-image-preview:large","max-video-preview":"max-video-preview:-1"},"og_locale":"es_ES","og_type":"article","og_title":"INTRECCI DI LUCE \/ KNITTED LIGHT","og_url":"https:\/\/www.foscarini.com\/es\/knitted-light\/","og_site_name":"Foscarini","article_modified_time":"2026-04-20T17:09:51+00:00","og_image":[{"width":1920,"height":1080,"url":"https:\/\/www.foscarini.com\/wp-content\/uploads\/2026\/03\/MDW26_banner-page02.jpg","type":"image\/jpeg"}],"twitter_card":"summary_large_image","twitter_misc":{"Tiempo de lectura":"1 minuto"},"schema":{"@context":"https:\/\/schema.org","@graph":[{"@type":"WebPage","@id":"https:\/\/www.foscarini.com\/es\/knitted-light\/","url":"https:\/\/www.foscarini.com\/es\/knitted-light\/","name":"INTRECCI DI LUCE \/ KNITTED LIGHT - Foscarini","isPartOf":{"@id":"https:\/\/www.foscarini.com\/#website"},"primaryImageOfPage":{"@id":"https:\/\/www.foscarini.com\/es\/knitted-light\/#primaryimage"},"image":{"@id":"https:\/\/www.foscarini.com\/es\/knitted-light\/#primaryimage"},"thumbnailUrl":"https:\/\/www.foscarini.com\/wp-content\/uploads\/2026\/03\/MDW26_banner-page02.jpg","datePublished":"2026-04-16T13:12:48+00:00","dateModified":"2026-04-20T17:09:51+00:00","breadcrumb":{"@id":"https:\/\/www.foscarini.com\/es\/knitted-light\/#breadcrumb"},"inLanguage":"es","potentialAction":[{"@type":"ReadAction","target":["https:\/\/www.foscarini.com\/es\/knitted-light\/"]}]},{"@type":"ImageObject","inLanguage":"es","@id":"https:\/\/www.foscarini.com\/es\/knitted-light\/#primaryimage","url":"https:\/\/www.foscarini.com\/wp-content\/uploads\/2026\/03\/MDW26_banner-page02.jpg","contentUrl":"https:\/\/www.foscarini.com\/wp-content\/uploads\/2026\/03\/MDW26_banner-page02.jpg","width":1920,"height":1080},{"@type":"BreadcrumbList","@id":"https:\/\/www.foscarini.com\/es\/knitted-light\/#breadcrumb","itemListElement":[{"@type":"ListItem","position":1,"name":"Home","item":"https:\/\/www.foscarini.com\/es\/"},{"@type":"ListItem","position":2,"name":"INTRECCI DI LUCE \/ KNITTED LIGHT"}]},{"@type":"WebSite","@id":"https:\/\/www.foscarini.com\/#website","url":"https:\/\/www.foscarini.com\/","name":"Foscarini","description":"","potentialAction":[{"@type":"SearchAction","target":{"@type":"EntryPoint","urlTemplate":"https:\/\/www.foscarini.com\/?s={search_term_string}"},"query-input":{"@type":"PropertyValueSpecification","valueRequired":true,"valueName":"search_term_string"}}],"inLanguage":"es"}]}},"_links":{"self":[{"href":"https:\/\/www.foscarini.com\/es\/wp-json\/wp\/v2\/pages\/478119"}],"collection":[{"href":"https:\/\/www.foscarini.com\/es\/wp-json\/wp\/v2\/pages"}],"about":[{"href":"https:\/\/www.foscarini.com\/es\/wp-json\/wp\/v2\/types\/page"}],"author":[{"embeddable":true,"href":"https:\/\/www.foscarini.com\/es\/wp-json\/wp\/v2\/users\/11"}],"replies":[{"embeddable":true,"href":"https:\/\/www.foscarini.com\/es\/wp-json\/wp\/v2\/comments?post=478119"}],"version-history":[{"count":1,"href":"https:\/\/www.foscarini.com\/es\/wp-json\/wp\/v2\/pages\/478119\/revisions"}],"predecessor-version":[{"id":478134,"href":"https:\/\/www.foscarini.com\/es\/wp-json\/wp\/v2\/pages\/478119\/revisions\/478134"}],"wp:featuredmedia":[{"embeddable":true,"href":"https:\/\/www.foscarini.com\/es\/wp-json\/wp\/v2\/media\/477281"}],"wp:attachment":[{"href":"https:\/\/www.foscarini.com\/es\/wp-json\/wp\/v2\/media?parent=478119"}],"curies":[{"name":"wp","href":"https:\/\/api.w.org\/{rel}","templated":true}]}}