{"id":386206,"date":"2025-04-02T10:10:26","date_gmt":"2025-04-02T10:10:26","guid":{"rendered":"https:\/\/www.foscarini.com\/mdw25-euroluce\/"},"modified":"2025-04-08T13:29:16","modified_gmt":"2025-04-08T13:29:16","slug":"mdw25-euroluce","status":"publish","type":"page","link":"https:\/\/www.foscarini.com\/es\/mdw25-euroluce\/","title":{"rendered":"MDW25- Euroluce"},"content":{"rendered":"<section class=\"world__first_block bg-full\">\n\n            <img decoding=\"async\" class=\"image-principal show-desktop only-desktop\" src=\"https:\/\/www.foscarini.com\/wp-content\/uploads\/2025\/03\/banner-euroluce-150x150.jpg\" srcset=\"https:\/\/www.foscarini.com\/wp-content\/uploads\/2025\/03\/banner-euroluce-300x169.jpg 300w, https:\/\/www.foscarini.com\/wp-content\/uploads\/2025\/03\/banner-euroluce-1024x576.jpg 1024w, https:\/\/www.foscarini.com\/wp-content\/uploads\/2025\/03\/banner-euroluce-768x432.jpg 768w, https:\/\/www.foscarini.com\/wp-content\/uploads\/2025\/03\/banner-euroluce-1536x864.jpg 1536w, https:\/\/www.foscarini.com\/wp-content\/uploads\/2025\/03\/banner-euroluce-800x450.jpg 800w, https:\/\/www.foscarini.com\/wp-content\/uploads\/2025\/03\/banner-euroluce.jpg 1920w\" alt=\"\" \/>\n        \n    \n    \n\n    <div class=\"row full-height-vh\">\n        <div class=\"small-12 col-1 medium-12 columns\">\n            <span class=\"subtitle\">MILAN DESIGN WEEK 2025 \/ EUROLUCE<\/span>\n        <\/div>\n        <div class=\"small-12 col-2 medium-12 invert columns align-self-bottom\">\n            <div class=\"ct-text\">\n                <div class=\"title-big js-heading\"><p>Vuelve a la Milan Design Week 2025<\/p>\n<p>&nbsp;<\/p>\n<\/div>\n                <div class=\"text-1 js-heading\"><\/div>\n                <div class=\"ct-bottom\">\n                                                        <a class=\"link-bg\" href=\"\" >Virtual Tour<\/a>\n                                                                                            <a class=\"link\" href=\"https:\/\/www.foscarini.com\/es\/mdw25\/\" >Vuelve a la Milan Design Week 2025<\/a>\n                                                    <\/div>\n            <\/div>\n        <\/div>\n    <\/div>\n<\/section><section class=\"prof__single_info \">\n    <div class=\"row row-large\">\n        <div class=\"medium-4 small-12 columns col-1\">\n                        <ul class=\"list-info\">\n                                        <li>\n                            <span class=\"subtitle js-heading\">EUROLUCE<\/span>\n                            <div class=\"text-1 js-heading\"><p>Fiera Milano, Rho<br \/>\nHall 4<br \/>\nBooth C03\u2014 C05<\/p>\n<\/div>\n                        <\/li>\n                                                <li>\n                            <span class=\"subtitle js-heading\">ORARI<\/span>\n                            <div class=\"text-1 js-heading\"><p>8\u201413 de abril de 2025<br \/>\nDe 09:30 a 18:30<\/p>\n<\/div>\n                        <\/li>\n                                    <\/ul>\n\n                    <\/div>\n        <div class=\"medium-7 medium-offset-1 small-12 columns col-2\">\n                                        <div class=\"text-info  js-heading text-3\"><p>Un stand dise\u00f1ado por Ferruccio Laviani recibe a los visitantes mostrando un car\u00e1cter notablemente vibrante y din\u00e1mico, gracias al uso del color y a un juego de llenos y vac\u00edos, invit\u00e1ndolos a entrar en un espacio que revela un alma complementaria: esencial y sofisticada.<\/p>\n<p>En el interior, islas puras, minimalistas y materiales contextualizan las novedades de producto en ambientes delicados y suspendidos, contextos apenas sugeridos pero familiares, que realzan la legibilidad de los nuevos modelos.<\/p>\n<p>&nbsp;<\/p>\n<p>Las novedades exploran nuevos lenguajes formales, desde la reinterpretaci\u00f3n del arquetipo del candelabro hasta el uso de materiales in\u00e9ditos como la lava y los bordados en cuentas de vidrio, acompa\u00f1ados de actualizaciones y extensiones de productos ic\u00f3nicos de la colecci\u00f3n.<\/p>\n<\/div>\n                                    <\/div>\n    <\/div>\n<\/section><section class=\"world__first_block bg-full\">\n\n            <img decoding=\"async\" class=\"image-principal show-desktop only-desktop\" src=\"https:\/\/www.foscarini.com\/wp-content\/uploads\/2025\/04\/131_3E6A7059-150x150.jpg\" srcset=\"https:\/\/www.foscarini.com\/wp-content\/uploads\/2025\/04\/131_3E6A7059-300x200.jpg 300w, https:\/\/www.foscarini.com\/wp-content\/uploads\/2025\/04\/131_3E6A7059-1024x683.jpg 1024w, https:\/\/www.foscarini.com\/wp-content\/uploads\/2025\/04\/131_3E6A7059-768x512.jpg 768w, https:\/\/www.foscarini.com\/wp-content\/uploads\/2025\/04\/131_3E6A7059-1536x1025.jpg 1536w, https:\/\/www.foscarini.com\/wp-content\/uploads\/2025\/04\/131_3E6A7059-800x534.jpg 800w, https:\/\/www.foscarini.com\/wp-content\/uploads\/2025\/04\/131_3E6A7059.jpg 2000w\" alt=\"\" \/>\n        \n    \n    \n\n    <div class=\"row full-height-vh\">\n        <div class=\"small-12 col-1 medium-5 medium-offset-7 columns\">\n            <span class=\"subtitle\"><\/span>\n        <\/div>\n        <div class=\"small-12 col-2 medium-5 medium-offset-7  columns align-self-bottom\">\n            <div class=\"ct-text\">\n                <div class=\"title-medium js-heading\"><p>Virtual Tour \/ Euroluce 2025<\/p>\n<\/div>\n                <div class=\"text-1 js-heading\"><\/div>\n                <div class=\"ct-bottom\">\n                                                        <a class=\"link-bg\" href=\"https:\/\/www.foscarini.com\/es\/virtual-tour-euroluce\/\" >Accede al recorrido virtual<\/a>\n                                                                        <\/div>\n            <\/div>\n        <\/div>\n    <\/div>\n<\/section><p><\/p>","protected":false},"excerpt":{"rendered":"","protected":false},"author":10,"featured_media":313551,"parent":0,"menu_order":0,"comment_status":"closed","ping_status":"closed","template":"","meta":{"_acf_changed":false,"footnotes":""},"class_list":["post-386206","page","type-page","status-publish","has-post-thumbnail","hentry"],"acf":{"preview_slider":{"titolo":"MDW25 - Euroluce","testo":"","video_domanda":false,"link_video":""}},"yoast_head":"<!-- This site is optimized with the Yoast SEO Premium plugin v22.4 (Yoast SEO v23.7) - https:\/\/yoast.com\/wordpress\/plugins\/seo\/ -->\n<title>MDW25- Euroluce - Foscarini<\/title>\n<meta name=\"robots\" content=\"index, follow, max-snippet:-1, max-image-preview:large, max-video-preview:-1\" \/>\n<meta property=\"og:locale\" content=\"es_ES\" \/>\n<meta property=\"og:type\" content=\"article\" \/>\n<meta property=\"og:title\" content=\"MDW25- Euroluce\" \/>\n<meta property=\"og:url\" content=\"https:\/\/www.foscarini.com\/es\/mdw25-euroluce\/\" \/>\n<meta property=\"og:site_name\" content=\"Foscarini\" \/>\n<meta property=\"article:modified_time\" content=\"2025-04-08T13:29:16+00:00\" \/>\n<meta property=\"og:image\" content=\"https:\/\/www.foscarini.com\/wp-content\/uploads\/2025\/03\/banner-euroluce.jpg\" \/>\n\t<meta property=\"og:image:width\" content=\"1920\" \/>\n\t<meta property=\"og:image:height\" content=\"1080\" \/>\n\t<meta property=\"og:image:type\" content=\"image\/jpeg\" \/>\n<meta name=\"twitter:card\" content=\"summary_large_image\" \/>\n<meta name=\"twitter:label1\" content=\"Tiempo de lectura\" \/>\n\t<meta name=\"twitter:data1\" content=\"1 minuto\" \/>\n<script type=\"application\/ld+json\" class=\"yoast-schema-graph\">{\"@context\":\"https:\/\/schema.org\",\"@graph\":[{\"@type\":\"WebPage\",\"@id\":\"https:\/\/www.foscarini.com\/es\/mdw25-euroluce\/\",\"url\":\"https:\/\/www.foscarini.com\/es\/mdw25-euroluce\/\",\"name\":\"MDW25- Euroluce - Foscarini\",\"isPartOf\":{\"@id\":\"https:\/\/www.foscarini.com\/#website\"},\"primaryImageOfPage\":{\"@id\":\"https:\/\/www.foscarini.com\/es\/mdw25-euroluce\/#primaryimage\"},\"image\":{\"@id\":\"https:\/\/www.foscarini.com\/es\/mdw25-euroluce\/#primaryimage\"},\"thumbnailUrl\":\"https:\/\/www.foscarini.com\/wp-content\/uploads\/2025\/03\/banner-euroluce.jpg\",\"datePublished\":\"2025-04-02T10:10:26+00:00\",\"dateModified\":\"2025-04-08T13:29:16+00:00\",\"breadcrumb\":{\"@id\":\"https:\/\/www.foscarini.com\/es\/mdw25-euroluce\/#breadcrumb\"},\"inLanguage\":\"es\",\"potentialAction\":[{\"@type\":\"ReadAction\",\"target\":[\"https:\/\/www.foscarini.com\/es\/mdw25-euroluce\/\"]}]},{\"@type\":\"ImageObject\",\"inLanguage\":\"es\",\"@id\":\"https:\/\/www.foscarini.com\/es\/mdw25-euroluce\/#primaryimage\",\"url\":\"https:\/\/www.foscarini.com\/wp-content\/uploads\/2025\/03\/banner-euroluce.jpg\",\"contentUrl\":\"https:\/\/www.foscarini.com\/wp-content\/uploads\/2025\/03\/banner-euroluce.jpg\",\"width\":1920,\"height\":1080},{\"@type\":\"BreadcrumbList\",\"@id\":\"https:\/\/www.foscarini.com\/es\/mdw25-euroluce\/#breadcrumb\",\"itemListElement\":[{\"@type\":\"ListItem\",\"position\":1,\"name\":\"Home\",\"item\":\"https:\/\/www.foscarini.com\/es\/\"},{\"@type\":\"ListItem\",\"position\":2,\"name\":\"MDW25- Euroluce\"}]},{\"@type\":\"WebSite\",\"@id\":\"https:\/\/www.foscarini.com\/#website\",\"url\":\"https:\/\/www.foscarini.com\/\",\"name\":\"Foscarini\",\"description\":\"\",\"potentialAction\":[{\"@type\":\"SearchAction\",\"target\":{\"@type\":\"EntryPoint\",\"urlTemplate\":\"https:\/\/www.foscarini.com\/?s={search_term_string}\"},\"query-input\":{\"@type\":\"PropertyValueSpecification\",\"valueRequired\":true,\"valueName\":\"search_term_string\"}}],\"inLanguage\":\"es\"}]}<\/script>\n<!-- \/ Yoast SEO Premium plugin. -->","yoast_head_json":{"title":"MDW25- Euroluce - Foscarini","robots":{"index":"index","follow":"follow","max-snippet":"max-snippet:-1","max-image-preview":"max-image-preview:large","max-video-preview":"max-video-preview:-1"},"og_locale":"es_ES","og_type":"article","og_title":"MDW25- Euroluce","og_url":"https:\/\/www.foscarini.com\/es\/mdw25-euroluce\/","og_site_name":"Foscarini","article_modified_time":"2025-04-08T13:29:16+00:00","og_image":[{"width":1920,"height":1080,"url":"https:\/\/www.foscarini.com\/wp-content\/uploads\/2025\/03\/banner-euroluce.jpg","type":"image\/jpeg"}],"twitter_card":"summary_large_image","twitter_misc":{"Tiempo de lectura":"1 minuto"},"schema":{"@context":"https:\/\/schema.org","@graph":[{"@type":"WebPage","@id":"https:\/\/www.foscarini.com\/es\/mdw25-euroluce\/","url":"https:\/\/www.foscarini.com\/es\/mdw25-euroluce\/","name":"MDW25- Euroluce - Foscarini","isPartOf":{"@id":"https:\/\/www.foscarini.com\/#website"},"primaryImageOfPage":{"@id":"https:\/\/www.foscarini.com\/es\/mdw25-euroluce\/#primaryimage"},"image":{"@id":"https:\/\/www.foscarini.com\/es\/mdw25-euroluce\/#primaryimage"},"thumbnailUrl":"https:\/\/www.foscarini.com\/wp-content\/uploads\/2025\/03\/banner-euroluce.jpg","datePublished":"2025-04-02T10:10:26+00:00","dateModified":"2025-04-08T13:29:16+00:00","breadcrumb":{"@id":"https:\/\/www.foscarini.com\/es\/mdw25-euroluce\/#breadcrumb"},"inLanguage":"es","potentialAction":[{"@type":"ReadAction","target":["https:\/\/www.foscarini.com\/es\/mdw25-euroluce\/"]}]},{"@type":"ImageObject","inLanguage":"es","@id":"https:\/\/www.foscarini.com\/es\/mdw25-euroluce\/#primaryimage","url":"https:\/\/www.foscarini.com\/wp-content\/uploads\/2025\/03\/banner-euroluce.jpg","contentUrl":"https:\/\/www.foscarini.com\/wp-content\/uploads\/2025\/03\/banner-euroluce.jpg","width":1920,"height":1080},{"@type":"BreadcrumbList","@id":"https:\/\/www.foscarini.com\/es\/mdw25-euroluce\/#breadcrumb","itemListElement":[{"@type":"ListItem","position":1,"name":"Home","item":"https:\/\/www.foscarini.com\/es\/"},{"@type":"ListItem","position":2,"name":"MDW25- Euroluce"}]},{"@type":"WebSite","@id":"https:\/\/www.foscarini.com\/#website","url":"https:\/\/www.foscarini.com\/","name":"Foscarini","description":"","potentialAction":[{"@type":"SearchAction","target":{"@type":"EntryPoint","urlTemplate":"https:\/\/www.foscarini.com\/?s={search_term_string}"},"query-input":{"@type":"PropertyValueSpecification","valueRequired":true,"valueName":"search_term_string"}}],"inLanguage":"es"}]}},"_links":{"self":[{"href":"https:\/\/www.foscarini.com\/es\/wp-json\/wp\/v2\/pages\/386206"}],"collection":[{"href":"https:\/\/www.foscarini.com\/es\/wp-json\/wp\/v2\/pages"}],"about":[{"href":"https:\/\/www.foscarini.com\/es\/wp-json\/wp\/v2\/types\/page"}],"author":[{"embeddable":true,"href":"https:\/\/www.foscarini.com\/es\/wp-json\/wp\/v2\/users\/10"}],"replies":[{"embeddable":true,"href":"https:\/\/www.foscarini.com\/es\/wp-json\/wp\/v2\/comments?post=386206"}],"version-history":[{"count":3,"href":"https:\/\/www.foscarini.com\/es\/wp-json\/wp\/v2\/pages\/386206\/revisions"}],"predecessor-version":[{"id":386248,"href":"https:\/\/www.foscarini.com\/es\/wp-json\/wp\/v2\/pages\/386206\/revisions\/386248"}],"wp:featuredmedia":[{"embeddable":true,"href":"https:\/\/www.foscarini.com\/es\/wp-json\/wp\/v2\/media\/313551"}],"wp:attachment":[{"href":"https:\/\/www.foscarini.com\/es\/wp-json\/wp\/v2\/media?parent=386206"}],"curies":[{"name":"wp","href":"https:\/\/api.w.org\/{rel}","templated":true}]}}