{"id":386027,"date":"2025-03-31T14:43:38","date_gmt":"2025-03-31T14:43:38","guid":{"rendered":"https:\/\/www.foscarini.com\/mdw25-eolie\/"},"modified":"2025-04-08T12:37:37","modified_gmt":"2025-04-08T12:37:37","slug":"mdw25-eolie","status":"publish","type":"page","link":"https:\/\/www.foscarini.com\/es\/mdw25-eolie\/","title":{"rendered":"MDW25-Eolie"},"content":{"rendered":"<section class=\"two_cols__link_and_image full-height-vh \">\n    <div class=\"row row-large \">\n        <div class=\"medium-4 small-12 columns full-height relative col-1\">\n            <div class=\"ct-text\">\n                <span class=\"subtitle js-heading\">Novedades 2025<\/span>\n                <div class=\"ct-link\">\n                                        <a class=\"link-arrow title-medium js-heading no-link\" href=\"\"><p>Alicudi, Panarea, Filicudi<\/p>\n<\/a>\n                    <div class=\"text-1 js-heading\"><p>\/ Alberto + Francesco Meda<\/p>\n<\/div>\n                                    <\/div>\n                            <\/div>\n        <\/div>\n        <div class=\"medium-8 small-12 columns full-height col-2 no-padding-right-mobile\">\n                                                    <img decoding=\"async\" class=\"full-cover\" src=\"https:\/\/www.foscarini.com\/wp-content\/uploads\/2025\/03\/EOLIE-PREVIEW-150x150.png\" srcset=\"https:\/\/www.foscarini.com\/wp-content\/uploads\/2025\/03\/EOLIE-PREVIEW-300x240.png 300w, https:\/\/www.foscarini.com\/wp-content\/uploads\/2025\/03\/EOLIE-PREVIEW-1024x819.png 1024w, https:\/\/www.foscarini.com\/wp-content\/uploads\/2025\/03\/EOLIE-PREVIEW-768x614.png 768w, https:\/\/www.foscarini.com\/wp-content\/uploads\/2025\/03\/EOLIE-PREVIEW-800x640.png 800w, https:\/\/www.foscarini.com\/wp-content\/uploads\/2025\/03\/EOLIE-PREVIEW.png 1200w\" alt=\"\" \/>\n                                            <\/div>\n    <\/div>\n<\/section><section class=\"articolo-titolo reading-time\">\n    <div class=\"ct-block\">\n        <div class=\"text\"><p>Homenaje al encanto volc\u00e1nico de las Islas Eolias, Alicudi, Filicudi y Panarea son las nuevas l\u00e1mparas colgantes en lava reciclada dise\u00f1adas por Alberto y Francesco Meda. Un proyecto que une experimentaci\u00f3n y sostenibilidad, transformando los desechos del trabajo de la piedra volc\u00e1nica en piezas \u00fanicas. Encuentro entre la industria y la artesan\u00eda, fruto de la investigaci\u00f3n y la experimentaci\u00f3n con nuevos materiales, expresi\u00f3n de la libertad creativa y de dise\u00f1o de Foscarini.<\/p>\n<\/div>\n            <\/div>\n<\/section><section class=\"articolo-testo reading-time\">\n    <div class=\"ct-block\">\n        <div class=\"text\"><p>Una colecci\u00f3n de l\u00e1mparas que expresa la belleza cruda de la lava, con superficies ricas en porosidad y cr\u00e1teres, transformando un material de desecho en un objeto de dise\u00f1o que combina est\u00e9tica y sostenibilidad. Un paso m\u00e1s en la experimentaci\u00f3n con materiales in\u00e9ditos e inesperados en el campo de la iluminaci\u00f3n, caracter\u00edstica distintiva de la investigaci\u00f3n de Foscarini.<\/p>\n<p>Alicudi, Filicudi y Panarea nacen de la colaboraci\u00f3n de Foscarini con Ranieri y sus directores art\u00edsticos Francesco Meda y David Lopez Quincoces. El material in\u00e9dito patentado utilizado para esta colecci\u00f3n proviene de un proceso innovador. El uso de lava reciclada permite obtener grosores reducidos, hasta 8-10 mm, manteniendo la resistencia y la expresividad caracter\u00edstica de la lava natural. Cada l\u00e1mpara es \u00fanica, con una textura irregular y material, enriquecida con porosidades y cr\u00e1teres. Aunque producidas industrialmente, Alicudi, Filicudi y Panarea conservan un fuerte car\u00e1cter artesanal: el proceso de fabricaci\u00f3n se realiza manualmente, lo que genera variaciones \u00fanicas e irrepetibles en cada pieza.<\/p>\n<p>Las tres l\u00e1mparas colgantes, Alicudi, Filicudi y Panarea, toman su nombre de las Islas Eolias, evocando su encanto volc\u00e1nico. Las formas fueron elegidas para resaltar las posibilidades y los l\u00edmites del material utilizado.<\/p>\n<\/div>\n    <\/div>\n<\/section><section class=\"prof__single_slide_three_cols full-height-vh\">\n    <div class=\"row\">\n        <div class=\"medium-12 small-12 columns full-height no-padding-right-mobile\">\n            <div class=\"ct-text\">\n                <div class=\"title-little title-section\"><\/div>\n                <div class=\"ct-arrow\">\n                    <div class=\"swiper-button-prev\" aria-label=\"previous slide\"><\/div>\n                    <div class=\"swiper-button-next\" aria-label=\"next slide\"><\/div>\n                <\/div>\n            <\/div>\n            <div class=\"swiper-container swiper__prof__three_cols\">\n                <div class=\"swiper-wrapper\">\n                                                <div class=\"swiper-slide\">\n                                <a class=\"ct-image-text-lateral no-link\" href=\"\">\n                                    <span class=\"section-name-lateral\" data-filter=\"\">Filicudi<\/span>\n                                                                            <img decoding=\"async\" class=\"full-cover\" src=\"https:\/\/www.foscarini.com\/wp-content\/uploads\/2025\/03\/3img-2MDW25-EOLIE-150x150.jpg\" srcset=\"https:\/\/www.foscarini.com\/wp-content\/uploads\/2025\/03\/3img-2MDW25-EOLIE-188x300.jpg 188w, https:\/\/www.foscarini.com\/wp-content\/uploads\/2025\/03\/3img-2MDW25-EOLIE.jpg 581w\" alt=\"\" \/>\n                                                                        <\/a>\n                            <\/div>\n                                                        <div class=\"swiper-slide\">\n                                <a class=\"ct-image-text-lateral no-link\" href=\"\">\n                                    <span class=\"section-name-lateral\" data-filter=\"\">Panarea<\/span>\n                                                                            <img decoding=\"async\" class=\"full-cover\" src=\"https:\/\/www.foscarini.com\/wp-content\/uploads\/2025\/03\/3img-3MDW25-EOLIE-150x150.jpg\" srcset=\"https:\/\/www.foscarini.com\/wp-content\/uploads\/2025\/03\/3img-3MDW25-EOLIE-188x300.jpg 188w, https:\/\/www.foscarini.com\/wp-content\/uploads\/2025\/03\/3img-3MDW25-EOLIE.jpg 581w\" alt=\"\" \/>\n                                                                        <\/a>\n                            <\/div>\n                                                        <div class=\"swiper-slide\">\n                                <a class=\"ct-image-text-lateral no-link\" href=\"\">\n                                    <span class=\"section-name-lateral\" data-filter=\"\">Alicudi<\/span>\n                                                                            <img decoding=\"async\" class=\"full-cover\" src=\"https:\/\/www.foscarini.com\/wp-content\/uploads\/2025\/03\/3img-1MDW25-EOLIE-150x150.jpg\" srcset=\"https:\/\/www.foscarini.com\/wp-content\/uploads\/2025\/03\/3img-1MDW25-EOLIE-188x300.jpg 188w, https:\/\/www.foscarini.com\/wp-content\/uploads\/2025\/03\/3img-1MDW25-EOLIE.jpg 581w\" alt=\"\" \/>\n                                                                        <\/a>\n                            <\/div>\n                                            <\/div>\n            <\/div>\n        <\/div>\n    <\/div>\n<\/section><section class=\"concept__designer full-height-vh bg-beige\">\n    <div class=\"row\">\n        <div class=\"medium-6 small-12 columns\">\n            <div class=\"info-designer\">\n                <span class=\"subtitle js-heading\">DESIGNER<\/span>\n                <div class=\"title-little js-heading\"><p>Alberto + Francesco Meda<\/p>\n<\/div>\n                                    <img decoding=\"async\" class=\"photo-designer\" src=\"https:\/\/www.foscarini.com\/wp-content\/uploads\/2024\/01\/8.1_Chiaroscura.jpg\" alt=\"\" \/>\n                                <\/div>\n        <\/div>\n        <div class=\"medium-6 small-12 columns no-padding padding-mobile\">\n            <div class=\"text-4 js-heading\"><p>Alberto y Francesco Meda, padre e hijo, fusionan ingenier\u00eda y dise\u00f1o con un equilibrio entre rigurosidad t\u00e9cnica y poes\u00eda visual. La larga experiencia de Alberto Meda en el dise\u00f1o industrial, unida a la mirada fresca y contempor\u00e1nea de Francesco, da lugar a un di\u00e1logo de dise\u00f1o que se traduce en formas esenciales y sofisticadas, donde la luz y el material se complementan con armon\u00eda natural.<\/p>\n<\/div>\n        <\/div>\n    <\/div>\n\n    <div class=\"swiper-container swiper__from_cols\">\n        <div class=\"swiper-wrapper col-2\">\n            <div class=\"swiper-slide\">\n                                    <img decoding=\"async\" class=\"full-cover\" src=\"https:\/\/www.foscarini.com\/wp-content\/uploads\/2025\/03\/design-01MDW25-EOLIE-1-150x150.jpg\" srcset=\"https:\/\/www.foscarini.com\/wp-content\/uploads\/2025\/03\/design-01MDW25-EOLIE-1-285x300.jpg 285w, https:\/\/www.foscarini.com\/wp-content\/uploads\/2025\/03\/design-01MDW25-EOLIE-1-768x808.jpg 768w, https:\/\/www.foscarini.com\/wp-content\/uploads\/2025\/03\/design-01MDW25-EOLIE-1.jpg 781w\" alt=\"\" \/>\n                                <\/div>\n            <div class=\"swiper-slide\">\n                <div class=\"ct-img\">\n                                            <img decoding=\"async\" src=\"https:\/\/www.foscarini.com\/wp-content\/uploads\/2025\/03\/design-02MDW25-EOLIE-150x150.jpg\" srcset=\"https:\/\/www.foscarini.com\/wp-content\/uploads\/2025\/03\/design-02MDW25-EOLIE-300x291.jpg 300w, https:\/\/www.foscarini.com\/wp-content\/uploads\/2025\/03\/design-02MDW25-EOLIE.jpg 679w\" alt=\"\" \/>\n                                                            <\/div>\n            <\/div>\n        <\/div>\n    <\/div>\n\n    <div class=\"show-mobile\">\n        <div class=\"row\">\n            <div class=\"small-12 columns\">\n                            <\/div>\n        <\/div>\n    <\/div>\n<\/section><section class=\"articolo-citazione reading-time\">\n    <div class=\"ct-block\">\n        <div class=\"text\"><p>&#8220;A diferencia del m\u00e1rmol, la lava no se extrae: se recoge directamente de la monta\u00f1a. Despu\u00e9s de una erupci\u00f3n, el magma se sedimenta, convirti\u00e9ndose en parte del terreno y formando bloques de piedra volc\u00e1nica que pueden ser trabajados. El proceso de corte genera una gran cantidad de virutas de desecho, que decidimos recuperar. El resultado son l\u00e1mparas de lava reciclada, con una superficie c\u00e1lida, rica en porosidad y cr\u00e1teres.&#8221;<\/p>\n<\/div>\n        <div class=\"cit\"><p>Francesco Meda<br \/>\n\/ Designer<\/p>\n<\/div>\n    <\/div>\n<\/section><section class=\"pdp__slider full-height-vh\">\n    <div class=\"swiper-container swiper__pdp\">\n        <div class=\"swiper-wrapper full-height\">\n                                <div class=\"swiper-slide\">\n                                                    <img decoding=\"async\" class=\"full-cover\" src=\"https:\/\/www.foscarini.com\/wp-content\/uploads\/2025\/04\/slider-eolie-01-150x150.jpg\" srcset=\"https:\/\/www.foscarini.com\/wp-content\/uploads\/2025\/04\/slider-eolie-01-300x200.jpg 300w, https:\/\/www.foscarini.com\/wp-content\/uploads\/2025\/04\/slider-eolie-01-1024x683.jpg 1024w, https:\/\/www.foscarini.com\/wp-content\/uploads\/2025\/04\/slider-eolie-01-768x512.jpg 768w, https:\/\/www.foscarini.com\/wp-content\/uploads\/2025\/04\/slider-eolie-01-1536x1025.jpg 1536w, https:\/\/www.foscarini.com\/wp-content\/uploads\/2025\/04\/slider-eolie-01-800x534.jpg 800w, https:\/\/www.foscarini.com\/wp-content\/uploads\/2025\/04\/slider-eolie-01.jpg 1805w\" alt=\"\" \/>\n                                                                        <\/div>\n                                        <div class=\"swiper-slide\">\n                                                    <img decoding=\"async\" class=\"full-cover\" src=\"https:\/\/www.foscarini.com\/wp-content\/uploads\/2025\/04\/slider-eolie-02-150x150.jpg\" srcset=\"https:\/\/www.foscarini.com\/wp-content\/uploads\/2025\/04\/slider-eolie-02-300x200.jpg 300w, https:\/\/www.foscarini.com\/wp-content\/uploads\/2025\/04\/slider-eolie-02-1024x683.jpg 1024w, https:\/\/www.foscarini.com\/wp-content\/uploads\/2025\/04\/slider-eolie-02-768x512.jpg 768w, https:\/\/www.foscarini.com\/wp-content\/uploads\/2025\/04\/slider-eolie-02-1536x1025.jpg 1536w, https:\/\/www.foscarini.com\/wp-content\/uploads\/2025\/04\/slider-eolie-02-800x534.jpg 800w, https:\/\/www.foscarini.com\/wp-content\/uploads\/2025\/04\/slider-eolie-02.jpg 1805w\" alt=\"\" \/>\n                                                                        <\/div>\n                                        <div class=\"swiper-slide\">\n                                                    <img decoding=\"async\" class=\"full-cover\" src=\"https:\/\/www.foscarini.com\/wp-content\/uploads\/2025\/04\/slider-eolie-03-150x150.jpg\" srcset=\"https:\/\/www.foscarini.com\/wp-content\/uploads\/2025\/04\/slider-eolie-03-200x300.jpg 200w, https:\/\/www.foscarini.com\/wp-content\/uploads\/2025\/04\/slider-eolie-03-683x1024.jpg 683w, https:\/\/www.foscarini.com\/wp-content\/uploads\/2025\/04\/slider-eolie-03-768x1152.jpg 768w, https:\/\/www.foscarini.com\/wp-content\/uploads\/2025\/04\/slider-eolie-03-800x1200.jpg 800w, https:\/\/www.foscarini.com\/wp-content\/uploads\/2025\/04\/slider-eolie-03.jpg 803w\" alt=\"\" \/>\n                                                                        <\/div>\n                                        <div class=\"swiper-slide\">\n                                                    <img decoding=\"async\" class=\"full-cover\" src=\"https:\/\/www.foscarini.com\/wp-content\/uploads\/2025\/04\/slider-eolie-04-150x150.jpg\" srcset=\"https:\/\/www.foscarini.com\/wp-content\/uploads\/2025\/04\/slider-eolie-04-200x300.jpg 200w, https:\/\/www.foscarini.com\/wp-content\/uploads\/2025\/04\/slider-eolie-04-683x1024.jpg 683w, https:\/\/www.foscarini.com\/wp-content\/uploads\/2025\/04\/slider-eolie-04-768x1152.jpg 768w, https:\/\/www.foscarini.com\/wp-content\/uploads\/2025\/04\/slider-eolie-04-800x1200.jpg 800w, https:\/\/www.foscarini.com\/wp-content\/uploads\/2025\/04\/slider-eolie-04.jpg 803w\" alt=\"\" \/>\n                                                                        <\/div>\n                            <\/div>\n    <\/div>\n    <div class=\"swiper-scrollbar\"><\/div>\n    <div class=\"ct-arrow\">\n        <div class=\"swiper-button-prev\"><\/div>\n        <div class=\"swiper-button-next\"><\/div>\n    <\/div>\n<\/section><section class=\"world__menu_image\">\n\n    <div class=\"designer-desc-container\">\n                            <div class=\"title-medium js-heading\"><p>Nuevas ideas de luz<\/p>\n<\/div>\n                       \n            <div class=\"text-2 js-heading\"><p>En el centro, una reinterpretaci\u00f3n contempor\u00e1nea de un gran arquetipo: el chandelier, reinventado con visiones de dise\u00f1o potentes y distintivas.<br \/>\nLa innovaci\u00f3n tambi\u00e9n se expresa mediante la experimentaci\u00f3n con materiales in\u00e9ditos y combinaciones inesperadas, como la lava reciclada o los bordados realizados con cuentas de vidrio en di\u00e1logo con la luz.<\/p>\n<\/div>\n                <\/div>\n\n    \n    <div class=\"inner--stories menu \">\n                                <a href=\"https:\/\/www.foscarini.com\/es\/mdw25-allumette\/\" class=\"menu__item\" data-image=\"https:\/\/www.foscarini.com\/wp-content\/uploads\/2025\/03\/ALLUMETTE-PREVIEW.png\">\n                            <span class=\"menu__item-text\"><span class=\"menu__item-textinner\">ALLUMETTE<\/span><\/span>\n                            <span class=\"menu__item-sub\">Francesca Lanzavecchia<\/span>\n                        <\/a>\n                                                <a href=\"https:\/\/www.foscarini.com\/es\/mdw25-asteria\/\" class=\"menu__item\" data-image=\"https:\/\/www.foscarini.com\/wp-content\/uploads\/2025\/03\/ASTERIA-MULTI-PREVIEW.png\">\n                            <span class=\"menu__item-text\"><span class=\"menu__item-textinner\">ASTERIA<\/span><\/span>\n                            <span class=\"menu__item-sub\">Alberto + Francesco Meda<\/span>\n                        <\/a>\n                                                <a href=\"https:\/\/www.foscarini.com\/es\/mdw25-tilia\/\" class=\"menu__item\" data-image=\"https:\/\/www.foscarini.com\/wp-content\/uploads\/2025\/03\/TILIA-PREVIEW.png\">\n                            <span class=\"menu__item-text\"><span class=\"menu__item-textinner\">TILIA<\/span><\/span>\n                            <span class=\"menu__item-sub\">Francesca Lanzavecchia<\/span>\n                        <\/a>\n                                                <a href=\"https:\/\/www.foscarini.com\/es\/mdw25-etoile\/\" class=\"menu__item\" data-image=\"https:\/\/www.foscarini.com\/wp-content\/uploads\/2025\/03\/GRANDE-ETOILE-PREVIEW.png\">\n                            <span class=\"menu__item-text\"><span class=\"menu__item-textinner\">ETOILE<\/span><\/span>\n                            <span class=\"menu__item-sub\">Dordoni Studio<\/span>\n                        <\/a>\n                                                <a href=\"https:\/\/www.foscarini.com\/es\/mdw25-eolie\/\" class=\"menu__item\" data-image=\"https:\/\/www.foscarini.com\/wp-content\/uploads\/2025\/03\/EOLIE-PREVIEW.png\">\n                            <span class=\"menu__item-text\"><span class=\"menu__item-textinner\">EOLIE<\/span><\/span>\n                            <span class=\"menu__item-sub\">Alberto +  Francesco Meda<\/span>\n                        <\/a>\n                                                <a href=\"https:\/\/www.foscarini.com\/es\/mdw25-torche\/\" class=\"menu__item\" data-image=\"https:\/\/www.foscarini.com\/wp-content\/uploads\/2025\/03\/TORCHE-PREVIEW.png\">\n                            <span class=\"menu__item-text\"><span class=\"menu__item-textinner\">TORCHE<\/span><\/span>\n                            <span class=\"menu__item-sub\">Dordoni Studio<\/span>\n                        <\/a>\n                                                <a href=\"https:\/\/www.foscarini.com\/es\/mdw25-habitus\/\" class=\"menu__item\" data-image=\"https:\/\/www.foscarini.com\/wp-content\/uploads\/2025\/03\/HABITUS-PREVIEW.png\">\n                            <span class=\"menu__item-text\"><span class=\"menu__item-textinner\">HABITUS<\/span><\/span>\n                            <span class=\"menu__item-sub\">Andrea Anastasio<\/span>\n                        <\/a>\n                                                <a href=\"https:\/\/www.foscarini.com\/es\/mdw25-aplomb-wall\/\" class=\"menu__item\" data-image=\"https:\/\/www.foscarini.com\/wp-content\/uploads\/2025\/03\/APLOMB-PREVIEW.png\">\n                            <span class=\"menu__item-text\"><span class=\"menu__item-textinner\">APLOMB <\/span><\/span>\n                            <span class=\"menu__item-sub\">Lucidi Pevere<\/span>\n                        <\/a>\n                                                <a href=\"https:\/\/www.foscarini.com\/es\/mdw25-fields\/\" class=\"menu__item\" data-image=\"https:\/\/www.foscarini.com\/wp-content\/uploads\/2025\/03\/FIELDS-PREVIEW-1.png\">\n                            <span class=\"menu__item-text\"><span class=\"menu__item-textinner\">FIELDS<\/span><\/span>\n                            <span class=\"menu__item-sub\">Garcia Cumini<\/span>\n                        <\/a>\n                            <\/div>\n<\/section><section class=\"world__book bg-beige\">\n    <div class=\"row\">\n        <div class=\"medium-8 small-12 columns\">\n            <div class=\"ct-text\">\n                <p class=\"subtitle js-heading\">BOOKLET NEWS 2025<\/p>\n                <div class=\"title-medium js-heading\"><p>7 nuevas familias de productos, 2 versiones actualizadas, 21 modelos diferentes, 6 dise\u00f1adores, 1 nueva colaboraci\u00f3n, 2 materiales in\u00e9ditos<\/p>\n<\/div>\n                <div class=\"text-2 js-heading\"><\/div>\n                                    <div class=\"center-mobile\">\n                        <a class=\"link-bg \" href=\"https:\/\/cdn1.foscarini.com\/Catalogues\/Brochure-News-2025_Foscarini.pdf\" data-name=\"Brochure-News-2025_Foscarini.pdf\" download=\"\" target=\"_blank\">Descargar el folleto<\/a>\n                    <\/div>\n                            <\/div>\n        <\/div>\n        <div class=\"medium-4 small-12 columns\">\n            <div class=\"ct-text-right\">\n                                    <img decoding=\"async\" src=\"https:\/\/www.foscarini.com\/wp-content\/uploads\/2025\/03\/Brochure-news-salone-150x150.png\" srcset=\"https:\/\/www.foscarini.com\/wp-content\/uploads\/2025\/03\/Brochure-news-salone-257x300.png 257w, https:\/\/www.foscarini.com\/wp-content\/uploads\/2025\/03\/Brochure-news-salone.png 740w\" alt=\"\" \/>\n                                    <div class=\"text-2\"><\/div>\n\n                            <\/div>\n        <\/div>\n    <\/div>\n<\/section>","protected":false},"excerpt":{"rendered":"","protected":false},"author":10,"featured_media":0,"parent":0,"menu_order":0,"comment_status":"closed","ping_status":"closed","template":"","meta":{"_acf_changed":false,"footnotes":""},"class_list":["post-386027","page","type-page","status-publish","hentry"],"acf":{"preview_slider":{"titolo":"","testo":"","video_domanda":false,"link_video":""}},"yoast_head":"<!-- This site is optimized with the Yoast SEO Premium plugin v22.4 (Yoast SEO v23.7) - https:\/\/yoast.com\/wordpress\/plugins\/seo\/ -->\n<title>MDW25-Eolie - Foscarini<\/title>\n<meta name=\"robots\" content=\"index, follow, max-snippet:-1, max-image-preview:large, max-video-preview:-1\" \/>\n<meta property=\"og:locale\" content=\"es_ES\" \/>\n<meta property=\"og:type\" content=\"article\" \/>\n<meta property=\"og:title\" content=\"MDW25-Eolie\" \/>\n<meta property=\"og:url\" content=\"https:\/\/www.foscarini.com\/es\/mdw25-eolie\/\" \/>\n<meta property=\"og:site_name\" content=\"Foscarini\" \/>\n<meta property=\"article:modified_time\" content=\"2025-04-08T12:37:37+00:00\" \/>\n<meta name=\"twitter:card\" content=\"summary_large_image\" \/>\n<script type=\"application\/ld+json\" class=\"yoast-schema-graph\">{\"@context\":\"https:\/\/schema.org\",\"@graph\":[{\"@type\":\"WebPage\",\"@id\":\"https:\/\/www.foscarini.com\/es\/mdw25-eolie\/\",\"url\":\"https:\/\/www.foscarini.com\/es\/mdw25-eolie\/\",\"name\":\"MDW25-Eolie - Foscarini\",\"isPartOf\":{\"@id\":\"https:\/\/www.foscarini.com\/#website\"},\"datePublished\":\"2025-03-31T14:43:38+00:00\",\"dateModified\":\"2025-04-08T12:37:37+00:00\",\"breadcrumb\":{\"@id\":\"https:\/\/www.foscarini.com\/es\/mdw25-eolie\/#breadcrumb\"},\"inLanguage\":\"es\",\"potentialAction\":[{\"@type\":\"ReadAction\",\"target\":[\"https:\/\/www.foscarini.com\/es\/mdw25-eolie\/\"]}]},{\"@type\":\"BreadcrumbList\",\"@id\":\"https:\/\/www.foscarini.com\/es\/mdw25-eolie\/#breadcrumb\",\"itemListElement\":[{\"@type\":\"ListItem\",\"position\":1,\"name\":\"Home\",\"item\":\"https:\/\/www.foscarini.com\/es\/\"},{\"@type\":\"ListItem\",\"position\":2,\"name\":\"MDW25-Eolie\"}]},{\"@type\":\"WebSite\",\"@id\":\"https:\/\/www.foscarini.com\/#website\",\"url\":\"https:\/\/www.foscarini.com\/\",\"name\":\"Foscarini\",\"description\":\"\",\"potentialAction\":[{\"@type\":\"SearchAction\",\"target\":{\"@type\":\"EntryPoint\",\"urlTemplate\":\"https:\/\/www.foscarini.com\/?s={search_term_string}\"},\"query-input\":{\"@type\":\"PropertyValueSpecification\",\"valueRequired\":true,\"valueName\":\"search_term_string\"}}],\"inLanguage\":\"es\"}]}<\/script>\n<!-- \/ Yoast SEO Premium plugin. -->","yoast_head_json":{"title":"MDW25-Eolie - Foscarini","robots":{"index":"index","follow":"follow","max-snippet":"max-snippet:-1","max-image-preview":"max-image-preview:large","max-video-preview":"max-video-preview:-1"},"og_locale":"es_ES","og_type":"article","og_title":"MDW25-Eolie","og_url":"https:\/\/www.foscarini.com\/es\/mdw25-eolie\/","og_site_name":"Foscarini","article_modified_time":"2025-04-08T12:37:37+00:00","twitter_card":"summary_large_image","schema":{"@context":"https:\/\/schema.org","@graph":[{"@type":"WebPage","@id":"https:\/\/www.foscarini.com\/es\/mdw25-eolie\/","url":"https:\/\/www.foscarini.com\/es\/mdw25-eolie\/","name":"MDW25-Eolie - Foscarini","isPartOf":{"@id":"https:\/\/www.foscarini.com\/#website"},"datePublished":"2025-03-31T14:43:38+00:00","dateModified":"2025-04-08T12:37:37+00:00","breadcrumb":{"@id":"https:\/\/www.foscarini.com\/es\/mdw25-eolie\/#breadcrumb"},"inLanguage":"es","potentialAction":[{"@type":"ReadAction","target":["https:\/\/www.foscarini.com\/es\/mdw25-eolie\/"]}]},{"@type":"BreadcrumbList","@id":"https:\/\/www.foscarini.com\/es\/mdw25-eolie\/#breadcrumb","itemListElement":[{"@type":"ListItem","position":1,"name":"Home","item":"https:\/\/www.foscarini.com\/es\/"},{"@type":"ListItem","position":2,"name":"MDW25-Eolie"}]},{"@type":"WebSite","@id":"https:\/\/www.foscarini.com\/#website","url":"https:\/\/www.foscarini.com\/","name":"Foscarini","description":"","potentialAction":[{"@type":"SearchAction","target":{"@type":"EntryPoint","urlTemplate":"https:\/\/www.foscarini.com\/?s={search_term_string}"},"query-input":{"@type":"PropertyValueSpecification","valueRequired":true,"valueName":"search_term_string"}}],"inLanguage":"es"}]}},"_links":{"self":[{"href":"https:\/\/www.foscarini.com\/es\/wp-json\/wp\/v2\/pages\/386027"}],"collection":[{"href":"https:\/\/www.foscarini.com\/es\/wp-json\/wp\/v2\/pages"}],"about":[{"href":"https:\/\/www.foscarini.com\/es\/wp-json\/wp\/v2\/types\/page"}],"author":[{"embeddable":true,"href":"https:\/\/www.foscarini.com\/es\/wp-json\/wp\/v2\/users\/10"}],"replies":[{"embeddable":true,"href":"https:\/\/www.foscarini.com\/es\/wp-json\/wp\/v2\/comments?post=386027"}],"version-history":[{"count":3,"href":"https:\/\/www.foscarini.com\/es\/wp-json\/wp\/v2\/pages\/386027\/revisions"}],"predecessor-version":[{"id":386200,"href":"https:\/\/www.foscarini.com\/es\/wp-json\/wp\/v2\/pages\/386027\/revisions\/386200"}],"wp:attachment":[{"href":"https:\/\/www.foscarini.com\/es\/wp-json\/wp\/v2\/media?parent=386027"}],"curies":[{"name":"wp","href":"https:\/\/api.w.org\/{rel}","templated":true}]}}