{"id":28140,"date":"2024-01-17T16:11:52","date_gmt":"2024-01-17T16:11:52","guid":{"rendered":"https:\/\/www.foscarini.com\/mani-nere\/"},"modified":"2024-02-23T11:43:27","modified_gmt":"2024-02-23T11:43:27","slug":"manos-negras","status":"publish","type":"page","link":"https:\/\/www.foscarini.com\/es\/manos-negras\/","title":{"rendered":"Manos negras"},"content":{"rendered":"<section class=\"two_cols__link_and_image full-height-vh \">\n    <div class=\"row row-large \">\n        <div class=\"medium-4 small-12 columns full-height relative col-1\">\n            <div class=\"ct-text\">\n                <span class=\"subtitle js-heading\"><\/span>\n                <div class=\"ct-link\">\n                                        <a class=\"link-arrow title-big js-heading no-link\" href=\"\"><h1>Manos negras<\/h1>\n<\/a>\n                    <div class=\"text-1 js-heading\"><p>de: Gianluca Vassallo<\/p>\n<\/div>\n                                    <\/div>\n                <div class=\"join-line\"><\/div>            <\/div>\n        <\/div>\n        <div class=\"medium-8 small-12 columns full-height col-2 no-padding-right-mobile\">\n                                                    <img decoding=\"async\" class=\"full-cover\" src=\"https:\/\/www.foscarini.com\/wp-content\/uploads\/2024\/01\/MODULO1_MANI-NERE-VASSALLO-150x150.jpg\" srcset=\"https:\/\/www.foscarini.com\/wp-content\/uploads\/2024\/01\/MODULO1_MANI-NERE-VASSALLO-300x224.jpg 300w, https:\/\/www.foscarini.com\/wp-content\/uploads\/2024\/01\/MODULO1_MANI-NERE-VASSALLO-800x597.jpg 800w, https:\/\/www.foscarini.com\/wp-content\/uploads\/2024\/01\/MODULO1_MANI-NERE-VASSALLO-1024x765.jpg 1024w, https:\/\/www.foscarini.com\/wp-content\/uploads\/2024\/01\/MODULO1_MANI-NERE-VASSALLO-768x573.jpg 768w, https:\/\/www.foscarini.com\/wp-content\/uploads\/2024\/01\/MODULO1_MANI-NERE-VASSALLO-1536x1147.jpg 1536w, https:\/\/www.foscarini.com\/wp-content\/uploads\/2024\/01\/MODULO1_MANI-NERE-VASSALLO.jpg 1776w\" alt=\"\" \/>\n                                            <\/div>\n    <\/div>\n<\/section><section class=\"world__menu_image world_text\">\n    <div class=\"designer-desc-container\">\n        <span class=\"subtitle js-heading\"><\/span>\n        <div class=\"title-medium js-heading\"><h2>Me acuerdo de mi padre cuando yo era todav\u00eda un ni\u00f1o, mientras trabajaba inclinado en el mostrador de orfebrer\u00eda, bajo la luz fr\u00eda de un fluorescente que iluminaba sus enormes manos.<\/h2>\n<\/div>\n        <div class=\"text-2 js-heading\"><p>Con una de esas manos, que yo recuerdo negras debido a la resina agotada, sujetaba un min\u00fasculo coraz\u00f3n oscurecido por la llama y con la otra lo cepillaba. Me recuerdo mientras observaba a mi padre, rodeado con las estampas de mi abuela, que estaban colgadas en el mismo clavo del calendario de los carabineros (me acuerdo que estaban al lado de la fotograf\u00eda de Maradona, encima de la de mi hermana cuando era peque\u00f1a), soportando el sonido del cepillo, el olor del \u00e1cido, los deseos de mi madre. Me acuerdo de ese coraz\u00f3n agotado por la voluntad, que ced\u00eda tras los golpes recibidos, uno tras otro, para hacer resplandecer el oro entre las manos negras de la maestr\u00eda. Y as\u00ed he fotografiado el trabajo paciente de estas almas atentas, los lugares de su esfuerzo, los signos estratificados, buscando en las manos enormes de estos hombres meticulosos el coraz\u00f3n que les ilumina de dignidad con cada uno de sus gestos. Las manos de mi padre que, sin haberlo visto jam\u00e1s, sin las palabras para hacerlo, me ense\u00f1\u00f3 ese d\u00eda el asombro por el mundo.<\/p>\n<\/div>\n    <\/div>\n<\/section><section class=\"two_cols__link_and_image full-height-vh \">\n    <div class=\"row row-large invert\">\n        <div class=\"medium-4 small-12 columns full-height relative col-1\">\n            <div class=\"ct-text\">\n                <span class=\"subtitle js-heading\"><\/span>\n                <div class=\"ct-link\">\n                                        <a class=\"link-arrow title-little js-heading no-link\" href=\"\"><\/a>\n                    <div class=\"text-1 js-heading\"><\/div>\n                                    <\/div>\n                            <\/div>\n        <\/div>\n        <div class=\"medium-8 small-12 columns full-height col-2 no-padding-right-mobile\">\n                                                    <img decoding=\"async\" class=\"full-cover\" src=\"https:\/\/www.foscarini.com\/wp-content\/uploads\/2024\/01\/FOTO_2_MANI-NERE-VASSALLO-150x150.jpg\" srcset=\"https:\/\/www.foscarini.com\/wp-content\/uploads\/2024\/01\/FOTO_2_MANI-NERE-VASSALLO-300x183.jpg 300w, https:\/\/www.foscarini.com\/wp-content\/uploads\/2024\/01\/FOTO_2_MANI-NERE-VASSALLO-800x488.jpg 800w, https:\/\/www.foscarini.com\/wp-content\/uploads\/2024\/01\/FOTO_2_MANI-NERE-VASSALLO-1024x624.jpg 1024w, https:\/\/www.foscarini.com\/wp-content\/uploads\/2024\/01\/FOTO_2_MANI-NERE-VASSALLO-768x468.jpg 768w, https:\/\/www.foscarini.com\/wp-content\/uploads\/2024\/01\/FOTO_2_MANI-NERE-VASSALLO-1536x936.jpg 1536w, https:\/\/www.foscarini.com\/wp-content\/uploads\/2024\/01\/FOTO_2_MANI-NERE-VASSALLO-2048x1248.jpg 2048w\" alt=\"\" \/>\n                                            <\/div>\n    <\/div>\n<\/section><div class=\"wp-block-group two_cols_image two_cols_image_reverse\"><div class=\"wp-block-group__inner-container is-layout-constrained wp-block-group-is-layout-constrained\"><div class=\"wp-block-columns is-layout-flex wp-container-core-columns-is-layout-1 wp-block-columns-is-layout-flex\"><div class=\"wp-block-column second_column is-layout-flow wp-block-column-is-layout-flow\"><div class=\"wp-block-getwid-image-hotspot\" data-appearance-animation=\"none\" data-image-points=\"[]\" data-trigger=\"click\" data-theme=\"light\" data-tooltip-animation=\"shift-toward\" data-arrow=\"true\"><div class=\"wp-block-getwid-image-hotspot__wrapper\"><img loading=\"lazy\" decoding=\"async\" width=\"864\" height=\"922\" src=\"http:\/\/www.foscarini.com\/wp-content\/uploads\/2024\/01\/FOTO_3_MANI-NERE-VASSALLO.jpg\" alt=\"\" class=\"wp-block-getwid-image-hotspot__image wp-image-12426\" srcset=\"https:\/\/www.foscarini.com\/wp-content\/uploads\/2024\/01\/FOTO_3_MANI-NERE-VASSALLO.jpg 864w, https:\/\/www.foscarini.com\/wp-content\/uploads\/2024\/01\/FOTO_3_MANI-NERE-VASSALLO-800x854.jpg 800w, https:\/\/www.foscarini.com\/wp-content\/uploads\/2024\/01\/FOTO_3_MANI-NERE-VASSALLO-281x300.jpg 281w, https:\/\/www.foscarini.com\/wp-content\/uploads\/2024\/01\/FOTO_3_MANI-NERE-VASSALLO-768x820.jpg 768w\" sizes=\"(max-width: 864px) 100vw, 864px\" \/><\/div><\/div><\/div>\n\n<div class=\"wp-block-column is-layout-flow wp-block-column-is-layout-flow\"><div class=\"wp-block-getwid-image-hotspot\" data-appearance-animation=\"none\" data-image-points=\"[]\" data-trigger=\"click\" data-theme=\"light\" data-tooltip-animation=\"shift-toward\" data-arrow=\"true\"><div class=\"wp-block-getwid-image-hotspot__wrapper\"><img loading=\"lazy\" decoding=\"async\" width=\"1440\" height=\"1600\" src=\"http:\/\/www.foscarini.com\/wp-content\/uploads\/2024\/01\/FOTO_4_MANI-NERE-VASSALLO.jpg\" alt=\"\" class=\"wp-block-getwid-image-hotspot__image wp-image-12433\" srcset=\"https:\/\/www.foscarini.com\/wp-content\/uploads\/2024\/01\/FOTO_4_MANI-NERE-VASSALLO.jpg 1440w, https:\/\/www.foscarini.com\/wp-content\/uploads\/2024\/01\/FOTO_4_MANI-NERE-VASSALLO-800x889.jpg 800w, https:\/\/www.foscarini.com\/wp-content\/uploads\/2024\/01\/FOTO_4_MANI-NERE-VASSALLO-270x300.jpg 270w, https:\/\/www.foscarini.com\/wp-content\/uploads\/2024\/01\/FOTO_4_MANI-NERE-VASSALLO-922x1024.jpg 922w, https:\/\/www.foscarini.com\/wp-content\/uploads\/2024\/01\/FOTO_4_MANI-NERE-VASSALLO-768x853.jpg 768w, https:\/\/www.foscarini.com\/wp-content\/uploads\/2024\/01\/FOTO_4_MANI-NERE-VASSALLO-1382x1536.jpg 1382w\" sizes=\"(max-width: 1440px) 100vw, 1440px\" \/><\/div><\/div><\/div><\/div><\/div><\/div><section class=\"world__menu_image world_text\">\n    <div class=\"designer-desc-container\">\n        <span class=\"subtitle js-heading\"><\/span>\n        <div class=\"title-medium js-heading\"><p>Gianluca Vassallo<\/p>\n<\/div>\n        <div class=\"text-2 js-heading\"><p>Gianluca Vassallo vive y trabaja en San Teodoro (Cerde\u00f1a) y en el mundo. No lo llam\u00e9is fot\u00f3grafo porque se ofende. Se expresa a trav\u00e9s del v\u00eddeo, el sonido, la fotograf\u00eda, las instalaciones con una atenci\u00f3n especial al aspecto de las relaciones y del proceso. Diversas instituciones y galer\u00edas han presentado su trabajo en Italia y en el extranjero. Entre ellas: Caleum Gallery, Nueva York (2017); Fondazione di Sardegna, C\u00e1ller (2016\/2017); Padiglione Portogallo Biennale Architettura di Venezia, Venecia (2016); Museo dell\u2019Emigrazione, Asuni (2016); Foscarini Spazio Soho, Nueva York (2015,2016); Palazzo della Penna, Perusa (2014); Schauwerk Museum, Sindelfingen (2013, 2014); Museo MAN, Nuoro (2014); Stadtgalerie, Kiel (2014); Tempio di Adriano, Roma (2013); Masedu Museo, Sassari (2013); Fondazione Meta, Alguer (2013); Museo MART, Rovereto (2012); PAN, N\u00e1poles (2010). Uno de los ganadores del premio Terna 2013, menci\u00f3n especial premio VAF 2014. Entre las operaciones di arte p\u00fablico Exposed (2013), Shoot Me Orlando (2016), La Citt\u00e0 Invisibile (2016). Es fundador y director art\u00edstico de White Box Studio a trav\u00e9s del cual ofrece la propia mirada y la de otros talentos a las empresas del dise\u00f1o industrial, de la moda y del sector editorial y a las instituciones culturales.<\/p>\n<\/div>\n    <\/div>\n<\/section><section class=\"world__menu_image\">\n\n    <div class=\"designer-desc-container\">\n                            <div class=\"title-medium js-heading\"><p>Informaci\u00f3n detallada<\/p>\n<\/div>\n                        <\/div>\n\n    \n    <div class=\"inner--stories menu \">\n                                <a href=\"https:\/\/www.foscarini.com\/es\/non-si-puo-fare\/\" class=\"menu__item\" data-image=\"https:\/\/www.foscarini.com\/wp-content\/uploads\/2024\/01\/Modulo1_Non-si-puo-fare-Urbinati.jpg\">\n                            <span class=\"menu__item-text\"><span class=\"menu__item-textinner\">No se puede hacer<\/span><\/span>\n                            <span class=\"menu__item-sub\">De carlo urbinati<\/span>\n                        <\/a>\n                                                <a href=\"https:\/\/www.foscarini.com\/es\/fare-design\/\" class=\"menu__item\" data-image=\"https:\/\/www.foscarini.com\/wp-content\/uploads\/2024\/01\/Modulo_1_fare-design-micelli.jpg\">\n                            <span class=\"menu__item-text\"><span class=\"menu__item-textinner\">Crear dise\u00f1o<\/span><\/span>\n                            <span class=\"menu__item-sub\">De Stefano Micelli<\/span>\n                        <\/a>\n                                                <a href=\"https:\/\/www.foscarini.com\/es\/la-dimensione-nascosta\/\" class=\"menu__item\" data-image=\"https:\/\/www.foscarini.com\/wp-content\/uploads\/2024\/01\/Modulo_1_la-dimensione-nascosta-de-giorgi.jpg\">\n                            <span class=\"menu__item-text\"><span class=\"menu__item-textinner\">La dimensi\u00f3n oculta<\/span><\/span>\n                            <span class=\"menu__item-sub\">De Manolo De Giorgi<\/span>\n                        <\/a>\n                                                <a href=\"https:\/\/www.foscarini.com\/es\/mani-nere\/\" class=\"menu__item\" data-image=\"https:\/\/www.foscarini.com\/wp-content\/uploads\/2024\/01\/MODULO1_MANI-NERE-VASSALLO.jpg\">\n                            <span class=\"menu__item-text\"><span class=\"menu__item-textinner\">Manos negras<\/span><\/span>\n                            <span class=\"menu__item-sub\">De Gianluca Vassallo<\/span>\n                        <\/a>\n                                                <a href=\"https:\/\/www.foscarini.com\/es\/visioni-istantanee\/\" class=\"menu__item\" data-image=\"https:\/\/www.foscarini.com\/wp-content\/uploads\/2024\/01\/1_2_Mite.jpg\">\n                            <span class=\"menu__item-text\"><span class=\"menu__item-textinner\">Visiones instant\u00e1neas<\/span><\/span>\n                            <span class=\"menu__item-sub\">De Massimo Gardone<\/span>\n                        <\/a>\n                            <\/div>\n<\/section>","protected":false},"excerpt":{"rendered":"","protected":false},"author":4,"featured_media":12418,"parent":0,"menu_order":0,"comment_status":"closed","ping_status":"closed","template":"","meta":{"_acf_changed":false,"footnotes":""},"class_list":["post-28140","page","type-page","status-publish","has-post-thumbnail","hentry"],"acf":{"preview_slider":{"titolo":"Manos negras","testo":"Me acuerdo de mi padre cuando yo era todav\u00eda un ni\u00f1o, mientras trabajaba inclinado en el mostrador de orfebrer\u00eda, bajo la luz fr\u00eda de un fluorescente que iluminaba sus enormes manos.","video_domanda":false,"link_video":""}},"yoast_head":"<!-- This site is optimized with the Yoast SEO Premium plugin v22.4 (Yoast SEO v23.7) - https:\/\/yoast.com\/wordpress\/plugins\/seo\/ -->\n<title>Manos negras - Foscarini<\/title>\n<meta name=\"robots\" content=\"index, follow, max-snippet:-1, max-image-preview:large, max-video-preview:-1\" \/>\n<meta property=\"og:locale\" content=\"es_ES\" \/>\n<meta property=\"og:type\" content=\"article\" \/>\n<meta property=\"og:title\" content=\"Manos negras\" \/>\n<meta property=\"og:url\" content=\"https:\/\/www.foscarini.com\/mani-nere\/\" \/>\n<meta property=\"og:site_name\" content=\"Foscarini\" \/>\n<meta property=\"article:modified_time\" content=\"2024-02-23T11:43:27+00:00\" \/>\n<meta property=\"og:image\" content=\"https:\/\/www.foscarini.com\/wp-content\/uploads\/2024\/01\/MODULO1_MANI-NERE-VASSALLO.jpg\" \/>\n\t<meta property=\"og:image:width\" content=\"1776\" \/>\n\t<meta property=\"og:image:height\" content=\"1326\" \/>\n\t<meta property=\"og:image:type\" content=\"image\/jpeg\" \/>\n<meta name=\"twitter:card\" content=\"summary_large_image\" \/>\n<meta name=\"twitter:label1\" content=\"Tiempo de lectura\" \/>\n\t<meta name=\"twitter:data1\" content=\"1 minuto\" \/>\n<script type=\"application\/ld+json\" class=\"yoast-schema-graph\">{\"@context\":\"https:\/\/schema.org\",\"@graph\":[{\"@type\":\"WebPage\",\"@id\":\"https:\/\/www.foscarini.com\/mani-nere\/\",\"url\":\"https:\/\/www.foscarini.com\/mani-nere\/\",\"name\":\"Manos negras - Foscarini\",\"isPartOf\":{\"@id\":\"https:\/\/www.foscarini.com\/#website\"},\"primaryImageOfPage\":{\"@id\":\"https:\/\/www.foscarini.com\/mani-nere\/#primaryimage\"},\"image\":{\"@id\":\"https:\/\/www.foscarini.com\/mani-nere\/#primaryimage\"},\"thumbnailUrl\":\"https:\/\/www.foscarini.com\/wp-content\/uploads\/2024\/01\/MODULO1_MANI-NERE-VASSALLO.jpg\",\"datePublished\":\"2024-01-17T16:11:52+00:00\",\"dateModified\":\"2024-02-23T11:43:27+00:00\",\"breadcrumb\":{\"@id\":\"https:\/\/www.foscarini.com\/mani-nere\/#breadcrumb\"},\"inLanguage\":\"es\",\"potentialAction\":[{\"@type\":\"ReadAction\",\"target\":[\"https:\/\/www.foscarini.com\/mani-nere\/\"]}]},{\"@type\":\"ImageObject\",\"inLanguage\":\"es\",\"@id\":\"https:\/\/www.foscarini.com\/mani-nere\/#primaryimage\",\"url\":\"https:\/\/www.foscarini.com\/wp-content\/uploads\/2024\/01\/MODULO1_MANI-NERE-VASSALLO.jpg\",\"contentUrl\":\"https:\/\/www.foscarini.com\/wp-content\/uploads\/2024\/01\/MODULO1_MANI-NERE-VASSALLO.jpg\",\"width\":1776,\"height\":1326},{\"@type\":\"BreadcrumbList\",\"@id\":\"https:\/\/www.foscarini.com\/mani-nere\/#breadcrumb\",\"itemListElement\":[{\"@type\":\"ListItem\",\"position\":1,\"name\":\"Home\",\"item\":\"https:\/\/www.foscarini.com\/es\/\"},{\"@type\":\"ListItem\",\"position\":2,\"name\":\"Manos negras\"}]},{\"@type\":\"WebSite\",\"@id\":\"https:\/\/www.foscarini.com\/#website\",\"url\":\"https:\/\/www.foscarini.com\/\",\"name\":\"Foscarini\",\"description\":\"\",\"potentialAction\":[{\"@type\":\"SearchAction\",\"target\":{\"@type\":\"EntryPoint\",\"urlTemplate\":\"https:\/\/www.foscarini.com\/?s={search_term_string}\"},\"query-input\":{\"@type\":\"PropertyValueSpecification\",\"valueRequired\":true,\"valueName\":\"search_term_string\"}}],\"inLanguage\":\"es\"}]}<\/script>\n<!-- \/ Yoast SEO Premium plugin. -->","yoast_head_json":{"title":"Manos negras - Foscarini","robots":{"index":"index","follow":"follow","max-snippet":"max-snippet:-1","max-image-preview":"max-image-preview:large","max-video-preview":"max-video-preview:-1"},"og_locale":"es_ES","og_type":"article","og_title":"Manos negras","og_url":"https:\/\/www.foscarini.com\/mani-nere\/","og_site_name":"Foscarini","article_modified_time":"2024-02-23T11:43:27+00:00","og_image":[{"width":1776,"height":1326,"url":"https:\/\/www.foscarini.com\/wp-content\/uploads\/2024\/01\/MODULO1_MANI-NERE-VASSALLO.jpg","type":"image\/jpeg"}],"twitter_card":"summary_large_image","twitter_misc":{"Tiempo de lectura":"1 minuto"},"schema":{"@context":"https:\/\/schema.org","@graph":[{"@type":"WebPage","@id":"https:\/\/www.foscarini.com\/mani-nere\/","url":"https:\/\/www.foscarini.com\/mani-nere\/","name":"Manos negras - Foscarini","isPartOf":{"@id":"https:\/\/www.foscarini.com\/#website"},"primaryImageOfPage":{"@id":"https:\/\/www.foscarini.com\/mani-nere\/#primaryimage"},"image":{"@id":"https:\/\/www.foscarini.com\/mani-nere\/#primaryimage"},"thumbnailUrl":"https:\/\/www.foscarini.com\/wp-content\/uploads\/2024\/01\/MODULO1_MANI-NERE-VASSALLO.jpg","datePublished":"2024-01-17T16:11:52+00:00","dateModified":"2024-02-23T11:43:27+00:00","breadcrumb":{"@id":"https:\/\/www.foscarini.com\/mani-nere\/#breadcrumb"},"inLanguage":"es","potentialAction":[{"@type":"ReadAction","target":["https:\/\/www.foscarini.com\/mani-nere\/"]}]},{"@type":"ImageObject","inLanguage":"es","@id":"https:\/\/www.foscarini.com\/mani-nere\/#primaryimage","url":"https:\/\/www.foscarini.com\/wp-content\/uploads\/2024\/01\/MODULO1_MANI-NERE-VASSALLO.jpg","contentUrl":"https:\/\/www.foscarini.com\/wp-content\/uploads\/2024\/01\/MODULO1_MANI-NERE-VASSALLO.jpg","width":1776,"height":1326},{"@type":"BreadcrumbList","@id":"https:\/\/www.foscarini.com\/mani-nere\/#breadcrumb","itemListElement":[{"@type":"ListItem","position":1,"name":"Home","item":"https:\/\/www.foscarini.com\/es\/"},{"@type":"ListItem","position":2,"name":"Manos negras"}]},{"@type":"WebSite","@id":"https:\/\/www.foscarini.com\/#website","url":"https:\/\/www.foscarini.com\/","name":"Foscarini","description":"","potentialAction":[{"@type":"SearchAction","target":{"@type":"EntryPoint","urlTemplate":"https:\/\/www.foscarini.com\/?s={search_term_string}"},"query-input":{"@type":"PropertyValueSpecification","valueRequired":true,"valueName":"search_term_string"}}],"inLanguage":"es"}]}},"_links":{"self":[{"href":"https:\/\/www.foscarini.com\/es\/wp-json\/wp\/v2\/pages\/28140"}],"collection":[{"href":"https:\/\/www.foscarini.com\/es\/wp-json\/wp\/v2\/pages"}],"about":[{"href":"https:\/\/www.foscarini.com\/es\/wp-json\/wp\/v2\/types\/page"}],"author":[{"embeddable":true,"href":"https:\/\/www.foscarini.com\/es\/wp-json\/wp\/v2\/users\/4"}],"replies":[{"embeddable":true,"href":"https:\/\/www.foscarini.com\/es\/wp-json\/wp\/v2\/comments?post=28140"}],"version-history":[{"count":4,"href":"https:\/\/www.foscarini.com\/es\/wp-json\/wp\/v2\/pages\/28140\/revisions"}],"predecessor-version":[{"id":29331,"href":"https:\/\/www.foscarini.com\/es\/wp-json\/wp\/v2\/pages\/28140\/revisions\/29331"}],"wp:featuredmedia":[{"embeddable":true,"href":"https:\/\/www.foscarini.com\/es\/wp-json\/wp\/v2\/media\/12418"}],"wp:attachment":[{"href":"https:\/\/www.foscarini.com\/es\/wp-json\/wp\/v2\/media?parent=28140"}],"curies":[{"name":"wp","href":"https:\/\/api.w.org\/{rel}","templated":true}]}}