{"id":219370,"date":"2023-11-03T18:51:48","date_gmt":"2023-11-03T18:51:48","guid":{"rendered":"https:\/\/www.foscarini.com\/privacy-policy\/"},"modified":"2024-04-12T12:47:11","modified_gmt":"2024-04-12T12:47:11","slug":"privacy-policy","status":"publish","type":"page","link":"https:\/\/www.foscarini.com\/es\/privacy-policy\/","title":{"rendered":"Privacy Policy"},"content":{"rendered":"<h2 class=\"wp-block-heading\" id=\"h-informacion-sobre-el-procesamiento-de-datos-personales-de-los-usuarios-del-sitio-de-conformidad-con-el-articulo-13-del-reglamento-ue-n-679-2016-rgpd\"><strong>Informaci\u00f3n sobre el procesamiento de datos personales de los usuarios del sitio de conformidad con el art\u00edculo 13 del Reglamento UE n. 679\/2016 (\u00abRGPD\u00bb)<\/strong><\/h2><p>Foscarini S.p.A., presta la m\u00e1xima atenci\u00f3n a la seguridad y confidencialidad de los datos personales de los usuarios (en lo sucesivo, los \u00ab<strong>Usuarios<\/strong>\u00bb o el \u00ab<strong>Usuario<\/strong>\u00bb en singular) del sitio web <a href=\"https:\/\/www.foscarini.com\/%20\/\">www.foscarini.com<\/a> (en lo sucesivo, el \u00ab<strong>Sitio<\/strong>\u00bb) y desea facilitarles informaci\u00f3n sobre el procesamiento de sus datos personales.\u00a0<\/p><p><\/p><p><\/p><p>1. <strong><strong>Titular del procesamiento<\/strong><\/strong><\/p><p>El titular del procesamiento es FOSCARINI S.p.A., con sede legal en Via delle Industrie, 27 \u2013 30020 Marcon (Venecia), (en adelante,<strong> \u00abFoscarini<\/strong>\u00bb o la<strong> \u00abSociedad\u00bb<\/strong>).<\/p><p>Para cualquier solicitud relativa al procesamiento de datos personales, as\u00ed como para ejercer los derechos reconocidos por el RGPD y mejor descritos en el punto 7, es posible contactar con la Sociedad utilizando la direcci\u00f3n de correo electr\u00f3nico privacy@foscarini.com o el n\u00famero de tel\u00e9fono +39 041 5953811.<\/p><p><\/p><p><\/p><p><strong>Para qu\u00e9 finalidades procesa Foscarini los datos personales<\/strong><\/p><p>Foscarini recopila, a trav\u00e9s de su sitio web, algunos datos personales que se refieren a los Usuarios, proporcionados voluntariamente por ellos o recopilados mediante el funcionamiento normal del mismo, que se procesan con las finalidades que se describen a continuaci\u00f3n.&nbsp;Adem\u00e1s, el sitio web utiliza cookies y otras herramientas de seguimiento. Consultar la informaci\u00f3n sobre cookies disponible en el siguiente enlace, as\u00ed como el panel de control correspondiente disponible en el siguiente enlace, para obtener m\u00e1s informaci\u00f3n y gestionar en cualquier momento las propias preferencias al respecto.<\/p><div class=\"customer--right customer--track\">\n  <div class=\"customer-guide\" data-id=\"#lux-consigliati\" style=\"display: block;\">\n    <table class=\"enviroment-guide\">\n      <thead>\n        <tr>\n          <th>A<\/th>\n          <th>Purpose of processing<\/th>\n          <th>Types of data processed<\/th>\n          <th>Legal basis and provision<\/th>\n        <\/tr>\n      <\/thead>\n      <tbody>\n        <tr>\n          <td>1<\/td>\n          <td>Provide access to the restricted access area of the website<\/td>\n          <td>To create a profile granting access to the restricted access area provided on the website, Foscarini collects some personal data required to identify the User.<br>Name and Surname or Company name<br>Address (Nation, Town, Street name, Postal Code)<br>E-mail address<br>Username<br>Password<br>Profession<br>Company<\/td>\n          <td>Performance of a contract the User is party to (art. 6 (1) (b) GDPR).<br>Provision of the data is necessary as without them the Company will be unable to grant access to the restricted access area of the website.<\/td>\n        <\/tr>\n        <tr>\n          <td>2<\/td>\n          <td>Respond to a request made by the User<\/td>\n          <td>The Company can process the personal data of the Users in order to provide assistance to the same in relation to the services and products offered or to respond to any specific requests.<br>First name and surname<br>E-mail and\/or Telephone number<\/td>\n          <td>Execution of pre-contractual measures adopted at the request of the User (art. 6 (1) (b) GDPR).<br>Provision of the data is necessary, as without them the Company will be unable to provide the expected assistance.<\/td>\n        <\/tr>\n        <tr>\n          <td>3<\/td>\n          <td>Carry out \u201cCustomer Satisfaction\u201d surveys and ensure the correct operation of the website<\/td>\n          <td>The Company may process the personal data of Users to carry out analysis with the aim of improving performance and\/or ensuring an improved User experience, greater security and operation of the website, of the networks and of the information.<br>First name and surname<br>E-mail address<\/td>\n          <td>Legitimate interest of the Company (art. 6 (1) (f) GDPR).<br>The conferment of the data is necessary to allow the Company to meet its Legitimate Interest of improvement of its online performance.<\/td>\n        <\/tr>\n        <tr>\n          <td>4<\/td>\n          <td>Carrying out Marketing activities<\/td>\n          <td>The Company, after the User has given his or her consent to the same, processes the personal data for purposes of marketing and advertising communication, targeted at informing the User about sales and promotions in course, done through electronic mail, or for market research and statistical surveys.<br>First name and surname<br>E-mail address<\/td>\n          <td>Consent (art. 6 (1) (a) GDPR).<br>Consent can be revoked at any time by clicking on the following link.<\/td>\n        <\/tr>\n        <tr>\n          <td>5<\/td>\n          <td>Defending its rights<\/td>\n          <td>The Company may process the personal data to defend its rights during legal, administrative or out-of-court proceedings and as part of disputes which may arise in relation to the Services.<br>Depending on the circumstances, the personal data collected for purposes from 1 to 4 will be processed.<\/td>\n          <td>Legitimate interest of Foscarini in protecting its rights (art. 6 (1) (f) GDPR).<br>New and specific provision is not required since the Company will pursue this additional further purpose, where necessary, processing the data collected for the above-mentioned purposes.<\/td>\n        <\/tr>\n        <tr>\n          <td>6<\/td>\n          <td>Fulfil legal obligations<\/td>\n          <td>Foscarini may process the personal data to fulfil the obligations it is bound to as envisaged by laws, regulations or by the European Commission regulations, by provisions\/requests of authorities entitled to do so by law and\/or by supervisory and control bodies.<br>Depending on the circumstances, the personal data collected for purposes from 1 to 4 will be processed.<\/td>\n          <td>Fulfilment of a legal obligation (art. 6 (1) (c) GDPR).<br>Provision of the personal data for this purpose is compulsory since without them the Company will be unable to fulfil specific legal obligations.<\/td>\n        <\/tr>\n      <\/tbody>\n    <\/table>\n  <\/div>\n<\/div><ol class=\"wp-block-list\"><li><strong>C\u00f3mo mantenemos seguros los datos personales<\/strong><\/li><\/ol><p>La Sociedad adopta las medidas de seguridad adecuadas para garantizar la protecci\u00f3n, la seguridad, la integridad y la accesibilidad de los datos personales de los Usuarios. Las medidas de seguridad adecuadas tienen como objetivo evitar el acceso, la divulgaci\u00f3n, la modificaci\u00f3n o la destrucci\u00f3n no autorizada de datos personales.<\/p><p>Todos los datos personales de conservan en los dispositivos inform\u00e1ticos de la Sociedad (o copias en papel archivadas de forma adecuada) o en los de nuestros proveedores. Es posible acceder a ellos o utilizarlos seg\u00fan nuestros est\u00e1ndares y nuestras pol\u00edticas de seguridad (o est\u00e1ndares equivalentes para nuestros proveedores).&nbsp;<\/p><ol class=\"wp-block-list\" start=\"2\"><li><strong>Durante cu\u00e1nto tiempo conservamos los datos personales<\/strong><\/li><\/ol><p>La Sociedad conserva los datos personales del Usuario solo durante el tiempo necesario para conseguir las finalidades para las que se han recopilado o para cualquier otra finalidad leg\u00edtima relacionada. Por lo tanto, si los datos personales se procesan para dos finalidades distintas, Foscarini conservar\u00e1 tales datos hasta que no caduque la finalidad con el plazo de conservaci\u00f3n m\u00e1s largo. En cualquier caso, ya no procesar\u00e1 los datos personales para la finalidad cuyo periodo de conservaci\u00f3n haya caducado.<\/p><p>Los datos personales que ya no sean necesarios o para los cuales ya no exista un requisito legal para su conservaci\u00f3n, se anonimizar\u00e1n de forma irreversible (y de esta forma se podr\u00e1n conservar) o se destruir\u00e1n de forma segura.&nbsp;<\/p><p>Para mayor claridad se describen a continuaci\u00f3n los per\u00edodos de conservaci\u00f3n relativos a las principales finalidades:<\/p><p>Cumplimiento de obligaciones (pre)contractuales (finalidades 1 y 2 mencionadas anteriormente): los datos personales procesados \u200b\u200bpara cumplir cualquier obligaci\u00f3n (pre)contractual con el Usuario se podr\u00e1n conservar durante toda la duraci\u00f3n del contrato, as\u00ed como durante los siguientes 10 a\u00f1os para atender cualquier operaci\u00f3n de control y\/o controversia, incluso de car\u00e1cter fiscal. En particular, los datos procesados para gestionar el acceso al sitio web se conservar\u00e1n hasta que se cierre el perfil correspondiente o en caso de inactividad durante 10 a\u00f1os.&nbsp;<\/p><p>Cumplimiento de una solicitud del Cliente (finalidad 2 mencionada anteriormente): los datos personales del Usuario proporcionados a la Sociedad como parte de su solicitud se conservar\u00e1n durante un m\u00e1ximo de 3 meses.&nbsp;<\/p><p>Realizar encuestas de \u00abSatisfacci\u00f3n del Cliente\u00bb y garantizar el funcionamiento t\u00e9cnico del sitio web (finalidad 3 mencionada anteriormente): los datos personales del Usuario procesados para realizar encuestas de \u00abSatisfacci\u00f3n del Cliente\u00bb y garantizar el funcionamiento t\u00e9cnico del sitio web se conservar\u00e1n durante 12 meses.&nbsp;<\/p><p>Actividades de marketing (finalidades 3 y 4 mencionadas anteriormente): los datos personales del Usuario procesados \u200b\u200bcon fines de marketing y comunicaci\u00f3n publicitaria, realizaci\u00f3n de estudios de mercado y encuestas estad\u00edsticas se conservar\u00e1n durante 24 meses a partir de la recopilaci\u00f3n.&nbsp;<\/p><p>Defensa de derechos y cumplimiento de obligaciones legales (finalidades 5 y 6 mencionadas anteriormente): con referencia a la protecci\u00f3n legal de los derechos de la Sociedad o en caso de solicitudes de las autoridades, los datos personales procesados \u200b\u200bse conservar\u00e1n durante el tiempo necesario para procesar la solicitud o para perseguir la protecci\u00f3n del derecho.<\/p><ol class=\"wp-block-list\" start=\"3\"><li><strong>Con qui\u00e9n podemos compartir los datos personales<\/strong><\/li><\/ol><p>Pueden tener acceso a los datos personales los empleados de la Sociedad debidamente autorizados, as\u00ed como los proveedores externos, designados, en su caso, como responsables del procesamiento, que brindan soporte para la prestaci\u00f3n de los servicios, incluidos los necesarios para el funcionamiento del sitio web.<\/p><p>Es posible ponerse en contacto con la Sociedad mediante la direcci\u00f3n privacy@foscarini.com para solicitar poder ver la lista de los responsables del procesamiento y de los dem\u00e1s sujetos a quienes comunicamos los datos.<\/p><ol class=\"wp-block-list\" start=\"4\"><li><strong>Transferencias a terceros pa\u00edses<\/strong><\/li><\/ol><p>La Sociedad informa que los datos personales se procesar\u00e1n, para las finalidades a las que se refiere esta informaci\u00f3n, exclusivamente dentro de pa\u00edses que pertenecen a la Uni\u00f3n Europea (UE) o al Espacio Econ\u00f3mico Europeo (EEE).<\/p><ol class=\"wp-block-list\" start=\"5\"><li><strong>Los derechos en materia de protecci\u00f3n de datos personales y el derecho de reclamar ante las Autoridades de Control<\/strong><\/li><\/ol><p>Cada Usuario tendr\u00e1 derecho a solicitar a la Sociedad, siempre que exista el prerrequisito legal subyacente a la solicitud:<\/p><ol class=\"wp-block-list\"><li>el acceso a los datos personales, como lo requiere el art. 15 del RGPD;<\/li>\n\n<li>la rectificaci\u00f3n o la integraci\u00f3n de los datos personales que posee la Sociedad y que considere inexactos, como lo requiere el art. 16 del RGPD;<\/li>\n\n<li>la cancelaci\u00f3n de los datos personales para los que la Sociedad ya no posee ning\u00fan requisito legal para su procesamiento, como lo requiere el art. 17 del RGPD;<\/li>\n\n<li>la limitaci\u00f3n de la forma en que se procesan los datos personales, si subsiste alguna de las hip\u00f3tesis previstas por el art. 18 del RGPD;<\/li>\n\n<li>la copia de los datos personales proporcionados a la Sociedad, en un formato estructurado, de uso com\u00fan y legible por un dispositivo autom\u00e1tico y la transmisi\u00f3n de dichos datos a otro titular del procesamiento (la llamada portabilidad), como lo requiere el art. 20 del RGPD;<\/li>\n\n<li>la retirada del consentimiento, cuando el procesamiento se base en esta base jur\u00eddica.<\/li><\/ol><p>Derecho de oposici\u00f3n: adem\u00e1s de los derechos enumerados anteriormente, el Usuario tendr\u00e1 siempre derecho a oponerse, en cualquier momento, al procesamiento de sus datos personales llevado a cabo por la Sociedad para la consecuci\u00f3n de su inter\u00e9s leg\u00edtimo. Adem\u00e1s, el usuario podr\u00e1 oponerse siempre, en cualquier momento, si sus datos personales se procesan con fines de marketing.&nbsp;<\/p><p>El ejercicio de tales derechos, que puede realizarse a trav\u00e9s de los datos de la Sociedad indicados en el apartado 1, es gratuito y no est\u00e1 sometido a v\u00ednculos de car\u00e1cter formal. Ser\u00e1 responsabilidad de la Sociedad comprobar que el Usuario tiene derecho a ejercer el derecho relativo y a responder, por regla general, en el plazo de un mes.<\/p><p>En el caso de que el usuario considere que el procesamiento de sus datos personales infringe lo dispuesto en el RGPD, tendr\u00e1 derecho a presentar una reclamaci\u00f3n ante el Garante para la protecci\u00f3n de datos personales, utilizando las referencias disponibles en el sitio Internet <a href=\"http:\/\/www.garanteprivacy.it\">www.garanteprivacy.it<\/a>, o dirigirse a las oficinas judiciales correspondientes.<\/p><p>Fecha de la \u00faltima actualizaci\u00f3n: April 2024<\/p><p><\/p>","protected":false},"excerpt":{"rendered":"<p>Informaci\u00f3n sobre el procesamiento de datos personales de los usuarios del sitio de conformidad con el art\u00edculo 13 del Reglamento UE n. 679\/2016 (\u00abRGPD\u00bb) Foscarini S.p.A., presta la m\u00e1xima atenci\u00f3n a la seguridad y confidencialidad de los datos personales de los usuarios (en lo sucesivo, los \u00abUsuarios\u00bb o el \u00abUsuario\u00bb en singular) del sitio web [&hellip;]<\/p>\n","protected":false},"author":1,"featured_media":0,"parent":0,"menu_order":0,"comment_status":"closed","ping_status":"open","template":"","meta":{"_acf_changed":false,"footnotes":""},"class_list":["post-219370","page","type-page","status-publish","hentry"],"acf":{"preview_slider":{"titolo":"","testo":"","video_domanda":false,"link_video":""}},"yoast_head":"<!-- This site is optimized with the Yoast SEO Premium plugin v22.4 (Yoast SEO v23.7) - https:\/\/yoast.com\/wordpress\/plugins\/seo\/ -->\n<title>Privacy Policy - Foscarini<\/title>\n<meta name=\"robots\" content=\"index, follow, max-snippet:-1, max-image-preview:large, max-video-preview:-1\" \/>\n<meta property=\"og:locale\" content=\"es_ES\" \/>\n<meta property=\"og:type\" content=\"article\" \/>\n<meta property=\"og:title\" content=\"Privacy Policy\" \/>\n<meta property=\"og:description\" content=\"Informaci\u00f3n sobre el procesamiento de datos personales de los usuarios del sitio de conformidad con el art\u00edculo 13 del Reglamento UE n. 679\/2016 (\u00abRGPD\u00bb) Foscarini S.p.A., presta la m\u00e1xima atenci\u00f3n a la seguridad y confidencialidad de los datos personales de los usuarios (en lo sucesivo, los \u00abUsuarios\u00bb o el \u00abUsuario\u00bb en singular) del sitio web [&hellip;]\" \/>\n<meta property=\"og:url\" content=\"https:\/\/www.foscarini.com\/es\/privacy-policy\/\" \/>\n<meta property=\"og:site_name\" content=\"Foscarini\" \/>\n<meta property=\"article:modified_time\" content=\"2024-04-12T12:47:11+00:00\" \/>\n<meta name=\"twitter:card\" content=\"summary_large_image\" \/>\n<meta name=\"twitter:label1\" content=\"Tiempo de lectura\" \/>\n\t<meta name=\"twitter:data1\" content=\"10 minutos\" \/>\n<script type=\"application\/ld+json\" class=\"yoast-schema-graph\">{\"@context\":\"https:\/\/schema.org\",\"@graph\":[{\"@type\":\"WebPage\",\"@id\":\"https:\/\/www.foscarini.com\/es\/privacy-policy\/\",\"url\":\"https:\/\/www.foscarini.com\/es\/privacy-policy\/\",\"name\":\"Privacy Policy - Foscarini\",\"isPartOf\":{\"@id\":\"https:\/\/www.foscarini.com\/#website\"},\"datePublished\":\"2023-11-03T18:51:48+00:00\",\"dateModified\":\"2024-04-12T12:47:11+00:00\",\"breadcrumb\":{\"@id\":\"https:\/\/www.foscarini.com\/es\/privacy-policy\/#breadcrumb\"},\"inLanguage\":\"es\",\"potentialAction\":[{\"@type\":\"ReadAction\",\"target\":[\"https:\/\/www.foscarini.com\/es\/privacy-policy\/\"]}]},{\"@type\":\"BreadcrumbList\",\"@id\":\"https:\/\/www.foscarini.com\/es\/privacy-policy\/#breadcrumb\",\"itemListElement\":[{\"@type\":\"ListItem\",\"position\":1,\"name\":\"Home\",\"item\":\"https:\/\/www.foscarini.com\/es\/\"},{\"@type\":\"ListItem\",\"position\":2,\"name\":\"Privacy Policy\"}]},{\"@type\":\"WebSite\",\"@id\":\"https:\/\/www.foscarini.com\/#website\",\"url\":\"https:\/\/www.foscarini.com\/\",\"name\":\"Foscarini\",\"description\":\"\",\"potentialAction\":[{\"@type\":\"SearchAction\",\"target\":{\"@type\":\"EntryPoint\",\"urlTemplate\":\"https:\/\/www.foscarini.com\/?s={search_term_string}\"},\"query-input\":{\"@type\":\"PropertyValueSpecification\",\"valueRequired\":true,\"valueName\":\"search_term_string\"}}],\"inLanguage\":\"es\"}]}<\/script>\n<!-- \/ Yoast SEO Premium plugin. -->","yoast_head_json":{"title":"Privacy Policy - Foscarini","robots":{"index":"index","follow":"follow","max-snippet":"max-snippet:-1","max-image-preview":"max-image-preview:large","max-video-preview":"max-video-preview:-1"},"og_locale":"es_ES","og_type":"article","og_title":"Privacy Policy","og_description":"Informaci\u00f3n sobre el procesamiento de datos personales de los usuarios del sitio de conformidad con el art\u00edculo 13 del Reglamento UE n. 679\/2016 (\u00abRGPD\u00bb) Foscarini S.p.A., presta la m\u00e1xima atenci\u00f3n a la seguridad y confidencialidad de los datos personales de los usuarios (en lo sucesivo, los \u00abUsuarios\u00bb o el \u00abUsuario\u00bb en singular) del sitio web [&hellip;]","og_url":"https:\/\/www.foscarini.com\/es\/privacy-policy\/","og_site_name":"Foscarini","article_modified_time":"2024-04-12T12:47:11+00:00","twitter_card":"summary_large_image","twitter_misc":{"Tiempo de lectura":"10 minutos"},"schema":{"@context":"https:\/\/schema.org","@graph":[{"@type":"WebPage","@id":"https:\/\/www.foscarini.com\/es\/privacy-policy\/","url":"https:\/\/www.foscarini.com\/es\/privacy-policy\/","name":"Privacy Policy - Foscarini","isPartOf":{"@id":"https:\/\/www.foscarini.com\/#website"},"datePublished":"2023-11-03T18:51:48+00:00","dateModified":"2024-04-12T12:47:11+00:00","breadcrumb":{"@id":"https:\/\/www.foscarini.com\/es\/privacy-policy\/#breadcrumb"},"inLanguage":"es","potentialAction":[{"@type":"ReadAction","target":["https:\/\/www.foscarini.com\/es\/privacy-policy\/"]}]},{"@type":"BreadcrumbList","@id":"https:\/\/www.foscarini.com\/es\/privacy-policy\/#breadcrumb","itemListElement":[{"@type":"ListItem","position":1,"name":"Home","item":"https:\/\/www.foscarini.com\/es\/"},{"@type":"ListItem","position":2,"name":"Privacy Policy"}]},{"@type":"WebSite","@id":"https:\/\/www.foscarini.com\/#website","url":"https:\/\/www.foscarini.com\/","name":"Foscarini","description":"","potentialAction":[{"@type":"SearchAction","target":{"@type":"EntryPoint","urlTemplate":"https:\/\/www.foscarini.com\/?s={search_term_string}"},"query-input":{"@type":"PropertyValueSpecification","valueRequired":true,"valueName":"search_term_string"}}],"inLanguage":"es"}]}},"_links":{"self":[{"href":"https:\/\/www.foscarini.com\/es\/wp-json\/wp\/v2\/pages\/219370"}],"collection":[{"href":"https:\/\/www.foscarini.com\/es\/wp-json\/wp\/v2\/pages"}],"about":[{"href":"https:\/\/www.foscarini.com\/es\/wp-json\/wp\/v2\/types\/page"}],"author":[{"embeddable":true,"href":"https:\/\/www.foscarini.com\/es\/wp-json\/wp\/v2\/users\/1"}],"replies":[{"embeddable":true,"href":"https:\/\/www.foscarini.com\/es\/wp-json\/wp\/v2\/comments?post=219370"}],"version-history":[{"count":3,"href":"https:\/\/www.foscarini.com\/es\/wp-json\/wp\/v2\/pages\/219370\/revisions"}],"predecessor-version":[{"id":289318,"href":"https:\/\/www.foscarini.com\/es\/wp-json\/wp\/v2\/pages\/219370\/revisions\/289318"}],"wp:attachment":[{"href":"https:\/\/www.foscarini.com\/es\/wp-json\/wp\/v2\/media?parent=219370"}],"curies":[{"name":"wp","href":"https:\/\/api.w.org\/{rel}","templated":true}]}}