{"id":131227,"date":"2023-11-10T16:00:22","date_gmt":"2023-11-10T16:00:22","guid":{"rendered":"https:\/\/www.foscarini.com\/avvisi\/"},"modified":"2024-04-03T14:15:06","modified_gmt":"2024-04-03T14:15:06","slug":"avvisi","status":"publish","type":"page","link":"https:\/\/www.foscarini.com\/es\/avvisi\/","title":{"rendered":"Advertencia"},"content":{"rendered":"","protected":false},"excerpt":{"rendered":"","protected":false},"author":1,"featured_media":0,"parent":0,"menu_order":0,"comment_status":"closed","ping_status":"closed","template":"template-custom\/tpl-customer-care.php","meta":{"_acf_changed":false,"footnotes":""},"class_list":["post-131227","page","type-page","status-publish","hentry"],"acf":{"customer_care":{"contatti_domanda":false,"testo_principale":"&nbsp;\r\n<div class=\"customer--right customer--avvisi\">\r\n<h1>Advertencia<\/h1>\r\n<h2 class=\"big\">Modulo E27 grande \u2013 c\u00f3digo E27E071<\/h2>\r\n<p style=\"padding-bottom: 20px;\">La seguridad y la calidad de los productos son caracter\u00edsticas fundamentales de Foscarini. Nuestras l\u00e1mparas se prueban y aprueban seg\u00fan los est\u00e1ndares vigentes m\u00e1s estrictos. Sin embargo, hemos recibido algunos avisos sobre un posible mal funcionamiento de nuestro art\u00edculo \u00abModulo E27 grande\u00bb, c\u00f3digo E27E071, fabricado en el 2019 que, en algunos casos, puede no ajustarse correctamente con algunos de nuestros difusores en vidrio, concretamente con los difusores Gregg Grande, Gem y Tartan, provocando un mal funcionamiento en el dispositivo de iluminaci\u00f3n. Se trata de un defecto mec\u00e1nico del muelle interno, invisible desde el exterior, pero que se acent\u00faa durante las operaciones de instalaci\u00f3n, concretamente durante la introducci\u00f3n, la regulaci\u00f3n de la planaridad y el bloqueo del difusor. De acuerdo con nuestro compromiso constante de proporcionar productos de la m\u00e1s alta calidad y fiabilidad, y a pesar de que nos han informado s\u00f3lo de algunos casos de productos con defectos, invitamos a los clientes que han comprado este producto durante el periodo enero\/julio 2019 a ponerse en contacto con el distribuidor autorizado Foscarini de zona o, en alternativa, a ponerse en contacto directamente con Foscarini escribiendo a customerservice@foscarini.com para recibir la asistencia adecuada.<\/p>\r\n\r\n<\/div>","sezioni":null},"preview_slider":{"titolo":"","testo":"","video_domanda":false,"link_video":""}},"yoast_head":"<!-- This site is optimized with the Yoast SEO Premium plugin v22.4 (Yoast SEO v23.7) - https:\/\/yoast.com\/wordpress\/plugins\/seo\/ -->\n<title>Advertencia - Foscarini<\/title>\n<meta name=\"robots\" content=\"index, follow, max-snippet:-1, max-image-preview:large, max-video-preview:-1\" \/>\n<meta property=\"og:locale\" content=\"es_ES\" \/>\n<meta property=\"og:type\" content=\"article\" \/>\n<meta property=\"og:title\" content=\"Advertencia\" \/>\n<meta property=\"og:url\" content=\"https:\/\/www.foscarini.com\/avvisi\/\" \/>\n<meta property=\"og:site_name\" content=\"Foscarini\" \/>\n<meta property=\"article:modified_time\" content=\"2024-04-03T14:15:06+00:00\" \/>\n<meta name=\"twitter:card\" content=\"summary_large_image\" \/>\n<script type=\"application\/ld+json\" class=\"yoast-schema-graph\">{\"@context\":\"https:\/\/schema.org\",\"@graph\":[{\"@type\":\"WebPage\",\"@id\":\"https:\/\/www.foscarini.com\/avvisi\/\",\"url\":\"https:\/\/www.foscarini.com\/avvisi\/\",\"name\":\"Advertencia - Foscarini\",\"isPartOf\":{\"@id\":\"https:\/\/www.foscarini.com\/#website\"},\"datePublished\":\"2023-11-10T16:00:22+00:00\",\"dateModified\":\"2024-04-03T14:15:06+00:00\",\"breadcrumb\":{\"@id\":\"https:\/\/www.foscarini.com\/avvisi\/#breadcrumb\"},\"inLanguage\":\"es\",\"potentialAction\":[{\"@type\":\"ReadAction\",\"target\":[\"https:\/\/www.foscarini.com\/avvisi\/\"]}]},{\"@type\":\"BreadcrumbList\",\"@id\":\"https:\/\/www.foscarini.com\/avvisi\/#breadcrumb\",\"itemListElement\":[{\"@type\":\"ListItem\",\"position\":1,\"name\":\"Home\",\"item\":\"https:\/\/www.foscarini.com\/es\/\"},{\"@type\":\"ListItem\",\"position\":2,\"name\":\"Advertencia\"}]},{\"@type\":\"WebSite\",\"@id\":\"https:\/\/www.foscarini.com\/#website\",\"url\":\"https:\/\/www.foscarini.com\/\",\"name\":\"Foscarini\",\"description\":\"\",\"potentialAction\":[{\"@type\":\"SearchAction\",\"target\":{\"@type\":\"EntryPoint\",\"urlTemplate\":\"https:\/\/www.foscarini.com\/?s={search_term_string}\"},\"query-input\":{\"@type\":\"PropertyValueSpecification\",\"valueRequired\":true,\"valueName\":\"search_term_string\"}}],\"inLanguage\":\"es\"}]}<\/script>\n<!-- \/ Yoast SEO Premium plugin. -->","yoast_head_json":{"title":"Advertencia - Foscarini","robots":{"index":"index","follow":"follow","max-snippet":"max-snippet:-1","max-image-preview":"max-image-preview:large","max-video-preview":"max-video-preview:-1"},"og_locale":"es_ES","og_type":"article","og_title":"Advertencia","og_url":"https:\/\/www.foscarini.com\/avvisi\/","og_site_name":"Foscarini","article_modified_time":"2024-04-03T14:15:06+00:00","twitter_card":"summary_large_image","schema":{"@context":"https:\/\/schema.org","@graph":[{"@type":"WebPage","@id":"https:\/\/www.foscarini.com\/avvisi\/","url":"https:\/\/www.foscarini.com\/avvisi\/","name":"Advertencia - Foscarini","isPartOf":{"@id":"https:\/\/www.foscarini.com\/#website"},"datePublished":"2023-11-10T16:00:22+00:00","dateModified":"2024-04-03T14:15:06+00:00","breadcrumb":{"@id":"https:\/\/www.foscarini.com\/avvisi\/#breadcrumb"},"inLanguage":"es","potentialAction":[{"@type":"ReadAction","target":["https:\/\/www.foscarini.com\/avvisi\/"]}]},{"@type":"BreadcrumbList","@id":"https:\/\/www.foscarini.com\/avvisi\/#breadcrumb","itemListElement":[{"@type":"ListItem","position":1,"name":"Home","item":"https:\/\/www.foscarini.com\/es\/"},{"@type":"ListItem","position":2,"name":"Advertencia"}]},{"@type":"WebSite","@id":"https:\/\/www.foscarini.com\/#website","url":"https:\/\/www.foscarini.com\/","name":"Foscarini","description":"","potentialAction":[{"@type":"SearchAction","target":{"@type":"EntryPoint","urlTemplate":"https:\/\/www.foscarini.com\/?s={search_term_string}"},"query-input":{"@type":"PropertyValueSpecification","valueRequired":true,"valueName":"search_term_string"}}],"inLanguage":"es"}]}},"_links":{"self":[{"href":"https:\/\/www.foscarini.com\/es\/wp-json\/wp\/v2\/pages\/131227"}],"collection":[{"href":"https:\/\/www.foscarini.com\/es\/wp-json\/wp\/v2\/pages"}],"about":[{"href":"https:\/\/www.foscarini.com\/es\/wp-json\/wp\/v2\/types\/page"}],"author":[{"embeddable":true,"href":"https:\/\/www.foscarini.com\/es\/wp-json\/wp\/v2\/users\/1"}],"replies":[{"embeddable":true,"href":"https:\/\/www.foscarini.com\/es\/wp-json\/wp\/v2\/comments?post=131227"}],"version-history":[{"count":1,"href":"https:\/\/www.foscarini.com\/es\/wp-json\/wp\/v2\/pages\/131227\/revisions"}],"predecessor-version":[{"id":131235,"href":"https:\/\/www.foscarini.com\/es\/wp-json\/wp\/v2\/pages\/131227\/revisions\/131235"}],"wp:attachment":[{"href":"https:\/\/www.foscarini.com\/es\/wp-json\/wp\/v2\/media?parent=131227"}],"curies":[{"name":"wp","href":"https:\/\/api.w.org\/{rel}","templated":true}]}}