{"id":131193,"date":"2024-02-07T08:34:36","date_gmt":"2024-02-07T08:34:36","guid":{"rendered":"https:\/\/www.foscarini.com\/showroom\/"},"modified":"2024-04-10T14:21:51","modified_gmt":"2024-04-10T14:21:51","slug":"showroom","status":"publish","type":"page","link":"https:\/\/www.foscarini.com\/es\/showroom\/","title":{"rendered":"Showroom"},"content":{"rendered":"<section class=\"two_cols__link_and_image full-height-vh \">\n    <div class=\"row row-large \">\n        <div class=\"medium-4 small-12 columns full-height relative col-1\">\n            <div class=\"ct-text\">\n                <span class=\"subtitle js-heading\">MILANO<\/span>\n                <div class=\"ct-link\">\n                                        <a class=\"link-arrow title-little js-heading \" href=\"https:\/\/www.foscarini.com\/es\/spazio-monforte\/\"><h2>Spazio Monforte<\/h2>\n<\/a>\n                    <div class=\"text-1 js-heading\"><p>Un espacio, colocado en el coraz\u00f3n de la que los trabajadores del sector definen como la \u00ablighting road\u00bb de Mil\u00e1n, que explica el universo Foscarini desde sus m\u00faltiples puntos de vista.<\/p>\n<\/div>\n                                    <\/div>\n                            <\/div>\n        <\/div>\n        <div class=\"medium-8 small-12 columns full-height col-2 no-padding-right-mobile\">\n                                                    <a href=\"https:\/\/www.foscarini.com\/es\/spazio-monforte\/\">\n                            <img decoding=\"async\" class=\"full-cover\" src=\"https:\/\/www.foscarini.com\/wp-content\/uploads\/2024\/02\/Modulo1_Monforte-150x150.jpeg\" srcset=\"https:\/\/www.foscarini.com\/wp-content\/uploads\/2024\/02\/Modulo1_Monforte-300x230.jpeg 300w, https:\/\/www.foscarini.com\/wp-content\/uploads\/2024\/02\/Modulo1_Monforte-800x614.jpeg 800w, https:\/\/www.foscarini.com\/wp-content\/uploads\/2024\/02\/Modulo1_Monforte-1024x786.jpeg 1024w, https:\/\/www.foscarini.com\/wp-content\/uploads\/2024\/02\/Modulo1_Monforte-768x590.jpeg 768w, https:\/\/www.foscarini.com\/wp-content\/uploads\/2024\/02\/Modulo1_Monforte-1536x1180.jpeg 1536w, https:\/\/www.foscarini.com\/wp-content\/uploads\/2024\/02\/Modulo1_Monforte.jpeg 1776w\" alt=\"\" \/>\n                        <\/a>\n                                            <\/div>\n    <\/div>\n<\/section><section class=\"two_cols__link_and_image full-height-vh \">\n    <div class=\"row row-large invert\">\n        <div class=\"medium-4 small-12 columns full-height relative col-1\">\n            <div class=\"ct-text\">\n                <span class=\"subtitle js-heading\">New York<\/span>\n                <div class=\"ct-link\">\n                                        <a class=\"link-arrow title-little js-heading \" href=\"https:\/\/www.foscarini.com\/es\/spazio-soho\/\"><h2>Spazio Soho<\/h2>\n<\/a>\n                    <div class=\"text-1 js-heading\"><p>En el coraz\u00f3n de Nueva York, en el centro del distrito del dise\u00f1o, un espacio que se pone a disposici\u00f3n de los arquitectos, de los cultores del dise\u00f1o italiano y de todos aquellos que, simplemente, buscan ideas e inspiraci\u00f3n para amueblar su propio hogar. <\/p>\n<\/div>\n                                    <\/div>\n                            <\/div>\n        <\/div>\n        <div class=\"medium-8 small-12 columns full-height col-2 no-padding-right-mobile\">\n                                                    <a href=\"https:\/\/www.foscarini.com\/es\/spazio-soho\/\">\n                            <img decoding=\"async\" class=\"full-cover\" src=\"https:\/\/www.foscarini.com\/wp-content\/uploads\/2024\/02\/Modulo2_Soho-150x150.jpeg\" srcset=\"https:\/\/www.foscarini.com\/wp-content\/uploads\/2024\/02\/Modulo2_Soho-300x230.jpeg 300w, https:\/\/www.foscarini.com\/wp-content\/uploads\/2024\/02\/Modulo2_Soho-800x614.jpeg 800w, https:\/\/www.foscarini.com\/wp-content\/uploads\/2024\/02\/Modulo2_Soho-1024x786.jpeg 1024w, https:\/\/www.foscarini.com\/wp-content\/uploads\/2024\/02\/Modulo2_Soho-768x590.jpeg 768w, https:\/\/www.foscarini.com\/wp-content\/uploads\/2024\/02\/Modulo2_Soho-1536x1180.jpeg 1536w, https:\/\/www.foscarini.com\/wp-content\/uploads\/2024\/02\/Modulo2_Soho.jpeg 1776w\" alt=\"\" \/>\n                        <\/a>\n                                            <\/div>\n    <\/div>\n<\/section>","protected":false},"excerpt":{"rendered":"","protected":false},"author":1,"featured_media":22725,"parent":0,"menu_order":0,"comment_status":"closed","ping_status":"closed","template":"template-custom\/tpl-store-locator.php","meta":{"_acf_changed":false,"footnotes":""},"class_list":["post-131193","page","type-page","status-publish","has-post-thumbnail","hentry"],"acf":{"preview_slider":{"titolo":"Showroom","testo":"","video_domanda":false,"link_video":""},"store_locator":{"pagina_stores":false,"pagina_showroom":true,"pagina_partner_web":false}},"yoast_head":"<!-- This site is optimized with the Yoast SEO Premium plugin v22.4 (Yoast SEO v23.7) - https:\/\/yoast.com\/wordpress\/plugins\/seo\/ -->\n<title>Showroom - Foscarini<\/title>\n<meta name=\"robots\" content=\"index, follow, max-snippet:-1, max-image-preview:large, max-video-preview:-1\" \/>\n<meta property=\"og:locale\" content=\"es_ES\" \/>\n<meta property=\"og:type\" content=\"article\" \/>\n<meta property=\"og:title\" content=\"Showroom\" \/>\n<meta property=\"og:url\" content=\"https:\/\/www.foscarini.com\/es\/showroom\/\" \/>\n<meta property=\"og:site_name\" content=\"Foscarini\" \/>\n<meta property=\"article:modified_time\" content=\"2024-04-10T14:21:51+00:00\" \/>\n<meta property=\"og:image\" content=\"https:\/\/www.foscarini.com\/wp-content\/uploads\/2024\/02\/Modulo1_Monforte.jpeg\" \/>\n\t<meta property=\"og:image:width\" content=\"1776\" \/>\n\t<meta property=\"og:image:height\" content=\"1364\" \/>\n\t<meta property=\"og:image:type\" content=\"image\/jpeg\" \/>\n<meta name=\"twitter:card\" content=\"summary_large_image\" \/>\n<meta name=\"twitter:label1\" content=\"Tiempo de lectura\" \/>\n\t<meta name=\"twitter:data1\" content=\"1 minuto\" \/>\n<script type=\"application\/ld+json\" class=\"yoast-schema-graph\">{\"@context\":\"https:\/\/schema.org\",\"@graph\":[{\"@type\":\"WebPage\",\"@id\":\"https:\/\/www.foscarini.com\/es\/showroom\/\",\"url\":\"https:\/\/www.foscarini.com\/es\/showroom\/\",\"name\":\"Showroom - Foscarini\",\"isPartOf\":{\"@id\":\"https:\/\/www.foscarini.com\/#website\"},\"primaryImageOfPage\":{\"@id\":\"https:\/\/www.foscarini.com\/es\/showroom\/#primaryimage\"},\"image\":{\"@id\":\"https:\/\/www.foscarini.com\/es\/showroom\/#primaryimage\"},\"thumbnailUrl\":\"https:\/\/www.foscarini.com\/wp-content\/uploads\/2024\/02\/Modulo1_Monforte.jpeg\",\"datePublished\":\"2024-02-07T08:34:36+00:00\",\"dateModified\":\"2024-04-10T14:21:51+00:00\",\"breadcrumb\":{\"@id\":\"https:\/\/www.foscarini.com\/es\/showroom\/#breadcrumb\"},\"inLanguage\":\"es\",\"potentialAction\":[{\"@type\":\"ReadAction\",\"target\":[\"https:\/\/www.foscarini.com\/es\/showroom\/\"]}]},{\"@type\":\"ImageObject\",\"inLanguage\":\"es\",\"@id\":\"https:\/\/www.foscarini.com\/es\/showroom\/#primaryimage\",\"url\":\"https:\/\/www.foscarini.com\/wp-content\/uploads\/2024\/02\/Modulo1_Monforte.jpeg\",\"contentUrl\":\"https:\/\/www.foscarini.com\/wp-content\/uploads\/2024\/02\/Modulo1_Monforte.jpeg\",\"width\":1776,\"height\":1364},{\"@type\":\"BreadcrumbList\",\"@id\":\"https:\/\/www.foscarini.com\/es\/showroom\/#breadcrumb\",\"itemListElement\":[{\"@type\":\"ListItem\",\"position\":1,\"name\":\"Home\",\"item\":\"https:\/\/www.foscarini.com\/es\/\"},{\"@type\":\"ListItem\",\"position\":2,\"name\":\"Showroom\"}]},{\"@type\":\"WebSite\",\"@id\":\"https:\/\/www.foscarini.com\/#website\",\"url\":\"https:\/\/www.foscarini.com\/\",\"name\":\"Foscarini\",\"description\":\"\",\"potentialAction\":[{\"@type\":\"SearchAction\",\"target\":{\"@type\":\"EntryPoint\",\"urlTemplate\":\"https:\/\/www.foscarini.com\/?s={search_term_string}\"},\"query-input\":{\"@type\":\"PropertyValueSpecification\",\"valueRequired\":true,\"valueName\":\"search_term_string\"}}],\"inLanguage\":\"es\"}]}<\/script>\n<!-- \/ Yoast SEO Premium plugin. -->","yoast_head_json":{"title":"Showroom - Foscarini","robots":{"index":"index","follow":"follow","max-snippet":"max-snippet:-1","max-image-preview":"max-image-preview:large","max-video-preview":"max-video-preview:-1"},"og_locale":"es_ES","og_type":"article","og_title":"Showroom","og_url":"https:\/\/www.foscarini.com\/es\/showroom\/","og_site_name":"Foscarini","article_modified_time":"2024-04-10T14:21:51+00:00","og_image":[{"width":1776,"height":1364,"url":"https:\/\/www.foscarini.com\/wp-content\/uploads\/2024\/02\/Modulo1_Monforte.jpeg","type":"image\/jpeg"}],"twitter_card":"summary_large_image","twitter_misc":{"Tiempo de lectura":"1 minuto"},"schema":{"@context":"https:\/\/schema.org","@graph":[{"@type":"WebPage","@id":"https:\/\/www.foscarini.com\/es\/showroom\/","url":"https:\/\/www.foscarini.com\/es\/showroom\/","name":"Showroom - Foscarini","isPartOf":{"@id":"https:\/\/www.foscarini.com\/#website"},"primaryImageOfPage":{"@id":"https:\/\/www.foscarini.com\/es\/showroom\/#primaryimage"},"image":{"@id":"https:\/\/www.foscarini.com\/es\/showroom\/#primaryimage"},"thumbnailUrl":"https:\/\/www.foscarini.com\/wp-content\/uploads\/2024\/02\/Modulo1_Monforte.jpeg","datePublished":"2024-02-07T08:34:36+00:00","dateModified":"2024-04-10T14:21:51+00:00","breadcrumb":{"@id":"https:\/\/www.foscarini.com\/es\/showroom\/#breadcrumb"},"inLanguage":"es","potentialAction":[{"@type":"ReadAction","target":["https:\/\/www.foscarini.com\/es\/showroom\/"]}]},{"@type":"ImageObject","inLanguage":"es","@id":"https:\/\/www.foscarini.com\/es\/showroom\/#primaryimage","url":"https:\/\/www.foscarini.com\/wp-content\/uploads\/2024\/02\/Modulo1_Monforte.jpeg","contentUrl":"https:\/\/www.foscarini.com\/wp-content\/uploads\/2024\/02\/Modulo1_Monforte.jpeg","width":1776,"height":1364},{"@type":"BreadcrumbList","@id":"https:\/\/www.foscarini.com\/es\/showroom\/#breadcrumb","itemListElement":[{"@type":"ListItem","position":1,"name":"Home","item":"https:\/\/www.foscarini.com\/es\/"},{"@type":"ListItem","position":2,"name":"Showroom"}]},{"@type":"WebSite","@id":"https:\/\/www.foscarini.com\/#website","url":"https:\/\/www.foscarini.com\/","name":"Foscarini","description":"","potentialAction":[{"@type":"SearchAction","target":{"@type":"EntryPoint","urlTemplate":"https:\/\/www.foscarini.com\/?s={search_term_string}"},"query-input":{"@type":"PropertyValueSpecification","valueRequired":true,"valueName":"search_term_string"}}],"inLanguage":"es"}]}},"_links":{"self":[{"href":"https:\/\/www.foscarini.com\/es\/wp-json\/wp\/v2\/pages\/131193"}],"collection":[{"href":"https:\/\/www.foscarini.com\/es\/wp-json\/wp\/v2\/pages"}],"about":[{"href":"https:\/\/www.foscarini.com\/es\/wp-json\/wp\/v2\/types\/page"}],"author":[{"embeddable":true,"href":"https:\/\/www.foscarini.com\/es\/wp-json\/wp\/v2\/users\/1"}],"replies":[{"embeddable":true,"href":"https:\/\/www.foscarini.com\/es\/wp-json\/wp\/v2\/comments?post=131193"}],"version-history":[{"count":3,"href":"https:\/\/www.foscarini.com\/es\/wp-json\/wp\/v2\/pages\/131193\/revisions"}],"predecessor-version":[{"id":235489,"href":"https:\/\/www.foscarini.com\/es\/wp-json\/wp\/v2\/pages\/131193\/revisions\/235489"}],"wp:featuredmedia":[{"embeddable":true,"href":"https:\/\/www.foscarini.com\/es\/wp-json\/wp\/v2\/media\/22725"}],"wp:attachment":[{"href":"https:\/\/www.foscarini.com\/es\/wp-json\/wp\/v2\/media?parent=131193"}],"curies":[{"name":"wp","href":"https:\/\/api.w.org\/{rel}","templated":true}]}}