{"id":448525,"date":"2025-06-10T15:33:08","date_gmt":"2025-06-10T15:33:08","guid":{"rendered":"https:\/\/www.foscarini.com\/product\/twiggy-wood-lettura-twiggy-lettura-r-de\/"},"modified":"2025-06-11T15:53:47","modified_gmt":"2025-06-11T15:53:47","slug":"twiggy-wood-lettura-twiggy-lettura-r-de","status":"publish","type":"product","link":"https:\/\/www.foscarini.com\/de\/produkt\/twiggy-wood-lettura-twiggy-lettura-r-de\/","title":{"rendered":"Twiggy Wood Lettura"},"content":{"rendered":"","protected":false},"excerpt":{"rendered":"<p>Stehleuchte mit direktem und indirektem Licht. Der Diffusor besteht aus zwei einander \u00fcberlappenden Bl\u00e4ttern aus gebleichtem Ahornholz. An der Ober- und Unterkante des Diffusors sorgt ein wenige Millimeter dicker Bambusring daf\u00fcr, dass die Bl\u00e4tter ihre Form behalten. Der Schaft besteht aus fl\u00fcssiglackiertem GlasfaserVerbundmaterial, der runde Sockel aus pulverbeschichtetem Metall. Im Lieferumfang enthalten sind vier Gegengewichte, die \u00fcber dem Schirm anzubringen sind und der H\u00f6henregulierung dienen. Auf Anfrage mit zus\u00e4tzlichen Elementen zur Verl\u00e4ngerung des Bogens erh\u00e4ltlich. Auf dem durchsichtigen Kabel befindet sich ein Dimmer, der sowohl zur stufenlosen Regulierung der Lichtst\u00e4rke wie auch als Ein-\/Ausschalter dient.<\/p>\n","protected":false},"featured_media":470983,"comment_status":"open","ping_status":"closed","template":"","meta":{"_acf_changed":true},"product_cat":[650,715,761,682,13770],"product_tag":[],"materiale":[7948],"altezza":[11817],"larghezza":[8616],"profondita":[8676],"peso":[7334],"designer-prodotto":[7384],"class_list":{"0":"post-448525","1":"product","2":"type-product","3":"status-publish","4":"has-post-thumbnail","6":"product_cat-concetto-de","7":"product_cat-funzione-de","8":"product_cat-terra-de","9":"product_cat-twiggy-concetto-de","10":"product_cat-twiggy-lettura-famiglia-de","11":"materiale-fibra-di-carbonio-e-compositi-de","12":"altezza-63375-de","13":"larghezza-18-18-de","14":"profondita-18-18-de","15":"peso-0-de","16":"designer-prodotto-marc-sadler-de","18":"first","19":"instock","20":"shipping-taxable","21":"purchasable","22":"product-type-variable"},"acf":{"preview_slider":{"titolo":"","testo":"","video_domanda":false,"link_video":""},"prodotto__immagine_preview":{"immagine":448526},"prodotto__slider":{"sottotitolo":"Marc Sadler (2020)","titolo":"Tradition und Innovation verbinden sich perfekt in der Bodenleuchte Twiggy Wood.  Die Leichtigkeit eines zur Ikone unter den Design-Bodenleuchten gewordenen Entwurfs trifft auf die W\u00e4rme des Holzes, was zu einer \u00fcberraschend eleganten Synthese f\u00fchrt.","immagini":[{"immagine":460770,"immagine_mobile":""},{"immagine":460757,"immagine_mobile":""}]},"prodotto__slider_preview":null,"prodotto__specifiche":{"selezione":[{"scheda_tecnica":464393}]}},"yoast_head":"<!-- This site is optimized with the Yoast SEO Premium plugin v22.4 (Yoast SEO v23.7) - https:\/\/yoast.com\/wordpress\/plugins\/seo\/ -->\n<title>Twiggy Wood Lettura - Foscarini<\/title>\n<meta name=\"robots\" content=\"index, follow, max-snippet:-1, max-image-preview:large, max-video-preview:-1\" \/>\n<meta property=\"og:locale\" content=\"de_DE\" \/>\n<meta property=\"og:type\" content=\"article\" \/>\n<meta property=\"og:title\" content=\"Twiggy Wood Lettura\" \/>\n<meta property=\"og:description\" content=\"Stehleuchte mit direktem und indirektem Licht. Der Diffusor besteht aus zwei einander \u00fcberlappenden Bl\u00e4ttern aus gebleichtem Ahornholz. An der Ober- und Unterkante des Diffusors sorgt ein wenige Millimeter dicker Bambusring daf\u00fcr, dass die Bl\u00e4tter ihre Form behalten. Der Schaft besteht aus fl\u00fcssiglackiertem GlasfaserVerbundmaterial, der runde Sockel aus pulverbeschichtetem Metall. Im Lieferumfang enthalten sind vier Gegengewichte, die \u00fcber dem Schirm anzubringen sind und der H\u00f6henregulierung dienen. Auf Anfrage mit zus\u00e4tzlichen Elementen zur Verl\u00e4ngerung des Bogens erh\u00e4ltlich. Auf dem durchsichtigen Kabel befindet sich ein Dimmer, der sowohl zur stufenlosen Regulierung der Lichtst\u00e4rke wie auch als Ein-\/Ausschalter dient.\" \/>\n<meta property=\"og:url\" content=\"https:\/\/www.foscarini.com\/de\/produkt\/twiggy-wood-lettura-twiggy-lettura-r-de\/\" \/>\n<meta property=\"og:site_name\" content=\"Foscarini\" \/>\n<meta property=\"article:modified_time\" content=\"2025-06-11T15:53:47+00:00\" \/>\n<meta property=\"og:image\" content=\"https:\/\/www.foscarini.com\/wp-content\/uploads\/2025\/06\/twiggy-lettura-wood_f_rosewood_22_786x865-4.jpg\" \/>\n\t<meta property=\"og:image:width\" content=\"786\" \/>\n\t<meta property=\"og:image:height\" content=\"865\" \/>\n\t<meta property=\"og:image:type\" content=\"image\/jpeg\" \/>\n<meta name=\"twitter:card\" content=\"summary_large_image\" \/>\n<meta name=\"twitter:label1\" content=\"Gesch\u00e4tzte Lesezeit\" \/>\n\t<meta name=\"twitter:data1\" content=\"1\u00a0Minute\" \/>\n<script type=\"application\/ld+json\" class=\"yoast-schema-graph\">{\"@context\":\"https:\/\/schema.org\",\"@graph\":[{\"@type\":\"WebPage\",\"@id\":\"https:\/\/www.foscarini.com\/de\/produkt\/twiggy-wood-lettura-twiggy-lettura-r-de\/\",\"url\":\"https:\/\/www.foscarini.com\/de\/produkt\/twiggy-wood-lettura-twiggy-lettura-r-de\/\",\"name\":\"Twiggy Wood Lettura - Foscarini\",\"isPartOf\":{\"@id\":\"https:\/\/www.foscarini.com\/#website\"},\"primaryImageOfPage\":{\"@id\":\"https:\/\/www.foscarini.com\/de\/produkt\/twiggy-wood-lettura-twiggy-lettura-r-de\/#primaryimage\"},\"image\":{\"@id\":\"https:\/\/www.foscarini.com\/de\/produkt\/twiggy-wood-lettura-twiggy-lettura-r-de\/#primaryimage\"},\"thumbnailUrl\":\"https:\/\/www.foscarini.com\/wp-content\/uploads\/2025\/06\/twiggy-lettura-wood_f_rosewood_22_786x865-11.jpg\",\"datePublished\":\"2025-06-10T15:33:08+00:00\",\"dateModified\":\"2025-06-11T15:53:47+00:00\",\"breadcrumb\":{\"@id\":\"https:\/\/www.foscarini.com\/de\/produkt\/twiggy-wood-lettura-twiggy-lettura-r-de\/#breadcrumb\"},\"inLanguage\":\"de\",\"potentialAction\":[{\"@type\":\"ReadAction\",\"target\":[\"https:\/\/www.foscarini.com\/de\/produkt\/twiggy-wood-lettura-twiggy-lettura-r-de\/\"]}]},{\"@type\":\"ImageObject\",\"inLanguage\":\"de\",\"@id\":\"https:\/\/www.foscarini.com\/de\/produkt\/twiggy-wood-lettura-twiggy-lettura-r-de\/#primaryimage\",\"url\":\"https:\/\/www.foscarini.com\/wp-content\/uploads\/2025\/06\/twiggy-lettura-wood_f_rosewood_22_786x865-11.jpg\",\"contentUrl\":\"https:\/\/www.foscarini.com\/wp-content\/uploads\/2025\/06\/twiggy-lettura-wood_f_rosewood_22_786x865-11.jpg\",\"width\":786,\"height\":865},{\"@type\":\"BreadcrumbList\",\"@id\":\"https:\/\/www.foscarini.com\/de\/produkt\/twiggy-wood-lettura-twiggy-lettura-r-de\/#breadcrumb\",\"itemListElement\":[{\"@type\":\"ListItem\",\"position\":1,\"name\":\"Home\",\"item\":\"https:\/\/www.foscarini.com\/de\/\"},{\"@type\":\"ListItem\",\"position\":2,\"name\":\"Shop\",\"item\":\"https:\/\/www.foscarini.com\/de\/shop\/\"},{\"@type\":\"ListItem\",\"position\":3,\"name\":\"Twiggy Wood Lettura\"}]},{\"@type\":\"WebSite\",\"@id\":\"https:\/\/www.foscarini.com\/#website\",\"url\":\"https:\/\/www.foscarini.com\/\",\"name\":\"Foscarini\",\"description\":\"\",\"potentialAction\":[{\"@type\":\"SearchAction\",\"target\":{\"@type\":\"EntryPoint\",\"urlTemplate\":\"https:\/\/www.foscarini.com\/?s={search_term_string}\"},\"query-input\":{\"@type\":\"PropertyValueSpecification\",\"valueRequired\":true,\"valueName\":\"search_term_string\"}}],\"inLanguage\":\"de\"}]}<\/script>\n<!-- \/ Yoast SEO Premium plugin. -->","yoast_head_json":{"title":"Twiggy Wood Lettura - Foscarini","robots":{"index":"index","follow":"follow","max-snippet":"max-snippet:-1","max-image-preview":"max-image-preview:large","max-video-preview":"max-video-preview:-1"},"og_locale":"de_DE","og_type":"article","og_title":"Twiggy Wood Lettura","og_description":"Stehleuchte mit direktem und indirektem Licht. Der Diffusor besteht aus zwei einander \u00fcberlappenden Bl\u00e4ttern aus gebleichtem Ahornholz. An der Ober- und Unterkante des Diffusors sorgt ein wenige Millimeter dicker Bambusring daf\u00fcr, dass die Bl\u00e4tter ihre Form behalten. Der Schaft besteht aus fl\u00fcssiglackiertem GlasfaserVerbundmaterial, der runde Sockel aus pulverbeschichtetem Metall. Im Lieferumfang enthalten sind vier Gegengewichte, die \u00fcber dem Schirm anzubringen sind und der H\u00f6henregulierung dienen. Auf Anfrage mit zus\u00e4tzlichen Elementen zur Verl\u00e4ngerung des Bogens erh\u00e4ltlich. Auf dem durchsichtigen Kabel befindet sich ein Dimmer, der sowohl zur stufenlosen Regulierung der Lichtst\u00e4rke wie auch als Ein-\/Ausschalter dient.","og_url":"https:\/\/www.foscarini.com\/de\/produkt\/twiggy-wood-lettura-twiggy-lettura-r-de\/","og_site_name":"Foscarini","article_modified_time":"2025-06-11T15:53:47+00:00","og_image":[{"width":786,"height":865,"url":"https:\/\/www.foscarini.com\/wp-content\/uploads\/2025\/06\/twiggy-lettura-wood_f_rosewood_22_786x865-4.jpg","type":"image\/jpeg"}],"twitter_card":"summary_large_image","twitter_misc":{"Gesch\u00e4tzte Lesezeit":"1\u00a0Minute"},"schema":{"@context":"https:\/\/schema.org","@graph":[{"@type":"WebPage","@id":"https:\/\/www.foscarini.com\/de\/produkt\/twiggy-wood-lettura-twiggy-lettura-r-de\/","url":"https:\/\/www.foscarini.com\/de\/produkt\/twiggy-wood-lettura-twiggy-lettura-r-de\/","name":"Twiggy Wood Lettura - Foscarini","isPartOf":{"@id":"https:\/\/www.foscarini.com\/#website"},"primaryImageOfPage":{"@id":"https:\/\/www.foscarini.com\/de\/produkt\/twiggy-wood-lettura-twiggy-lettura-r-de\/#primaryimage"},"image":{"@id":"https:\/\/www.foscarini.com\/de\/produkt\/twiggy-wood-lettura-twiggy-lettura-r-de\/#primaryimage"},"thumbnailUrl":"https:\/\/www.foscarini.com\/wp-content\/uploads\/2025\/06\/twiggy-lettura-wood_f_rosewood_22_786x865-11.jpg","datePublished":"2025-06-10T15:33:08+00:00","dateModified":"2025-06-11T15:53:47+00:00","breadcrumb":{"@id":"https:\/\/www.foscarini.com\/de\/produkt\/twiggy-wood-lettura-twiggy-lettura-r-de\/#breadcrumb"},"inLanguage":"de","potentialAction":[{"@type":"ReadAction","target":["https:\/\/www.foscarini.com\/de\/produkt\/twiggy-wood-lettura-twiggy-lettura-r-de\/"]}]},{"@type":"ImageObject","inLanguage":"de","@id":"https:\/\/www.foscarini.com\/de\/produkt\/twiggy-wood-lettura-twiggy-lettura-r-de\/#primaryimage","url":"https:\/\/www.foscarini.com\/wp-content\/uploads\/2025\/06\/twiggy-lettura-wood_f_rosewood_22_786x865-11.jpg","contentUrl":"https:\/\/www.foscarini.com\/wp-content\/uploads\/2025\/06\/twiggy-lettura-wood_f_rosewood_22_786x865-11.jpg","width":786,"height":865},{"@type":"BreadcrumbList","@id":"https:\/\/www.foscarini.com\/de\/produkt\/twiggy-wood-lettura-twiggy-lettura-r-de\/#breadcrumb","itemListElement":[{"@type":"ListItem","position":1,"name":"Home","item":"https:\/\/www.foscarini.com\/de\/"},{"@type":"ListItem","position":2,"name":"Shop","item":"https:\/\/www.foscarini.com\/de\/shop\/"},{"@type":"ListItem","position":3,"name":"Twiggy Wood Lettura"}]},{"@type":"WebSite","@id":"https:\/\/www.foscarini.com\/#website","url":"https:\/\/www.foscarini.com\/","name":"Foscarini","description":"","potentialAction":[{"@type":"SearchAction","target":{"@type":"EntryPoint","urlTemplate":"https:\/\/www.foscarini.com\/?s={search_term_string}"},"query-input":{"@type":"PropertyValueSpecification","valueRequired":true,"valueName":"search_term_string"}}],"inLanguage":"de"}]}},"_links":{"self":[{"href":"https:\/\/www.foscarini.com\/de\/wp-json\/wp\/v2\/product\/448525"}],"collection":[{"href":"https:\/\/www.foscarini.com\/de\/wp-json\/wp\/v2\/product"}],"about":[{"href":"https:\/\/www.foscarini.com\/de\/wp-json\/wp\/v2\/types\/product"}],"replies":[{"embeddable":true,"href":"https:\/\/www.foscarini.com\/de\/wp-json\/wp\/v2\/comments?post=448525"}],"wp:featuredmedia":[{"embeddable":true,"href":"https:\/\/www.foscarini.com\/de\/wp-json\/wp\/v2\/media\/470983"}],"wp:attachment":[{"href":"https:\/\/www.foscarini.com\/de\/wp-json\/wp\/v2\/media?parent=448525"}],"wp:term":[{"taxonomy":"product_cat","embeddable":true,"href":"https:\/\/www.foscarini.com\/de\/wp-json\/wp\/v2\/product_cat?post=448525"},{"taxonomy":"product_tag","embeddable":true,"href":"https:\/\/www.foscarini.com\/de\/wp-json\/wp\/v2\/product_tag?post=448525"},{"taxonomy":"materiale","embeddable":true,"href":"https:\/\/www.foscarini.com\/de\/wp-json\/wp\/v2\/materiale?post=448525"},{"taxonomy":"altezza","embeddable":true,"href":"https:\/\/www.foscarini.com\/de\/wp-json\/wp\/v2\/altezza?post=448525"},{"taxonomy":"larghezza","embeddable":true,"href":"https:\/\/www.foscarini.com\/de\/wp-json\/wp\/v2\/larghezza?post=448525"},{"taxonomy":"profondita","embeddable":true,"href":"https:\/\/www.foscarini.com\/de\/wp-json\/wp\/v2\/profondita?post=448525"},{"taxonomy":"peso","embeddable":true,"href":"https:\/\/www.foscarini.com\/de\/wp-json\/wp\/v2\/peso?post=448525"},{"taxonomy":"designer-prodotto","embeddable":true,"href":"https:\/\/www.foscarini.com\/de\/wp-json\/wp\/v2\/designer-prodotto?post=448525"}],"curies":[{"name":"wp","href":"https:\/\/api.w.org\/{rel}","templated":true}]}}