{"id":365872,"date":"2025-04-04T18:21:29","date_gmt":"2025-04-04T18:21:29","guid":{"rendered":"https:\/\/www.foscarini.com\/product\/pli-std-s-de\/"},"modified":"2025-06-11T14:49:15","modified_gmt":"2025-06-11T14:49:15","slug":"pli-std-s-de","status":"publish","type":"product","link":"https:\/\/www.foscarini.com\/de\/produkt\/pli-std-s-de\/","title":{"rendered":"Pli"},"content":{"rendered":"<p>Eine Pendelleuchte, die Form, Material und Struktur in einer einzigen Geste vereint. Die weichen Falten und Drapierungen von Pli erinnern an die Leichtigkeit eines Kleidungsst\u00fccks, w\u00e4hrend ihr Licht eine warme und einh\u00fcllende Atmosph\u00e4re in den Innenr\u00e4umen schafft.<\/p><section class=\"pdp__slider full-height-vh\">\n    <div class=\"swiper-container swiper__pdp\">\n        <div class=\"swiper-wrapper full-height\">\n                                <div class=\"swiper-slide\">\n                                                    <img decoding=\"async\" class=\"full-cover\" src=\"https:\/\/www.foscarini.com\/wp-content\/uploads\/2025\/04\/3._Pli-150x150.jpg\" srcset=\"https:\/\/www.foscarini.com\/wp-content\/uploads\/2025\/04\/3._Pli-194x300.jpg 194w, https:\/\/www.foscarini.com\/wp-content\/uploads\/2025\/04\/3._Pli-663x1024.jpg 663w, https:\/\/www.foscarini.com\/wp-content\/uploads\/2025\/04\/3._Pli-768x1186.jpg 768w, https:\/\/www.foscarini.com\/wp-content\/uploads\/2025\/04\/3._Pli-800x1235.jpg 800w, https:\/\/www.foscarini.com\/wp-content\/uploads\/2025\/04\/3._Pli.jpg 960w\" alt=\"\" \/>\n                                                                        <\/div>\n                                        <div class=\"swiper-slide\">\n                                                    <img decoding=\"async\" class=\"full-cover\" src=\"https:\/\/www.foscarini.com\/wp-content\/uploads\/2025\/04\/3.5_Pli-150x150.jpg\" srcset=\"https:\/\/www.foscarini.com\/wp-content\/uploads\/2025\/04\/3.5_Pli-194x300.jpg 194w, https:\/\/www.foscarini.com\/wp-content\/uploads\/2025\/04\/3.5_Pli-663x1024.jpg 663w, https:\/\/www.foscarini.com\/wp-content\/uploads\/2025\/04\/3.5_Pli-768x1186.jpg 768w, https:\/\/www.foscarini.com\/wp-content\/uploads\/2025\/04\/3.5_Pli-800x1235.jpg 800w, https:\/\/www.foscarini.com\/wp-content\/uploads\/2025\/04\/3.5_Pli.jpg 960w\" alt=\"\" \/>\n                                                                        <\/div>\n                                        <div class=\"swiper-slide\">\n                                                    <img decoding=\"async\" class=\"full-cover\" src=\"https:\/\/www.foscarini.com\/wp-content\/uploads\/2025\/04\/3.4_Pli-150x150.jpg\" srcset=\"https:\/\/www.foscarini.com\/wp-content\/uploads\/2025\/04\/3.4_Pli-194x300.jpg 194w, https:\/\/www.foscarini.com\/wp-content\/uploads\/2025\/04\/3.4_Pli-663x1024.jpg 663w, https:\/\/www.foscarini.com\/wp-content\/uploads\/2025\/04\/3.4_Pli-768x1186.jpg 768w, https:\/\/www.foscarini.com\/wp-content\/uploads\/2025\/04\/3.4_Pli-800x1235.jpg 800w, https:\/\/www.foscarini.com\/wp-content\/uploads\/2025\/04\/3.4_Pli.jpg 960w\" alt=\"\" \/>\n                                                                        <\/div>\n                                        <div class=\"swiper-slide\">\n                                                    <img decoding=\"async\" class=\"full-cover\" src=\"https:\/\/www.foscarini.com\/wp-content\/uploads\/2025\/04\/3.3_Pli-150x150.jpg\" srcset=\"https:\/\/www.foscarini.com\/wp-content\/uploads\/2025\/04\/3.3_Pli-300x250.jpg 300w, https:\/\/www.foscarini.com\/wp-content\/uploads\/2025\/04\/3.3_Pli-1024x854.jpg 1024w, https:\/\/www.foscarini.com\/wp-content\/uploads\/2025\/04\/3.3_Pli-768x641.jpg 768w, https:\/\/www.foscarini.com\/wp-content\/uploads\/2025\/04\/3.3_Pli-1536x1282.jpg 1536w, https:\/\/www.foscarini.com\/wp-content\/uploads\/2025\/04\/3.3_Pli-800x668.jpg 800w, https:\/\/www.foscarini.com\/wp-content\/uploads\/2025\/04\/3.3_Pli.jpg 1776w\" alt=\"\" \/>\n                                                                        <\/div>\n                                        <div class=\"swiper-slide\">\n                                                    <img decoding=\"async\" class=\"full-cover\" src=\"https:\/\/www.foscarini.com\/wp-content\/uploads\/2025\/04\/3.1_Pli-150x150.jpg\" srcset=\"https:\/\/www.foscarini.com\/wp-content\/uploads\/2025\/04\/3.1_Pli-300x250.jpg 300w, https:\/\/www.foscarini.com\/wp-content\/uploads\/2025\/04\/3.1_Pli-1024x854.jpg 1024w, https:\/\/www.foscarini.com\/wp-content\/uploads\/2025\/04\/3.1_Pli-768x641.jpg 768w, https:\/\/www.foscarini.com\/wp-content\/uploads\/2025\/04\/3.1_Pli-1536x1282.jpg 1536w, https:\/\/www.foscarini.com\/wp-content\/uploads\/2025\/04\/3.1_Pli-800x668.jpg 800w, https:\/\/www.foscarini.com\/wp-content\/uploads\/2025\/04\/3.1_Pli.jpg 1776w\" alt=\"\" \/>\n                                                                        <\/div>\n                            <\/div>\n    <\/div>\n    <div class=\"swiper-scrollbar\"><\/div>\n    <div class=\"ct-arrow\">\n        <div class=\"swiper-button-prev\"><\/div>\n        <div class=\"swiper-button-next\"><\/div>\n    <\/div>\n<\/section><p><\/p>","protected":false},"excerpt":{"rendered":"<p>Pendelleuchte mit direktem, indirektem und teildiffusem Licht, die eine warme und einh\u00fcllende Atmosph\u00e4re in Innenr\u00e4umen schafft. Der PMMA-K\u00f6rper enth\u00e4lt eine Aluminiumrohrstruktur mit LED-Streifen. Der Diffusor besteht aus einem langen Streifen feinem italienischen K\u00fcnstlerpapier, hergestellt aus 100 % Baumwollfasern, der in weiche Falten gelegt und an den Enden mit zwei runden Kappen aus naturbelassenem, satiniertem und transparent lackiertem Aluminium befestigt ist. Stahlseilaufh\u00e4ngung und transparentes Stromkabel, mit einem matten wei\u00dfen ABS-Baldachin, der den Transformator beherbergt.<\/p>\n","protected":false},"featured_media":469144,"comment_status":"open","ping_status":"closed","template":"","meta":{"_acf_changed":true},"product_cat":[650,715,746,6992,13735],"product_tag":[],"materiale":[8283],"altezza":[9049],"larghezza":[11506],"profondita":[8900],"peso":[7334],"designer-prodotto":[11961],"class_list":{"0":"post-365872","1":"product","2":"type-product","3":"status-publish","4":"has-post-thumbnail","6":"product_cat-concetto-de","7":"product_cat-funzione-de","8":"product_cat-sospensione-de","9":"product_cat-pli-concetto-de","10":"product_cat-pli-famiglia-de","11":"materiale-carta-de","12":"altezza-18-de","13":"larghezza-85-de","14":"profondita-20-de","15":"peso-0-de","16":"designer-prodotto-felicia-arvid-de","18":"first","19":"instock","20":"shipping-taxable","21":"purchasable","22":"product-type-variable"},"acf":{"preview_slider":{"titolo":"","testo":"","video_domanda":false,"link_video":""},"prodotto__immagine_preview":{"immagine":365875},"prodotto__slider":{"sottotitolo":"Felicia Arvid (2023)","titolo":"Eine Pendelleuchte, die Form, Material und Struktur in einer einzigen Geste vereint. Die weichen Falten und Drapierungen von Pli erinnern an die Leichtigkeit eines Kleidungsst\u00fccks, w\u00e4hrend ihr Licht eine warme und einh\u00fcllende Atmosph\u00e4re in den Innenr\u00e4umen schafft.","immagini":[{"immagine":395971,"immagine_mobile":""}]},"prodotto__slider_preview":null,"prodotto__specifiche":{"selezione":[{"scheda_tecnica":463423}]}},"yoast_head":"<!-- This site is optimized with the Yoast SEO Premium plugin v22.4 (Yoast SEO v23.7) - https:\/\/yoast.com\/wordpress\/plugins\/seo\/ -->\n<title>Pli - Foscarini<\/title>\n<meta name=\"robots\" content=\"index, follow, max-snippet:-1, max-image-preview:large, max-video-preview:-1\" \/>\n<meta property=\"og:locale\" content=\"de_DE\" \/>\n<meta property=\"og:type\" content=\"article\" \/>\n<meta property=\"og:title\" content=\"Pli\" \/>\n<meta property=\"og:description\" content=\"Pendelleuchte mit direktem, indirektem und teildiffusem Licht, die eine warme und einh\u00fcllende Atmosph\u00e4re in Innenr\u00e4umen schafft. Der PMMA-K\u00f6rper enth\u00e4lt eine Aluminiumrohrstruktur mit LED-Streifen. Der Diffusor besteht aus einem langen Streifen feinem italienischen K\u00fcnstlerpapier, hergestellt aus 100 % Baumwollfasern, der in weiche Falten gelegt und an den Enden mit zwei runden Kappen aus naturbelassenem, satiniertem und transparent lackiertem Aluminium befestigt ist. Stahlseilaufh\u00e4ngung und transparentes Stromkabel, mit einem matten wei\u00dfen ABS-Baldachin, der den Transformator beherbergt.\" \/>\n<meta property=\"og:url\" content=\"https:\/\/www.foscarini.com\/de\/produkt\/pli-std-s-de\/\" \/>\n<meta property=\"og:site_name\" content=\"Foscarini\" \/>\n<meta property=\"article:modified_time\" content=\"2025-06-11T14:49:15+00:00\" \/>\n<meta property=\"og:image\" content=\"https:\/\/www.foscarini.com\/wp-content\/uploads\/2025\/06\/pli_s_paper_22_786x865-1.jpg\" \/>\n\t<meta property=\"og:image:width\" content=\"786\" \/>\n\t<meta property=\"og:image:height\" content=\"865\" \/>\n\t<meta property=\"og:image:type\" content=\"image\/jpeg\" \/>\n<meta name=\"twitter:card\" content=\"summary_large_image\" \/>\n<meta name=\"twitter:label1\" content=\"Gesch\u00e4tzte Lesezeit\" \/>\n\t<meta name=\"twitter:data1\" content=\"1\u00a0Minute\" \/>\n<script type=\"application\/ld+json\" class=\"yoast-schema-graph\">{\"@context\":\"https:\/\/schema.org\",\"@graph\":[{\"@type\":\"WebPage\",\"@id\":\"https:\/\/www.foscarini.com\/de\/produkt\/pli-std-s-de\/\",\"url\":\"https:\/\/www.foscarini.com\/de\/produkt\/pli-std-s-de\/\",\"name\":\"Pli - Foscarini\",\"isPartOf\":{\"@id\":\"https:\/\/www.foscarini.com\/#website\"},\"primaryImageOfPage\":{\"@id\":\"https:\/\/www.foscarini.com\/de\/produkt\/pli-std-s-de\/#primaryimage\"},\"image\":{\"@id\":\"https:\/\/www.foscarini.com\/de\/produkt\/pli-std-s-de\/#primaryimage\"},\"thumbnailUrl\":\"https:\/\/www.foscarini.com\/wp-content\/uploads\/2025\/06\/pli_s_paper_22_786x865-3.jpg\",\"datePublished\":\"2025-04-04T18:21:29+00:00\",\"dateModified\":\"2025-06-11T14:49:15+00:00\",\"breadcrumb\":{\"@id\":\"https:\/\/www.foscarini.com\/de\/produkt\/pli-std-s-de\/#breadcrumb\"},\"inLanguage\":\"de\",\"potentialAction\":[{\"@type\":\"ReadAction\",\"target\":[\"https:\/\/www.foscarini.com\/de\/produkt\/pli-std-s-de\/\"]}]},{\"@type\":\"ImageObject\",\"inLanguage\":\"de\",\"@id\":\"https:\/\/www.foscarini.com\/de\/produkt\/pli-std-s-de\/#primaryimage\",\"url\":\"https:\/\/www.foscarini.com\/wp-content\/uploads\/2025\/06\/pli_s_paper_22_786x865-3.jpg\",\"contentUrl\":\"https:\/\/www.foscarini.com\/wp-content\/uploads\/2025\/06\/pli_s_paper_22_786x865-3.jpg\",\"width\":786,\"height\":865},{\"@type\":\"BreadcrumbList\",\"@id\":\"https:\/\/www.foscarini.com\/de\/produkt\/pli-std-s-de\/#breadcrumb\",\"itemListElement\":[{\"@type\":\"ListItem\",\"position\":1,\"name\":\"Home\",\"item\":\"https:\/\/www.foscarini.com\/de\/\"},{\"@type\":\"ListItem\",\"position\":2,\"name\":\"Shop\",\"item\":\"https:\/\/www.foscarini.com\/de\/shop\/\"},{\"@type\":\"ListItem\",\"position\":3,\"name\":\"Pli\"}]},{\"@type\":\"WebSite\",\"@id\":\"https:\/\/www.foscarini.com\/#website\",\"url\":\"https:\/\/www.foscarini.com\/\",\"name\":\"Foscarini\",\"description\":\"\",\"potentialAction\":[{\"@type\":\"SearchAction\",\"target\":{\"@type\":\"EntryPoint\",\"urlTemplate\":\"https:\/\/www.foscarini.com\/?s={search_term_string}\"},\"query-input\":{\"@type\":\"PropertyValueSpecification\",\"valueRequired\":true,\"valueName\":\"search_term_string\"}}],\"inLanguage\":\"de\"}]}<\/script>\n<!-- \/ Yoast SEO Premium plugin. -->","yoast_head_json":{"title":"Pli - Foscarini","robots":{"index":"index","follow":"follow","max-snippet":"max-snippet:-1","max-image-preview":"max-image-preview:large","max-video-preview":"max-video-preview:-1"},"og_locale":"de_DE","og_type":"article","og_title":"Pli","og_description":"Pendelleuchte mit direktem, indirektem und teildiffusem Licht, die eine warme und einh\u00fcllende Atmosph\u00e4re in Innenr\u00e4umen schafft. Der PMMA-K\u00f6rper enth\u00e4lt eine Aluminiumrohrstruktur mit LED-Streifen. Der Diffusor besteht aus einem langen Streifen feinem italienischen K\u00fcnstlerpapier, hergestellt aus 100 % Baumwollfasern, der in weiche Falten gelegt und an den Enden mit zwei runden Kappen aus naturbelassenem, satiniertem und transparent lackiertem Aluminium befestigt ist. Stahlseilaufh\u00e4ngung und transparentes Stromkabel, mit einem matten wei\u00dfen ABS-Baldachin, der den Transformator beherbergt.","og_url":"https:\/\/www.foscarini.com\/de\/produkt\/pli-std-s-de\/","og_site_name":"Foscarini","article_modified_time":"2025-06-11T14:49:15+00:00","og_image":[{"width":786,"height":865,"url":"https:\/\/www.foscarini.com\/wp-content\/uploads\/2025\/06\/pli_s_paper_22_786x865-1.jpg","type":"image\/jpeg"}],"twitter_card":"summary_large_image","twitter_misc":{"Gesch\u00e4tzte Lesezeit":"1\u00a0Minute"},"schema":{"@context":"https:\/\/schema.org","@graph":[{"@type":"WebPage","@id":"https:\/\/www.foscarini.com\/de\/produkt\/pli-std-s-de\/","url":"https:\/\/www.foscarini.com\/de\/produkt\/pli-std-s-de\/","name":"Pli - Foscarini","isPartOf":{"@id":"https:\/\/www.foscarini.com\/#website"},"primaryImageOfPage":{"@id":"https:\/\/www.foscarini.com\/de\/produkt\/pli-std-s-de\/#primaryimage"},"image":{"@id":"https:\/\/www.foscarini.com\/de\/produkt\/pli-std-s-de\/#primaryimage"},"thumbnailUrl":"https:\/\/www.foscarini.com\/wp-content\/uploads\/2025\/06\/pli_s_paper_22_786x865-3.jpg","datePublished":"2025-04-04T18:21:29+00:00","dateModified":"2025-06-11T14:49:15+00:00","breadcrumb":{"@id":"https:\/\/www.foscarini.com\/de\/produkt\/pli-std-s-de\/#breadcrumb"},"inLanguage":"de","potentialAction":[{"@type":"ReadAction","target":["https:\/\/www.foscarini.com\/de\/produkt\/pli-std-s-de\/"]}]},{"@type":"ImageObject","inLanguage":"de","@id":"https:\/\/www.foscarini.com\/de\/produkt\/pli-std-s-de\/#primaryimage","url":"https:\/\/www.foscarini.com\/wp-content\/uploads\/2025\/06\/pli_s_paper_22_786x865-3.jpg","contentUrl":"https:\/\/www.foscarini.com\/wp-content\/uploads\/2025\/06\/pli_s_paper_22_786x865-3.jpg","width":786,"height":865},{"@type":"BreadcrumbList","@id":"https:\/\/www.foscarini.com\/de\/produkt\/pli-std-s-de\/#breadcrumb","itemListElement":[{"@type":"ListItem","position":1,"name":"Home","item":"https:\/\/www.foscarini.com\/de\/"},{"@type":"ListItem","position":2,"name":"Shop","item":"https:\/\/www.foscarini.com\/de\/shop\/"},{"@type":"ListItem","position":3,"name":"Pli"}]},{"@type":"WebSite","@id":"https:\/\/www.foscarini.com\/#website","url":"https:\/\/www.foscarini.com\/","name":"Foscarini","description":"","potentialAction":[{"@type":"SearchAction","target":{"@type":"EntryPoint","urlTemplate":"https:\/\/www.foscarini.com\/?s={search_term_string}"},"query-input":{"@type":"PropertyValueSpecification","valueRequired":true,"valueName":"search_term_string"}}],"inLanguage":"de"}]}},"_links":{"self":[{"href":"https:\/\/www.foscarini.com\/de\/wp-json\/wp\/v2\/product\/365872"}],"collection":[{"href":"https:\/\/www.foscarini.com\/de\/wp-json\/wp\/v2\/product"}],"about":[{"href":"https:\/\/www.foscarini.com\/de\/wp-json\/wp\/v2\/types\/product"}],"replies":[{"embeddable":true,"href":"https:\/\/www.foscarini.com\/de\/wp-json\/wp\/v2\/comments?post=365872"}],"wp:featuredmedia":[{"embeddable":true,"href":"https:\/\/www.foscarini.com\/de\/wp-json\/wp\/v2\/media\/469144"}],"wp:attachment":[{"href":"https:\/\/www.foscarini.com\/de\/wp-json\/wp\/v2\/media?parent=365872"}],"wp:term":[{"taxonomy":"product_cat","embeddable":true,"href":"https:\/\/www.foscarini.com\/de\/wp-json\/wp\/v2\/product_cat?post=365872"},{"taxonomy":"product_tag","embeddable":true,"href":"https:\/\/www.foscarini.com\/de\/wp-json\/wp\/v2\/product_tag?post=365872"},{"taxonomy":"materiale","embeddable":true,"href":"https:\/\/www.foscarini.com\/de\/wp-json\/wp\/v2\/materiale?post=365872"},{"taxonomy":"altezza","embeddable":true,"href":"https:\/\/www.foscarini.com\/de\/wp-json\/wp\/v2\/altezza?post=365872"},{"taxonomy":"larghezza","embeddable":true,"href":"https:\/\/www.foscarini.com\/de\/wp-json\/wp\/v2\/larghezza?post=365872"},{"taxonomy":"profondita","embeddable":true,"href":"https:\/\/www.foscarini.com\/de\/wp-json\/wp\/v2\/profondita?post=365872"},{"taxonomy":"peso","embeddable":true,"href":"https:\/\/www.foscarini.com\/de\/wp-json\/wp\/v2\/peso?post=365872"},{"taxonomy":"designer-prodotto","embeddable":true,"href":"https:\/\/www.foscarini.com\/de\/wp-json\/wp\/v2\/designer-prodotto?post=365872"}],"curies":[{"name":"wp","href":"https:\/\/api.w.org\/{rel}","templated":true}]}}