{"id":365730,"date":"2025-04-04T18:20:55","date_gmt":"2025-04-04T18:20:55","guid":{"rendered":"https:\/\/www.foscarini.com\/product\/anoor-std-wc-de\/"},"modified":"2025-06-11T10:41:40","modified_gmt":"2025-06-11T10:41:40","slug":"anoor-std-wc-de","status":"publish","type":"product","link":"https:\/\/www.foscarini.com\/de\/produkt\/anoor-std-wc-de\/","title":{"rendered":"Anoor"},"content":{"rendered":"<p>Eine wandmontierte Eklipse, bei der kraftvolles, funktionales Licht auf beeindruckende dekorative Wirkung trifft. Anoor verwandelt R\u00e4ume mit seinem sanften Glanz und der faszinierenden reflektierenden Oberfl\u00e4che, die anamorphe Verzerrungen erzeugt.<\/p><section class=\"pdp__slider full-height-vh\">\n    <div class=\"swiper-container swiper__pdp\">\n        <div class=\"swiper-wrapper full-height\">\n                                <div class=\"swiper-slide\">\n                                                    <img decoding=\"async\" class=\"full-cover\" src=\"https:\/\/www.foscarini.com\/wp-content\/uploads\/2025\/04\/3.1_Anoor-150x150.jpg\" srcset=\"https:\/\/www.foscarini.com\/wp-content\/uploads\/2025\/04\/3.1_Anoor-300x200.jpg 300w, https:\/\/www.foscarini.com\/wp-content\/uploads\/2025\/04\/3.1_Anoor-1024x683.jpg 1024w, https:\/\/www.foscarini.com\/wp-content\/uploads\/2025\/04\/3.1_Anoor-768x512.jpg 768w, https:\/\/www.foscarini.com\/wp-content\/uploads\/2025\/04\/3.1_Anoor-1536x1024.jpg 1536w, https:\/\/www.foscarini.com\/wp-content\/uploads\/2025\/04\/3.1_Anoor-2048x1366.jpg 2048w, https:\/\/www.foscarini.com\/wp-content\/uploads\/2025\/04\/3.1_Anoor-800x534.jpg 800w\" alt=\"\" \/>\n                                                                        <\/div>\n                                        <div class=\"swiper-slide\">\n                                                    <img decoding=\"async\" class=\"full-cover\" src=\"https:\/\/www.foscarini.com\/wp-content\/uploads\/2025\/04\/3.6_Anoor-150x150.jpg\" srcset=\"https:\/\/www.foscarini.com\/wp-content\/uploads\/2025\/04\/3.6_Anoor-194x300.jpg 194w, https:\/\/www.foscarini.com\/wp-content\/uploads\/2025\/04\/3.6_Anoor-663x1024.jpg 663w, https:\/\/www.foscarini.com\/wp-content\/uploads\/2025\/04\/3.6_Anoor-768x1186.jpg 768w, https:\/\/www.foscarini.com\/wp-content\/uploads\/2025\/04\/3.6_Anoor-800x1235.jpg 800w, https:\/\/www.foscarini.com\/wp-content\/uploads\/2025\/04\/3.6_Anoor.jpg 960w\" alt=\"\" \/>\n                                                                        <\/div>\n                                        <div class=\"swiper-slide\">\n                                                    <img decoding=\"async\" class=\"full-cover\" src=\"https:\/\/www.foscarini.com\/wp-content\/uploads\/2025\/04\/3.5_Anoor-150x150.jpg\" srcset=\"https:\/\/www.foscarini.com\/wp-content\/uploads\/2025\/04\/3.5_Anoor-300x200.jpg 300w, https:\/\/www.foscarini.com\/wp-content\/uploads\/2025\/04\/3.5_Anoor-1024x683.jpg 1024w, https:\/\/www.foscarini.com\/wp-content\/uploads\/2025\/04\/3.5_Anoor-768x512.jpg 768w, https:\/\/www.foscarini.com\/wp-content\/uploads\/2025\/04\/3.5_Anoor-1536x1024.jpg 1536w, https:\/\/www.foscarini.com\/wp-content\/uploads\/2025\/04\/3.5_Anoor-2048x1366.jpg 2048w, https:\/\/www.foscarini.com\/wp-content\/uploads\/2025\/04\/3.5_Anoor-800x534.jpg 800w\" alt=\"\" \/>\n                                                                        <\/div>\n                                        <div class=\"swiper-slide\">\n                                                    <img decoding=\"async\" class=\"full-cover\" src=\"https:\/\/www.foscarini.com\/wp-content\/uploads\/2025\/04\/3.4_Anoor-150x150.jpg\" srcset=\"https:\/\/www.foscarini.com\/wp-content\/uploads\/2025\/04\/3.4_Anoor-300x200.jpg 300w, https:\/\/www.foscarini.com\/wp-content\/uploads\/2025\/04\/3.4_Anoor-1024x683.jpg 1024w, https:\/\/www.foscarini.com\/wp-content\/uploads\/2025\/04\/3.4_Anoor-768x512.jpg 768w, https:\/\/www.foscarini.com\/wp-content\/uploads\/2025\/04\/3.4_Anoor-1536x1024.jpg 1536w, https:\/\/www.foscarini.com\/wp-content\/uploads\/2025\/04\/3.4_Anoor-2048x1366.jpg 2048w, https:\/\/www.foscarini.com\/wp-content\/uploads\/2025\/04\/3.4_Anoor-800x534.jpg 800w\" alt=\"\" \/>\n                                                                        <\/div>\n                                        <div class=\"swiper-slide\">\n                                                    <img decoding=\"async\" class=\"full-cover\" src=\"https:\/\/www.foscarini.com\/wp-content\/uploads\/2025\/04\/3.3_Anoor-150x150.jpg\" srcset=\"https:\/\/www.foscarini.com\/wp-content\/uploads\/2025\/04\/3.3_Anoor-200x300.jpg 200w, https:\/\/www.foscarini.com\/wp-content\/uploads\/2025\/04\/3.3_Anoor-683x1024.jpg 683w, https:\/\/www.foscarini.com\/wp-content\/uploads\/2025\/04\/3.3_Anoor-768x1152.jpg 768w, https:\/\/www.foscarini.com\/wp-content\/uploads\/2025\/04\/3.3_Anoor-800x1200.jpg 800w, https:\/\/www.foscarini.com\/wp-content\/uploads\/2025\/04\/3.3_Anoor.jpg 987w\" alt=\"\" \/>\n                                                                        <\/div>\n                                        <div class=\"swiper-slide\">\n                                                    <img decoding=\"async\" class=\"full-cover\" src=\"https:\/\/www.foscarini.com\/wp-content\/uploads\/2025\/04\/3.2_Anoor-150x150.jpg\" srcset=\"https:\/\/www.foscarini.com\/wp-content\/uploads\/2025\/04\/3.2_Anoor-200x300.jpg 200w, https:\/\/www.foscarini.com\/wp-content\/uploads\/2025\/04\/3.2_Anoor-683x1024.jpg 683w, https:\/\/www.foscarini.com\/wp-content\/uploads\/2025\/04\/3.2_Anoor-768x1152.jpg 768w, https:\/\/www.foscarini.com\/wp-content\/uploads\/2025\/04\/3.2_Anoor-800x1200.jpg 800w, https:\/\/www.foscarini.com\/wp-content\/uploads\/2025\/04\/3.2_Anoor.jpg 987w\" alt=\"\" \/>\n                                                                        <\/div>\n                            <\/div>\n    <\/div>\n    <div class=\"swiper-scrollbar\"><\/div>\n    <div class=\"ct-arrow\">\n        <div class=\"swiper-button-prev\"><\/div>\n        <div class=\"swiper-button-next\"><\/div>\n    <\/div>\n<\/section>","protected":false},"excerpt":{"rendered":"<p>Anoor ist eine Wand- und Deckenleuchte f\u00fcr indirekte und reflektierte Beleuchtung, die Funktionalit\u00e4t und \u00c4sthetik vereint. Die leicht konkave Scheibe aus geb\u00fcrstetem Aluminium ist mit einer transparenten, pigmentierten Beschichtung versehen, die Tiefe und Substanz der Farbe verleiht und einen Spiegeleffekt erzeugt. Die technische Beleuchtungseinheit, die sich auf der R\u00fcckseite der lentikularen Scheibe befindet und an der Wand montiert ist, besteht aus einem Aluminiumzylinder, der den LED-Streifen st\u00fctzt, und ist durch einen Zylinder aus opalem Satin-PMMA gegen Blendung abgeschirmt. Im eingeschalteten Zustand gibt sie ein kraftvolles Licht ab, das gro\u00dfe Fl\u00e4chen beleuchtet, ohne zu blenden; im ausgeschalteten Zustand reflektiert sie die Umgebung und fasziniert mit anamorphotischen Verzerrungen. Auch in einer wei\u00dfen Pulverbeschichtungsvariante erh\u00e4ltlich, die nach Wunsch nach dem Dekor gestrichen werden kann.<\/p>\n","protected":false},"featured_media":465243,"comment_status":"open","ping_status":"closed","template":"","meta":{"_acf_changed":true},"product_cat":[6891,13536,650,743,715,713],"product_tag":[],"materiale":[8433],"altezza":[10398],"larghezza":[8646],"profondita":[8709],"peso":[7334],"designer-prodotto":[11928],"class_list":{"0":"post-365730","1":"product","2":"type-product","3":"status-publish","4":"has-post-thumbnail","6":"product_cat-anoor-concetto-de","7":"product_cat-anoor-famiglia-de","8":"product_cat-concetto-de","9":"product_cat-soffitto-de","10":"product_cat-funzione-de","11":"product_cat-parete-de","12":"materiale-acciaio-e-metallo-de","13":"altezza-3-1516-de","14":"larghezza-18-78-de","15":"profondita-18-78-de","16":"peso-0-de","17":"designer-prodotto-gabriele-e-oscar-buratti-de","19":"first","20":"instock","21":"shipping-taxable","22":"purchasable","23":"product-type-variable"},"acf":{"preview_slider":{"titolo":"","testo":"","video_domanda":false,"link_video":""},"prodotto__immagine_preview":{"immagine":365751},"prodotto__slider":{"sottotitolo":"Gabriele e Oscar Buratti (2023)","titolo":"Eine wandmontierte Eklipse, bei der kraftvolles, funktionales Licht auf beeindruckende dekorative Wirkung trifft. Anoor verwandelt R\u00e4ume mit seinem sanften Glanz und der faszinierenden reflektierenden Oberfl\u00e4che, die anamorphe Verzerrungen erzeugt.","immagini":[{"immagine":414780,"immagine_mobile":""},{"immagine":414759,"immagine_mobile":""},{"immagine":414773,"immagine_mobile":""},{"immagine":414766,"immagine_mobile":null}]},"prodotto__slider_preview":null,"prodotto__specifiche":{"selezione":[{"scheda_tecnica":460987},{"scheda_tecnica":460988}]}},"yoast_head":"<!-- This site is optimized with the Yoast SEO Premium plugin v22.4 (Yoast SEO v23.7) - https:\/\/yoast.com\/wordpress\/plugins\/seo\/ -->\n<title>Anoor - Foscarini<\/title>\n<meta name=\"robots\" content=\"index, follow, max-snippet:-1, max-image-preview:large, max-video-preview:-1\" \/>\n<meta property=\"og:locale\" content=\"de_DE\" \/>\n<meta property=\"og:type\" content=\"article\" \/>\n<meta property=\"og:title\" content=\"Anoor\" \/>\n<meta property=\"og:description\" content=\"Anoor ist eine Wand- und Deckenleuchte f\u00fcr indirekte und reflektierte Beleuchtung, die Funktionalit\u00e4t und \u00c4sthetik vereint. Die leicht konkave Scheibe aus geb\u00fcrstetem Aluminium ist mit einer transparenten, pigmentierten Beschichtung versehen, die Tiefe und Substanz der Farbe verleiht und einen Spiegeleffekt erzeugt. Die technische Beleuchtungseinheit, die sich auf der R\u00fcckseite der lentikularen Scheibe befindet und an der Wand montiert ist, besteht aus einem Aluminiumzylinder, der den LED-Streifen st\u00fctzt, und ist durch einen Zylinder aus opalem Satin-PMMA gegen Blendung abgeschirmt. Im eingeschalteten Zustand gibt sie ein kraftvolles Licht ab, das gro\u00dfe Fl\u00e4chen beleuchtet, ohne zu blenden; im ausgeschalteten Zustand reflektiert sie die Umgebung und fasziniert mit anamorphotischen Verzerrungen. Auch in einer wei\u00dfen Pulverbeschichtungsvariante erh\u00e4ltlich, die nach Wunsch nach dem Dekor gestrichen werden kann.\" \/>\n<meta property=\"og:url\" content=\"https:\/\/www.foscarini.com\/de\/produkt\/anoor-std-wc-de\/\" \/>\n<meta property=\"og:site_name\" content=\"Foscarini\" \/>\n<meta property=\"article:modified_time\" content=\"2025-06-11T10:41:40+00:00\" \/>\n<meta property=\"og:image\" content=\"https:\/\/www.foscarini.com\/wp-content\/uploads\/2025\/06\/anoor_w_red_22_786x865-1.jpg\" \/>\n\t<meta property=\"og:image:width\" content=\"786\" \/>\n\t<meta property=\"og:image:height\" content=\"865\" \/>\n\t<meta property=\"og:image:type\" content=\"image\/jpeg\" \/>\n<meta name=\"twitter:card\" content=\"summary_large_image\" \/>\n<meta name=\"twitter:label1\" content=\"Gesch\u00e4tzte Lesezeit\" \/>\n\t<meta name=\"twitter:data1\" content=\"1\u00a0Minute\" \/>\n<script type=\"application\/ld+json\" class=\"yoast-schema-graph\">{\"@context\":\"https:\/\/schema.org\",\"@graph\":[{\"@type\":\"WebPage\",\"@id\":\"https:\/\/www.foscarini.com\/de\/produkt\/anoor-std-wc-de\/\",\"url\":\"https:\/\/www.foscarini.com\/de\/produkt\/anoor-std-wc-de\/\",\"name\":\"Anoor - Foscarini\",\"isPartOf\":{\"@id\":\"https:\/\/www.foscarini.com\/#website\"},\"primaryImageOfPage\":{\"@id\":\"https:\/\/www.foscarini.com\/de\/produkt\/anoor-std-wc-de\/#primaryimage\"},\"image\":{\"@id\":\"https:\/\/www.foscarini.com\/de\/produkt\/anoor-std-wc-de\/#primaryimage\"},\"thumbnailUrl\":\"https:\/\/www.foscarini.com\/wp-content\/uploads\/2025\/06\/anoor_w_red_22_786x865-3.jpg\",\"datePublished\":\"2025-04-04T18:20:55+00:00\",\"dateModified\":\"2025-06-11T10:41:40+00:00\",\"breadcrumb\":{\"@id\":\"https:\/\/www.foscarini.com\/de\/produkt\/anoor-std-wc-de\/#breadcrumb\"},\"inLanguage\":\"de\",\"potentialAction\":[{\"@type\":\"ReadAction\",\"target\":[\"https:\/\/www.foscarini.com\/de\/produkt\/anoor-std-wc-de\/\"]}]},{\"@type\":\"ImageObject\",\"inLanguage\":\"de\",\"@id\":\"https:\/\/www.foscarini.com\/de\/produkt\/anoor-std-wc-de\/#primaryimage\",\"url\":\"https:\/\/www.foscarini.com\/wp-content\/uploads\/2025\/06\/anoor_w_red_22_786x865-3.jpg\",\"contentUrl\":\"https:\/\/www.foscarini.com\/wp-content\/uploads\/2025\/06\/anoor_w_red_22_786x865-3.jpg\",\"width\":786,\"height\":865},{\"@type\":\"BreadcrumbList\",\"@id\":\"https:\/\/www.foscarini.com\/de\/produkt\/anoor-std-wc-de\/#breadcrumb\",\"itemListElement\":[{\"@type\":\"ListItem\",\"position\":1,\"name\":\"Home\",\"item\":\"https:\/\/www.foscarini.com\/de\/\"},{\"@type\":\"ListItem\",\"position\":2,\"name\":\"Shop\",\"item\":\"https:\/\/www.foscarini.com\/de\/shop\/\"},{\"@type\":\"ListItem\",\"position\":3,\"name\":\"Anoor\"}]},{\"@type\":\"WebSite\",\"@id\":\"https:\/\/www.foscarini.com\/#website\",\"url\":\"https:\/\/www.foscarini.com\/\",\"name\":\"Foscarini\",\"description\":\"\",\"potentialAction\":[{\"@type\":\"SearchAction\",\"target\":{\"@type\":\"EntryPoint\",\"urlTemplate\":\"https:\/\/www.foscarini.com\/?s={search_term_string}\"},\"query-input\":{\"@type\":\"PropertyValueSpecification\",\"valueRequired\":true,\"valueName\":\"search_term_string\"}}],\"inLanguage\":\"de\"}]}<\/script>\n<!-- \/ Yoast SEO Premium plugin. -->","yoast_head_json":{"title":"Anoor - Foscarini","robots":{"index":"index","follow":"follow","max-snippet":"max-snippet:-1","max-image-preview":"max-image-preview:large","max-video-preview":"max-video-preview:-1"},"og_locale":"de_DE","og_type":"article","og_title":"Anoor","og_description":"Anoor ist eine Wand- und Deckenleuchte f\u00fcr indirekte und reflektierte Beleuchtung, die Funktionalit\u00e4t und \u00c4sthetik vereint. Die leicht konkave Scheibe aus geb\u00fcrstetem Aluminium ist mit einer transparenten, pigmentierten Beschichtung versehen, die Tiefe und Substanz der Farbe verleiht und einen Spiegeleffekt erzeugt. Die technische Beleuchtungseinheit, die sich auf der R\u00fcckseite der lentikularen Scheibe befindet und an der Wand montiert ist, besteht aus einem Aluminiumzylinder, der den LED-Streifen st\u00fctzt, und ist durch einen Zylinder aus opalem Satin-PMMA gegen Blendung abgeschirmt. Im eingeschalteten Zustand gibt sie ein kraftvolles Licht ab, das gro\u00dfe Fl\u00e4chen beleuchtet, ohne zu blenden; im ausgeschalteten Zustand reflektiert sie die Umgebung und fasziniert mit anamorphotischen Verzerrungen. Auch in einer wei\u00dfen Pulverbeschichtungsvariante erh\u00e4ltlich, die nach Wunsch nach dem Dekor gestrichen werden kann.","og_url":"https:\/\/www.foscarini.com\/de\/produkt\/anoor-std-wc-de\/","og_site_name":"Foscarini","article_modified_time":"2025-06-11T10:41:40+00:00","og_image":[{"width":786,"height":865,"url":"https:\/\/www.foscarini.com\/wp-content\/uploads\/2025\/06\/anoor_w_red_22_786x865-1.jpg","type":"image\/jpeg"}],"twitter_card":"summary_large_image","twitter_misc":{"Gesch\u00e4tzte Lesezeit":"1\u00a0Minute"},"schema":{"@context":"https:\/\/schema.org","@graph":[{"@type":"WebPage","@id":"https:\/\/www.foscarini.com\/de\/produkt\/anoor-std-wc-de\/","url":"https:\/\/www.foscarini.com\/de\/produkt\/anoor-std-wc-de\/","name":"Anoor - Foscarini","isPartOf":{"@id":"https:\/\/www.foscarini.com\/#website"},"primaryImageOfPage":{"@id":"https:\/\/www.foscarini.com\/de\/produkt\/anoor-std-wc-de\/#primaryimage"},"image":{"@id":"https:\/\/www.foscarini.com\/de\/produkt\/anoor-std-wc-de\/#primaryimage"},"thumbnailUrl":"https:\/\/www.foscarini.com\/wp-content\/uploads\/2025\/06\/anoor_w_red_22_786x865-3.jpg","datePublished":"2025-04-04T18:20:55+00:00","dateModified":"2025-06-11T10:41:40+00:00","breadcrumb":{"@id":"https:\/\/www.foscarini.com\/de\/produkt\/anoor-std-wc-de\/#breadcrumb"},"inLanguage":"de","potentialAction":[{"@type":"ReadAction","target":["https:\/\/www.foscarini.com\/de\/produkt\/anoor-std-wc-de\/"]}]},{"@type":"ImageObject","inLanguage":"de","@id":"https:\/\/www.foscarini.com\/de\/produkt\/anoor-std-wc-de\/#primaryimage","url":"https:\/\/www.foscarini.com\/wp-content\/uploads\/2025\/06\/anoor_w_red_22_786x865-3.jpg","contentUrl":"https:\/\/www.foscarini.com\/wp-content\/uploads\/2025\/06\/anoor_w_red_22_786x865-3.jpg","width":786,"height":865},{"@type":"BreadcrumbList","@id":"https:\/\/www.foscarini.com\/de\/produkt\/anoor-std-wc-de\/#breadcrumb","itemListElement":[{"@type":"ListItem","position":1,"name":"Home","item":"https:\/\/www.foscarini.com\/de\/"},{"@type":"ListItem","position":2,"name":"Shop","item":"https:\/\/www.foscarini.com\/de\/shop\/"},{"@type":"ListItem","position":3,"name":"Anoor"}]},{"@type":"WebSite","@id":"https:\/\/www.foscarini.com\/#website","url":"https:\/\/www.foscarini.com\/","name":"Foscarini","description":"","potentialAction":[{"@type":"SearchAction","target":{"@type":"EntryPoint","urlTemplate":"https:\/\/www.foscarini.com\/?s={search_term_string}"},"query-input":{"@type":"PropertyValueSpecification","valueRequired":true,"valueName":"search_term_string"}}],"inLanguage":"de"}]}},"_links":{"self":[{"href":"https:\/\/www.foscarini.com\/de\/wp-json\/wp\/v2\/product\/365730"}],"collection":[{"href":"https:\/\/www.foscarini.com\/de\/wp-json\/wp\/v2\/product"}],"about":[{"href":"https:\/\/www.foscarini.com\/de\/wp-json\/wp\/v2\/types\/product"}],"replies":[{"embeddable":true,"href":"https:\/\/www.foscarini.com\/de\/wp-json\/wp\/v2\/comments?post=365730"}],"wp:featuredmedia":[{"embeddable":true,"href":"https:\/\/www.foscarini.com\/de\/wp-json\/wp\/v2\/media\/465243"}],"wp:attachment":[{"href":"https:\/\/www.foscarini.com\/de\/wp-json\/wp\/v2\/media?parent=365730"}],"wp:term":[{"taxonomy":"product_cat","embeddable":true,"href":"https:\/\/www.foscarini.com\/de\/wp-json\/wp\/v2\/product_cat?post=365730"},{"taxonomy":"product_tag","embeddable":true,"href":"https:\/\/www.foscarini.com\/de\/wp-json\/wp\/v2\/product_tag?post=365730"},{"taxonomy":"materiale","embeddable":true,"href":"https:\/\/www.foscarini.com\/de\/wp-json\/wp\/v2\/materiale?post=365730"},{"taxonomy":"altezza","embeddable":true,"href":"https:\/\/www.foscarini.com\/de\/wp-json\/wp\/v2\/altezza?post=365730"},{"taxonomy":"larghezza","embeddable":true,"href":"https:\/\/www.foscarini.com\/de\/wp-json\/wp\/v2\/larghezza?post=365730"},{"taxonomy":"profondita","embeddable":true,"href":"https:\/\/www.foscarini.com\/de\/wp-json\/wp\/v2\/profondita?post=365730"},{"taxonomy":"peso","embeddable":true,"href":"https:\/\/www.foscarini.com\/de\/wp-json\/wp\/v2\/peso?post=365730"},{"taxonomy":"designer-prodotto","embeddable":true,"href":"https:\/\/www.foscarini.com\/de\/wp-json\/wp\/v2\/designer-prodotto?post=365730"}],"curies":[{"name":"wp","href":"https:\/\/api.w.org\/{rel}","templated":true}]}}