{"id":305065,"date":"2024-09-12T08:10:24","date_gmt":"2024-09-12T08:10:24","guid":{"rendered":"https:\/\/www.foscarini.com\/?post_type=product&#038;p=305065"},"modified":"2025-06-11T13:59:36","modified_gmt":"2025-06-11T13:59:36","slug":"hoba-std-c-de","status":"publish","type":"product","link":"https:\/\/www.foscarini.com\/de\/produkt\/hoba-std-c-de\/","title":{"rendered":"Hoba"},"content":{"rendered":"<section class=\"pdp__slider full-height-vh\">\n    <div class=\"swiper-container swiper__pdp\">\n        <div class=\"swiper-wrapper full-height\">\n                                <div class=\"swiper-slide\">\n                                                    <img decoding=\"async\" class=\"full-cover\" src=\"https:\/\/www.foscarini.com\/wp-content\/uploads\/2024\/09\/3.1_Hoba-150x150.jpg\" srcset=\"https:\/\/www.foscarini.com\/wp-content\/uploads\/2024\/09\/3.1_Hoba-300x250.jpg 300w, https:\/\/www.foscarini.com\/wp-content\/uploads\/2024\/09\/3.1_Hoba-1024x854.jpg 1024w, https:\/\/www.foscarini.com\/wp-content\/uploads\/2024\/09\/3.1_Hoba-768x641.jpg 768w, https:\/\/www.foscarini.com\/wp-content\/uploads\/2024\/09\/3.1_Hoba-1536x1282.jpg 1536w, https:\/\/www.foscarini.com\/wp-content\/uploads\/2024\/09\/3.1_Hoba-800x668.jpg 800w, https:\/\/www.foscarini.com\/wp-content\/uploads\/2024\/09\/3.1_Hoba.jpg 1776w\" alt=\"\" \/>\n                                                                        <\/div>\n                                        <div class=\"swiper-slide\">\n                                                    <img decoding=\"async\" class=\"full-cover\" src=\"https:\/\/www.foscarini.com\/wp-content\/uploads\/2024\/09\/3.2_Hoba-150x150.jpg\" srcset=\"https:\/\/www.foscarini.com\/wp-content\/uploads\/2024\/09\/3.2_Hoba-300x250.jpg 300w, https:\/\/www.foscarini.com\/wp-content\/uploads\/2024\/09\/3.2_Hoba-1024x854.jpg 1024w, https:\/\/www.foscarini.com\/wp-content\/uploads\/2024\/09\/3.2_Hoba-768x641.jpg 768w, https:\/\/www.foscarini.com\/wp-content\/uploads\/2024\/09\/3.2_Hoba-1536x1282.jpg 1536w, https:\/\/www.foscarini.com\/wp-content\/uploads\/2024\/09\/3.2_Hoba-800x668.jpg 800w, https:\/\/www.foscarini.com\/wp-content\/uploads\/2024\/09\/3.2_Hoba.jpg 1776w\" alt=\"\" \/>\n                                                                        <\/div>\n                                        <div class=\"swiper-slide\">\n                                                    <img decoding=\"async\" class=\"full-cover\" src=\"https:\/\/www.foscarini.com\/wp-content\/uploads\/2024\/09\/3.3_Hoba-150x150.jpg\" srcset=\"https:\/\/www.foscarini.com\/wp-content\/uploads\/2024\/09\/3.3_Hoba-194x300.jpg 194w, https:\/\/www.foscarini.com\/wp-content\/uploads\/2024\/09\/3.3_Hoba-663x1024.jpg 663w, https:\/\/www.foscarini.com\/wp-content\/uploads\/2024\/09\/3.3_Hoba-768x1186.jpg 768w, https:\/\/www.foscarini.com\/wp-content\/uploads\/2024\/09\/3.3_Hoba-800x1235.jpg 800w, https:\/\/www.foscarini.com\/wp-content\/uploads\/2024\/09\/3.3_Hoba.jpg 960w\" alt=\"\" \/>\n                                                                        <\/div>\n                            <\/div>\n    <\/div>\n    <div class=\"swiper-scrollbar\"><\/div>\n    <div class=\"ct-arrow\">\n        <div class=\"swiper-button-prev\"><\/div>\n        <div class=\"swiper-button-next\"><\/div>\n    <\/div>\n<\/section><div class=\"wp-block-columns two_image_join two_image_join_affiancate on_off_block is-layout-flex wp-container-core-columns-is-layout-1 wp-block-columns-is-layout-flex\"><\/div>","protected":false},"excerpt":{"rendered":"<p>Decken- und Wandleuchte mit diffusem Licht. Diffusor aus mundgeblasenem, ge\u00e4tztem Opalglas. Eine besonderes Blasverfahren f\u00fcr in der offenen Form nicht gedrehtes Glas erm\u00f6glicht es, untereinander leicht verschiedene Formen zu erhalten, die eine Kollektion mit stets unterschiedlichen Exemplaren ergeben, welche serienm\u00e4\u00dfig hergestellt werden, jedoch mit den einzigartigen Merkmalen der Handfertigung. Halterung aus nat\u00fcrlichem Polyamid.<\/p>\n","protected":false},"featured_media":468027,"comment_status":"open","ping_status":"closed","template":"","meta":{"_acf_changed":false},"product_cat":[650,743,715,939,6793],"product_tag":[],"materiale":[8163],"altezza":[7841],"larghezza":[7944],"profondita":[8182],"peso":[9985],"designer-prodotto":[7982],"class_list":{"0":"post-305065","1":"product","2":"type-product","3":"status-publish","4":"has-post-thumbnail","6":"product_cat-concetto-de","7":"product_cat-soffitto-de","8":"product_cat-funzione-de","9":"product_cat-hoba-concetto-de","10":"product_cat-hoba-famiglia-de","11":"materiale-vetro-e-vetro-soffiato-de","12":"altezza-14-18-de","13":"larghezza-14-18-de","14":"profondita-14-18-de","15":"peso-44-de","16":"designer-prodotto-luca-nichetto-de","18":"first","19":"instock","20":"shipping-taxable","21":"purchasable","22":"product-type-variable"},"acf":{"preview_slider":{"titolo":"","testo":"","video_domanda":false,"link_video":""},"prodotto__immagine_preview":{"immagine":305232},"prodotto__slider":{"sottotitolo":"Ludovica Serafini + Roberto Palomba (2023)","titolo":"Die Deckenleuchten Hoba, die aus mattem, geblasenem Glas hergestellt werden, weisen eine asymmetrische und unregelm\u00e4\u00dfige Form auf, die an einen beim Herabfallen kristallisierten Meteorit erinnert. Mit warmen und behaglichen Licht.","immagini":[{"immagine":415315,"immagine_mobile":""}]},"prodotto__slider_preview":null,"prodotto__specifiche":{"selezione":[{"scheda_tecnica":462773}]}},"yoast_head":"<!-- This site is optimized with the Yoast SEO Premium plugin v22.4 (Yoast SEO v23.7) - https:\/\/yoast.com\/wordpress\/plugins\/seo\/ -->\n<title>Hoba - Foscarini<\/title>\n<meta name=\"robots\" content=\"index, follow, max-snippet:-1, max-image-preview:large, max-video-preview:-1\" \/>\n<meta property=\"og:locale\" content=\"de_DE\" \/>\n<meta property=\"og:type\" content=\"article\" \/>\n<meta property=\"og:title\" content=\"Hoba\" \/>\n<meta property=\"og:description\" content=\"Decken- und Wandleuchte mit diffusem Licht. Diffusor aus mundgeblasenem, ge\u00e4tztem Opalglas. Eine besonderes Blasverfahren f\u00fcr in der offenen Form nicht gedrehtes Glas erm\u00f6glicht es, untereinander leicht verschiedene Formen zu erhalten, die eine Kollektion mit stets unterschiedlichen Exemplaren ergeben, welche serienm\u00e4\u00dfig hergestellt werden, jedoch mit den einzigartigen Merkmalen der Handfertigung. Halterung aus nat\u00fcrlichem Polyamid.\" \/>\n<meta property=\"og:url\" content=\"https:\/\/www.foscarini.com\/de\/produkt\/hoba-std-c-de\/\" \/>\n<meta property=\"og:site_name\" content=\"Foscarini\" \/>\n<meta property=\"article:modified_time\" content=\"2025-06-11T13:59:36+00:00\" \/>\n<meta property=\"og:image\" content=\"https:\/\/www.foscarini.com\/wp-content\/uploads\/2025\/06\/hoba_c_white_22_786x865-1.jpg\" \/>\n\t<meta property=\"og:image:width\" content=\"786\" \/>\n\t<meta property=\"og:image:height\" content=\"865\" \/>\n\t<meta property=\"og:image:type\" content=\"image\/jpeg\" \/>\n<meta name=\"twitter:card\" content=\"summary_large_image\" \/>\n<meta name=\"twitter:label1\" content=\"Gesch\u00e4tzte Lesezeit\" \/>\n\t<meta name=\"twitter:data1\" content=\"1\u00a0Minute\" \/>\n<script type=\"application\/ld+json\" class=\"yoast-schema-graph\">{\"@context\":\"https:\/\/schema.org\",\"@graph\":[{\"@type\":\"WebPage\",\"@id\":\"https:\/\/www.foscarini.com\/de\/produkt\/hoba-std-c-de\/\",\"url\":\"https:\/\/www.foscarini.com\/de\/produkt\/hoba-std-c-de\/\",\"name\":\"Hoba - Foscarini\",\"isPartOf\":{\"@id\":\"https:\/\/www.foscarini.com\/#website\"},\"primaryImageOfPage\":{\"@id\":\"https:\/\/www.foscarini.com\/de\/produkt\/hoba-std-c-de\/#primaryimage\"},\"image\":{\"@id\":\"https:\/\/www.foscarini.com\/de\/produkt\/hoba-std-c-de\/#primaryimage\"},\"thumbnailUrl\":\"https:\/\/www.foscarini.com\/wp-content\/uploads\/2025\/06\/hoba_c_white_22_786x865-3.jpg\",\"datePublished\":\"2024-09-12T08:10:24+00:00\",\"dateModified\":\"2025-06-11T13:59:36+00:00\",\"breadcrumb\":{\"@id\":\"https:\/\/www.foscarini.com\/de\/produkt\/hoba-std-c-de\/#breadcrumb\"},\"inLanguage\":\"de\",\"potentialAction\":[{\"@type\":\"ReadAction\",\"target\":[\"https:\/\/www.foscarini.com\/de\/produkt\/hoba-std-c-de\/\"]}]},{\"@type\":\"ImageObject\",\"inLanguage\":\"de\",\"@id\":\"https:\/\/www.foscarini.com\/de\/produkt\/hoba-std-c-de\/#primaryimage\",\"url\":\"https:\/\/www.foscarini.com\/wp-content\/uploads\/2025\/06\/hoba_c_white_22_786x865-3.jpg\",\"contentUrl\":\"https:\/\/www.foscarini.com\/wp-content\/uploads\/2025\/06\/hoba_c_white_22_786x865-3.jpg\",\"width\":786,\"height\":865},{\"@type\":\"BreadcrumbList\",\"@id\":\"https:\/\/www.foscarini.com\/de\/produkt\/hoba-std-c-de\/#breadcrumb\",\"itemListElement\":[{\"@type\":\"ListItem\",\"position\":1,\"name\":\"Home\",\"item\":\"https:\/\/www.foscarini.com\/de\/\"},{\"@type\":\"ListItem\",\"position\":2,\"name\":\"Shop\",\"item\":\"https:\/\/www.foscarini.com\/de\/shop\/\"},{\"@type\":\"ListItem\",\"position\":3,\"name\":\"Hoba\"}]},{\"@type\":\"WebSite\",\"@id\":\"https:\/\/www.foscarini.com\/#website\",\"url\":\"https:\/\/www.foscarini.com\/\",\"name\":\"Foscarini\",\"description\":\"\",\"potentialAction\":[{\"@type\":\"SearchAction\",\"target\":{\"@type\":\"EntryPoint\",\"urlTemplate\":\"https:\/\/www.foscarini.com\/?s={search_term_string}\"},\"query-input\":{\"@type\":\"PropertyValueSpecification\",\"valueRequired\":true,\"valueName\":\"search_term_string\"}}],\"inLanguage\":\"de\"}]}<\/script>\n<!-- \/ Yoast SEO Premium plugin. -->","yoast_head_json":{"title":"Hoba - Foscarini","robots":{"index":"index","follow":"follow","max-snippet":"max-snippet:-1","max-image-preview":"max-image-preview:large","max-video-preview":"max-video-preview:-1"},"og_locale":"de_DE","og_type":"article","og_title":"Hoba","og_description":"Decken- und Wandleuchte mit diffusem Licht. Diffusor aus mundgeblasenem, ge\u00e4tztem Opalglas. Eine besonderes Blasverfahren f\u00fcr in der offenen Form nicht gedrehtes Glas erm\u00f6glicht es, untereinander leicht verschiedene Formen zu erhalten, die eine Kollektion mit stets unterschiedlichen Exemplaren ergeben, welche serienm\u00e4\u00dfig hergestellt werden, jedoch mit den einzigartigen Merkmalen der Handfertigung. Halterung aus nat\u00fcrlichem Polyamid.","og_url":"https:\/\/www.foscarini.com\/de\/produkt\/hoba-std-c-de\/","og_site_name":"Foscarini","article_modified_time":"2025-06-11T13:59:36+00:00","og_image":[{"width":786,"height":865,"url":"https:\/\/www.foscarini.com\/wp-content\/uploads\/2025\/06\/hoba_c_white_22_786x865-1.jpg","type":"image\/jpeg"}],"twitter_card":"summary_large_image","twitter_misc":{"Gesch\u00e4tzte Lesezeit":"1\u00a0Minute"},"schema":{"@context":"https:\/\/schema.org","@graph":[{"@type":"WebPage","@id":"https:\/\/www.foscarini.com\/de\/produkt\/hoba-std-c-de\/","url":"https:\/\/www.foscarini.com\/de\/produkt\/hoba-std-c-de\/","name":"Hoba - Foscarini","isPartOf":{"@id":"https:\/\/www.foscarini.com\/#website"},"primaryImageOfPage":{"@id":"https:\/\/www.foscarini.com\/de\/produkt\/hoba-std-c-de\/#primaryimage"},"image":{"@id":"https:\/\/www.foscarini.com\/de\/produkt\/hoba-std-c-de\/#primaryimage"},"thumbnailUrl":"https:\/\/www.foscarini.com\/wp-content\/uploads\/2025\/06\/hoba_c_white_22_786x865-3.jpg","datePublished":"2024-09-12T08:10:24+00:00","dateModified":"2025-06-11T13:59:36+00:00","breadcrumb":{"@id":"https:\/\/www.foscarini.com\/de\/produkt\/hoba-std-c-de\/#breadcrumb"},"inLanguage":"de","potentialAction":[{"@type":"ReadAction","target":["https:\/\/www.foscarini.com\/de\/produkt\/hoba-std-c-de\/"]}]},{"@type":"ImageObject","inLanguage":"de","@id":"https:\/\/www.foscarini.com\/de\/produkt\/hoba-std-c-de\/#primaryimage","url":"https:\/\/www.foscarini.com\/wp-content\/uploads\/2025\/06\/hoba_c_white_22_786x865-3.jpg","contentUrl":"https:\/\/www.foscarini.com\/wp-content\/uploads\/2025\/06\/hoba_c_white_22_786x865-3.jpg","width":786,"height":865},{"@type":"BreadcrumbList","@id":"https:\/\/www.foscarini.com\/de\/produkt\/hoba-std-c-de\/#breadcrumb","itemListElement":[{"@type":"ListItem","position":1,"name":"Home","item":"https:\/\/www.foscarini.com\/de\/"},{"@type":"ListItem","position":2,"name":"Shop","item":"https:\/\/www.foscarini.com\/de\/shop\/"},{"@type":"ListItem","position":3,"name":"Hoba"}]},{"@type":"WebSite","@id":"https:\/\/www.foscarini.com\/#website","url":"https:\/\/www.foscarini.com\/","name":"Foscarini","description":"","potentialAction":[{"@type":"SearchAction","target":{"@type":"EntryPoint","urlTemplate":"https:\/\/www.foscarini.com\/?s={search_term_string}"},"query-input":{"@type":"PropertyValueSpecification","valueRequired":true,"valueName":"search_term_string"}}],"inLanguage":"de"}]}},"_links":{"self":[{"href":"https:\/\/www.foscarini.com\/de\/wp-json\/wp\/v2\/product\/305065"}],"collection":[{"href":"https:\/\/www.foscarini.com\/de\/wp-json\/wp\/v2\/product"}],"about":[{"href":"https:\/\/www.foscarini.com\/de\/wp-json\/wp\/v2\/types\/product"}],"replies":[{"embeddable":true,"href":"https:\/\/www.foscarini.com\/de\/wp-json\/wp\/v2\/comments?post=305065"}],"wp:featuredmedia":[{"embeddable":true,"href":"https:\/\/www.foscarini.com\/de\/wp-json\/wp\/v2\/media\/468027"}],"wp:attachment":[{"href":"https:\/\/www.foscarini.com\/de\/wp-json\/wp\/v2\/media?parent=305065"}],"wp:term":[{"taxonomy":"product_cat","embeddable":true,"href":"https:\/\/www.foscarini.com\/de\/wp-json\/wp\/v2\/product_cat?post=305065"},{"taxonomy":"product_tag","embeddable":true,"href":"https:\/\/www.foscarini.com\/de\/wp-json\/wp\/v2\/product_tag?post=305065"},{"taxonomy":"materiale","embeddable":true,"href":"https:\/\/www.foscarini.com\/de\/wp-json\/wp\/v2\/materiale?post=305065"},{"taxonomy":"altezza","embeddable":true,"href":"https:\/\/www.foscarini.com\/de\/wp-json\/wp\/v2\/altezza?post=305065"},{"taxonomy":"larghezza","embeddable":true,"href":"https:\/\/www.foscarini.com\/de\/wp-json\/wp\/v2\/larghezza?post=305065"},{"taxonomy":"profondita","embeddable":true,"href":"https:\/\/www.foscarini.com\/de\/wp-json\/wp\/v2\/profondita?post=305065"},{"taxonomy":"peso","embeddable":true,"href":"https:\/\/www.foscarini.com\/de\/wp-json\/wp\/v2\/peso?post=305065"},{"taxonomy":"designer-prodotto","embeddable":true,"href":"https:\/\/www.foscarini.com\/de\/wp-json\/wp\/v2\/designer-prodotto?post=305065"}],"curies":[{"name":"wp","href":"https:\/\/api.w.org\/{rel}","templated":true}]}}