{"id":236920,"date":"2024-04-11T12:25:05","date_gmt":"2024-04-11T12:25:05","guid":{"rendered":"https:\/\/www.foscarini.com\/product\/intervallo-std-w\/"},"modified":"2025-06-11T14:06:02","modified_gmt":"2025-06-11T14:06:02","slug":"intervallo-std-w-de","status":"publish","type":"product","link":"https:\/\/www.foscarini.com\/de\/produkt\/intervallo-std-w-de\/","title":{"rendered":"Intervallo"},"content":{"rendered":"<section class=\"pdp__slider full-height-vh\">\n    <div class=\"swiper-container swiper__pdp\">\n        <div class=\"swiper-wrapper full-height\">\n                                <div class=\"swiper-slide\">\n                                                    <img decoding=\"async\" class=\"full-cover\" src=\"https:\/\/www.foscarini.com\/wp-content\/uploads\/2024\/04\/3.2_Intervallo-150x150.jpg\" srcset=\"https:\/\/www.foscarini.com\/wp-content\/uploads\/2024\/04\/3.2_Intervallo-300x200.jpg 300w, https:\/\/www.foscarini.com\/wp-content\/uploads\/2024\/04\/3.2_Intervallo-1024x683.jpg 1024w, https:\/\/www.foscarini.com\/wp-content\/uploads\/2024\/04\/3.2_Intervallo-768x512.jpg 768w, https:\/\/www.foscarini.com\/wp-content\/uploads\/2024\/04\/3.2_Intervallo-1536x1024.jpg 1536w, https:\/\/www.foscarini.com\/wp-content\/uploads\/2024\/04\/3.2_Intervallo-2048x1365.jpg 2048w, https:\/\/www.foscarini.com\/wp-content\/uploads\/2024\/04\/3.2_Intervallo-800x533.jpg 800w\" alt=\"\" \/>\n                                                                        <\/div>\n                                        <div class=\"swiper-slide\">\n                                                    <img decoding=\"async\" class=\"full-cover\" src=\"https:\/\/www.foscarini.com\/wp-content\/uploads\/2024\/04\/3.3_Intervallo-150x150.jpg\" srcset=\"https:\/\/www.foscarini.com\/wp-content\/uploads\/2024\/04\/3.3_Intervallo-300x200.jpg 300w, https:\/\/www.foscarini.com\/wp-content\/uploads\/2024\/04\/3.3_Intervallo-1024x683.jpg 1024w, https:\/\/www.foscarini.com\/wp-content\/uploads\/2024\/04\/3.3_Intervallo-768x512.jpg 768w, https:\/\/www.foscarini.com\/wp-content\/uploads\/2024\/04\/3.3_Intervallo-1536x1024.jpg 1536w, https:\/\/www.foscarini.com\/wp-content\/uploads\/2024\/04\/3.3_Intervallo-2048x1365.jpg 2048w, https:\/\/www.foscarini.com\/wp-content\/uploads\/2024\/04\/3.3_Intervallo-800x533.jpg 800w\" alt=\"\" \/>\n                                                                        <\/div>\n                                        <div class=\"swiper-slide\">\n                                                    <img decoding=\"async\" class=\"full-cover\" src=\"https:\/\/www.foscarini.com\/wp-content\/uploads\/2024\/04\/3.4_Intervallo-150x150.jpg\" srcset=\"https:\/\/www.foscarini.com\/wp-content\/uploads\/2024\/04\/3.4_Intervallo-199x300.jpg 199w, https:\/\/www.foscarini.com\/wp-content\/uploads\/2024\/04\/3.4_Intervallo-678x1024.jpg 678w, https:\/\/www.foscarini.com\/wp-content\/uploads\/2024\/04\/3.4_Intervallo-768x1160.jpg 768w, https:\/\/www.foscarini.com\/wp-content\/uploads\/2024\/04\/3.4_Intervallo-800x1208.jpg 800w, https:\/\/www.foscarini.com\/wp-content\/uploads\/2024\/04\/3.4_Intervallo.jpg 980w\" alt=\"\" \/>\n                                                                        <\/div>\n                                        <div class=\"swiper-slide\">\n                                                    <img decoding=\"async\" class=\"full-cover\" src=\"https:\/\/www.foscarini.com\/wp-content\/uploads\/2024\/04\/3.5_Intervallo-150x150.jpg\" srcset=\"https:\/\/www.foscarini.com\/wp-content\/uploads\/2024\/04\/3.5_Intervallo-199x300.jpg 199w, https:\/\/www.foscarini.com\/wp-content\/uploads\/2024\/04\/3.5_Intervallo-678x1024.jpg 678w, https:\/\/www.foscarini.com\/wp-content\/uploads\/2024\/04\/3.5_Intervallo-768x1160.jpg 768w, https:\/\/www.foscarini.com\/wp-content\/uploads\/2024\/04\/3.5_Intervallo-800x1208.jpg 800w, https:\/\/www.foscarini.com\/wp-content\/uploads\/2024\/04\/3.5_Intervallo.jpg 980w\" alt=\"\" \/>\n                                                                        <\/div>\n                                        <div class=\"swiper-slide\">\n                                                    <img decoding=\"async\" class=\"full-cover\" src=\"https:\/\/www.foscarini.com\/wp-content\/uploads\/2024\/04\/3.9_Intervallo-150x150.jpg\" srcset=\"https:\/\/www.foscarini.com\/wp-content\/uploads\/2024\/04\/3.9_Intervallo-199x300.jpg 199w, https:\/\/www.foscarini.com\/wp-content\/uploads\/2024\/04\/3.9_Intervallo-678x1024.jpg 678w, https:\/\/www.foscarini.com\/wp-content\/uploads\/2024\/04\/3.9_Intervallo-768x1160.jpg 768w, https:\/\/www.foscarini.com\/wp-content\/uploads\/2024\/04\/3.9_Intervallo-800x1208.jpg 800w, https:\/\/www.foscarini.com\/wp-content\/uploads\/2024\/04\/3.9_Intervallo.jpg 980w\" alt=\"\" \/>\n                                                                        <\/div>\n                                        <div class=\"swiper-slide\">\n                                                    <img decoding=\"async\" class=\"full-cover\" src=\"https:\/\/www.foscarini.com\/wp-content\/uploads\/2024\/04\/3.10_Intervallo-150x150.jpg\" srcset=\"https:\/\/www.foscarini.com\/wp-content\/uploads\/2024\/04\/3.10_Intervallo-199x300.jpg 199w, https:\/\/www.foscarini.com\/wp-content\/uploads\/2024\/04\/3.10_Intervallo-678x1024.jpg 678w, https:\/\/www.foscarini.com\/wp-content\/uploads\/2024\/04\/3.10_Intervallo-768x1160.jpg 768w, https:\/\/www.foscarini.com\/wp-content\/uploads\/2024\/04\/3.10_Intervallo-800x1208.jpg 800w, https:\/\/www.foscarini.com\/wp-content\/uploads\/2024\/04\/3.10_Intervallo.jpg 980w\" alt=\"\" \/>\n                                                                        <\/div>\n                            <\/div>\n    <\/div>\n    <div class=\"swiper-scrollbar\"><\/div>\n    <div class=\"ct-arrow\">\n        <div class=\"swiper-button-prev\"><\/div>\n        <div class=\"swiper-button-next\"><\/div>\n    <\/div>\n<\/section><section class=\"concept__project_comunication full-height-vh\">\n    <div class=\"row row-large\">\n        <div class=\"medium-12 small-12 columns full-height no-padding-right-mobile\">\n            <div class=\"ct-image-text-lateral\">\n                <div class=\"ct-arrow\">\n                    <div class=\"swiper-button-prev\" aria-label=\"previous slide\"><\/div>\n                    <div class=\"swiper-button-next\" aria-label=\"next slide\"><\/div>\n                <\/div>\n                <span class=\"section-name-lateral\">Editorial Contents<\/span>\n                <!-- Swiper -->\n                <div class=\"swiper-container swiper__concept__comunication\">\n                    <div class=\"swiper-wrapper\">\n                                                            <div class=\"swiper-slide\">\n                                        <div class=\"ct-slide\">\n                                                                                                <img decoding=\"async\" class=\"full-cover\" src=\"https:\/\/www.foscarini.com\/wp-content\/uploads\/2024\/01\/Modulo1_Battiti-150x150.jpg\" srcset=\"https:\/\/www.foscarini.com\/wp-content\/uploads\/2024\/01\/Modulo1_Battiti-300x194.jpg 300w, https:\/\/www.foscarini.com\/wp-content\/uploads\/2024\/01\/Modulo1_Battiti-800x518.jpg 800w, https:\/\/www.foscarini.com\/wp-content\/uploads\/2024\/01\/Modulo1_Battiti-1024x663.jpg 1024w, https:\/\/www.foscarini.com\/wp-content\/uploads\/2024\/01\/Modulo1_Battiti-768x498.jpg 768w, https:\/\/www.foscarini.com\/wp-content\/uploads\/2024\/01\/Modulo1_Battiti-1536x995.jpg 1536w, https:\/\/www.foscarini.com\/wp-content\/uploads\/2024\/01\/Modulo1_Battiti-2048x1327.jpg 2048w\" alt=\"\" \/>\n                                                                                                <div class=\"ct-col-right\">\n                                                <div class=\"ct-link\">\n                                                    <a class=\"link-arrow\" href=\"https:\/\/www.foscarini.com\/de\/battiti-eine-werkstatt-zur-erforschung-von-licht-und-keramik\/\">Battiti: eine Werkstatt zur Erforschung von Licht und Keramik<\/a>\n                                                    <div class=\"text-1\"><p>Foscarini erforscht mit Andrea Anastasio und Ceramica Gatti 1928 neue Interpretationen von Licht, das hier im Dialog mit der Keramik zur Materie wird.<\/p>\n<\/div>\n                                                <\/div>\n                                            <\/div>\n                                        <\/div>\n                                    <\/div>\n                                                        <\/div>\n                <\/div>\n            <\/div>\n        <\/div>\n    <\/div>\n<\/section><div class=\"wp-block-columns two_image_join two_image_join_affiancate on_off_block is-layout-flex wp-container-core-columns-is-layout-1 wp-block-columns-is-layout-flex\"><div class=\"wp-block-column is-layout-flow wp-block-column-is-layout-flow\"><div class=\"wp-block-getwid-image-hotspot\" data-appearance-animation=\"none\" data-image-points=\"[{&quot;link&quot;:&quot;&quot;,&quot;icon&quot;:&quot;&quot;,&quot;title&quot;:&quot;acceso&quot;,&quot;color&quot;:&quot;&quot;,&quot;content&quot;:&quot;&quot;,&quot;backgroundColor&quot;:&quot;&quot;,&quot;newTab&quot;:false,&quot;popUpOpen&quot;:false,&quot;popUpWidth&quot;:350,&quot;placement&quot;:&quot;top&quot;,&quot;position&quot;:{&quot;x&quot;:&quot;40.89%&quot;,&quot;y&quot;:&quot;25.99%&quot;}}]\" data-trigger=\"click\" data-theme=\"light\" data-tooltip-animation=\"shift-toward\" data-arrow=\"true\"><div class=\"wp-block-getwid-image-hotspot__wrapper\"><img loading=\"lazy\" decoding=\"async\" width=\"2560\" height=\"1591\" src=\"https:\/\/www.foscarini.com\/wp-content\/uploads\/2024\/04\/4.1-OFF_Intervallo-scaled.jpg\" alt=\"\" class=\"wp-block-getwid-image-hotspot__image wp-image-236902\" srcset=\"https:\/\/www.foscarini.com\/wp-content\/uploads\/2024\/04\/4.1-OFF_Intervallo-scaled.jpg 2560w, https:\/\/www.foscarini.com\/wp-content\/uploads\/2024\/04\/4.1-OFF_Intervallo-300x186.jpg 300w, https:\/\/www.foscarini.com\/wp-content\/uploads\/2024\/04\/4.1-OFF_Intervallo-1024x636.jpg 1024w, https:\/\/www.foscarini.com\/wp-content\/uploads\/2024\/04\/4.1-OFF_Intervallo-768x477.jpg 768w, https:\/\/www.foscarini.com\/wp-content\/uploads\/2024\/04\/4.1-OFF_Intervallo-1536x955.jpg 1536w, https:\/\/www.foscarini.com\/wp-content\/uploads\/2024\/04\/4.1-OFF_Intervallo-2048x1273.jpg 2048w, https:\/\/www.foscarini.com\/wp-content\/uploads\/2024\/04\/4.1-OFF_Intervallo-800x497.jpg 800w\" sizes=\"(max-width: 2560px) 100vw, 2560px\" \/><div data-point-id=\"0\" class=\"wp-block-getwid-image-hotspot__dot has-animation-pulse\" style=\"left:40.89%;top:25.99%\"><div class=\"wp-block-getwid-image-hotspot__dot-wrapper\"><div class=\"wp-block-getwid-image-hotspot__dot-content\"><i class=\"fas fa-plus wp-block-getwid-image-hotspot__dot-icon\"><\/i><\/div><\/div><div class=\"wp-block-getwid-image-hotspot__dot-description\"><div class=\"wp-block-getwid-image-hotspot__dot-title\">acceso<\/div><\/div><\/div><\/div><\/div>\n\n<figure class=\"wp-block-image size-large absolute_image\"><img loading=\"lazy\" decoding=\"async\" width=\"1024\" height=\"636\" src=\"https:\/\/www.foscarini.com\/wp-content\/uploads\/2024\/04\/4.2-ON_Intervallo-1024x636.jpg\" alt=\"\" class=\"wp-image-236909\" srcset=\"https:\/\/www.foscarini.com\/wp-content\/uploads\/2024\/04\/4.2-ON_Intervallo-1024x636.jpg 1024w, https:\/\/www.foscarini.com\/wp-content\/uploads\/2024\/04\/4.2-ON_Intervallo-300x186.jpg 300w, https:\/\/www.foscarini.com\/wp-content\/uploads\/2024\/04\/4.2-ON_Intervallo-768x477.jpg 768w, https:\/\/www.foscarini.com\/wp-content\/uploads\/2024\/04\/4.2-ON_Intervallo-1536x955.jpg 1536w, https:\/\/www.foscarini.com\/wp-content\/uploads\/2024\/04\/4.2-ON_Intervallo-2048x1273.jpg 2048w, https:\/\/www.foscarini.com\/wp-content\/uploads\/2024\/04\/4.2-ON_Intervallo-800x497.jpg 800w\" sizes=\"(max-width: 1024px) 100vw, 1024px\" \/><\/figure><\/div><\/div>","protected":false},"excerpt":{"rendered":"<p>Intervallo, die aus dem Forschungsprojekt an Licht und Keramik \u201eBattiti\u201c heraus entstanden ist, pr\u00e4sentiert sich als ein Werk, bei dem das Leuchtmittel eingesetzt wird, als w\u00e4re es ein Material. An den Seiten eines Flachreliefs aus Keramik l\u00e4sst sie Formen und Volumen entstehen und interpretiert so eine vertraute Ikone der europ\u00e4ischen darstellenden Tradition vollkommen neu. Eine Skulptur, die zur Wandleuchte wird.<\/p>\n","protected":false},"featured_media":468182,"comment_status":"open","ping_status":"closed","template":"","meta":{"_acf_changed":true},"product_cat":[650,1491,715,6991,713],"product_tag":[],"materiale":[7992],"altezza":[12218],"larghezza":[10452],"profondita":[7414],"peso":[9417],"designer-prodotto":[7461],"class_list":{"0":"post-236920","1":"product","2":"type-product","3":"status-publish","4":"has-post-thumbnail","6":"product_cat-concetto-de","7":"product_cat-fregio-concetto-de","8":"product_cat-funzione-de","9":"product_cat-intervallo-famiglia-de","10":"product_cat-parete-de","11":"materiale-ceramica-de","12":"altezza-9-de","13":"larghezza-475-de","14":"profondita-10-de","15":"peso-3-de","16":"designer-prodotto-atelier-oi-de","18":"first","19":"instock","20":"shipping-taxable","21":"purchasable","22":"product-type-variable"},"acf":{"preview_slider":{"titolo":"","testo":"","video_domanda":false,"link_video":""},"prodotto__immagine_preview":{"immagine":""},"prodotto__slider":{"sottotitolo":"Andrea Anastasio (2023)","titolo":"Im Rahmen des Forschungsprojekts zu Licht und Keramik \u201eBattiti\u201c, das 2022 von Foscarini mit Andrea Anastasio vorgestellt wurde, wird Intervallo entworfen, eine Wandleuchte mit diffusem Licht aus handgefertigter Keramik, die in einer Aluminiumstruktur eingebettet ist und mit einem K\u00f6rper aus spiegelpoliertem Edelstahl. Die sichtbaren LED-Streifen an den Seiten des eine Madonna mit Kind darstellenden Flachreliefs sind mit milchigem Silikon umh\u00fcllt, um die Lichtverteilung zu optimieren. Intervallo wird in einer einzigen Ausf\u00fchrung geboten, die in der Farbe Berrettino gl\u00e4nzend lackiert ist, in einem historischen grau-blauen Farbton, der typisch f\u00fcr die Majolika-Keramiken aus Faenza ist. Das transparente Stromkabel ist mit Dimmer und Stecker versehen.","immagini":[{"immagine":415329,"immagine_mobile":null}]},"prodotto__slider_preview":null,"prodotto__specifiche":{"selezione":[{"scheda_tecnica":462949}]}},"yoast_head":"<!-- This site is optimized with the Yoast SEO Premium plugin v22.4 (Yoast SEO v23.7) - https:\/\/yoast.com\/wordpress\/plugins\/seo\/ -->\n<title>Intervallo - Foscarini<\/title>\n<meta name=\"robots\" content=\"index, follow, max-snippet:-1, max-image-preview:large, max-video-preview:-1\" \/>\n<meta property=\"og:locale\" content=\"de_DE\" \/>\n<meta property=\"og:type\" content=\"article\" \/>\n<meta property=\"og:title\" content=\"Intervallo\" \/>\n<meta property=\"og:description\" content=\"Intervallo, die aus dem Forschungsprojekt an Licht und Keramik \u201eBattiti\u201c heraus entstanden ist, pr\u00e4sentiert sich als ein Werk, bei dem das Leuchtmittel eingesetzt wird, als w\u00e4re es ein Material. An den Seiten eines Flachreliefs aus Keramik l\u00e4sst sie Formen und Volumen entstehen und interpretiert so eine vertraute Ikone der europ\u00e4ischen darstellenden Tradition vollkommen neu. Eine Skulptur, die zur Wandleuchte wird.\" \/>\n<meta property=\"og:url\" content=\"https:\/\/www.foscarini.com\/de\/produkt\/intervallo-std-w-de\/\" \/>\n<meta property=\"og:site_name\" content=\"Foscarini\" \/>\n<meta property=\"article:modified_time\" content=\"2025-06-11T14:06:02+00:00\" \/>\n<meta property=\"og:image\" content=\"https:\/\/www.foscarini.com\/wp-content\/uploads\/2025\/06\/intervallo_w_berrettino_22_786x865-1.jpg\" \/>\n\t<meta property=\"og:image:width\" content=\"786\" \/>\n\t<meta property=\"og:image:height\" content=\"865\" \/>\n\t<meta property=\"og:image:type\" content=\"image\/jpeg\" \/>\n<meta name=\"twitter:card\" content=\"summary_large_image\" \/>\n<meta name=\"twitter:label1\" content=\"Gesch\u00e4tzte Lesezeit\" \/>\n\t<meta name=\"twitter:data1\" content=\"1\u00a0Minute\" \/>\n<script type=\"application\/ld+json\" class=\"yoast-schema-graph\">{\"@context\":\"https:\/\/schema.org\",\"@graph\":[{\"@type\":\"WebPage\",\"@id\":\"https:\/\/www.foscarini.com\/de\/produkt\/intervallo-std-w-de\/\",\"url\":\"https:\/\/www.foscarini.com\/de\/produkt\/intervallo-std-w-de\/\",\"name\":\"Intervallo - Foscarini\",\"isPartOf\":{\"@id\":\"https:\/\/www.foscarini.com\/#website\"},\"primaryImageOfPage\":{\"@id\":\"https:\/\/www.foscarini.com\/de\/produkt\/intervallo-std-w-de\/#primaryimage\"},\"image\":{\"@id\":\"https:\/\/www.foscarini.com\/de\/produkt\/intervallo-std-w-de\/#primaryimage\"},\"thumbnailUrl\":\"https:\/\/www.foscarini.com\/wp-content\/uploads\/2025\/06\/intervallo_w_berrettino_22_786x865-3.jpg\",\"datePublished\":\"2024-04-11T12:25:05+00:00\",\"dateModified\":\"2025-06-11T14:06:02+00:00\",\"breadcrumb\":{\"@id\":\"https:\/\/www.foscarini.com\/de\/produkt\/intervallo-std-w-de\/#breadcrumb\"},\"inLanguage\":\"de\",\"potentialAction\":[{\"@type\":\"ReadAction\",\"target\":[\"https:\/\/www.foscarini.com\/de\/produkt\/intervallo-std-w-de\/\"]}]},{\"@type\":\"ImageObject\",\"inLanguage\":\"de\",\"@id\":\"https:\/\/www.foscarini.com\/de\/produkt\/intervallo-std-w-de\/#primaryimage\",\"url\":\"https:\/\/www.foscarini.com\/wp-content\/uploads\/2025\/06\/intervallo_w_berrettino_22_786x865-3.jpg\",\"contentUrl\":\"https:\/\/www.foscarini.com\/wp-content\/uploads\/2025\/06\/intervallo_w_berrettino_22_786x865-3.jpg\",\"width\":786,\"height\":865},{\"@type\":\"BreadcrumbList\",\"@id\":\"https:\/\/www.foscarini.com\/de\/produkt\/intervallo-std-w-de\/#breadcrumb\",\"itemListElement\":[{\"@type\":\"ListItem\",\"position\":1,\"name\":\"Home\",\"item\":\"https:\/\/www.foscarini.com\/de\/\"},{\"@type\":\"ListItem\",\"position\":2,\"name\":\"Shop\",\"item\":\"https:\/\/www.foscarini.com\/de\/shop\/\"},{\"@type\":\"ListItem\",\"position\":3,\"name\":\"Intervallo\"}]},{\"@type\":\"WebSite\",\"@id\":\"https:\/\/www.foscarini.com\/#website\",\"url\":\"https:\/\/www.foscarini.com\/\",\"name\":\"Foscarini\",\"description\":\"\",\"potentialAction\":[{\"@type\":\"SearchAction\",\"target\":{\"@type\":\"EntryPoint\",\"urlTemplate\":\"https:\/\/www.foscarini.com\/?s={search_term_string}\"},\"query-input\":{\"@type\":\"PropertyValueSpecification\",\"valueRequired\":true,\"valueName\":\"search_term_string\"}}],\"inLanguage\":\"de\"}]}<\/script>\n<!-- \/ Yoast SEO Premium plugin. -->","yoast_head_json":{"title":"Intervallo - Foscarini","robots":{"index":"index","follow":"follow","max-snippet":"max-snippet:-1","max-image-preview":"max-image-preview:large","max-video-preview":"max-video-preview:-1"},"og_locale":"de_DE","og_type":"article","og_title":"Intervallo","og_description":"Intervallo, die aus dem Forschungsprojekt an Licht und Keramik \u201eBattiti\u201c heraus entstanden ist, pr\u00e4sentiert sich als ein Werk, bei dem das Leuchtmittel eingesetzt wird, als w\u00e4re es ein Material. An den Seiten eines Flachreliefs aus Keramik l\u00e4sst sie Formen und Volumen entstehen und interpretiert so eine vertraute Ikone der europ\u00e4ischen darstellenden Tradition vollkommen neu. Eine Skulptur, die zur Wandleuchte wird.","og_url":"https:\/\/www.foscarini.com\/de\/produkt\/intervallo-std-w-de\/","og_site_name":"Foscarini","article_modified_time":"2025-06-11T14:06:02+00:00","og_image":[{"width":786,"height":865,"url":"https:\/\/www.foscarini.com\/wp-content\/uploads\/2025\/06\/intervallo_w_berrettino_22_786x865-1.jpg","type":"image\/jpeg"}],"twitter_card":"summary_large_image","twitter_misc":{"Gesch\u00e4tzte Lesezeit":"1\u00a0Minute"},"schema":{"@context":"https:\/\/schema.org","@graph":[{"@type":"WebPage","@id":"https:\/\/www.foscarini.com\/de\/produkt\/intervallo-std-w-de\/","url":"https:\/\/www.foscarini.com\/de\/produkt\/intervallo-std-w-de\/","name":"Intervallo - Foscarini","isPartOf":{"@id":"https:\/\/www.foscarini.com\/#website"},"primaryImageOfPage":{"@id":"https:\/\/www.foscarini.com\/de\/produkt\/intervallo-std-w-de\/#primaryimage"},"image":{"@id":"https:\/\/www.foscarini.com\/de\/produkt\/intervallo-std-w-de\/#primaryimage"},"thumbnailUrl":"https:\/\/www.foscarini.com\/wp-content\/uploads\/2025\/06\/intervallo_w_berrettino_22_786x865-3.jpg","datePublished":"2024-04-11T12:25:05+00:00","dateModified":"2025-06-11T14:06:02+00:00","breadcrumb":{"@id":"https:\/\/www.foscarini.com\/de\/produkt\/intervallo-std-w-de\/#breadcrumb"},"inLanguage":"de","potentialAction":[{"@type":"ReadAction","target":["https:\/\/www.foscarini.com\/de\/produkt\/intervallo-std-w-de\/"]}]},{"@type":"ImageObject","inLanguage":"de","@id":"https:\/\/www.foscarini.com\/de\/produkt\/intervallo-std-w-de\/#primaryimage","url":"https:\/\/www.foscarini.com\/wp-content\/uploads\/2025\/06\/intervallo_w_berrettino_22_786x865-3.jpg","contentUrl":"https:\/\/www.foscarini.com\/wp-content\/uploads\/2025\/06\/intervallo_w_berrettino_22_786x865-3.jpg","width":786,"height":865},{"@type":"BreadcrumbList","@id":"https:\/\/www.foscarini.com\/de\/produkt\/intervallo-std-w-de\/#breadcrumb","itemListElement":[{"@type":"ListItem","position":1,"name":"Home","item":"https:\/\/www.foscarini.com\/de\/"},{"@type":"ListItem","position":2,"name":"Shop","item":"https:\/\/www.foscarini.com\/de\/shop\/"},{"@type":"ListItem","position":3,"name":"Intervallo"}]},{"@type":"WebSite","@id":"https:\/\/www.foscarini.com\/#website","url":"https:\/\/www.foscarini.com\/","name":"Foscarini","description":"","potentialAction":[{"@type":"SearchAction","target":{"@type":"EntryPoint","urlTemplate":"https:\/\/www.foscarini.com\/?s={search_term_string}"},"query-input":{"@type":"PropertyValueSpecification","valueRequired":true,"valueName":"search_term_string"}}],"inLanguage":"de"}]}},"_links":{"self":[{"href":"https:\/\/www.foscarini.com\/de\/wp-json\/wp\/v2\/product\/236920"}],"collection":[{"href":"https:\/\/www.foscarini.com\/de\/wp-json\/wp\/v2\/product"}],"about":[{"href":"https:\/\/www.foscarini.com\/de\/wp-json\/wp\/v2\/types\/product"}],"replies":[{"embeddable":true,"href":"https:\/\/www.foscarini.com\/de\/wp-json\/wp\/v2\/comments?post=236920"}],"wp:featuredmedia":[{"embeddable":true,"href":"https:\/\/www.foscarini.com\/de\/wp-json\/wp\/v2\/media\/468182"}],"wp:attachment":[{"href":"https:\/\/www.foscarini.com\/de\/wp-json\/wp\/v2\/media?parent=236920"}],"wp:term":[{"taxonomy":"product_cat","embeddable":true,"href":"https:\/\/www.foscarini.com\/de\/wp-json\/wp\/v2\/product_cat?post=236920"},{"taxonomy":"product_tag","embeddable":true,"href":"https:\/\/www.foscarini.com\/de\/wp-json\/wp\/v2\/product_tag?post=236920"},{"taxonomy":"materiale","embeddable":true,"href":"https:\/\/www.foscarini.com\/de\/wp-json\/wp\/v2\/materiale?post=236920"},{"taxonomy":"altezza","embeddable":true,"href":"https:\/\/www.foscarini.com\/de\/wp-json\/wp\/v2\/altezza?post=236920"},{"taxonomy":"larghezza","embeddable":true,"href":"https:\/\/www.foscarini.com\/de\/wp-json\/wp\/v2\/larghezza?post=236920"},{"taxonomy":"profondita","embeddable":true,"href":"https:\/\/www.foscarini.com\/de\/wp-json\/wp\/v2\/profondita?post=236920"},{"taxonomy":"peso","embeddable":true,"href":"https:\/\/www.foscarini.com\/de\/wp-json\/wp\/v2\/peso?post=236920"},{"taxonomy":"designer-prodotto","embeddable":true,"href":"https:\/\/www.foscarini.com\/de\/wp-json\/wp\/v2\/designer-prodotto?post=236920"}],"curies":[{"name":"wp","href":"https:\/\/api.w.org\/{rel}","templated":true}]}}