{"id":236347,"date":"2024-04-09T13:51:26","date_gmt":"2024-04-09T13:51:26","guid":{"rendered":"https:\/\/www.foscarini.com\/product\/hoba-std-wc\/"},"modified":"2025-06-11T14:04:53","modified_gmt":"2025-06-11T14:04:53","slug":"hoba-std-wc-de","status":"publish","type":"product","link":"https:\/\/www.foscarini.com\/de\/produkt\/hoba-std-wc-de\/","title":{"rendered":"Hoba"},"content":{"rendered":"<section class=\"pdp__slider full-height-vh\">\n    <div class=\"swiper-container swiper__pdp\">\n        <div class=\"swiper-wrapper full-height\">\n                                <div class=\"swiper-slide\">\n                                                    <img decoding=\"async\" class=\"full-cover\" src=\"https:\/\/www.foscarini.com\/wp-content\/uploads\/2024\/04\/3.3_Hoba-1-150x150.jpg\" srcset=\"https:\/\/www.foscarini.com\/wp-content\/uploads\/2024\/04\/3.3_Hoba-1-300x200.jpg 300w, https:\/\/www.foscarini.com\/wp-content\/uploads\/2024\/04\/3.3_Hoba-1-1024x683.jpg 1024w, https:\/\/www.foscarini.com\/wp-content\/uploads\/2024\/04\/3.3_Hoba-1-768x512.jpg 768w, https:\/\/www.foscarini.com\/wp-content\/uploads\/2024\/04\/3.3_Hoba-1-1536x1024.jpg 1536w, https:\/\/www.foscarini.com\/wp-content\/uploads\/2024\/04\/3.3_Hoba-1-2048x1365.jpg 2048w, https:\/\/www.foscarini.com\/wp-content\/uploads\/2024\/04\/3.3_Hoba-1-800x533.jpg 800w\" alt=\"\" \/>\n                                                                        <\/div>\n                                        <div class=\"swiper-slide\">\n                                                    <img decoding=\"async\" class=\"full-cover\" src=\"https:\/\/www.foscarini.com\/wp-content\/uploads\/2024\/04\/3.4_Hoba-2-150x150.jpg\" srcset=\"https:\/\/www.foscarini.com\/wp-content\/uploads\/2024\/04\/3.4_Hoba-2-199x300.jpg 199w, https:\/\/www.foscarini.com\/wp-content\/uploads\/2024\/04\/3.4_Hoba-2-678x1024.jpg 678w, https:\/\/www.foscarini.com\/wp-content\/uploads\/2024\/04\/3.4_Hoba-2-768x1160.jpg 768w, https:\/\/www.foscarini.com\/wp-content\/uploads\/2024\/04\/3.4_Hoba-2-800x1208.jpg 800w, https:\/\/www.foscarini.com\/wp-content\/uploads\/2024\/04\/3.4_Hoba-2.jpg 980w\" alt=\"\" \/>\n                                                                        <\/div>\n                                        <div class=\"swiper-slide\">\n                                                    <img decoding=\"async\" class=\"full-cover\" src=\"https:\/\/www.foscarini.com\/wp-content\/uploads\/2024\/04\/3.5_Hoba-2-150x150.jpg\" srcset=\"https:\/\/www.foscarini.com\/wp-content\/uploads\/2024\/04\/3.5_Hoba-2-199x300.jpg 199w, https:\/\/www.foscarini.com\/wp-content\/uploads\/2024\/04\/3.5_Hoba-2-678x1024.jpg 678w, https:\/\/www.foscarini.com\/wp-content\/uploads\/2024\/04\/3.5_Hoba-2-768x1160.jpg 768w, https:\/\/www.foscarini.com\/wp-content\/uploads\/2024\/04\/3.5_Hoba-2-800x1208.jpg 800w, https:\/\/www.foscarini.com\/wp-content\/uploads\/2024\/04\/3.5_Hoba-2.jpg 980w\" alt=\"\" \/>\n                                                                        <\/div>\n                                        <div class=\"swiper-slide\">\n                                                    <img decoding=\"async\" class=\"full-cover\" src=\"https:\/\/www.foscarini.com\/wp-content\/uploads\/2024\/04\/3.9_Hoba-1-150x150.jpg\" srcset=\"https:\/\/www.foscarini.com\/wp-content\/uploads\/2024\/04\/3.9_Hoba-1-199x300.jpg 199w, https:\/\/www.foscarini.com\/wp-content\/uploads\/2024\/04\/3.9_Hoba-1-678x1024.jpg 678w, https:\/\/www.foscarini.com\/wp-content\/uploads\/2024\/04\/3.9_Hoba-1-768x1160.jpg 768w, https:\/\/www.foscarini.com\/wp-content\/uploads\/2024\/04\/3.9_Hoba-1-800x1208.jpg 800w, https:\/\/www.foscarini.com\/wp-content\/uploads\/2024\/04\/3.9_Hoba-1.jpg 980w\" alt=\"\" \/>\n                                                                        <\/div>\n                            <\/div>\n    <\/div>\n    <div class=\"swiper-scrollbar\"><\/div>\n    <div class=\"ct-arrow\">\n        <div class=\"swiper-button-prev\"><\/div>\n        <div class=\"swiper-button-next\"><\/div>\n    <\/div>\n<\/section><div class=\"wp-block-columns two_image_join two_image_join_affiancate on_off_block is-layout-flex wp-container-core-columns-is-layout-1 wp-block-columns-is-layout-flex\"><div class=\"wp-block-column is-layout-flow wp-block-column-is-layout-flow\"><div class=\"wp-block-getwid-image-hotspot\" data-appearance-animation=\"none\" data-image-points=\"[{&quot;link&quot;:&quot;&quot;,&quot;icon&quot;:&quot;&quot;,&quot;title&quot;:&quot;acceso&quot;,&quot;color&quot;:&quot;&quot;,&quot;content&quot;:&quot;&quot;,&quot;backgroundColor&quot;:&quot;&quot;,&quot;newTab&quot;:false,&quot;popUpOpen&quot;:false,&quot;popUpWidth&quot;:350,&quot;placement&quot;:&quot;top&quot;,&quot;position&quot;:{&quot;x&quot;:&quot;40.89%&quot;,&quot;y&quot;:&quot;25.99%&quot;}}]\" data-trigger=\"click\" data-theme=\"light\" data-tooltip-animation=\"shift-toward\" data-arrow=\"true\"><div class=\"wp-block-getwid-image-hotspot__wrapper\"><img loading=\"lazy\" decoding=\"async\" width=\"2560\" height=\"1591\" src=\"https:\/\/www.foscarini.com\/wp-content\/uploads\/2024\/04\/4.1-OFF_Hoba-2-scaled.jpg\" alt=\"\" class=\"wp-block-getwid-image-hotspot__image wp-image-236317\" srcset=\"https:\/\/www.foscarini.com\/wp-content\/uploads\/2024\/04\/4.1-OFF_Hoba-2-scaled.jpg 2560w, https:\/\/www.foscarini.com\/wp-content\/uploads\/2024\/04\/4.1-OFF_Hoba-2-300x186.jpg 300w, https:\/\/www.foscarini.com\/wp-content\/uploads\/2024\/04\/4.1-OFF_Hoba-2-1024x636.jpg 1024w, https:\/\/www.foscarini.com\/wp-content\/uploads\/2024\/04\/4.1-OFF_Hoba-2-768x477.jpg 768w, https:\/\/www.foscarini.com\/wp-content\/uploads\/2024\/04\/4.1-OFF_Hoba-2-1536x955.jpg 1536w, https:\/\/www.foscarini.com\/wp-content\/uploads\/2024\/04\/4.1-OFF_Hoba-2-2048x1273.jpg 2048w, https:\/\/www.foscarini.com\/wp-content\/uploads\/2024\/04\/4.1-OFF_Hoba-2-800x497.jpg 800w\" sizes=\"(max-width: 2560px) 100vw, 2560px\" \/><div data-point-id=\"0\" class=\"wp-block-getwid-image-hotspot__dot has-animation-pulse\" style=\"left:40.89%;top:25.99%\"><div class=\"wp-block-getwid-image-hotspot__dot-wrapper\"><div class=\"wp-block-getwid-image-hotspot__dot-content\"><i class=\"fas fa-plus wp-block-getwid-image-hotspot__dot-icon\"><\/i><\/div><\/div><div class=\"wp-block-getwid-image-hotspot__dot-description\"><div class=\"wp-block-getwid-image-hotspot__dot-title\">acceso<\/div><\/div><\/div><\/div><\/div>\n\n<figure class=\"wp-block-image size-large absolute_image\"><img loading=\"lazy\" decoding=\"async\" width=\"1024\" height=\"636\" src=\"https:\/\/www.foscarini.com\/wp-content\/uploads\/2024\/04\/4.2-ON_Hoba-2-1024x636.jpg\" alt=\"\" class=\"wp-image-236324\" srcset=\"https:\/\/www.foscarini.com\/wp-content\/uploads\/2024\/04\/4.2-ON_Hoba-2-1024x636.jpg 1024w, https:\/\/www.foscarini.com\/wp-content\/uploads\/2024\/04\/4.2-ON_Hoba-2-300x186.jpg 300w, https:\/\/www.foscarini.com\/wp-content\/uploads\/2024\/04\/4.2-ON_Hoba-2-768x477.jpg 768w, https:\/\/www.foscarini.com\/wp-content\/uploads\/2024\/04\/4.2-ON_Hoba-2-1536x955.jpg 1536w, https:\/\/www.foscarini.com\/wp-content\/uploads\/2024\/04\/4.2-ON_Hoba-2-2048x1273.jpg 2048w, https:\/\/www.foscarini.com\/wp-content\/uploads\/2024\/04\/4.2-ON_Hoba-2-800x497.jpg 800w\" sizes=\"(max-width: 1024px) 100vw, 1024px\" \/><\/figure><\/div><\/div>","protected":false},"excerpt":{"rendered":"<p>Lampen mit diffusem Licht und einem Diffusor aus mundgeblasenem Opalinglas. Ein besonderes Glasbl\u00e4severfahren ohne Drehung des Glases in einer offenen Form erm\u00f6glicht asymmetrische und unregelm\u00e4\u00dfige Formen, die leicht voneinander abweichen. Es entsteht eine Kollektion von durchgehend einzigartigen St\u00fccken, die in Serie produziert, aber mit den charakteristischen Merkmalen handgefertigter Kunstwerke versehen sind. Die Halterung besteht aus naturbelassenem Polyamid. In verschiedenen Gr\u00f6\u00dfen erh\u00e4ltlich, wovon einige Flexibilit\u00e4t f\u00fcr die Wand- oder Deckenmontage bieten.<\/p>\n","protected":false},"featured_media":468142,"comment_status":"open","ping_status":"closed","template":"","meta":{"_acf_changed":true},"product_cat":[650,715,939,6793,713],"product_tag":[],"materiale":[8163],"altezza":[12261],"larghezza":[11526],"profondita":[11480],"peso":[8827],"designer-prodotto":[7982],"class_list":{"0":"post-236347","1":"product","2":"type-product","3":"status-publish","4":"has-post-thumbnail","6":"product_cat-concetto-de","7":"product_cat-funzione-de","8":"product_cat-hoba-concetto-de","9":"product_cat-hoba-famiglia-de","10":"product_cat-parete-de","11":"materiale-vetro-e-vetro-soffiato-de","12":"altezza-9-78-de","13":"larghezza-9-12-de","14":"profondita-9-38-de","15":"peso-2-de","16":"designer-prodotto-luca-nichetto-de","18":"first","19":"instock","20":"shipping-taxable","21":"purchasable","22":"product-type-variable"},"acf":{"preview_slider":{"titolo":"","testo":"","video_domanda":false,"link_video":""},"prodotto__immagine_preview":{"immagine":305408},"prodotto__slider":{"sottotitolo":"Ludovica+Roberto Palomba (2023)","titolo":"Die aus mattem, geblasenem Glas hergestellten Hoba-Decken- und Wandleuchten weisen eine asymmetrische und unregelm\u00e4\u00dfige Form auf, die an einen beim Herabfallen kristallisierten Meteoriten erinnert. In verschiedenen Gr\u00f6\u00dfen erh\u00e4ltlich, strahlen sie ein warmes und behagliches Licht aus.","immagini":[{"immagine":415322,"immagine_mobile":""}]},"prodotto__slider_preview":null,"prodotto__specifiche":{"selezione":[{"scheda_tecnica":462921},{"scheda_tecnica":462922},{"scheda_tecnica":462923}]}},"yoast_head":"<!-- This site is optimized with the Yoast SEO Premium plugin v22.4 (Yoast SEO v23.7) - https:\/\/yoast.com\/wordpress\/plugins\/seo\/ -->\n<title>Hoba - Foscarini<\/title>\n<meta name=\"robots\" content=\"index, follow, max-snippet:-1, max-image-preview:large, max-video-preview:-1\" \/>\n<meta property=\"og:locale\" content=\"de_DE\" \/>\n<meta property=\"og:type\" content=\"article\" \/>\n<meta property=\"og:title\" content=\"Hoba\" \/>\n<meta property=\"og:description\" content=\"Lampen mit diffusem Licht und einem Diffusor aus mundgeblasenem Opalinglas. Ein besonderes Glasbl\u00e4severfahren ohne Drehung des Glases in einer offenen Form erm\u00f6glicht asymmetrische und unregelm\u00e4\u00dfige Formen, die leicht voneinander abweichen. Es entsteht eine Kollektion von durchgehend einzigartigen St\u00fccken, die in Serie produziert, aber mit den charakteristischen Merkmalen handgefertigter Kunstwerke versehen sind. Die Halterung besteht aus naturbelassenem Polyamid. In verschiedenen Gr\u00f6\u00dfen erh\u00e4ltlich, wovon einige Flexibilit\u00e4t f\u00fcr die Wand- oder Deckenmontage bieten.\" \/>\n<meta property=\"og:url\" content=\"https:\/\/www.foscarini.com\/de\/produkt\/hoba-std-wc-de\/\" \/>\n<meta property=\"og:site_name\" content=\"Foscarini\" \/>\n<meta property=\"article:modified_time\" content=\"2025-06-11T14:04:53+00:00\" \/>\n<meta property=\"og:image\" content=\"https:\/\/www.foscarini.com\/wp-content\/uploads\/2025\/06\/hoba_w_white_22_786x865-1.jpg\" \/>\n\t<meta property=\"og:image:width\" content=\"786\" \/>\n\t<meta property=\"og:image:height\" content=\"865\" \/>\n\t<meta property=\"og:image:type\" content=\"image\/jpeg\" \/>\n<meta name=\"twitter:card\" content=\"summary_large_image\" \/>\n<meta name=\"twitter:label1\" content=\"Gesch\u00e4tzte Lesezeit\" \/>\n\t<meta name=\"twitter:data1\" content=\"1\u00a0Minute\" \/>\n<script type=\"application\/ld+json\" class=\"yoast-schema-graph\">{\"@context\":\"https:\/\/schema.org\",\"@graph\":[{\"@type\":\"WebPage\",\"@id\":\"https:\/\/www.foscarini.com\/de\/produkt\/hoba-std-wc-de\/\",\"url\":\"https:\/\/www.foscarini.com\/de\/produkt\/hoba-std-wc-de\/\",\"name\":\"Hoba - Foscarini\",\"isPartOf\":{\"@id\":\"https:\/\/www.foscarini.com\/#website\"},\"primaryImageOfPage\":{\"@id\":\"https:\/\/www.foscarini.com\/de\/produkt\/hoba-std-wc-de\/#primaryimage\"},\"image\":{\"@id\":\"https:\/\/www.foscarini.com\/de\/produkt\/hoba-std-wc-de\/#primaryimage\"},\"thumbnailUrl\":\"https:\/\/www.foscarini.com\/wp-content\/uploads\/2025\/06\/hoba_w_white_22_786x865-3.jpg\",\"datePublished\":\"2024-04-09T13:51:26+00:00\",\"dateModified\":\"2025-06-11T14:04:53+00:00\",\"breadcrumb\":{\"@id\":\"https:\/\/www.foscarini.com\/de\/produkt\/hoba-std-wc-de\/#breadcrumb\"},\"inLanguage\":\"de\",\"potentialAction\":[{\"@type\":\"ReadAction\",\"target\":[\"https:\/\/www.foscarini.com\/de\/produkt\/hoba-std-wc-de\/\"]}]},{\"@type\":\"ImageObject\",\"inLanguage\":\"de\",\"@id\":\"https:\/\/www.foscarini.com\/de\/produkt\/hoba-std-wc-de\/#primaryimage\",\"url\":\"https:\/\/www.foscarini.com\/wp-content\/uploads\/2025\/06\/hoba_w_white_22_786x865-3.jpg\",\"contentUrl\":\"https:\/\/www.foscarini.com\/wp-content\/uploads\/2025\/06\/hoba_w_white_22_786x865-3.jpg\",\"width\":786,\"height\":865},{\"@type\":\"BreadcrumbList\",\"@id\":\"https:\/\/www.foscarini.com\/de\/produkt\/hoba-std-wc-de\/#breadcrumb\",\"itemListElement\":[{\"@type\":\"ListItem\",\"position\":1,\"name\":\"Home\",\"item\":\"https:\/\/www.foscarini.com\/de\/\"},{\"@type\":\"ListItem\",\"position\":2,\"name\":\"Shop\",\"item\":\"https:\/\/www.foscarini.com\/de\/shop\/\"},{\"@type\":\"ListItem\",\"position\":3,\"name\":\"Hoba\"}]},{\"@type\":\"WebSite\",\"@id\":\"https:\/\/www.foscarini.com\/#website\",\"url\":\"https:\/\/www.foscarini.com\/\",\"name\":\"Foscarini\",\"description\":\"\",\"potentialAction\":[{\"@type\":\"SearchAction\",\"target\":{\"@type\":\"EntryPoint\",\"urlTemplate\":\"https:\/\/www.foscarini.com\/?s={search_term_string}\"},\"query-input\":{\"@type\":\"PropertyValueSpecification\",\"valueRequired\":true,\"valueName\":\"search_term_string\"}}],\"inLanguage\":\"de\"}]}<\/script>\n<!-- \/ Yoast SEO Premium plugin. -->","yoast_head_json":{"title":"Hoba - Foscarini","robots":{"index":"index","follow":"follow","max-snippet":"max-snippet:-1","max-image-preview":"max-image-preview:large","max-video-preview":"max-video-preview:-1"},"og_locale":"de_DE","og_type":"article","og_title":"Hoba","og_description":"Lampen mit diffusem Licht und einem Diffusor aus mundgeblasenem Opalinglas. Ein besonderes Glasbl\u00e4severfahren ohne Drehung des Glases in einer offenen Form erm\u00f6glicht asymmetrische und unregelm\u00e4\u00dfige Formen, die leicht voneinander abweichen. Es entsteht eine Kollektion von durchgehend einzigartigen St\u00fccken, die in Serie produziert, aber mit den charakteristischen Merkmalen handgefertigter Kunstwerke versehen sind. Die Halterung besteht aus naturbelassenem Polyamid. In verschiedenen Gr\u00f6\u00dfen erh\u00e4ltlich, wovon einige Flexibilit\u00e4t f\u00fcr die Wand- oder Deckenmontage bieten.","og_url":"https:\/\/www.foscarini.com\/de\/produkt\/hoba-std-wc-de\/","og_site_name":"Foscarini","article_modified_time":"2025-06-11T14:04:53+00:00","og_image":[{"width":786,"height":865,"url":"https:\/\/www.foscarini.com\/wp-content\/uploads\/2025\/06\/hoba_w_white_22_786x865-1.jpg","type":"image\/jpeg"}],"twitter_card":"summary_large_image","twitter_misc":{"Gesch\u00e4tzte Lesezeit":"1\u00a0Minute"},"schema":{"@context":"https:\/\/schema.org","@graph":[{"@type":"WebPage","@id":"https:\/\/www.foscarini.com\/de\/produkt\/hoba-std-wc-de\/","url":"https:\/\/www.foscarini.com\/de\/produkt\/hoba-std-wc-de\/","name":"Hoba - Foscarini","isPartOf":{"@id":"https:\/\/www.foscarini.com\/#website"},"primaryImageOfPage":{"@id":"https:\/\/www.foscarini.com\/de\/produkt\/hoba-std-wc-de\/#primaryimage"},"image":{"@id":"https:\/\/www.foscarini.com\/de\/produkt\/hoba-std-wc-de\/#primaryimage"},"thumbnailUrl":"https:\/\/www.foscarini.com\/wp-content\/uploads\/2025\/06\/hoba_w_white_22_786x865-3.jpg","datePublished":"2024-04-09T13:51:26+00:00","dateModified":"2025-06-11T14:04:53+00:00","breadcrumb":{"@id":"https:\/\/www.foscarini.com\/de\/produkt\/hoba-std-wc-de\/#breadcrumb"},"inLanguage":"de","potentialAction":[{"@type":"ReadAction","target":["https:\/\/www.foscarini.com\/de\/produkt\/hoba-std-wc-de\/"]}]},{"@type":"ImageObject","inLanguage":"de","@id":"https:\/\/www.foscarini.com\/de\/produkt\/hoba-std-wc-de\/#primaryimage","url":"https:\/\/www.foscarini.com\/wp-content\/uploads\/2025\/06\/hoba_w_white_22_786x865-3.jpg","contentUrl":"https:\/\/www.foscarini.com\/wp-content\/uploads\/2025\/06\/hoba_w_white_22_786x865-3.jpg","width":786,"height":865},{"@type":"BreadcrumbList","@id":"https:\/\/www.foscarini.com\/de\/produkt\/hoba-std-wc-de\/#breadcrumb","itemListElement":[{"@type":"ListItem","position":1,"name":"Home","item":"https:\/\/www.foscarini.com\/de\/"},{"@type":"ListItem","position":2,"name":"Shop","item":"https:\/\/www.foscarini.com\/de\/shop\/"},{"@type":"ListItem","position":3,"name":"Hoba"}]},{"@type":"WebSite","@id":"https:\/\/www.foscarini.com\/#website","url":"https:\/\/www.foscarini.com\/","name":"Foscarini","description":"","potentialAction":[{"@type":"SearchAction","target":{"@type":"EntryPoint","urlTemplate":"https:\/\/www.foscarini.com\/?s={search_term_string}"},"query-input":{"@type":"PropertyValueSpecification","valueRequired":true,"valueName":"search_term_string"}}],"inLanguage":"de"}]}},"_links":{"self":[{"href":"https:\/\/www.foscarini.com\/de\/wp-json\/wp\/v2\/product\/236347"}],"collection":[{"href":"https:\/\/www.foscarini.com\/de\/wp-json\/wp\/v2\/product"}],"about":[{"href":"https:\/\/www.foscarini.com\/de\/wp-json\/wp\/v2\/types\/product"}],"replies":[{"embeddable":true,"href":"https:\/\/www.foscarini.com\/de\/wp-json\/wp\/v2\/comments?post=236347"}],"wp:featuredmedia":[{"embeddable":true,"href":"https:\/\/www.foscarini.com\/de\/wp-json\/wp\/v2\/media\/468142"}],"wp:attachment":[{"href":"https:\/\/www.foscarini.com\/de\/wp-json\/wp\/v2\/media?parent=236347"}],"wp:term":[{"taxonomy":"product_cat","embeddable":true,"href":"https:\/\/www.foscarini.com\/de\/wp-json\/wp\/v2\/product_cat?post=236347"},{"taxonomy":"product_tag","embeddable":true,"href":"https:\/\/www.foscarini.com\/de\/wp-json\/wp\/v2\/product_tag?post=236347"},{"taxonomy":"materiale","embeddable":true,"href":"https:\/\/www.foscarini.com\/de\/wp-json\/wp\/v2\/materiale?post=236347"},{"taxonomy":"altezza","embeddable":true,"href":"https:\/\/www.foscarini.com\/de\/wp-json\/wp\/v2\/altezza?post=236347"},{"taxonomy":"larghezza","embeddable":true,"href":"https:\/\/www.foscarini.com\/de\/wp-json\/wp\/v2\/larghezza?post=236347"},{"taxonomy":"profondita","embeddable":true,"href":"https:\/\/www.foscarini.com\/de\/wp-json\/wp\/v2\/profondita?post=236347"},{"taxonomy":"peso","embeddable":true,"href":"https:\/\/www.foscarini.com\/de\/wp-json\/wp\/v2\/peso?post=236347"},{"taxonomy":"designer-prodotto","embeddable":true,"href":"https:\/\/www.foscarini.com\/de\/wp-json\/wp\/v2\/designer-prodotto?post=236347"}],"curies":[{"name":"wp","href":"https:\/\/api.w.org\/{rel}","templated":true}]}}