{"id":236253,"date":"2024-04-10T10:01:58","date_gmt":"2024-04-10T10:01:58","guid":{"rendered":"https:\/\/www.foscarini.com\/product\/hoba-std-s\/"},"modified":"2025-06-11T14:00:46","modified_gmt":"2025-06-11T14:00:46","slug":"hoba-std-s-de","status":"publish","type":"product","link":"https:\/\/www.foscarini.com\/de\/produkt\/hoba-std-s-de\/","title":{"rendered":"Hoba"},"content":{"rendered":"<section class=\"pdp__slider full-height-vh\">\n    <div class=\"swiper-container swiper__pdp\">\n        <div class=\"swiper-wrapper full-height\">\n                                <div class=\"swiper-slide\">\n                                                    <img decoding=\"async\" class=\"full-cover\" src=\"https:\/\/www.foscarini.com\/wp-content\/uploads\/2024\/04\/3.4_Hoba-1-150x150.jpg\" srcset=\"https:\/\/www.foscarini.com\/wp-content\/uploads\/2024\/04\/3.4_Hoba-1-199x300.jpg 199w, https:\/\/www.foscarini.com\/wp-content\/uploads\/2024\/04\/3.4_Hoba-1-678x1024.jpg 678w, https:\/\/www.foscarini.com\/wp-content\/uploads\/2024\/04\/3.4_Hoba-1-768x1160.jpg 768w, https:\/\/www.foscarini.com\/wp-content\/uploads\/2024\/04\/3.4_Hoba-1-800x1208.jpg 800w, https:\/\/www.foscarini.com\/wp-content\/uploads\/2024\/04\/3.4_Hoba-1.jpg 980w\" alt=\"\" \/>\n                                                                        <\/div>\n                                        <div class=\"swiper-slide\">\n                                                    <img decoding=\"async\" class=\"full-cover\" src=\"https:\/\/www.foscarini.com\/wp-content\/uploads\/2024\/04\/3.5_Hoba-1-150x150.jpg\" srcset=\"https:\/\/www.foscarini.com\/wp-content\/uploads\/2024\/04\/3.5_Hoba-1-199x300.jpg 199w, https:\/\/www.foscarini.com\/wp-content\/uploads\/2024\/04\/3.5_Hoba-1-678x1024.jpg 678w, https:\/\/www.foscarini.com\/wp-content\/uploads\/2024\/04\/3.5_Hoba-1-768x1160.jpg 768w, https:\/\/www.foscarini.com\/wp-content\/uploads\/2024\/04\/3.5_Hoba-1-800x1208.jpg 800w, https:\/\/www.foscarini.com\/wp-content\/uploads\/2024\/04\/3.5_Hoba-1.jpg 980w\" alt=\"\" \/>\n                                                                        <\/div>\n                                        <div class=\"swiper-slide\">\n                                                    <img decoding=\"async\" class=\"full-cover\" src=\"https:\/\/www.foscarini.com\/wp-content\/uploads\/2024\/04\/3.6_Hoba-1-150x150.jpg\" srcset=\"https:\/\/www.foscarini.com\/wp-content\/uploads\/2024\/04\/3.6_Hoba-1-199x300.jpg 199w, https:\/\/www.foscarini.com\/wp-content\/uploads\/2024\/04\/3.6_Hoba-1-678x1024.jpg 678w, https:\/\/www.foscarini.com\/wp-content\/uploads\/2024\/04\/3.6_Hoba-1-768x1160.jpg 768w, https:\/\/www.foscarini.com\/wp-content\/uploads\/2024\/04\/3.6_Hoba-1-800x1208.jpg 800w, https:\/\/www.foscarini.com\/wp-content\/uploads\/2024\/04\/3.6_Hoba-1.jpg 980w\" alt=\"\" \/>\n                                                                        <\/div>\n                                        <div class=\"swiper-slide\">\n                                                    <img decoding=\"async\" class=\"full-cover\" src=\"https:\/\/www.foscarini.com\/wp-content\/uploads\/2024\/04\/3.9_Hoba-150x150.jpg\" srcset=\"https:\/\/www.foscarini.com\/wp-content\/uploads\/2024\/04\/3.9_Hoba-199x300.jpg 199w, https:\/\/www.foscarini.com\/wp-content\/uploads\/2024\/04\/3.9_Hoba-678x1024.jpg 678w, https:\/\/www.foscarini.com\/wp-content\/uploads\/2024\/04\/3.9_Hoba-768x1160.jpg 768w, https:\/\/www.foscarini.com\/wp-content\/uploads\/2024\/04\/3.9_Hoba-800x1208.jpg 800w, https:\/\/www.foscarini.com\/wp-content\/uploads\/2024\/04\/3.9_Hoba.jpg 980w\" alt=\"\" \/>\n                                                                        <\/div>\n                                        <div class=\"swiper-slide\">\n                                                    <img decoding=\"async\" class=\"full-cover\" src=\"https:\/\/www.foscarini.com\/wp-content\/uploads\/2024\/04\/3.10_Hoba-1-150x150.jpg\" srcset=\"https:\/\/www.foscarini.com\/wp-content\/uploads\/2024\/04\/3.10_Hoba-1-199x300.jpg 199w, https:\/\/www.foscarini.com\/wp-content\/uploads\/2024\/04\/3.10_Hoba-1-678x1024.jpg 678w, https:\/\/www.foscarini.com\/wp-content\/uploads\/2024\/04\/3.10_Hoba-1-768x1160.jpg 768w, https:\/\/www.foscarini.com\/wp-content\/uploads\/2024\/04\/3.10_Hoba-1-800x1208.jpg 800w, https:\/\/www.foscarini.com\/wp-content\/uploads\/2024\/04\/3.10_Hoba-1.jpg 980w\" alt=\"\" \/>\n                                                                        <\/div>\n                            <\/div>\n    <\/div>\n    <div class=\"swiper-scrollbar\"><\/div>\n    <div class=\"ct-arrow\">\n        <div class=\"swiper-button-prev\"><\/div>\n        <div class=\"swiper-button-next\"><\/div>\n    <\/div>\n<\/section><div class=\"wp-block-columns two_image_join two_image_join_affiancate on_off_block is-layout-flex wp-container-core-columns-is-layout-1 wp-block-columns-is-layout-flex\"><div class=\"wp-block-column is-layout-flow wp-block-column-is-layout-flow\"><div class=\"wp-block-getwid-image-hotspot\" data-appearance-animation=\"none\" data-image-points=\"[{&quot;link&quot;:&quot;&quot;,&quot;icon&quot;:&quot;&quot;,&quot;title&quot;:&quot;acceso&quot;,&quot;color&quot;:&quot;&quot;,&quot;content&quot;:&quot;&quot;,&quot;backgroundColor&quot;:&quot;&quot;,&quot;newTab&quot;:false,&quot;popUpOpen&quot;:false,&quot;popUpWidth&quot;:350,&quot;placement&quot;:&quot;top&quot;,&quot;position&quot;:{&quot;x&quot;:&quot;40.89%&quot;,&quot;y&quot;:&quot;25.99%&quot;}}]\" data-trigger=\"click\" data-theme=\"light\" data-tooltip-animation=\"shift-toward\" data-arrow=\"true\"><div class=\"wp-block-getwid-image-hotspot__wrapper\"><img loading=\"lazy\" decoding=\"async\" width=\"2560\" height=\"1591\" src=\"https:\/\/www.foscarini.com\/wp-content\/uploads\/2024\/04\/4.1-OFF_Hoba-1-scaled.jpg\" alt=\"\" class=\"wp-block-getwid-image-hotspot__image wp-image-236218\" srcset=\"https:\/\/www.foscarini.com\/wp-content\/uploads\/2024\/04\/4.1-OFF_Hoba-1-scaled.jpg 2560w, https:\/\/www.foscarini.com\/wp-content\/uploads\/2024\/04\/4.1-OFF_Hoba-1-300x186.jpg 300w, https:\/\/www.foscarini.com\/wp-content\/uploads\/2024\/04\/4.1-OFF_Hoba-1-1024x636.jpg 1024w, https:\/\/www.foscarini.com\/wp-content\/uploads\/2024\/04\/4.1-OFF_Hoba-1-768x477.jpg 768w, https:\/\/www.foscarini.com\/wp-content\/uploads\/2024\/04\/4.1-OFF_Hoba-1-1536x955.jpg 1536w, https:\/\/www.foscarini.com\/wp-content\/uploads\/2024\/04\/4.1-OFF_Hoba-1-2048x1273.jpg 2048w, https:\/\/www.foscarini.com\/wp-content\/uploads\/2024\/04\/4.1-OFF_Hoba-1-800x497.jpg 800w\" sizes=\"(max-width: 2560px) 100vw, 2560px\" \/><div data-point-id=\"0\" class=\"wp-block-getwid-image-hotspot__dot has-animation-pulse\" style=\"left:40.89%;top:25.99%\"><div class=\"wp-block-getwid-image-hotspot__dot-wrapper\"><div class=\"wp-block-getwid-image-hotspot__dot-content\"><i class=\"fas fa-plus wp-block-getwid-image-hotspot__dot-icon\"><\/i><\/div><\/div><div class=\"wp-block-getwid-image-hotspot__dot-description\"><div class=\"wp-block-getwid-image-hotspot__dot-title\">acceso<\/div><\/div><\/div><\/div><\/div>\n\n<figure class=\"wp-block-image size-large absolute_image\"><img loading=\"lazy\" decoding=\"async\" width=\"1024\" height=\"636\" src=\"https:\/\/www.foscarini.com\/wp-content\/uploads\/2024\/04\/4.2-ON_Hoba-1-1024x636.jpg\" alt=\"\" class=\"wp-image-236225\" srcset=\"https:\/\/www.foscarini.com\/wp-content\/uploads\/2024\/04\/4.2-ON_Hoba-1-1024x636.jpg 1024w, https:\/\/www.foscarini.com\/wp-content\/uploads\/2024\/04\/4.2-ON_Hoba-1-300x186.jpg 300w, https:\/\/www.foscarini.com\/wp-content\/uploads\/2024\/04\/4.2-ON_Hoba-1-768x477.jpg 768w, https:\/\/www.foscarini.com\/wp-content\/uploads\/2024\/04\/4.2-ON_Hoba-1-1536x955.jpg 1536w, https:\/\/www.foscarini.com\/wp-content\/uploads\/2024\/04\/4.2-ON_Hoba-1-2048x1273.jpg 2048w, https:\/\/www.foscarini.com\/wp-content\/uploads\/2024\/04\/4.2-ON_Hoba-1-800x497.jpg 800w\" sizes=\"(max-width: 1024px) 100vw, 1024px\" \/><\/figure><\/div><\/div>","protected":false},"excerpt":{"rendered":"<p>H\u00e4ngeleuchte mit diffusem Licht. Hoba inspiriert sich in ihrer asymmetrischen und unregelm\u00e4\u00dfigen Form am gleichnamigen Meteorit, der 1920 in Namibia entdeckt wurde. Diffusor aus mundgeblasenem, ge\u00e4tztem Opalglas bei einem Blasverfahren f\u00fcr in der offenen Form nicht gedrehtes Glas, das es erm\u00f6glicht, untereinander leicht verschiedene Formen zu erhalten. Eine Kollektion aus stets unterschiedlichen Exemplaren, welche serienm\u00e4\u00dfig hergestellt werden, jedoch mit den einzigartigen Merkmalen der Handfertigung. Das warme und behagliche Licht ist ideal, um die Bereiche sowohl allein als auch in Kompositionen zu beleuchten, die die erh\u00e4ltlichen unterschiedlichen Gr\u00f6\u00dfen nutzen. Aufh\u00e4ngungssystem mit selbsttragendem Kabel bei der kleinen und mittleren Ausf\u00fchrung; mittlere und gro\u00dfe Ausf\u00fchrung mit Stahlkabel und transparentem Stromkabel.<\/p>\n","protected":false},"featured_media":468060,"comment_status":"open","ping_status":"closed","template":"","meta":{"_acf_changed":true},"product_cat":[650,715,746,6793,939],"product_tag":[],"materiale":[8163],"altezza":[12240],"larghezza":[11526],"profondita":[11455],"peso":[9022],"designer-prodotto":[7982],"class_list":{"0":"post-236253","1":"product","2":"type-product","3":"status-publish","4":"has-post-thumbnail","6":"product_cat-concetto-de","7":"product_cat-funzione-de","8":"product_cat-sospensione-de","9":"product_cat-hoba-famiglia-de","10":"product_cat-hoba-concetto-de","11":"materiale-vetro-e-vetro-soffiato-de","12":"altezza-9-34-de","13":"larghezza-9-12-de","14":"profondita-9-14-de","15":"peso-24-de","16":"designer-prodotto-luca-nichetto-de","18":"first","19":"instock","20":"shipping-taxable","21":"purchasable","22":"product-type-variable"},"acf":{"preview_slider":{"titolo":"","testo":"","video_domanda":false,"link_video":""},"prodotto__immagine_preview":{"immagine":305356},"prodotto__slider":{"sottotitolo":"Ludovica+Roberto Palomba (2023)","titolo":"Die H\u00e4ngeleuchte Hoba, die aus mattem, geblasenem Glas hergestellt wird, das von unregelm\u00e4\u00dfigen Mulden gepr\u00e4gt ist, \u00e4hnelt einem vom Himmel gefallenen Stein. Mit ihrem warmen und behaglichen Licht ist sie ideal, um die Bereiche sowohl allein als auch in Kompositionen mit unterschiedlichen Gr\u00f6\u00dfen zu beleuchten.","immagini":[{"immagine":308816,"immagine_mobile":""}]},"prodotto__slider_preview":null,"prodotto__specifiche":{"selezione":[{"scheda_tecnica":462812},{"scheda_tecnica":462813},{"scheda_tecnica":462814},{"scheda_tecnica":462815},{"scheda_tecnica":462816},{"scheda_tecnica":462817},{"scheda_tecnica":462818}]}},"yoast_head":"<!-- This site is optimized with the Yoast SEO Premium plugin v22.4 (Yoast SEO v23.7) - https:\/\/yoast.com\/wordpress\/plugins\/seo\/ -->\n<title>Hoba - Foscarini<\/title>\n<meta name=\"robots\" content=\"index, follow, max-snippet:-1, max-image-preview:large, max-video-preview:-1\" \/>\n<meta property=\"og:locale\" content=\"de_DE\" \/>\n<meta property=\"og:type\" content=\"article\" \/>\n<meta property=\"og:title\" content=\"Hoba\" \/>\n<meta property=\"og:description\" content=\"H\u00e4ngeleuchte mit diffusem Licht. Hoba inspiriert sich in ihrer asymmetrischen und unregelm\u00e4\u00dfigen Form am gleichnamigen Meteorit, der 1920 in Namibia entdeckt wurde. Diffusor aus mundgeblasenem, ge\u00e4tztem Opalglas bei einem Blasverfahren f\u00fcr in der offenen Form nicht gedrehtes Glas, das es erm\u00f6glicht, untereinander leicht verschiedene Formen zu erhalten. Eine Kollektion aus stets unterschiedlichen Exemplaren, welche serienm\u00e4\u00dfig hergestellt werden, jedoch mit den einzigartigen Merkmalen der Handfertigung. Das warme und behagliche Licht ist ideal, um die Bereiche sowohl allein als auch in Kompositionen zu beleuchten, die die erh\u00e4ltlichen unterschiedlichen Gr\u00f6\u00dfen nutzen. Aufh\u00e4ngungssystem mit selbsttragendem Kabel bei der kleinen und mittleren Ausf\u00fchrung; mittlere und gro\u00dfe Ausf\u00fchrung mit Stahlkabel und transparentem Stromkabel.\" \/>\n<meta property=\"og:url\" content=\"https:\/\/www.foscarini.com\/de\/produkt\/hoba-std-s-de\/\" \/>\n<meta property=\"og:site_name\" content=\"Foscarini\" \/>\n<meta property=\"article:modified_time\" content=\"2025-06-11T14:00:46+00:00\" \/>\n<meta property=\"og:image\" content=\"https:\/\/www.foscarini.com\/wp-content\/uploads\/2025\/06\/hoba_s_white_22_786x865-1.jpg\" \/>\n\t<meta property=\"og:image:width\" content=\"786\" \/>\n\t<meta property=\"og:image:height\" content=\"865\" \/>\n\t<meta property=\"og:image:type\" content=\"image\/jpeg\" \/>\n<meta name=\"twitter:card\" content=\"summary_large_image\" \/>\n<meta name=\"twitter:label1\" content=\"Gesch\u00e4tzte Lesezeit\" \/>\n\t<meta name=\"twitter:data1\" content=\"1\u00a0Minute\" \/>\n<script type=\"application\/ld+json\" class=\"yoast-schema-graph\">{\"@context\":\"https:\/\/schema.org\",\"@graph\":[{\"@type\":\"WebPage\",\"@id\":\"https:\/\/www.foscarini.com\/de\/produkt\/hoba-std-s-de\/\",\"url\":\"https:\/\/www.foscarini.com\/de\/produkt\/hoba-std-s-de\/\",\"name\":\"Hoba - Foscarini\",\"isPartOf\":{\"@id\":\"https:\/\/www.foscarini.com\/#website\"},\"primaryImageOfPage\":{\"@id\":\"https:\/\/www.foscarini.com\/de\/produkt\/hoba-std-s-de\/#primaryimage\"},\"image\":{\"@id\":\"https:\/\/www.foscarini.com\/de\/produkt\/hoba-std-s-de\/#primaryimage\"},\"thumbnailUrl\":\"https:\/\/www.foscarini.com\/wp-content\/uploads\/2025\/06\/hoba_s_white_22_786x865-3.jpg\",\"datePublished\":\"2024-04-10T10:01:58+00:00\",\"dateModified\":\"2025-06-11T14:00:46+00:00\",\"breadcrumb\":{\"@id\":\"https:\/\/www.foscarini.com\/de\/produkt\/hoba-std-s-de\/#breadcrumb\"},\"inLanguage\":\"de\",\"potentialAction\":[{\"@type\":\"ReadAction\",\"target\":[\"https:\/\/www.foscarini.com\/de\/produkt\/hoba-std-s-de\/\"]}]},{\"@type\":\"ImageObject\",\"inLanguage\":\"de\",\"@id\":\"https:\/\/www.foscarini.com\/de\/produkt\/hoba-std-s-de\/#primaryimage\",\"url\":\"https:\/\/www.foscarini.com\/wp-content\/uploads\/2025\/06\/hoba_s_white_22_786x865-3.jpg\",\"contentUrl\":\"https:\/\/www.foscarini.com\/wp-content\/uploads\/2025\/06\/hoba_s_white_22_786x865-3.jpg\",\"width\":786,\"height\":865},{\"@type\":\"BreadcrumbList\",\"@id\":\"https:\/\/www.foscarini.com\/de\/produkt\/hoba-std-s-de\/#breadcrumb\",\"itemListElement\":[{\"@type\":\"ListItem\",\"position\":1,\"name\":\"Home\",\"item\":\"https:\/\/www.foscarini.com\/de\/\"},{\"@type\":\"ListItem\",\"position\":2,\"name\":\"Shop\",\"item\":\"https:\/\/www.foscarini.com\/de\/shop\/\"},{\"@type\":\"ListItem\",\"position\":3,\"name\":\"Hoba\"}]},{\"@type\":\"WebSite\",\"@id\":\"https:\/\/www.foscarini.com\/#website\",\"url\":\"https:\/\/www.foscarini.com\/\",\"name\":\"Foscarini\",\"description\":\"\",\"potentialAction\":[{\"@type\":\"SearchAction\",\"target\":{\"@type\":\"EntryPoint\",\"urlTemplate\":\"https:\/\/www.foscarini.com\/?s={search_term_string}\"},\"query-input\":{\"@type\":\"PropertyValueSpecification\",\"valueRequired\":true,\"valueName\":\"search_term_string\"}}],\"inLanguage\":\"de\"}]}<\/script>\n<!-- \/ Yoast SEO Premium plugin. -->","yoast_head_json":{"title":"Hoba - Foscarini","robots":{"index":"index","follow":"follow","max-snippet":"max-snippet:-1","max-image-preview":"max-image-preview:large","max-video-preview":"max-video-preview:-1"},"og_locale":"de_DE","og_type":"article","og_title":"Hoba","og_description":"H\u00e4ngeleuchte mit diffusem Licht. Hoba inspiriert sich in ihrer asymmetrischen und unregelm\u00e4\u00dfigen Form am gleichnamigen Meteorit, der 1920 in Namibia entdeckt wurde. Diffusor aus mundgeblasenem, ge\u00e4tztem Opalglas bei einem Blasverfahren f\u00fcr in der offenen Form nicht gedrehtes Glas, das es erm\u00f6glicht, untereinander leicht verschiedene Formen zu erhalten. Eine Kollektion aus stets unterschiedlichen Exemplaren, welche serienm\u00e4\u00dfig hergestellt werden, jedoch mit den einzigartigen Merkmalen der Handfertigung. Das warme und behagliche Licht ist ideal, um die Bereiche sowohl allein als auch in Kompositionen zu beleuchten, die die erh\u00e4ltlichen unterschiedlichen Gr\u00f6\u00dfen nutzen. Aufh\u00e4ngungssystem mit selbsttragendem Kabel bei der kleinen und mittleren Ausf\u00fchrung; mittlere und gro\u00dfe Ausf\u00fchrung mit Stahlkabel und transparentem Stromkabel.","og_url":"https:\/\/www.foscarini.com\/de\/produkt\/hoba-std-s-de\/","og_site_name":"Foscarini","article_modified_time":"2025-06-11T14:00:46+00:00","og_image":[{"width":786,"height":865,"url":"https:\/\/www.foscarini.com\/wp-content\/uploads\/2025\/06\/hoba_s_white_22_786x865-1.jpg","type":"image\/jpeg"}],"twitter_card":"summary_large_image","twitter_misc":{"Gesch\u00e4tzte Lesezeit":"1\u00a0Minute"},"schema":{"@context":"https:\/\/schema.org","@graph":[{"@type":"WebPage","@id":"https:\/\/www.foscarini.com\/de\/produkt\/hoba-std-s-de\/","url":"https:\/\/www.foscarini.com\/de\/produkt\/hoba-std-s-de\/","name":"Hoba - Foscarini","isPartOf":{"@id":"https:\/\/www.foscarini.com\/#website"},"primaryImageOfPage":{"@id":"https:\/\/www.foscarini.com\/de\/produkt\/hoba-std-s-de\/#primaryimage"},"image":{"@id":"https:\/\/www.foscarini.com\/de\/produkt\/hoba-std-s-de\/#primaryimage"},"thumbnailUrl":"https:\/\/www.foscarini.com\/wp-content\/uploads\/2025\/06\/hoba_s_white_22_786x865-3.jpg","datePublished":"2024-04-10T10:01:58+00:00","dateModified":"2025-06-11T14:00:46+00:00","breadcrumb":{"@id":"https:\/\/www.foscarini.com\/de\/produkt\/hoba-std-s-de\/#breadcrumb"},"inLanguage":"de","potentialAction":[{"@type":"ReadAction","target":["https:\/\/www.foscarini.com\/de\/produkt\/hoba-std-s-de\/"]}]},{"@type":"ImageObject","inLanguage":"de","@id":"https:\/\/www.foscarini.com\/de\/produkt\/hoba-std-s-de\/#primaryimage","url":"https:\/\/www.foscarini.com\/wp-content\/uploads\/2025\/06\/hoba_s_white_22_786x865-3.jpg","contentUrl":"https:\/\/www.foscarini.com\/wp-content\/uploads\/2025\/06\/hoba_s_white_22_786x865-3.jpg","width":786,"height":865},{"@type":"BreadcrumbList","@id":"https:\/\/www.foscarini.com\/de\/produkt\/hoba-std-s-de\/#breadcrumb","itemListElement":[{"@type":"ListItem","position":1,"name":"Home","item":"https:\/\/www.foscarini.com\/de\/"},{"@type":"ListItem","position":2,"name":"Shop","item":"https:\/\/www.foscarini.com\/de\/shop\/"},{"@type":"ListItem","position":3,"name":"Hoba"}]},{"@type":"WebSite","@id":"https:\/\/www.foscarini.com\/#website","url":"https:\/\/www.foscarini.com\/","name":"Foscarini","description":"","potentialAction":[{"@type":"SearchAction","target":{"@type":"EntryPoint","urlTemplate":"https:\/\/www.foscarini.com\/?s={search_term_string}"},"query-input":{"@type":"PropertyValueSpecification","valueRequired":true,"valueName":"search_term_string"}}],"inLanguage":"de"}]}},"_links":{"self":[{"href":"https:\/\/www.foscarini.com\/de\/wp-json\/wp\/v2\/product\/236253"}],"collection":[{"href":"https:\/\/www.foscarini.com\/de\/wp-json\/wp\/v2\/product"}],"about":[{"href":"https:\/\/www.foscarini.com\/de\/wp-json\/wp\/v2\/types\/product"}],"replies":[{"embeddable":true,"href":"https:\/\/www.foscarini.com\/de\/wp-json\/wp\/v2\/comments?post=236253"}],"wp:featuredmedia":[{"embeddable":true,"href":"https:\/\/www.foscarini.com\/de\/wp-json\/wp\/v2\/media\/468060"}],"wp:attachment":[{"href":"https:\/\/www.foscarini.com\/de\/wp-json\/wp\/v2\/media?parent=236253"}],"wp:term":[{"taxonomy":"product_cat","embeddable":true,"href":"https:\/\/www.foscarini.com\/de\/wp-json\/wp\/v2\/product_cat?post=236253"},{"taxonomy":"product_tag","embeddable":true,"href":"https:\/\/www.foscarini.com\/de\/wp-json\/wp\/v2\/product_tag?post=236253"},{"taxonomy":"materiale","embeddable":true,"href":"https:\/\/www.foscarini.com\/de\/wp-json\/wp\/v2\/materiale?post=236253"},{"taxonomy":"altezza","embeddable":true,"href":"https:\/\/www.foscarini.com\/de\/wp-json\/wp\/v2\/altezza?post=236253"},{"taxonomy":"larghezza","embeddable":true,"href":"https:\/\/www.foscarini.com\/de\/wp-json\/wp\/v2\/larghezza?post=236253"},{"taxonomy":"profondita","embeddable":true,"href":"https:\/\/www.foscarini.com\/de\/wp-json\/wp\/v2\/profondita?post=236253"},{"taxonomy":"peso","embeddable":true,"href":"https:\/\/www.foscarini.com\/de\/wp-json\/wp\/v2\/peso?post=236253"},{"taxonomy":"designer-prodotto","embeddable":true,"href":"https:\/\/www.foscarini.com\/de\/wp-json\/wp\/v2\/designer-prodotto?post=236253"}],"curies":[{"name":"wp","href":"https:\/\/api.w.org\/{rel}","templated":true}]}}