{"id":216696,"date":"2024-03-28T17:56:41","date_gmt":"2024-03-28T17:56:41","guid":{"rendered":"https:\/\/www.foscarini.com\/product\/cri-cri-outdoor-std-ot\/"},"modified":"2025-06-11T12:00:03","modified_gmt":"2025-06-11T12:00:03","slug":"cri-cri-outdoor-std-ot-de","status":"publish","type":"product","link":"https:\/\/www.foscarini.com\/de\/produkt\/cri-cri-outdoor-std-ot-de\/","title":{"rendered":"Cri Cri Outdoor Tavolo"},"content":{"rendered":"<p>Lampada da tavolo senza fili, da esterno o da interno, da appendere o appoggiare dove si vuole. Intensit\u00e0 luminosa regolabile su tre livelli. Si richiude su s\u00e9 stessa, per un ingombro minimo quando non in uso.<\/p><section class=\"pdp__slider full-height-vh\">\n    <div class=\"swiper-container swiper__pdp\">\n        <div class=\"swiper-wrapper full-height\">\n                                <div class=\"swiper-slide\">\n                                                    <img decoding=\"async\" class=\"full-cover\" src=\"https:\/\/www.foscarini.com\/wp-content\/uploads\/2024\/03\/3.1_CriCri-150x150.jpg\" srcset=\"https:\/\/www.foscarini.com\/wp-content\/uploads\/2024\/03\/3.1_CriCri-300x200.jpg 300w, https:\/\/www.foscarini.com\/wp-content\/uploads\/2024\/03\/3.1_CriCri-1024x683.jpg 1024w, https:\/\/www.foscarini.com\/wp-content\/uploads\/2024\/03\/3.1_CriCri-768x512.jpg 768w, https:\/\/www.foscarini.com\/wp-content\/uploads\/2024\/03\/3.1_CriCri-1536x1024.jpg 1536w, https:\/\/www.foscarini.com\/wp-content\/uploads\/2024\/03\/3.1_CriCri-2048x1365.jpg 2048w, https:\/\/www.foscarini.com\/wp-content\/uploads\/2024\/03\/3.1_CriCri-800x533.jpg 800w\" alt=\"\" \/>\n                                                                        <\/div>\n                                        <div class=\"swiper-slide\">\n                                                    <img decoding=\"async\" class=\"full-cover\" src=\"https:\/\/www.foscarini.com\/wp-content\/uploads\/2024\/03\/3.2_CriCri-150x150.jpg\" srcset=\"https:\/\/www.foscarini.com\/wp-content\/uploads\/2024\/03\/3.2_CriCri-300x200.jpg 300w, https:\/\/www.foscarini.com\/wp-content\/uploads\/2024\/03\/3.2_CriCri-1024x683.jpg 1024w, https:\/\/www.foscarini.com\/wp-content\/uploads\/2024\/03\/3.2_CriCri-768x512.jpg 768w, https:\/\/www.foscarini.com\/wp-content\/uploads\/2024\/03\/3.2_CriCri-1536x1024.jpg 1536w, https:\/\/www.foscarini.com\/wp-content\/uploads\/2024\/03\/3.2_CriCri-2048x1365.jpg 2048w, https:\/\/www.foscarini.com\/wp-content\/uploads\/2024\/03\/3.2_CriCri-800x533.jpg 800w\" alt=\"\" \/>\n                                                                        <\/div>\n                                        <div class=\"swiper-slide\">\n                                                    <img decoding=\"async\" class=\"full-cover\" src=\"https:\/\/www.foscarini.com\/wp-content\/uploads\/2024\/03\/3.3_CriCri-150x150.jpg\" srcset=\"https:\/\/www.foscarini.com\/wp-content\/uploads\/2024\/03\/3.3_CriCri-300x200.jpg 300w, https:\/\/www.foscarini.com\/wp-content\/uploads\/2024\/03\/3.3_CriCri-1024x683.jpg 1024w, https:\/\/www.foscarini.com\/wp-content\/uploads\/2024\/03\/3.3_CriCri-768x512.jpg 768w, https:\/\/www.foscarini.com\/wp-content\/uploads\/2024\/03\/3.3_CriCri-1536x1024.jpg 1536w, https:\/\/www.foscarini.com\/wp-content\/uploads\/2024\/03\/3.3_CriCri-2048x1365.jpg 2048w, https:\/\/www.foscarini.com\/wp-content\/uploads\/2024\/03\/3.3_CriCri-800x533.jpg 800w\" alt=\"\" \/>\n                                                                        <\/div>\n                                        <div class=\"swiper-slide\">\n                                                    <img decoding=\"async\" class=\"full-cover\" src=\"https:\/\/www.foscarini.com\/wp-content\/uploads\/2024\/03\/3.4_CriCri-150x150.jpg\" srcset=\"https:\/\/www.foscarini.com\/wp-content\/uploads\/2024\/03\/3.4_CriCri-199x300.jpg 199w, https:\/\/www.foscarini.com\/wp-content\/uploads\/2024\/03\/3.4_CriCri-678x1024.jpg 678w, https:\/\/www.foscarini.com\/wp-content\/uploads\/2024\/03\/3.4_CriCri-768x1160.jpg 768w, https:\/\/www.foscarini.com\/wp-content\/uploads\/2024\/03\/3.4_CriCri-800x1208.jpg 800w, https:\/\/www.foscarini.com\/wp-content\/uploads\/2024\/03\/3.4_CriCri.jpg 980w\" alt=\"\" \/>\n                                                                        <\/div>\n                                        <div class=\"swiper-slide\">\n                                                    <img decoding=\"async\" class=\"full-cover\" src=\"https:\/\/www.foscarini.com\/wp-content\/uploads\/2024\/03\/3.5_CriCri-150x150.jpg\" srcset=\"https:\/\/www.foscarini.com\/wp-content\/uploads\/2024\/03\/3.5_CriCri-300x200.jpg 300w, https:\/\/www.foscarini.com\/wp-content\/uploads\/2024\/03\/3.5_CriCri-1024x683.jpg 1024w, https:\/\/www.foscarini.com\/wp-content\/uploads\/2024\/03\/3.5_CriCri-768x512.jpg 768w, https:\/\/www.foscarini.com\/wp-content\/uploads\/2024\/03\/3.5_CriCri-1536x1024.jpg 1536w, https:\/\/www.foscarini.com\/wp-content\/uploads\/2024\/03\/3.5_CriCri-2048x1365.jpg 2048w, https:\/\/www.foscarini.com\/wp-content\/uploads\/2024\/03\/3.5_CriCri-800x533.jpg 800w\" alt=\"\" \/>\n                                                                        <\/div>\n                                        <div class=\"swiper-slide\">\n                                                    <img decoding=\"async\" class=\"full-cover\" src=\"https:\/\/www.foscarini.com\/wp-content\/uploads\/2024\/03\/3.6_CriCri-150x150.jpg\" srcset=\"https:\/\/www.foscarini.com\/wp-content\/uploads\/2024\/03\/3.6_CriCri-300x200.jpg 300w, https:\/\/www.foscarini.com\/wp-content\/uploads\/2024\/03\/3.6_CriCri-1024x683.jpg 1024w, https:\/\/www.foscarini.com\/wp-content\/uploads\/2024\/03\/3.6_CriCri-768x512.jpg 768w, https:\/\/www.foscarini.com\/wp-content\/uploads\/2024\/03\/3.6_CriCri-1536x1024.jpg 1536w, https:\/\/www.foscarini.com\/wp-content\/uploads\/2024\/03\/3.6_CriCri-2048x1365.jpg 2048w, https:\/\/www.foscarini.com\/wp-content\/uploads\/2024\/03\/3.6_CriCri-800x533.jpg 800w\" alt=\"\" \/>\n                                                                        <\/div>\n                                        <div class=\"swiper-slide\">\n                                                    <img decoding=\"async\" class=\"full-cover\" src=\"https:\/\/www.foscarini.com\/wp-content\/uploads\/2024\/03\/3.7_CriCri-150x150.jpg\" srcset=\"https:\/\/www.foscarini.com\/wp-content\/uploads\/2024\/03\/3.7_CriCri-300x200.jpg 300w, https:\/\/www.foscarini.com\/wp-content\/uploads\/2024\/03\/3.7_CriCri-1024x683.jpg 1024w, https:\/\/www.foscarini.com\/wp-content\/uploads\/2024\/03\/3.7_CriCri-768x512.jpg 768w, https:\/\/www.foscarini.com\/wp-content\/uploads\/2024\/03\/3.7_CriCri-1536x1024.jpg 1536w, https:\/\/www.foscarini.com\/wp-content\/uploads\/2024\/03\/3.7_CriCri-2048x1365.jpg 2048w, https:\/\/www.foscarini.com\/wp-content\/uploads\/2024\/03\/3.7_CriCri-800x533.jpg 800w\" alt=\"\" \/>\n                                                                        <\/div>\n                                        <div class=\"swiper-slide\">\n                                                    <img decoding=\"async\" class=\"full-cover\" src=\"https:\/\/www.foscarini.com\/wp-content\/uploads\/2024\/03\/3.8_CriCri-150x150.jpg\" srcset=\"https:\/\/www.foscarini.com\/wp-content\/uploads\/2024\/03\/3.8_CriCri-300x200.jpg 300w, https:\/\/www.foscarini.com\/wp-content\/uploads\/2024\/03\/3.8_CriCri-1024x683.jpg 1024w, https:\/\/www.foscarini.com\/wp-content\/uploads\/2024\/03\/3.8_CriCri-768x512.jpg 768w, https:\/\/www.foscarini.com\/wp-content\/uploads\/2024\/03\/3.8_CriCri-1536x1024.jpg 1536w, https:\/\/www.foscarini.com\/wp-content\/uploads\/2024\/03\/3.8_CriCri-2048x1365.jpg 2048w, https:\/\/www.foscarini.com\/wp-content\/uploads\/2024\/03\/3.8_CriCri-800x533.jpg 800w\" alt=\"\" \/>\n                                                                        <\/div>\n                                        <div class=\"swiper-slide\">\n                                                    <img decoding=\"async\" class=\"full-cover\" src=\"https:\/\/www.foscarini.com\/wp-content\/uploads\/2024\/03\/3.9_CriCri-150x150.jpg\" srcset=\"https:\/\/www.foscarini.com\/wp-content\/uploads\/2024\/03\/3.9_CriCri-254x300.jpg 254w, https:\/\/www.foscarini.com\/wp-content\/uploads\/2024\/03\/3.9_CriCri-866x1024.jpg 866w, https:\/\/www.foscarini.com\/wp-content\/uploads\/2024\/03\/3.9_CriCri-768x908.jpg 768w, https:\/\/www.foscarini.com\/wp-content\/uploads\/2024\/03\/3.9_CriCri-800x946.jpg 800w, https:\/\/www.foscarini.com\/wp-content\/uploads\/2024\/03\/3.9_CriCri.jpg 1252w\" alt=\"\" \/>\n                                                                        <\/div>\n                                        <div class=\"swiper-slide\">\n                                                    <img decoding=\"async\" class=\"full-cover\" src=\"https:\/\/www.foscarini.com\/wp-content\/uploads\/2024\/03\/3.10_CriCri-150x150.jpg\" srcset=\"https:\/\/www.foscarini.com\/wp-content\/uploads\/2024\/03\/3.10_CriCri-254x300.jpg 254w, https:\/\/www.foscarini.com\/wp-content\/uploads\/2024\/03\/3.10_CriCri-866x1024.jpg 866w, https:\/\/www.foscarini.com\/wp-content\/uploads\/2024\/03\/3.10_CriCri-768x908.jpg 768w, https:\/\/www.foscarini.com\/wp-content\/uploads\/2024\/03\/3.10_CriCri-800x946.jpg 800w, https:\/\/www.foscarini.com\/wp-content\/uploads\/2024\/03\/3.10_CriCri.jpg 1252w\" alt=\"\" \/>\n                                                                        <\/div>\n                            <\/div>\n    <\/div>\n    <div class=\"swiper-scrollbar\"><\/div>\n    <div class=\"ct-arrow\">\n        <div class=\"swiper-button-prev\"><\/div>\n        <div class=\"swiper-button-next\"><\/div>\n    <\/div>\n<\/section><section class=\"concept__project_comunication full-height-vh\">\n    <div class=\"row row-large\">\n        <div class=\"medium-12 small-12 columns full-height no-padding-right-mobile\">\n            <div class=\"ct-image-text-lateral\">\n                <div class=\"ct-arrow\">\n                    <div class=\"swiper-button-prev\" aria-label=\"previous slide\"><\/div>\n                    <div class=\"swiper-button-next\" aria-label=\"next slide\"><\/div>\n                <\/div>\n                <span class=\"section-name-lateral\">Verlagsinhalte<\/span>\n                <!-- Swiper -->\n                <div class=\"swiper-container swiper__concept__comunication\">\n                    <div class=\"swiper-wrapper\">\n                                                            <div class=\"swiper-slide\">\n                                        <div class=\"ct-slide\">\n                                                                                                <img decoding=\"async\" class=\"full-cover\" src=\"https:\/\/www.foscarini.com\/wp-content\/uploads\/2023\/12\/Modulo1_Bruni-150x150.jpg\" srcset=\"https:\/\/www.foscarini.com\/wp-content\/uploads\/2023\/12\/Modulo1_Bruni-300x194.jpg 300w, https:\/\/www.foscarini.com\/wp-content\/uploads\/2023\/12\/Modulo1_Bruni-800x518.jpg 800w, https:\/\/www.foscarini.com\/wp-content\/uploads\/2023\/12\/Modulo1_Bruni-1024x663.jpg 1024w, https:\/\/www.foscarini.com\/wp-content\/uploads\/2023\/12\/Modulo1_Bruni-768x498.jpg 768w, https:\/\/www.foscarini.com\/wp-content\/uploads\/2023\/12\/Modulo1_Bruni-1536x995.jpg 1536w, https:\/\/www.foscarini.com\/wp-content\/uploads\/2023\/12\/Modulo1_Bruni-2048x1327.jpg 2048w\" alt=\"\" \/>\n                                                                                                <div class=\"ct-col-right\">\n                                                <div class=\"ct-link\">\n                                                    <a class=\"link-arrow\" href=\"https:\/\/www.foscarini.com\/de\/licht-und-emotionen-in-allissand-zeichnungen-fuer-whats-in-a-lamp\/\">Licht und Emotionen in Allissand Zeichnungen f\u00fcr \u201eWhat\u2018s in a lamp?\u201c<\/a>\n                                                    <div class=\"text-1\"><p>Erz\u00e4hlungen mit Bildern, in denen jede Leuchte mit der Pers\u00f6nlichkeit des Protagonisten harmoniert, sie offenbart und Gef\u00fchle und Emotionen hervorruft.<\/p>\n<\/div>\n                                                <\/div>\n                                            <\/div>\n                                        <\/div>\n                                    <\/div>\n                                                                        <div class=\"swiper-slide\">\n                                        <div class=\"ct-slide\">\n                                                                                            <video class=\"video-controls\" autoplay loop muted playsinline>\n                                                    <source src=\"https:\/\/cdn1.foscarini.com\/Designers-Video\/CriCri-studio-natural.mp4\" type=\"video\/mp4\">\n                                                    Your browser does not support the video tag.\n                                                <\/video>\n                                                                                            <div class=\"ct-col-right\">\n                                                <div class=\"ct-link\">\n                                                    <a class=\"link-arrow no-link\" href=\"\">Cri Cri: die Wanderleuchte<\/a>\n                                                    <div class=\"text-1\"><p>Ein Video erz\u00e4hlt von Cri Cri aus dem Atelier Oi: eine \u201eunbeschwerte\u201c, kabellose, wiederaufladbare und zusammenklappbare Leuchte.<\/p>\n<\/div>\n                                                <\/div>\n                                            <\/div>\n                                        <\/div>\n                                    <\/div>\n                                                        <\/div>\n                <\/div>\n            <\/div>\n        <\/div>\n    <\/div>\n<\/section>","protected":false},"excerpt":{"rendered":"<p>Bodenleuchte, die auch als H\u00e4ngeleuchte genutzt werden kann, mit leicht diffusem und nach unten gerichtetem Licht. Die tragbare Au\u00dfenleuchte Cri Cri ist kabellos, wiederaufladbar und dimmbar. Der integrierte Akku hat eine Laufzeit von bis zu 10 Stunden.<br \/>\n Der \u201eHut\u201c besteht aus durchgef\u00e4rbtem ABS-Kunststoff. Der in der Mitte angebrachte Gummistopfen mit Aufh\u00e4ngeschlaufe aus Polyester dient zugleich als Abdeckung der USB-Buchse zum Aufladen der Leuchte. Eine runde Einbuchtung markiert die Position des Touch-Dimmers zur Regulierung der Lichtintensit\u00e4t in 3 Stufen. Die Mid-Power-LEDs werden durch einen Diffusor aus transparentem PMMA mit Foscarini-Logo gesch\u00fctzt.<br \/>\n Der Schirm aus matt-transparentem, spritzgegossenem Silikongummi l\u00e4sst sich platzsparend zusammenfalten.<br \/>\n Das Ladeger\u00e4t ist nicht inkludiert. Im Lieferumfang enthalten sind ein USB-Ladekabel und ein Klettband zum Aufh\u00e4ngen der Leuchte.<br \/>\n Laufzeit etwa 10 h (maximale Leistung), Ladezeit etwa 9 h. Unterschiedliche Amperest\u00e4rken des Netzteils<br \/>\n sind f\u00fcr den Ladevorgang nicht relevant, haben aber Auswirkungen auf die ben\u00f6tigte Ladezeit.<\/p>\n","protected":false},"featured_media":467053,"comment_status":"open","ping_status":"closed","template":"","meta":{"_acf_changed":true},"product_cat":[650,1002,13610,715,722],"product_tag":[],"materiale":[8322],"altezza":[10599],"larghezza":[9260],"profondita":[9221],"peso":[7525],"designer-prodotto":[11752],"class_list":{"0":"post-216696","1":"product","2":"type-product","3":"status-publish","4":"has-post-thumbnail","6":"product_cat-concetto-de","7":"product_cat-cri-cri-concetto-de","8":"product_cat-cri-cri-outdoor-tavolo-famiglia-de","9":"product_cat-funzione-de","10":"product_cat-outdoor-de","11":"materiale-materiale-plastico-de","12":"altezza-31-de","13":"larghezza-24-de","14":"profondita-24-de","15":"peso-1-de","16":"designer-prodotto-studio-natural-de","18":"first","19":"instock","20":"shipping-taxable","21":"purchasable","22":"product-type-variable"},"acf":{"preview_slider":{"titolo":"","testo":"","video_domanda":false,"link_video":""},"prodotto__immagine_preview":{"immagine":121039},"prodotto__slider":{"sottotitolo":"Studio Natural (2018)","titolo":"Ein Ausflug ins Gr\u00fcne. Das Zirpen der Zikaden in der Luft. Eine bunt karierte Picknickdecke, die auf der Wiese ausgebreitet wird. Genau so fr\u00f6hlich und unbeschwert pr\u00e4sentiert sich Cri Cri. Die Leuchte ohne Kabel mit wiederaufladbarem Akku l\u00e4sst sich \u00fcberall aufh\u00e4ngen oder aufstellen, wo sie gerade ben\u00f6tigt wird. In geschlossenen R\u00e4umen ebenso wie im Freien.","immagini":[{"immagine":309166,"immagine_mobile":null},{"immagine":309731,"immagine_mobile":null}]},"prodotto__slider_preview":[{"immagine":467007},{"immagine":467014},{"immagine":467021},{"immagine":467028},{"immagine":467035},{"immagine":467042}],"prodotto__specifiche":{"selezione":[{"scheda_tecnica":462056}]}},"yoast_head":"<!-- This site is optimized with the Yoast SEO Premium plugin v22.4 (Yoast SEO v23.7) - https:\/\/yoast.com\/wordpress\/plugins\/seo\/ -->\n<title>Cri Cri Outdoor Tavolo - Foscarini<\/title>\n<meta name=\"robots\" content=\"index, follow, max-snippet:-1, max-image-preview:large, max-video-preview:-1\" \/>\n<meta property=\"og:locale\" content=\"de_DE\" \/>\n<meta property=\"og:type\" content=\"article\" \/>\n<meta property=\"og:title\" content=\"Cri Cri Outdoor Tavolo\" \/>\n<meta property=\"og:description\" content=\"Bodenleuchte, die auch als H\u00e4ngeleuchte genutzt werden kann, mit leicht diffusem und nach unten gerichtetem Licht. Die tragbare Au\u00dfenleuchte Cri Cri ist kabellos, wiederaufladbar und dimmbar. Der integrierte Akku hat eine Laufzeit von bis zu 10 Stunden.  Der \u201eHut\u201c besteht aus durchgef\u00e4rbtem ABS-Kunststoff. Der in der Mitte angebrachte Gummistopfen mit Aufh\u00e4ngeschlaufe aus Polyester dient zugleich als Abdeckung der USB-Buchse zum Aufladen der Leuchte. Eine runde Einbuchtung markiert die Position des Touch-Dimmers zur Regulierung der Lichtintensit\u00e4t in 3 Stufen. Die Mid-Power-LEDs werden durch einen Diffusor aus transparentem PMMA mit Foscarini-Logo gesch\u00fctzt.  Der Schirm aus matt-transparentem, spritzgegossenem Silikongummi l\u00e4sst sich platzsparend zusammenfalten.  Das Ladeger\u00e4t ist nicht inkludiert. Im Lieferumfang enthalten sind ein USB-Ladekabel und ein Klettband zum Aufh\u00e4ngen der Leuchte.  Laufzeit etwa 10 h (maximale Leistung), Ladezeit etwa 9 h. Unterschiedliche Amperest\u00e4rken des Netzteils  sind f\u00fcr den Ladevorgang nicht relevant, haben aber Auswirkungen auf die ben\u00f6tigte Ladezeit.\" \/>\n<meta property=\"og:url\" content=\"https:\/\/www.foscarini.com\/de\/produkt\/cri-cri-outdoor-std-ot-de\/\" \/>\n<meta property=\"og:site_name\" content=\"Foscarini\" \/>\n<meta property=\"article:modified_time\" content=\"2025-06-11T12:00:03+00:00\" \/>\n<meta property=\"og:image\" content=\"https:\/\/www.foscarini.com\/wp-content\/uploads\/2025\/06\/cri-cri_ot_red_22_786x865-1.jpg\" \/>\n\t<meta property=\"og:image:width\" content=\"786\" \/>\n\t<meta property=\"og:image:height\" content=\"865\" \/>\n\t<meta property=\"og:image:type\" content=\"image\/jpeg\" \/>\n<meta name=\"twitter:card\" content=\"summary_large_image\" \/>\n<meta name=\"twitter:label1\" content=\"Gesch\u00e4tzte Lesezeit\" \/>\n\t<meta name=\"twitter:data1\" content=\"1\u00a0Minute\" \/>\n<script type=\"application\/ld+json\" class=\"yoast-schema-graph\">{\"@context\":\"https:\/\/schema.org\",\"@graph\":[{\"@type\":\"WebPage\",\"@id\":\"https:\/\/www.foscarini.com\/de\/produkt\/cri-cri-outdoor-std-ot-de\/\",\"url\":\"https:\/\/www.foscarini.com\/de\/produkt\/cri-cri-outdoor-std-ot-de\/\",\"name\":\"Cri Cri Outdoor Tavolo - Foscarini\",\"isPartOf\":{\"@id\":\"https:\/\/www.foscarini.com\/#website\"},\"primaryImageOfPage\":{\"@id\":\"https:\/\/www.foscarini.com\/de\/produkt\/cri-cri-outdoor-std-ot-de\/#primaryimage\"},\"image\":{\"@id\":\"https:\/\/www.foscarini.com\/de\/produkt\/cri-cri-outdoor-std-ot-de\/#primaryimage\"},\"thumbnailUrl\":\"https:\/\/www.foscarini.com\/wp-content\/uploads\/2025\/06\/cri-cri_ot_red_22_786x865-3.jpg\",\"datePublished\":\"2024-03-28T17:56:41+00:00\",\"dateModified\":\"2025-06-11T12:00:03+00:00\",\"breadcrumb\":{\"@id\":\"https:\/\/www.foscarini.com\/de\/produkt\/cri-cri-outdoor-std-ot-de\/#breadcrumb\"},\"inLanguage\":\"de\",\"potentialAction\":[{\"@type\":\"ReadAction\",\"target\":[\"https:\/\/www.foscarini.com\/de\/produkt\/cri-cri-outdoor-std-ot-de\/\"]}]},{\"@type\":\"ImageObject\",\"inLanguage\":\"de\",\"@id\":\"https:\/\/www.foscarini.com\/de\/produkt\/cri-cri-outdoor-std-ot-de\/#primaryimage\",\"url\":\"https:\/\/www.foscarini.com\/wp-content\/uploads\/2025\/06\/cri-cri_ot_red_22_786x865-3.jpg\",\"contentUrl\":\"https:\/\/www.foscarini.com\/wp-content\/uploads\/2025\/06\/cri-cri_ot_red_22_786x865-3.jpg\",\"width\":786,\"height\":865},{\"@type\":\"BreadcrumbList\",\"@id\":\"https:\/\/www.foscarini.com\/de\/produkt\/cri-cri-outdoor-std-ot-de\/#breadcrumb\",\"itemListElement\":[{\"@type\":\"ListItem\",\"position\":1,\"name\":\"Home\",\"item\":\"https:\/\/www.foscarini.com\/de\/\"},{\"@type\":\"ListItem\",\"position\":2,\"name\":\"Shop\",\"item\":\"https:\/\/www.foscarini.com\/de\/shop\/\"},{\"@type\":\"ListItem\",\"position\":3,\"name\":\"Cri Cri Outdoor Tavolo\"}]},{\"@type\":\"WebSite\",\"@id\":\"https:\/\/www.foscarini.com\/#website\",\"url\":\"https:\/\/www.foscarini.com\/\",\"name\":\"Foscarini\",\"description\":\"\",\"potentialAction\":[{\"@type\":\"SearchAction\",\"target\":{\"@type\":\"EntryPoint\",\"urlTemplate\":\"https:\/\/www.foscarini.com\/?s={search_term_string}\"},\"query-input\":{\"@type\":\"PropertyValueSpecification\",\"valueRequired\":true,\"valueName\":\"search_term_string\"}}],\"inLanguage\":\"de\"}]}<\/script>\n<!-- \/ Yoast SEO Premium plugin. -->","yoast_head_json":{"title":"Cri Cri Outdoor Tavolo - Foscarini","robots":{"index":"index","follow":"follow","max-snippet":"max-snippet:-1","max-image-preview":"max-image-preview:large","max-video-preview":"max-video-preview:-1"},"og_locale":"de_DE","og_type":"article","og_title":"Cri Cri Outdoor Tavolo","og_description":"Bodenleuchte, die auch als H\u00e4ngeleuchte genutzt werden kann, mit leicht diffusem und nach unten gerichtetem Licht. Die tragbare Au\u00dfenleuchte Cri Cri ist kabellos, wiederaufladbar und dimmbar. Der integrierte Akku hat eine Laufzeit von bis zu 10 Stunden.  Der \u201eHut\u201c besteht aus durchgef\u00e4rbtem ABS-Kunststoff. Der in der Mitte angebrachte Gummistopfen mit Aufh\u00e4ngeschlaufe aus Polyester dient zugleich als Abdeckung der USB-Buchse zum Aufladen der Leuchte. Eine runde Einbuchtung markiert die Position des Touch-Dimmers zur Regulierung der Lichtintensit\u00e4t in 3 Stufen. Die Mid-Power-LEDs werden durch einen Diffusor aus transparentem PMMA mit Foscarini-Logo gesch\u00fctzt.  Der Schirm aus matt-transparentem, spritzgegossenem Silikongummi l\u00e4sst sich platzsparend zusammenfalten.  Das Ladeger\u00e4t ist nicht inkludiert. Im Lieferumfang enthalten sind ein USB-Ladekabel und ein Klettband zum Aufh\u00e4ngen der Leuchte.  Laufzeit etwa 10 h (maximale Leistung), Ladezeit etwa 9 h. Unterschiedliche Amperest\u00e4rken des Netzteils  sind f\u00fcr den Ladevorgang nicht relevant, haben aber Auswirkungen auf die ben\u00f6tigte Ladezeit.","og_url":"https:\/\/www.foscarini.com\/de\/produkt\/cri-cri-outdoor-std-ot-de\/","og_site_name":"Foscarini","article_modified_time":"2025-06-11T12:00:03+00:00","og_image":[{"width":786,"height":865,"url":"https:\/\/www.foscarini.com\/wp-content\/uploads\/2025\/06\/cri-cri_ot_red_22_786x865-1.jpg","type":"image\/jpeg"}],"twitter_card":"summary_large_image","twitter_misc":{"Gesch\u00e4tzte Lesezeit":"1\u00a0Minute"},"schema":{"@context":"https:\/\/schema.org","@graph":[{"@type":"WebPage","@id":"https:\/\/www.foscarini.com\/de\/produkt\/cri-cri-outdoor-std-ot-de\/","url":"https:\/\/www.foscarini.com\/de\/produkt\/cri-cri-outdoor-std-ot-de\/","name":"Cri Cri Outdoor Tavolo - Foscarini","isPartOf":{"@id":"https:\/\/www.foscarini.com\/#website"},"primaryImageOfPage":{"@id":"https:\/\/www.foscarini.com\/de\/produkt\/cri-cri-outdoor-std-ot-de\/#primaryimage"},"image":{"@id":"https:\/\/www.foscarini.com\/de\/produkt\/cri-cri-outdoor-std-ot-de\/#primaryimage"},"thumbnailUrl":"https:\/\/www.foscarini.com\/wp-content\/uploads\/2025\/06\/cri-cri_ot_red_22_786x865-3.jpg","datePublished":"2024-03-28T17:56:41+00:00","dateModified":"2025-06-11T12:00:03+00:00","breadcrumb":{"@id":"https:\/\/www.foscarini.com\/de\/produkt\/cri-cri-outdoor-std-ot-de\/#breadcrumb"},"inLanguage":"de","potentialAction":[{"@type":"ReadAction","target":["https:\/\/www.foscarini.com\/de\/produkt\/cri-cri-outdoor-std-ot-de\/"]}]},{"@type":"ImageObject","inLanguage":"de","@id":"https:\/\/www.foscarini.com\/de\/produkt\/cri-cri-outdoor-std-ot-de\/#primaryimage","url":"https:\/\/www.foscarini.com\/wp-content\/uploads\/2025\/06\/cri-cri_ot_red_22_786x865-3.jpg","contentUrl":"https:\/\/www.foscarini.com\/wp-content\/uploads\/2025\/06\/cri-cri_ot_red_22_786x865-3.jpg","width":786,"height":865},{"@type":"BreadcrumbList","@id":"https:\/\/www.foscarini.com\/de\/produkt\/cri-cri-outdoor-std-ot-de\/#breadcrumb","itemListElement":[{"@type":"ListItem","position":1,"name":"Home","item":"https:\/\/www.foscarini.com\/de\/"},{"@type":"ListItem","position":2,"name":"Shop","item":"https:\/\/www.foscarini.com\/de\/shop\/"},{"@type":"ListItem","position":3,"name":"Cri Cri Outdoor Tavolo"}]},{"@type":"WebSite","@id":"https:\/\/www.foscarini.com\/#website","url":"https:\/\/www.foscarini.com\/","name":"Foscarini","description":"","potentialAction":[{"@type":"SearchAction","target":{"@type":"EntryPoint","urlTemplate":"https:\/\/www.foscarini.com\/?s={search_term_string}"},"query-input":{"@type":"PropertyValueSpecification","valueRequired":true,"valueName":"search_term_string"}}],"inLanguage":"de"}]}},"_links":{"self":[{"href":"https:\/\/www.foscarini.com\/de\/wp-json\/wp\/v2\/product\/216696"}],"collection":[{"href":"https:\/\/www.foscarini.com\/de\/wp-json\/wp\/v2\/product"}],"about":[{"href":"https:\/\/www.foscarini.com\/de\/wp-json\/wp\/v2\/types\/product"}],"replies":[{"embeddable":true,"href":"https:\/\/www.foscarini.com\/de\/wp-json\/wp\/v2\/comments?post=216696"}],"wp:featuredmedia":[{"embeddable":true,"href":"https:\/\/www.foscarini.com\/de\/wp-json\/wp\/v2\/media\/467053"}],"wp:attachment":[{"href":"https:\/\/www.foscarini.com\/de\/wp-json\/wp\/v2\/media?parent=216696"}],"wp:term":[{"taxonomy":"product_cat","embeddable":true,"href":"https:\/\/www.foscarini.com\/de\/wp-json\/wp\/v2\/product_cat?post=216696"},{"taxonomy":"product_tag","embeddable":true,"href":"https:\/\/www.foscarini.com\/de\/wp-json\/wp\/v2\/product_tag?post=216696"},{"taxonomy":"materiale","embeddable":true,"href":"https:\/\/www.foscarini.com\/de\/wp-json\/wp\/v2\/materiale?post=216696"},{"taxonomy":"altezza","embeddable":true,"href":"https:\/\/www.foscarini.com\/de\/wp-json\/wp\/v2\/altezza?post=216696"},{"taxonomy":"larghezza","embeddable":true,"href":"https:\/\/www.foscarini.com\/de\/wp-json\/wp\/v2\/larghezza?post=216696"},{"taxonomy":"profondita","embeddable":true,"href":"https:\/\/www.foscarini.com\/de\/wp-json\/wp\/v2\/profondita?post=216696"},{"taxonomy":"peso","embeddable":true,"href":"https:\/\/www.foscarini.com\/de\/wp-json\/wp\/v2\/peso?post=216696"},{"taxonomy":"designer-prodotto","embeddable":true,"href":"https:\/\/www.foscarini.com\/de\/wp-json\/wp\/v2\/designer-prodotto?post=216696"}],"curies":[{"name":"wp","href":"https:\/\/api.w.org\/{rel}","templated":true}]}}