{"id":195503,"date":"2024-03-28T17:57:10","date_gmt":"2024-03-28T17:57:10","guid":{"rendered":"https:\/\/www.foscarini.com\/product\/dolmen-std-f\/"},"modified":"2025-06-11T12:01:26","modified_gmt":"2025-06-11T12:01:26","slug":"dolmen-std-f-de","status":"publish","type":"product","link":"https:\/\/www.foscarini.com\/de\/produkt\/dolmen-std-f-de\/","title":{"rendered":"Dolmen"},"content":{"rendered":"<p>Come un quadro in una galleria d&#8217;arte o una scultura domestica, la lampada da terra a LED Dolmen si appoggia alla parete, diffondendo una luce riflessa sul muro e un&#8217;illuminazione diretta nell&#8217;ambiente.<\/p><section class=\"pdp__slider full-height-vh\">\n    <div class=\"swiper-container swiper__pdp\">\n        <div class=\"swiper-wrapper full-height\">\n                                <div class=\"swiper-slide\">\n                                                    <img decoding=\"async\" class=\"full-cover\" src=\"https:\/\/www.foscarini.com\/wp-content\/uploads\/2024\/03\/3.1_Dolmen-150x150.jpg\" srcset=\"https:\/\/www.foscarini.com\/wp-content\/uploads\/2024\/03\/3.1_Dolmen-300x200.jpg 300w, https:\/\/www.foscarini.com\/wp-content\/uploads\/2024\/03\/3.1_Dolmen-1024x683.jpg 1024w, https:\/\/www.foscarini.com\/wp-content\/uploads\/2024\/03\/3.1_Dolmen-768x512.jpg 768w, https:\/\/www.foscarini.com\/wp-content\/uploads\/2024\/03\/3.1_Dolmen-1536x1024.jpg 1536w, https:\/\/www.foscarini.com\/wp-content\/uploads\/2024\/03\/3.1_Dolmen-2048x1365.jpg 2048w, https:\/\/www.foscarini.com\/wp-content\/uploads\/2024\/03\/3.1_Dolmen-800x533.jpg 800w\" alt=\"\" \/>\n                                                                        <\/div>\n                                        <div class=\"swiper-slide\">\n                                                    <img decoding=\"async\" class=\"full-cover\" src=\"https:\/\/www.foscarini.com\/wp-content\/uploads\/2024\/03\/3.2_Dolmen-150x150.jpg\" srcset=\"https:\/\/www.foscarini.com\/wp-content\/uploads\/2024\/03\/3.2_Dolmen-300x200.jpg 300w, https:\/\/www.foscarini.com\/wp-content\/uploads\/2024\/03\/3.2_Dolmen-1024x683.jpg 1024w, https:\/\/www.foscarini.com\/wp-content\/uploads\/2024\/03\/3.2_Dolmen-768x512.jpg 768w, https:\/\/www.foscarini.com\/wp-content\/uploads\/2024\/03\/3.2_Dolmen-1536x1024.jpg 1536w, https:\/\/www.foscarini.com\/wp-content\/uploads\/2024\/03\/3.2_Dolmen-2048x1365.jpg 2048w, https:\/\/www.foscarini.com\/wp-content\/uploads\/2024\/03\/3.2_Dolmen-800x533.jpg 800w\" alt=\"\" \/>\n                                                                        <\/div>\n                                        <div class=\"swiper-slide\">\n                                                    <img decoding=\"async\" class=\"full-cover\" src=\"https:\/\/www.foscarini.com\/wp-content\/uploads\/2024\/03\/3.3_Dolmen-150x150.jpg\" srcset=\"https:\/\/www.foscarini.com\/wp-content\/uploads\/2024\/03\/3.3_Dolmen-300x200.jpg 300w, https:\/\/www.foscarini.com\/wp-content\/uploads\/2024\/03\/3.3_Dolmen-1024x683.jpg 1024w, https:\/\/www.foscarini.com\/wp-content\/uploads\/2024\/03\/3.3_Dolmen-768x512.jpg 768w, https:\/\/www.foscarini.com\/wp-content\/uploads\/2024\/03\/3.3_Dolmen-1536x1024.jpg 1536w, https:\/\/www.foscarini.com\/wp-content\/uploads\/2024\/03\/3.3_Dolmen-2048x1365.jpg 2048w, https:\/\/www.foscarini.com\/wp-content\/uploads\/2024\/03\/3.3_Dolmen-800x533.jpg 800w\" alt=\"\" \/>\n                                                                        <\/div>\n                                        <div class=\"swiper-slide\">\n                                                    <img decoding=\"async\" class=\"full-cover\" src=\"https:\/\/www.foscarini.com\/wp-content\/uploads\/2024\/03\/3.4_Dolmen-150x150.jpg\" srcset=\"https:\/\/www.foscarini.com\/wp-content\/uploads\/2024\/03\/3.4_Dolmen-199x300.jpg 199w, https:\/\/www.foscarini.com\/wp-content\/uploads\/2024\/03\/3.4_Dolmen-678x1024.jpg 678w, https:\/\/www.foscarini.com\/wp-content\/uploads\/2024\/03\/3.4_Dolmen-768x1160.jpg 768w, https:\/\/www.foscarini.com\/wp-content\/uploads\/2024\/03\/3.4_Dolmen-800x1208.jpg 800w, https:\/\/www.foscarini.com\/wp-content\/uploads\/2024\/03\/3.4_Dolmen.jpg 980w\" alt=\"\" \/>\n                                                                        <\/div>\n                                        <div class=\"swiper-slide\">\n                                                    <img decoding=\"async\" class=\"full-cover\" src=\"https:\/\/www.foscarini.com\/wp-content\/uploads\/2024\/03\/3.8_Dolmen-150x150.jpg\" srcset=\"https:\/\/www.foscarini.com\/wp-content\/uploads\/2024\/03\/3.8_Dolmen-300x200.jpg 300w, https:\/\/www.foscarini.com\/wp-content\/uploads\/2024\/03\/3.8_Dolmen-1024x683.jpg 1024w, https:\/\/www.foscarini.com\/wp-content\/uploads\/2024\/03\/3.8_Dolmen-768x512.jpg 768w, https:\/\/www.foscarini.com\/wp-content\/uploads\/2024\/03\/3.8_Dolmen-1536x1024.jpg 1536w, https:\/\/www.foscarini.com\/wp-content\/uploads\/2024\/03\/3.8_Dolmen-2048x1365.jpg 2048w, https:\/\/www.foscarini.com\/wp-content\/uploads\/2024\/03\/3.8_Dolmen-800x533.jpg 800w\" alt=\"\" \/>\n                                                                        <\/div>\n                                        <div class=\"swiper-slide\">\n                                                    <img decoding=\"async\" class=\"full-cover\" src=\"https:\/\/www.foscarini.com\/wp-content\/uploads\/2024\/03\/3.9_Dolmen-150x150.jpg\" srcset=\"https:\/\/www.foscarini.com\/wp-content\/uploads\/2024\/03\/3.9_Dolmen-254x300.jpg 254w, https:\/\/www.foscarini.com\/wp-content\/uploads\/2024\/03\/3.9_Dolmen-867x1024.jpg 867w, https:\/\/www.foscarini.com\/wp-content\/uploads\/2024\/03\/3.9_Dolmen-768x907.jpg 768w, https:\/\/www.foscarini.com\/wp-content\/uploads\/2024\/03\/3.9_Dolmen-800x945.jpg 800w, https:\/\/www.foscarini.com\/wp-content\/uploads\/2024\/03\/3.9_Dolmen.jpg 1253w\" alt=\"\" \/>\n                                                                        <\/div>\n                            <\/div>\n    <\/div>\n    <div class=\"swiper-scrollbar\"><\/div>\n    <div class=\"ct-arrow\">\n        <div class=\"swiper-button-prev\"><\/div>\n        <div class=\"swiper-button-next\"><\/div>\n    <\/div>\n<\/section><section class=\"concept__project_comunication full-height-vh\">\n    <div class=\"row row-large\">\n        <div class=\"medium-12 small-12 columns full-height no-padding-right-mobile\">\n            <div class=\"ct-image-text-lateral\">\n                <div class=\"ct-arrow\">\n                    <div class=\"swiper-button-prev\" aria-label=\"previous slide\"><\/div>\n                    <div class=\"swiper-button-next\" aria-label=\"next slide\"><\/div>\n                <\/div>\n                <span class=\"section-name-lateral\">Verlagsinhalte<\/span>\n                <!-- Swiper -->\n                <div class=\"swiper-container swiper__concept__comunication\">\n                    <div class=\"swiper-wrapper\">\n                                                            <div class=\"swiper-slide\">\n                                        <div class=\"ct-slide\">\n                                                                                                <img decoding=\"async\" class=\"full-cover\" src=\"https:\/\/www.foscarini.com\/wp-content\/uploads\/2023\/12\/cover-notturno-laviani-150x150.jpeg\" srcset=\"https:\/\/www.foscarini.com\/wp-content\/uploads\/2023\/12\/cover-notturno-laviani-300x167.jpeg 300w, https:\/\/www.foscarini.com\/wp-content\/uploads\/2023\/12\/cover-notturno-laviani-scaled-800x444.jpeg 800w, https:\/\/www.foscarini.com\/wp-content\/uploads\/2023\/12\/cover-notturno-laviani-1024x569.jpeg 1024w, https:\/\/www.foscarini.com\/wp-content\/uploads\/2023\/12\/cover-notturno-laviani-768x427.jpeg 768w, https:\/\/www.foscarini.com\/wp-content\/uploads\/2023\/12\/cover-notturno-laviani-1536x853.jpeg 1536w, https:\/\/www.foscarini.com\/wp-content\/uploads\/2023\/12\/cover-notturno-laviani-2048x1138.jpeg 2048w\" alt=\"\" \/>\n                                                                                                <div class=\"ct-col-right\">\n                                                <div class=\"ct-link\">\n                                                    <a class=\"link-arrow\" href=\"https:\/\/www.foscarini.com\/de\/notturno-laviani\/\">Notturno Laviani: Gianluca Vassallo interpretiert Ferruccio Laviani<\/a>\n                                                    <div class=\"text-1\"><p>Vierzehn Aufnahmen, auf denen die Leuchtenskulpturen, die Ferruccio Laviani von 1992 bis 2022 f\u00fcr Foscarini entworfen hat, fremde Umgebungen pr\u00e4gen.<\/p>\n<\/div>\n                                                <\/div>\n                                            <\/div>\n                                        <\/div>\n                                    <\/div>\n                                                                        <div class=\"swiper-slide\">\n                                        <div class=\"ct-slide\">\n                                                                                                <img decoding=\"async\" class=\"full-cover\" src=\"https:\/\/www.foscarini.com\/wp-content\/uploads\/2023\/12\/Modulo1_30Laviani-150x150.jpg\" srcset=\"https:\/\/www.foscarini.com\/wp-content\/uploads\/2023\/12\/Modulo1_30Laviani-300x194.jpg 300w, https:\/\/www.foscarini.com\/wp-content\/uploads\/2023\/12\/Modulo1_30Laviani-800x518.jpg 800w, https:\/\/www.foscarini.com\/wp-content\/uploads\/2023\/12\/Modulo1_30Laviani-1024x663.jpg 1024w, https:\/\/www.foscarini.com\/wp-content\/uploads\/2023\/12\/Modulo1_30Laviani-768x498.jpg 768w, https:\/\/www.foscarini.com\/wp-content\/uploads\/2023\/12\/Modulo1_30Laviani-1536x995.jpg 1536w, https:\/\/www.foscarini.com\/wp-content\/uploads\/2023\/12\/Modulo1_30Laviani-2048x1327.jpg 2048w\" alt=\"\" \/>\n                                                                                                <div class=\"ct-col-right\">\n                                                <div class=\"ct-link\">\n                                                    <a class=\"link-arrow\" href=\"https:\/\/www.foscarini.com\/de\/30-jahre-kreative-freiheit\/\">30 Jahre kreative Freiheit<\/a>\n                                                    <div class=\"text-1\"><p>Ein Interview mit Ferruccio Laviani feiert die 30-j\u00e4hrige Zusammenarbeit bei Produkten, Store Design und Installationen<\/p>\n<\/div>\n                                                <\/div>\n                                            <\/div>\n                                        <\/div>\n                                    <\/div>\n                                                                        <div class=\"swiper-slide\">\n                                        <div class=\"ct-slide\">\n                                                                                                <img decoding=\"async\" class=\"full-cover\" src=\"https:\/\/www.foscarini.com\/wp-content\/uploads\/2023\/12\/Inventario16-150x150.jpeg\" srcset=\"https:\/\/www.foscarini.com\/wp-content\/uploads\/2023\/12\/Inventario16-232x300.jpeg 232w, https:\/\/www.foscarini.com\/wp-content\/uploads\/2023\/12\/Inventario16-768x992.jpeg 768w, https:\/\/www.foscarini.com\/wp-content\/uploads\/2023\/12\/Inventario16-600x775.jpeg 600w, https:\/\/www.foscarini.com\/wp-content\/uploads\/2023\/12\/Inventario16.jpeg 776w\" alt=\"\" \/>\n                                                                                                <div class=\"ct-col-right\">\n                                                <div class=\"ct-link\">\n                                                    <a class=\"link-arrow\" href=\"https:\/\/www.foscarini.com\/de\/inventario\/inventario-16\/\">Inventario \u00b016<\/a>\n                                                    <div class=\"text-1\"><p>Jede neue Ausgabe von Inventario ist Nahrung f\u00fcr den Geist mit den unerwarteten Assoziationen von Ideen, die Projekte, Werke, Objekte und Autoren in Verbindung setzen und uns einladen, die Realit\u00e4t mit echter Neugier zu betrachten. Denn &#8211; wie Stefano Salis schreibt &#8211; \u201ejedes Ding enth\u00e4lt immer mehr als was es offenbart\u201c.<\/p>\n<\/div>\n                                                <\/div>\n                                            <\/div>\n                                        <\/div>\n                                    <\/div>\n                                                        <\/div>\n                <\/div>\n            <\/div>\n        <\/div>\n    <\/div>\n<\/section>","protected":false},"excerpt":{"rendered":"<p>Stehleuchte zum An-die-Wand-Lehnen mit diffusem und reflektiertem Licht. Die Leuchte besteht aus einem lasergeschnittenen Aluminiumblech, das mit einer Biegepresse gebogen und abschlie\u00dfend von Hand bearbeitet wird. Das Aluminium wird zun\u00e4chst eloxiert und mit fl\u00fcssigem Transparent Farblack lackiert. Die zwei Diffusoren bestehen aus opalfarbigem PMMA, wobei der vorderseitige eine leichte Hammerschlag-Optik aufweist. Zwischen den beiden Diffusoren befindet sich eine Scheibe aus transparentem PMMA, die das Licht der auf den langen Seiten des Aluminiumgestells installierten Multichip-LEDs verteilt. Die Scheibe ist im Bereich der \u201eBullaugen\u201c lasergraviert, um dort die Reflektion des Lichts zu erh\u00f6hen. Elektrokabel und Dimmer sind transparent gehalten. Inklusive kleinem Montagewinkel f\u00fcr die verpflichtend vorgesehene Verankerung in der Wand.<\/p>\n","protected":false},"featured_media":446039,"comment_status":"open","ping_status":"closed","template":"","meta":{"_acf_changed":true},"product_cat":[650,5402,998,715,761],"product_tag":[],"materiale":[8433],"altezza":[9111],"larghezza":[10191],"profondita":[10096],"peso":[8164],"designer-prodotto":[7163],"class_list":{"0":"post-195503","1":"product","2":"type-product","3":"status-publish","4":"has-post-thumbnail","6":"product_cat-concetto-de","7":"product_cat-dolmen-famiglia-de","8":"product_cat-dolmen-concetto-de","9":"product_cat-funzione-de","10":"product_cat-terra-de","11":"materiale-acciaio-e-metallo-de","12":"altezza-180-de","13":"larghezza-40-de","14":"profondita-4-de","15":"peso-11-2-de","16":"designer-prodotto-ferruccio-laviani-de","18":"first","19":"instock","20":"shipping-taxable","21":"purchasable","22":"product-type-variable"},"acf":{"preview_slider":{"titolo":"","testo":"","video_domanda":false,"link_video":""},"prodotto__immagine_preview":{"immagine":121116},"prodotto__slider":{"sottotitolo":"Ferruccio Laviani (2017)","titolo":"Wie ein Gem\u00e4lde in einer Kunstgalerie oder eine Skulptur f\u00fcr die eigenen vier W\u00e4nde wird die LED-Bodenleuchte Dolmen an die Wand gelehnt und verbreitet ein Licht, das von der Mauer reflektiert wird und eine indirekte Beleuchtung des Raumes erzeugt.","immagini":[{"immagine":309398,"immagine_mobile":null}]},"prodotto__slider_preview":null,"prodotto__specifiche":{"selezione":[{"scheda_tecnica":462074}]}},"yoast_head":"<!-- This site is optimized with the Yoast SEO Premium plugin v22.4 (Yoast SEO v23.7) - https:\/\/yoast.com\/wordpress\/plugins\/seo\/ -->\n<title>Dolmen - Foscarini<\/title>\n<meta name=\"robots\" content=\"index, follow, max-snippet:-1, max-image-preview:large, max-video-preview:-1\" \/>\n<meta property=\"og:locale\" content=\"de_DE\" \/>\n<meta property=\"og:type\" content=\"article\" \/>\n<meta property=\"og:title\" content=\"Dolmen\" \/>\n<meta property=\"og:description\" content=\"Stehleuchte zum An-die-Wand-Lehnen mit diffusem und reflektiertem Licht. Die Leuchte besteht aus einem lasergeschnittenen Aluminiumblech, das mit einer Biegepresse gebogen und abschlie\u00dfend von Hand bearbeitet wird. Das Aluminium wird zun\u00e4chst eloxiert und mit fl\u00fcssigem Transparent Farblack lackiert. Die zwei Diffusoren bestehen aus opalfarbigem PMMA, wobei der vorderseitige eine leichte Hammerschlag-Optik aufweist. Zwischen den beiden Diffusoren befindet sich eine Scheibe aus transparentem PMMA, die das Licht der auf den langen Seiten des Aluminiumgestells installierten Multichip-LEDs verteilt. Die Scheibe ist im Bereich der \u201eBullaugen\u201c lasergraviert, um dort die Reflektion des Lichts zu erh\u00f6hen. Elektrokabel und Dimmer sind transparent gehalten. Inklusive kleinem Montagewinkel f\u00fcr die verpflichtend vorgesehene Verankerung in der Wand.\" \/>\n<meta property=\"og:url\" content=\"https:\/\/www.foscarini.com\/de\/produkt\/dolmen-std-f-de\/\" \/>\n<meta property=\"og:site_name\" content=\"Foscarini\" \/>\n<meta property=\"article:modified_time\" content=\"2025-06-11T12:01:26+00:00\" \/>\n<meta property=\"og:image\" content=\"https:\/\/www.foscarini.com\/wp-content\/uploads\/2025\/06\/dolmen_f_alluminium_22_786x865-1.jpg\" \/>\n\t<meta property=\"og:image:width\" content=\"786\" \/>\n\t<meta property=\"og:image:height\" content=\"865\" \/>\n\t<meta property=\"og:image:type\" content=\"image\/jpeg\" \/>\n<meta name=\"twitter:card\" content=\"summary_large_image\" \/>\n<meta name=\"twitter:label1\" content=\"Gesch\u00e4tzte Lesezeit\" \/>\n\t<meta name=\"twitter:data1\" content=\"1\u00a0Minute\" \/>\n<script type=\"application\/ld+json\" class=\"yoast-schema-graph\">{\"@context\":\"https:\/\/schema.org\",\"@graph\":[{\"@type\":\"WebPage\",\"@id\":\"https:\/\/www.foscarini.com\/de\/produkt\/dolmen-std-f-de\/\",\"url\":\"https:\/\/www.foscarini.com\/de\/produkt\/dolmen-std-f-de\/\",\"name\":\"Dolmen - Foscarini\",\"isPartOf\":{\"@id\":\"https:\/\/www.foscarini.com\/#website\"},\"primaryImageOfPage\":{\"@id\":\"https:\/\/www.foscarini.com\/de\/produkt\/dolmen-std-f-de\/#primaryimage\"},\"image\":{\"@id\":\"https:\/\/www.foscarini.com\/de\/produkt\/dolmen-std-f-de\/#primaryimage\"},\"thumbnailUrl\":\"https:\/\/www.foscarini.com\/wp-content\/uploads\/2025\/06\/dolmen_f_alluminium_22_786x865-1.jpg\",\"datePublished\":\"2024-03-28T17:57:10+00:00\",\"dateModified\":\"2025-06-11T12:01:26+00:00\",\"breadcrumb\":{\"@id\":\"https:\/\/www.foscarini.com\/de\/produkt\/dolmen-std-f-de\/#breadcrumb\"},\"inLanguage\":\"de\",\"potentialAction\":[{\"@type\":\"ReadAction\",\"target\":[\"https:\/\/www.foscarini.com\/de\/produkt\/dolmen-std-f-de\/\"]}]},{\"@type\":\"ImageObject\",\"inLanguage\":\"de\",\"@id\":\"https:\/\/www.foscarini.com\/de\/produkt\/dolmen-std-f-de\/#primaryimage\",\"url\":\"https:\/\/www.foscarini.com\/wp-content\/uploads\/2025\/06\/dolmen_f_alluminium_22_786x865-1.jpg\",\"contentUrl\":\"https:\/\/www.foscarini.com\/wp-content\/uploads\/2025\/06\/dolmen_f_alluminium_22_786x865-1.jpg\",\"width\":786,\"height\":865},{\"@type\":\"BreadcrumbList\",\"@id\":\"https:\/\/www.foscarini.com\/de\/produkt\/dolmen-std-f-de\/#breadcrumb\",\"itemListElement\":[{\"@type\":\"ListItem\",\"position\":1,\"name\":\"Home\",\"item\":\"https:\/\/www.foscarini.com\/de\/\"},{\"@type\":\"ListItem\",\"position\":2,\"name\":\"Shop\",\"item\":\"https:\/\/www.foscarini.com\/de\/shop\/\"},{\"@type\":\"ListItem\",\"position\":3,\"name\":\"Dolmen\"}]},{\"@type\":\"WebSite\",\"@id\":\"https:\/\/www.foscarini.com\/#website\",\"url\":\"https:\/\/www.foscarini.com\/\",\"name\":\"Foscarini\",\"description\":\"\",\"potentialAction\":[{\"@type\":\"SearchAction\",\"target\":{\"@type\":\"EntryPoint\",\"urlTemplate\":\"https:\/\/www.foscarini.com\/?s={search_term_string}\"},\"query-input\":{\"@type\":\"PropertyValueSpecification\",\"valueRequired\":true,\"valueName\":\"search_term_string\"}}],\"inLanguage\":\"de\"}]}<\/script>\n<!-- \/ Yoast SEO Premium plugin. -->","yoast_head_json":{"title":"Dolmen - Foscarini","robots":{"index":"index","follow":"follow","max-snippet":"max-snippet:-1","max-image-preview":"max-image-preview:large","max-video-preview":"max-video-preview:-1"},"og_locale":"de_DE","og_type":"article","og_title":"Dolmen","og_description":"Stehleuchte zum An-die-Wand-Lehnen mit diffusem und reflektiertem Licht. Die Leuchte besteht aus einem lasergeschnittenen Aluminiumblech, das mit einer Biegepresse gebogen und abschlie\u00dfend von Hand bearbeitet wird. Das Aluminium wird zun\u00e4chst eloxiert und mit fl\u00fcssigem Transparent Farblack lackiert. Die zwei Diffusoren bestehen aus opalfarbigem PMMA, wobei der vorderseitige eine leichte Hammerschlag-Optik aufweist. Zwischen den beiden Diffusoren befindet sich eine Scheibe aus transparentem PMMA, die das Licht der auf den langen Seiten des Aluminiumgestells installierten Multichip-LEDs verteilt. Die Scheibe ist im Bereich der \u201eBullaugen\u201c lasergraviert, um dort die Reflektion des Lichts zu erh\u00f6hen. Elektrokabel und Dimmer sind transparent gehalten. Inklusive kleinem Montagewinkel f\u00fcr die verpflichtend vorgesehene Verankerung in der Wand.","og_url":"https:\/\/www.foscarini.com\/de\/produkt\/dolmen-std-f-de\/","og_site_name":"Foscarini","article_modified_time":"2025-06-11T12:01:26+00:00","og_image":[{"width":786,"height":865,"url":"https:\/\/www.foscarini.com\/wp-content\/uploads\/2025\/06\/dolmen_f_alluminium_22_786x865-1.jpg","type":"image\/jpeg"}],"twitter_card":"summary_large_image","twitter_misc":{"Gesch\u00e4tzte Lesezeit":"1\u00a0Minute"},"schema":{"@context":"https:\/\/schema.org","@graph":[{"@type":"WebPage","@id":"https:\/\/www.foscarini.com\/de\/produkt\/dolmen-std-f-de\/","url":"https:\/\/www.foscarini.com\/de\/produkt\/dolmen-std-f-de\/","name":"Dolmen - Foscarini","isPartOf":{"@id":"https:\/\/www.foscarini.com\/#website"},"primaryImageOfPage":{"@id":"https:\/\/www.foscarini.com\/de\/produkt\/dolmen-std-f-de\/#primaryimage"},"image":{"@id":"https:\/\/www.foscarini.com\/de\/produkt\/dolmen-std-f-de\/#primaryimage"},"thumbnailUrl":"https:\/\/www.foscarini.com\/wp-content\/uploads\/2025\/06\/dolmen_f_alluminium_22_786x865-1.jpg","datePublished":"2024-03-28T17:57:10+00:00","dateModified":"2025-06-11T12:01:26+00:00","breadcrumb":{"@id":"https:\/\/www.foscarini.com\/de\/produkt\/dolmen-std-f-de\/#breadcrumb"},"inLanguage":"de","potentialAction":[{"@type":"ReadAction","target":["https:\/\/www.foscarini.com\/de\/produkt\/dolmen-std-f-de\/"]}]},{"@type":"ImageObject","inLanguage":"de","@id":"https:\/\/www.foscarini.com\/de\/produkt\/dolmen-std-f-de\/#primaryimage","url":"https:\/\/www.foscarini.com\/wp-content\/uploads\/2025\/06\/dolmen_f_alluminium_22_786x865-1.jpg","contentUrl":"https:\/\/www.foscarini.com\/wp-content\/uploads\/2025\/06\/dolmen_f_alluminium_22_786x865-1.jpg","width":786,"height":865},{"@type":"BreadcrumbList","@id":"https:\/\/www.foscarini.com\/de\/produkt\/dolmen-std-f-de\/#breadcrumb","itemListElement":[{"@type":"ListItem","position":1,"name":"Home","item":"https:\/\/www.foscarini.com\/de\/"},{"@type":"ListItem","position":2,"name":"Shop","item":"https:\/\/www.foscarini.com\/de\/shop\/"},{"@type":"ListItem","position":3,"name":"Dolmen"}]},{"@type":"WebSite","@id":"https:\/\/www.foscarini.com\/#website","url":"https:\/\/www.foscarini.com\/","name":"Foscarini","description":"","potentialAction":[{"@type":"SearchAction","target":{"@type":"EntryPoint","urlTemplate":"https:\/\/www.foscarini.com\/?s={search_term_string}"},"query-input":{"@type":"PropertyValueSpecification","valueRequired":true,"valueName":"search_term_string"}}],"inLanguage":"de"}]}},"_links":{"self":[{"href":"https:\/\/www.foscarini.com\/de\/wp-json\/wp\/v2\/product\/195503"}],"collection":[{"href":"https:\/\/www.foscarini.com\/de\/wp-json\/wp\/v2\/product"}],"about":[{"href":"https:\/\/www.foscarini.com\/de\/wp-json\/wp\/v2\/types\/product"}],"replies":[{"embeddable":true,"href":"https:\/\/www.foscarini.com\/de\/wp-json\/wp\/v2\/comments?post=195503"}],"wp:featuredmedia":[{"embeddable":true,"href":"https:\/\/www.foscarini.com\/de\/wp-json\/wp\/v2\/media\/446039"}],"wp:attachment":[{"href":"https:\/\/www.foscarini.com\/de\/wp-json\/wp\/v2\/media?parent=195503"}],"wp:term":[{"taxonomy":"product_cat","embeddable":true,"href":"https:\/\/www.foscarini.com\/de\/wp-json\/wp\/v2\/product_cat?post=195503"},{"taxonomy":"product_tag","embeddable":true,"href":"https:\/\/www.foscarini.com\/de\/wp-json\/wp\/v2\/product_tag?post=195503"},{"taxonomy":"materiale","embeddable":true,"href":"https:\/\/www.foscarini.com\/de\/wp-json\/wp\/v2\/materiale?post=195503"},{"taxonomy":"altezza","embeddable":true,"href":"https:\/\/www.foscarini.com\/de\/wp-json\/wp\/v2\/altezza?post=195503"},{"taxonomy":"larghezza","embeddable":true,"href":"https:\/\/www.foscarini.com\/de\/wp-json\/wp\/v2\/larghezza?post=195503"},{"taxonomy":"profondita","embeddable":true,"href":"https:\/\/www.foscarini.com\/de\/wp-json\/wp\/v2\/profondita?post=195503"},{"taxonomy":"peso","embeddable":true,"href":"https:\/\/www.foscarini.com\/de\/wp-json\/wp\/v2\/peso?post=195503"},{"taxonomy":"designer-prodotto","embeddable":true,"href":"https:\/\/www.foscarini.com\/de\/wp-json\/wp\/v2\/designer-prodotto?post=195503"}],"curies":[{"name":"wp","href":"https:\/\/api.w.org\/{rel}","templated":true}]}}