{"id":195121,"date":"2024-03-29T14:40:54","date_gmt":"2024-03-29T14:40:54","guid":{"rendered":"https:\/\/www.foscarini.com\/product\/chapeaux-v-chapeaux-t\/"},"modified":"2025-06-11T11:41:37","modified_gmt":"2025-06-11T11:41:37","slug":"chapeaux-v-chapeaux-t-de","status":"publish","type":"product","link":"https:\/\/www.foscarini.com\/de\/produkt\/chapeaux-v-chapeaux-t-de\/","title":{"rendered":"Chapeaux V"},"content":{"rendered":"<p>Eine raffinierte Tischleuchte, deren kompositorischen Elemente auf ein Minimum reduziert wurden. Ein Gestell aus transparentem Glas, das fast aus dem Blickfeld verschwindet, ein leuchtendes Herz und ein eleganter, frei ruhender Glashut, der ein sanftes Raumlicht verstr\u00f6mt.<\/p><div class=\"wp-block-columns two_image_join two_image_join_affiancate on_off_block is-layout-flex wp-container-core-columns-is-layout-1 wp-block-columns-is-layout-flex\"><div class=\"wp-block-column is-layout-flow wp-block-column-is-layout-flow\"><div class=\"wp-block-getwid-image-hotspot\" data-appearance-animation=\"none\" data-image-points=\"[{&quot;link&quot;:&quot;&quot;,&quot;icon&quot;:&quot;&quot;,&quot;title&quot;:&quot;acceso&quot;,&quot;color&quot;:&quot;&quot;,&quot;content&quot;:&quot;&quot;,&quot;backgroundColor&quot;:&quot;&quot;,&quot;newTab&quot;:false,&quot;popUpOpen&quot;:false,&quot;popUpWidth&quot;:350,&quot;placement&quot;:&quot;top&quot;,&quot;position&quot;:{&quot;x&quot;:&quot;40.89%&quot;,&quot;y&quot;:&quot;25.99%&quot;}}]\" data-trigger=\"click\" data-theme=\"light\" data-tooltip-animation=\"shift-toward\" data-arrow=\"true\"><div class=\"wp-block-getwid-image-hotspot__wrapper\"><img loading=\"lazy\" decoding=\"async\" width=\"2560\" height=\"1591\" src=\"https:\/\/www.foscarini.com\/wp-content\/uploads\/2024\/03\/4.1-OFF_ChapeauxV-1-scaled.jpg\" alt=\"\" class=\"wp-block-getwid-image-hotspot__image wp-image-312636\" srcset=\"https:\/\/www.foscarini.com\/wp-content\/uploads\/2024\/03\/4.1-OFF_ChapeauxV-1-scaled.jpg 2560w, https:\/\/www.foscarini.com\/wp-content\/uploads\/2024\/03\/4.1-OFF_ChapeauxV-1-300x186.jpg 300w, https:\/\/www.foscarini.com\/wp-content\/uploads\/2024\/03\/4.1-OFF_ChapeauxV-1-1024x636.jpg 1024w, https:\/\/www.foscarini.com\/wp-content\/uploads\/2024\/03\/4.1-OFF_ChapeauxV-1-768x477.jpg 768w, https:\/\/www.foscarini.com\/wp-content\/uploads\/2024\/03\/4.1-OFF_ChapeauxV-1-1536x955.jpg 1536w, https:\/\/www.foscarini.com\/wp-content\/uploads\/2024\/03\/4.1-OFF_ChapeauxV-1-2048x1273.jpg 2048w, https:\/\/www.foscarini.com\/wp-content\/uploads\/2024\/03\/4.1-OFF_ChapeauxV-1-800x497.jpg 800w\" sizes=\"(max-width: 2560px) 100vw, 2560px\" \/><div data-point-id=\"0\" class=\"wp-block-getwid-image-hotspot__dot has-animation-pulse\" style=\"left:40.89%;top:25.99%\"><div class=\"wp-block-getwid-image-hotspot__dot-wrapper\"><div class=\"wp-block-getwid-image-hotspot__dot-content\"><i class=\"fas fa-plus wp-block-getwid-image-hotspot__dot-icon\"><\/i><\/div><\/div><div class=\"wp-block-getwid-image-hotspot__dot-description\"><div class=\"wp-block-getwid-image-hotspot__dot-title\">acceso<\/div><\/div><\/div><\/div><\/div>\n\n<figure class=\"wp-block-image size-large absolute_image\"><img loading=\"lazy\" decoding=\"async\" width=\"1024\" height=\"636\" src=\"https:\/\/www.foscarini.com\/wp-content\/uploads\/2024\/03\/4.2-ON_ChapeauxV-1-1024x636.jpg\" alt=\"\" class=\"wp-image-312643\" srcset=\"https:\/\/www.foscarini.com\/wp-content\/uploads\/2024\/03\/4.2-ON_ChapeauxV-1-1024x636.jpg 1024w, https:\/\/www.foscarini.com\/wp-content\/uploads\/2024\/03\/4.2-ON_ChapeauxV-1-300x186.jpg 300w, https:\/\/www.foscarini.com\/wp-content\/uploads\/2024\/03\/4.2-ON_ChapeauxV-1-768x477.jpg 768w, https:\/\/www.foscarini.com\/wp-content\/uploads\/2024\/03\/4.2-ON_ChapeauxV-1-1536x955.jpg 1536w, https:\/\/www.foscarini.com\/wp-content\/uploads\/2024\/03\/4.2-ON_ChapeauxV-1-2048x1273.jpg 2048w, https:\/\/www.foscarini.com\/wp-content\/uploads\/2024\/03\/4.2-ON_ChapeauxV-1-800x497.jpg 800w\" sizes=\"(max-width: 1024px) 100vw, 1024px\" \/><\/figure><\/div><\/div>","protected":false},"excerpt":{"rendered":"<p>Die kompositorischen Elemente von Chapeaux, der von Rodolfo Dordoni entworfenen Tischleuchte mit direktem und diffusem Licht, wurden auf ein Minimum reduziert. Im Mittelpunkt des Entwurfs stehen drei &#8211; in Form, Material und Ausf\u00fchrung unterschiedliche &#8211; Schirme, die frei auf einem zentralen, zylinderf\u00f6rmigen, an den Enden offenen Borosilikatglask\u00f6rper ruhen, der auch die Lichtquelle tr\u00e4gt: einer Ampulle aus opalem Polycarbonat, die die Beleuchtungskomponenten umschlie\u00dft und im Glas zu schweben scheint. Der oben auf ihr befestigte, geb\u00fcrstete Aluminiumb\u00fcgel ist ein Touchdimmer mit drei Lichtstufen, der die letzte Auswahl speichert, wenn er von einem Wandschalter gesteuert wird. Bei der V-Ausf\u00fchrung besteht der Schirm aus mundgeblasenem \u00dcberfangglas mit gl\u00e4nzender Oberfl\u00e4che. Das Licht durchstr\u00f6mt den Schirm teilweise und beleuchtet ihn von innen, um eine sanfte Atmosph\u00e4re zu schaffen. Bei der warmwei\u00dfen Ausf\u00fchrung ist die Glasfarbe wei\u00df im ausgeschalteten Zustand und elfenbeinfarbig bei eingeschalteter Leuchte dank einer Innenschicht des Glases in strohgelbem Farbton.<\/p>\n","protected":false},"featured_media":466508,"comment_status":"open","ping_status":"closed","template":"","meta":{"_acf_changed":true},"product_cat":[1031,6978,650,715,750],"product_tag":[],"materiale":[8163],"altezza":[11312],"larghezza":[9639],"profondita":[9510],"peso":[9022],"designer-prodotto":[7572],"class_list":{"0":"post-195121","1":"product","2":"type-product","3":"status-publish","4":"has-post-thumbnail","6":"product_cat-chapeaux-concetto-de","7":"product_cat-chapeaux-famiglia-de","8":"product_cat-concetto-de","9":"product_cat-funzione-de","10":"product_cat-tavolo-de","11":"materiale-vetro-e-vetro-soffiato-de","12":"altezza-47-de","13":"larghezza-29-de","14":"profondita-29-de","15":"peso-24-de","16":"designer-prodotto-rodolfo-dordoni-de","18":"first","19":"instock","20":"shipping-taxable","21":"purchasable","22":"product-type-variable"},"acf":{"preview_slider":{"titolo":"CHAPEAUX V","testo":"Eine raffinierte Tischleuchte, deren kompositorischen Elemente auf ein Minimum reduziert wurden. Ein Gestell aus transparentem Glas, das fast aus dem Blickfeld verschwindet, ein leuchtendes Herz und ein eleganter, frei ruhender Glashut, der ein sanftes Raumlicht verstr\u00f6mt.        ","video_domanda":false,"link_video":""},"prodotto__immagine_preview":{"immagine":98993},"prodotto__slider":{"sottotitolo":"Rodolfo Dordoni (2023)","titolo":"Eine raffinierte Tischleuchte, deren kompositorischen Elemente auf ein Minimum reduziert wurden. Ein Gestell aus transparentem Glas, das fast aus dem Blickfeld verschwindet, ein leuchtendes Herz und ein eleganter, frei ruhender Glashut, der ein sanftes Raumlicht verstr\u00f6mt.","immagini":[{"immagine":308519,"immagine_mobile":""},{"immagine":308512,"immagine_mobile":""}]},"prodotto__slider_preview":null,"prodotto__specifiche":{"selezione":[{"scheda_tecnica":461781}]}},"yoast_head":"<!-- This site is optimized with the Yoast SEO Premium plugin v22.4 (Yoast SEO v23.7) - https:\/\/yoast.com\/wordpress\/plugins\/seo\/ -->\n<title>Chapeaux V - Foscarini<\/title>\n<meta name=\"robots\" content=\"index, follow, max-snippet:-1, max-image-preview:large, max-video-preview:-1\" \/>\n<meta property=\"og:locale\" content=\"de_DE\" \/>\n<meta property=\"og:type\" content=\"article\" \/>\n<meta property=\"og:title\" content=\"Chapeaux V\" \/>\n<meta property=\"og:description\" content=\"Die kompositorischen Elemente von Chapeaux, der von Rodolfo Dordoni entworfenen Tischleuchte mit direktem und diffusem Licht, wurden auf ein Minimum reduziert. Im Mittelpunkt des Entwurfs stehen drei - in Form, Material und Ausf\u00fchrung unterschiedliche - Schirme, die frei auf einem zentralen, zylinderf\u00f6rmigen, an den Enden offenen Borosilikatglask\u00f6rper ruhen, der auch die Lichtquelle tr\u00e4gt: einer Ampulle aus opalem Polycarbonat, die die Beleuchtungskomponenten umschlie\u00dft und im Glas zu schweben scheint. Der oben auf ihr befestigte, geb\u00fcrstete Aluminiumb\u00fcgel ist ein Touchdimmer mit drei Lichtstufen, der die letzte Auswahl speichert, wenn er von einem Wandschalter gesteuert wird. Bei der V-Ausf\u00fchrung besteht der Schirm aus mundgeblasenem \u00dcberfangglas mit gl\u00e4nzender Oberfl\u00e4che. Das Licht durchstr\u00f6mt den Schirm teilweise und beleuchtet ihn von innen, um eine sanfte Atmosph\u00e4re zu schaffen. Bei der warmwei\u00dfen Ausf\u00fchrung ist die Glasfarbe wei\u00df im ausgeschalteten Zustand und elfenbeinfarbig bei eingeschalteter Leuchte dank einer Innenschicht des Glases in strohgelbem Farbton.\" \/>\n<meta property=\"og:url\" content=\"https:\/\/www.foscarini.com\/de\/produkt\/chapeaux-v-chapeaux-t-de\/\" \/>\n<meta property=\"og:site_name\" content=\"Foscarini\" \/>\n<meta property=\"article:modified_time\" content=\"2025-06-11T11:41:37+00:00\" \/>\n<meta property=\"og:image\" content=\"https:\/\/www.foscarini.com\/wp-content\/uploads\/2025\/06\/chapeaux-v_t_grey_22_786x865-1.jpg\" \/>\n\t<meta property=\"og:image:width\" content=\"786\" \/>\n\t<meta property=\"og:image:height\" content=\"865\" \/>\n\t<meta property=\"og:image:type\" content=\"image\/jpeg\" \/>\n<meta name=\"twitter:card\" content=\"summary_large_image\" \/>\n<meta name=\"twitter:label1\" content=\"Gesch\u00e4tzte Lesezeit\" \/>\n\t<meta name=\"twitter:data1\" content=\"1\u00a0Minute\" \/>\n<script type=\"application\/ld+json\" class=\"yoast-schema-graph\">{\"@context\":\"https:\/\/schema.org\",\"@graph\":[{\"@type\":\"WebPage\",\"@id\":\"https:\/\/www.foscarini.com\/de\/produkt\/chapeaux-v-chapeaux-t-de\/\",\"url\":\"https:\/\/www.foscarini.com\/de\/produkt\/chapeaux-v-chapeaux-t-de\/\",\"name\":\"Chapeaux V - Foscarini\",\"isPartOf\":{\"@id\":\"https:\/\/www.foscarini.com\/#website\"},\"primaryImageOfPage\":{\"@id\":\"https:\/\/www.foscarini.com\/de\/produkt\/chapeaux-v-chapeaux-t-de\/#primaryimage\"},\"image\":{\"@id\":\"https:\/\/www.foscarini.com\/de\/produkt\/chapeaux-v-chapeaux-t-de\/#primaryimage\"},\"thumbnailUrl\":\"https:\/\/www.foscarini.com\/wp-content\/uploads\/2025\/06\/chapeaux-v_t_grey_22_786x865-3.jpg\",\"datePublished\":\"2024-03-29T14:40:54+00:00\",\"dateModified\":\"2025-06-11T11:41:37+00:00\",\"breadcrumb\":{\"@id\":\"https:\/\/www.foscarini.com\/de\/produkt\/chapeaux-v-chapeaux-t-de\/#breadcrumb\"},\"inLanguage\":\"de\",\"potentialAction\":[{\"@type\":\"ReadAction\",\"target\":[\"https:\/\/www.foscarini.com\/de\/produkt\/chapeaux-v-chapeaux-t-de\/\"]}]},{\"@type\":\"ImageObject\",\"inLanguage\":\"de\",\"@id\":\"https:\/\/www.foscarini.com\/de\/produkt\/chapeaux-v-chapeaux-t-de\/#primaryimage\",\"url\":\"https:\/\/www.foscarini.com\/wp-content\/uploads\/2025\/06\/chapeaux-v_t_grey_22_786x865-3.jpg\",\"contentUrl\":\"https:\/\/www.foscarini.com\/wp-content\/uploads\/2025\/06\/chapeaux-v_t_grey_22_786x865-3.jpg\",\"width\":786,\"height\":865},{\"@type\":\"BreadcrumbList\",\"@id\":\"https:\/\/www.foscarini.com\/de\/produkt\/chapeaux-v-chapeaux-t-de\/#breadcrumb\",\"itemListElement\":[{\"@type\":\"ListItem\",\"position\":1,\"name\":\"Home\",\"item\":\"https:\/\/www.foscarini.com\/de\/\"},{\"@type\":\"ListItem\",\"position\":2,\"name\":\"Shop\",\"item\":\"https:\/\/www.foscarini.com\/de\/shop\/\"},{\"@type\":\"ListItem\",\"position\":3,\"name\":\"Chapeaux V\"}]},{\"@type\":\"WebSite\",\"@id\":\"https:\/\/www.foscarini.com\/#website\",\"url\":\"https:\/\/www.foscarini.com\/\",\"name\":\"Foscarini\",\"description\":\"\",\"potentialAction\":[{\"@type\":\"SearchAction\",\"target\":{\"@type\":\"EntryPoint\",\"urlTemplate\":\"https:\/\/www.foscarini.com\/?s={search_term_string}\"},\"query-input\":{\"@type\":\"PropertyValueSpecification\",\"valueRequired\":true,\"valueName\":\"search_term_string\"}}],\"inLanguage\":\"de\"}]}<\/script>\n<!-- \/ Yoast SEO Premium plugin. -->","yoast_head_json":{"title":"Chapeaux V - Foscarini","robots":{"index":"index","follow":"follow","max-snippet":"max-snippet:-1","max-image-preview":"max-image-preview:large","max-video-preview":"max-video-preview:-1"},"og_locale":"de_DE","og_type":"article","og_title":"Chapeaux V","og_description":"Die kompositorischen Elemente von Chapeaux, der von Rodolfo Dordoni entworfenen Tischleuchte mit direktem und diffusem Licht, wurden auf ein Minimum reduziert. Im Mittelpunkt des Entwurfs stehen drei - in Form, Material und Ausf\u00fchrung unterschiedliche - Schirme, die frei auf einem zentralen, zylinderf\u00f6rmigen, an den Enden offenen Borosilikatglask\u00f6rper ruhen, der auch die Lichtquelle tr\u00e4gt: einer Ampulle aus opalem Polycarbonat, die die Beleuchtungskomponenten umschlie\u00dft und im Glas zu schweben scheint. Der oben auf ihr befestigte, geb\u00fcrstete Aluminiumb\u00fcgel ist ein Touchdimmer mit drei Lichtstufen, der die letzte Auswahl speichert, wenn er von einem Wandschalter gesteuert wird. Bei der V-Ausf\u00fchrung besteht der Schirm aus mundgeblasenem \u00dcberfangglas mit gl\u00e4nzender Oberfl\u00e4che. Das Licht durchstr\u00f6mt den Schirm teilweise und beleuchtet ihn von innen, um eine sanfte Atmosph\u00e4re zu schaffen. Bei der warmwei\u00dfen Ausf\u00fchrung ist die Glasfarbe wei\u00df im ausgeschalteten Zustand und elfenbeinfarbig bei eingeschalteter Leuchte dank einer Innenschicht des Glases in strohgelbem Farbton.","og_url":"https:\/\/www.foscarini.com\/de\/produkt\/chapeaux-v-chapeaux-t-de\/","og_site_name":"Foscarini","article_modified_time":"2025-06-11T11:41:37+00:00","og_image":[{"width":786,"height":865,"url":"https:\/\/www.foscarini.com\/wp-content\/uploads\/2025\/06\/chapeaux-v_t_grey_22_786x865-1.jpg","type":"image\/jpeg"}],"twitter_card":"summary_large_image","twitter_misc":{"Gesch\u00e4tzte Lesezeit":"1\u00a0Minute"},"schema":{"@context":"https:\/\/schema.org","@graph":[{"@type":"WebPage","@id":"https:\/\/www.foscarini.com\/de\/produkt\/chapeaux-v-chapeaux-t-de\/","url":"https:\/\/www.foscarini.com\/de\/produkt\/chapeaux-v-chapeaux-t-de\/","name":"Chapeaux V - Foscarini","isPartOf":{"@id":"https:\/\/www.foscarini.com\/#website"},"primaryImageOfPage":{"@id":"https:\/\/www.foscarini.com\/de\/produkt\/chapeaux-v-chapeaux-t-de\/#primaryimage"},"image":{"@id":"https:\/\/www.foscarini.com\/de\/produkt\/chapeaux-v-chapeaux-t-de\/#primaryimage"},"thumbnailUrl":"https:\/\/www.foscarini.com\/wp-content\/uploads\/2025\/06\/chapeaux-v_t_grey_22_786x865-3.jpg","datePublished":"2024-03-29T14:40:54+00:00","dateModified":"2025-06-11T11:41:37+00:00","breadcrumb":{"@id":"https:\/\/www.foscarini.com\/de\/produkt\/chapeaux-v-chapeaux-t-de\/#breadcrumb"},"inLanguage":"de","potentialAction":[{"@type":"ReadAction","target":["https:\/\/www.foscarini.com\/de\/produkt\/chapeaux-v-chapeaux-t-de\/"]}]},{"@type":"ImageObject","inLanguage":"de","@id":"https:\/\/www.foscarini.com\/de\/produkt\/chapeaux-v-chapeaux-t-de\/#primaryimage","url":"https:\/\/www.foscarini.com\/wp-content\/uploads\/2025\/06\/chapeaux-v_t_grey_22_786x865-3.jpg","contentUrl":"https:\/\/www.foscarini.com\/wp-content\/uploads\/2025\/06\/chapeaux-v_t_grey_22_786x865-3.jpg","width":786,"height":865},{"@type":"BreadcrumbList","@id":"https:\/\/www.foscarini.com\/de\/produkt\/chapeaux-v-chapeaux-t-de\/#breadcrumb","itemListElement":[{"@type":"ListItem","position":1,"name":"Home","item":"https:\/\/www.foscarini.com\/de\/"},{"@type":"ListItem","position":2,"name":"Shop","item":"https:\/\/www.foscarini.com\/de\/shop\/"},{"@type":"ListItem","position":3,"name":"Chapeaux V"}]},{"@type":"WebSite","@id":"https:\/\/www.foscarini.com\/#website","url":"https:\/\/www.foscarini.com\/","name":"Foscarini","description":"","potentialAction":[{"@type":"SearchAction","target":{"@type":"EntryPoint","urlTemplate":"https:\/\/www.foscarini.com\/?s={search_term_string}"},"query-input":{"@type":"PropertyValueSpecification","valueRequired":true,"valueName":"search_term_string"}}],"inLanguage":"de"}]}},"_links":{"self":[{"href":"https:\/\/www.foscarini.com\/de\/wp-json\/wp\/v2\/product\/195121"}],"collection":[{"href":"https:\/\/www.foscarini.com\/de\/wp-json\/wp\/v2\/product"}],"about":[{"href":"https:\/\/www.foscarini.com\/de\/wp-json\/wp\/v2\/types\/product"}],"replies":[{"embeddable":true,"href":"https:\/\/www.foscarini.com\/de\/wp-json\/wp\/v2\/comments?post=195121"}],"wp:featuredmedia":[{"embeddable":true,"href":"https:\/\/www.foscarini.com\/de\/wp-json\/wp\/v2\/media\/466508"}],"wp:attachment":[{"href":"https:\/\/www.foscarini.com\/de\/wp-json\/wp\/v2\/media?parent=195121"}],"wp:term":[{"taxonomy":"product_cat","embeddable":true,"href":"https:\/\/www.foscarini.com\/de\/wp-json\/wp\/v2\/product_cat?post=195121"},{"taxonomy":"product_tag","embeddable":true,"href":"https:\/\/www.foscarini.com\/de\/wp-json\/wp\/v2\/product_tag?post=195121"},{"taxonomy":"materiale","embeddable":true,"href":"https:\/\/www.foscarini.com\/de\/wp-json\/wp\/v2\/materiale?post=195121"},{"taxonomy":"altezza","embeddable":true,"href":"https:\/\/www.foscarini.com\/de\/wp-json\/wp\/v2\/altezza?post=195121"},{"taxonomy":"larghezza","embeddable":true,"href":"https:\/\/www.foscarini.com\/de\/wp-json\/wp\/v2\/larghezza?post=195121"},{"taxonomy":"profondita","embeddable":true,"href":"https:\/\/www.foscarini.com\/de\/wp-json\/wp\/v2\/profondita?post=195121"},{"taxonomy":"peso","embeddable":true,"href":"https:\/\/www.foscarini.com\/de\/wp-json\/wp\/v2\/peso?post=195121"},{"taxonomy":"designer-prodotto","embeddable":true,"href":"https:\/\/www.foscarini.com\/de\/wp-json\/wp\/v2\/designer-prodotto?post=195121"}],"curies":[{"name":"wp","href":"https:\/\/api.w.org\/{rel}","templated":true}]}}