{"id":194712,"date":"2024-03-28T18:05:28","date_gmt":"2024-03-28T18:05:28","guid":{"rendered":"https:\/\/www.foscarini.com\/product\/light-bulb-std-t\/"},"modified":"2025-06-11T14:13:46","modified_gmt":"2025-06-11T14:13:46","slug":"light-bulb-std-t-de","status":"publish","type":"product","link":"https:\/\/www.foscarini.com\/de\/produkt\/light-bulb-std-t-de\/","title":{"rendered":"Light Bulb"},"content":{"rendered":"<p>La lampada da tavolo White Light rappresenta l\u2019icona della lampadina con la tipica forma a bulbo, mentre la lampada di design Black Light gioca invece sull\u2019inversione delle parti: il portalampada emana luce, mentre la lampadina rimane buia. Una tentazione accessibile, parte di una collezione d&#8217;autore, in un esclusivo packaging personalizzato.<\/p><section class=\"pdp__slider full-height-vh\">\n    <div class=\"swiper-container swiper__pdp\">\n        <div class=\"swiper-wrapper full-height\">\n                                <div class=\"swiper-slide\">\n                                                    <img decoding=\"async\" class=\"full-cover\" src=\"https:\/\/www.foscarini.com\/wp-content\/uploads\/2024\/03\/3.1_LightBulb-150x150.jpg\" srcset=\"https:\/\/www.foscarini.com\/wp-content\/uploads\/2024\/03\/3.1_LightBulb-300x200.jpg 300w, https:\/\/www.foscarini.com\/wp-content\/uploads\/2024\/03\/3.1_LightBulb-1024x683.jpg 1024w, https:\/\/www.foscarini.com\/wp-content\/uploads\/2024\/03\/3.1_LightBulb-768x512.jpg 768w, https:\/\/www.foscarini.com\/wp-content\/uploads\/2024\/03\/3.1_LightBulb-1536x1024.jpg 1536w, https:\/\/www.foscarini.com\/wp-content\/uploads\/2024\/03\/3.1_LightBulb-2048x1365.jpg 2048w, https:\/\/www.foscarini.com\/wp-content\/uploads\/2024\/03\/3.1_LightBulb-800x533.jpg 800w\" alt=\"\" \/>\n                                                                        <\/div>\n                                        <div class=\"swiper-slide\">\n                                                    <img decoding=\"async\" class=\"full-cover\" src=\"https:\/\/www.foscarini.com\/wp-content\/uploads\/2024\/03\/3.2_LightBulb-150x150.jpg\" srcset=\"https:\/\/www.foscarini.com\/wp-content\/uploads\/2024\/03\/3.2_LightBulb-300x200.jpg 300w, https:\/\/www.foscarini.com\/wp-content\/uploads\/2024\/03\/3.2_LightBulb-1024x683.jpg 1024w, https:\/\/www.foscarini.com\/wp-content\/uploads\/2024\/03\/3.2_LightBulb-768x512.jpg 768w, https:\/\/www.foscarini.com\/wp-content\/uploads\/2024\/03\/3.2_LightBulb-1536x1024.jpg 1536w, https:\/\/www.foscarini.com\/wp-content\/uploads\/2024\/03\/3.2_LightBulb-2048x1365.jpg 2048w, https:\/\/www.foscarini.com\/wp-content\/uploads\/2024\/03\/3.2_LightBulb-800x533.jpg 800w\" alt=\"\" \/>\n                                                                        <\/div>\n                                        <div class=\"swiper-slide\">\n                                                    <img decoding=\"async\" class=\"full-cover\" src=\"https:\/\/www.foscarini.com\/wp-content\/uploads\/2024\/03\/3.3_LightBulb-150x150.jpg\" srcset=\"https:\/\/www.foscarini.com\/wp-content\/uploads\/2024\/03\/3.3_LightBulb-300x200.jpg 300w, https:\/\/www.foscarini.com\/wp-content\/uploads\/2024\/03\/3.3_LightBulb-1024x683.jpg 1024w, https:\/\/www.foscarini.com\/wp-content\/uploads\/2024\/03\/3.3_LightBulb-768x512.jpg 768w, https:\/\/www.foscarini.com\/wp-content\/uploads\/2024\/03\/3.3_LightBulb-1536x1024.jpg 1536w, https:\/\/www.foscarini.com\/wp-content\/uploads\/2024\/03\/3.3_LightBulb-2048x1365.jpg 2048w, https:\/\/www.foscarini.com\/wp-content\/uploads\/2024\/03\/3.3_LightBulb-800x533.jpg 800w\" alt=\"\" \/>\n                                                                        <\/div>\n                                        <div class=\"swiper-slide\">\n                                                    <img decoding=\"async\" class=\"full-cover\" src=\"https:\/\/www.foscarini.com\/wp-content\/uploads\/2024\/03\/3.4_LightBulb-150x150.jpg\" srcset=\"https:\/\/www.foscarini.com\/wp-content\/uploads\/2024\/03\/3.4_LightBulb-199x300.jpg 199w, https:\/\/www.foscarini.com\/wp-content\/uploads\/2024\/03\/3.4_LightBulb-678x1024.jpg 678w, https:\/\/www.foscarini.com\/wp-content\/uploads\/2024\/03\/3.4_LightBulb-768x1160.jpg 768w, https:\/\/www.foscarini.com\/wp-content\/uploads\/2024\/03\/3.4_LightBulb-800x1208.jpg 800w, https:\/\/www.foscarini.com\/wp-content\/uploads\/2024\/03\/3.4_LightBulb.jpg 980w\" alt=\"\" \/>\n                                                                        <\/div>\n                                        <div class=\"swiper-slide\">\n                                                    <img decoding=\"async\" class=\"full-cover\" src=\"https:\/\/www.foscarini.com\/wp-content\/uploads\/2024\/03\/3.5_LightBulb-150x150.jpg\" srcset=\"https:\/\/www.foscarini.com\/wp-content\/uploads\/2024\/03\/3.5_LightBulb-199x300.jpg 199w, https:\/\/www.foscarini.com\/wp-content\/uploads\/2024\/03\/3.5_LightBulb-678x1024.jpg 678w, https:\/\/www.foscarini.com\/wp-content\/uploads\/2024\/03\/3.5_LightBulb-768x1160.jpg 768w, https:\/\/www.foscarini.com\/wp-content\/uploads\/2024\/03\/3.5_LightBulb-800x1208.jpg 800w, https:\/\/www.foscarini.com\/wp-content\/uploads\/2024\/03\/3.5_LightBulb.jpg 980w\" alt=\"\" \/>\n                                                                        <\/div>\n                                        <div class=\"swiper-slide\">\n                                                    <img decoding=\"async\" class=\"full-cover\" src=\"https:\/\/www.foscarini.com\/wp-content\/uploads\/2024\/03\/3.7_LightBulb-150x150.jpg\" srcset=\"https:\/\/www.foscarini.com\/wp-content\/uploads\/2024\/03\/3.7_LightBulb-300x200.jpg 300w, https:\/\/www.foscarini.com\/wp-content\/uploads\/2024\/03\/3.7_LightBulb-1024x683.jpg 1024w, https:\/\/www.foscarini.com\/wp-content\/uploads\/2024\/03\/3.7_LightBulb-768x512.jpg 768w, https:\/\/www.foscarini.com\/wp-content\/uploads\/2024\/03\/3.7_LightBulb-1536x1024.jpg 1536w, https:\/\/www.foscarini.com\/wp-content\/uploads\/2024\/03\/3.7_LightBulb-2048x1365.jpg 2048w, https:\/\/www.foscarini.com\/wp-content\/uploads\/2024\/03\/3.7_LightBulb-800x533.jpg 800w\" alt=\"\" \/>\n                                                                        <\/div>\n                                        <div class=\"swiper-slide\">\n                                                    <img decoding=\"async\" class=\"full-cover\" src=\"https:\/\/www.foscarini.com\/wp-content\/uploads\/2024\/03\/3.8_LightBulb-150x150.jpg\" srcset=\"https:\/\/www.foscarini.com\/wp-content\/uploads\/2024\/03\/3.8_LightBulb-300x200.jpg 300w, https:\/\/www.foscarini.com\/wp-content\/uploads\/2024\/03\/3.8_LightBulb-1024x683.jpg 1024w, https:\/\/www.foscarini.com\/wp-content\/uploads\/2024\/03\/3.8_LightBulb-768x512.jpg 768w, https:\/\/www.foscarini.com\/wp-content\/uploads\/2024\/03\/3.8_LightBulb-1536x1024.jpg 1536w, https:\/\/www.foscarini.com\/wp-content\/uploads\/2024\/03\/3.8_LightBulb-2048x1365.jpg 2048w, https:\/\/www.foscarini.com\/wp-content\/uploads\/2024\/03\/3.8_LightBulb-800x533.jpg 800w\" alt=\"\" \/>\n                                                                        <\/div>\n                            <\/div>\n    <\/div>\n    <div class=\"swiper-scrollbar\"><\/div>\n    <div class=\"ct-arrow\">\n        <div class=\"swiper-button-prev\"><\/div>\n        <div class=\"swiper-button-next\"><\/div>\n    <\/div>\n<\/section><section class=\"concept__project_comunication full-height-vh\">\n    <div class=\"row row-large\">\n        <div class=\"medium-12 small-12 columns full-height no-padding-right-mobile\">\n            <div class=\"ct-image-text-lateral\">\n                <div class=\"ct-arrow\">\n                    <div class=\"swiper-button-prev\" aria-label=\"previous slide\"><\/div>\n                    <div class=\"swiper-button-next\" aria-label=\"next slide\"><\/div>\n                <\/div>\n                <span class=\"section-name-lateral\">Verlagsinhalte<\/span>\n                <!-- Swiper -->\n                <div class=\"swiper-container swiper__concept__comunication\">\n                    <div class=\"swiper-wrapper\">\n                                                            <div class=\"swiper-slide\">\n                                        <div class=\"ct-slide\">\n                                                                                                <img decoding=\"async\" class=\"full-cover\" src=\"https:\/\/www.foscarini.com\/wp-content\/uploads\/2023\/12\/Gallery-reverse-room-03-150x150.jpg\" srcset=\"https:\/\/www.foscarini.com\/wp-content\/uploads\/2023\/12\/Gallery-reverse-room-03-300x166.jpg 300w, https:\/\/www.foscarini.com\/wp-content\/uploads\/2023\/12\/Gallery-reverse-room-03-scaled-800x443.jpg 800w, https:\/\/www.foscarini.com\/wp-content\/uploads\/2023\/12\/Gallery-reverse-room-03-1024x567.jpg 1024w, https:\/\/www.foscarini.com\/wp-content\/uploads\/2023\/12\/Gallery-reverse-room-03-768x425.jpg 768w, https:\/\/www.foscarini.com\/wp-content\/uploads\/2023\/12\/Gallery-reverse-room-03-1536x851.jpg 1536w, https:\/\/www.foscarini.com\/wp-content\/uploads\/2023\/12\/Gallery-reverse-room-03-2048x1135.jpg 2048w\" alt=\"\" \/>\n                                                                                                <div class=\"ct-col-right\">\n                                                <div class=\"ct-link\">\n                                                    <a class=\"link-arrow\" href=\"https:\/\/www.foscarini.com\/de\/reverse-room-eine-surreale-installation-von-james-wines-die-die-wahrnehmung-auf-den-kopf-stellt\/\">Reverse Room<\/a>\n                                                    <div class=\"text-1\"><p>Ein Entwurf, der die Raumwahrnehmung auf den Kopf und die Umwelt sowie Konventionen in Frage stellt.<\/p>\n<\/div>\n                                                <\/div>\n                                            <\/div>\n                                        <\/div>\n                                    <\/div>\n                                                                        <div class=\"swiper-slide\">\n                                        <div class=\"ct-slide\">\n                                                                                                <img decoding=\"async\" class=\"full-cover\" src=\"https:\/\/www.foscarini.com\/wp-content\/uploads\/2023\/12\/Banner-principale-light-bulb-series-150x150.jpg\" srcset=\"https:\/\/www.foscarini.com\/wp-content\/uploads\/2023\/12\/Banner-principale-light-bulb-series-300x194.jpg 300w, https:\/\/www.foscarini.com\/wp-content\/uploads\/2023\/12\/Banner-principale-light-bulb-series-800x518.jpg 800w, https:\/\/www.foscarini.com\/wp-content\/uploads\/2023\/12\/Banner-principale-light-bulb-series-1024x663.jpg 1024w, https:\/\/www.foscarini.com\/wp-content\/uploads\/2023\/12\/Banner-principale-light-bulb-series-768x498.jpg 768w, https:\/\/www.foscarini.com\/wp-content\/uploads\/2023\/12\/Banner-principale-light-bulb-series-1536x995.jpg 1536w, https:\/\/www.foscarini.com\/wp-content\/uploads\/2023\/12\/Banner-principale-light-bulb-series-2048x1327.jpg 2048w\" alt=\"\" \/>\n                                                                                                <div class=\"ct-col-right\">\n                                                <div class=\"ct-link\">\n                                                    <a class=\"link-arrow\" href=\"https:\/\/www.foscarini.com\/de\/the-light-bulb-series\/\">Light Bulb Series by James Wines<\/a>\n                                                    <div class=\"text-1\"><p>Ueine Designer- Kollektion, die aus den weitreichenden Reflexionen \u00fcber die Gl\u00fchbirne als Archetyp.<\/p>\n<\/div>\n                                                <\/div>\n                                            <\/div>\n                                        <\/div>\n                                    <\/div>\n                                                                        <div class=\"swiper-slide\">\n                                        <div class=\"ct-slide\">\n                                                                                                <img decoding=\"async\" class=\"full-cover\" src=\"https:\/\/www.foscarini.com\/wp-content\/uploads\/2023\/12\/Modulo1_Wines-150x150.jpg\" srcset=\"https:\/\/www.foscarini.com\/wp-content\/uploads\/2023\/12\/Modulo1_Wines-300x194.jpg 300w, https:\/\/www.foscarini.com\/wp-content\/uploads\/2023\/12\/Modulo1_Wines-800x518.jpg 800w, https:\/\/www.foscarini.com\/wp-content\/uploads\/2023\/12\/Modulo1_Wines-1024x663.jpg 1024w, https:\/\/www.foscarini.com\/wp-content\/uploads\/2023\/12\/Modulo1_Wines-768x498.jpg 768w, https:\/\/www.foscarini.com\/wp-content\/uploads\/2023\/12\/Modulo1_Wines-1536x995.jpg 1536w, https:\/\/www.foscarini.com\/wp-content\/uploads\/2023\/12\/Modulo1_Wines-2048x1327.jpg 2048w\" alt=\"\" \/>\n                                                                                                <div class=\"ct-col-right\">\n                                                <div class=\"ct-link\">\n                                                    <a class=\"link-arrow\" href=\"https:\/\/www.foscarini.com\/de\/james-vs-wines-the-highrise-of-meanings\/\">James vs Wines \u2013 The Highrise of Meanings<\/a>\n                                                    <div class=\"text-1\"><p>Ein Film, unter der Regie von Gianluca Vassallo und produziert von Foscarini, erz\u00e4hlt von der Ikone der radikalen Architektur James Wines.<\/p>\n<\/div>\n                                                <\/div>\n                                            <\/div>\n                                        <\/div>\n                                    <\/div>\n                                                        <\/div>\n                <\/div>\n            <\/div>\n        <\/div>\n    <\/div>\n<\/section>","protected":false},"excerpt":{"rendered":"<p>Table lamp with diffused light and built-in LED. The lamp body consists of hand-blown glass which is subsequently painted in the black version. The flow of LED light is conveyed along a transparent PMMA cylinder located inside the glass bulb. The diffuser rests on an aluminium base and a metal ballast. Dimmer on the electrical cable and transformer on the plug.<\/p>\n","protected":false},"featured_media":468342,"comment_status":"open","ping_status":"closed","template":"","meta":{"_acf_changed":true},"product_cat":[650,715,911,5487,750],"product_tag":[],"materiale":[8163],"altezza":[8003],"larghezza":[7908],"profondita":[8145],"peso":[7641],"designer-prodotto":[11779],"class_list":{"0":"post-194712","1":"product","2":"type-product","3":"status-publish","4":"has-post-thumbnail","6":"product_cat-concetto-de","7":"product_cat-funzione-de","8":"product_cat-light-bulb-concetto-de","9":"product_cat-light-bulb-famiglia-de","10":"product_cat-tavolo-de","11":"materiale-vetro-e-vetro-soffiato-de","12":"altezza-15-de","13":"larghezza-14-de","14":"profondita-14-de","15":"peso-13-de","16":"designer-prodotto-james-wines-de","18":"first","19":"instock","20":"shipping-taxable","21":"purchasable","22":"product-type-variable"},"acf":{"preview_slider":{"titolo":"","testo":"","video_domanda":false,"link_video":""},"prodotto__immagine_preview":{"immagine":122117},"prodotto__slider":{"sottotitolo":"James Wines (2019)","titolo":"Die Tischleuchte White Light ist das Grundsymbol der Leuchte mit ihrer klassischen Birnenform, w\u00e4hrend die Designleuchte Black Light mit dem Konzept der Inversion spielt: das Gl\u00fchlampengeh\u00e4use sendet das Licht aus, w\u00e4hrend die Gl\u00fchbirne selbst dunkel bleibt.  Eine erschwingliche Verf\u00fchrung, Teil einer Autorenkollektion, in einer exklusiven, personalisierten Box geliefert.","immagini":[{"immagine":309414,"immagine_mobile":null},{"immagine":309421,"immagine_mobile":null}]},"prodotto__slider_preview":null,"prodotto__specifiche":{"selezione":[{"scheda_tecnica":463035}]}},"yoast_head":"<!-- This site is optimized with the Yoast SEO Premium plugin v22.4 (Yoast SEO v23.7) - https:\/\/yoast.com\/wordpress\/plugins\/seo\/ -->\n<title>Light Bulb - Foscarini<\/title>\n<meta name=\"robots\" content=\"index, follow, max-snippet:-1, max-image-preview:large, max-video-preview:-1\" \/>\n<meta property=\"og:locale\" content=\"de_DE\" \/>\n<meta property=\"og:type\" content=\"article\" \/>\n<meta property=\"og:title\" content=\"Light Bulb\" \/>\n<meta property=\"og:description\" content=\"Table lamp with diffused light and built-in LED. The lamp body consists of hand-blown glass which is subsequently painted in the black version. The flow of LED light is conveyed along a transparent PMMA cylinder located inside the glass bulb. The diffuser rests on an aluminium base and a metal ballast. Dimmer on the electrical cable and transformer on the plug.\" \/>\n<meta property=\"og:url\" content=\"https:\/\/www.foscarini.com\/de\/produkt\/light-bulb-std-t-de\/\" \/>\n<meta property=\"og:site_name\" content=\"Foscarini\" \/>\n<meta property=\"article:modified_time\" content=\"2025-06-11T14:13:46+00:00\" \/>\n<meta property=\"og:image\" content=\"https:\/\/www.foscarini.com\/wp-content\/uploads\/2025\/06\/light-bulb_t_black_22_786x865-1.jpg\" \/>\n\t<meta property=\"og:image:width\" content=\"786\" \/>\n\t<meta property=\"og:image:height\" content=\"865\" \/>\n\t<meta property=\"og:image:type\" content=\"image\/jpeg\" \/>\n<meta name=\"twitter:card\" content=\"summary_large_image\" \/>\n<meta name=\"twitter:label1\" content=\"Gesch\u00e4tzte Lesezeit\" \/>\n\t<meta name=\"twitter:data1\" content=\"1\u00a0Minute\" \/>\n<script type=\"application\/ld+json\" class=\"yoast-schema-graph\">{\"@context\":\"https:\/\/schema.org\",\"@graph\":[{\"@type\":\"WebPage\",\"@id\":\"https:\/\/www.foscarini.com\/de\/produkt\/light-bulb-std-t-de\/\",\"url\":\"https:\/\/www.foscarini.com\/de\/produkt\/light-bulb-std-t-de\/\",\"name\":\"Light Bulb - Foscarini\",\"isPartOf\":{\"@id\":\"https:\/\/www.foscarini.com\/#website\"},\"primaryImageOfPage\":{\"@id\":\"https:\/\/www.foscarini.com\/de\/produkt\/light-bulb-std-t-de\/#primaryimage\"},\"image\":{\"@id\":\"https:\/\/www.foscarini.com\/de\/produkt\/light-bulb-std-t-de\/#primaryimage\"},\"thumbnailUrl\":\"https:\/\/www.foscarini.com\/wp-content\/uploads\/2025\/06\/light-bulb_t_black_22_786x865-3.jpg\",\"datePublished\":\"2024-03-28T18:05:28+00:00\",\"dateModified\":\"2025-06-11T14:13:46+00:00\",\"breadcrumb\":{\"@id\":\"https:\/\/www.foscarini.com\/de\/produkt\/light-bulb-std-t-de\/#breadcrumb\"},\"inLanguage\":\"de\",\"potentialAction\":[{\"@type\":\"ReadAction\",\"target\":[\"https:\/\/www.foscarini.com\/de\/produkt\/light-bulb-std-t-de\/\"]}]},{\"@type\":\"ImageObject\",\"inLanguage\":\"de\",\"@id\":\"https:\/\/www.foscarini.com\/de\/produkt\/light-bulb-std-t-de\/#primaryimage\",\"url\":\"https:\/\/www.foscarini.com\/wp-content\/uploads\/2025\/06\/light-bulb_t_black_22_786x865-3.jpg\",\"contentUrl\":\"https:\/\/www.foscarini.com\/wp-content\/uploads\/2025\/06\/light-bulb_t_black_22_786x865-3.jpg\",\"width\":786,\"height\":865},{\"@type\":\"BreadcrumbList\",\"@id\":\"https:\/\/www.foscarini.com\/de\/produkt\/light-bulb-std-t-de\/#breadcrumb\",\"itemListElement\":[{\"@type\":\"ListItem\",\"position\":1,\"name\":\"Home\",\"item\":\"https:\/\/www.foscarini.com\/de\/\"},{\"@type\":\"ListItem\",\"position\":2,\"name\":\"Shop\",\"item\":\"https:\/\/www.foscarini.com\/de\/shop\/\"},{\"@type\":\"ListItem\",\"position\":3,\"name\":\"Light Bulb\"}]},{\"@type\":\"WebSite\",\"@id\":\"https:\/\/www.foscarini.com\/#website\",\"url\":\"https:\/\/www.foscarini.com\/\",\"name\":\"Foscarini\",\"description\":\"\",\"potentialAction\":[{\"@type\":\"SearchAction\",\"target\":{\"@type\":\"EntryPoint\",\"urlTemplate\":\"https:\/\/www.foscarini.com\/?s={search_term_string}\"},\"query-input\":{\"@type\":\"PropertyValueSpecification\",\"valueRequired\":true,\"valueName\":\"search_term_string\"}}],\"inLanguage\":\"de\"}]}<\/script>\n<!-- \/ Yoast SEO Premium plugin. -->","yoast_head_json":{"title":"Light Bulb - Foscarini","robots":{"index":"index","follow":"follow","max-snippet":"max-snippet:-1","max-image-preview":"max-image-preview:large","max-video-preview":"max-video-preview:-1"},"og_locale":"de_DE","og_type":"article","og_title":"Light Bulb","og_description":"Table lamp with diffused light and built-in LED. The lamp body consists of hand-blown glass which is subsequently painted in the black version. The flow of LED light is conveyed along a transparent PMMA cylinder located inside the glass bulb. The diffuser rests on an aluminium base and a metal ballast. Dimmer on the electrical cable and transformer on the plug.","og_url":"https:\/\/www.foscarini.com\/de\/produkt\/light-bulb-std-t-de\/","og_site_name":"Foscarini","article_modified_time":"2025-06-11T14:13:46+00:00","og_image":[{"width":786,"height":865,"url":"https:\/\/www.foscarini.com\/wp-content\/uploads\/2025\/06\/light-bulb_t_black_22_786x865-1.jpg","type":"image\/jpeg"}],"twitter_card":"summary_large_image","twitter_misc":{"Gesch\u00e4tzte Lesezeit":"1\u00a0Minute"},"schema":{"@context":"https:\/\/schema.org","@graph":[{"@type":"WebPage","@id":"https:\/\/www.foscarini.com\/de\/produkt\/light-bulb-std-t-de\/","url":"https:\/\/www.foscarini.com\/de\/produkt\/light-bulb-std-t-de\/","name":"Light Bulb - Foscarini","isPartOf":{"@id":"https:\/\/www.foscarini.com\/#website"},"primaryImageOfPage":{"@id":"https:\/\/www.foscarini.com\/de\/produkt\/light-bulb-std-t-de\/#primaryimage"},"image":{"@id":"https:\/\/www.foscarini.com\/de\/produkt\/light-bulb-std-t-de\/#primaryimage"},"thumbnailUrl":"https:\/\/www.foscarini.com\/wp-content\/uploads\/2025\/06\/light-bulb_t_black_22_786x865-3.jpg","datePublished":"2024-03-28T18:05:28+00:00","dateModified":"2025-06-11T14:13:46+00:00","breadcrumb":{"@id":"https:\/\/www.foscarini.com\/de\/produkt\/light-bulb-std-t-de\/#breadcrumb"},"inLanguage":"de","potentialAction":[{"@type":"ReadAction","target":["https:\/\/www.foscarini.com\/de\/produkt\/light-bulb-std-t-de\/"]}]},{"@type":"ImageObject","inLanguage":"de","@id":"https:\/\/www.foscarini.com\/de\/produkt\/light-bulb-std-t-de\/#primaryimage","url":"https:\/\/www.foscarini.com\/wp-content\/uploads\/2025\/06\/light-bulb_t_black_22_786x865-3.jpg","contentUrl":"https:\/\/www.foscarini.com\/wp-content\/uploads\/2025\/06\/light-bulb_t_black_22_786x865-3.jpg","width":786,"height":865},{"@type":"BreadcrumbList","@id":"https:\/\/www.foscarini.com\/de\/produkt\/light-bulb-std-t-de\/#breadcrumb","itemListElement":[{"@type":"ListItem","position":1,"name":"Home","item":"https:\/\/www.foscarini.com\/de\/"},{"@type":"ListItem","position":2,"name":"Shop","item":"https:\/\/www.foscarini.com\/de\/shop\/"},{"@type":"ListItem","position":3,"name":"Light Bulb"}]},{"@type":"WebSite","@id":"https:\/\/www.foscarini.com\/#website","url":"https:\/\/www.foscarini.com\/","name":"Foscarini","description":"","potentialAction":[{"@type":"SearchAction","target":{"@type":"EntryPoint","urlTemplate":"https:\/\/www.foscarini.com\/?s={search_term_string}"},"query-input":{"@type":"PropertyValueSpecification","valueRequired":true,"valueName":"search_term_string"}}],"inLanguage":"de"}]}},"_links":{"self":[{"href":"https:\/\/www.foscarini.com\/de\/wp-json\/wp\/v2\/product\/194712"}],"collection":[{"href":"https:\/\/www.foscarini.com\/de\/wp-json\/wp\/v2\/product"}],"about":[{"href":"https:\/\/www.foscarini.com\/de\/wp-json\/wp\/v2\/types\/product"}],"replies":[{"embeddable":true,"href":"https:\/\/www.foscarini.com\/de\/wp-json\/wp\/v2\/comments?post=194712"}],"wp:featuredmedia":[{"embeddable":true,"href":"https:\/\/www.foscarini.com\/de\/wp-json\/wp\/v2\/media\/468342"}],"wp:attachment":[{"href":"https:\/\/www.foscarini.com\/de\/wp-json\/wp\/v2\/media?parent=194712"}],"wp:term":[{"taxonomy":"product_cat","embeddable":true,"href":"https:\/\/www.foscarini.com\/de\/wp-json\/wp\/v2\/product_cat?post=194712"},{"taxonomy":"product_tag","embeddable":true,"href":"https:\/\/www.foscarini.com\/de\/wp-json\/wp\/v2\/product_tag?post=194712"},{"taxonomy":"materiale","embeddable":true,"href":"https:\/\/www.foscarini.com\/de\/wp-json\/wp\/v2\/materiale?post=194712"},{"taxonomy":"altezza","embeddable":true,"href":"https:\/\/www.foscarini.com\/de\/wp-json\/wp\/v2\/altezza?post=194712"},{"taxonomy":"larghezza","embeddable":true,"href":"https:\/\/www.foscarini.com\/de\/wp-json\/wp\/v2\/larghezza?post=194712"},{"taxonomy":"profondita","embeddable":true,"href":"https:\/\/www.foscarini.com\/de\/wp-json\/wp\/v2\/profondita?post=194712"},{"taxonomy":"peso","embeddable":true,"href":"https:\/\/www.foscarini.com\/de\/wp-json\/wp\/v2\/peso?post=194712"},{"taxonomy":"designer-prodotto","embeddable":true,"href":"https:\/\/www.foscarini.com\/de\/wp-json\/wp\/v2\/designer-prodotto?post=194712"}],"curies":[{"name":"wp","href":"https:\/\/api.w.org\/{rel}","templated":true}]}}