{"id":193904,"date":"2024-03-28T18:21:57","date_gmt":"2024-03-28T18:21:57","guid":{"rendered":"https:\/\/www.foscarini.com\/product\/twice-as-twiggy-std-s\/"},"modified":"2025-06-11T15:48:34","modified_gmt":"2025-06-11T15:48:34","slug":"twice-as-twiggy-std-s-de","status":"publish","type":"product","link":"https:\/\/www.foscarini.com\/de\/produkt\/twice-as-twiggy-std-s-de\/","title":{"rendered":"Twice as Twiggy"},"content":{"rendered":"<p>La lampada a sospensione Twice as Twiggy, dalle dimensioni pi\u00f9 che generose, \u00e8 dedicata ai grandi spazi ma mantiene la leggerezza del famoso progetto originale. Dotata di due schede LED illumina l\u2019area sottostante e diffonde verso<br \/>\nl\u2019alto un efficace illuminamento.<\/p><section class=\"pdp__slider full-height-vh\">\n    <div class=\"swiper-container swiper__pdp\">\n        <div class=\"swiper-wrapper full-height\">\n                                <div class=\"swiper-slide\">\n                                                    <img decoding=\"async\" class=\"full-cover\" src=\"https:\/\/www.foscarini.com\/wp-content\/uploads\/2024\/03\/3.1_Twiggy-1-150x150.jpg\" srcset=\"https:\/\/www.foscarini.com\/wp-content\/uploads\/2024\/03\/3.1_Twiggy-1-300x250.jpg 300w, https:\/\/www.foscarini.com\/wp-content\/uploads\/2024\/03\/3.1_Twiggy-1-1024x854.jpg 1024w, https:\/\/www.foscarini.com\/wp-content\/uploads\/2024\/03\/3.1_Twiggy-1-768x641.jpg 768w, https:\/\/www.foscarini.com\/wp-content\/uploads\/2024\/03\/3.1_Twiggy-1-1536x1282.jpg 1536w, https:\/\/www.foscarini.com\/wp-content\/uploads\/2024\/03\/3.1_Twiggy-1-800x668.jpg 800w, https:\/\/www.foscarini.com\/wp-content\/uploads\/2024\/03\/3.1_Twiggy-1.jpg 1776w\" alt=\"\" \/>\n                                                                        <\/div>\n                                        <div class=\"swiper-slide\">\n                                                    <img decoding=\"async\" class=\"full-cover\" src=\"https:\/\/www.foscarini.com\/wp-content\/uploads\/2024\/03\/3.2_Twiggy-1-150x150.jpg\" srcset=\"https:\/\/www.foscarini.com\/wp-content\/uploads\/2024\/03\/3.2_Twiggy-1-300x250.jpg 300w, https:\/\/www.foscarini.com\/wp-content\/uploads\/2024\/03\/3.2_Twiggy-1-1024x854.jpg 1024w, https:\/\/www.foscarini.com\/wp-content\/uploads\/2024\/03\/3.2_Twiggy-1-768x641.jpg 768w, https:\/\/www.foscarini.com\/wp-content\/uploads\/2024\/03\/3.2_Twiggy-1-1536x1282.jpg 1536w, https:\/\/www.foscarini.com\/wp-content\/uploads\/2024\/03\/3.2_Twiggy-1-800x668.jpg 800w, https:\/\/www.foscarini.com\/wp-content\/uploads\/2024\/03\/3.2_Twiggy-1.jpg 1776w\" alt=\"\" \/>\n                                                                        <\/div>\n                            <\/div>\n    <\/div>\n    <div class=\"swiper-scrollbar\"><\/div>\n    <div class=\"ct-arrow\">\n        <div class=\"swiper-button-prev\"><\/div>\n        <div class=\"swiper-button-next\"><\/div>\n    <\/div>\n<\/section><section class=\"concept__project_comunication full-height-vh\">\n    <div class=\"row row-large\">\n        <div class=\"medium-12 small-12 columns full-height no-padding-right-mobile\">\n            <div class=\"ct-image-text-lateral\">\n                <div class=\"ct-arrow\">\n                    <div class=\"swiper-button-prev\" aria-label=\"previous slide\"><\/div>\n                    <div class=\"swiper-button-next\" aria-label=\"next slide\"><\/div>\n                <\/div>\n                <span class=\"section-name-lateral\">Verlagsinhalte<\/span>\n                <!-- Swiper -->\n                <div class=\"swiper-container swiper__concept__comunication\">\n                    <div class=\"swiper-wrapper\">\n                                                            <div class=\"swiper-slide\">\n                                        <div class=\"ct-slide\">\n                                                                                                <img decoding=\"async\" class=\"full-cover\" src=\"https:\/\/www.foscarini.com\/wp-content\/uploads\/2024\/01\/Modulo1_1-2-150x150.jpg\" srcset=\"https:\/\/www.foscarini.com\/wp-content\/uploads\/2024\/01\/Modulo1_1-2-300x167.jpg 300w, https:\/\/www.foscarini.com\/wp-content\/uploads\/2024\/01\/Modulo1_1-2-scaled-800x444.jpg 800w, https:\/\/www.foscarini.com\/wp-content\/uploads\/2024\/01\/Modulo1_1-2-1024x569.jpg 1024w, https:\/\/www.foscarini.com\/wp-content\/uploads\/2024\/01\/Modulo1_1-2-768x427.jpg 768w, https:\/\/www.foscarini.com\/wp-content\/uploads\/2024\/01\/Modulo1_1-2-1536x853.jpg 1536w, https:\/\/www.foscarini.com\/wp-content\/uploads\/2024\/01\/Modulo1_1-2-2048x1138.jpg 2048w\" alt=\"\" \/>\n                                                                                                <div class=\"ct-col-right\">\n                                                <div class=\"ct-link\">\n                                                    <a class=\"link-arrow\" href=\"https:\/\/www.foscarini.com\/de\/maestrie\/fasern\/\">MAESTRIE: Fibre<\/a>\n                                                    <div class=\"text-1\"><p>Materiali compositi che diventano corpi luminosi. Tessuti tech stesi da mani gentili sulle macchine che daranno loro forma. Ispirazioni che vengono da mondi lontani. Benvenuti nella fabbrica dove nasce la luce extra-ordinaria.<\/p>\n<\/div>\n                                                <\/div>\n                                            <\/div>\n                                        <\/div>\n                                    <\/div>\n                                                        <\/div>\n                <\/div>\n            <\/div>\n        <\/div>\n    <\/div>\n<\/section>","protected":false},"excerpt":{"rendered":"<p>Volumin\u00f6se H\u00e4ngeleuchte mit direktem Licht und nach oben gerichtetem indirektem Licht. Diffusor aus Glasfaser-Verbundmaterial, fl\u00fcssiglackiert. Der Leuchtk\u00f6rper besteht aus einem gro\u00dfen Kegel aus lackiertem Aluminium. Der Diffusor, der den Kegel abschlie\u00dft, in dem einer der beiden LED-Chips installiert ist, besteht aus PMMA mit gebogenen R\u00e4ndern. Der obere LED-Chip wir durch eine Scheibe aus PMMA mit dem Markenzeichen gesch\u00fctzt. Der LED-Transformator befindet sich im Halter aus wei\u00df lackiertem Metall. Dreifaches Stahl-Aufh\u00e4ngungskabel f\u00fcr den Leuchtk\u00f6rper und transparentes Elektrokabel; dimmbar, m\u00f6gliche Konfigurationen: On-Off \/Push \/ DALI.<\/p>\n","protected":false},"featured_media":470644,"comment_status":"open","ping_status":"closed","template":"","meta":{"_acf_changed":true},"product_cat":[650,715,746,5667,682],"product_tag":[],"materiale":[7948],"altezza":[8860],"larghezza":[9835],"profondita":[9747],"peso":[10771],"designer-prodotto":[7384],"class_list":{"0":"post-193904","1":"product","2":"type-product","3":"status-publish","4":"has-post-thumbnail","6":"product_cat-concetto-de","7":"product_cat-funzione-de","8":"product_cat-sospensione-de","9":"product_cat-twiggy-famiglia-de","10":"product_cat-twiggy-concetto-de","11":"materiale-fibra-di-carbonio-e-compositi-de","12":"altezza-17-38-de","13":"larghezza-31-12-de","14":"profondita-31-12-de","15":"peso-84-de","16":"designer-prodotto-marc-sadler-de","18":"first","19":"instock","20":"shipping-taxable","21":"purchasable","22":"product-type-variable"},"acf":{"preview_slider":{"titolo":"","testo":"","video_domanda":false,"link_video":""},"prodotto__immagine_preview":{"immagine":124350},"prodotto__slider":{"sottotitolo":"Marc Sadler (2016)","titolo":"Die H\u00e4ngeleuchte Twice as Twiggy, mit gro\u00dfz\u00fcgigen Abmessungen, ist f\u00fcr gro\u00dfe R\u00e4ume geeignet und hat dennoch die Leichtigkeit des ber\u00fchmten Originalentwurfs. Die mit zwei LED-Chips ausgestattete Leuchte sorgt f\u00fcr die Beleuchtung der darunterliegenden Fl\u00e4che und wirft eine effiziente Beleuchtung nach oben.","immagini":[{"immagine":307156,"immagine_mobile":null},{"immagine":307177,"immagine_mobile":null},{"immagine":307163,"immagine_mobile":null},{"immagine":307170,"immagine_mobile":null}]},"prodotto__slider_preview":null,"prodotto__specifiche":{"selezione":[{"scheda_tecnica":464328}]}},"yoast_head":"<!-- This site is optimized with the Yoast SEO Premium plugin v22.4 (Yoast SEO v23.7) - https:\/\/yoast.com\/wordpress\/plugins\/seo\/ -->\n<title>Twice as Twiggy - Foscarini<\/title>\n<meta name=\"robots\" content=\"index, follow, max-snippet:-1, max-image-preview:large, max-video-preview:-1\" \/>\n<meta property=\"og:locale\" content=\"de_DE\" \/>\n<meta property=\"og:type\" content=\"article\" \/>\n<meta property=\"og:title\" content=\"Twice as Twiggy\" \/>\n<meta property=\"og:description\" content=\"Volumin\u00f6se H\u00e4ngeleuchte mit direktem Licht und nach oben gerichtetem indirektem Licht. Diffusor aus Glasfaser-Verbundmaterial, fl\u00fcssiglackiert. Der Leuchtk\u00f6rper besteht aus einem gro\u00dfen Kegel aus lackiertem Aluminium. Der Diffusor, der den Kegel abschlie\u00dft, in dem einer der beiden LED-Chips installiert ist, besteht aus PMMA mit gebogenen R\u00e4ndern. Der obere LED-Chip wir durch eine Scheibe aus PMMA mit dem Markenzeichen gesch\u00fctzt. Der LED-Transformator befindet sich im Halter aus wei\u00df lackiertem Metall. Dreifaches Stahl-Aufh\u00e4ngungskabel f\u00fcr den Leuchtk\u00f6rper und transparentes Elektrokabel; dimmbar, m\u00f6gliche Konfigurationen: On-Off \/Push \/ DALI.\" \/>\n<meta property=\"og:url\" content=\"https:\/\/www.foscarini.com\/de\/produkt\/twice-as-twiggy-std-s-de\/\" \/>\n<meta property=\"og:site_name\" content=\"Foscarini\" \/>\n<meta property=\"article:modified_time\" content=\"2025-06-11T15:48:34+00:00\" \/>\n<meta property=\"og:image\" content=\"https:\/\/www.foscarini.com\/wp-content\/uploads\/2025\/06\/twice-as-twiggy_s_white_22_786x865-1.jpg\" \/>\n\t<meta property=\"og:image:width\" content=\"786\" \/>\n\t<meta property=\"og:image:height\" content=\"865\" \/>\n\t<meta property=\"og:image:type\" content=\"image\/jpeg\" \/>\n<meta name=\"twitter:card\" content=\"summary_large_image\" \/>\n<meta name=\"twitter:label1\" content=\"Gesch\u00e4tzte Lesezeit\" \/>\n\t<meta name=\"twitter:data1\" content=\"1\u00a0Minute\" \/>\n<script type=\"application\/ld+json\" class=\"yoast-schema-graph\">{\"@context\":\"https:\/\/schema.org\",\"@graph\":[{\"@type\":\"WebPage\",\"@id\":\"https:\/\/www.foscarini.com\/de\/produkt\/twice-as-twiggy-std-s-de\/\",\"url\":\"https:\/\/www.foscarini.com\/de\/produkt\/twice-as-twiggy-std-s-de\/\",\"name\":\"Twice as Twiggy - Foscarini\",\"isPartOf\":{\"@id\":\"https:\/\/www.foscarini.com\/#website\"},\"primaryImageOfPage\":{\"@id\":\"https:\/\/www.foscarini.com\/de\/produkt\/twice-as-twiggy-std-s-de\/#primaryimage\"},\"image\":{\"@id\":\"https:\/\/www.foscarini.com\/de\/produkt\/twice-as-twiggy-std-s-de\/#primaryimage\"},\"thumbnailUrl\":\"https:\/\/www.foscarini.com\/wp-content\/uploads\/2025\/06\/twice-as-twiggy_s_white_22_786x865-3.jpg\",\"datePublished\":\"2024-03-28T18:21:57+00:00\",\"dateModified\":\"2025-06-11T15:48:34+00:00\",\"breadcrumb\":{\"@id\":\"https:\/\/www.foscarini.com\/de\/produkt\/twice-as-twiggy-std-s-de\/#breadcrumb\"},\"inLanguage\":\"de\",\"potentialAction\":[{\"@type\":\"ReadAction\",\"target\":[\"https:\/\/www.foscarini.com\/de\/produkt\/twice-as-twiggy-std-s-de\/\"]}]},{\"@type\":\"ImageObject\",\"inLanguage\":\"de\",\"@id\":\"https:\/\/www.foscarini.com\/de\/produkt\/twice-as-twiggy-std-s-de\/#primaryimage\",\"url\":\"https:\/\/www.foscarini.com\/wp-content\/uploads\/2025\/06\/twice-as-twiggy_s_white_22_786x865-3.jpg\",\"contentUrl\":\"https:\/\/www.foscarini.com\/wp-content\/uploads\/2025\/06\/twice-as-twiggy_s_white_22_786x865-3.jpg\",\"width\":786,\"height\":865},{\"@type\":\"BreadcrumbList\",\"@id\":\"https:\/\/www.foscarini.com\/de\/produkt\/twice-as-twiggy-std-s-de\/#breadcrumb\",\"itemListElement\":[{\"@type\":\"ListItem\",\"position\":1,\"name\":\"Home\",\"item\":\"https:\/\/www.foscarini.com\/de\/\"},{\"@type\":\"ListItem\",\"position\":2,\"name\":\"Shop\",\"item\":\"https:\/\/www.foscarini.com\/de\/shop\/\"},{\"@type\":\"ListItem\",\"position\":3,\"name\":\"Twice as Twiggy\"}]},{\"@type\":\"WebSite\",\"@id\":\"https:\/\/www.foscarini.com\/#website\",\"url\":\"https:\/\/www.foscarini.com\/\",\"name\":\"Foscarini\",\"description\":\"\",\"potentialAction\":[{\"@type\":\"SearchAction\",\"target\":{\"@type\":\"EntryPoint\",\"urlTemplate\":\"https:\/\/www.foscarini.com\/?s={search_term_string}\"},\"query-input\":{\"@type\":\"PropertyValueSpecification\",\"valueRequired\":true,\"valueName\":\"search_term_string\"}}],\"inLanguage\":\"de\"}]}<\/script>\n<!-- \/ Yoast SEO Premium plugin. -->","yoast_head_json":{"title":"Twice as Twiggy - Foscarini","robots":{"index":"index","follow":"follow","max-snippet":"max-snippet:-1","max-image-preview":"max-image-preview:large","max-video-preview":"max-video-preview:-1"},"og_locale":"de_DE","og_type":"article","og_title":"Twice as Twiggy","og_description":"Volumin\u00f6se H\u00e4ngeleuchte mit direktem Licht und nach oben gerichtetem indirektem Licht. Diffusor aus Glasfaser-Verbundmaterial, fl\u00fcssiglackiert. Der Leuchtk\u00f6rper besteht aus einem gro\u00dfen Kegel aus lackiertem Aluminium. Der Diffusor, der den Kegel abschlie\u00dft, in dem einer der beiden LED-Chips installiert ist, besteht aus PMMA mit gebogenen R\u00e4ndern. Der obere LED-Chip wir durch eine Scheibe aus PMMA mit dem Markenzeichen gesch\u00fctzt. Der LED-Transformator befindet sich im Halter aus wei\u00df lackiertem Metall. Dreifaches Stahl-Aufh\u00e4ngungskabel f\u00fcr den Leuchtk\u00f6rper und transparentes Elektrokabel; dimmbar, m\u00f6gliche Konfigurationen: On-Off \/Push \/ DALI.","og_url":"https:\/\/www.foscarini.com\/de\/produkt\/twice-as-twiggy-std-s-de\/","og_site_name":"Foscarini","article_modified_time":"2025-06-11T15:48:34+00:00","og_image":[{"width":786,"height":865,"url":"https:\/\/www.foscarini.com\/wp-content\/uploads\/2025\/06\/twice-as-twiggy_s_white_22_786x865-1.jpg","type":"image\/jpeg"}],"twitter_card":"summary_large_image","twitter_misc":{"Gesch\u00e4tzte Lesezeit":"1\u00a0Minute"},"schema":{"@context":"https:\/\/schema.org","@graph":[{"@type":"WebPage","@id":"https:\/\/www.foscarini.com\/de\/produkt\/twice-as-twiggy-std-s-de\/","url":"https:\/\/www.foscarini.com\/de\/produkt\/twice-as-twiggy-std-s-de\/","name":"Twice as Twiggy - Foscarini","isPartOf":{"@id":"https:\/\/www.foscarini.com\/#website"},"primaryImageOfPage":{"@id":"https:\/\/www.foscarini.com\/de\/produkt\/twice-as-twiggy-std-s-de\/#primaryimage"},"image":{"@id":"https:\/\/www.foscarini.com\/de\/produkt\/twice-as-twiggy-std-s-de\/#primaryimage"},"thumbnailUrl":"https:\/\/www.foscarini.com\/wp-content\/uploads\/2025\/06\/twice-as-twiggy_s_white_22_786x865-3.jpg","datePublished":"2024-03-28T18:21:57+00:00","dateModified":"2025-06-11T15:48:34+00:00","breadcrumb":{"@id":"https:\/\/www.foscarini.com\/de\/produkt\/twice-as-twiggy-std-s-de\/#breadcrumb"},"inLanguage":"de","potentialAction":[{"@type":"ReadAction","target":["https:\/\/www.foscarini.com\/de\/produkt\/twice-as-twiggy-std-s-de\/"]}]},{"@type":"ImageObject","inLanguage":"de","@id":"https:\/\/www.foscarini.com\/de\/produkt\/twice-as-twiggy-std-s-de\/#primaryimage","url":"https:\/\/www.foscarini.com\/wp-content\/uploads\/2025\/06\/twice-as-twiggy_s_white_22_786x865-3.jpg","contentUrl":"https:\/\/www.foscarini.com\/wp-content\/uploads\/2025\/06\/twice-as-twiggy_s_white_22_786x865-3.jpg","width":786,"height":865},{"@type":"BreadcrumbList","@id":"https:\/\/www.foscarini.com\/de\/produkt\/twice-as-twiggy-std-s-de\/#breadcrumb","itemListElement":[{"@type":"ListItem","position":1,"name":"Home","item":"https:\/\/www.foscarini.com\/de\/"},{"@type":"ListItem","position":2,"name":"Shop","item":"https:\/\/www.foscarini.com\/de\/shop\/"},{"@type":"ListItem","position":3,"name":"Twice as Twiggy"}]},{"@type":"WebSite","@id":"https:\/\/www.foscarini.com\/#website","url":"https:\/\/www.foscarini.com\/","name":"Foscarini","description":"","potentialAction":[{"@type":"SearchAction","target":{"@type":"EntryPoint","urlTemplate":"https:\/\/www.foscarini.com\/?s={search_term_string}"},"query-input":{"@type":"PropertyValueSpecification","valueRequired":true,"valueName":"search_term_string"}}],"inLanguage":"de"}]}},"_links":{"self":[{"href":"https:\/\/www.foscarini.com\/de\/wp-json\/wp\/v2\/product\/193904"}],"collection":[{"href":"https:\/\/www.foscarini.com\/de\/wp-json\/wp\/v2\/product"}],"about":[{"href":"https:\/\/www.foscarini.com\/de\/wp-json\/wp\/v2\/types\/product"}],"replies":[{"embeddable":true,"href":"https:\/\/www.foscarini.com\/de\/wp-json\/wp\/v2\/comments?post=193904"}],"wp:featuredmedia":[{"embeddable":true,"href":"https:\/\/www.foscarini.com\/de\/wp-json\/wp\/v2\/media\/470644"}],"wp:attachment":[{"href":"https:\/\/www.foscarini.com\/de\/wp-json\/wp\/v2\/media?parent=193904"}],"wp:term":[{"taxonomy":"product_cat","embeddable":true,"href":"https:\/\/www.foscarini.com\/de\/wp-json\/wp\/v2\/product_cat?post=193904"},{"taxonomy":"product_tag","embeddable":true,"href":"https:\/\/www.foscarini.com\/de\/wp-json\/wp\/v2\/product_tag?post=193904"},{"taxonomy":"materiale","embeddable":true,"href":"https:\/\/www.foscarini.com\/de\/wp-json\/wp\/v2\/materiale?post=193904"},{"taxonomy":"altezza","embeddable":true,"href":"https:\/\/www.foscarini.com\/de\/wp-json\/wp\/v2\/altezza?post=193904"},{"taxonomy":"larghezza","embeddable":true,"href":"https:\/\/www.foscarini.com\/de\/wp-json\/wp\/v2\/larghezza?post=193904"},{"taxonomy":"profondita","embeddable":true,"href":"https:\/\/www.foscarini.com\/de\/wp-json\/wp\/v2\/profondita?post=193904"},{"taxonomy":"peso","embeddable":true,"href":"https:\/\/www.foscarini.com\/de\/wp-json\/wp\/v2\/peso?post=193904"},{"taxonomy":"designer-prodotto","embeddable":true,"href":"https:\/\/www.foscarini.com\/de\/wp-json\/wp\/v2\/designer-prodotto?post=193904"}],"curies":[{"name":"wp","href":"https:\/\/api.w.org\/{rel}","templated":true}]}}