{"id":193834,"date":"2024-03-28T18:23:25","date_gmt":"2024-03-28T18:23:25","guid":{"rendered":"https:\/\/www.foscarini.com\/product\/twiggy-grid-twiggy-grid-outdoor-of\/"},"modified":"2025-06-11T16:03:09","modified_gmt":"2025-06-11T16:03:09","slug":"twiggy-grid-twiggy-grid-outdoor-of-de","status":"publish","type":"product","link":"https:\/\/www.foscarini.com\/de\/produkt\/twiggy-grid-twiggy-grid-outdoor-of-de\/","title":{"rendered":"Twiggy Grid Outdoor Terra"},"content":{"rendered":"<p>Una lampada-icona nella sua variante da esterno. Ispirata al segno che una canna da pesca traccia curvandosi, la lampada da terra da esterno Twiggy Grid recupera di quell\u2019immagine la flessibilit\u00e0 e la trasferisce in un oggetto di design dalla forte personalit\u00e0.<\/p><section class=\"pdp__slider full-height-vh\">\n    <div class=\"swiper-container swiper__pdp\">\n        <div class=\"swiper-wrapper full-height\">\n                                <div class=\"swiper-slide\">\n                                                    <img decoding=\"async\" class=\"full-cover\" src=\"https:\/\/www.foscarini.com\/wp-content\/uploads\/2024\/03\/3.1_TwiggyGrid-1-150x150.jpg\" srcset=\"https:\/\/www.foscarini.com\/wp-content\/uploads\/2024\/03\/3.1_TwiggyGrid-1-300x203.jpg 300w, https:\/\/www.foscarini.com\/wp-content\/uploads\/2024\/03\/3.1_TwiggyGrid-1-1024x694.jpg 1024w, https:\/\/www.foscarini.com\/wp-content\/uploads\/2024\/03\/3.1_TwiggyGrid-1-768x521.jpg 768w, https:\/\/www.foscarini.com\/wp-content\/uploads\/2024\/03\/3.1_TwiggyGrid-1-1536x1041.jpg 1536w, https:\/\/www.foscarini.com\/wp-content\/uploads\/2024\/03\/3.1_TwiggyGrid-1-2048x1388.jpg 2048w, https:\/\/www.foscarini.com\/wp-content\/uploads\/2024\/03\/3.1_TwiggyGrid-1-800x542.jpg 800w\" alt=\"\" \/>\n                                                                        <\/div>\n                                        <div class=\"swiper-slide\">\n                                                    <img decoding=\"async\" class=\"full-cover\" src=\"https:\/\/www.foscarini.com\/wp-content\/uploads\/2024\/03\/3.2_TwiggyGrid-1-150x150.jpg\" srcset=\"https:\/\/www.foscarini.com\/wp-content\/uploads\/2024\/03\/3.2_TwiggyGrid-1-214x300.jpg 214w, https:\/\/www.foscarini.com\/wp-content\/uploads\/2024\/03\/3.2_TwiggyGrid-1-732x1024.jpg 732w, https:\/\/www.foscarini.com\/wp-content\/uploads\/2024\/03\/3.2_TwiggyGrid-1-768x1075.jpg 768w, https:\/\/www.foscarini.com\/wp-content\/uploads\/2024\/03\/3.2_TwiggyGrid-1-800x1120.jpg 800w, https:\/\/www.foscarini.com\/wp-content\/uploads\/2024\/03\/3.2_TwiggyGrid-1.jpg 1059w\" alt=\"\" \/>\n                                                                        <\/div>\n                                        <div class=\"swiper-slide\">\n                                                    <img decoding=\"async\" class=\"full-cover\" src=\"https:\/\/www.foscarini.com\/wp-content\/uploads\/2024\/03\/3.3_TwiggyGrid-1-150x150.jpg\" srcset=\"https:\/\/www.foscarini.com\/wp-content\/uploads\/2024\/03\/3.3_TwiggyGrid-1-214x300.jpg 214w, https:\/\/www.foscarini.com\/wp-content\/uploads\/2024\/03\/3.3_TwiggyGrid-1-732x1024.jpg 732w, https:\/\/www.foscarini.com\/wp-content\/uploads\/2024\/03\/3.3_TwiggyGrid-1-768x1075.jpg 768w, https:\/\/www.foscarini.com\/wp-content\/uploads\/2024\/03\/3.3_TwiggyGrid-1-800x1120.jpg 800w, https:\/\/www.foscarini.com\/wp-content\/uploads\/2024\/03\/3.3_TwiggyGrid-1.jpg 1059w\" alt=\"\" \/>\n                                                                        <\/div>\n                                        <div class=\"swiper-slide\">\n                                                    <img decoding=\"async\" class=\"full-cover\" src=\"https:\/\/www.foscarini.com\/wp-content\/uploads\/2024\/03\/3.4_TwiggyGrid-1-150x150.jpg\" srcset=\"https:\/\/www.foscarini.com\/wp-content\/uploads\/2024\/03\/3.4_TwiggyGrid-1-214x300.jpg 214w, https:\/\/www.foscarini.com\/wp-content\/uploads\/2024\/03\/3.4_TwiggyGrid-1-732x1024.jpg 732w, https:\/\/www.foscarini.com\/wp-content\/uploads\/2024\/03\/3.4_TwiggyGrid-1-768x1075.jpg 768w, https:\/\/www.foscarini.com\/wp-content\/uploads\/2024\/03\/3.4_TwiggyGrid-1-800x1120.jpg 800w, https:\/\/www.foscarini.com\/wp-content\/uploads\/2024\/03\/3.4_TwiggyGrid-1.jpg 1059w\" alt=\"\" \/>\n                                                                        <\/div>\n                                        <div class=\"swiper-slide\">\n                                                    <img decoding=\"async\" class=\"full-cover\" src=\"https:\/\/www.foscarini.com\/wp-content\/uploads\/2024\/03\/3.5_Twiggy-Grid-1-150x150.jpg\" srcset=\"https:\/\/www.foscarini.com\/wp-content\/uploads\/2024\/03\/3.5_Twiggy-Grid-1-300x200.jpg 300w, https:\/\/www.foscarini.com\/wp-content\/uploads\/2024\/03\/3.5_Twiggy-Grid-1-1024x683.jpg 1024w, https:\/\/www.foscarini.com\/wp-content\/uploads\/2024\/03\/3.5_Twiggy-Grid-1-768x512.jpg 768w, https:\/\/www.foscarini.com\/wp-content\/uploads\/2024\/03\/3.5_Twiggy-Grid-1-1536x1024.jpg 1536w, https:\/\/www.foscarini.com\/wp-content\/uploads\/2024\/03\/3.5_Twiggy-Grid-1-2048x1365.jpg 2048w, https:\/\/www.foscarini.com\/wp-content\/uploads\/2024\/03\/3.5_Twiggy-Grid-1-800x533.jpg 800w\" alt=\"\" \/>\n                                                                        <\/div>\n                                        <div class=\"swiper-slide\">\n                                                    <img decoding=\"async\" class=\"full-cover\" src=\"https:\/\/www.foscarini.com\/wp-content\/uploads\/2024\/03\/3.6_TwiggyGrid-150x150.jpg\" srcset=\"https:\/\/www.foscarini.com\/wp-content\/uploads\/2024\/03\/3.6_TwiggyGrid-300x203.jpg 300w, https:\/\/www.foscarini.com\/wp-content\/uploads\/2024\/03\/3.6_TwiggyGrid-1024x694.jpg 1024w, https:\/\/www.foscarini.com\/wp-content\/uploads\/2024\/03\/3.6_TwiggyGrid-768x521.jpg 768w, https:\/\/www.foscarini.com\/wp-content\/uploads\/2024\/03\/3.6_TwiggyGrid-1536x1041.jpg 1536w, https:\/\/www.foscarini.com\/wp-content\/uploads\/2024\/03\/3.6_TwiggyGrid-2048x1388.jpg 2048w, https:\/\/www.foscarini.com\/wp-content\/uploads\/2024\/03\/3.6_TwiggyGrid-800x542.jpg 800w\" alt=\"\" \/>\n                                                                        <\/div>\n                                        <div class=\"swiper-slide\">\n                                                    <img decoding=\"async\" class=\"full-cover\" src=\"https:\/\/www.foscarini.com\/wp-content\/uploads\/2024\/03\/3.7_TwiggyGrid-150x150.jpg\" srcset=\"https:\/\/www.foscarini.com\/wp-content\/uploads\/2024\/03\/3.7_TwiggyGrid-300x203.jpg 300w, https:\/\/www.foscarini.com\/wp-content\/uploads\/2024\/03\/3.7_TwiggyGrid-1024x694.jpg 1024w, https:\/\/www.foscarini.com\/wp-content\/uploads\/2024\/03\/3.7_TwiggyGrid-768x521.jpg 768w, https:\/\/www.foscarini.com\/wp-content\/uploads\/2024\/03\/3.7_TwiggyGrid-1536x1041.jpg 1536w, https:\/\/www.foscarini.com\/wp-content\/uploads\/2024\/03\/3.7_TwiggyGrid-2048x1388.jpg 2048w, https:\/\/www.foscarini.com\/wp-content\/uploads\/2024\/03\/3.7_TwiggyGrid-800x542.jpg 800w\" alt=\"\" \/>\n                                                                        <\/div>\n                                        <div class=\"swiper-slide\">\n                                                    <img decoding=\"async\" class=\"full-cover\" src=\"https:\/\/www.foscarini.com\/wp-content\/uploads\/2024\/03\/3.8_TwiggyGrid-150x150.jpg\" srcset=\"https:\/\/www.foscarini.com\/wp-content\/uploads\/2024\/03\/3.8_TwiggyGrid-214x300.jpg 214w, https:\/\/www.foscarini.com\/wp-content\/uploads\/2024\/03\/3.8_TwiggyGrid-732x1024.jpg 732w, https:\/\/www.foscarini.com\/wp-content\/uploads\/2024\/03\/3.8_TwiggyGrid-768x1075.jpg 768w, https:\/\/www.foscarini.com\/wp-content\/uploads\/2024\/03\/3.8_TwiggyGrid-800x1120.jpg 800w, https:\/\/www.foscarini.com\/wp-content\/uploads\/2024\/03\/3.8_TwiggyGrid.jpg 1059w\" alt=\"\" \/>\n                                                                        <\/div>\n                                        <div class=\"swiper-slide\">\n                                                    <img decoding=\"async\" class=\"full-cover\" src=\"https:\/\/www.foscarini.com\/wp-content\/uploads\/2024\/03\/3.9_TwiggyGrid-150x150.jpg\" srcset=\"https:\/\/www.foscarini.com\/wp-content\/uploads\/2024\/03\/3.9_TwiggyGrid-214x300.jpg 214w, https:\/\/www.foscarini.com\/wp-content\/uploads\/2024\/03\/3.9_TwiggyGrid-732x1024.jpg 732w, https:\/\/www.foscarini.com\/wp-content\/uploads\/2024\/03\/3.9_TwiggyGrid-768x1075.jpg 768w, https:\/\/www.foscarini.com\/wp-content\/uploads\/2024\/03\/3.9_TwiggyGrid-800x1120.jpg 800w, https:\/\/www.foscarini.com\/wp-content\/uploads\/2024\/03\/3.9_TwiggyGrid.jpg 1059w\" alt=\"\" \/>\n                                                                        <\/div>\n                                        <div class=\"swiper-slide\">\n                                                    <img decoding=\"async\" class=\"full-cover\" src=\"https:\/\/www.foscarini.com\/wp-content\/uploads\/2024\/03\/3.9_Twiggy-Grid-150x150.jpg\" srcset=\"https:\/\/www.foscarini.com\/wp-content\/uploads\/2024\/03\/3.9_Twiggy-Grid-254x300.jpg 254w, https:\/\/www.foscarini.com\/wp-content\/uploads\/2024\/03\/3.9_Twiggy-Grid-866x1024.jpg 866w, https:\/\/www.foscarini.com\/wp-content\/uploads\/2024\/03\/3.9_Twiggy-Grid-768x908.jpg 768w, https:\/\/www.foscarini.com\/wp-content\/uploads\/2024\/03\/3.9_Twiggy-Grid-800x946.jpg 800w, https:\/\/www.foscarini.com\/wp-content\/uploads\/2024\/03\/3.9_Twiggy-Grid.jpg 1252w\" alt=\"\" \/>\n                                                                        <\/div>\n                                        <div class=\"swiper-slide\">\n                                                    <img decoding=\"async\" class=\"full-cover\" src=\"https:\/\/www.foscarini.com\/wp-content\/uploads\/2024\/03\/3.10_Twiggy-Grid-150x150.jpg\" srcset=\"https:\/\/www.foscarini.com\/wp-content\/uploads\/2024\/03\/3.10_Twiggy-Grid-254x300.jpg 254w, https:\/\/www.foscarini.com\/wp-content\/uploads\/2024\/03\/3.10_Twiggy-Grid-866x1024.jpg 866w, https:\/\/www.foscarini.com\/wp-content\/uploads\/2024\/03\/3.10_Twiggy-Grid-768x908.jpg 768w, https:\/\/www.foscarini.com\/wp-content\/uploads\/2024\/03\/3.10_Twiggy-Grid-800x946.jpg 800w, https:\/\/www.foscarini.com\/wp-content\/uploads\/2024\/03\/3.10_Twiggy-Grid.jpg 1252w\" alt=\"\" \/>\n                                                                        <\/div>\n                            <\/div>\n    <\/div>\n    <div class=\"swiper-scrollbar\"><\/div>\n    <div class=\"ct-arrow\">\n        <div class=\"swiper-button-prev\"><\/div>\n        <div class=\"swiper-button-next\"><\/div>\n    <\/div>\n<\/section>","protected":false},"excerpt":{"rendered":"<p>Stehleuchte f\u00fcr den Au\u00dfenbereich mit direktem, nach unten gerichtetem Licht. Schirm und Schaft aus fl\u00fcssiglackiertem Glasfaser-Verbundmaterial. F\u00fcr die Fertigung des Schirms werden B\u00e4nder aus Verbundmaterial von Hand in einem Geflecht um eine Form gewickelt. Das fertige Geflecht wird abschlie\u00dfend von Hand lackiert. Eine Scheibe aus lasergraviertem, transparentem PMMA in der Mitte der Leuchte b\u00fcndelt und streut das Licht der am Rand des Alugestells montierten Multichip-LEDs. Das Aluminiumgestell des Schirms dient dabei zugleich als K\u00fchlk\u00f6rper. Eine weitere Scheibe aus opalfarbigem PMMA d\u00e4mpft das Licht.<br \/>\n Der kreisf\u00f6rmige Sockel aus Metall ist mit Polyester-Pulverlack beschichtet und damit besonders best\u00e4ndig gegen UV-Strahlen, Witterungseinfl\u00fcsse und Chemikalien.<br \/>\n Im Lieferumfang enthalten sind drei Gewichte, die \u00fcber dem Schirm anzubringen sind und der H\u00f6henregulierung dienen.<br \/>\n Inklusive Kabel mit einer f\u00fcr Au\u00dfenbereiche geeigneten schwarzen Neopren-Ummantelung, ohne Schalter, mit integriertem Transformator, Schuko-Stecker und Klemmb\u00fcchse. Auf Anfrage mit zus\u00e4tzlichen Elementen zur Verl\u00e4ngerung des gebogenen Schafts erh\u00e4ltlich.<\/p>\n","protected":false},"featured_media":470837,"comment_status":"open","ping_status":"closed","template":"","meta":{"_acf_changed":true},"product_cat":[650,715,722,682,13616],"product_tag":[],"materiale":[7948],"altezza":[12189],"larghezza":[11025],"profondita":[9156],"peso":[8724],"designer-prodotto":[7384],"class_list":{"0":"post-193834","1":"product","2":"type-product","3":"status-publish","4":"has-post-thumbnail","6":"product_cat-concetto-de","7":"product_cat-funzione-de","8":"product_cat-outdoor-de","9":"product_cat-twiggy-concetto-de","10":"product_cat-twiggy-grid-outdoor-terra-famiglia-de","11":"materiale-fibra-di-carbonio-e-compositi-de","12":"altezza-84-34-de","13":"larghezza-67-de","14":"profondita-23-58-de","15":"peso-172-de","16":"designer-prodotto-marc-sadler-de","18":"first","19":"instock","20":"shipping-taxable","21":"purchasable","22":"product-type-variable"},"acf":{"preview_slider":{"titolo":"","testo":"","video_domanda":false,"link_video":""},"prodotto__immagine_preview":{"immagine":124539},"prodotto__slider":{"sottotitolo":"Marc Sadler (2017)","titolo":"Das Kultmodell in der Ausf\u00fchrung als Au\u00dfenleuchte. Die Bodenleuchte f\u00fcr Outdoorbereiche Twiggy Grid, die mit dem Bild einer gebogenen Angelrute spielt, \u00fcberzeugt mit derselben Flexibilit\u00e4t und vermittelt diese in einem ausdrucksstarken Design-Gegenstand.","immagini":[{"immagine":307306,"immagine_mobile":null},{"immagine":307313,"immagine_mobile":null}]},"prodotto__slider_preview":null,"prodotto__specifiche":{"selezione":[{"scheda_tecnica":464485}]}},"yoast_head":"<!-- This site is optimized with the Yoast SEO Premium plugin v22.4 (Yoast SEO v23.7) - https:\/\/yoast.com\/wordpress\/plugins\/seo\/ -->\n<title>Twiggy Grid Outdoor Terra - Foscarini<\/title>\n<meta name=\"robots\" content=\"index, follow, max-snippet:-1, max-image-preview:large, max-video-preview:-1\" \/>\n<meta property=\"og:locale\" content=\"de_DE\" \/>\n<meta property=\"og:type\" content=\"article\" \/>\n<meta property=\"og:title\" content=\"Twiggy Grid Outdoor Terra\" \/>\n<meta property=\"og:description\" content=\"Stehleuchte f\u00fcr den Au\u00dfenbereich mit direktem, nach unten gerichtetem Licht. Schirm und Schaft aus fl\u00fcssiglackiertem Glasfaser-Verbundmaterial. F\u00fcr die Fertigung des Schirms werden B\u00e4nder aus Verbundmaterial von Hand in einem Geflecht um eine Form gewickelt. Das fertige Geflecht wird abschlie\u00dfend von Hand lackiert. Eine Scheibe aus lasergraviertem, transparentem PMMA in der Mitte der Leuchte b\u00fcndelt und streut das Licht der am Rand des Alugestells montierten Multichip-LEDs. Das Aluminiumgestell des Schirms dient dabei zugleich als K\u00fchlk\u00f6rper. Eine weitere Scheibe aus opalfarbigem PMMA d\u00e4mpft das Licht.  Der kreisf\u00f6rmige Sockel aus Metall ist mit Polyester-Pulverlack beschichtet und damit besonders best\u00e4ndig gegen UV-Strahlen, Witterungseinfl\u00fcsse und Chemikalien.  Im Lieferumfang enthalten sind drei Gewichte, die \u00fcber dem Schirm anzubringen sind und der H\u00f6henregulierung dienen.  Inklusive Kabel mit einer f\u00fcr Au\u00dfenbereiche geeigneten schwarzen Neopren-Ummantelung, ohne Schalter, mit integriertem Transformator, Schuko-Stecker und Klemmb\u00fcchse. Auf Anfrage mit zus\u00e4tzlichen Elementen zur Verl\u00e4ngerung des gebogenen Schafts erh\u00e4ltlich.\" \/>\n<meta property=\"og:url\" content=\"https:\/\/www.foscarini.com\/de\/produkt\/twiggy-grid-twiggy-grid-outdoor-of-de\/\" \/>\n<meta property=\"og:site_name\" content=\"Foscarini\" \/>\n<meta property=\"article:modified_time\" content=\"2025-06-11T16:03:09+00:00\" \/>\n<meta property=\"og:image\" content=\"https:\/\/www.foscarini.com\/wp-content\/uploads\/2025\/06\/twiggy-grid_of_carmine_22_786x865-5.jpg\" \/>\n\t<meta property=\"og:image:width\" content=\"786\" \/>\n\t<meta property=\"og:image:height\" content=\"865\" \/>\n\t<meta property=\"og:image:type\" content=\"image\/jpeg\" \/>\n<meta name=\"twitter:card\" content=\"summary_large_image\" \/>\n<meta name=\"twitter:label1\" content=\"Gesch\u00e4tzte Lesezeit\" \/>\n\t<meta name=\"twitter:data1\" content=\"1\u00a0Minute\" \/>\n<script type=\"application\/ld+json\" class=\"yoast-schema-graph\">{\"@context\":\"https:\/\/schema.org\",\"@graph\":[{\"@type\":\"WebPage\",\"@id\":\"https:\/\/www.foscarini.com\/de\/produkt\/twiggy-grid-twiggy-grid-outdoor-of-de\/\",\"url\":\"https:\/\/www.foscarini.com\/de\/produkt\/twiggy-grid-twiggy-grid-outdoor-of-de\/\",\"name\":\"Twiggy Grid Outdoor Terra - Foscarini\",\"isPartOf\":{\"@id\":\"https:\/\/www.foscarini.com\/#website\"},\"primaryImageOfPage\":{\"@id\":\"https:\/\/www.foscarini.com\/de\/produkt\/twiggy-grid-twiggy-grid-outdoor-of-de\/#primaryimage\"},\"image\":{\"@id\":\"https:\/\/www.foscarini.com\/de\/produkt\/twiggy-grid-twiggy-grid-outdoor-of-de\/#primaryimage\"},\"thumbnailUrl\":\"https:\/\/www.foscarini.com\/wp-content\/uploads\/2025\/06\/twiggy-grid_of_carmine_22_786x865-7.jpg\",\"datePublished\":\"2024-03-28T18:23:25+00:00\",\"dateModified\":\"2025-06-11T16:03:09+00:00\",\"breadcrumb\":{\"@id\":\"https:\/\/www.foscarini.com\/de\/produkt\/twiggy-grid-twiggy-grid-outdoor-of-de\/#breadcrumb\"},\"inLanguage\":\"de\",\"potentialAction\":[{\"@type\":\"ReadAction\",\"target\":[\"https:\/\/www.foscarini.com\/de\/produkt\/twiggy-grid-twiggy-grid-outdoor-of-de\/\"]}]},{\"@type\":\"ImageObject\",\"inLanguage\":\"de\",\"@id\":\"https:\/\/www.foscarini.com\/de\/produkt\/twiggy-grid-twiggy-grid-outdoor-of-de\/#primaryimage\",\"url\":\"https:\/\/www.foscarini.com\/wp-content\/uploads\/2025\/06\/twiggy-grid_of_carmine_22_786x865-7.jpg\",\"contentUrl\":\"https:\/\/www.foscarini.com\/wp-content\/uploads\/2025\/06\/twiggy-grid_of_carmine_22_786x865-7.jpg\",\"width\":786,\"height\":865},{\"@type\":\"BreadcrumbList\",\"@id\":\"https:\/\/www.foscarini.com\/de\/produkt\/twiggy-grid-twiggy-grid-outdoor-of-de\/#breadcrumb\",\"itemListElement\":[{\"@type\":\"ListItem\",\"position\":1,\"name\":\"Home\",\"item\":\"https:\/\/www.foscarini.com\/de\/\"},{\"@type\":\"ListItem\",\"position\":2,\"name\":\"Shop\",\"item\":\"https:\/\/www.foscarini.com\/de\/shop\/\"},{\"@type\":\"ListItem\",\"position\":3,\"name\":\"Twiggy Grid Outdoor Terra\"}]},{\"@type\":\"WebSite\",\"@id\":\"https:\/\/www.foscarini.com\/#website\",\"url\":\"https:\/\/www.foscarini.com\/\",\"name\":\"Foscarini\",\"description\":\"\",\"potentialAction\":[{\"@type\":\"SearchAction\",\"target\":{\"@type\":\"EntryPoint\",\"urlTemplate\":\"https:\/\/www.foscarini.com\/?s={search_term_string}\"},\"query-input\":{\"@type\":\"PropertyValueSpecification\",\"valueRequired\":true,\"valueName\":\"search_term_string\"}}],\"inLanguage\":\"de\"}]}<\/script>\n<!-- \/ Yoast SEO Premium plugin. -->","yoast_head_json":{"title":"Twiggy Grid Outdoor Terra - Foscarini","robots":{"index":"index","follow":"follow","max-snippet":"max-snippet:-1","max-image-preview":"max-image-preview:large","max-video-preview":"max-video-preview:-1"},"og_locale":"de_DE","og_type":"article","og_title":"Twiggy Grid Outdoor Terra","og_description":"Stehleuchte f\u00fcr den Au\u00dfenbereich mit direktem, nach unten gerichtetem Licht. Schirm und Schaft aus fl\u00fcssiglackiertem Glasfaser-Verbundmaterial. F\u00fcr die Fertigung des Schirms werden B\u00e4nder aus Verbundmaterial von Hand in einem Geflecht um eine Form gewickelt. Das fertige Geflecht wird abschlie\u00dfend von Hand lackiert. Eine Scheibe aus lasergraviertem, transparentem PMMA in der Mitte der Leuchte b\u00fcndelt und streut das Licht der am Rand des Alugestells montierten Multichip-LEDs. Das Aluminiumgestell des Schirms dient dabei zugleich als K\u00fchlk\u00f6rper. Eine weitere Scheibe aus opalfarbigem PMMA d\u00e4mpft das Licht.  Der kreisf\u00f6rmige Sockel aus Metall ist mit Polyester-Pulverlack beschichtet und damit besonders best\u00e4ndig gegen UV-Strahlen, Witterungseinfl\u00fcsse und Chemikalien.  Im Lieferumfang enthalten sind drei Gewichte, die \u00fcber dem Schirm anzubringen sind und der H\u00f6henregulierung dienen.  Inklusive Kabel mit einer f\u00fcr Au\u00dfenbereiche geeigneten schwarzen Neopren-Ummantelung, ohne Schalter, mit integriertem Transformator, Schuko-Stecker und Klemmb\u00fcchse. Auf Anfrage mit zus\u00e4tzlichen Elementen zur Verl\u00e4ngerung des gebogenen Schafts erh\u00e4ltlich.","og_url":"https:\/\/www.foscarini.com\/de\/produkt\/twiggy-grid-twiggy-grid-outdoor-of-de\/","og_site_name":"Foscarini","article_modified_time":"2025-06-11T16:03:09+00:00","og_image":[{"width":786,"height":865,"url":"https:\/\/www.foscarini.com\/wp-content\/uploads\/2025\/06\/twiggy-grid_of_carmine_22_786x865-5.jpg","type":"image\/jpeg"}],"twitter_card":"summary_large_image","twitter_misc":{"Gesch\u00e4tzte Lesezeit":"1\u00a0Minute"},"schema":{"@context":"https:\/\/schema.org","@graph":[{"@type":"WebPage","@id":"https:\/\/www.foscarini.com\/de\/produkt\/twiggy-grid-twiggy-grid-outdoor-of-de\/","url":"https:\/\/www.foscarini.com\/de\/produkt\/twiggy-grid-twiggy-grid-outdoor-of-de\/","name":"Twiggy Grid Outdoor Terra - Foscarini","isPartOf":{"@id":"https:\/\/www.foscarini.com\/#website"},"primaryImageOfPage":{"@id":"https:\/\/www.foscarini.com\/de\/produkt\/twiggy-grid-twiggy-grid-outdoor-of-de\/#primaryimage"},"image":{"@id":"https:\/\/www.foscarini.com\/de\/produkt\/twiggy-grid-twiggy-grid-outdoor-of-de\/#primaryimage"},"thumbnailUrl":"https:\/\/www.foscarini.com\/wp-content\/uploads\/2025\/06\/twiggy-grid_of_carmine_22_786x865-7.jpg","datePublished":"2024-03-28T18:23:25+00:00","dateModified":"2025-06-11T16:03:09+00:00","breadcrumb":{"@id":"https:\/\/www.foscarini.com\/de\/produkt\/twiggy-grid-twiggy-grid-outdoor-of-de\/#breadcrumb"},"inLanguage":"de","potentialAction":[{"@type":"ReadAction","target":["https:\/\/www.foscarini.com\/de\/produkt\/twiggy-grid-twiggy-grid-outdoor-of-de\/"]}]},{"@type":"ImageObject","inLanguage":"de","@id":"https:\/\/www.foscarini.com\/de\/produkt\/twiggy-grid-twiggy-grid-outdoor-of-de\/#primaryimage","url":"https:\/\/www.foscarini.com\/wp-content\/uploads\/2025\/06\/twiggy-grid_of_carmine_22_786x865-7.jpg","contentUrl":"https:\/\/www.foscarini.com\/wp-content\/uploads\/2025\/06\/twiggy-grid_of_carmine_22_786x865-7.jpg","width":786,"height":865},{"@type":"BreadcrumbList","@id":"https:\/\/www.foscarini.com\/de\/produkt\/twiggy-grid-twiggy-grid-outdoor-of-de\/#breadcrumb","itemListElement":[{"@type":"ListItem","position":1,"name":"Home","item":"https:\/\/www.foscarini.com\/de\/"},{"@type":"ListItem","position":2,"name":"Shop","item":"https:\/\/www.foscarini.com\/de\/shop\/"},{"@type":"ListItem","position":3,"name":"Twiggy Grid Outdoor Terra"}]},{"@type":"WebSite","@id":"https:\/\/www.foscarini.com\/#website","url":"https:\/\/www.foscarini.com\/","name":"Foscarini","description":"","potentialAction":[{"@type":"SearchAction","target":{"@type":"EntryPoint","urlTemplate":"https:\/\/www.foscarini.com\/?s={search_term_string}"},"query-input":{"@type":"PropertyValueSpecification","valueRequired":true,"valueName":"search_term_string"}}],"inLanguage":"de"}]}},"_links":{"self":[{"href":"https:\/\/www.foscarini.com\/de\/wp-json\/wp\/v2\/product\/193834"}],"collection":[{"href":"https:\/\/www.foscarini.com\/de\/wp-json\/wp\/v2\/product"}],"about":[{"href":"https:\/\/www.foscarini.com\/de\/wp-json\/wp\/v2\/types\/product"}],"replies":[{"embeddable":true,"href":"https:\/\/www.foscarini.com\/de\/wp-json\/wp\/v2\/comments?post=193834"}],"wp:featuredmedia":[{"embeddable":true,"href":"https:\/\/www.foscarini.com\/de\/wp-json\/wp\/v2\/media\/470837"}],"wp:attachment":[{"href":"https:\/\/www.foscarini.com\/de\/wp-json\/wp\/v2\/media?parent=193834"}],"wp:term":[{"taxonomy":"product_cat","embeddable":true,"href":"https:\/\/www.foscarini.com\/de\/wp-json\/wp\/v2\/product_cat?post=193834"},{"taxonomy":"product_tag","embeddable":true,"href":"https:\/\/www.foscarini.com\/de\/wp-json\/wp\/v2\/product_tag?post=193834"},{"taxonomy":"materiale","embeddable":true,"href":"https:\/\/www.foscarini.com\/de\/wp-json\/wp\/v2\/materiale?post=193834"},{"taxonomy":"altezza","embeddable":true,"href":"https:\/\/www.foscarini.com\/de\/wp-json\/wp\/v2\/altezza?post=193834"},{"taxonomy":"larghezza","embeddable":true,"href":"https:\/\/www.foscarini.com\/de\/wp-json\/wp\/v2\/larghezza?post=193834"},{"taxonomy":"profondita","embeddable":true,"href":"https:\/\/www.foscarini.com\/de\/wp-json\/wp\/v2\/profondita?post=193834"},{"taxonomy":"peso","embeddable":true,"href":"https:\/\/www.foscarini.com\/de\/wp-json\/wp\/v2\/peso?post=193834"},{"taxonomy":"designer-prodotto","embeddable":true,"href":"https:\/\/www.foscarini.com\/de\/wp-json\/wp\/v2\/designer-prodotto?post=193834"}],"curies":[{"name":"wp","href":"https:\/\/api.w.org\/{rel}","templated":true}]}}