{"id":193819,"date":"2024-03-28T18:23:11","date_gmt":"2024-03-28T18:23:11","guid":{"rendered":"https:\/\/www.foscarini.com\/product\/twiggy-grid-outdoor-std-ot\/"},"modified":"2025-06-11T16:06:20","modified_gmt":"2025-06-11T16:06:20","slug":"twiggy-grid-outdoor-std-ot-de","status":"publish","type":"product","link":"https:\/\/www.foscarini.com\/de\/produkt\/twiggy-grid-outdoor-std-ot-de\/","title":{"rendered":"Twiggy Grid Outdoor Tavolo"},"content":{"rendered":"<p>Con il suo caratteristico paralume intrecciato, la lampada da tavolo Twiggy Grid XL \u00e8 perfetta per ambienti interni ed esterni. Una lampada da tavolo di design capace di traformare anche uno spazio all&#8217;aperto in un accogliente ambiente living.<\/p><section class=\"pdp__slider full-height-vh\">\n    <div class=\"swiper-container swiper__pdp\">\n        <div class=\"swiper-wrapper full-height\">\n                                <div class=\"swiper-slide\">\n                                                    <img decoding=\"async\" class=\"full-cover\" src=\"https:\/\/www.foscarini.com\/wp-content\/uploads\/2024\/03\/3.1_TwiggyGrid-150x150.jpg\" srcset=\"https:\/\/www.foscarini.com\/wp-content\/uploads\/2024\/03\/3.1_TwiggyGrid-194x300.jpg 194w, https:\/\/www.foscarini.com\/wp-content\/uploads\/2024\/03\/3.1_TwiggyGrid-663x1024.jpg 663w, https:\/\/www.foscarini.com\/wp-content\/uploads\/2024\/03\/3.1_TwiggyGrid-768x1186.jpg 768w, https:\/\/www.foscarini.com\/wp-content\/uploads\/2024\/03\/3.1_TwiggyGrid-800x1235.jpg 800w, https:\/\/www.foscarini.com\/wp-content\/uploads\/2024\/03\/3.1_TwiggyGrid.jpg 960w\" alt=\"\" \/>\n                                                                        <\/div>\n                                        <div class=\"swiper-slide\">\n                                                    <img decoding=\"async\" class=\"full-cover\" src=\"https:\/\/www.foscarini.com\/wp-content\/uploads\/2024\/03\/3.4_Twiggy-Grid-1-150x150.jpg\" srcset=\"https:\/\/www.foscarini.com\/wp-content\/uploads\/2024\/03\/3.4_Twiggy-Grid-1-199x300.jpg 199w, https:\/\/www.foscarini.com\/wp-content\/uploads\/2024\/03\/3.4_Twiggy-Grid-1-678x1024.jpg 678w, https:\/\/www.foscarini.com\/wp-content\/uploads\/2024\/03\/3.4_Twiggy-Grid-1-768x1160.jpg 768w, https:\/\/www.foscarini.com\/wp-content\/uploads\/2024\/03\/3.4_Twiggy-Grid-1-800x1208.jpg 800w, https:\/\/www.foscarini.com\/wp-content\/uploads\/2024\/03\/3.4_Twiggy-Grid-1.jpg 980w\" alt=\"\" \/>\n                                                                        <\/div>\n                                        <div class=\"swiper-slide\">\n                                                    <img decoding=\"async\" class=\"full-cover\" src=\"https:\/\/www.foscarini.com\/wp-content\/uploads\/2024\/03\/3.9_Twiggy-Grid-1-150x150.jpg\" srcset=\"https:\/\/www.foscarini.com\/wp-content\/uploads\/2024\/03\/3.9_Twiggy-Grid-1-199x300.jpg 199w, https:\/\/www.foscarini.com\/wp-content\/uploads\/2024\/03\/3.9_Twiggy-Grid-1-678x1024.jpg 678w, https:\/\/www.foscarini.com\/wp-content\/uploads\/2024\/03\/3.9_Twiggy-Grid-1-768x1160.jpg 768w, https:\/\/www.foscarini.com\/wp-content\/uploads\/2024\/03\/3.9_Twiggy-Grid-1-800x1208.jpg 800w, https:\/\/www.foscarini.com\/wp-content\/uploads\/2024\/03\/3.9_Twiggy-Grid-1.jpg 980w\" alt=\"\" \/>\n                                                                        <\/div>\n                                        <div class=\"swiper-slide\">\n                                                    <img decoding=\"async\" class=\"full-cover\" src=\"https:\/\/www.foscarini.com\/wp-content\/uploads\/2024\/03\/3.10_Twiggy-Grid-1-150x150.jpg\" srcset=\"https:\/\/www.foscarini.com\/wp-content\/uploads\/2024\/03\/3.10_Twiggy-Grid-1-199x300.jpg 199w, https:\/\/www.foscarini.com\/wp-content\/uploads\/2024\/03\/3.10_Twiggy-Grid-1-678x1024.jpg 678w, https:\/\/www.foscarini.com\/wp-content\/uploads\/2024\/03\/3.10_Twiggy-Grid-1-768x1160.jpg 768w, https:\/\/www.foscarini.com\/wp-content\/uploads\/2024\/03\/3.10_Twiggy-Grid-1-800x1208.jpg 800w, https:\/\/www.foscarini.com\/wp-content\/uploads\/2024\/03\/3.10_Twiggy-Grid-1.jpg 980w\" alt=\"\" \/>\n                                                                        <\/div>\n                            <\/div>\n    <\/div>\n    <div class=\"swiper-scrollbar\"><\/div>\n    <div class=\"ct-arrow\">\n        <div class=\"swiper-button-prev\"><\/div>\n        <div class=\"swiper-button-next\"><\/div>\n    <\/div>\n<\/section>","protected":false},"excerpt":{"rendered":"<p>Tischleuchte f\u00fcr den Au\u00dfenbereich mit direktem, nach unten gerichtetem Licht. Schirm und Schaft aus fl\u00fcssiglackiertem Glasfaser-Verbundmaterial. F\u00fcr die Fertigung des Schirms werden B\u00e4nder aus Verbundmaterial von Hand in einem Geflecht um eine Form gewickelt. Das fertige Geflecht wird abschlie\u00dfend von Hand lackiert. Die Oberkante und die Unterkante des Schirms werden durch ein zus\u00e4tzliches Band verst\u00e4rkt. Eine Scheibe aus lasergraviertem, transparentem PMMA in der Mitte der Leuchte b\u00fcndelt und streut das Licht der am Rand des Alugestells montierten Multichip-LEDs. Das Aluminiumgestell des Schirms dient dabei zugleich als K\u00fchlk\u00f6rper. Eine weitere Scheibe aus opalfarbigem PMMA d\u00e4mpft das Licht. Der kreisf\u00f6rmige Sockel aus Metall ist mit Polyester-Pulverlack beschichtet und damit besonders best\u00e4ndig gegen UV-Strahlen, Witterungseinfl\u00fcsse und Chemikalien. Im Lieferumfang enthalten sind drei Gewichte, die \u00fcber dem Schirm anzubringen sind und der H\u00f6henregulierung dienen. Inklusive Kabel mit einer f\u00fcr Au\u00dfenbereiche geeigneten schwarzen Neopren-Ummantelung, ohne Schalter, mit integriertem Transformator, Schuko-Stecker und Klemmb\u00fcchse. Auf Anfrage mit zus\u00e4tzlichen Elementen zur Verl\u00e4ngerung des gebogenen Schafts erh\u00e4ltlich.<\/p>\n","protected":false},"featured_media":470797,"comment_status":"open","ping_status":"closed","template":"","meta":{"_acf_changed":true},"product_cat":[650,715,722,682,13615],"product_tag":[],"materiale":[7948],"altezza":[10122],"larghezza":[8616],"profondita":[8676],"peso":[8390],"designer-prodotto":[7384],"class_list":{"0":"post-193819","1":"product","2":"type-product","3":"status-publish","4":"has-post-thumbnail","6":"product_cat-concetto-de","7":"product_cat-funzione-de","8":"product_cat-outdoor-de","9":"product_cat-twiggy-concetto-de","10":"product_cat-twiggy-grid-outdoor-tavolo-famiglia-de","11":"materiale-fibra-di-carbonio-e-compositi-de","12":"altezza-26-14-de","13":"larghezza-18-18-de","14":"profondita-18-18-de","15":"peso-126-de","16":"designer-prodotto-marc-sadler-de","18":"first","19":"instock","20":"shipping-taxable","21":"purchasable","22":"product-type-variable"},"acf":{"preview_slider":{"titolo":"","testo":"","video_domanda":false,"link_video":""},"prodotto__immagine_preview":{"immagine":124504},"prodotto__slider":{"sottotitolo":"Marc Sadler (2018)","titolo":"Die Tischleuchte Twiggy Grid XL ist mit ihrem unverwechselbaren, verdrehten Lampenschirm ideal f\u00fcr Innen- und Au\u00dfenbereiche geeignet. Eine Design-Tischleuchte, die auch einen Bereich im Freien in einen einladenden Wohnraum verwandeln kann.","immagini":[{"immagine":307449,"immagine_mobile":null},{"immagine":307456,"immagine_mobile":null}]},"prodotto__slider_preview":null,"prodotto__specifiche":{"selezione":[{"scheda_tecnica":464522}]}},"yoast_head":"<!-- This site is optimized with the Yoast SEO Premium plugin v22.4 (Yoast SEO v23.7) - https:\/\/yoast.com\/wordpress\/plugins\/seo\/ -->\n<title>Twiggy Grid Outdoor Tavolo - Foscarini<\/title>\n<meta name=\"robots\" content=\"index, follow, max-snippet:-1, max-image-preview:large, max-video-preview:-1\" \/>\n<meta property=\"og:locale\" content=\"de_DE\" \/>\n<meta property=\"og:type\" content=\"article\" \/>\n<meta property=\"og:title\" content=\"Twiggy Grid Outdoor Tavolo\" \/>\n<meta property=\"og:description\" content=\"Tischleuchte f\u00fcr den Au\u00dfenbereich mit direktem, nach unten gerichtetem Licht. Schirm und Schaft aus fl\u00fcssiglackiertem Glasfaser-Verbundmaterial. F\u00fcr die Fertigung des Schirms werden B\u00e4nder aus Verbundmaterial von Hand in einem Geflecht um eine Form gewickelt. Das fertige Geflecht wird abschlie\u00dfend von Hand lackiert. Die Oberkante und die Unterkante des Schirms werden durch ein zus\u00e4tzliches Band verst\u00e4rkt. Eine Scheibe aus lasergraviertem, transparentem PMMA in der Mitte der Leuchte b\u00fcndelt und streut das Licht der am Rand des Alugestells montierten Multichip-LEDs. Das Aluminiumgestell des Schirms dient dabei zugleich als K\u00fchlk\u00f6rper. Eine weitere Scheibe aus opalfarbigem PMMA d\u00e4mpft das Licht. Der kreisf\u00f6rmige Sockel aus Metall ist mit Polyester-Pulverlack beschichtet und damit besonders best\u00e4ndig gegen UV-Strahlen, Witterungseinfl\u00fcsse und Chemikalien. Im Lieferumfang enthalten sind drei Gewichte, die \u00fcber dem Schirm anzubringen sind und der H\u00f6henregulierung dienen. Inklusive Kabel mit einer f\u00fcr Au\u00dfenbereiche geeigneten schwarzen Neopren-Ummantelung, ohne Schalter, mit integriertem Transformator, Schuko-Stecker und Klemmb\u00fcchse. Auf Anfrage mit zus\u00e4tzlichen Elementen zur Verl\u00e4ngerung des gebogenen Schafts erh\u00e4ltlich.\" \/>\n<meta property=\"og:url\" content=\"https:\/\/www.foscarini.com\/de\/produkt\/twiggy-grid-outdoor-std-ot-de\/\" \/>\n<meta property=\"og:site_name\" content=\"Foscarini\" \/>\n<meta property=\"article:modified_time\" content=\"2025-06-11T16:06:20+00:00\" \/>\n<meta property=\"og:image\" content=\"https:\/\/www.foscarini.com\/wp-content\/uploads\/2025\/06\/twiggy-grid_ot_carmine_22_786x865-1.jpg\" \/>\n\t<meta property=\"og:image:width\" content=\"786\" \/>\n\t<meta property=\"og:image:height\" content=\"865\" \/>\n\t<meta property=\"og:image:type\" content=\"image\/jpeg\" \/>\n<meta name=\"twitter:card\" content=\"summary_large_image\" \/>\n<meta name=\"twitter:label1\" content=\"Gesch\u00e4tzte Lesezeit\" \/>\n\t<meta name=\"twitter:data1\" content=\"1\u00a0Minute\" \/>\n<script type=\"application\/ld+json\" class=\"yoast-schema-graph\">{\"@context\":\"https:\/\/schema.org\",\"@graph\":[{\"@type\":\"WebPage\",\"@id\":\"https:\/\/www.foscarini.com\/de\/produkt\/twiggy-grid-outdoor-std-ot-de\/\",\"url\":\"https:\/\/www.foscarini.com\/de\/produkt\/twiggy-grid-outdoor-std-ot-de\/\",\"name\":\"Twiggy Grid Outdoor Tavolo - Foscarini\",\"isPartOf\":{\"@id\":\"https:\/\/www.foscarini.com\/#website\"},\"primaryImageOfPage\":{\"@id\":\"https:\/\/www.foscarini.com\/de\/produkt\/twiggy-grid-outdoor-std-ot-de\/#primaryimage\"},\"image\":{\"@id\":\"https:\/\/www.foscarini.com\/de\/produkt\/twiggy-grid-outdoor-std-ot-de\/#primaryimage\"},\"thumbnailUrl\":\"https:\/\/www.foscarini.com\/wp-content\/uploads\/2025\/06\/twiggy-grid_ot_carmine_22_786x865-3.jpg\",\"datePublished\":\"2024-03-28T18:23:11+00:00\",\"dateModified\":\"2025-06-11T16:06:20+00:00\",\"breadcrumb\":{\"@id\":\"https:\/\/www.foscarini.com\/de\/produkt\/twiggy-grid-outdoor-std-ot-de\/#breadcrumb\"},\"inLanguage\":\"de\",\"potentialAction\":[{\"@type\":\"ReadAction\",\"target\":[\"https:\/\/www.foscarini.com\/de\/produkt\/twiggy-grid-outdoor-std-ot-de\/\"]}]},{\"@type\":\"ImageObject\",\"inLanguage\":\"de\",\"@id\":\"https:\/\/www.foscarini.com\/de\/produkt\/twiggy-grid-outdoor-std-ot-de\/#primaryimage\",\"url\":\"https:\/\/www.foscarini.com\/wp-content\/uploads\/2025\/06\/twiggy-grid_ot_carmine_22_786x865-3.jpg\",\"contentUrl\":\"https:\/\/www.foscarini.com\/wp-content\/uploads\/2025\/06\/twiggy-grid_ot_carmine_22_786x865-3.jpg\",\"width\":786,\"height\":865},{\"@type\":\"BreadcrumbList\",\"@id\":\"https:\/\/www.foscarini.com\/de\/produkt\/twiggy-grid-outdoor-std-ot-de\/#breadcrumb\",\"itemListElement\":[{\"@type\":\"ListItem\",\"position\":1,\"name\":\"Home\",\"item\":\"https:\/\/www.foscarini.com\/de\/\"},{\"@type\":\"ListItem\",\"position\":2,\"name\":\"Shop\",\"item\":\"https:\/\/www.foscarini.com\/de\/shop\/\"},{\"@type\":\"ListItem\",\"position\":3,\"name\":\"Twiggy Grid Outdoor Tavolo\"}]},{\"@type\":\"WebSite\",\"@id\":\"https:\/\/www.foscarini.com\/#website\",\"url\":\"https:\/\/www.foscarini.com\/\",\"name\":\"Foscarini\",\"description\":\"\",\"potentialAction\":[{\"@type\":\"SearchAction\",\"target\":{\"@type\":\"EntryPoint\",\"urlTemplate\":\"https:\/\/www.foscarini.com\/?s={search_term_string}\"},\"query-input\":{\"@type\":\"PropertyValueSpecification\",\"valueRequired\":true,\"valueName\":\"search_term_string\"}}],\"inLanguage\":\"de\"}]}<\/script>\n<!-- \/ Yoast SEO Premium plugin. -->","yoast_head_json":{"title":"Twiggy Grid Outdoor Tavolo - Foscarini","robots":{"index":"index","follow":"follow","max-snippet":"max-snippet:-1","max-image-preview":"max-image-preview:large","max-video-preview":"max-video-preview:-1"},"og_locale":"de_DE","og_type":"article","og_title":"Twiggy Grid Outdoor Tavolo","og_description":"Tischleuchte f\u00fcr den Au\u00dfenbereich mit direktem, nach unten gerichtetem Licht. Schirm und Schaft aus fl\u00fcssiglackiertem Glasfaser-Verbundmaterial. F\u00fcr die Fertigung des Schirms werden B\u00e4nder aus Verbundmaterial von Hand in einem Geflecht um eine Form gewickelt. Das fertige Geflecht wird abschlie\u00dfend von Hand lackiert. Die Oberkante und die Unterkante des Schirms werden durch ein zus\u00e4tzliches Band verst\u00e4rkt. Eine Scheibe aus lasergraviertem, transparentem PMMA in der Mitte der Leuchte b\u00fcndelt und streut das Licht der am Rand des Alugestells montierten Multichip-LEDs. Das Aluminiumgestell des Schirms dient dabei zugleich als K\u00fchlk\u00f6rper. Eine weitere Scheibe aus opalfarbigem PMMA d\u00e4mpft das Licht. Der kreisf\u00f6rmige Sockel aus Metall ist mit Polyester-Pulverlack beschichtet und damit besonders best\u00e4ndig gegen UV-Strahlen, Witterungseinfl\u00fcsse und Chemikalien. Im Lieferumfang enthalten sind drei Gewichte, die \u00fcber dem Schirm anzubringen sind und der H\u00f6henregulierung dienen. Inklusive Kabel mit einer f\u00fcr Au\u00dfenbereiche geeigneten schwarzen Neopren-Ummantelung, ohne Schalter, mit integriertem Transformator, Schuko-Stecker und Klemmb\u00fcchse. Auf Anfrage mit zus\u00e4tzlichen Elementen zur Verl\u00e4ngerung des gebogenen Schafts erh\u00e4ltlich.","og_url":"https:\/\/www.foscarini.com\/de\/produkt\/twiggy-grid-outdoor-std-ot-de\/","og_site_name":"Foscarini","article_modified_time":"2025-06-11T16:06:20+00:00","og_image":[{"width":786,"height":865,"url":"https:\/\/www.foscarini.com\/wp-content\/uploads\/2025\/06\/twiggy-grid_ot_carmine_22_786x865-1.jpg","type":"image\/jpeg"}],"twitter_card":"summary_large_image","twitter_misc":{"Gesch\u00e4tzte Lesezeit":"1\u00a0Minute"},"schema":{"@context":"https:\/\/schema.org","@graph":[{"@type":"WebPage","@id":"https:\/\/www.foscarini.com\/de\/produkt\/twiggy-grid-outdoor-std-ot-de\/","url":"https:\/\/www.foscarini.com\/de\/produkt\/twiggy-grid-outdoor-std-ot-de\/","name":"Twiggy Grid Outdoor Tavolo - Foscarini","isPartOf":{"@id":"https:\/\/www.foscarini.com\/#website"},"primaryImageOfPage":{"@id":"https:\/\/www.foscarini.com\/de\/produkt\/twiggy-grid-outdoor-std-ot-de\/#primaryimage"},"image":{"@id":"https:\/\/www.foscarini.com\/de\/produkt\/twiggy-grid-outdoor-std-ot-de\/#primaryimage"},"thumbnailUrl":"https:\/\/www.foscarini.com\/wp-content\/uploads\/2025\/06\/twiggy-grid_ot_carmine_22_786x865-3.jpg","datePublished":"2024-03-28T18:23:11+00:00","dateModified":"2025-06-11T16:06:20+00:00","breadcrumb":{"@id":"https:\/\/www.foscarini.com\/de\/produkt\/twiggy-grid-outdoor-std-ot-de\/#breadcrumb"},"inLanguage":"de","potentialAction":[{"@type":"ReadAction","target":["https:\/\/www.foscarini.com\/de\/produkt\/twiggy-grid-outdoor-std-ot-de\/"]}]},{"@type":"ImageObject","inLanguage":"de","@id":"https:\/\/www.foscarini.com\/de\/produkt\/twiggy-grid-outdoor-std-ot-de\/#primaryimage","url":"https:\/\/www.foscarini.com\/wp-content\/uploads\/2025\/06\/twiggy-grid_ot_carmine_22_786x865-3.jpg","contentUrl":"https:\/\/www.foscarini.com\/wp-content\/uploads\/2025\/06\/twiggy-grid_ot_carmine_22_786x865-3.jpg","width":786,"height":865},{"@type":"BreadcrumbList","@id":"https:\/\/www.foscarini.com\/de\/produkt\/twiggy-grid-outdoor-std-ot-de\/#breadcrumb","itemListElement":[{"@type":"ListItem","position":1,"name":"Home","item":"https:\/\/www.foscarini.com\/de\/"},{"@type":"ListItem","position":2,"name":"Shop","item":"https:\/\/www.foscarini.com\/de\/shop\/"},{"@type":"ListItem","position":3,"name":"Twiggy Grid Outdoor Tavolo"}]},{"@type":"WebSite","@id":"https:\/\/www.foscarini.com\/#website","url":"https:\/\/www.foscarini.com\/","name":"Foscarini","description":"","potentialAction":[{"@type":"SearchAction","target":{"@type":"EntryPoint","urlTemplate":"https:\/\/www.foscarini.com\/?s={search_term_string}"},"query-input":{"@type":"PropertyValueSpecification","valueRequired":true,"valueName":"search_term_string"}}],"inLanguage":"de"}]}},"_links":{"self":[{"href":"https:\/\/www.foscarini.com\/de\/wp-json\/wp\/v2\/product\/193819"}],"collection":[{"href":"https:\/\/www.foscarini.com\/de\/wp-json\/wp\/v2\/product"}],"about":[{"href":"https:\/\/www.foscarini.com\/de\/wp-json\/wp\/v2\/types\/product"}],"replies":[{"embeddable":true,"href":"https:\/\/www.foscarini.com\/de\/wp-json\/wp\/v2\/comments?post=193819"}],"wp:featuredmedia":[{"embeddable":true,"href":"https:\/\/www.foscarini.com\/de\/wp-json\/wp\/v2\/media\/470797"}],"wp:attachment":[{"href":"https:\/\/www.foscarini.com\/de\/wp-json\/wp\/v2\/media?parent=193819"}],"wp:term":[{"taxonomy":"product_cat","embeddable":true,"href":"https:\/\/www.foscarini.com\/de\/wp-json\/wp\/v2\/product_cat?post=193819"},{"taxonomy":"product_tag","embeddable":true,"href":"https:\/\/www.foscarini.com\/de\/wp-json\/wp\/v2\/product_tag?post=193819"},{"taxonomy":"materiale","embeddable":true,"href":"https:\/\/www.foscarini.com\/de\/wp-json\/wp\/v2\/materiale?post=193819"},{"taxonomy":"altezza","embeddable":true,"href":"https:\/\/www.foscarini.com\/de\/wp-json\/wp\/v2\/altezza?post=193819"},{"taxonomy":"larghezza","embeddable":true,"href":"https:\/\/www.foscarini.com\/de\/wp-json\/wp\/v2\/larghezza?post=193819"},{"taxonomy":"profondita","embeddable":true,"href":"https:\/\/www.foscarini.com\/de\/wp-json\/wp\/v2\/profondita?post=193819"},{"taxonomy":"peso","embeddable":true,"href":"https:\/\/www.foscarini.com\/de\/wp-json\/wp\/v2\/peso?post=193819"},{"taxonomy":"designer-prodotto","embeddable":true,"href":"https:\/\/www.foscarini.com\/de\/wp-json\/wp\/v2\/designer-prodotto?post=193819"}],"curies":[{"name":"wp","href":"https:\/\/api.w.org\/{rel}","templated":true}]}}