{"id":193394,"date":"2024-03-28T17:56:12","date_gmt":"2024-03-28T17:56:12","guid":{"rendered":"https:\/\/www.foscarini.com\/product\/chouchin-3-chouchin-s\/"},"modified":"2025-06-11T11:55:25","modified_gmt":"2025-06-11T11:55:25","slug":"chouchin-3-chouchin-s-de","status":"publish","type":"product","link":"https:\/\/www.foscarini.com\/de\/produkt\/chouchin-3-chouchin-s-de\/","title":{"rendered":"Chouchin 3"},"content":{"rendered":"<p>Lampade a sospensione in vetro soffiato che richiamano le tipiche lanterne giapponesi, ideali anche per composizioni multiple. Una particolare tonalit\u00e0 grigia contraddistingue la lampada a sospensione Chouchin 3, la pi\u00f9 compatta della famiglia.<\/p><section class=\"pdp__slider full-height-vh\">\n    <div class=\"swiper-container swiper__pdp\">\n        <div class=\"swiper-wrapper full-height\">\n                                <div class=\"swiper-slide\">\n                                                    <img decoding=\"async\" class=\"full-cover\" src=\"https:\/\/www.foscarini.com\/wp-content\/uploads\/2024\/03\/3.1_Chouchin3-1-150x150.jpg\" srcset=\"https:\/\/www.foscarini.com\/wp-content\/uploads\/2024\/03\/3.1_Chouchin3-1-199x300.jpg 199w, https:\/\/www.foscarini.com\/wp-content\/uploads\/2024\/03\/3.1_Chouchin3-1-678x1024.jpg 678w, https:\/\/www.foscarini.com\/wp-content\/uploads\/2024\/03\/3.1_Chouchin3-1-768x1160.jpg 768w, https:\/\/www.foscarini.com\/wp-content\/uploads\/2024\/03\/3.1_Chouchin3-1-800x1208.jpg 800w, https:\/\/www.foscarini.com\/wp-content\/uploads\/2024\/03\/3.1_Chouchin3-1.jpg 980w\" alt=\"\" \/>\n                                                                        <\/div>\n                                        <div class=\"swiper-slide\">\n                                                    <img decoding=\"async\" class=\"full-cover\" src=\"https:\/\/www.foscarini.com\/wp-content\/uploads\/2024\/03\/3.3_Chouchin3-1-150x150.jpg\" srcset=\"https:\/\/www.foscarini.com\/wp-content\/uploads\/2024\/03\/3.3_Chouchin3-1-300x200.jpg 300w, https:\/\/www.foscarini.com\/wp-content\/uploads\/2024\/03\/3.3_Chouchin3-1-1024x683.jpg 1024w, https:\/\/www.foscarini.com\/wp-content\/uploads\/2024\/03\/3.3_Chouchin3-1-768x512.jpg 768w, https:\/\/www.foscarini.com\/wp-content\/uploads\/2024\/03\/3.3_Chouchin3-1-1536x1024.jpg 1536w, https:\/\/www.foscarini.com\/wp-content\/uploads\/2024\/03\/3.3_Chouchin3-1-2048x1365.jpg 2048w, https:\/\/www.foscarini.com\/wp-content\/uploads\/2024\/03\/3.3_Chouchin3-1-800x533.jpg 800w\" alt=\"\" \/>\n                                                                        <\/div>\n                                        <div class=\"swiper-slide\">\n                                                    <img decoding=\"async\" class=\"full-cover\" src=\"https:\/\/www.foscarini.com\/wp-content\/uploads\/2024\/03\/3.4_Chouchin3-1-150x150.jpg\" srcset=\"https:\/\/www.foscarini.com\/wp-content\/uploads\/2024\/03\/3.4_Chouchin3-1-199x300.jpg 199w, https:\/\/www.foscarini.com\/wp-content\/uploads\/2024\/03\/3.4_Chouchin3-1-678x1024.jpg 678w, https:\/\/www.foscarini.com\/wp-content\/uploads\/2024\/03\/3.4_Chouchin3-1-768x1160.jpg 768w, https:\/\/www.foscarini.com\/wp-content\/uploads\/2024\/03\/3.4_Chouchin3-1-800x1208.jpg 800w, https:\/\/www.foscarini.com\/wp-content\/uploads\/2024\/03\/3.4_Chouchin3-1.jpg 980w\" alt=\"\" \/>\n                                                                        <\/div>\n                                        <div class=\"swiper-slide\">\n                                                    <img decoding=\"async\" class=\"full-cover\" src=\"https:\/\/www.foscarini.com\/wp-content\/uploads\/2024\/03\/3.8_Chouchin3-1-150x150.jpg\" srcset=\"https:\/\/www.foscarini.com\/wp-content\/uploads\/2024\/03\/3.8_Chouchin3-1-300x200.jpg 300w, https:\/\/www.foscarini.com\/wp-content\/uploads\/2024\/03\/3.8_Chouchin3-1-1024x683.jpg 1024w, https:\/\/www.foscarini.com\/wp-content\/uploads\/2024\/03\/3.8_Chouchin3-1-768x512.jpg 768w, https:\/\/www.foscarini.com\/wp-content\/uploads\/2024\/03\/3.8_Chouchin3-1-1536x1024.jpg 1536w, https:\/\/www.foscarini.com\/wp-content\/uploads\/2024\/03\/3.8_Chouchin3-1-2048x1365.jpg 2048w, https:\/\/www.foscarini.com\/wp-content\/uploads\/2024\/03\/3.8_Chouchin3-1-800x533.jpg 800w\" alt=\"\" \/>\n                                                                        <\/div>\n                                        <div class=\"swiper-slide\">\n                                                    <img decoding=\"async\" class=\"full-cover\" src=\"https:\/\/www.foscarini.com\/wp-content\/uploads\/2024\/03\/3.10_Chouchin3-1-150x150.jpg\" srcset=\"https:\/\/www.foscarini.com\/wp-content\/uploads\/2024\/03\/3.10_Chouchin3-1-199x300.jpg 199w, https:\/\/www.foscarini.com\/wp-content\/uploads\/2024\/03\/3.10_Chouchin3-1-678x1024.jpg 678w, https:\/\/www.foscarini.com\/wp-content\/uploads\/2024\/03\/3.10_Chouchin3-1-768x1160.jpg 768w, https:\/\/www.foscarini.com\/wp-content\/uploads\/2024\/03\/3.10_Chouchin3-1-800x1208.jpg 800w, https:\/\/www.foscarini.com\/wp-content\/uploads\/2024\/03\/3.10_Chouchin3-1.jpg 980w\" alt=\"\" \/>\n                                                                        <\/div>\n                            <\/div>\n    <\/div>\n    <div class=\"swiper-scrollbar\"><\/div>\n    <div class=\"ct-arrow\">\n        <div class=\"swiper-button-prev\"><\/div>\n        <div class=\"swiper-button-next\"><\/div>\n    <\/div>\n<\/section><section class=\"concept__project_comunication full-height-vh\">\n    <div class=\"row row-large\">\n        <div class=\"medium-12 small-12 columns full-height no-padding-right-mobile\">\n            <div class=\"ct-image-text-lateral\">\n                <div class=\"ct-arrow\">\n                    <div class=\"swiper-button-prev\" aria-label=\"previous slide\"><\/div>\n                    <div class=\"swiper-button-next\" aria-label=\"next slide\"><\/div>\n                <\/div>\n                <span class=\"section-name-lateral\">Verlagsinhalte<\/span>\n                <!-- Swiper -->\n                <div class=\"swiper-container swiper__concept__comunication\">\n                    <div class=\"swiper-wrapper\">\n                                                            <div class=\"swiper-slide\">\n                                        <div class=\"ct-slide\">\n                                                                                                <img decoding=\"async\" class=\"full-cover\" src=\"https:\/\/www.foscarini.com\/wp-content\/uploads\/2023\/01\/Modulo1_Font-150x150.jpg\" srcset=\"https:\/\/www.foscarini.com\/wp-content\/uploads\/2023\/01\/Modulo1_Font-300x194.jpg 300w, https:\/\/www.foscarini.com\/wp-content\/uploads\/2023\/01\/Modulo1_Font-800x518.jpg 800w, https:\/\/www.foscarini.com\/wp-content\/uploads\/2023\/01\/Modulo1_Font-1024x663.jpg 1024w, https:\/\/www.foscarini.com\/wp-content\/uploads\/2023\/01\/Modulo1_Font-768x498.jpg 768w, https:\/\/www.foscarini.com\/wp-content\/uploads\/2023\/01\/Modulo1_Font-1536x995.jpg 1536w, https:\/\/www.foscarini.com\/wp-content\/uploads\/2023\/01\/Modulo1_Font-2048x1327.jpg 2048w\" alt=\"\" \/>\n                                                                                                <div class=\"ct-col-right\">\n                                                <div class=\"ct-link\">\n                                                    <a class=\"link-arrow\" href=\"https:\/\/www.foscarini.com\/de\/das-erzaehlen-von-geschichten-ist-ein-wesentlicher-teil-jeder-visuellen-arbeit\/\">Das Erz\u00e4hlen von Geschichten ist ein wesentlicher Teil jeder visuellen Arbeit<\/a>\n                                                    <div class=\"text-1\"><p>Interview mit Luca Font, K\u00fcnstler des Projekts &#8220;What&#8217;s in a lamp?&#8221;. In seiner Reihe von Illustrationen stellt er visuell dar, wie das Licht die Pers\u00f6nlichkeit eines Raumes definiert.<\/p>\n<\/div>\n                                                <\/div>\n                                            <\/div>\n                                        <\/div>\n                                    <\/div>\n                                                        <\/div>\n                <\/div>\n            <\/div>\n        <\/div>\n    <\/div>\n<\/section>","protected":false},"excerpt":{"rendered":"<p>H\u00e4ngeleuchte mit direktem Licht. Drei miteinander kombinierbare Modelle offenbaren einen Kontrast zwischen mundgeblasenem, gl\u00e4nzend lackiertem Glas mit warmen und weichen Farben, die vom Licht nicht durchdrungen werden, und dem unteren wei\u00dfen Kragen, der hell erstrahlt und das Licht nach unten wirft. Der Diffusor aus mundgeblasenem ummanteltem Glas ist mit Deckendem Fl\u00fcssiglack gl\u00e4nzend lackiert. Halterung des Diffusors aus durchsichtigem spritzgegossenem Polykarbonat, Aufh\u00e4ngungskabel aus Edelstahl und durchsichtiges Elektrokabel. Deckenrosette mit B\u00fcgel aus verzinktem Metall und Verkleidung aus gl\u00e4nzendem wei\u00dfem durchgef\u00e4rbtem ABSKunststoff. Erh\u00e4ltlich mit Set f\u00fcr eine Montage der Deckenrosette versetzt zum Lichtauslass.<\/p>\n","protected":false},"featured_media":466863,"comment_status":"open","ping_status":"closed","template":"","meta":{"_acf_changed":true},"product_cat":[1017,5379,650,715,746],"product_tag":[],"materiale":[8163],"altezza":[12261],"larghezza":[7423],"profondita":[7677],"peso":[9612],"designer-prodotto":[7819],"class_list":{"0":"post-193394","1":"product","2":"type-product","3":"status-publish","4":"has-post-thumbnail","6":"product_cat-chouchin-concetto-de","7":"product_cat-chouchin-famiglia-de","8":"product_cat-concetto-de","9":"product_cat-funzione-de","10":"product_cat-sospensione-de","11":"materiale-vetro-e-vetro-soffiato-de","12":"altezza-9-78-de","13":"larghezza-12-de","14":"profondita-12-de","15":"peso-36-de","16":"designer-prodotto-ionna-vautrin-de","18":"first","19":"instock","20":"shipping-taxable","21":"purchasable","22":"product-type-variable"},"acf":{"preview_slider":{"titolo":"","testo":"","video_domanda":false,"link_video":""},"prodotto__immagine_preview":{"immagine":120962},"prodotto__slider":{"sottotitolo":"Ionna Vautrin (2011)","titolo":"Die Deckenleuchten aus geblasenem Glas erinnern an die typischen, japanischen Laternen, ideal auch zum Kombinieren mehrerer Exemplare. Eine besondere graue Farbgebung zeichnet die H\u00e4ngeleuchte Chouchin 3 aus, sie ist die kompakteste Leuchte der Familie.","immagini":[{"immagine":309724,"immagine_mobile":null}]},"prodotto__slider_preview":null,"prodotto__specifiche":{"selezione":[{"scheda_tecnica":461994},{"scheda_tecnica":461995}]}},"yoast_head":"<!-- This site is optimized with the Yoast SEO Premium plugin v22.4 (Yoast SEO v23.7) - https:\/\/yoast.com\/wordpress\/plugins\/seo\/ -->\n<title>Chouchin 3 - Foscarini<\/title>\n<meta name=\"robots\" content=\"index, follow, max-snippet:-1, max-image-preview:large, max-video-preview:-1\" \/>\n<meta property=\"og:locale\" content=\"de_DE\" \/>\n<meta property=\"og:type\" content=\"article\" \/>\n<meta property=\"og:title\" content=\"Chouchin 3\" \/>\n<meta property=\"og:description\" content=\"H\u00e4ngeleuchte mit direktem Licht. Drei miteinander kombinierbare Modelle offenbaren einen Kontrast zwischen mundgeblasenem, gl\u00e4nzend lackiertem Glas mit warmen und weichen Farben, die vom Licht nicht durchdrungen werden, und dem unteren wei\u00dfen Kragen, der hell erstrahlt und das Licht nach unten wirft. Der Diffusor aus mundgeblasenem ummanteltem Glas ist mit Deckendem Fl\u00fcssiglack gl\u00e4nzend lackiert. Halterung des Diffusors aus durchsichtigem spritzgegossenem Polykarbonat, Aufh\u00e4ngungskabel aus Edelstahl und durchsichtiges Elektrokabel. Deckenrosette mit B\u00fcgel aus verzinktem Metall und Verkleidung aus gl\u00e4nzendem wei\u00dfem durchgef\u00e4rbtem ABSKunststoff. Erh\u00e4ltlich mit Set f\u00fcr eine Montage der Deckenrosette versetzt zum Lichtauslass.\" \/>\n<meta property=\"og:url\" content=\"https:\/\/www.foscarini.com\/de\/produkt\/chouchin-3-chouchin-s-de\/\" \/>\n<meta property=\"og:site_name\" content=\"Foscarini\" \/>\n<meta property=\"article:modified_time\" content=\"2025-06-11T11:55:25+00:00\" \/>\n<meta property=\"og:image\" content=\"https:\/\/www.foscarini.com\/wp-content\/uploads\/2025\/06\/chouchin-3_s_grey_22_786x865-3.jpg\" \/>\n\t<meta property=\"og:image:width\" content=\"786\" \/>\n\t<meta property=\"og:image:height\" content=\"865\" \/>\n\t<meta property=\"og:image:type\" content=\"image\/jpeg\" \/>\n<meta name=\"twitter:card\" content=\"summary_large_image\" \/>\n<meta name=\"twitter:label1\" content=\"Gesch\u00e4tzte Lesezeit\" \/>\n\t<meta name=\"twitter:data1\" content=\"1\u00a0Minute\" \/>\n<script type=\"application\/ld+json\" class=\"yoast-schema-graph\">{\"@context\":\"https:\/\/schema.org\",\"@graph\":[{\"@type\":\"WebPage\",\"@id\":\"https:\/\/www.foscarini.com\/de\/produkt\/chouchin-3-chouchin-s-de\/\",\"url\":\"https:\/\/www.foscarini.com\/de\/produkt\/chouchin-3-chouchin-s-de\/\",\"name\":\"Chouchin 3 - Foscarini\",\"isPartOf\":{\"@id\":\"https:\/\/www.foscarini.com\/#website\"},\"primaryImageOfPage\":{\"@id\":\"https:\/\/www.foscarini.com\/de\/produkt\/chouchin-3-chouchin-s-de\/#primaryimage\"},\"image\":{\"@id\":\"https:\/\/www.foscarini.com\/de\/produkt\/chouchin-3-chouchin-s-de\/#primaryimage\"},\"thumbnailUrl\":\"https:\/\/www.foscarini.com\/wp-content\/uploads\/2025\/06\/chouchin-3_s_grey_22_786x865-6.jpg\",\"datePublished\":\"2024-03-28T17:56:12+00:00\",\"dateModified\":\"2025-06-11T11:55:25+00:00\",\"breadcrumb\":{\"@id\":\"https:\/\/www.foscarini.com\/de\/produkt\/chouchin-3-chouchin-s-de\/#breadcrumb\"},\"inLanguage\":\"de\",\"potentialAction\":[{\"@type\":\"ReadAction\",\"target\":[\"https:\/\/www.foscarini.com\/de\/produkt\/chouchin-3-chouchin-s-de\/\"]}]},{\"@type\":\"ImageObject\",\"inLanguage\":\"de\",\"@id\":\"https:\/\/www.foscarini.com\/de\/produkt\/chouchin-3-chouchin-s-de\/#primaryimage\",\"url\":\"https:\/\/www.foscarini.com\/wp-content\/uploads\/2025\/06\/chouchin-3_s_grey_22_786x865-6.jpg\",\"contentUrl\":\"https:\/\/www.foscarini.com\/wp-content\/uploads\/2025\/06\/chouchin-3_s_grey_22_786x865-6.jpg\",\"width\":786,\"height\":865},{\"@type\":\"BreadcrumbList\",\"@id\":\"https:\/\/www.foscarini.com\/de\/produkt\/chouchin-3-chouchin-s-de\/#breadcrumb\",\"itemListElement\":[{\"@type\":\"ListItem\",\"position\":1,\"name\":\"Home\",\"item\":\"https:\/\/www.foscarini.com\/de\/\"},{\"@type\":\"ListItem\",\"position\":2,\"name\":\"Shop\",\"item\":\"https:\/\/www.foscarini.com\/de\/shop\/\"},{\"@type\":\"ListItem\",\"position\":3,\"name\":\"Chouchin 3\"}]},{\"@type\":\"WebSite\",\"@id\":\"https:\/\/www.foscarini.com\/#website\",\"url\":\"https:\/\/www.foscarini.com\/\",\"name\":\"Foscarini\",\"description\":\"\",\"potentialAction\":[{\"@type\":\"SearchAction\",\"target\":{\"@type\":\"EntryPoint\",\"urlTemplate\":\"https:\/\/www.foscarini.com\/?s={search_term_string}\"},\"query-input\":{\"@type\":\"PropertyValueSpecification\",\"valueRequired\":true,\"valueName\":\"search_term_string\"}}],\"inLanguage\":\"de\"}]}<\/script>\n<!-- \/ Yoast SEO Premium plugin. -->","yoast_head_json":{"title":"Chouchin 3 - Foscarini","robots":{"index":"index","follow":"follow","max-snippet":"max-snippet:-1","max-image-preview":"max-image-preview:large","max-video-preview":"max-video-preview:-1"},"og_locale":"de_DE","og_type":"article","og_title":"Chouchin 3","og_description":"H\u00e4ngeleuchte mit direktem Licht. Drei miteinander kombinierbare Modelle offenbaren einen Kontrast zwischen mundgeblasenem, gl\u00e4nzend lackiertem Glas mit warmen und weichen Farben, die vom Licht nicht durchdrungen werden, und dem unteren wei\u00dfen Kragen, der hell erstrahlt und das Licht nach unten wirft. Der Diffusor aus mundgeblasenem ummanteltem Glas ist mit Deckendem Fl\u00fcssiglack gl\u00e4nzend lackiert. Halterung des Diffusors aus durchsichtigem spritzgegossenem Polykarbonat, Aufh\u00e4ngungskabel aus Edelstahl und durchsichtiges Elektrokabel. Deckenrosette mit B\u00fcgel aus verzinktem Metall und Verkleidung aus gl\u00e4nzendem wei\u00dfem durchgef\u00e4rbtem ABSKunststoff. Erh\u00e4ltlich mit Set f\u00fcr eine Montage der Deckenrosette versetzt zum Lichtauslass.","og_url":"https:\/\/www.foscarini.com\/de\/produkt\/chouchin-3-chouchin-s-de\/","og_site_name":"Foscarini","article_modified_time":"2025-06-11T11:55:25+00:00","og_image":[{"width":786,"height":865,"url":"https:\/\/www.foscarini.com\/wp-content\/uploads\/2025\/06\/chouchin-3_s_grey_22_786x865-3.jpg","type":"image\/jpeg"}],"twitter_card":"summary_large_image","twitter_misc":{"Gesch\u00e4tzte Lesezeit":"1\u00a0Minute"},"schema":{"@context":"https:\/\/schema.org","@graph":[{"@type":"WebPage","@id":"https:\/\/www.foscarini.com\/de\/produkt\/chouchin-3-chouchin-s-de\/","url":"https:\/\/www.foscarini.com\/de\/produkt\/chouchin-3-chouchin-s-de\/","name":"Chouchin 3 - Foscarini","isPartOf":{"@id":"https:\/\/www.foscarini.com\/#website"},"primaryImageOfPage":{"@id":"https:\/\/www.foscarini.com\/de\/produkt\/chouchin-3-chouchin-s-de\/#primaryimage"},"image":{"@id":"https:\/\/www.foscarini.com\/de\/produkt\/chouchin-3-chouchin-s-de\/#primaryimage"},"thumbnailUrl":"https:\/\/www.foscarini.com\/wp-content\/uploads\/2025\/06\/chouchin-3_s_grey_22_786x865-6.jpg","datePublished":"2024-03-28T17:56:12+00:00","dateModified":"2025-06-11T11:55:25+00:00","breadcrumb":{"@id":"https:\/\/www.foscarini.com\/de\/produkt\/chouchin-3-chouchin-s-de\/#breadcrumb"},"inLanguage":"de","potentialAction":[{"@type":"ReadAction","target":["https:\/\/www.foscarini.com\/de\/produkt\/chouchin-3-chouchin-s-de\/"]}]},{"@type":"ImageObject","inLanguage":"de","@id":"https:\/\/www.foscarini.com\/de\/produkt\/chouchin-3-chouchin-s-de\/#primaryimage","url":"https:\/\/www.foscarini.com\/wp-content\/uploads\/2025\/06\/chouchin-3_s_grey_22_786x865-6.jpg","contentUrl":"https:\/\/www.foscarini.com\/wp-content\/uploads\/2025\/06\/chouchin-3_s_grey_22_786x865-6.jpg","width":786,"height":865},{"@type":"BreadcrumbList","@id":"https:\/\/www.foscarini.com\/de\/produkt\/chouchin-3-chouchin-s-de\/#breadcrumb","itemListElement":[{"@type":"ListItem","position":1,"name":"Home","item":"https:\/\/www.foscarini.com\/de\/"},{"@type":"ListItem","position":2,"name":"Shop","item":"https:\/\/www.foscarini.com\/de\/shop\/"},{"@type":"ListItem","position":3,"name":"Chouchin 3"}]},{"@type":"WebSite","@id":"https:\/\/www.foscarini.com\/#website","url":"https:\/\/www.foscarini.com\/","name":"Foscarini","description":"","potentialAction":[{"@type":"SearchAction","target":{"@type":"EntryPoint","urlTemplate":"https:\/\/www.foscarini.com\/?s={search_term_string}"},"query-input":{"@type":"PropertyValueSpecification","valueRequired":true,"valueName":"search_term_string"}}],"inLanguage":"de"}]}},"_links":{"self":[{"href":"https:\/\/www.foscarini.com\/de\/wp-json\/wp\/v2\/product\/193394"}],"collection":[{"href":"https:\/\/www.foscarini.com\/de\/wp-json\/wp\/v2\/product"}],"about":[{"href":"https:\/\/www.foscarini.com\/de\/wp-json\/wp\/v2\/types\/product"}],"replies":[{"embeddable":true,"href":"https:\/\/www.foscarini.com\/de\/wp-json\/wp\/v2\/comments?post=193394"}],"wp:featuredmedia":[{"embeddable":true,"href":"https:\/\/www.foscarini.com\/de\/wp-json\/wp\/v2\/media\/466863"}],"wp:attachment":[{"href":"https:\/\/www.foscarini.com\/de\/wp-json\/wp\/v2\/media?parent=193394"}],"wp:term":[{"taxonomy":"product_cat","embeddable":true,"href":"https:\/\/www.foscarini.com\/de\/wp-json\/wp\/v2\/product_cat?post=193394"},{"taxonomy":"product_tag","embeddable":true,"href":"https:\/\/www.foscarini.com\/de\/wp-json\/wp\/v2\/product_tag?post=193394"},{"taxonomy":"materiale","embeddable":true,"href":"https:\/\/www.foscarini.com\/de\/wp-json\/wp\/v2\/materiale?post=193394"},{"taxonomy":"altezza","embeddable":true,"href":"https:\/\/www.foscarini.com\/de\/wp-json\/wp\/v2\/altezza?post=193394"},{"taxonomy":"larghezza","embeddable":true,"href":"https:\/\/www.foscarini.com\/de\/wp-json\/wp\/v2\/larghezza?post=193394"},{"taxonomy":"profondita","embeddable":true,"href":"https:\/\/www.foscarini.com\/de\/wp-json\/wp\/v2\/profondita?post=193394"},{"taxonomy":"peso","embeddable":true,"href":"https:\/\/www.foscarini.com\/de\/wp-json\/wp\/v2\/peso?post=193394"},{"taxonomy":"designer-prodotto","embeddable":true,"href":"https:\/\/www.foscarini.com\/de\/wp-json\/wp\/v2\/designer-prodotto?post=193394"}],"curies":[{"name":"wp","href":"https:\/\/api.w.org\/{rel}","templated":true}]}}