{"id":192823,"date":"2024-03-28T18:22:59","date_gmt":"2024-03-28T18:22:59","guid":{"rendered":"https:\/\/www.foscarini.com\/product\/twiggy-grid-outdoor-std-os\/"},"modified":"2025-06-11T16:05:05","modified_gmt":"2025-06-11T16:05:05","slug":"twiggy-grid-outdoor-std-os-de","status":"publish","type":"product","link":"https:\/\/www.foscarini.com\/de\/produkt\/twiggy-grid-outdoor-std-os-de\/","title":{"rendered":"Twiggy Grid Outdoor Sospensione"},"content":{"rendered":"<p>Ottima per i \u201cterritori di passaggio\u201d tra dentro e fuori casa, come un porticato. La superficie a intreccio della lampada a sospensione da esterno Twiggy Grid permette di schermare l\u2019intensit\u00e0 della fonte luminosa, creando al contempo un dialogo con gli arredi da esterno.<\/p><section class=\"pdp__slider full-height-vh\">\n    <div class=\"swiper-container swiper__pdp\">\n        <div class=\"swiper-wrapper full-height\">\n                                <div class=\"swiper-slide\">\n                                                    <img decoding=\"async\" class=\"full-cover\" src=\"https:\/\/www.foscarini.com\/wp-content\/uploads\/2024\/03\/3.2_TwiggyGrid-150x150.jpg\" srcset=\"https:\/\/www.foscarini.com\/wp-content\/uploads\/2024\/03\/3.2_TwiggyGrid-194x300.jpg 194w, https:\/\/www.foscarini.com\/wp-content\/uploads\/2024\/03\/3.2_TwiggyGrid-663x1024.jpg 663w, https:\/\/www.foscarini.com\/wp-content\/uploads\/2024\/03\/3.2_TwiggyGrid-768x1186.jpg 768w, https:\/\/www.foscarini.com\/wp-content\/uploads\/2024\/03\/3.2_TwiggyGrid-800x1235.jpg 800w, https:\/\/www.foscarini.com\/wp-content\/uploads\/2024\/03\/3.2_TwiggyGrid.jpg 960w\" alt=\"\" \/>\n                                                                        <\/div>\n                                        <div class=\"swiper-slide\">\n                                                    <img decoding=\"async\" class=\"full-cover\" src=\"https:\/\/www.foscarini.com\/wp-content\/uploads\/2024\/03\/3.3_TwiggyGrid-150x150.jpg\" srcset=\"https:\/\/www.foscarini.com\/wp-content\/uploads\/2024\/03\/3.3_TwiggyGrid-300x250.jpg 300w, https:\/\/www.foscarini.com\/wp-content\/uploads\/2024\/03\/3.3_TwiggyGrid-1024x854.jpg 1024w, https:\/\/www.foscarini.com\/wp-content\/uploads\/2024\/03\/3.3_TwiggyGrid-768x641.jpg 768w, https:\/\/www.foscarini.com\/wp-content\/uploads\/2024\/03\/3.3_TwiggyGrid-1536x1282.jpg 1536w, https:\/\/www.foscarini.com\/wp-content\/uploads\/2024\/03\/3.3_TwiggyGrid-800x668.jpg 800w, https:\/\/www.foscarini.com\/wp-content\/uploads\/2024\/03\/3.3_TwiggyGrid.jpg 1776w\" alt=\"\" \/>\n                                                                        <\/div>\n                                        <div class=\"swiper-slide\">\n                                                    <img decoding=\"async\" class=\"full-cover\" src=\"https:\/\/www.foscarini.com\/wp-content\/uploads\/2024\/03\/3.4_TwiggyGrid-150x150.jpg\" srcset=\"https:\/\/www.foscarini.com\/wp-content\/uploads\/2024\/03\/3.4_TwiggyGrid-300x250.jpg 300w, https:\/\/www.foscarini.com\/wp-content\/uploads\/2024\/03\/3.4_TwiggyGrid-1024x854.jpg 1024w, https:\/\/www.foscarini.com\/wp-content\/uploads\/2024\/03\/3.4_TwiggyGrid-768x641.jpg 768w, https:\/\/www.foscarini.com\/wp-content\/uploads\/2024\/03\/3.4_TwiggyGrid-1536x1282.jpg 1536w, https:\/\/www.foscarini.com\/wp-content\/uploads\/2024\/03\/3.4_TwiggyGrid-800x668.jpg 800w, https:\/\/www.foscarini.com\/wp-content\/uploads\/2024\/03\/3.4_TwiggyGrid.jpg 1776w\" alt=\"\" \/>\n                                                                        <\/div>\n                            <\/div>\n    <\/div>\n    <div class=\"swiper-scrollbar\"><\/div>\n    <div class=\"ct-arrow\">\n        <div class=\"swiper-button-prev\"><\/div>\n        <div class=\"swiper-button-next\"><\/div>\n    <\/div>\n<\/section><div class=\"wp-block-columns two_image_join two_image_join_affiancate on_off_block is-layout-flex wp-container-core-columns-is-layout-1 wp-block-columns-is-layout-flex\"><div class=\"wp-block-column is-layout-flow wp-block-column-is-layout-flow\"><div class=\"wp-block-getwid-image-hotspot\" data-appearance-animation=\"none\" data-image-points=\"[{&quot;link&quot;:&quot;&quot;,&quot;icon&quot;:&quot;&quot;,&quot;title&quot;:&quot;acceso&quot;,&quot;color&quot;:&quot;&quot;,&quot;content&quot;:&quot;&quot;,&quot;backgroundColor&quot;:&quot;&quot;,&quot;newTab&quot;:false,&quot;popUpOpen&quot;:false,&quot;popUpWidth&quot;:350,&quot;placement&quot;:&quot;top&quot;,&quot;position&quot;:{&quot;x&quot;:&quot;40.89%&quot;,&quot;y&quot;:&quot;25.99%&quot;}}]\" data-trigger=\"click\" data-theme=\"light\" data-tooltip-animation=\"shift-toward\" data-arrow=\"true\"><div class=\"wp-block-getwid-image-hotspot__wrapper\"><img loading=\"lazy\" decoding=\"async\" width=\"2560\" height=\"1591\" src=\"http:\/\/www.foscarini.com\/wp-content\/uploads\/2024\/03\/4.1-OFF_Twiggy-Grid-1-scaled.jpg\" alt=\"\" class=\"wp-block-getwid-image-hotspot__image wp-image-131572\" srcset=\"https:\/\/www.foscarini.com\/wp-content\/uploads\/2024\/03\/4.1-OFF_Twiggy-Grid-1-scaled.jpg 2560w, https:\/\/www.foscarini.com\/wp-content\/uploads\/2024\/03\/4.1-OFF_Twiggy-Grid-1-300x186.jpg 300w, https:\/\/www.foscarini.com\/wp-content\/uploads\/2024\/03\/4.1-OFF_Twiggy-Grid-1-1024x636.jpg 1024w, https:\/\/www.foscarini.com\/wp-content\/uploads\/2024\/03\/4.1-OFF_Twiggy-Grid-1-768x477.jpg 768w, https:\/\/www.foscarini.com\/wp-content\/uploads\/2024\/03\/4.1-OFF_Twiggy-Grid-1-1536x955.jpg 1536w, https:\/\/www.foscarini.com\/wp-content\/uploads\/2024\/03\/4.1-OFF_Twiggy-Grid-1-2048x1273.jpg 2048w, https:\/\/www.foscarini.com\/wp-content\/uploads\/2024\/03\/4.1-OFF_Twiggy-Grid-1-800x497.jpg 800w\" sizes=\"(max-width: 2560px) 100vw, 2560px\" \/><div data-point-id=\"0\" class=\"wp-block-getwid-image-hotspot__dot has-animation-pulse\" style=\"left:40.89%;top:25.99%\"><div class=\"wp-block-getwid-image-hotspot__dot-wrapper\"><div class=\"wp-block-getwid-image-hotspot__dot-content\"><i class=\"fas fa-plus wp-block-getwid-image-hotspot__dot-icon\"><\/i><\/div><\/div><div class=\"wp-block-getwid-image-hotspot__dot-description\"><div class=\"wp-block-getwid-image-hotspot__dot-title\">acceso<\/div><\/div><\/div><\/div><\/div>\n\n<figure class=\"wp-block-image size-large absolute_image\"><img loading=\"lazy\" decoding=\"async\" width=\"1024\" height=\"636\" src=\"http:\/\/www.foscarini.com\/wp-content\/uploads\/2024\/03\/4.2-ON_Twiggy-Grid-1-1024x636.jpg\" alt=\"\" class=\"wp-image-131579\" srcset=\"https:\/\/www.foscarini.com\/wp-content\/uploads\/2024\/03\/4.2-ON_Twiggy-Grid-1-1024x636.jpg 1024w, https:\/\/www.foscarini.com\/wp-content\/uploads\/2024\/03\/4.2-ON_Twiggy-Grid-1-300x186.jpg 300w, https:\/\/www.foscarini.com\/wp-content\/uploads\/2024\/03\/4.2-ON_Twiggy-Grid-1-768x477.jpg 768w, https:\/\/www.foscarini.com\/wp-content\/uploads\/2024\/03\/4.2-ON_Twiggy-Grid-1-1536x955.jpg 1536w, https:\/\/www.foscarini.com\/wp-content\/uploads\/2024\/03\/4.2-ON_Twiggy-Grid-1-2048x1273.jpg 2048w, https:\/\/www.foscarini.com\/wp-content\/uploads\/2024\/03\/4.2-ON_Twiggy-Grid-1-800x497.jpg 800w\" sizes=\"(max-width: 1024px) 100vw, 1024px\" \/><\/figure><\/div><\/div>","protected":false},"excerpt":{"rendered":"<p>H\u00e4ngeleuchte f\u00fcr den Au\u00dfenbereich mit direktem, nach unten gerichtetem Licht. Schirm aus fl\u00fcssiglackiertem Glasfaser-Verbundmaterial. F\u00fcr die Fertigung des Schirms werden B\u00e4nder aus Verbundmaterial von Hand in einem Geflecht um eine Form gewickelt. Das fertige Geflecht wird abschlie\u00dfend von Hand lackiert. Die Oberkante und die Unterkante des Schirms werden durch ein zus\u00e4tzliches Band verst\u00e4rkt. Eine Scheibe aus lasergraviertem, transparentem PMMA in der Mitte der Leuchte b\u00fcndelt und streut das Licht der am Rand des Alugestells montierten Multichip-LEDs. Das Aluminiumgestell des Schirms dient dabei zugleich als K\u00fchlk\u00f6rper. Eine weitere Scheibe aus opalfarbigem PMMA d\u00e4mpft das Licht.<br \/>\n Inklusive drei Aufh\u00e4ngungskabeln aus Edelstahl und Elektrokabel mit einer f\u00fcr Au\u00dfenbereiche geeigneten schwarzen Neopren-Ummantelung. Deckenhalterung mit B\u00fcgel aus verzinktem Metall und Verkleidung aus Metall mit Polyester-Pulverlack-Beschichtung f\u00fcr eine optimale Best\u00e4ndigkeit gegen UV-Strahlen, Witterungseinfl\u00fcsse und Chemikalien.<\/p>\n","protected":false},"featured_media":449777,"comment_status":"open","ping_status":"closed","template":"","meta":{"_acf_changed":true},"product_cat":[650,715,722,682,13614],"product_tag":[],"materiale":[7948],"altezza":[10286],"larghezza":[10359],"profondita":[10371],"peso":[9139],"designer-prodotto":[7384],"class_list":{"0":"post-192823","1":"product","2":"type-product","3":"status-publish","4":"has-post-thumbnail","6":"product_cat-concetto-de","7":"product_cat-funzione-de","8":"product_cat-outdoor-de","9":"product_cat-twiggy-concetto-de","10":"product_cat-twiggy-grid-outdoor-sospensione-famiglia-de","11":"materiale-fibra-di-carbonio-e-compositi-de","12":"altezza-29-de","13":"larghezza-46-de","14":"profondita-46-de","15":"peso-28-de","16":"designer-prodotto-marc-sadler-de","18":"first","19":"instock","20":"shipping-taxable","21":"purchasable","22":"product-type-variable"},"acf":{"preview_slider":{"titolo":"","testo":"","video_domanda":false,"link_video":""},"prodotto__immagine_preview":{"immagine":124476},"prodotto__slider":{"sottotitolo":"Marc Sadler (2017)","titolo":"Sie ist ideal f\u00fcr \u201e\u00dcbergangsbereiche\u201c zwischen Innen- und Au\u00dfenbereichen wie Lauben. Die geflochtene Oberfl\u00e4che der H\u00e4ngeleuchte f\u00fcr Outdoorbereiche Twiggy Grid erm\u00f6glicht einerseits das Abschirmen des Leuchtmittels und andererseits eine Beziehung zur Outdoor-Einrichtung.","immagini":[{"immagine":307284,"immagine_mobile":null},{"immagine":307277,"immagine_mobile":null}]},"prodotto__slider_preview":null,"prodotto__specifiche":{"selezione":[{"scheda_tecnica":464507}]}},"yoast_head":"<!-- This site is optimized with the Yoast SEO Premium plugin v22.4 (Yoast SEO v23.7) - https:\/\/yoast.com\/wordpress\/plugins\/seo\/ -->\n<title>Twiggy Grid Outdoor Sospensione - Foscarini<\/title>\n<meta name=\"robots\" content=\"index, follow, max-snippet:-1, max-image-preview:large, max-video-preview:-1\" \/>\n<meta property=\"og:locale\" content=\"de_DE\" \/>\n<meta property=\"og:type\" content=\"article\" \/>\n<meta property=\"og:title\" content=\"Twiggy Grid Outdoor Sospensione\" \/>\n<meta property=\"og:description\" content=\"H\u00e4ngeleuchte f\u00fcr den Au\u00dfenbereich mit direktem, nach unten gerichtetem Licht. Schirm aus fl\u00fcssiglackiertem Glasfaser-Verbundmaterial. F\u00fcr die Fertigung des Schirms werden B\u00e4nder aus Verbundmaterial von Hand in einem Geflecht um eine Form gewickelt. Das fertige Geflecht wird abschlie\u00dfend von Hand lackiert. Die Oberkante und die Unterkante des Schirms werden durch ein zus\u00e4tzliches Band verst\u00e4rkt. Eine Scheibe aus lasergraviertem, transparentem PMMA in der Mitte der Leuchte b\u00fcndelt und streut das Licht der am Rand des Alugestells montierten Multichip-LEDs. Das Aluminiumgestell des Schirms dient dabei zugleich als K\u00fchlk\u00f6rper. Eine weitere Scheibe aus opalfarbigem PMMA d\u00e4mpft das Licht.  Inklusive drei Aufh\u00e4ngungskabeln aus Edelstahl und Elektrokabel mit einer f\u00fcr Au\u00dfenbereiche geeigneten schwarzen Neopren-Ummantelung. Deckenhalterung mit B\u00fcgel aus verzinktem Metall und Verkleidung aus Metall mit Polyester-Pulverlack-Beschichtung f\u00fcr eine optimale Best\u00e4ndigkeit gegen UV-Strahlen, Witterungseinfl\u00fcsse und Chemikalien.\" \/>\n<meta property=\"og:url\" content=\"https:\/\/www.foscarini.com\/de\/produkt\/twiggy-grid-outdoor-std-os-de\/\" \/>\n<meta property=\"og:site_name\" content=\"Foscarini\" \/>\n<meta property=\"article:modified_time\" content=\"2025-06-11T16:05:05+00:00\" \/>\n<meta property=\"og:image\" content=\"https:\/\/www.foscarini.com\/wp-content\/uploads\/2025\/06\/twiggy-grid_os_carmine_22_786x865-1.jpg\" \/>\n\t<meta property=\"og:image:width\" content=\"786\" \/>\n\t<meta property=\"og:image:height\" content=\"865\" \/>\n\t<meta property=\"og:image:type\" content=\"image\/jpeg\" \/>\n<meta name=\"twitter:card\" content=\"summary_large_image\" \/>\n<meta name=\"twitter:label1\" content=\"Gesch\u00e4tzte Lesezeit\" \/>\n\t<meta name=\"twitter:data1\" content=\"1\u00a0Minute\" \/>\n<script type=\"application\/ld+json\" class=\"yoast-schema-graph\">{\"@context\":\"https:\/\/schema.org\",\"@graph\":[{\"@type\":\"WebPage\",\"@id\":\"https:\/\/www.foscarini.com\/de\/produkt\/twiggy-grid-outdoor-std-os-de\/\",\"url\":\"https:\/\/www.foscarini.com\/de\/produkt\/twiggy-grid-outdoor-std-os-de\/\",\"name\":\"Twiggy Grid Outdoor Sospensione - Foscarini\",\"isPartOf\":{\"@id\":\"https:\/\/www.foscarini.com\/#website\"},\"primaryImageOfPage\":{\"@id\":\"https:\/\/www.foscarini.com\/de\/produkt\/twiggy-grid-outdoor-std-os-de\/#primaryimage\"},\"image\":{\"@id\":\"https:\/\/www.foscarini.com\/de\/produkt\/twiggy-grid-outdoor-std-os-de\/#primaryimage\"},\"thumbnailUrl\":\"https:\/\/www.foscarini.com\/wp-content\/uploads\/2025\/06\/twiggy-grid_os_carmine_22_786x865-1.jpg\",\"datePublished\":\"2024-03-28T18:22:59+00:00\",\"dateModified\":\"2025-06-11T16:05:05+00:00\",\"breadcrumb\":{\"@id\":\"https:\/\/www.foscarini.com\/de\/produkt\/twiggy-grid-outdoor-std-os-de\/#breadcrumb\"},\"inLanguage\":\"de\",\"potentialAction\":[{\"@type\":\"ReadAction\",\"target\":[\"https:\/\/www.foscarini.com\/de\/produkt\/twiggy-grid-outdoor-std-os-de\/\"]}]},{\"@type\":\"ImageObject\",\"inLanguage\":\"de\",\"@id\":\"https:\/\/www.foscarini.com\/de\/produkt\/twiggy-grid-outdoor-std-os-de\/#primaryimage\",\"url\":\"https:\/\/www.foscarini.com\/wp-content\/uploads\/2025\/06\/twiggy-grid_os_carmine_22_786x865-1.jpg\",\"contentUrl\":\"https:\/\/www.foscarini.com\/wp-content\/uploads\/2025\/06\/twiggy-grid_os_carmine_22_786x865-1.jpg\",\"width\":786,\"height\":865},{\"@type\":\"BreadcrumbList\",\"@id\":\"https:\/\/www.foscarini.com\/de\/produkt\/twiggy-grid-outdoor-std-os-de\/#breadcrumb\",\"itemListElement\":[{\"@type\":\"ListItem\",\"position\":1,\"name\":\"Home\",\"item\":\"https:\/\/www.foscarini.com\/de\/\"},{\"@type\":\"ListItem\",\"position\":2,\"name\":\"Shop\",\"item\":\"https:\/\/www.foscarini.com\/de\/shop\/\"},{\"@type\":\"ListItem\",\"position\":3,\"name\":\"Twiggy Grid Outdoor Sospensione\"}]},{\"@type\":\"WebSite\",\"@id\":\"https:\/\/www.foscarini.com\/#website\",\"url\":\"https:\/\/www.foscarini.com\/\",\"name\":\"Foscarini\",\"description\":\"\",\"potentialAction\":[{\"@type\":\"SearchAction\",\"target\":{\"@type\":\"EntryPoint\",\"urlTemplate\":\"https:\/\/www.foscarini.com\/?s={search_term_string}\"},\"query-input\":{\"@type\":\"PropertyValueSpecification\",\"valueRequired\":true,\"valueName\":\"search_term_string\"}}],\"inLanguage\":\"de\"}]}<\/script>\n<!-- \/ Yoast SEO Premium plugin. -->","yoast_head_json":{"title":"Twiggy Grid Outdoor Sospensione - Foscarini","robots":{"index":"index","follow":"follow","max-snippet":"max-snippet:-1","max-image-preview":"max-image-preview:large","max-video-preview":"max-video-preview:-1"},"og_locale":"de_DE","og_type":"article","og_title":"Twiggy Grid Outdoor Sospensione","og_description":"H\u00e4ngeleuchte f\u00fcr den Au\u00dfenbereich mit direktem, nach unten gerichtetem Licht. Schirm aus fl\u00fcssiglackiertem Glasfaser-Verbundmaterial. F\u00fcr die Fertigung des Schirms werden B\u00e4nder aus Verbundmaterial von Hand in einem Geflecht um eine Form gewickelt. Das fertige Geflecht wird abschlie\u00dfend von Hand lackiert. Die Oberkante und die Unterkante des Schirms werden durch ein zus\u00e4tzliches Band verst\u00e4rkt. Eine Scheibe aus lasergraviertem, transparentem PMMA in der Mitte der Leuchte b\u00fcndelt und streut das Licht der am Rand des Alugestells montierten Multichip-LEDs. Das Aluminiumgestell des Schirms dient dabei zugleich als K\u00fchlk\u00f6rper. Eine weitere Scheibe aus opalfarbigem PMMA d\u00e4mpft das Licht.  Inklusive drei Aufh\u00e4ngungskabeln aus Edelstahl und Elektrokabel mit einer f\u00fcr Au\u00dfenbereiche geeigneten schwarzen Neopren-Ummantelung. Deckenhalterung mit B\u00fcgel aus verzinktem Metall und Verkleidung aus Metall mit Polyester-Pulverlack-Beschichtung f\u00fcr eine optimale Best\u00e4ndigkeit gegen UV-Strahlen, Witterungseinfl\u00fcsse und Chemikalien.","og_url":"https:\/\/www.foscarini.com\/de\/produkt\/twiggy-grid-outdoor-std-os-de\/","og_site_name":"Foscarini","article_modified_time":"2025-06-11T16:05:05+00:00","og_image":[{"width":786,"height":865,"url":"https:\/\/www.foscarini.com\/wp-content\/uploads\/2025\/06\/twiggy-grid_os_carmine_22_786x865-1.jpg","type":"image\/jpeg"}],"twitter_card":"summary_large_image","twitter_misc":{"Gesch\u00e4tzte Lesezeit":"1\u00a0Minute"},"schema":{"@context":"https:\/\/schema.org","@graph":[{"@type":"WebPage","@id":"https:\/\/www.foscarini.com\/de\/produkt\/twiggy-grid-outdoor-std-os-de\/","url":"https:\/\/www.foscarini.com\/de\/produkt\/twiggy-grid-outdoor-std-os-de\/","name":"Twiggy Grid Outdoor Sospensione - Foscarini","isPartOf":{"@id":"https:\/\/www.foscarini.com\/#website"},"primaryImageOfPage":{"@id":"https:\/\/www.foscarini.com\/de\/produkt\/twiggy-grid-outdoor-std-os-de\/#primaryimage"},"image":{"@id":"https:\/\/www.foscarini.com\/de\/produkt\/twiggy-grid-outdoor-std-os-de\/#primaryimage"},"thumbnailUrl":"https:\/\/www.foscarini.com\/wp-content\/uploads\/2025\/06\/twiggy-grid_os_carmine_22_786x865-1.jpg","datePublished":"2024-03-28T18:22:59+00:00","dateModified":"2025-06-11T16:05:05+00:00","breadcrumb":{"@id":"https:\/\/www.foscarini.com\/de\/produkt\/twiggy-grid-outdoor-std-os-de\/#breadcrumb"},"inLanguage":"de","potentialAction":[{"@type":"ReadAction","target":["https:\/\/www.foscarini.com\/de\/produkt\/twiggy-grid-outdoor-std-os-de\/"]}]},{"@type":"ImageObject","inLanguage":"de","@id":"https:\/\/www.foscarini.com\/de\/produkt\/twiggy-grid-outdoor-std-os-de\/#primaryimage","url":"https:\/\/www.foscarini.com\/wp-content\/uploads\/2025\/06\/twiggy-grid_os_carmine_22_786x865-1.jpg","contentUrl":"https:\/\/www.foscarini.com\/wp-content\/uploads\/2025\/06\/twiggy-grid_os_carmine_22_786x865-1.jpg","width":786,"height":865},{"@type":"BreadcrumbList","@id":"https:\/\/www.foscarini.com\/de\/produkt\/twiggy-grid-outdoor-std-os-de\/#breadcrumb","itemListElement":[{"@type":"ListItem","position":1,"name":"Home","item":"https:\/\/www.foscarini.com\/de\/"},{"@type":"ListItem","position":2,"name":"Shop","item":"https:\/\/www.foscarini.com\/de\/shop\/"},{"@type":"ListItem","position":3,"name":"Twiggy Grid Outdoor Sospensione"}]},{"@type":"WebSite","@id":"https:\/\/www.foscarini.com\/#website","url":"https:\/\/www.foscarini.com\/","name":"Foscarini","description":"","potentialAction":[{"@type":"SearchAction","target":{"@type":"EntryPoint","urlTemplate":"https:\/\/www.foscarini.com\/?s={search_term_string}"},"query-input":{"@type":"PropertyValueSpecification","valueRequired":true,"valueName":"search_term_string"}}],"inLanguage":"de"}]}},"_links":{"self":[{"href":"https:\/\/www.foscarini.com\/de\/wp-json\/wp\/v2\/product\/192823"}],"collection":[{"href":"https:\/\/www.foscarini.com\/de\/wp-json\/wp\/v2\/product"}],"about":[{"href":"https:\/\/www.foscarini.com\/de\/wp-json\/wp\/v2\/types\/product"}],"replies":[{"embeddable":true,"href":"https:\/\/www.foscarini.com\/de\/wp-json\/wp\/v2\/comments?post=192823"}],"wp:featuredmedia":[{"embeddable":true,"href":"https:\/\/www.foscarini.com\/de\/wp-json\/wp\/v2\/media\/449777"}],"wp:attachment":[{"href":"https:\/\/www.foscarini.com\/de\/wp-json\/wp\/v2\/media?parent=192823"}],"wp:term":[{"taxonomy":"product_cat","embeddable":true,"href":"https:\/\/www.foscarini.com\/de\/wp-json\/wp\/v2\/product_cat?post=192823"},{"taxonomy":"product_tag","embeddable":true,"href":"https:\/\/www.foscarini.com\/de\/wp-json\/wp\/v2\/product_tag?post=192823"},{"taxonomy":"materiale","embeddable":true,"href":"https:\/\/www.foscarini.com\/de\/wp-json\/wp\/v2\/materiale?post=192823"},{"taxonomy":"altezza","embeddable":true,"href":"https:\/\/www.foscarini.com\/de\/wp-json\/wp\/v2\/altezza?post=192823"},{"taxonomy":"larghezza","embeddable":true,"href":"https:\/\/www.foscarini.com\/de\/wp-json\/wp\/v2\/larghezza?post=192823"},{"taxonomy":"profondita","embeddable":true,"href":"https:\/\/www.foscarini.com\/de\/wp-json\/wp\/v2\/profondita?post=192823"},{"taxonomy":"peso","embeddable":true,"href":"https:\/\/www.foscarini.com\/de\/wp-json\/wp\/v2\/peso?post=192823"},{"taxonomy":"designer-prodotto","embeddable":true,"href":"https:\/\/www.foscarini.com\/de\/wp-json\/wp\/v2\/designer-prodotto?post=192823"}],"curies":[{"name":"wp","href":"https:\/\/api.w.org\/{rel}","templated":true}]}}