{"id":192762,"date":"2024-03-28T18:20:04","date_gmt":"2024-03-28T18:20:04","guid":{"rendered":"https:\/\/www.foscarini.com\/product\/tress-grande-tress-s\/"},"modified":"2025-06-11T15:37:16","modified_gmt":"2025-06-11T15:37:16","slug":"tress-grande-tress-s-de","status":"publish","type":"product","link":"https:\/\/www.foscarini.com\/de\/produkt\/tress-grande-tress-s-de\/","title":{"rendered":"Tress Grande"},"content":{"rendered":"<p>Magico intreccio di pieni e vuoti, la lampada a sospensione Tress Grande \u00e8 ottenuta con un processo artigianale avvolgendo un nastro in materiale composito. Anche grazie alla scelta fra diversi colori e forme Tress interpreta molteplici personalit\u00e0.<\/p><section class=\"pdp__slider full-height-vh\">\n    <div class=\"swiper-container swiper__pdp\">\n        <div class=\"swiper-wrapper full-height\">\n                                <div class=\"swiper-slide\">\n                                                    <img decoding=\"async\" class=\"full-cover\" src=\"https:\/\/www.foscarini.com\/wp-content\/uploads\/2024\/03\/3.1_Tress-grande-150x150.jpg\" srcset=\"https:\/\/www.foscarini.com\/wp-content\/uploads\/2024\/03\/3.1_Tress-grande-300x250.jpg 300w, https:\/\/www.foscarini.com\/wp-content\/uploads\/2024\/03\/3.1_Tress-grande-1024x854.jpg 1024w, https:\/\/www.foscarini.com\/wp-content\/uploads\/2024\/03\/3.1_Tress-grande-768x641.jpg 768w, https:\/\/www.foscarini.com\/wp-content\/uploads\/2024\/03\/3.1_Tress-grande-1536x1282.jpg 1536w, https:\/\/www.foscarini.com\/wp-content\/uploads\/2024\/03\/3.1_Tress-grande-800x668.jpg 800w, https:\/\/www.foscarini.com\/wp-content\/uploads\/2024\/03\/3.1_Tress-grande.jpg 1776w\" alt=\"\" \/>\n                                                                        <\/div>\n                                        <div class=\"swiper-slide\">\n                                                    <img decoding=\"async\" class=\"full-cover\" src=\"https:\/\/www.foscarini.com\/wp-content\/uploads\/2024\/03\/3.2_Tress-grande-150x150.jpg\" srcset=\"https:\/\/www.foscarini.com\/wp-content\/uploads\/2024\/03\/3.2_Tress-grande-194x300.jpg 194w, https:\/\/www.foscarini.com\/wp-content\/uploads\/2024\/03\/3.2_Tress-grande-663x1024.jpg 663w, https:\/\/www.foscarini.com\/wp-content\/uploads\/2024\/03\/3.2_Tress-grande-768x1186.jpg 768w, https:\/\/www.foscarini.com\/wp-content\/uploads\/2024\/03\/3.2_Tress-grande-800x1235.jpg 800w, https:\/\/www.foscarini.com\/wp-content\/uploads\/2024\/03\/3.2_Tress-grande.jpg 960w\" alt=\"\" \/>\n                                                                        <\/div>\n                                        <div class=\"swiper-slide\">\n                                                    <img decoding=\"async\" class=\"full-cover\" src=\"https:\/\/www.foscarini.com\/wp-content\/uploads\/2024\/03\/3.3_Tress-grande-150x150.jpg\" srcset=\"https:\/\/www.foscarini.com\/wp-content\/uploads\/2024\/03\/3.3_Tress-grande-300x250.jpg 300w, https:\/\/www.foscarini.com\/wp-content\/uploads\/2024\/03\/3.3_Tress-grande-1024x854.jpg 1024w, https:\/\/www.foscarini.com\/wp-content\/uploads\/2024\/03\/3.3_Tress-grande-768x641.jpg 768w, https:\/\/www.foscarini.com\/wp-content\/uploads\/2024\/03\/3.3_Tress-grande-1536x1282.jpg 1536w, https:\/\/www.foscarini.com\/wp-content\/uploads\/2024\/03\/3.3_Tress-grande-800x668.jpg 800w, https:\/\/www.foscarini.com\/wp-content\/uploads\/2024\/03\/3.3_Tress-grande.jpg 1776w\" alt=\"\" \/>\n                                                                        <\/div>\n                            <\/div>\n    <\/div>\n    <div class=\"swiper-scrollbar\"><\/div>\n    <div class=\"ct-arrow\">\n        <div class=\"swiper-button-prev\"><\/div>\n        <div class=\"swiper-button-next\"><\/div>\n    <\/div>\n<\/section>","protected":false},"excerpt":{"rendered":"<p>H\u00e4ngeleuchte mit diffusem und direktem Licht. Der Diffusor aus Glasfaser-Verbundmaterial wird durch Modellieren des Bandes auf einer Form mit automaTischer Steuerung der Abst\u00e4nde\/des Designs hergestellt und mit Fl\u00fcssiglack lackiert. In der gro\u00dfen Ausf\u00fchrung, innerer Diffusor aus mundgeblasenem ge\u00e4tztem Glas, oberer Schirm aus saturiertem Opalglas und Struktur aus verchromtem Metall, in den anderen Ausf\u00fchrungen, Gestell aus verchromtem Metall. Die gro\u00dfe Ausf\u00fchrung ist mit drei Edelstahl-Aufh\u00e4ngungskabeln, die anderen Ausf\u00fchrungen mit jeweils einem Aufh\u00e4ngungskabel ausgestattet, durchsichtiges Elektrokabel. Deckenrosette mit B\u00fcgel aus verzinktem Metall und Verkleidung aus durchgef\u00e4rbtem verchromtem gl\u00e4nzendem ABS-Kunststoff. Baldachin-Dezentralisierungssatz + mehrfaches Baldachin erh\u00e4ltich (bis zu 6 oder 9 Leuchten).<\/p>\n","protected":false},"featured_media":470352,"comment_status":"open","ping_status":"closed","template":"","meta":{"_acf_changed":true},"product_cat":[650,715,746,660,5631],"product_tag":[],"materiale":[7948],"altezza":[8464],"larghezza":[8778],"profondita":[8770],"peso":[7334],"designer-prodotto":[7384],"class_list":{"0":"post-192762","1":"product","2":"type-product","3":"status-publish","4":"has-post-thumbnail","6":"product_cat-concetto-de","7":"product_cat-funzione-de","8":"product_cat-sospensione-de","9":"product_cat-tress-concetto-de","10":"product_cat-tress-famiglia-de","11":"materiale-fibra-di-carbonio-e-compositi-de","12":"altezza-16-de","13":"larghezza-19-de","14":"profondita-19-de","15":"peso-0-de","16":"designer-prodotto-marc-sadler-de","18":"first","19":"instock","20":"shipping-taxable","21":"purchasable","22":"product-type-variable"},"acf":{"preview_slider":{"titolo":"","testo":"","video_domanda":false,"link_video":""},"prodotto__immagine_preview":{"immagine":124098},"prodotto__slider":{"sottotitolo":"Marc Sadler (2009)","titolo":"Die H\u00e4ngeleuchte Tress Grande ist ein magisches Geflecht aus offenen und geschlossenen Fl\u00e4chen und besteht aus einem Band aus Verbundmaterial, das von Hand aufgewickelt wird.  Durch unterschiedliche Farben und Formen hat Tress immer wieder einen anderen Charakter.","immagini":[{"immagine":309774,"immagine_mobile":null},{"immagine":309788,"immagine_mobile":null},{"immagine":309781,"immagine_mobile":null}]},"prodotto__slider_preview":null,"prodotto__specifiche":{"selezione":[{"scheda_tecnica":464145},{"scheda_tecnica":464146},{"scheda_tecnica":464147}]}},"yoast_head":"<!-- This site is optimized with the Yoast SEO Premium plugin v22.4 (Yoast SEO v23.7) - https:\/\/yoast.com\/wordpress\/plugins\/seo\/ -->\n<title>Tress Grande - Foscarini<\/title>\n<meta name=\"robots\" content=\"index, follow, max-snippet:-1, max-image-preview:large, max-video-preview:-1\" \/>\n<meta property=\"og:locale\" content=\"de_DE\" \/>\n<meta property=\"og:type\" content=\"article\" \/>\n<meta property=\"og:title\" content=\"Tress Grande\" \/>\n<meta property=\"og:description\" content=\"H\u00e4ngeleuchte mit diffusem und direktem Licht. Der Diffusor aus Glasfaser-Verbundmaterial wird durch Modellieren des Bandes auf einer Form mit automaTischer Steuerung der Abst\u00e4nde\/des Designs hergestellt und mit Fl\u00fcssiglack lackiert. In der gro\u00dfen Ausf\u00fchrung, innerer Diffusor aus mundgeblasenem ge\u00e4tztem Glas, oberer Schirm aus saturiertem Opalglas und Struktur aus verchromtem Metall, in den anderen Ausf\u00fchrungen, Gestell aus verchromtem Metall. Die gro\u00dfe Ausf\u00fchrung ist mit drei Edelstahl-Aufh\u00e4ngungskabeln, die anderen Ausf\u00fchrungen mit jeweils einem Aufh\u00e4ngungskabel ausgestattet, durchsichtiges Elektrokabel. Deckenrosette mit B\u00fcgel aus verzinktem Metall und Verkleidung aus durchgef\u00e4rbtem verchromtem gl\u00e4nzendem ABS-Kunststoff. Baldachin-Dezentralisierungssatz + mehrfaches Baldachin erh\u00e4ltich (bis zu 6 oder 9 Leuchten).\" \/>\n<meta property=\"og:url\" content=\"https:\/\/www.foscarini.com\/de\/produkt\/tress-grande-tress-s-de\/\" \/>\n<meta property=\"og:site_name\" content=\"Foscarini\" \/>\n<meta property=\"article:modified_time\" content=\"2025-06-11T15:37:16+00:00\" \/>\n<meta property=\"og:image\" content=\"https:\/\/www.foscarini.com\/wp-content\/uploads\/2025\/06\/tress-grande_s_greige_22_786x865-3.jpg\" \/>\n\t<meta property=\"og:image:width\" content=\"786\" \/>\n\t<meta property=\"og:image:height\" content=\"865\" \/>\n\t<meta property=\"og:image:type\" content=\"image\/jpeg\" \/>\n<meta name=\"twitter:card\" content=\"summary_large_image\" \/>\n<meta name=\"twitter:label1\" content=\"Gesch\u00e4tzte Lesezeit\" \/>\n\t<meta name=\"twitter:data1\" content=\"1\u00a0Minute\" \/>\n<script type=\"application\/ld+json\" class=\"yoast-schema-graph\">{\"@context\":\"https:\/\/schema.org\",\"@graph\":[{\"@type\":\"WebPage\",\"@id\":\"https:\/\/www.foscarini.com\/de\/produkt\/tress-grande-tress-s-de\/\",\"url\":\"https:\/\/www.foscarini.com\/de\/produkt\/tress-grande-tress-s-de\/\",\"name\":\"Tress Grande - Foscarini\",\"isPartOf\":{\"@id\":\"https:\/\/www.foscarini.com\/#website\"},\"primaryImageOfPage\":{\"@id\":\"https:\/\/www.foscarini.com\/de\/produkt\/tress-grande-tress-s-de\/#primaryimage\"},\"image\":{\"@id\":\"https:\/\/www.foscarini.com\/de\/produkt\/tress-grande-tress-s-de\/#primaryimage\"},\"thumbnailUrl\":\"https:\/\/www.foscarini.com\/wp-content\/uploads\/2025\/06\/tress-grande_s_greige_22_786x865-6.jpg\",\"datePublished\":\"2024-03-28T18:20:04+00:00\",\"dateModified\":\"2025-06-11T15:37:16+00:00\",\"breadcrumb\":{\"@id\":\"https:\/\/www.foscarini.com\/de\/produkt\/tress-grande-tress-s-de\/#breadcrumb\"},\"inLanguage\":\"de\",\"potentialAction\":[{\"@type\":\"ReadAction\",\"target\":[\"https:\/\/www.foscarini.com\/de\/produkt\/tress-grande-tress-s-de\/\"]}]},{\"@type\":\"ImageObject\",\"inLanguage\":\"de\",\"@id\":\"https:\/\/www.foscarini.com\/de\/produkt\/tress-grande-tress-s-de\/#primaryimage\",\"url\":\"https:\/\/www.foscarini.com\/wp-content\/uploads\/2025\/06\/tress-grande_s_greige_22_786x865-6.jpg\",\"contentUrl\":\"https:\/\/www.foscarini.com\/wp-content\/uploads\/2025\/06\/tress-grande_s_greige_22_786x865-6.jpg\",\"width\":786,\"height\":865},{\"@type\":\"BreadcrumbList\",\"@id\":\"https:\/\/www.foscarini.com\/de\/produkt\/tress-grande-tress-s-de\/#breadcrumb\",\"itemListElement\":[{\"@type\":\"ListItem\",\"position\":1,\"name\":\"Home\",\"item\":\"https:\/\/www.foscarini.com\/de\/\"},{\"@type\":\"ListItem\",\"position\":2,\"name\":\"Shop\",\"item\":\"https:\/\/www.foscarini.com\/de\/shop\/\"},{\"@type\":\"ListItem\",\"position\":3,\"name\":\"Tress Grande\"}]},{\"@type\":\"WebSite\",\"@id\":\"https:\/\/www.foscarini.com\/#website\",\"url\":\"https:\/\/www.foscarini.com\/\",\"name\":\"Foscarini\",\"description\":\"\",\"potentialAction\":[{\"@type\":\"SearchAction\",\"target\":{\"@type\":\"EntryPoint\",\"urlTemplate\":\"https:\/\/www.foscarini.com\/?s={search_term_string}\"},\"query-input\":{\"@type\":\"PropertyValueSpecification\",\"valueRequired\":true,\"valueName\":\"search_term_string\"}}],\"inLanguage\":\"de\"}]}<\/script>\n<!-- \/ Yoast SEO Premium plugin. -->","yoast_head_json":{"title":"Tress Grande - Foscarini","robots":{"index":"index","follow":"follow","max-snippet":"max-snippet:-1","max-image-preview":"max-image-preview:large","max-video-preview":"max-video-preview:-1"},"og_locale":"de_DE","og_type":"article","og_title":"Tress Grande","og_description":"H\u00e4ngeleuchte mit diffusem und direktem Licht. Der Diffusor aus Glasfaser-Verbundmaterial wird durch Modellieren des Bandes auf einer Form mit automaTischer Steuerung der Abst\u00e4nde\/des Designs hergestellt und mit Fl\u00fcssiglack lackiert. In der gro\u00dfen Ausf\u00fchrung, innerer Diffusor aus mundgeblasenem ge\u00e4tztem Glas, oberer Schirm aus saturiertem Opalglas und Struktur aus verchromtem Metall, in den anderen Ausf\u00fchrungen, Gestell aus verchromtem Metall. Die gro\u00dfe Ausf\u00fchrung ist mit drei Edelstahl-Aufh\u00e4ngungskabeln, die anderen Ausf\u00fchrungen mit jeweils einem Aufh\u00e4ngungskabel ausgestattet, durchsichtiges Elektrokabel. Deckenrosette mit B\u00fcgel aus verzinktem Metall und Verkleidung aus durchgef\u00e4rbtem verchromtem gl\u00e4nzendem ABS-Kunststoff. Baldachin-Dezentralisierungssatz + mehrfaches Baldachin erh\u00e4ltich (bis zu 6 oder 9 Leuchten).","og_url":"https:\/\/www.foscarini.com\/de\/produkt\/tress-grande-tress-s-de\/","og_site_name":"Foscarini","article_modified_time":"2025-06-11T15:37:16+00:00","og_image":[{"width":786,"height":865,"url":"https:\/\/www.foscarini.com\/wp-content\/uploads\/2025\/06\/tress-grande_s_greige_22_786x865-3.jpg","type":"image\/jpeg"}],"twitter_card":"summary_large_image","twitter_misc":{"Gesch\u00e4tzte Lesezeit":"1\u00a0Minute"},"schema":{"@context":"https:\/\/schema.org","@graph":[{"@type":"WebPage","@id":"https:\/\/www.foscarini.com\/de\/produkt\/tress-grande-tress-s-de\/","url":"https:\/\/www.foscarini.com\/de\/produkt\/tress-grande-tress-s-de\/","name":"Tress Grande - Foscarini","isPartOf":{"@id":"https:\/\/www.foscarini.com\/#website"},"primaryImageOfPage":{"@id":"https:\/\/www.foscarini.com\/de\/produkt\/tress-grande-tress-s-de\/#primaryimage"},"image":{"@id":"https:\/\/www.foscarini.com\/de\/produkt\/tress-grande-tress-s-de\/#primaryimage"},"thumbnailUrl":"https:\/\/www.foscarini.com\/wp-content\/uploads\/2025\/06\/tress-grande_s_greige_22_786x865-6.jpg","datePublished":"2024-03-28T18:20:04+00:00","dateModified":"2025-06-11T15:37:16+00:00","breadcrumb":{"@id":"https:\/\/www.foscarini.com\/de\/produkt\/tress-grande-tress-s-de\/#breadcrumb"},"inLanguage":"de","potentialAction":[{"@type":"ReadAction","target":["https:\/\/www.foscarini.com\/de\/produkt\/tress-grande-tress-s-de\/"]}]},{"@type":"ImageObject","inLanguage":"de","@id":"https:\/\/www.foscarini.com\/de\/produkt\/tress-grande-tress-s-de\/#primaryimage","url":"https:\/\/www.foscarini.com\/wp-content\/uploads\/2025\/06\/tress-grande_s_greige_22_786x865-6.jpg","contentUrl":"https:\/\/www.foscarini.com\/wp-content\/uploads\/2025\/06\/tress-grande_s_greige_22_786x865-6.jpg","width":786,"height":865},{"@type":"BreadcrumbList","@id":"https:\/\/www.foscarini.com\/de\/produkt\/tress-grande-tress-s-de\/#breadcrumb","itemListElement":[{"@type":"ListItem","position":1,"name":"Home","item":"https:\/\/www.foscarini.com\/de\/"},{"@type":"ListItem","position":2,"name":"Shop","item":"https:\/\/www.foscarini.com\/de\/shop\/"},{"@type":"ListItem","position":3,"name":"Tress Grande"}]},{"@type":"WebSite","@id":"https:\/\/www.foscarini.com\/#website","url":"https:\/\/www.foscarini.com\/","name":"Foscarini","description":"","potentialAction":[{"@type":"SearchAction","target":{"@type":"EntryPoint","urlTemplate":"https:\/\/www.foscarini.com\/?s={search_term_string}"},"query-input":{"@type":"PropertyValueSpecification","valueRequired":true,"valueName":"search_term_string"}}],"inLanguage":"de"}]}},"_links":{"self":[{"href":"https:\/\/www.foscarini.com\/de\/wp-json\/wp\/v2\/product\/192762"}],"collection":[{"href":"https:\/\/www.foscarini.com\/de\/wp-json\/wp\/v2\/product"}],"about":[{"href":"https:\/\/www.foscarini.com\/de\/wp-json\/wp\/v2\/types\/product"}],"replies":[{"embeddable":true,"href":"https:\/\/www.foscarini.com\/de\/wp-json\/wp\/v2\/comments?post=192762"}],"wp:featuredmedia":[{"embeddable":true,"href":"https:\/\/www.foscarini.com\/de\/wp-json\/wp\/v2\/media\/470352"}],"wp:attachment":[{"href":"https:\/\/www.foscarini.com\/de\/wp-json\/wp\/v2\/media?parent=192762"}],"wp:term":[{"taxonomy":"product_cat","embeddable":true,"href":"https:\/\/www.foscarini.com\/de\/wp-json\/wp\/v2\/product_cat?post=192762"},{"taxonomy":"product_tag","embeddable":true,"href":"https:\/\/www.foscarini.com\/de\/wp-json\/wp\/v2\/product_tag?post=192762"},{"taxonomy":"materiale","embeddable":true,"href":"https:\/\/www.foscarini.com\/de\/wp-json\/wp\/v2\/materiale?post=192762"},{"taxonomy":"altezza","embeddable":true,"href":"https:\/\/www.foscarini.com\/de\/wp-json\/wp\/v2\/altezza?post=192762"},{"taxonomy":"larghezza","embeddable":true,"href":"https:\/\/www.foscarini.com\/de\/wp-json\/wp\/v2\/larghezza?post=192762"},{"taxonomy":"profondita","embeddable":true,"href":"https:\/\/www.foscarini.com\/de\/wp-json\/wp\/v2\/profondita?post=192762"},{"taxonomy":"peso","embeddable":true,"href":"https:\/\/www.foscarini.com\/de\/wp-json\/wp\/v2\/peso?post=192762"},{"taxonomy":"designer-prodotto","embeddable":true,"href":"https:\/\/www.foscarini.com\/de\/wp-json\/wp\/v2\/designer-prodotto?post=192762"}],"curies":[{"name":"wp","href":"https:\/\/api.w.org\/{rel}","templated":true}]}}