{"id":192507,"date":"2024-03-28T18:14:27","date_gmt":"2024-03-28T18:14:27","guid":{"rendered":"https:\/\/www.foscarini.com\/product\/rituals-xl-semi-rituals-w\/"},"modified":"2025-06-11T15:06:17","modified_gmt":"2025-06-11T15:06:17","slug":"rituals-xl-semi-rituals-w-de","status":"publish","type":"product","link":"https:\/\/www.foscarini.com\/de\/produkt\/rituals-xl-semi-rituals-w-de\/","title":{"rendered":"Rituals XL Semi"},"content":{"rendered":"<p>La lampada a parete Rituals XL si distingue per le dimensioni generose del diffusore in vetro soffiato a bocca arricchito da sottili incisioni, che ricordano il gesto della molatura, frutto di un sapiente lavoro artigiano. Un decoro morbido e affascinante, che diffonde una luce calda e soffice nell\u2019ambiente.<\/p><section class=\"pdp__slider full-height-vh\">\n    <div class=\"swiper-container swiper__pdp\">\n        <div class=\"swiper-wrapper full-height\">\n                                <div class=\"swiper-slide\">\n                                                    <img decoding=\"async\" class=\"full-cover\" src=\"https:\/\/www.foscarini.com\/wp-content\/uploads\/2024\/03\/3.1_RitualsXL-2-150x150.jpg\" srcset=\"https:\/\/www.foscarini.com\/wp-content\/uploads\/2024\/03\/3.1_RitualsXL-2-194x300.jpg 194w, https:\/\/www.foscarini.com\/wp-content\/uploads\/2024\/03\/3.1_RitualsXL-2-663x1024.jpg 663w, https:\/\/www.foscarini.com\/wp-content\/uploads\/2024\/03\/3.1_RitualsXL-2-768x1186.jpg 768w, https:\/\/www.foscarini.com\/wp-content\/uploads\/2024\/03\/3.1_RitualsXL-2-800x1235.jpg 800w, https:\/\/www.foscarini.com\/wp-content\/uploads\/2024\/03\/3.1_RitualsXL-2.jpg 960w\" alt=\"\" \/>\n                                                                        <\/div>\n                                        <div class=\"swiper-slide\">\n                                                    <img decoding=\"async\" class=\"full-cover\" src=\"https:\/\/www.foscarini.com\/wp-content\/uploads\/2024\/03\/3.2_RitualsXL-2-150x150.jpg\" srcset=\"https:\/\/www.foscarini.com\/wp-content\/uploads\/2024\/03\/3.2_RitualsXL-2-194x300.jpg 194w, https:\/\/www.foscarini.com\/wp-content\/uploads\/2024\/03\/3.2_RitualsXL-2-663x1024.jpg 663w, https:\/\/www.foscarini.com\/wp-content\/uploads\/2024\/03\/3.2_RitualsXL-2-768x1186.jpg 768w, https:\/\/www.foscarini.com\/wp-content\/uploads\/2024\/03\/3.2_RitualsXL-2-800x1235.jpg 800w, https:\/\/www.foscarini.com\/wp-content\/uploads\/2024\/03\/3.2_RitualsXL-2.jpg 960w\" alt=\"\" \/>\n                                                                        <\/div>\n                            <\/div>\n    <\/div>\n    <div class=\"swiper-scrollbar\"><\/div>\n    <div class=\"ct-arrow\">\n        <div class=\"swiper-button-prev\"><\/div>\n        <div class=\"swiper-button-next\"><\/div>\n    <\/div>\n<\/section>","protected":false},"excerpt":{"rendered":"<p>Wandleuchte mit diffusem Licht. Diffusor aus geblasenem Glas mit Rillenoptik, die mit einer speziellen Gussform mit Negativ-Dekorationen erzielt wird, welche sich auf der Oberfl\u00e4che wiederholen. Danach wird das Glas von Hand gefeilt und in ein S\u00e4urebad getaucht, wodurch es einen gipsartigen Effekt erh\u00e4lt. Wandfassung aus mit Epoxidpulver lackiertem Metall und ABS-Kunststoff.<\/p>\n","protected":false},"featured_media":469700,"comment_status":"open","ping_status":"closed","template":"","meta":{"_acf_changed":true},"product_cat":[650,715,839,5568,713],"product_tag":[],"materiale":[8163],"altezza":[11946],"larghezza":[8267],"profondita":[8377],"peso":[9477],"designer-prodotto":[7895],"class_list":{"0":"post-192507","1":"product","2":"type-product","3":"status-publish","4":"has-post-thumbnail","6":"product_cat-concetto-de","7":"product_cat-funzione-de","8":"product_cat-rituals-concetto-de","9":"product_cat-rituals-famiglia-de","10":"product_cat-parete-de","11":"materiale-vetro-e-vetro-soffiato-de","12":"altezza-7-78-de","13":"larghezza-16-de","14":"profondita-15-34-de","15":"peso-32-de","16":"designer-prodotto-ludovica-e-roberto-palomba-de","18":"first","19":"instock","20":"shipping-taxable","21":"purchasable","22":"product-type-variable"},"acf":{"preview_slider":{"titolo":"","testo":"","video_domanda":false,"link_video":""},"prodotto__immagine_preview":{"immagine":123335},"prodotto__slider":{"sottotitolo":"Ludovica+Roberto Palomba (2019)","titolo":"Die Wandleuchte Rituals XL zeichnet sich durch die gro\u00dfz\u00fcgigen Abmessungen des Diffusors aus mundgeblasenem Glas mit zarten Rillen aus, die an das Schleifen von Glas erinnern, ein Ergebnis erfahrener Handwerkskunst. Ein weiches und faszinierendes Dekor, das ein warmes und sanftes Licht im Raum erzeugt.","immagini":[{"immagine":424433,"immagine_mobile":null},{"immagine":424440,"immagine_mobile":null},{"immagine":424447,"immagine_mobile":null}]},"prodotto__slider_preview":null,"prodotto__specifiche":{"selezione":[{"scheda_tecnica":463680}]}},"yoast_head":"<!-- This site is optimized with the Yoast SEO Premium plugin v22.4 (Yoast SEO v23.7) - https:\/\/yoast.com\/wordpress\/plugins\/seo\/ -->\n<title>Rituals XL Semi - Foscarini<\/title>\n<meta name=\"robots\" content=\"index, follow, max-snippet:-1, max-image-preview:large, max-video-preview:-1\" \/>\n<meta property=\"og:locale\" content=\"de_DE\" \/>\n<meta property=\"og:type\" content=\"article\" \/>\n<meta property=\"og:title\" content=\"Rituals XL Semi\" \/>\n<meta property=\"og:description\" content=\"Wandleuchte mit diffusem Licht. Diffusor aus geblasenem Glas mit Rillenoptik, die mit einer speziellen Gussform mit Negativ-Dekorationen erzielt wird, welche sich auf der Oberfl\u00e4che wiederholen. Danach wird das Glas von Hand gefeilt und in ein S\u00e4urebad getaucht, wodurch es einen gipsartigen Effekt erh\u00e4lt. Wandfassung aus mit Epoxidpulver lackiertem Metall und ABS-Kunststoff.\" \/>\n<meta property=\"og:url\" content=\"https:\/\/www.foscarini.com\/de\/produkt\/rituals-xl-semi-rituals-w-de\/\" \/>\n<meta property=\"og:site_name\" content=\"Foscarini\" \/>\n<meta property=\"article:modified_time\" content=\"2025-06-11T15:06:17+00:00\" \/>\n<meta property=\"og:image\" content=\"https:\/\/www.foscarini.com\/wp-content\/uploads\/2025\/06\/rituals-xl-semi_w_white-gold_22_786x865-1.jpg\" \/>\n\t<meta property=\"og:image:width\" content=\"786\" \/>\n\t<meta property=\"og:image:height\" content=\"865\" \/>\n\t<meta property=\"og:image:type\" content=\"image\/jpeg\" \/>\n<meta name=\"twitter:card\" content=\"summary_large_image\" \/>\n<meta name=\"twitter:label1\" content=\"Gesch\u00e4tzte Lesezeit\" \/>\n\t<meta name=\"twitter:data1\" content=\"1\u00a0Minute\" \/>\n<script type=\"application\/ld+json\" class=\"yoast-schema-graph\">{\"@context\":\"https:\/\/schema.org\",\"@graph\":[{\"@type\":\"WebPage\",\"@id\":\"https:\/\/www.foscarini.com\/de\/produkt\/rituals-xl-semi-rituals-w-de\/\",\"url\":\"https:\/\/www.foscarini.com\/de\/produkt\/rituals-xl-semi-rituals-w-de\/\",\"name\":\"Rituals XL Semi - Foscarini\",\"isPartOf\":{\"@id\":\"https:\/\/www.foscarini.com\/#website\"},\"primaryImageOfPage\":{\"@id\":\"https:\/\/www.foscarini.com\/de\/produkt\/rituals-xl-semi-rituals-w-de\/#primaryimage\"},\"image\":{\"@id\":\"https:\/\/www.foscarini.com\/de\/produkt\/rituals-xl-semi-rituals-w-de\/#primaryimage\"},\"thumbnailUrl\":\"https:\/\/www.foscarini.com\/wp-content\/uploads\/2025\/06\/rituals-xl-semi_w_white-gold_22_786x865-3.jpg\",\"datePublished\":\"2024-03-28T18:14:27+00:00\",\"dateModified\":\"2025-06-11T15:06:17+00:00\",\"breadcrumb\":{\"@id\":\"https:\/\/www.foscarini.com\/de\/produkt\/rituals-xl-semi-rituals-w-de\/#breadcrumb\"},\"inLanguage\":\"de\",\"potentialAction\":[{\"@type\":\"ReadAction\",\"target\":[\"https:\/\/www.foscarini.com\/de\/produkt\/rituals-xl-semi-rituals-w-de\/\"]}]},{\"@type\":\"ImageObject\",\"inLanguage\":\"de\",\"@id\":\"https:\/\/www.foscarini.com\/de\/produkt\/rituals-xl-semi-rituals-w-de\/#primaryimage\",\"url\":\"https:\/\/www.foscarini.com\/wp-content\/uploads\/2025\/06\/rituals-xl-semi_w_white-gold_22_786x865-3.jpg\",\"contentUrl\":\"https:\/\/www.foscarini.com\/wp-content\/uploads\/2025\/06\/rituals-xl-semi_w_white-gold_22_786x865-3.jpg\",\"width\":786,\"height\":865},{\"@type\":\"BreadcrumbList\",\"@id\":\"https:\/\/www.foscarini.com\/de\/produkt\/rituals-xl-semi-rituals-w-de\/#breadcrumb\",\"itemListElement\":[{\"@type\":\"ListItem\",\"position\":1,\"name\":\"Home\",\"item\":\"https:\/\/www.foscarini.com\/de\/\"},{\"@type\":\"ListItem\",\"position\":2,\"name\":\"Shop\",\"item\":\"https:\/\/www.foscarini.com\/de\/shop\/\"},{\"@type\":\"ListItem\",\"position\":3,\"name\":\"Rituals XL Semi\"}]},{\"@type\":\"WebSite\",\"@id\":\"https:\/\/www.foscarini.com\/#website\",\"url\":\"https:\/\/www.foscarini.com\/\",\"name\":\"Foscarini\",\"description\":\"\",\"potentialAction\":[{\"@type\":\"SearchAction\",\"target\":{\"@type\":\"EntryPoint\",\"urlTemplate\":\"https:\/\/www.foscarini.com\/?s={search_term_string}\"},\"query-input\":{\"@type\":\"PropertyValueSpecification\",\"valueRequired\":true,\"valueName\":\"search_term_string\"}}],\"inLanguage\":\"de\"}]}<\/script>\n<!-- \/ Yoast SEO Premium plugin. -->","yoast_head_json":{"title":"Rituals XL Semi - Foscarini","robots":{"index":"index","follow":"follow","max-snippet":"max-snippet:-1","max-image-preview":"max-image-preview:large","max-video-preview":"max-video-preview:-1"},"og_locale":"de_DE","og_type":"article","og_title":"Rituals XL Semi","og_description":"Wandleuchte mit diffusem Licht. Diffusor aus geblasenem Glas mit Rillenoptik, die mit einer speziellen Gussform mit Negativ-Dekorationen erzielt wird, welche sich auf der Oberfl\u00e4che wiederholen. Danach wird das Glas von Hand gefeilt und in ein S\u00e4urebad getaucht, wodurch es einen gipsartigen Effekt erh\u00e4lt. Wandfassung aus mit Epoxidpulver lackiertem Metall und ABS-Kunststoff.","og_url":"https:\/\/www.foscarini.com\/de\/produkt\/rituals-xl-semi-rituals-w-de\/","og_site_name":"Foscarini","article_modified_time":"2025-06-11T15:06:17+00:00","og_image":[{"width":786,"height":865,"url":"https:\/\/www.foscarini.com\/wp-content\/uploads\/2025\/06\/rituals-xl-semi_w_white-gold_22_786x865-1.jpg","type":"image\/jpeg"}],"twitter_card":"summary_large_image","twitter_misc":{"Gesch\u00e4tzte Lesezeit":"1\u00a0Minute"},"schema":{"@context":"https:\/\/schema.org","@graph":[{"@type":"WebPage","@id":"https:\/\/www.foscarini.com\/de\/produkt\/rituals-xl-semi-rituals-w-de\/","url":"https:\/\/www.foscarini.com\/de\/produkt\/rituals-xl-semi-rituals-w-de\/","name":"Rituals XL Semi - Foscarini","isPartOf":{"@id":"https:\/\/www.foscarini.com\/#website"},"primaryImageOfPage":{"@id":"https:\/\/www.foscarini.com\/de\/produkt\/rituals-xl-semi-rituals-w-de\/#primaryimage"},"image":{"@id":"https:\/\/www.foscarini.com\/de\/produkt\/rituals-xl-semi-rituals-w-de\/#primaryimage"},"thumbnailUrl":"https:\/\/www.foscarini.com\/wp-content\/uploads\/2025\/06\/rituals-xl-semi_w_white-gold_22_786x865-3.jpg","datePublished":"2024-03-28T18:14:27+00:00","dateModified":"2025-06-11T15:06:17+00:00","breadcrumb":{"@id":"https:\/\/www.foscarini.com\/de\/produkt\/rituals-xl-semi-rituals-w-de\/#breadcrumb"},"inLanguage":"de","potentialAction":[{"@type":"ReadAction","target":["https:\/\/www.foscarini.com\/de\/produkt\/rituals-xl-semi-rituals-w-de\/"]}]},{"@type":"ImageObject","inLanguage":"de","@id":"https:\/\/www.foscarini.com\/de\/produkt\/rituals-xl-semi-rituals-w-de\/#primaryimage","url":"https:\/\/www.foscarini.com\/wp-content\/uploads\/2025\/06\/rituals-xl-semi_w_white-gold_22_786x865-3.jpg","contentUrl":"https:\/\/www.foscarini.com\/wp-content\/uploads\/2025\/06\/rituals-xl-semi_w_white-gold_22_786x865-3.jpg","width":786,"height":865},{"@type":"BreadcrumbList","@id":"https:\/\/www.foscarini.com\/de\/produkt\/rituals-xl-semi-rituals-w-de\/#breadcrumb","itemListElement":[{"@type":"ListItem","position":1,"name":"Home","item":"https:\/\/www.foscarini.com\/de\/"},{"@type":"ListItem","position":2,"name":"Shop","item":"https:\/\/www.foscarini.com\/de\/shop\/"},{"@type":"ListItem","position":3,"name":"Rituals XL Semi"}]},{"@type":"WebSite","@id":"https:\/\/www.foscarini.com\/#website","url":"https:\/\/www.foscarini.com\/","name":"Foscarini","description":"","potentialAction":[{"@type":"SearchAction","target":{"@type":"EntryPoint","urlTemplate":"https:\/\/www.foscarini.com\/?s={search_term_string}"},"query-input":{"@type":"PropertyValueSpecification","valueRequired":true,"valueName":"search_term_string"}}],"inLanguage":"de"}]}},"_links":{"self":[{"href":"https:\/\/www.foscarini.com\/de\/wp-json\/wp\/v2\/product\/192507"}],"collection":[{"href":"https:\/\/www.foscarini.com\/de\/wp-json\/wp\/v2\/product"}],"about":[{"href":"https:\/\/www.foscarini.com\/de\/wp-json\/wp\/v2\/types\/product"}],"replies":[{"embeddable":true,"href":"https:\/\/www.foscarini.com\/de\/wp-json\/wp\/v2\/comments?post=192507"}],"wp:featuredmedia":[{"embeddable":true,"href":"https:\/\/www.foscarini.com\/de\/wp-json\/wp\/v2\/media\/469700"}],"wp:attachment":[{"href":"https:\/\/www.foscarini.com\/de\/wp-json\/wp\/v2\/media?parent=192507"}],"wp:term":[{"taxonomy":"product_cat","embeddable":true,"href":"https:\/\/www.foscarini.com\/de\/wp-json\/wp\/v2\/product_cat?post=192507"},{"taxonomy":"product_tag","embeddable":true,"href":"https:\/\/www.foscarini.com\/de\/wp-json\/wp\/v2\/product_tag?post=192507"},{"taxonomy":"materiale","embeddable":true,"href":"https:\/\/www.foscarini.com\/de\/wp-json\/wp\/v2\/materiale?post=192507"},{"taxonomy":"altezza","embeddable":true,"href":"https:\/\/www.foscarini.com\/de\/wp-json\/wp\/v2\/altezza?post=192507"},{"taxonomy":"larghezza","embeddable":true,"href":"https:\/\/www.foscarini.com\/de\/wp-json\/wp\/v2\/larghezza?post=192507"},{"taxonomy":"profondita","embeddable":true,"href":"https:\/\/www.foscarini.com\/de\/wp-json\/wp\/v2\/profondita?post=192507"},{"taxonomy":"peso","embeddable":true,"href":"https:\/\/www.foscarini.com\/de\/wp-json\/wp\/v2\/peso?post=192507"},{"taxonomy":"designer-prodotto","embeddable":true,"href":"https:\/\/www.foscarini.com\/de\/wp-json\/wp\/v2\/designer-prodotto?post=192507"}],"curies":[{"name":"wp","href":"https:\/\/api.w.org\/{rel}","templated":true}]}}