{"id":192268,"date":"2024-03-28T17:50:33","date_gmt":"2024-03-28T17:50:33","guid":{"rendered":"https:\/\/www.foscarini.com\/product\/buds-1-buds-t\/"},"modified":"2025-06-11T11:20:47","modified_gmt":"2025-06-11T11:20:47","slug":"buds-1-buds-t-de","status":"publish","type":"product","link":"https:\/\/www.foscarini.com\/de\/produkt\/buds-1-buds-t-de\/","title":{"rendered":"Buds 1"},"content":{"rendered":"<p>Raffinata ricchezza e materiali preziosi. Protagonista della lampada da tavolo Buds 1 \u00e8 il diffusore in vetro soffiato dalla forma allungata, con lavorazione artigianale a cinque strati, accostato ad una base trasparente che sottolinea l\u2019eleganza del suo design.<\/p><section class=\"pdp__slider full-height-vh\">\n    <div class=\"swiper-container swiper__pdp\">\n        <div class=\"swiper-wrapper full-height\">\n                                <div class=\"swiper-slide\">\n                                                    <img decoding=\"async\" class=\"full-cover\" src=\"https:\/\/www.foscarini.com\/wp-content\/uploads\/2024\/03\/3.4_Buds1-1-150x150.jpg\" srcset=\"https:\/\/www.foscarini.com\/wp-content\/uploads\/2024\/03\/3.4_Buds1-1-199x300.jpg 199w, https:\/\/www.foscarini.com\/wp-content\/uploads\/2024\/03\/3.4_Buds1-1-678x1024.jpg 678w, https:\/\/www.foscarini.com\/wp-content\/uploads\/2024\/03\/3.4_Buds1-1-768x1160.jpg 768w, https:\/\/www.foscarini.com\/wp-content\/uploads\/2024\/03\/3.4_Buds1-1-800x1208.jpg 800w, https:\/\/www.foscarini.com\/wp-content\/uploads\/2024\/03\/3.4_Buds1-1.jpg 980w\" alt=\"\" \/>\n                                                                        <\/div>\n                                        <div class=\"swiper-slide\">\n                                                    <img decoding=\"async\" class=\"full-cover\" src=\"https:\/\/www.foscarini.com\/wp-content\/uploads\/2024\/03\/3.5_Buds1-2-150x150.jpg\" srcset=\"https:\/\/www.foscarini.com\/wp-content\/uploads\/2024\/03\/3.5_Buds1-2-199x300.jpg 199w, https:\/\/www.foscarini.com\/wp-content\/uploads\/2024\/03\/3.5_Buds1-2-678x1024.jpg 678w, https:\/\/www.foscarini.com\/wp-content\/uploads\/2024\/03\/3.5_Buds1-2-768x1160.jpg 768w, https:\/\/www.foscarini.com\/wp-content\/uploads\/2024\/03\/3.5_Buds1-2-800x1208.jpg 800w, https:\/\/www.foscarini.com\/wp-content\/uploads\/2024\/03\/3.5_Buds1-2.jpg 980w\" alt=\"\" \/>\n                                                                        <\/div>\n                                        <div class=\"swiper-slide\">\n                                                    <img decoding=\"async\" class=\"full-cover\" src=\"https:\/\/www.foscarini.com\/wp-content\/uploads\/2024\/03\/3.6_Buds1-1-150x150.jpg\" srcset=\"https:\/\/www.foscarini.com\/wp-content\/uploads\/2024\/03\/3.6_Buds1-1-199x300.jpg 199w, https:\/\/www.foscarini.com\/wp-content\/uploads\/2024\/03\/3.6_Buds1-1-678x1024.jpg 678w, https:\/\/www.foscarini.com\/wp-content\/uploads\/2024\/03\/3.6_Buds1-1-768x1160.jpg 768w, https:\/\/www.foscarini.com\/wp-content\/uploads\/2024\/03\/3.6_Buds1-1-800x1208.jpg 800w, https:\/\/www.foscarini.com\/wp-content\/uploads\/2024\/03\/3.6_Buds1-1.jpg 980w\" alt=\"\" \/>\n                                                                        <\/div>\n                                        <div class=\"swiper-slide\">\n                                                    <img decoding=\"async\" class=\"full-cover\" src=\"https:\/\/www.foscarini.com\/wp-content\/uploads\/2024\/03\/3.9_Buds-3-150x150.jpg\" srcset=\"https:\/\/www.foscarini.com\/wp-content\/uploads\/2024\/03\/3.9_Buds-3-199x300.jpg 199w, https:\/\/www.foscarini.com\/wp-content\/uploads\/2024\/03\/3.9_Buds-3-678x1024.jpg 678w, https:\/\/www.foscarini.com\/wp-content\/uploads\/2024\/03\/3.9_Buds-3-768x1160.jpg 768w, https:\/\/www.foscarini.com\/wp-content\/uploads\/2024\/03\/3.9_Buds-3-800x1208.jpg 800w, https:\/\/www.foscarini.com\/wp-content\/uploads\/2024\/03\/3.9_Buds-3.jpg 980w\" alt=\"\" \/>\n                                                                        <\/div>\n                                        <div class=\"swiper-slide\">\n                                                    <img decoding=\"async\" class=\"full-cover\" src=\"https:\/\/www.foscarini.com\/wp-content\/uploads\/2024\/03\/3.10_Buds-3-150x150.jpg\" srcset=\"https:\/\/www.foscarini.com\/wp-content\/uploads\/2024\/03\/3.10_Buds-3-225x300.jpg 225w, https:\/\/www.foscarini.com\/wp-content\/uploads\/2024\/03\/3.10_Buds-3-768x1024.jpg 768w, https:\/\/www.foscarini.com\/wp-content\/uploads\/2024\/03\/3.10_Buds-3-800x1067.jpg 800w, https:\/\/www.foscarini.com\/wp-content\/uploads\/2024\/03\/3.10_Buds-3.jpg 1110w\" alt=\"\" \/>\n                                                                        <\/div>\n                            <\/div>\n    <\/div>\n    <div class=\"swiper-scrollbar\"><\/div>\n    <div class=\"ct-arrow\">\n        <div class=\"swiper-button-prev\"><\/div>\n        <div class=\"swiper-button-next\"><\/div>\n    <\/div>\n<\/section><section class=\"concept__project_comunication full-height-vh\">\n    <div class=\"row row-large\">\n        <div class=\"medium-12 small-12 columns full-height no-padding-right-mobile\">\n            <div class=\"ct-image-text-lateral\">\n                <div class=\"ct-arrow\">\n                    <div class=\"swiper-button-prev\" aria-label=\"previous slide\"><\/div>\n                    <div class=\"swiper-button-next\" aria-label=\"next slide\"><\/div>\n                <\/div>\n                <span class=\"section-name-lateral\">Verlagsinhalte<\/span>\n                <!-- Swiper -->\n                <div class=\"swiper-container swiper__concept__comunication\">\n                    <div class=\"swiper-wrapper\">\n                                                            <div class=\"swiper-slide\">\n                                        <div class=\"ct-slide\">\n                                                                                            <video class=\"video-controls\" autoplay loop muted playsinline>\n                                                    <source src=\"https:\/\/cdn1.foscarini.com\/Designers-Video\/Buds-Dordoni-it.mp4\" type=\"video\/mp4\">\n                                                    Your browser does not support the video tag.\n                                                <\/video>\n                                                                                            <div class=\"ct-col-right\">\n                                                <div class=\"ct-link\">\n                                                    <a class=\"link-arrow no-link\" href=\"\">Leuchten, bei denen man sich \u201ezu Hause\u201c f\u00fchlt<\/a>\n                                                    <div class=\"text-1\"><p>Mit einem Umzug, der eine Entwicklung darstellt, feiert Rodolfo Dordoni die Bedeutung von Herzensgegenst\u00e4nden.<\/p>\n<\/div>\n                                                <\/div>\n                                            <\/div>\n                                        <\/div>\n                                    <\/div>\n                                                        <\/div>\n                <\/div>\n            <\/div>\n        <\/div>\n    <\/div>\n<\/section><div class=\"wp-block-columns two_image_join two_image_join_affiancate on_off_block is-layout-flex wp-container-core-columns-is-layout-1 wp-block-columns-is-layout-flex\"><div class=\"wp-block-column is-layout-flow wp-block-column-is-layout-flow\"><div class=\"wp-block-getwid-image-hotspot\" data-appearance-animation=\"none\" data-image-points=\"[{&quot;link&quot;:&quot;&quot;,&quot;icon&quot;:&quot;&quot;,&quot;title&quot;:&quot;acceso&quot;,&quot;color&quot;:&quot;&quot;,&quot;content&quot;:&quot;&quot;,&quot;backgroundColor&quot;:&quot;&quot;,&quot;newTab&quot;:false,&quot;popUpOpen&quot;:false,&quot;popUpWidth&quot;:350,&quot;placement&quot;:&quot;top&quot;,&quot;position&quot;:{&quot;x&quot;:&quot;40.89%&quot;,&quot;y&quot;:&quot;25.99%&quot;}}]\" data-trigger=\"click\" data-theme=\"light\" data-tooltip-animation=\"shift-toward\" data-arrow=\"true\"><div class=\"wp-block-getwid-image-hotspot__wrapper\"><img loading=\"lazy\" decoding=\"async\" width=\"2560\" height=\"1591\" src=\"http:\/\/www.foscarini.com\/wp-content\/uploads\/2024\/03\/4.1-OFF_Buds1-1-scaled.jpg\" alt=\"\" class=\"wp-block-getwid-image-hotspot__image wp-image-133488\" srcset=\"https:\/\/www.foscarini.com\/wp-content\/uploads\/2024\/03\/4.1-OFF_Buds1-1-scaled.jpg 2560w, https:\/\/www.foscarini.com\/wp-content\/uploads\/2024\/03\/4.1-OFF_Buds1-1-300x186.jpg 300w, https:\/\/www.foscarini.com\/wp-content\/uploads\/2024\/03\/4.1-OFF_Buds1-1-1024x636.jpg 1024w, https:\/\/www.foscarini.com\/wp-content\/uploads\/2024\/03\/4.1-OFF_Buds1-1-768x477.jpg 768w, https:\/\/www.foscarini.com\/wp-content\/uploads\/2024\/03\/4.1-OFF_Buds1-1-1536x955.jpg 1536w, https:\/\/www.foscarini.com\/wp-content\/uploads\/2024\/03\/4.1-OFF_Buds1-1-2048x1273.jpg 2048w, https:\/\/www.foscarini.com\/wp-content\/uploads\/2024\/03\/4.1-OFF_Buds1-1-800x497.jpg 800w\" sizes=\"(max-width: 2560px) 100vw, 2560px\" \/><div data-point-id=\"0\" class=\"wp-block-getwid-image-hotspot__dot has-animation-pulse\" style=\"left:40.89%;top:25.99%\"><div class=\"wp-block-getwid-image-hotspot__dot-wrapper\"><div class=\"wp-block-getwid-image-hotspot__dot-content\"><i class=\"fas fa-plus wp-block-getwid-image-hotspot__dot-icon\"><\/i><\/div><\/div><div class=\"wp-block-getwid-image-hotspot__dot-description\"><div class=\"wp-block-getwid-image-hotspot__dot-title\">acceso<\/div><\/div><\/div><\/div><\/div>\n\n<figure class=\"wp-block-image size-large absolute_image\"><img loading=\"lazy\" decoding=\"async\" width=\"1024\" height=\"636\" src=\"http:\/\/www.foscarini.com\/wp-content\/uploads\/2024\/03\/4.2-ON_Buds1-1-1024x636.jpg\" alt=\"\" class=\"wp-image-133495\" srcset=\"https:\/\/www.foscarini.com\/wp-content\/uploads\/2024\/03\/4.2-ON_Buds1-1-1024x636.jpg 1024w, https:\/\/www.foscarini.com\/wp-content\/uploads\/2024\/03\/4.2-ON_Buds1-1-300x186.jpg 300w, https:\/\/www.foscarini.com\/wp-content\/uploads\/2024\/03\/4.2-ON_Buds1-1-768x477.jpg 768w, https:\/\/www.foscarini.com\/wp-content\/uploads\/2024\/03\/4.2-ON_Buds1-1-1536x955.jpg 1536w, https:\/\/www.foscarini.com\/wp-content\/uploads\/2024\/03\/4.2-ON_Buds1-1-2048x1273.jpg 2048w, https:\/\/www.foscarini.com\/wp-content\/uploads\/2024\/03\/4.2-ON_Buds1-1-800x497.jpg 800w\" sizes=\"(max-width: 1024px) 100vw, 1024px\" \/><\/figure><\/div><\/div>","protected":false},"excerpt":{"rendered":"<p>Tischleuchte mit diffusem Licht. Diffusor aus gl\u00e4nzendem mundgeblasenem F\u00fcnf-Schicht-Glas (Incamiciato-Technik). Eine \u201estrohgelbe\u201c Glasschicht im Inneren macht das Licht w\u00e4rmer und die Farbe intensiver. Die au\u00dfen in warmem Wei\u00df gehaltene Leuchte leuchtet in eingeschaltetem Zustand elfenbeinfarben, ausgeschaltet bleibt sie wei\u00df. Der Sockel besteht aus einem vollkommen transparenten PMMA-Zylinder, der nach Ma\u00df gefr\u00e4st und von Hand spiegelpoliert ist. Der Sockel besitzt eine durchsichtige antistatische Schutzfolie. Das Glas ist mit einer becherf\u00f6rmigen Zwinge am Sockel befestigt, der Ein\/Ausschalter befindet sich auf dem transparenten Elektrokabel, das aus einem schr\u00e4gen Einschnitt austritt. Der Sockel ist in einen individuell gestalteten Sack aus nicht kratzendem Material verpackt, der zur Reinigung des Sockels verwendet werden kann. Da das Glas eine gro\u00dfe \u00d6ffnung hat, ist das Leuchtmittel gut zu sehen und erf\u00fcllt daher auch eine \u00e4sthetische Funktion. Daher muss in Buds 1 und 2 eine LED-Retrofit-Lampe oder eine kugelf\u00f6rmige wei\u00dfe Leuchtstofflampe mit einen Durchmesser von 12 cm und in Buds 3 mit einem Durchmesser von 9 cm verwendet werden.<\/p>\n","protected":false},"featured_media":466059,"comment_status":"open","ping_status":"closed","template":"","meta":{"_acf_changed":true},"product_cat":[1087,5355,650,715,750],"product_tag":[],"materiale":[8163],"altezza":[9778],"larghezza":[7282],"profondita":[7502],"peso":[10136],"designer-prodotto":[7572],"class_list":{"0":"post-192268","1":"product","2":"type-product","3":"status-publish","4":"has-post-thumbnail","6":"product_cat-buds-concetto-de","7":"product_cat-buds-famiglia-de","8":"product_cat-concetto-de","9":"product_cat-funzione-de","10":"product_cat-tavolo-de","11":"materiale-vetro-e-vetro-soffiato-de","12":"altezza-22-12-de","13":"larghezza-10-38-de","14":"profondita-10-38-de","15":"peso-49-de","16":"designer-prodotto-rodolfo-dordoni-de","18":"first","19":"instock","20":"shipping-taxable","21":"purchasable","22":"product-type-variable"},"acf":{"preview_slider":{"titolo":"","testo":"","video_domanda":false,"link_video":""},"prodotto__immagine_preview":{"immagine":120107},"prodotto__slider":{"sottotitolo":"Rodolfo Dordoni (2016)","titolo":"Raffinierte Vielseitigkeit und wertvolle Materialien: Bei der Tischleuchte Buds 1 bildet der l\u00e4ngliche Diffusor aus geblasenem Glas, der in einer f\u00fcnfschichtigen Handwerkserzeugung gefertigt wird, gemeinsam mit einem transparenten Fu\u00df, der das elegante Design betont, den absoluten Mittelpunkt.","immagini":[{"immagine":306349,"immagine_mobile":null},{"immagine":472845,"immagine_mobile":null}]},"prodotto__slider_preview":null,"prodotto__specifiche":{"selezione":[{"scheda_tecnica":461519}]}},"yoast_head":"<!-- This site is optimized with the Yoast SEO Premium plugin v22.4 (Yoast SEO v23.7) - https:\/\/yoast.com\/wordpress\/plugins\/seo\/ -->\n<title>Buds 1 - Foscarini<\/title>\n<meta name=\"robots\" content=\"index, follow, max-snippet:-1, max-image-preview:large, max-video-preview:-1\" \/>\n<meta property=\"og:locale\" content=\"de_DE\" \/>\n<meta property=\"og:type\" content=\"article\" \/>\n<meta property=\"og:title\" content=\"Buds 1\" \/>\n<meta property=\"og:description\" content=\"Tischleuchte mit diffusem Licht. Diffusor aus gl\u00e4nzendem mundgeblasenem F\u00fcnf-Schicht-Glas (Incamiciato-Technik). Eine \u201estrohgelbe\u201c Glasschicht im Inneren macht das Licht w\u00e4rmer und die Farbe intensiver. Die au\u00dfen in warmem Wei\u00df gehaltene Leuchte leuchtet in eingeschaltetem Zustand elfenbeinfarben, ausgeschaltet bleibt sie wei\u00df. Der Sockel besteht aus einem vollkommen transparenten PMMA-Zylinder, der nach Ma\u00df gefr\u00e4st und von Hand spiegelpoliert ist. Der Sockel besitzt eine durchsichtige antistatische Schutzfolie. Das Glas ist mit einer becherf\u00f6rmigen Zwinge am Sockel befestigt, der Ein\/Ausschalter befindet sich auf dem transparenten Elektrokabel, das aus einem schr\u00e4gen Einschnitt austritt. Der Sockel ist in einen individuell gestalteten Sack aus nicht kratzendem Material verpackt, der zur Reinigung des Sockels verwendet werden kann. Da das Glas eine gro\u00dfe \u00d6ffnung hat, ist das Leuchtmittel gut zu sehen und erf\u00fcllt daher auch eine \u00e4sthetische Funktion. Daher muss in Buds 1 und 2 eine LED-Retrofit-Lampe oder eine kugelf\u00f6rmige wei\u00dfe Leuchtstofflampe mit einen Durchmesser von 12 cm und in Buds 3 mit einem Durchmesser von 9 cm verwendet werden.\" \/>\n<meta property=\"og:url\" content=\"https:\/\/www.foscarini.com\/de\/produkt\/buds-1-buds-t-de\/\" \/>\n<meta property=\"og:site_name\" content=\"Foscarini\" \/>\n<meta property=\"article:modified_time\" content=\"2025-06-11T11:20:47+00:00\" \/>\n<meta property=\"og:image\" content=\"https:\/\/www.foscarini.com\/wp-content\/uploads\/2025\/06\/buds-1_t_warm-white_22_786x865-3.jpg\" \/>\n\t<meta property=\"og:image:width\" content=\"786\" \/>\n\t<meta property=\"og:image:height\" content=\"865\" \/>\n\t<meta property=\"og:image:type\" content=\"image\/jpeg\" \/>\n<meta name=\"twitter:card\" content=\"summary_large_image\" \/>\n<meta name=\"twitter:label1\" content=\"Gesch\u00e4tzte Lesezeit\" \/>\n\t<meta name=\"twitter:data1\" content=\"1\u00a0Minute\" \/>\n<script type=\"application\/ld+json\" class=\"yoast-schema-graph\">{\"@context\":\"https:\/\/schema.org\",\"@graph\":[{\"@type\":\"WebPage\",\"@id\":\"https:\/\/www.foscarini.com\/de\/produkt\/buds-1-buds-t-de\/\",\"url\":\"https:\/\/www.foscarini.com\/de\/produkt\/buds-1-buds-t-de\/\",\"name\":\"Buds 1 - Foscarini\",\"isPartOf\":{\"@id\":\"https:\/\/www.foscarini.com\/#website\"},\"primaryImageOfPage\":{\"@id\":\"https:\/\/www.foscarini.com\/de\/produkt\/buds-1-buds-t-de\/#primaryimage\"},\"image\":{\"@id\":\"https:\/\/www.foscarini.com\/de\/produkt\/buds-1-buds-t-de\/#primaryimage\"},\"thumbnailUrl\":\"https:\/\/www.foscarini.com\/wp-content\/uploads\/2025\/06\/buds-1_t_warm-white_22_786x865-6.jpg\",\"datePublished\":\"2024-03-28T17:50:33+00:00\",\"dateModified\":\"2025-06-11T11:20:47+00:00\",\"breadcrumb\":{\"@id\":\"https:\/\/www.foscarini.com\/de\/produkt\/buds-1-buds-t-de\/#breadcrumb\"},\"inLanguage\":\"de\",\"potentialAction\":[{\"@type\":\"ReadAction\",\"target\":[\"https:\/\/www.foscarini.com\/de\/produkt\/buds-1-buds-t-de\/\"]}]},{\"@type\":\"ImageObject\",\"inLanguage\":\"de\",\"@id\":\"https:\/\/www.foscarini.com\/de\/produkt\/buds-1-buds-t-de\/#primaryimage\",\"url\":\"https:\/\/www.foscarini.com\/wp-content\/uploads\/2025\/06\/buds-1_t_warm-white_22_786x865-6.jpg\",\"contentUrl\":\"https:\/\/www.foscarini.com\/wp-content\/uploads\/2025\/06\/buds-1_t_warm-white_22_786x865-6.jpg\",\"width\":786,\"height\":865},{\"@type\":\"BreadcrumbList\",\"@id\":\"https:\/\/www.foscarini.com\/de\/produkt\/buds-1-buds-t-de\/#breadcrumb\",\"itemListElement\":[{\"@type\":\"ListItem\",\"position\":1,\"name\":\"Home\",\"item\":\"https:\/\/www.foscarini.com\/de\/\"},{\"@type\":\"ListItem\",\"position\":2,\"name\":\"Shop\",\"item\":\"https:\/\/www.foscarini.com\/de\/shop\/\"},{\"@type\":\"ListItem\",\"position\":3,\"name\":\"Buds 1\"}]},{\"@type\":\"WebSite\",\"@id\":\"https:\/\/www.foscarini.com\/#website\",\"url\":\"https:\/\/www.foscarini.com\/\",\"name\":\"Foscarini\",\"description\":\"\",\"potentialAction\":[{\"@type\":\"SearchAction\",\"target\":{\"@type\":\"EntryPoint\",\"urlTemplate\":\"https:\/\/www.foscarini.com\/?s={search_term_string}\"},\"query-input\":{\"@type\":\"PropertyValueSpecification\",\"valueRequired\":true,\"valueName\":\"search_term_string\"}}],\"inLanguage\":\"de\"}]}<\/script>\n<!-- \/ Yoast SEO Premium plugin. -->","yoast_head_json":{"title":"Buds 1 - Foscarini","robots":{"index":"index","follow":"follow","max-snippet":"max-snippet:-1","max-image-preview":"max-image-preview:large","max-video-preview":"max-video-preview:-1"},"og_locale":"de_DE","og_type":"article","og_title":"Buds 1","og_description":"Tischleuchte mit diffusem Licht. Diffusor aus gl\u00e4nzendem mundgeblasenem F\u00fcnf-Schicht-Glas (Incamiciato-Technik). Eine \u201estrohgelbe\u201c Glasschicht im Inneren macht das Licht w\u00e4rmer und die Farbe intensiver. Die au\u00dfen in warmem Wei\u00df gehaltene Leuchte leuchtet in eingeschaltetem Zustand elfenbeinfarben, ausgeschaltet bleibt sie wei\u00df. Der Sockel besteht aus einem vollkommen transparenten PMMA-Zylinder, der nach Ma\u00df gefr\u00e4st und von Hand spiegelpoliert ist. Der Sockel besitzt eine durchsichtige antistatische Schutzfolie. Das Glas ist mit einer becherf\u00f6rmigen Zwinge am Sockel befestigt, der Ein\/Ausschalter befindet sich auf dem transparenten Elektrokabel, das aus einem schr\u00e4gen Einschnitt austritt. Der Sockel ist in einen individuell gestalteten Sack aus nicht kratzendem Material verpackt, der zur Reinigung des Sockels verwendet werden kann. Da das Glas eine gro\u00dfe \u00d6ffnung hat, ist das Leuchtmittel gut zu sehen und erf\u00fcllt daher auch eine \u00e4sthetische Funktion. Daher muss in Buds 1 und 2 eine LED-Retrofit-Lampe oder eine kugelf\u00f6rmige wei\u00dfe Leuchtstofflampe mit einen Durchmesser von 12 cm und in Buds 3 mit einem Durchmesser von 9 cm verwendet werden.","og_url":"https:\/\/www.foscarini.com\/de\/produkt\/buds-1-buds-t-de\/","og_site_name":"Foscarini","article_modified_time":"2025-06-11T11:20:47+00:00","og_image":[{"width":786,"height":865,"url":"https:\/\/www.foscarini.com\/wp-content\/uploads\/2025\/06\/buds-1_t_warm-white_22_786x865-3.jpg","type":"image\/jpeg"}],"twitter_card":"summary_large_image","twitter_misc":{"Gesch\u00e4tzte Lesezeit":"1\u00a0Minute"},"schema":{"@context":"https:\/\/schema.org","@graph":[{"@type":"WebPage","@id":"https:\/\/www.foscarini.com\/de\/produkt\/buds-1-buds-t-de\/","url":"https:\/\/www.foscarini.com\/de\/produkt\/buds-1-buds-t-de\/","name":"Buds 1 - Foscarini","isPartOf":{"@id":"https:\/\/www.foscarini.com\/#website"},"primaryImageOfPage":{"@id":"https:\/\/www.foscarini.com\/de\/produkt\/buds-1-buds-t-de\/#primaryimage"},"image":{"@id":"https:\/\/www.foscarini.com\/de\/produkt\/buds-1-buds-t-de\/#primaryimage"},"thumbnailUrl":"https:\/\/www.foscarini.com\/wp-content\/uploads\/2025\/06\/buds-1_t_warm-white_22_786x865-6.jpg","datePublished":"2024-03-28T17:50:33+00:00","dateModified":"2025-06-11T11:20:47+00:00","breadcrumb":{"@id":"https:\/\/www.foscarini.com\/de\/produkt\/buds-1-buds-t-de\/#breadcrumb"},"inLanguage":"de","potentialAction":[{"@type":"ReadAction","target":["https:\/\/www.foscarini.com\/de\/produkt\/buds-1-buds-t-de\/"]}]},{"@type":"ImageObject","inLanguage":"de","@id":"https:\/\/www.foscarini.com\/de\/produkt\/buds-1-buds-t-de\/#primaryimage","url":"https:\/\/www.foscarini.com\/wp-content\/uploads\/2025\/06\/buds-1_t_warm-white_22_786x865-6.jpg","contentUrl":"https:\/\/www.foscarini.com\/wp-content\/uploads\/2025\/06\/buds-1_t_warm-white_22_786x865-6.jpg","width":786,"height":865},{"@type":"BreadcrumbList","@id":"https:\/\/www.foscarini.com\/de\/produkt\/buds-1-buds-t-de\/#breadcrumb","itemListElement":[{"@type":"ListItem","position":1,"name":"Home","item":"https:\/\/www.foscarini.com\/de\/"},{"@type":"ListItem","position":2,"name":"Shop","item":"https:\/\/www.foscarini.com\/de\/shop\/"},{"@type":"ListItem","position":3,"name":"Buds 1"}]},{"@type":"WebSite","@id":"https:\/\/www.foscarini.com\/#website","url":"https:\/\/www.foscarini.com\/","name":"Foscarini","description":"","potentialAction":[{"@type":"SearchAction","target":{"@type":"EntryPoint","urlTemplate":"https:\/\/www.foscarini.com\/?s={search_term_string}"},"query-input":{"@type":"PropertyValueSpecification","valueRequired":true,"valueName":"search_term_string"}}],"inLanguage":"de"}]}},"_links":{"self":[{"href":"https:\/\/www.foscarini.com\/de\/wp-json\/wp\/v2\/product\/192268"}],"collection":[{"href":"https:\/\/www.foscarini.com\/de\/wp-json\/wp\/v2\/product"}],"about":[{"href":"https:\/\/www.foscarini.com\/de\/wp-json\/wp\/v2\/types\/product"}],"replies":[{"embeddable":true,"href":"https:\/\/www.foscarini.com\/de\/wp-json\/wp\/v2\/comments?post=192268"}],"wp:featuredmedia":[{"embeddable":true,"href":"https:\/\/www.foscarini.com\/de\/wp-json\/wp\/v2\/media\/466059"}],"wp:attachment":[{"href":"https:\/\/www.foscarini.com\/de\/wp-json\/wp\/v2\/media?parent=192268"}],"wp:term":[{"taxonomy":"product_cat","embeddable":true,"href":"https:\/\/www.foscarini.com\/de\/wp-json\/wp\/v2\/product_cat?post=192268"},{"taxonomy":"product_tag","embeddable":true,"href":"https:\/\/www.foscarini.com\/de\/wp-json\/wp\/v2\/product_tag?post=192268"},{"taxonomy":"materiale","embeddable":true,"href":"https:\/\/www.foscarini.com\/de\/wp-json\/wp\/v2\/materiale?post=192268"},{"taxonomy":"altezza","embeddable":true,"href":"https:\/\/www.foscarini.com\/de\/wp-json\/wp\/v2\/altezza?post=192268"},{"taxonomy":"larghezza","embeddable":true,"href":"https:\/\/www.foscarini.com\/de\/wp-json\/wp\/v2\/larghezza?post=192268"},{"taxonomy":"profondita","embeddable":true,"href":"https:\/\/www.foscarini.com\/de\/wp-json\/wp\/v2\/profondita?post=192268"},{"taxonomy":"peso","embeddable":true,"href":"https:\/\/www.foscarini.com\/de\/wp-json\/wp\/v2\/peso?post=192268"},{"taxonomy":"designer-prodotto","embeddable":true,"href":"https:\/\/www.foscarini.com\/de\/wp-json\/wp\/v2\/designer-prodotto?post=192268"}],"curies":[{"name":"wp","href":"https:\/\/api.w.org\/{rel}","templated":true}]}}