{"id":191910,"date":"2024-03-28T18:12:20","date_gmt":"2024-03-28T18:12:20","guid":{"rendered":"https:\/\/www.foscarini.com\/product\/rituals-2-rituals-s\/"},"modified":"2025-06-11T14:57:53","modified_gmt":"2025-06-11T14:57:53","slug":"rituals-2-rituals-s-de","status":"publish","type":"product","link":"https:\/\/www.foscarini.com\/de\/produkt\/rituals-2-rituals-s-de\/","title":{"rendered":"Rituals 2"},"content":{"rendered":"<p>Dalla forma ampia e schiacciata, la lampada a sospensione Rituals 2 \u00e8 realizzata in un vetro soffiato a bocca dall\u2019aspetto piacevolmente gessoso, arricchito da sottili incisioni e diffonde una luce calda e soffice nell&#8217;ambiente. Disponibile anche in forme diverse e complementari.<\/p><section class=\"pdp__slider full-height-vh\">\n    <div class=\"swiper-container swiper__pdp\">\n        <div class=\"swiper-wrapper full-height\">\n                                <div class=\"swiper-slide\">\n                                                    <img decoding=\"async\" class=\"full-cover\" src=\"https:\/\/www.foscarini.com\/wp-content\/uploads\/2024\/03\/3.1_Rituals2-150x150.jpg\" srcset=\"https:\/\/www.foscarini.com\/wp-content\/uploads\/2024\/03\/3.1_Rituals2-300x200.jpg 300w, https:\/\/www.foscarini.com\/wp-content\/uploads\/2024\/03\/3.1_Rituals2-1024x683.jpg 1024w, https:\/\/www.foscarini.com\/wp-content\/uploads\/2024\/03\/3.1_Rituals2-768x512.jpg 768w, https:\/\/www.foscarini.com\/wp-content\/uploads\/2024\/03\/3.1_Rituals2-1536x1024.jpg 1536w, https:\/\/www.foscarini.com\/wp-content\/uploads\/2024\/03\/3.1_Rituals2-2048x1365.jpg 2048w, https:\/\/www.foscarini.com\/wp-content\/uploads\/2024\/03\/3.1_Rituals2-800x533.jpg 800w\" alt=\"\" \/>\n                                                                        <\/div>\n                                        <div class=\"swiper-slide\">\n                                                    <img decoding=\"async\" class=\"full-cover\" src=\"https:\/\/www.foscarini.com\/wp-content\/uploads\/2024\/03\/3.2_Rituals2-150x150.jpg\" srcset=\"https:\/\/www.foscarini.com\/wp-content\/uploads\/2024\/03\/3.2_Rituals2-300x200.jpg 300w, https:\/\/www.foscarini.com\/wp-content\/uploads\/2024\/03\/3.2_Rituals2-1024x683.jpg 1024w, https:\/\/www.foscarini.com\/wp-content\/uploads\/2024\/03\/3.2_Rituals2-768x512.jpg 768w, https:\/\/www.foscarini.com\/wp-content\/uploads\/2024\/03\/3.2_Rituals2-1536x1024.jpg 1536w, https:\/\/www.foscarini.com\/wp-content\/uploads\/2024\/03\/3.2_Rituals2-2048x1365.jpg 2048w, https:\/\/www.foscarini.com\/wp-content\/uploads\/2024\/03\/3.2_Rituals2-800x533.jpg 800w\" alt=\"\" \/>\n                                                                        <\/div>\n                                        <div class=\"swiper-slide\">\n                                                    <img decoding=\"async\" class=\"full-cover\" src=\"https:\/\/www.foscarini.com\/wp-content\/uploads\/2024\/03\/3.3_Rituals2-150x150.jpg\" srcset=\"https:\/\/www.foscarini.com\/wp-content\/uploads\/2024\/03\/3.3_Rituals2-300x200.jpg 300w, https:\/\/www.foscarini.com\/wp-content\/uploads\/2024\/03\/3.3_Rituals2-1024x683.jpg 1024w, https:\/\/www.foscarini.com\/wp-content\/uploads\/2024\/03\/3.3_Rituals2-768x512.jpg 768w, https:\/\/www.foscarini.com\/wp-content\/uploads\/2024\/03\/3.3_Rituals2-1536x1024.jpg 1536w, https:\/\/www.foscarini.com\/wp-content\/uploads\/2024\/03\/3.3_Rituals2-2048x1365.jpg 2048w, https:\/\/www.foscarini.com\/wp-content\/uploads\/2024\/03\/3.3_Rituals2-800x533.jpg 800w\" alt=\"\" \/>\n                                                                        <\/div>\n                                        <div class=\"swiper-slide\">\n                                                    <img decoding=\"async\" class=\"full-cover\" src=\"https:\/\/www.foscarini.com\/wp-content\/uploads\/2024\/03\/3.4_Rituals2-150x150.jpg\" srcset=\"https:\/\/www.foscarini.com\/wp-content\/uploads\/2024\/03\/3.4_Rituals2-199x300.jpg 199w, https:\/\/www.foscarini.com\/wp-content\/uploads\/2024\/03\/3.4_Rituals2-678x1024.jpg 678w, https:\/\/www.foscarini.com\/wp-content\/uploads\/2024\/03\/3.4_Rituals2-768x1160.jpg 768w, https:\/\/www.foscarini.com\/wp-content\/uploads\/2024\/03\/3.4_Rituals2-800x1208.jpg 800w, https:\/\/www.foscarini.com\/wp-content\/uploads\/2024\/03\/3.4_Rituals2.jpg 980w\" alt=\"\" \/>\n                                                                        <\/div>\n                                        <div class=\"swiper-slide\">\n                                                    <img decoding=\"async\" class=\"full-cover\" src=\"https:\/\/www.foscarini.com\/wp-content\/uploads\/2024\/03\/3.6_Rituals2-150x150.jpg\" srcset=\"https:\/\/www.foscarini.com\/wp-content\/uploads\/2024\/03\/3.6_Rituals2-199x300.jpg 199w, https:\/\/www.foscarini.com\/wp-content\/uploads\/2024\/03\/3.6_Rituals2-678x1024.jpg 678w, https:\/\/www.foscarini.com\/wp-content\/uploads\/2024\/03\/3.6_Rituals2-768x1160.jpg 768w, https:\/\/www.foscarini.com\/wp-content\/uploads\/2024\/03\/3.6_Rituals2-800x1208.jpg 800w, https:\/\/www.foscarini.com\/wp-content\/uploads\/2024\/03\/3.6_Rituals2.jpg 980w\" alt=\"\" \/>\n                                                                        <\/div>\n                                        <div class=\"swiper-slide\">\n                                                    <img decoding=\"async\" class=\"full-cover\" src=\"https:\/\/www.foscarini.com\/wp-content\/uploads\/2024\/03\/3.7_Rituals2-150x150.jpg\" srcset=\"https:\/\/www.foscarini.com\/wp-content\/uploads\/2024\/03\/3.7_Rituals2-300x200.jpg 300w, https:\/\/www.foscarini.com\/wp-content\/uploads\/2024\/03\/3.7_Rituals2-1024x683.jpg 1024w, https:\/\/www.foscarini.com\/wp-content\/uploads\/2024\/03\/3.7_Rituals2-768x512.jpg 768w, https:\/\/www.foscarini.com\/wp-content\/uploads\/2024\/03\/3.7_Rituals2-1536x1024.jpg 1536w, https:\/\/www.foscarini.com\/wp-content\/uploads\/2024\/03\/3.7_Rituals2-2048x1365.jpg 2048w, https:\/\/www.foscarini.com\/wp-content\/uploads\/2024\/03\/3.7_Rituals2-800x533.jpg 800w\" alt=\"\" \/>\n                                                                        <\/div>\n                                        <div class=\"swiper-slide\">\n                                                    <img decoding=\"async\" class=\"full-cover\" src=\"https:\/\/www.foscarini.com\/wp-content\/uploads\/2024\/03\/3.9_Rituals2-150x150.jpg\" srcset=\"https:\/\/www.foscarini.com\/wp-content\/uploads\/2024\/03\/3.9_Rituals2-199x300.jpg 199w, https:\/\/www.foscarini.com\/wp-content\/uploads\/2024\/03\/3.9_Rituals2-678x1024.jpg 678w, https:\/\/www.foscarini.com\/wp-content\/uploads\/2024\/03\/3.9_Rituals2-768x1160.jpg 768w, https:\/\/www.foscarini.com\/wp-content\/uploads\/2024\/03\/3.9_Rituals2-800x1208.jpg 800w, https:\/\/www.foscarini.com\/wp-content\/uploads\/2024\/03\/3.9_Rituals2.jpg 980w\" alt=\"\" \/>\n                                                                        <\/div>\n                                        <div class=\"swiper-slide\">\n                                                    <img decoding=\"async\" class=\"full-cover\" src=\"https:\/\/www.foscarini.com\/wp-content\/uploads\/2024\/03\/3.10_Rituals2-150x150.jpg\" srcset=\"https:\/\/www.foscarini.com\/wp-content\/uploads\/2024\/03\/3.10_Rituals2-199x300.jpg 199w, https:\/\/www.foscarini.com\/wp-content\/uploads\/2024\/03\/3.10_Rituals2-678x1024.jpg 678w, https:\/\/www.foscarini.com\/wp-content\/uploads\/2024\/03\/3.10_Rituals2-768x1160.jpg 768w, https:\/\/www.foscarini.com\/wp-content\/uploads\/2024\/03\/3.10_Rituals2-800x1208.jpg 800w, https:\/\/www.foscarini.com\/wp-content\/uploads\/2024\/03\/3.10_Rituals2.jpg 980w\" alt=\"\" \/>\n                                                                        <\/div>\n                            <\/div>\n    <\/div>\n    <div class=\"swiper-scrollbar\"><\/div>\n    <div class=\"ct-arrow\">\n        <div class=\"swiper-button-prev\"><\/div>\n        <div class=\"swiper-button-next\"><\/div>\n    <\/div>\n<\/section><div class=\"wp-block-columns two_image_join two_image_join_affiancate on_off_block is-layout-flex wp-container-core-columns-is-layout-1 wp-block-columns-is-layout-flex\"><div class=\"wp-block-column is-layout-flow wp-block-column-is-layout-flow\"><div class=\"wp-block-getwid-image-hotspot\" data-appearance-animation=\"none\" data-image-points=\"[{&quot;link&quot;:&quot;&quot;,&quot;icon&quot;:&quot;&quot;,&quot;title&quot;:&quot;acceso&quot;,&quot;color&quot;:&quot;&quot;,&quot;content&quot;:&quot;&quot;,&quot;backgroundColor&quot;:&quot;&quot;,&quot;newTab&quot;:false,&quot;popUpOpen&quot;:false,&quot;popUpWidth&quot;:350,&quot;placement&quot;:&quot;top&quot;,&quot;position&quot;:{&quot;x&quot;:&quot;40.89%&quot;,&quot;y&quot;:&quot;25.99%&quot;}}]\" data-trigger=\"click\" data-theme=\"light\" data-tooltip-animation=\"shift-toward\" data-arrow=\"true\"><div class=\"wp-block-getwid-image-hotspot__wrapper\"><img loading=\"lazy\" decoding=\"async\" width=\"2560\" height=\"1591\" src=\"http:\/\/www.foscarini.com\/wp-content\/uploads\/2024\/03\/4.1-OFF_Rituals-scaled.jpg\" alt=\"\" class=\"wp-block-getwid-image-hotspot__image wp-image-125966\" srcset=\"https:\/\/www.foscarini.com\/wp-content\/uploads\/2024\/03\/4.1-OFF_Rituals-scaled.jpg 2560w, https:\/\/www.foscarini.com\/wp-content\/uploads\/2024\/03\/4.1-OFF_Rituals-300x186.jpg 300w, https:\/\/www.foscarini.com\/wp-content\/uploads\/2024\/03\/4.1-OFF_Rituals-1024x636.jpg 1024w, https:\/\/www.foscarini.com\/wp-content\/uploads\/2024\/03\/4.1-OFF_Rituals-768x477.jpg 768w, https:\/\/www.foscarini.com\/wp-content\/uploads\/2024\/03\/4.1-OFF_Rituals-1536x955.jpg 1536w, https:\/\/www.foscarini.com\/wp-content\/uploads\/2024\/03\/4.1-OFF_Rituals-2048x1273.jpg 2048w, https:\/\/www.foscarini.com\/wp-content\/uploads\/2024\/03\/4.1-OFF_Rituals-800x497.jpg 800w\" sizes=\"(max-width: 2560px) 100vw, 2560px\" \/><div data-point-id=\"0\" class=\"wp-block-getwid-image-hotspot__dot has-animation-pulse\" style=\"left:40.89%;top:25.99%\"><div class=\"wp-block-getwid-image-hotspot__dot-wrapper\"><div class=\"wp-block-getwid-image-hotspot__dot-content\"><i class=\"fas fa-plus wp-block-getwid-image-hotspot__dot-icon\"><\/i><\/div><\/div><div class=\"wp-block-getwid-image-hotspot__dot-description\"><div class=\"wp-block-getwid-image-hotspot__dot-title\">acceso<\/div><\/div><\/div><\/div><\/div>\n\n<figure class=\"wp-block-image size-large absolute_image\"><img loading=\"lazy\" decoding=\"async\" width=\"1024\" height=\"636\" src=\"http:\/\/www.foscarini.com\/wp-content\/uploads\/2024\/03\/4.2-ON_Rituals-1024x636.jpg\" alt=\"\" class=\"wp-image-125973\" srcset=\"https:\/\/www.foscarini.com\/wp-content\/uploads\/2024\/03\/4.2-ON_Rituals-1024x636.jpg 1024w, https:\/\/www.foscarini.com\/wp-content\/uploads\/2024\/03\/4.2-ON_Rituals-300x186.jpg 300w, https:\/\/www.foscarini.com\/wp-content\/uploads\/2024\/03\/4.2-ON_Rituals-768x477.jpg 768w, https:\/\/www.foscarini.com\/wp-content\/uploads\/2024\/03\/4.2-ON_Rituals-1536x955.jpg 1536w, https:\/\/www.foscarini.com\/wp-content\/uploads\/2024\/03\/4.2-ON_Rituals-2048x1273.jpg 2048w, https:\/\/www.foscarini.com\/wp-content\/uploads\/2024\/03\/4.2-ON_Rituals-800x497.jpg 800w\" sizes=\"(max-width: 1024px) 100vw, 1024px\" \/><\/figure><\/div><\/div>","protected":false},"excerpt":{"rendered":"<p>H\u00e4ngeleuchte mit diffusem Licht. Eine Kollektion mit drei Diffusor-Formen aus mundgeblasenem Glas mit einer Blastechnik, bei der das Glas nicht in der Gussform gedreht wird (genannt &#8220;a fermo&#8221;). Der Streifeneffekt wird durch eine Gussform mit Negativ- Dekorationen, die sich auf der Oberfl\u00e4che des Glases wiederholen, erzielt. Daraufhin wird das Glas per Hand gefeilt und einem Verfahren des Eintauchens in S\u00e4ure unterzogen, um einen gipsartigen Effekt zu erzielen. Tragseil aus Inox- Stahl und transparentes Netzkabel, Halterung aus verzinktem Metall und Abdeckung aus matt-wei\u00dfem ABS-Kunststoff. Baldachin-Dezentralisierungssatz + mehrfaches Baldachin erh\u00e4ltich (bis zu 9 Leuchten).<\/p>\n","protected":false},"featured_media":469375,"comment_status":"open","ping_status":"closed","template":"","meta":{"_acf_changed":true},"product_cat":[650,715,746,5568,839],"product_tag":[],"materiale":[8163],"altezza":[11878],"larghezza":[7782],"profondita":[8021],"peso":[9578],"designer-prodotto":[7895],"class_list":{"0":"post-191910","1":"product","2":"type-product","3":"status-publish","4":"has-post-thumbnail","6":"product_cat-concetto-de","7":"product_cat-funzione-de","8":"product_cat-sospensione-de","9":"product_cat-rituals-famiglia-de","10":"product_cat-rituals-concetto-de","11":"materiale-vetro-e-vetro-soffiato-de","12":"altezza-7-de","13":"larghezza-13-38-de","14":"profondita-13-38-de","15":"peso-35-de","16":"designer-prodotto-ludovica-e-roberto-palomba-de","18":"first","19":"instock","20":"shipping-taxable","21":"purchasable","22":"product-type-variable"},"acf":{"preview_slider":{"titolo":"","testo":"","video_domanda":false,"link_video":""},"prodotto__immagine_preview":{"immagine":123069},"prodotto__slider":{"sottotitolo":"Ludovica+Roberto Palomba (2013)","titolo":"Die H\u00e4ngeleuchte Rituals 2 mit ihrer breiten und flachen Form besteht aus mundgeblasenem Glas in einer sch\u00f6nen gipsartigen Optik mit zarten Rillen und verstr\u00f6mt ein warmes und weiches Licht im Raum. Auch in verschiedenen und einander erg\u00e4nzenden Formen verf\u00fcgbar.","immagini":[{"immagine":308018,"immagine_mobile":null}]},"prodotto__slider_preview":null,"prodotto__specifiche":{"selezione":[{"scheda_tecnica":463569}]}},"yoast_head":"<!-- This site is optimized with the Yoast SEO Premium plugin v22.4 (Yoast SEO v23.7) - https:\/\/yoast.com\/wordpress\/plugins\/seo\/ -->\n<title>Rituals 2 - Foscarini<\/title>\n<meta name=\"robots\" content=\"index, follow, max-snippet:-1, max-image-preview:large, max-video-preview:-1\" \/>\n<meta property=\"og:locale\" content=\"de_DE\" \/>\n<meta property=\"og:type\" content=\"article\" \/>\n<meta property=\"og:title\" content=\"Rituals 2\" \/>\n<meta property=\"og:description\" content=\"H\u00e4ngeleuchte mit diffusem Licht. Eine Kollektion mit drei Diffusor-Formen aus mundgeblasenem Glas mit einer Blastechnik, bei der das Glas nicht in der Gussform gedreht wird (genannt &quot;a fermo&quot;). Der Streifeneffekt wird durch eine Gussform mit Negativ- Dekorationen, die sich auf der Oberfl\u00e4che des Glases wiederholen, erzielt. Daraufhin wird das Glas per Hand gefeilt und einem Verfahren des Eintauchens in S\u00e4ure unterzogen, um einen gipsartigen Effekt zu erzielen. Tragseil aus Inox- Stahl und transparentes Netzkabel, Halterung aus verzinktem Metall und Abdeckung aus matt-wei\u00dfem ABS-Kunststoff. Baldachin-Dezentralisierungssatz + mehrfaches Baldachin erh\u00e4ltich (bis zu 9 Leuchten).\" \/>\n<meta property=\"og:url\" content=\"https:\/\/www.foscarini.com\/de\/produkt\/rituals-2-rituals-s-de\/\" \/>\n<meta property=\"og:site_name\" content=\"Foscarini\" \/>\n<meta property=\"article:modified_time\" content=\"2025-06-11T14:57:53+00:00\" \/>\n<meta property=\"og:image\" content=\"https:\/\/www.foscarini.com\/wp-content\/uploads\/2025\/06\/rituals-2_s_white_22_786x865-1.jpg\" \/>\n\t<meta property=\"og:image:width\" content=\"786\" \/>\n\t<meta property=\"og:image:height\" content=\"865\" \/>\n\t<meta property=\"og:image:type\" content=\"image\/jpeg\" \/>\n<meta name=\"twitter:card\" content=\"summary_large_image\" \/>\n<meta name=\"twitter:label1\" content=\"Gesch\u00e4tzte Lesezeit\" \/>\n\t<meta name=\"twitter:data1\" content=\"1\u00a0Minute\" \/>\n<script type=\"application\/ld+json\" class=\"yoast-schema-graph\">{\"@context\":\"https:\/\/schema.org\",\"@graph\":[{\"@type\":\"WebPage\",\"@id\":\"https:\/\/www.foscarini.com\/de\/produkt\/rituals-2-rituals-s-de\/\",\"url\":\"https:\/\/www.foscarini.com\/de\/produkt\/rituals-2-rituals-s-de\/\",\"name\":\"Rituals 2 - Foscarini\",\"isPartOf\":{\"@id\":\"https:\/\/www.foscarini.com\/#website\"},\"primaryImageOfPage\":{\"@id\":\"https:\/\/www.foscarini.com\/de\/produkt\/rituals-2-rituals-s-de\/#primaryimage\"},\"image\":{\"@id\":\"https:\/\/www.foscarini.com\/de\/produkt\/rituals-2-rituals-s-de\/#primaryimage\"},\"thumbnailUrl\":\"https:\/\/www.foscarini.com\/wp-content\/uploads\/2025\/06\/rituals-2_s_white_22_786x865-3.jpg\",\"datePublished\":\"2024-03-28T18:12:20+00:00\",\"dateModified\":\"2025-06-11T14:57:53+00:00\",\"breadcrumb\":{\"@id\":\"https:\/\/www.foscarini.com\/de\/produkt\/rituals-2-rituals-s-de\/#breadcrumb\"},\"inLanguage\":\"de\",\"potentialAction\":[{\"@type\":\"ReadAction\",\"target\":[\"https:\/\/www.foscarini.com\/de\/produkt\/rituals-2-rituals-s-de\/\"]}]},{\"@type\":\"ImageObject\",\"inLanguage\":\"de\",\"@id\":\"https:\/\/www.foscarini.com\/de\/produkt\/rituals-2-rituals-s-de\/#primaryimage\",\"url\":\"https:\/\/www.foscarini.com\/wp-content\/uploads\/2025\/06\/rituals-2_s_white_22_786x865-3.jpg\",\"contentUrl\":\"https:\/\/www.foscarini.com\/wp-content\/uploads\/2025\/06\/rituals-2_s_white_22_786x865-3.jpg\",\"width\":786,\"height\":865},{\"@type\":\"BreadcrumbList\",\"@id\":\"https:\/\/www.foscarini.com\/de\/produkt\/rituals-2-rituals-s-de\/#breadcrumb\",\"itemListElement\":[{\"@type\":\"ListItem\",\"position\":1,\"name\":\"Home\",\"item\":\"https:\/\/www.foscarini.com\/de\/\"},{\"@type\":\"ListItem\",\"position\":2,\"name\":\"Shop\",\"item\":\"https:\/\/www.foscarini.com\/de\/shop\/\"},{\"@type\":\"ListItem\",\"position\":3,\"name\":\"Rituals 2\"}]},{\"@type\":\"WebSite\",\"@id\":\"https:\/\/www.foscarini.com\/#website\",\"url\":\"https:\/\/www.foscarini.com\/\",\"name\":\"Foscarini\",\"description\":\"\",\"potentialAction\":[{\"@type\":\"SearchAction\",\"target\":{\"@type\":\"EntryPoint\",\"urlTemplate\":\"https:\/\/www.foscarini.com\/?s={search_term_string}\"},\"query-input\":{\"@type\":\"PropertyValueSpecification\",\"valueRequired\":true,\"valueName\":\"search_term_string\"}}],\"inLanguage\":\"de\"}]}<\/script>\n<!-- \/ Yoast SEO Premium plugin. -->","yoast_head_json":{"title":"Rituals 2 - Foscarini","robots":{"index":"index","follow":"follow","max-snippet":"max-snippet:-1","max-image-preview":"max-image-preview:large","max-video-preview":"max-video-preview:-1"},"og_locale":"de_DE","og_type":"article","og_title":"Rituals 2","og_description":"H\u00e4ngeleuchte mit diffusem Licht. Eine Kollektion mit drei Diffusor-Formen aus mundgeblasenem Glas mit einer Blastechnik, bei der das Glas nicht in der Gussform gedreht wird (genannt \"a fermo\"). Der Streifeneffekt wird durch eine Gussform mit Negativ- Dekorationen, die sich auf der Oberfl\u00e4che des Glases wiederholen, erzielt. Daraufhin wird das Glas per Hand gefeilt und einem Verfahren des Eintauchens in S\u00e4ure unterzogen, um einen gipsartigen Effekt zu erzielen. Tragseil aus Inox- Stahl und transparentes Netzkabel, Halterung aus verzinktem Metall und Abdeckung aus matt-wei\u00dfem ABS-Kunststoff. Baldachin-Dezentralisierungssatz + mehrfaches Baldachin erh\u00e4ltich (bis zu 9 Leuchten).","og_url":"https:\/\/www.foscarini.com\/de\/produkt\/rituals-2-rituals-s-de\/","og_site_name":"Foscarini","article_modified_time":"2025-06-11T14:57:53+00:00","og_image":[{"width":786,"height":865,"url":"https:\/\/www.foscarini.com\/wp-content\/uploads\/2025\/06\/rituals-2_s_white_22_786x865-1.jpg","type":"image\/jpeg"}],"twitter_card":"summary_large_image","twitter_misc":{"Gesch\u00e4tzte Lesezeit":"1\u00a0Minute"},"schema":{"@context":"https:\/\/schema.org","@graph":[{"@type":"WebPage","@id":"https:\/\/www.foscarini.com\/de\/produkt\/rituals-2-rituals-s-de\/","url":"https:\/\/www.foscarini.com\/de\/produkt\/rituals-2-rituals-s-de\/","name":"Rituals 2 - Foscarini","isPartOf":{"@id":"https:\/\/www.foscarini.com\/#website"},"primaryImageOfPage":{"@id":"https:\/\/www.foscarini.com\/de\/produkt\/rituals-2-rituals-s-de\/#primaryimage"},"image":{"@id":"https:\/\/www.foscarini.com\/de\/produkt\/rituals-2-rituals-s-de\/#primaryimage"},"thumbnailUrl":"https:\/\/www.foscarini.com\/wp-content\/uploads\/2025\/06\/rituals-2_s_white_22_786x865-3.jpg","datePublished":"2024-03-28T18:12:20+00:00","dateModified":"2025-06-11T14:57:53+00:00","breadcrumb":{"@id":"https:\/\/www.foscarini.com\/de\/produkt\/rituals-2-rituals-s-de\/#breadcrumb"},"inLanguage":"de","potentialAction":[{"@type":"ReadAction","target":["https:\/\/www.foscarini.com\/de\/produkt\/rituals-2-rituals-s-de\/"]}]},{"@type":"ImageObject","inLanguage":"de","@id":"https:\/\/www.foscarini.com\/de\/produkt\/rituals-2-rituals-s-de\/#primaryimage","url":"https:\/\/www.foscarini.com\/wp-content\/uploads\/2025\/06\/rituals-2_s_white_22_786x865-3.jpg","contentUrl":"https:\/\/www.foscarini.com\/wp-content\/uploads\/2025\/06\/rituals-2_s_white_22_786x865-3.jpg","width":786,"height":865},{"@type":"BreadcrumbList","@id":"https:\/\/www.foscarini.com\/de\/produkt\/rituals-2-rituals-s-de\/#breadcrumb","itemListElement":[{"@type":"ListItem","position":1,"name":"Home","item":"https:\/\/www.foscarini.com\/de\/"},{"@type":"ListItem","position":2,"name":"Shop","item":"https:\/\/www.foscarini.com\/de\/shop\/"},{"@type":"ListItem","position":3,"name":"Rituals 2"}]},{"@type":"WebSite","@id":"https:\/\/www.foscarini.com\/#website","url":"https:\/\/www.foscarini.com\/","name":"Foscarini","description":"","potentialAction":[{"@type":"SearchAction","target":{"@type":"EntryPoint","urlTemplate":"https:\/\/www.foscarini.com\/?s={search_term_string}"},"query-input":{"@type":"PropertyValueSpecification","valueRequired":true,"valueName":"search_term_string"}}],"inLanguage":"de"}]}},"_links":{"self":[{"href":"https:\/\/www.foscarini.com\/de\/wp-json\/wp\/v2\/product\/191910"}],"collection":[{"href":"https:\/\/www.foscarini.com\/de\/wp-json\/wp\/v2\/product"}],"about":[{"href":"https:\/\/www.foscarini.com\/de\/wp-json\/wp\/v2\/types\/product"}],"replies":[{"embeddable":true,"href":"https:\/\/www.foscarini.com\/de\/wp-json\/wp\/v2\/comments?post=191910"}],"wp:featuredmedia":[{"embeddable":true,"href":"https:\/\/www.foscarini.com\/de\/wp-json\/wp\/v2\/media\/469375"}],"wp:attachment":[{"href":"https:\/\/www.foscarini.com\/de\/wp-json\/wp\/v2\/media?parent=191910"}],"wp:term":[{"taxonomy":"product_cat","embeddable":true,"href":"https:\/\/www.foscarini.com\/de\/wp-json\/wp\/v2\/product_cat?post=191910"},{"taxonomy":"product_tag","embeddable":true,"href":"https:\/\/www.foscarini.com\/de\/wp-json\/wp\/v2\/product_tag?post=191910"},{"taxonomy":"materiale","embeddable":true,"href":"https:\/\/www.foscarini.com\/de\/wp-json\/wp\/v2\/materiale?post=191910"},{"taxonomy":"altezza","embeddable":true,"href":"https:\/\/www.foscarini.com\/de\/wp-json\/wp\/v2\/altezza?post=191910"},{"taxonomy":"larghezza","embeddable":true,"href":"https:\/\/www.foscarini.com\/de\/wp-json\/wp\/v2\/larghezza?post=191910"},{"taxonomy":"profondita","embeddable":true,"href":"https:\/\/www.foscarini.com\/de\/wp-json\/wp\/v2\/profondita?post=191910"},{"taxonomy":"peso","embeddable":true,"href":"https:\/\/www.foscarini.com\/de\/wp-json\/wp\/v2\/peso?post=191910"},{"taxonomy":"designer-prodotto","embeddable":true,"href":"https:\/\/www.foscarini.com\/de\/wp-json\/wp\/v2\/designer-prodotto?post=191910"}],"curies":[{"name":"wp","href":"https:\/\/api.w.org\/{rel}","templated":true}]}}