{"id":191782,"date":"2024-03-28T17:50:15","date_gmt":"2024-03-28T17:50:15","guid":{"rendered":"https:\/\/www.foscarini.com\/product\/buds-1-buds-s\/"},"modified":"2025-06-11T11:18:25","modified_gmt":"2025-06-11T11:18:25","slug":"buds-1-buds-s-de","status":"publish","type":"product","link":"https:\/\/www.foscarini.com\/de\/produkt\/buds-1-buds-s-de\/","title":{"rendered":"Buds 1"},"content":{"rendered":"<p>La raffinata ricchezza del vetro soffiato, per una elegante collezione di lampade che esplorano diversi abbinamenti di forme e tonalit\u00e0. La versione a sospensione Buds 1 \u00e8 caratterizzata dalla forma allungata, perfetta da sola o in composizione con gli altri modelli della famiglia.<\/p><section class=\"pdp__slider full-height-vh\">\n    <div class=\"swiper-container swiper__pdp\">\n        <div class=\"swiper-wrapper full-height\">\n                                <div class=\"swiper-slide\">\n                                                    <img decoding=\"async\" class=\"full-cover\" src=\"https:\/\/www.foscarini.com\/wp-content\/uploads\/2024\/03\/3.1_Buds-3-150x150.jpg\" srcset=\"https:\/\/www.foscarini.com\/wp-content\/uploads\/2024\/03\/3.1_Buds-3-300x200.jpg 300w, https:\/\/www.foscarini.com\/wp-content\/uploads\/2024\/03\/3.1_Buds-3-1024x683.jpg 1024w, https:\/\/www.foscarini.com\/wp-content\/uploads\/2024\/03\/3.1_Buds-3-768x512.jpg 768w, https:\/\/www.foscarini.com\/wp-content\/uploads\/2024\/03\/3.1_Buds-3-1536x1024.jpg 1536w, https:\/\/www.foscarini.com\/wp-content\/uploads\/2024\/03\/3.1_Buds-3-2048x1365.jpg 2048w, https:\/\/www.foscarini.com\/wp-content\/uploads\/2024\/03\/3.1_Buds-3-800x533.jpg 800w\" alt=\"\" \/>\n                                                                        <\/div>\n                                        <div class=\"swiper-slide\">\n                                                    <img decoding=\"async\" class=\"full-cover\" src=\"https:\/\/www.foscarini.com\/wp-content\/uploads\/2024\/03\/3.2_Buds-3-150x150.jpg\" srcset=\"https:\/\/www.foscarini.com\/wp-content\/uploads\/2024\/03\/3.2_Buds-3-300x200.jpg 300w, https:\/\/www.foscarini.com\/wp-content\/uploads\/2024\/03\/3.2_Buds-3-1024x683.jpg 1024w, https:\/\/www.foscarini.com\/wp-content\/uploads\/2024\/03\/3.2_Buds-3-768x512.jpg 768w, https:\/\/www.foscarini.com\/wp-content\/uploads\/2024\/03\/3.2_Buds-3-1536x1024.jpg 1536w, https:\/\/www.foscarini.com\/wp-content\/uploads\/2024\/03\/3.2_Buds-3-2048x1365.jpg 2048w, https:\/\/www.foscarini.com\/wp-content\/uploads\/2024\/03\/3.2_Buds-3-800x533.jpg 800w\" alt=\"\" \/>\n                                                                        <\/div>\n                                        <div class=\"swiper-slide\">\n                                                    <img decoding=\"async\" class=\"full-cover\" src=\"https:\/\/www.foscarini.com\/wp-content\/uploads\/2024\/03\/3.3_Buds-3-150x150.jpg\" srcset=\"https:\/\/www.foscarini.com\/wp-content\/uploads\/2024\/03\/3.3_Buds-3-199x300.jpg 199w, https:\/\/www.foscarini.com\/wp-content\/uploads\/2024\/03\/3.3_Buds-3-678x1024.jpg 678w, https:\/\/www.foscarini.com\/wp-content\/uploads\/2024\/03\/3.3_Buds-3-768x1160.jpg 768w, https:\/\/www.foscarini.com\/wp-content\/uploads\/2024\/03\/3.3_Buds-3-800x1208.jpg 800w, https:\/\/www.foscarini.com\/wp-content\/uploads\/2024\/03\/3.3_Buds-3.jpg 980w\" alt=\"\" \/>\n                                                                        <\/div>\n                                        <div class=\"swiper-slide\">\n                                                    <img decoding=\"async\" class=\"full-cover\" src=\"https:\/\/www.foscarini.com\/wp-content\/uploads\/2024\/03\/3.4_Buds-3-150x150.jpg\" srcset=\"https:\/\/www.foscarini.com\/wp-content\/uploads\/2024\/03\/3.4_Buds-3-300x200.jpg 300w, https:\/\/www.foscarini.com\/wp-content\/uploads\/2024\/03\/3.4_Buds-3-1024x683.jpg 1024w, https:\/\/www.foscarini.com\/wp-content\/uploads\/2024\/03\/3.4_Buds-3-768x512.jpg 768w, https:\/\/www.foscarini.com\/wp-content\/uploads\/2024\/03\/3.4_Buds-3-1536x1024.jpg 1536w, https:\/\/www.foscarini.com\/wp-content\/uploads\/2024\/03\/3.4_Buds-3-2048x1365.jpg 2048w, https:\/\/www.foscarini.com\/wp-content\/uploads\/2024\/03\/3.4_Buds-3-800x533.jpg 800w\" alt=\"\" \/>\n                                                                        <\/div>\n                                        <div class=\"swiper-slide\">\n                                                    <img decoding=\"async\" class=\"full-cover\" src=\"https:\/\/www.foscarini.com\/wp-content\/uploads\/2024\/03\/3.5_Buds1-3-150x150.jpg\" srcset=\"https:\/\/www.foscarini.com\/wp-content\/uploads\/2024\/03\/3.5_Buds1-3-199x300.jpg 199w, https:\/\/www.foscarini.com\/wp-content\/uploads\/2024\/03\/3.5_Buds1-3-678x1024.jpg 678w, https:\/\/www.foscarini.com\/wp-content\/uploads\/2024\/03\/3.5_Buds1-3-768x1160.jpg 768w, https:\/\/www.foscarini.com\/wp-content\/uploads\/2024\/03\/3.5_Buds1-3-800x1208.jpg 800w, https:\/\/www.foscarini.com\/wp-content\/uploads\/2024\/03\/3.5_Buds1-3.jpg 980w\" alt=\"\" \/>\n                                                                        <\/div>\n                            <\/div>\n    <\/div>\n    <div class=\"swiper-scrollbar\"><\/div>\n    <div class=\"ct-arrow\">\n        <div class=\"swiper-button-prev\"><\/div>\n        <div class=\"swiper-button-next\"><\/div>\n    <\/div>\n<\/section><section class=\"concept__project_comunication full-height-vh\">\n    <div class=\"row row-large\">\n        <div class=\"medium-12 small-12 columns full-height no-padding-right-mobile\">\n            <div class=\"ct-image-text-lateral\">\n                <div class=\"ct-arrow\">\n                    <div class=\"swiper-button-prev\" aria-label=\"previous slide\"><\/div>\n                    <div class=\"swiper-button-next\" aria-label=\"next slide\"><\/div>\n                <\/div>\n                <span class=\"section-name-lateral\">Verlagsinhalte<\/span>\n                <!-- Swiper -->\n                <div class=\"swiper-container swiper__concept__comunication\">\n                    <div class=\"swiper-wrapper\">\n                                                            <div class=\"swiper-slide\">\n                                        <div class=\"ct-slide\">\n                                                                                            <video class=\"video-controls\" autoplay loop muted playsinline>\n                                                    <source src=\"https:\/\/cdn1.foscarini.com\/Designers-Video\/Buds-Dordoni-it.mp4\" type=\"video\/mp4\">\n                                                    Your browser does not support the video tag.\n                                                <\/video>\n                                                                                            <div class=\"ct-col-right\">\n                                                <div class=\"ct-link\">\n                                                    <a class=\"link-arrow no-link\" href=\"\">Leuchten, bei denen man sich \u201ezu Hause\u201c f\u00fchlt<\/a>\n                                                    <div class=\"text-1\"><p>Mit einem Umzug, der eine Entwicklung darstellt, feiert Rodolfo Dordoni die Bedeutung von Herzensgegenst\u00e4nden.<\/p>\n<\/div>\n                                                <\/div>\n                                            <\/div>\n                                        <\/div>\n                                    <\/div>\n                                                                        <div class=\"swiper-slide\">\n                                        <div class=\"ct-slide\">\n                                                                                                <img decoding=\"async\" class=\"full-cover\" src=\"https:\/\/www.foscarini.com\/wp-content\/uploads\/2023\/06\/Modulo1_Babina-150x150.jpg\" srcset=\"https:\/\/www.foscarini.com\/wp-content\/uploads\/2023\/06\/Modulo1_Babina-300x194.jpg 300w, https:\/\/www.foscarini.com\/wp-content\/uploads\/2023\/06\/Modulo1_Babina-800x518.jpg 800w, https:\/\/www.foscarini.com\/wp-content\/uploads\/2023\/06\/Modulo1_Babina-1024x663.jpg 1024w, https:\/\/www.foscarini.com\/wp-content\/uploads\/2023\/06\/Modulo1_Babina-768x498.jpg 768w, https:\/\/www.foscarini.com\/wp-content\/uploads\/2023\/06\/Modulo1_Babina-1536x995.jpg 1536w, https:\/\/www.foscarini.com\/wp-content\/uploads\/2023\/06\/Modulo1_Babina-2048x1327.jpg 2048w\" alt=\"\" \/>\n                                                                                                <div class=\"ct-col-right\">\n                                                <div class=\"ct-link\">\n                                                    <a class=\"link-arrow\" href=\"https:\/\/www.foscarini.com\/de\/ein-designzoo-die-kreativitaet-von-federico-babina-fuer-whats-in-a-lamp\/\">Ein \u201eDesignzoo\u201c: die Kreativit\u00e4t von Federico Babina f\u00fcr \u201eWhat\u2019s in a lamp?\u201c<\/a>\n                                                    <div class=\"text-1\"><p>In seiner Serie \u201eLux Like\u201c hatte Federico Babina Spa\u00df daran, in den Formen einiger Foscarini-Lampen Tiere zu suchen.<\/p>\n<\/div>\n                                                <\/div>\n                                            <\/div>\n                                        <\/div>\n                                    <\/div>\n                                                        <\/div>\n                <\/div>\n            <\/div>\n        <\/div>\n    <\/div>\n<\/section>","protected":false},"excerpt":{"rendered":"<p>H\u00e4ngeleuchte mit diffusem Licht. Diffusor aus ummanteltem mundgeblasenem Glas, innen wei\u00df und au\u00dfen farbig, gl\u00e4nzende Verarbeitung. Die au\u00dfen in warmem Wei\u00df gehaltene Leuchte mit strohgelber Innenseite leuchtet in eingeschaltetem Zustand elfenbeinfarben, ausgeschaltet bleibt sie wei\u00df. Halterung des Diffusors aus durchsichtigem spritzgegossenem Polykarbonat. Aufh\u00e4ngungskabel aus Edelstahl und durchsichtiges Elektrokabel. Deckenrosette aus gl\u00e4nzendem Wei\u00dfem ABS-Kunststoff. Baldachin-Dezentralisierungssatz erh\u00e4ltich.<\/p>\n","protected":false},"featured_media":466019,"comment_status":"open","ping_status":"closed","template":"","meta":{"_acf_changed":true},"product_cat":[5355,1087,650,715,746],"product_tag":[],"materiale":[8163],"altezza":[8048],"larghezza":[7282],"profondita":[7502],"peso":[9612],"designer-prodotto":[7572],"class_list":{"0":"post-191782","1":"product","2":"type-product","3":"status-publish","4":"has-post-thumbnail","6":"product_cat-buds-famiglia-de","7":"product_cat-buds-concetto-de","8":"product_cat-concetto-de","9":"product_cat-funzione-de","10":"product_cat-sospensione-de","11":"materiale-vetro-e-vetro-soffiato-de","12":"altezza-15-12-de","13":"larghezza-10-38-de","14":"profondita-10-38-de","15":"peso-36-de","16":"designer-prodotto-rodolfo-dordoni-de","18":"first","19":"instock","20":"shipping-taxable","21":"purchasable","22":"product-type-variable"},"acf":{"preview_slider":{"titolo":"","testo":"","video_domanda":false,"link_video":""},"prodotto__immagine_preview":{"immagine":120072},"prodotto__slider":{"sottotitolo":"Rodolfo Dordoni (2016)","titolo":"Die raffinierte Vielseitigkeit von geblasenem Glas in einer eleganten Leuchtenkollektion, in der unterschiedliche Kombinationen von Formen und Farbt\u00f6nen erforscht werden. Die H\u00e4ngeleuchte Buds 1 ist von einer l\u00e4nglichen Form gepr\u00e4gt, die ideal als Einzelleuchte oder kombiniert mit anderen Modellen der Leuchtenfamilie zum Einsatz kommt.","immagini":[{"immagine":306278,"immagine_mobile":null},{"immagine":472852,"immagine_mobile":null}]},"prodotto__slider_preview":null,"prodotto__specifiche":{"selezione":[{"scheda_tecnica":461500},{"scheda_tecnica":461501}]}},"yoast_head":"<!-- This site is optimized with the Yoast SEO Premium plugin v22.4 (Yoast SEO v23.7) - https:\/\/yoast.com\/wordpress\/plugins\/seo\/ -->\n<title>Buds 1 - Foscarini<\/title>\n<meta name=\"robots\" content=\"index, follow, max-snippet:-1, max-image-preview:large, max-video-preview:-1\" \/>\n<meta property=\"og:locale\" content=\"de_DE\" \/>\n<meta property=\"og:type\" content=\"article\" \/>\n<meta property=\"og:title\" content=\"Buds 1\" \/>\n<meta property=\"og:description\" content=\"H\u00e4ngeleuchte mit diffusem Licht. Diffusor aus ummanteltem mundgeblasenem Glas, innen wei\u00df und au\u00dfen farbig, gl\u00e4nzende Verarbeitung. Die au\u00dfen in warmem Wei\u00df gehaltene Leuchte mit strohgelber Innenseite leuchtet in eingeschaltetem Zustand elfenbeinfarben, ausgeschaltet bleibt sie wei\u00df. Halterung des Diffusors aus durchsichtigem spritzgegossenem Polykarbonat. Aufh\u00e4ngungskabel aus Edelstahl und durchsichtiges Elektrokabel. Deckenrosette aus gl\u00e4nzendem Wei\u00dfem ABS-Kunststoff. Baldachin-Dezentralisierungssatz erh\u00e4ltich.\" \/>\n<meta property=\"og:url\" content=\"https:\/\/www.foscarini.com\/de\/produkt\/buds-1-buds-s-de\/\" \/>\n<meta property=\"og:site_name\" content=\"Foscarini\" \/>\n<meta property=\"article:modified_time\" content=\"2025-06-11T11:18:25+00:00\" \/>\n<meta property=\"og:image\" content=\"https:\/\/www.foscarini.com\/wp-content\/uploads\/2025\/06\/buds-1_s_warm-white_22_786x865-3.jpg\" \/>\n\t<meta property=\"og:image:width\" content=\"786\" \/>\n\t<meta property=\"og:image:height\" content=\"865\" \/>\n\t<meta property=\"og:image:type\" content=\"image\/jpeg\" \/>\n<meta name=\"twitter:card\" content=\"summary_large_image\" \/>\n<meta name=\"twitter:label1\" content=\"Gesch\u00e4tzte Lesezeit\" \/>\n\t<meta name=\"twitter:data1\" content=\"1\u00a0Minute\" \/>\n<script type=\"application\/ld+json\" class=\"yoast-schema-graph\">{\"@context\":\"https:\/\/schema.org\",\"@graph\":[{\"@type\":\"WebPage\",\"@id\":\"https:\/\/www.foscarini.com\/de\/produkt\/buds-1-buds-s-de\/\",\"url\":\"https:\/\/www.foscarini.com\/de\/produkt\/buds-1-buds-s-de\/\",\"name\":\"Buds 1 - Foscarini\",\"isPartOf\":{\"@id\":\"https:\/\/www.foscarini.com\/#website\"},\"primaryImageOfPage\":{\"@id\":\"https:\/\/www.foscarini.com\/de\/produkt\/buds-1-buds-s-de\/#primaryimage\"},\"image\":{\"@id\":\"https:\/\/www.foscarini.com\/de\/produkt\/buds-1-buds-s-de\/#primaryimage\"},\"thumbnailUrl\":\"https:\/\/www.foscarini.com\/wp-content\/uploads\/2025\/06\/buds-1_s_warm-white_22_786x865-6.jpg\",\"datePublished\":\"2024-03-28T17:50:15+00:00\",\"dateModified\":\"2025-06-11T11:18:25+00:00\",\"breadcrumb\":{\"@id\":\"https:\/\/www.foscarini.com\/de\/produkt\/buds-1-buds-s-de\/#breadcrumb\"},\"inLanguage\":\"de\",\"potentialAction\":[{\"@type\":\"ReadAction\",\"target\":[\"https:\/\/www.foscarini.com\/de\/produkt\/buds-1-buds-s-de\/\"]}]},{\"@type\":\"ImageObject\",\"inLanguage\":\"de\",\"@id\":\"https:\/\/www.foscarini.com\/de\/produkt\/buds-1-buds-s-de\/#primaryimage\",\"url\":\"https:\/\/www.foscarini.com\/wp-content\/uploads\/2025\/06\/buds-1_s_warm-white_22_786x865-6.jpg\",\"contentUrl\":\"https:\/\/www.foscarini.com\/wp-content\/uploads\/2025\/06\/buds-1_s_warm-white_22_786x865-6.jpg\",\"width\":786,\"height\":865},{\"@type\":\"BreadcrumbList\",\"@id\":\"https:\/\/www.foscarini.com\/de\/produkt\/buds-1-buds-s-de\/#breadcrumb\",\"itemListElement\":[{\"@type\":\"ListItem\",\"position\":1,\"name\":\"Home\",\"item\":\"https:\/\/www.foscarini.com\/de\/\"},{\"@type\":\"ListItem\",\"position\":2,\"name\":\"Shop\",\"item\":\"https:\/\/www.foscarini.com\/de\/shop\/\"},{\"@type\":\"ListItem\",\"position\":3,\"name\":\"Buds 1\"}]},{\"@type\":\"WebSite\",\"@id\":\"https:\/\/www.foscarini.com\/#website\",\"url\":\"https:\/\/www.foscarini.com\/\",\"name\":\"Foscarini\",\"description\":\"\",\"potentialAction\":[{\"@type\":\"SearchAction\",\"target\":{\"@type\":\"EntryPoint\",\"urlTemplate\":\"https:\/\/www.foscarini.com\/?s={search_term_string}\"},\"query-input\":{\"@type\":\"PropertyValueSpecification\",\"valueRequired\":true,\"valueName\":\"search_term_string\"}}],\"inLanguage\":\"de\"}]}<\/script>\n<!-- \/ Yoast SEO Premium plugin. -->","yoast_head_json":{"title":"Buds 1 - Foscarini","robots":{"index":"index","follow":"follow","max-snippet":"max-snippet:-1","max-image-preview":"max-image-preview:large","max-video-preview":"max-video-preview:-1"},"og_locale":"de_DE","og_type":"article","og_title":"Buds 1","og_description":"H\u00e4ngeleuchte mit diffusem Licht. Diffusor aus ummanteltem mundgeblasenem Glas, innen wei\u00df und au\u00dfen farbig, gl\u00e4nzende Verarbeitung. Die au\u00dfen in warmem Wei\u00df gehaltene Leuchte mit strohgelber Innenseite leuchtet in eingeschaltetem Zustand elfenbeinfarben, ausgeschaltet bleibt sie wei\u00df. Halterung des Diffusors aus durchsichtigem spritzgegossenem Polykarbonat. Aufh\u00e4ngungskabel aus Edelstahl und durchsichtiges Elektrokabel. Deckenrosette aus gl\u00e4nzendem Wei\u00dfem ABS-Kunststoff. Baldachin-Dezentralisierungssatz erh\u00e4ltich.","og_url":"https:\/\/www.foscarini.com\/de\/produkt\/buds-1-buds-s-de\/","og_site_name":"Foscarini","article_modified_time":"2025-06-11T11:18:25+00:00","og_image":[{"width":786,"height":865,"url":"https:\/\/www.foscarini.com\/wp-content\/uploads\/2025\/06\/buds-1_s_warm-white_22_786x865-3.jpg","type":"image\/jpeg"}],"twitter_card":"summary_large_image","twitter_misc":{"Gesch\u00e4tzte Lesezeit":"1\u00a0Minute"},"schema":{"@context":"https:\/\/schema.org","@graph":[{"@type":"WebPage","@id":"https:\/\/www.foscarini.com\/de\/produkt\/buds-1-buds-s-de\/","url":"https:\/\/www.foscarini.com\/de\/produkt\/buds-1-buds-s-de\/","name":"Buds 1 - Foscarini","isPartOf":{"@id":"https:\/\/www.foscarini.com\/#website"},"primaryImageOfPage":{"@id":"https:\/\/www.foscarini.com\/de\/produkt\/buds-1-buds-s-de\/#primaryimage"},"image":{"@id":"https:\/\/www.foscarini.com\/de\/produkt\/buds-1-buds-s-de\/#primaryimage"},"thumbnailUrl":"https:\/\/www.foscarini.com\/wp-content\/uploads\/2025\/06\/buds-1_s_warm-white_22_786x865-6.jpg","datePublished":"2024-03-28T17:50:15+00:00","dateModified":"2025-06-11T11:18:25+00:00","breadcrumb":{"@id":"https:\/\/www.foscarini.com\/de\/produkt\/buds-1-buds-s-de\/#breadcrumb"},"inLanguage":"de","potentialAction":[{"@type":"ReadAction","target":["https:\/\/www.foscarini.com\/de\/produkt\/buds-1-buds-s-de\/"]}]},{"@type":"ImageObject","inLanguage":"de","@id":"https:\/\/www.foscarini.com\/de\/produkt\/buds-1-buds-s-de\/#primaryimage","url":"https:\/\/www.foscarini.com\/wp-content\/uploads\/2025\/06\/buds-1_s_warm-white_22_786x865-6.jpg","contentUrl":"https:\/\/www.foscarini.com\/wp-content\/uploads\/2025\/06\/buds-1_s_warm-white_22_786x865-6.jpg","width":786,"height":865},{"@type":"BreadcrumbList","@id":"https:\/\/www.foscarini.com\/de\/produkt\/buds-1-buds-s-de\/#breadcrumb","itemListElement":[{"@type":"ListItem","position":1,"name":"Home","item":"https:\/\/www.foscarini.com\/de\/"},{"@type":"ListItem","position":2,"name":"Shop","item":"https:\/\/www.foscarini.com\/de\/shop\/"},{"@type":"ListItem","position":3,"name":"Buds 1"}]},{"@type":"WebSite","@id":"https:\/\/www.foscarini.com\/#website","url":"https:\/\/www.foscarini.com\/","name":"Foscarini","description":"","potentialAction":[{"@type":"SearchAction","target":{"@type":"EntryPoint","urlTemplate":"https:\/\/www.foscarini.com\/?s={search_term_string}"},"query-input":{"@type":"PropertyValueSpecification","valueRequired":true,"valueName":"search_term_string"}}],"inLanguage":"de"}]}},"_links":{"self":[{"href":"https:\/\/www.foscarini.com\/de\/wp-json\/wp\/v2\/product\/191782"}],"collection":[{"href":"https:\/\/www.foscarini.com\/de\/wp-json\/wp\/v2\/product"}],"about":[{"href":"https:\/\/www.foscarini.com\/de\/wp-json\/wp\/v2\/types\/product"}],"replies":[{"embeddable":true,"href":"https:\/\/www.foscarini.com\/de\/wp-json\/wp\/v2\/comments?post=191782"}],"wp:featuredmedia":[{"embeddable":true,"href":"https:\/\/www.foscarini.com\/de\/wp-json\/wp\/v2\/media\/466019"}],"wp:attachment":[{"href":"https:\/\/www.foscarini.com\/de\/wp-json\/wp\/v2\/media?parent=191782"}],"wp:term":[{"taxonomy":"product_cat","embeddable":true,"href":"https:\/\/www.foscarini.com\/de\/wp-json\/wp\/v2\/product_cat?post=191782"},{"taxonomy":"product_tag","embeddable":true,"href":"https:\/\/www.foscarini.com\/de\/wp-json\/wp\/v2\/product_tag?post=191782"},{"taxonomy":"materiale","embeddable":true,"href":"https:\/\/www.foscarini.com\/de\/wp-json\/wp\/v2\/materiale?post=191782"},{"taxonomy":"altezza","embeddable":true,"href":"https:\/\/www.foscarini.com\/de\/wp-json\/wp\/v2\/altezza?post=191782"},{"taxonomy":"larghezza","embeddable":true,"href":"https:\/\/www.foscarini.com\/de\/wp-json\/wp\/v2\/larghezza?post=191782"},{"taxonomy":"profondita","embeddable":true,"href":"https:\/\/www.foscarini.com\/de\/wp-json\/wp\/v2\/profondita?post=191782"},{"taxonomy":"peso","embeddable":true,"href":"https:\/\/www.foscarini.com\/de\/wp-json\/wp\/v2\/peso?post=191782"},{"taxonomy":"designer-prodotto","embeddable":true,"href":"https:\/\/www.foscarini.com\/de\/wp-json\/wp\/v2\/designer-prodotto?post=191782"}],"curies":[{"name":"wp","href":"https:\/\/api.w.org\/{rel}","templated":true}]}}