{"id":191100,"date":"2024-03-28T17:47:59","date_gmt":"2024-03-28T17:47:59","guid":{"rendered":"https:\/\/www.foscarini.com\/product\/birdie-std-s\/"},"modified":"2025-06-11T11:09:06","modified_gmt":"2025-06-11T11:09:06","slug":"birdie-std-s-de","status":"publish","type":"product","link":"https:\/\/www.foscarini.com\/de\/produkt\/birdie-std-s-de\/","title":{"rendered":"Birdie"},"content":{"rendered":"<p>La lampada a sospensione Birdie \u00e8 leggera, familiare, caratterizzata dal richiamo di un ramoscello pronto ad accogliere un uccellino, da cui il nome. Diffonde una luce calda e intima nell\u2019ambiente e verso il basso.<\/p><section class=\"pdp__slider full-height-vh\">\n    <div class=\"swiper-container swiper__pdp\">\n        <div class=\"swiper-wrapper full-height\">\n                                <div class=\"swiper-slide\">\n                                                    <img decoding=\"async\" class=\"full-cover\" src=\"https:\/\/www.foscarini.com\/wp-content\/uploads\/2024\/03\/3.1_Birdie-4-150x150.jpg\" srcset=\"https:\/\/www.foscarini.com\/wp-content\/uploads\/2024\/03\/3.1_Birdie-4-300x200.jpg 300w, https:\/\/www.foscarini.com\/wp-content\/uploads\/2024\/03\/3.1_Birdie-4-1024x683.jpg 1024w, https:\/\/www.foscarini.com\/wp-content\/uploads\/2024\/03\/3.1_Birdie-4-768x512.jpg 768w, https:\/\/www.foscarini.com\/wp-content\/uploads\/2024\/03\/3.1_Birdie-4-1536x1024.jpg 1536w, https:\/\/www.foscarini.com\/wp-content\/uploads\/2024\/03\/3.1_Birdie-4-2048x1365.jpg 2048w, https:\/\/www.foscarini.com\/wp-content\/uploads\/2024\/03\/3.1_Birdie-4-800x533.jpg 800w\" alt=\"\" \/>\n                                                                        <\/div>\n                                        <div class=\"swiper-slide\">\n                                                    <img decoding=\"async\" class=\"full-cover\" src=\"https:\/\/www.foscarini.com\/wp-content\/uploads\/2024\/03\/3.4_Birdie-5-150x150.jpg\" srcset=\"https:\/\/www.foscarini.com\/wp-content\/uploads\/2024\/03\/3.4_Birdie-5-199x300.jpg 199w, https:\/\/www.foscarini.com\/wp-content\/uploads\/2024\/03\/3.4_Birdie-5-678x1024.jpg 678w, https:\/\/www.foscarini.com\/wp-content\/uploads\/2024\/03\/3.4_Birdie-5-768x1160.jpg 768w, https:\/\/www.foscarini.com\/wp-content\/uploads\/2024\/03\/3.4_Birdie-5-800x1208.jpg 800w, https:\/\/www.foscarini.com\/wp-content\/uploads\/2024\/03\/3.4_Birdie-5.jpg 980w\" alt=\"\" \/>\n                                                                        <\/div>\n                                        <div class=\"swiper-slide\">\n                                                    <img decoding=\"async\" class=\"full-cover\" src=\"https:\/\/www.foscarini.com\/wp-content\/uploads\/2024\/03\/3.5_Birdie-5-150x150.jpg\" srcset=\"https:\/\/www.foscarini.com\/wp-content\/uploads\/2024\/03\/3.5_Birdie-5-199x300.jpg 199w, https:\/\/www.foscarini.com\/wp-content\/uploads\/2024\/03\/3.5_Birdie-5-678x1024.jpg 678w, https:\/\/www.foscarini.com\/wp-content\/uploads\/2024\/03\/3.5_Birdie-5-768x1160.jpg 768w, https:\/\/www.foscarini.com\/wp-content\/uploads\/2024\/03\/3.5_Birdie-5-800x1208.jpg 800w, https:\/\/www.foscarini.com\/wp-content\/uploads\/2024\/03\/3.5_Birdie-5.jpg 980w\" alt=\"\" \/>\n                                                                        <\/div>\n                                        <div class=\"swiper-slide\">\n                                                    <img decoding=\"async\" class=\"full-cover\" src=\"https:\/\/www.foscarini.com\/wp-content\/uploads\/2024\/03\/3.6_Birdie-5-150x150.jpg\" srcset=\"https:\/\/www.foscarini.com\/wp-content\/uploads\/2024\/03\/3.6_Birdie-5-199x300.jpg 199w, https:\/\/www.foscarini.com\/wp-content\/uploads\/2024\/03\/3.6_Birdie-5-678x1024.jpg 678w, https:\/\/www.foscarini.com\/wp-content\/uploads\/2024\/03\/3.6_Birdie-5-768x1160.jpg 768w, https:\/\/www.foscarini.com\/wp-content\/uploads\/2024\/03\/3.6_Birdie-5-800x1208.jpg 800w, https:\/\/www.foscarini.com\/wp-content\/uploads\/2024\/03\/3.6_Birdie-5.jpg 980w\" alt=\"\" \/>\n                                                                        <\/div>\n                            <\/div>\n    <\/div>\n    <div class=\"swiper-scrollbar\"><\/div>\n    <div class=\"ct-arrow\">\n        <div class=\"swiper-button-prev\"><\/div>\n        <div class=\"swiper-button-next\"><\/div>\n    <\/div>\n<\/section>","protected":false},"excerpt":{"rendered":"<p>H\u00e4ngeleuchte in zwei Gr\u00f6\u00dfen mit direktem und diffusem Licht. Diffusor aus transparentem, spritzgegossenem Polycarbonat Fassung aus fl\u00fcssiglackiertem Stahl. Durchsichtiges, selbsttragendes Elektrokabel, Deckenrosette mit B\u00fcgel aus verzinktem Metall und Verkleidung aus mattem, wei\u00dfem, durchgef\u00e4rbtem ABS-Kunststoff.<\/p>\n","protected":false},"featured_media":465840,"comment_status":"open","ping_status":"closed","template":"","meta":{"_acf_changed":true},"product_cat":[1078,5331,650,715,746],"product_tag":[],"materiale":[8322],"altezza":[8501],"larghezza":[11604],"profondita":[11535],"peso":[7582],"designer-prodotto":[7895],"class_list":{"0":"post-191100","1":"product","2":"type-product","3":"status-publish","4":"has-post-thumbnail","6":"product_cat-birdie-concetto-de","7":"product_cat-birdie-famiglia-de","8":"product_cat-concetto-de","9":"product_cat-funzione-de","10":"product_cat-sospensione-de","11":"materiale-materiale-plastico-de","12":"altezza-16-12-de","13":"larghezza-9-78-de","14":"profondita-9-78-de","15":"peso-11-de","16":"designer-prodotto-ludovica-e-roberto-palomba-de","18":"first","19":"instock","20":"shipping-taxable","21":"purchasable","22":"product-type-variable"},"acf":{"preview_slider":{"titolo":"","testo":"","video_domanda":false,"link_video":""},"prodotto__immagine_preview":{"immagine":119883},"prodotto__slider":{"sottotitolo":"Ludovica+Roberto Palomba (2013)","titolo":"Die H\u00e4ngeleuchte Birdie ist leicht, vertraut und erinnert an einen kleinen Ast, der darauf wartet, dass sich ein kleines V\u00f6gelchen auf ihm niederl\u00e4sst, daher auch der Name. Sie l\u00e4sst ein warmes und intimes Licht in den Raum dringen und strahlt es nach unten.","immagini":[{"immagine":308243,"immagine_mobile":null},{"immagine":308250,"immagine_mobile":null}]},"prodotto__slider_preview":null,"prodotto__specifiche":{"selezione":[{"scheda_tecnica":461352},{"scheda_tecnica":461353}]}},"yoast_head":"<!-- This site is optimized with the Yoast SEO Premium plugin v22.4 (Yoast SEO v23.7) - https:\/\/yoast.com\/wordpress\/plugins\/seo\/ -->\n<title>Birdie - Foscarini<\/title>\n<meta name=\"robots\" content=\"index, follow, max-snippet:-1, max-image-preview:large, max-video-preview:-1\" \/>\n<meta property=\"og:locale\" content=\"de_DE\" \/>\n<meta property=\"og:type\" content=\"article\" \/>\n<meta property=\"og:title\" content=\"Birdie\" \/>\n<meta property=\"og:description\" content=\"H\u00e4ngeleuchte in zwei Gr\u00f6\u00dfen mit direktem und diffusem Licht. Diffusor aus transparentem, spritzgegossenem Polycarbonat Fassung aus fl\u00fcssiglackiertem Stahl. Durchsichtiges, selbsttragendes Elektrokabel, Deckenrosette mit B\u00fcgel aus verzinktem Metall und Verkleidung aus mattem, wei\u00dfem, durchgef\u00e4rbtem ABS-Kunststoff.\" \/>\n<meta property=\"og:url\" content=\"https:\/\/www.foscarini.com\/de\/produkt\/birdie-std-s-de\/\" \/>\n<meta property=\"og:site_name\" content=\"Foscarini\" \/>\n<meta property=\"article:modified_time\" content=\"2025-06-11T11:09:06+00:00\" \/>\n<meta property=\"og:image\" content=\"https:\/\/www.foscarini.com\/wp-content\/uploads\/2025\/06\/birdie_s_white_22_786x865-1.jpg\" \/>\n\t<meta property=\"og:image:width\" content=\"786\" \/>\n\t<meta property=\"og:image:height\" content=\"865\" \/>\n\t<meta property=\"og:image:type\" content=\"image\/jpeg\" \/>\n<meta name=\"twitter:card\" content=\"summary_large_image\" \/>\n<meta name=\"twitter:label1\" content=\"Gesch\u00e4tzte Lesezeit\" \/>\n\t<meta name=\"twitter:data1\" content=\"1\u00a0Minute\" \/>\n<script type=\"application\/ld+json\" class=\"yoast-schema-graph\">{\"@context\":\"https:\/\/schema.org\",\"@graph\":[{\"@type\":\"WebPage\",\"@id\":\"https:\/\/www.foscarini.com\/de\/produkt\/birdie-std-s-de\/\",\"url\":\"https:\/\/www.foscarini.com\/de\/produkt\/birdie-std-s-de\/\",\"name\":\"Birdie - Foscarini\",\"isPartOf\":{\"@id\":\"https:\/\/www.foscarini.com\/#website\"},\"primaryImageOfPage\":{\"@id\":\"https:\/\/www.foscarini.com\/de\/produkt\/birdie-std-s-de\/#primaryimage\"},\"image\":{\"@id\":\"https:\/\/www.foscarini.com\/de\/produkt\/birdie-std-s-de\/#primaryimage\"},\"thumbnailUrl\":\"https:\/\/www.foscarini.com\/wp-content\/uploads\/2025\/06\/birdie_s_white_22_786x865-3.jpg\",\"datePublished\":\"2024-03-28T17:47:59+00:00\",\"dateModified\":\"2025-06-11T11:09:06+00:00\",\"breadcrumb\":{\"@id\":\"https:\/\/www.foscarini.com\/de\/produkt\/birdie-std-s-de\/#breadcrumb\"},\"inLanguage\":\"de\",\"potentialAction\":[{\"@type\":\"ReadAction\",\"target\":[\"https:\/\/www.foscarini.com\/de\/produkt\/birdie-std-s-de\/\"]}]},{\"@type\":\"ImageObject\",\"inLanguage\":\"de\",\"@id\":\"https:\/\/www.foscarini.com\/de\/produkt\/birdie-std-s-de\/#primaryimage\",\"url\":\"https:\/\/www.foscarini.com\/wp-content\/uploads\/2025\/06\/birdie_s_white_22_786x865-3.jpg\",\"contentUrl\":\"https:\/\/www.foscarini.com\/wp-content\/uploads\/2025\/06\/birdie_s_white_22_786x865-3.jpg\",\"width\":786,\"height\":865},{\"@type\":\"BreadcrumbList\",\"@id\":\"https:\/\/www.foscarini.com\/de\/produkt\/birdie-std-s-de\/#breadcrumb\",\"itemListElement\":[{\"@type\":\"ListItem\",\"position\":1,\"name\":\"Home\",\"item\":\"https:\/\/www.foscarini.com\/de\/\"},{\"@type\":\"ListItem\",\"position\":2,\"name\":\"Shop\",\"item\":\"https:\/\/www.foscarini.com\/de\/shop\/\"},{\"@type\":\"ListItem\",\"position\":3,\"name\":\"Birdie\"}]},{\"@type\":\"WebSite\",\"@id\":\"https:\/\/www.foscarini.com\/#website\",\"url\":\"https:\/\/www.foscarini.com\/\",\"name\":\"Foscarini\",\"description\":\"\",\"potentialAction\":[{\"@type\":\"SearchAction\",\"target\":{\"@type\":\"EntryPoint\",\"urlTemplate\":\"https:\/\/www.foscarini.com\/?s={search_term_string}\"},\"query-input\":{\"@type\":\"PropertyValueSpecification\",\"valueRequired\":true,\"valueName\":\"search_term_string\"}}],\"inLanguage\":\"de\"}]}<\/script>\n<!-- \/ Yoast SEO Premium plugin. -->","yoast_head_json":{"title":"Birdie - Foscarini","robots":{"index":"index","follow":"follow","max-snippet":"max-snippet:-1","max-image-preview":"max-image-preview:large","max-video-preview":"max-video-preview:-1"},"og_locale":"de_DE","og_type":"article","og_title":"Birdie","og_description":"H\u00e4ngeleuchte in zwei Gr\u00f6\u00dfen mit direktem und diffusem Licht. Diffusor aus transparentem, spritzgegossenem Polycarbonat Fassung aus fl\u00fcssiglackiertem Stahl. Durchsichtiges, selbsttragendes Elektrokabel, Deckenrosette mit B\u00fcgel aus verzinktem Metall und Verkleidung aus mattem, wei\u00dfem, durchgef\u00e4rbtem ABS-Kunststoff.","og_url":"https:\/\/www.foscarini.com\/de\/produkt\/birdie-std-s-de\/","og_site_name":"Foscarini","article_modified_time":"2025-06-11T11:09:06+00:00","og_image":[{"width":786,"height":865,"url":"https:\/\/www.foscarini.com\/wp-content\/uploads\/2025\/06\/birdie_s_white_22_786x865-1.jpg","type":"image\/jpeg"}],"twitter_card":"summary_large_image","twitter_misc":{"Gesch\u00e4tzte Lesezeit":"1\u00a0Minute"},"schema":{"@context":"https:\/\/schema.org","@graph":[{"@type":"WebPage","@id":"https:\/\/www.foscarini.com\/de\/produkt\/birdie-std-s-de\/","url":"https:\/\/www.foscarini.com\/de\/produkt\/birdie-std-s-de\/","name":"Birdie - Foscarini","isPartOf":{"@id":"https:\/\/www.foscarini.com\/#website"},"primaryImageOfPage":{"@id":"https:\/\/www.foscarini.com\/de\/produkt\/birdie-std-s-de\/#primaryimage"},"image":{"@id":"https:\/\/www.foscarini.com\/de\/produkt\/birdie-std-s-de\/#primaryimage"},"thumbnailUrl":"https:\/\/www.foscarini.com\/wp-content\/uploads\/2025\/06\/birdie_s_white_22_786x865-3.jpg","datePublished":"2024-03-28T17:47:59+00:00","dateModified":"2025-06-11T11:09:06+00:00","breadcrumb":{"@id":"https:\/\/www.foscarini.com\/de\/produkt\/birdie-std-s-de\/#breadcrumb"},"inLanguage":"de","potentialAction":[{"@type":"ReadAction","target":["https:\/\/www.foscarini.com\/de\/produkt\/birdie-std-s-de\/"]}]},{"@type":"ImageObject","inLanguage":"de","@id":"https:\/\/www.foscarini.com\/de\/produkt\/birdie-std-s-de\/#primaryimage","url":"https:\/\/www.foscarini.com\/wp-content\/uploads\/2025\/06\/birdie_s_white_22_786x865-3.jpg","contentUrl":"https:\/\/www.foscarini.com\/wp-content\/uploads\/2025\/06\/birdie_s_white_22_786x865-3.jpg","width":786,"height":865},{"@type":"BreadcrumbList","@id":"https:\/\/www.foscarini.com\/de\/produkt\/birdie-std-s-de\/#breadcrumb","itemListElement":[{"@type":"ListItem","position":1,"name":"Home","item":"https:\/\/www.foscarini.com\/de\/"},{"@type":"ListItem","position":2,"name":"Shop","item":"https:\/\/www.foscarini.com\/de\/shop\/"},{"@type":"ListItem","position":3,"name":"Birdie"}]},{"@type":"WebSite","@id":"https:\/\/www.foscarini.com\/#website","url":"https:\/\/www.foscarini.com\/","name":"Foscarini","description":"","potentialAction":[{"@type":"SearchAction","target":{"@type":"EntryPoint","urlTemplate":"https:\/\/www.foscarini.com\/?s={search_term_string}"},"query-input":{"@type":"PropertyValueSpecification","valueRequired":true,"valueName":"search_term_string"}}],"inLanguage":"de"}]}},"_links":{"self":[{"href":"https:\/\/www.foscarini.com\/de\/wp-json\/wp\/v2\/product\/191100"}],"collection":[{"href":"https:\/\/www.foscarini.com\/de\/wp-json\/wp\/v2\/product"}],"about":[{"href":"https:\/\/www.foscarini.com\/de\/wp-json\/wp\/v2\/types\/product"}],"replies":[{"embeddable":true,"href":"https:\/\/www.foscarini.com\/de\/wp-json\/wp\/v2\/comments?post=191100"}],"wp:featuredmedia":[{"embeddable":true,"href":"https:\/\/www.foscarini.com\/de\/wp-json\/wp\/v2\/media\/465840"}],"wp:attachment":[{"href":"https:\/\/www.foscarini.com\/de\/wp-json\/wp\/v2\/media?parent=191100"}],"wp:term":[{"taxonomy":"product_cat","embeddable":true,"href":"https:\/\/www.foscarini.com\/de\/wp-json\/wp\/v2\/product_cat?post=191100"},{"taxonomy":"product_tag","embeddable":true,"href":"https:\/\/www.foscarini.com\/de\/wp-json\/wp\/v2\/product_tag?post=191100"},{"taxonomy":"materiale","embeddable":true,"href":"https:\/\/www.foscarini.com\/de\/wp-json\/wp\/v2\/materiale?post=191100"},{"taxonomy":"altezza","embeddable":true,"href":"https:\/\/www.foscarini.com\/de\/wp-json\/wp\/v2\/altezza?post=191100"},{"taxonomy":"larghezza","embeddable":true,"href":"https:\/\/www.foscarini.com\/de\/wp-json\/wp\/v2\/larghezza?post=191100"},{"taxonomy":"profondita","embeddable":true,"href":"https:\/\/www.foscarini.com\/de\/wp-json\/wp\/v2\/profondita?post=191100"},{"taxonomy":"peso","embeddable":true,"href":"https:\/\/www.foscarini.com\/de\/wp-json\/wp\/v2\/peso?post=191100"},{"taxonomy":"designer-prodotto","embeddable":true,"href":"https:\/\/www.foscarini.com\/de\/wp-json\/wp\/v2\/designer-prodotto?post=191100"}],"curies":[{"name":"wp","href":"https:\/\/api.w.org\/{rel}","templated":true}]}}