{"id":190775,"date":"2024-03-28T17:43:28","date_gmt":"2024-03-28T17:43:28","guid":{"rendered":"https:\/\/www.foscarini.com\/product\/allegro-ritmico-allegro-s\/"},"modified":"2025-06-11T10:36:13","modified_gmt":"2025-06-11T10:36:13","slug":"allegro-ritmico-allegro-s-de","status":"publish","type":"product","link":"https:\/\/www.foscarini.com\/de\/produkt\/allegro-ritmico-allegro-s-de\/","title":{"rendered":"Allegro Ritmico"},"content":{"rendered":"<p>Dall&#8217;intersezione di due forme diverse nasce la lampada a sospensione Allegro Ritmico. Un modo del tutto speciale di caratterizzare e illuminare uno spazio, fondendo effetto luminoso e design grafico.<\/p><section class=\"pdp__slider full-height-vh\">\n    <div class=\"swiper-container swiper__pdp\">\n        <div class=\"swiper-wrapper full-height\">\n                                <div class=\"swiper-slide\">\n                                                    <img decoding=\"async\" class=\"full-cover\" src=\"https:\/\/www.foscarini.com\/wp-content\/uploads\/2024\/03\/3.1_Allegro-Ritmico-1-150x150.jpg\" srcset=\"https:\/\/www.foscarini.com\/wp-content\/uploads\/2024\/03\/3.1_Allegro-Ritmico-1-300x250.jpg 300w, https:\/\/www.foscarini.com\/wp-content\/uploads\/2024\/03\/3.1_Allegro-Ritmico-1-1024x854.jpg 1024w, https:\/\/www.foscarini.com\/wp-content\/uploads\/2024\/03\/3.1_Allegro-Ritmico-1-768x641.jpg 768w, https:\/\/www.foscarini.com\/wp-content\/uploads\/2024\/03\/3.1_Allegro-Ritmico-1-1536x1282.jpg 1536w, https:\/\/www.foscarini.com\/wp-content\/uploads\/2024\/03\/3.1_Allegro-Ritmico-1-800x668.jpg 800w, https:\/\/www.foscarini.com\/wp-content\/uploads\/2024\/03\/3.1_Allegro-Ritmico-1.jpg 1776w\" alt=\"\" \/>\n                                                                        <\/div>\n                                        <div class=\"swiper-slide\">\n                                                    <img decoding=\"async\" class=\"full-cover\" src=\"https:\/\/www.foscarini.com\/wp-content\/uploads\/2024\/03\/3.2_Allegro-Ritmico-1-150x150.jpg\" srcset=\"https:\/\/www.foscarini.com\/wp-content\/uploads\/2024\/03\/3.2_Allegro-Ritmico-1-194x300.jpg 194w, https:\/\/www.foscarini.com\/wp-content\/uploads\/2024\/03\/3.2_Allegro-Ritmico-1-663x1024.jpg 663w, https:\/\/www.foscarini.com\/wp-content\/uploads\/2024\/03\/3.2_Allegro-Ritmico-1-768x1186.jpg 768w, https:\/\/www.foscarini.com\/wp-content\/uploads\/2024\/03\/3.2_Allegro-Ritmico-1-800x1235.jpg 800w, https:\/\/www.foscarini.com\/wp-content\/uploads\/2024\/03\/3.2_Allegro-Ritmico-1.jpg 960w\" alt=\"\" \/>\n                                                                        <\/div>\n                                        <div class=\"swiper-slide\">\n                                                    <img decoding=\"async\" class=\"full-cover\" src=\"https:\/\/www.foscarini.com\/wp-content\/uploads\/2024\/03\/3.3_Allegro-Ritmico-1-150x150.jpg\" srcset=\"https:\/\/www.foscarini.com\/wp-content\/uploads\/2024\/03\/3.3_Allegro-Ritmico-1-194x300.jpg 194w, https:\/\/www.foscarini.com\/wp-content\/uploads\/2024\/03\/3.3_Allegro-Ritmico-1-663x1024.jpg 663w, https:\/\/www.foscarini.com\/wp-content\/uploads\/2024\/03\/3.3_Allegro-Ritmico-1-768x1186.jpg 768w, https:\/\/www.foscarini.com\/wp-content\/uploads\/2024\/03\/3.3_Allegro-Ritmico-1-800x1235.jpg 800w, https:\/\/www.foscarini.com\/wp-content\/uploads\/2024\/03\/3.3_Allegro-Ritmico-1.jpg 960w\" alt=\"\" \/>\n                                                                        <\/div>\n                                        <div class=\"swiper-slide\">\n                                                    <img decoding=\"async\" class=\"full-cover\" src=\"https:\/\/www.foscarini.com\/wp-content\/uploads\/2024\/03\/3.4_Allegro-Ritmico-1-150x150.jpg\" srcset=\"https:\/\/www.foscarini.com\/wp-content\/uploads\/2024\/03\/3.4_Allegro-Ritmico-1-194x300.jpg 194w, https:\/\/www.foscarini.com\/wp-content\/uploads\/2024\/03\/3.4_Allegro-Ritmico-1-663x1024.jpg 663w, https:\/\/www.foscarini.com\/wp-content\/uploads\/2024\/03\/3.4_Allegro-Ritmico-1-768x1186.jpg 768w, https:\/\/www.foscarini.com\/wp-content\/uploads\/2024\/03\/3.4_Allegro-Ritmico-1-800x1235.jpg 800w, https:\/\/www.foscarini.com\/wp-content\/uploads\/2024\/03\/3.4_Allegro-Ritmico-1.jpg 960w\" alt=\"\" \/>\n                                                                        <\/div>\n                            <\/div>\n    <\/div>\n    <div class=\"swiper-scrollbar\"><\/div>\n    <div class=\"ct-arrow\">\n        <div class=\"swiper-button-prev\"><\/div>\n        <div class=\"swiper-button-next\"><\/div>\n    <\/div>\n<\/section>","protected":false},"excerpt":{"rendered":"<p>Eine H\u00e4ngeleuchte, die aus dem Schnittpunkt zweier unterschiedlicher, ineinander verschmelzender Formen entsteht. Sie pr\u00e4gt den Raum mit ihrem grafischen Design, das von der Farbe Grafit betont wird. Der Leuchtk\u00f6rper besteht aus einer verchromten Metallstruktur und aus mit Epoxidharz-Pulverlack beschichteten Vollrohrsch\u00e4ften aus Aluminium. Die Sch\u00e4fte sind mit kleinen Metallringen am Gestell befestigt. Ausgestattet mit drei Edelstahl-Aufh\u00e4ngungskabeln und durchsichtigem Elektrokabel. Deckenrosette mit B\u00fcgel aus verzinktem Metall und Verkleidung aus verchromtem gl\u00e4nzendem Metall. F\u00fcr die getrennte Einschaltung der beiden Lichtquellen vorgesehen. Baldachin-Dezentralisierungssatz erh\u00e4ltich.<\/p>\n","protected":false},"featured_media":465123,"comment_status":"open","ping_status":"closed","template":"","meta":{"_acf_changed":true},"product_cat":[5285,657,650,715,746],"product_tag":[],"materiale":[8433],"altezza":[10627],"larghezza":[9697],"profondita":[9543],"peso":[8460],"designer-prodotto":[7461],"class_list":{"0":"post-190775","1":"product","2":"type-product","3":"status-publish","4":"has-post-thumbnail","6":"product_cat-allegro-famiglia-de","7":"product_cat-allegro-concetto-de","8":"product_cat-concetto-de","9":"product_cat-funzione-de","10":"product_cat-sospensione-de","11":"materiale-acciaio-e-metallo-de","12":"altezza-31-78-de","13":"larghezza-29-14-de","14":"profondita-29-14-de","15":"peso-15-2-de","16":"designer-prodotto-atelier-oi-de","18":"first","19":"instock","20":"shipping-taxable","21":"purchasable","22":"product-type-variable"},"acf":{"preview_slider":{"titolo":"","testo":"","video_domanda":false,"link_video":""},"prodotto__immagine_preview":{"immagine":119225},"prodotto__slider":{"sottotitolo":"Atelier O\u00ef (2007)","titolo":"Die H\u00e4ngeleuchte Allegro Ritmico entsteht aus dem Schnittpunkt zweier unterschiedlicher Formen. Eine ganz besondere Art, den Raum zu pr\u00e4gen und zu beleuchten, indem Lichteffekt und grafisches Design zusammengef\u00fchrt werden.","immagini":[{"immagine":308321,"immagine_mobile":null}]},"prodotto__slider_preview":null,"prodotto__specifiche":{"selezione":[{"scheda_tecnica":460881},{"scheda_tecnica":460882}]}},"yoast_head":"<!-- This site is optimized with the Yoast SEO Premium plugin v22.4 (Yoast SEO v23.7) - https:\/\/yoast.com\/wordpress\/plugins\/seo\/ -->\n<title>Allegro Ritmico - Foscarini<\/title>\n<meta name=\"robots\" content=\"index, follow, max-snippet:-1, max-image-preview:large, max-video-preview:-1\" \/>\n<meta property=\"og:locale\" content=\"de_DE\" \/>\n<meta property=\"og:type\" content=\"article\" \/>\n<meta property=\"og:title\" content=\"Allegro Ritmico\" \/>\n<meta property=\"og:description\" content=\"Eine H\u00e4ngeleuchte, die aus dem Schnittpunkt zweier unterschiedlicher, ineinander verschmelzender Formen entsteht. Sie pr\u00e4gt den Raum mit ihrem grafischen Design, das von der Farbe Grafit betont wird. Der Leuchtk\u00f6rper besteht aus einer verchromten Metallstruktur und aus mit Epoxidharz-Pulverlack beschichteten Vollrohrsch\u00e4ften aus Aluminium. Die Sch\u00e4fte sind mit kleinen Metallringen am Gestell befestigt. Ausgestattet mit drei Edelstahl-Aufh\u00e4ngungskabeln und durchsichtigem Elektrokabel. Deckenrosette mit B\u00fcgel aus verzinktem Metall und Verkleidung aus verchromtem gl\u00e4nzendem Metall. F\u00fcr die getrennte Einschaltung der beiden Lichtquellen vorgesehen. Baldachin-Dezentralisierungssatz erh\u00e4ltich.\" \/>\n<meta property=\"og:url\" content=\"https:\/\/www.foscarini.com\/de\/produkt\/allegro-ritmico-allegro-s-de\/\" \/>\n<meta property=\"og:site_name\" content=\"Foscarini\" \/>\n<meta property=\"article:modified_time\" content=\"2025-06-11T10:36:13+00:00\" \/>\n<meta property=\"og:image\" content=\"https:\/\/www.foscarini.com\/wp-content\/uploads\/2025\/06\/allegro-ritmico_s_graphite_22_786x865-3.jpg\" \/>\n\t<meta property=\"og:image:width\" content=\"786\" \/>\n\t<meta property=\"og:image:height\" content=\"865\" \/>\n\t<meta property=\"og:image:type\" content=\"image\/jpeg\" \/>\n<meta name=\"twitter:card\" content=\"summary_large_image\" \/>\n<meta name=\"twitter:label1\" content=\"Gesch\u00e4tzte Lesezeit\" \/>\n\t<meta name=\"twitter:data1\" content=\"1\u00a0Minute\" \/>\n<script type=\"application\/ld+json\" class=\"yoast-schema-graph\">{\"@context\":\"https:\/\/schema.org\",\"@graph\":[{\"@type\":\"WebPage\",\"@id\":\"https:\/\/www.foscarini.com\/de\/produkt\/allegro-ritmico-allegro-s-de\/\",\"url\":\"https:\/\/www.foscarini.com\/de\/produkt\/allegro-ritmico-allegro-s-de\/\",\"name\":\"Allegro Ritmico - Foscarini\",\"isPartOf\":{\"@id\":\"https:\/\/www.foscarini.com\/#website\"},\"primaryImageOfPage\":{\"@id\":\"https:\/\/www.foscarini.com\/de\/produkt\/allegro-ritmico-allegro-s-de\/#primaryimage\"},\"image\":{\"@id\":\"https:\/\/www.foscarini.com\/de\/produkt\/allegro-ritmico-allegro-s-de\/#primaryimage\"},\"thumbnailUrl\":\"https:\/\/www.foscarini.com\/wp-content\/uploads\/2025\/06\/allegro-ritmico_s_graphite_22_786x865-6.jpg\",\"datePublished\":\"2024-03-28T17:43:28+00:00\",\"dateModified\":\"2025-06-11T10:36:13+00:00\",\"breadcrumb\":{\"@id\":\"https:\/\/www.foscarini.com\/de\/produkt\/allegro-ritmico-allegro-s-de\/#breadcrumb\"},\"inLanguage\":\"de\",\"potentialAction\":[{\"@type\":\"ReadAction\",\"target\":[\"https:\/\/www.foscarini.com\/de\/produkt\/allegro-ritmico-allegro-s-de\/\"]}]},{\"@type\":\"ImageObject\",\"inLanguage\":\"de\",\"@id\":\"https:\/\/www.foscarini.com\/de\/produkt\/allegro-ritmico-allegro-s-de\/#primaryimage\",\"url\":\"https:\/\/www.foscarini.com\/wp-content\/uploads\/2025\/06\/allegro-ritmico_s_graphite_22_786x865-6.jpg\",\"contentUrl\":\"https:\/\/www.foscarini.com\/wp-content\/uploads\/2025\/06\/allegro-ritmico_s_graphite_22_786x865-6.jpg\",\"width\":786,\"height\":865},{\"@type\":\"BreadcrumbList\",\"@id\":\"https:\/\/www.foscarini.com\/de\/produkt\/allegro-ritmico-allegro-s-de\/#breadcrumb\",\"itemListElement\":[{\"@type\":\"ListItem\",\"position\":1,\"name\":\"Home\",\"item\":\"https:\/\/www.foscarini.com\/de\/\"},{\"@type\":\"ListItem\",\"position\":2,\"name\":\"Shop\",\"item\":\"https:\/\/www.foscarini.com\/de\/shop\/\"},{\"@type\":\"ListItem\",\"position\":3,\"name\":\"Allegro Ritmico\"}]},{\"@type\":\"WebSite\",\"@id\":\"https:\/\/www.foscarini.com\/#website\",\"url\":\"https:\/\/www.foscarini.com\/\",\"name\":\"Foscarini\",\"description\":\"\",\"potentialAction\":[{\"@type\":\"SearchAction\",\"target\":{\"@type\":\"EntryPoint\",\"urlTemplate\":\"https:\/\/www.foscarini.com\/?s={search_term_string}\"},\"query-input\":{\"@type\":\"PropertyValueSpecification\",\"valueRequired\":true,\"valueName\":\"search_term_string\"}}],\"inLanguage\":\"de\"}]}<\/script>\n<!-- \/ Yoast SEO Premium plugin. -->","yoast_head_json":{"title":"Allegro Ritmico - Foscarini","robots":{"index":"index","follow":"follow","max-snippet":"max-snippet:-1","max-image-preview":"max-image-preview:large","max-video-preview":"max-video-preview:-1"},"og_locale":"de_DE","og_type":"article","og_title":"Allegro Ritmico","og_description":"Eine H\u00e4ngeleuchte, die aus dem Schnittpunkt zweier unterschiedlicher, ineinander verschmelzender Formen entsteht. Sie pr\u00e4gt den Raum mit ihrem grafischen Design, das von der Farbe Grafit betont wird. Der Leuchtk\u00f6rper besteht aus einer verchromten Metallstruktur und aus mit Epoxidharz-Pulverlack beschichteten Vollrohrsch\u00e4ften aus Aluminium. Die Sch\u00e4fte sind mit kleinen Metallringen am Gestell befestigt. Ausgestattet mit drei Edelstahl-Aufh\u00e4ngungskabeln und durchsichtigem Elektrokabel. Deckenrosette mit B\u00fcgel aus verzinktem Metall und Verkleidung aus verchromtem gl\u00e4nzendem Metall. F\u00fcr die getrennte Einschaltung der beiden Lichtquellen vorgesehen. Baldachin-Dezentralisierungssatz erh\u00e4ltich.","og_url":"https:\/\/www.foscarini.com\/de\/produkt\/allegro-ritmico-allegro-s-de\/","og_site_name":"Foscarini","article_modified_time":"2025-06-11T10:36:13+00:00","og_image":[{"width":786,"height":865,"url":"https:\/\/www.foscarini.com\/wp-content\/uploads\/2025\/06\/allegro-ritmico_s_graphite_22_786x865-3.jpg","type":"image\/jpeg"}],"twitter_card":"summary_large_image","twitter_misc":{"Gesch\u00e4tzte Lesezeit":"1\u00a0Minute"},"schema":{"@context":"https:\/\/schema.org","@graph":[{"@type":"WebPage","@id":"https:\/\/www.foscarini.com\/de\/produkt\/allegro-ritmico-allegro-s-de\/","url":"https:\/\/www.foscarini.com\/de\/produkt\/allegro-ritmico-allegro-s-de\/","name":"Allegro Ritmico - Foscarini","isPartOf":{"@id":"https:\/\/www.foscarini.com\/#website"},"primaryImageOfPage":{"@id":"https:\/\/www.foscarini.com\/de\/produkt\/allegro-ritmico-allegro-s-de\/#primaryimage"},"image":{"@id":"https:\/\/www.foscarini.com\/de\/produkt\/allegro-ritmico-allegro-s-de\/#primaryimage"},"thumbnailUrl":"https:\/\/www.foscarini.com\/wp-content\/uploads\/2025\/06\/allegro-ritmico_s_graphite_22_786x865-6.jpg","datePublished":"2024-03-28T17:43:28+00:00","dateModified":"2025-06-11T10:36:13+00:00","breadcrumb":{"@id":"https:\/\/www.foscarini.com\/de\/produkt\/allegro-ritmico-allegro-s-de\/#breadcrumb"},"inLanguage":"de","potentialAction":[{"@type":"ReadAction","target":["https:\/\/www.foscarini.com\/de\/produkt\/allegro-ritmico-allegro-s-de\/"]}]},{"@type":"ImageObject","inLanguage":"de","@id":"https:\/\/www.foscarini.com\/de\/produkt\/allegro-ritmico-allegro-s-de\/#primaryimage","url":"https:\/\/www.foscarini.com\/wp-content\/uploads\/2025\/06\/allegro-ritmico_s_graphite_22_786x865-6.jpg","contentUrl":"https:\/\/www.foscarini.com\/wp-content\/uploads\/2025\/06\/allegro-ritmico_s_graphite_22_786x865-6.jpg","width":786,"height":865},{"@type":"BreadcrumbList","@id":"https:\/\/www.foscarini.com\/de\/produkt\/allegro-ritmico-allegro-s-de\/#breadcrumb","itemListElement":[{"@type":"ListItem","position":1,"name":"Home","item":"https:\/\/www.foscarini.com\/de\/"},{"@type":"ListItem","position":2,"name":"Shop","item":"https:\/\/www.foscarini.com\/de\/shop\/"},{"@type":"ListItem","position":3,"name":"Allegro Ritmico"}]},{"@type":"WebSite","@id":"https:\/\/www.foscarini.com\/#website","url":"https:\/\/www.foscarini.com\/","name":"Foscarini","description":"","potentialAction":[{"@type":"SearchAction","target":{"@type":"EntryPoint","urlTemplate":"https:\/\/www.foscarini.com\/?s={search_term_string}"},"query-input":{"@type":"PropertyValueSpecification","valueRequired":true,"valueName":"search_term_string"}}],"inLanguage":"de"}]}},"_links":{"self":[{"href":"https:\/\/www.foscarini.com\/de\/wp-json\/wp\/v2\/product\/190775"}],"collection":[{"href":"https:\/\/www.foscarini.com\/de\/wp-json\/wp\/v2\/product"}],"about":[{"href":"https:\/\/www.foscarini.com\/de\/wp-json\/wp\/v2\/types\/product"}],"replies":[{"embeddable":true,"href":"https:\/\/www.foscarini.com\/de\/wp-json\/wp\/v2\/comments?post=190775"}],"wp:featuredmedia":[{"embeddable":true,"href":"https:\/\/www.foscarini.com\/de\/wp-json\/wp\/v2\/media\/465123"}],"wp:attachment":[{"href":"https:\/\/www.foscarini.com\/de\/wp-json\/wp\/v2\/media?parent=190775"}],"wp:term":[{"taxonomy":"product_cat","embeddable":true,"href":"https:\/\/www.foscarini.com\/de\/wp-json\/wp\/v2\/product_cat?post=190775"},{"taxonomy":"product_tag","embeddable":true,"href":"https:\/\/www.foscarini.com\/de\/wp-json\/wp\/v2\/product_tag?post=190775"},{"taxonomy":"materiale","embeddable":true,"href":"https:\/\/www.foscarini.com\/de\/wp-json\/wp\/v2\/materiale?post=190775"},{"taxonomy":"altezza","embeddable":true,"href":"https:\/\/www.foscarini.com\/de\/wp-json\/wp\/v2\/altezza?post=190775"},{"taxonomy":"larghezza","embeddable":true,"href":"https:\/\/www.foscarini.com\/de\/wp-json\/wp\/v2\/larghezza?post=190775"},{"taxonomy":"profondita","embeddable":true,"href":"https:\/\/www.foscarini.com\/de\/wp-json\/wp\/v2\/profondita?post=190775"},{"taxonomy":"peso","embeddable":true,"href":"https:\/\/www.foscarini.com\/de\/wp-json\/wp\/v2\/peso?post=190775"},{"taxonomy":"designer-prodotto","embeddable":true,"href":"https:\/\/www.foscarini.com\/de\/wp-json\/wp\/v2\/designer-prodotto?post=190775"}],"curies":[{"name":"wp","href":"https:\/\/api.w.org\/{rel}","templated":true}]}}