{"id":190746,"date":"2024-03-28T17:43:42","date_gmt":"2024-03-28T17:43:42","guid":{"rendered":"https:\/\/www.foscarini.com\/product\/allegro-vivace-allegro-s\/"},"modified":"2025-06-11T10:37:12","modified_gmt":"2025-06-11T10:37:12","slug":"allegro-vivace-allegro-s-de","status":"publish","type":"product","link":"https:\/\/www.foscarini.com\/de\/produkt\/allegro-vivace-allegro-s-de\/","title":{"rendered":"Allegro Vivace"},"content":{"rendered":"<section class=\"pdp__slider full-height-vh\">\n    <div class=\"swiper-container swiper__pdp\">\n        <div class=\"swiper-wrapper full-height\">\n                                <div class=\"swiper-slide\">\n                                                    <img decoding=\"async\" class=\"full-cover\" src=\"https:\/\/www.foscarini.com\/wp-content\/uploads\/2024\/03\/3.1_Allegro-Vivace-2-150x150.jpg\" srcset=\"https:\/\/www.foscarini.com\/wp-content\/uploads\/2024\/03\/3.1_Allegro-Vivace-2-300x250.jpg 300w, https:\/\/www.foscarini.com\/wp-content\/uploads\/2024\/03\/3.1_Allegro-Vivace-2-1024x854.jpg 1024w, https:\/\/www.foscarini.com\/wp-content\/uploads\/2024\/03\/3.1_Allegro-Vivace-2-768x641.jpg 768w, https:\/\/www.foscarini.com\/wp-content\/uploads\/2024\/03\/3.1_Allegro-Vivace-2-1536x1282.jpg 1536w, https:\/\/www.foscarini.com\/wp-content\/uploads\/2024\/03\/3.1_Allegro-Vivace-2-800x668.jpg 800w, https:\/\/www.foscarini.com\/wp-content\/uploads\/2024\/03\/3.1_Allegro-Vivace-2.jpg 1776w\" alt=\"\" \/>\n                                                                        <\/div>\n                                        <div class=\"swiper-slide\">\n                                                    <img decoding=\"async\" class=\"full-cover\" src=\"https:\/\/www.foscarini.com\/wp-content\/uploads\/2024\/03\/3.2_Allegro-Vivace-2-150x150.jpg\" srcset=\"https:\/\/www.foscarini.com\/wp-content\/uploads\/2024\/03\/3.2_Allegro-Vivace-2-300x250.jpg 300w, https:\/\/www.foscarini.com\/wp-content\/uploads\/2024\/03\/3.2_Allegro-Vivace-2-1024x854.jpg 1024w, https:\/\/www.foscarini.com\/wp-content\/uploads\/2024\/03\/3.2_Allegro-Vivace-2-768x641.jpg 768w, https:\/\/www.foscarini.com\/wp-content\/uploads\/2024\/03\/3.2_Allegro-Vivace-2-1536x1282.jpg 1536w, https:\/\/www.foscarini.com\/wp-content\/uploads\/2024\/03\/3.2_Allegro-Vivace-2-800x668.jpg 800w, https:\/\/www.foscarini.com\/wp-content\/uploads\/2024\/03\/3.2_Allegro-Vivace-2.jpg 1776w\" alt=\"\" \/>\n                                                                        <\/div>\n                                        <div class=\"swiper-slide\">\n                                                    <img decoding=\"async\" class=\"full-cover\" src=\"https:\/\/www.foscarini.com\/wp-content\/uploads\/2024\/03\/3.3_Allegro-Vivace-2-150x150.jpg\" srcset=\"https:\/\/www.foscarini.com\/wp-content\/uploads\/2024\/03\/3.3_Allegro-Vivace-2-194x300.jpg 194w, https:\/\/www.foscarini.com\/wp-content\/uploads\/2024\/03\/3.3_Allegro-Vivace-2-663x1024.jpg 663w, https:\/\/www.foscarini.com\/wp-content\/uploads\/2024\/03\/3.3_Allegro-Vivace-2-768x1186.jpg 768w, https:\/\/www.foscarini.com\/wp-content\/uploads\/2024\/03\/3.3_Allegro-Vivace-2-800x1235.jpg 800w, https:\/\/www.foscarini.com\/wp-content\/uploads\/2024\/03\/3.3_Allegro-Vivace-2.jpg 960w\" alt=\"\" \/>\n                                                                        <\/div>\n                                        <div class=\"swiper-slide\">\n                                                    <img decoding=\"async\" class=\"full-cover\" src=\"https:\/\/www.foscarini.com\/wp-content\/uploads\/2024\/03\/3.4_Allegro-Vivace-2-150x150.jpg\" srcset=\"https:\/\/www.foscarini.com\/wp-content\/uploads\/2024\/03\/3.4_Allegro-Vivace-2-194x300.jpg 194w, https:\/\/www.foscarini.com\/wp-content\/uploads\/2024\/03\/3.4_Allegro-Vivace-2-663x1024.jpg 663w, https:\/\/www.foscarini.com\/wp-content\/uploads\/2024\/03\/3.4_Allegro-Vivace-2-768x1186.jpg 768w, https:\/\/www.foscarini.com\/wp-content\/uploads\/2024\/03\/3.4_Allegro-Vivace-2-800x1235.jpg 800w, https:\/\/www.foscarini.com\/wp-content\/uploads\/2024\/03\/3.4_Allegro-Vivace-2.jpg 960w\" alt=\"\" \/>\n                                                                        <\/div>\n                                        <div class=\"swiper-slide\">\n                                                    <img decoding=\"async\" class=\"full-cover\" src=\"https:\/\/www.foscarini.com\/wp-content\/uploads\/2024\/03\/3.5_Allegro-Vivace-2-150x150.jpg\" srcset=\"https:\/\/www.foscarini.com\/wp-content\/uploads\/2024\/03\/3.5_Allegro-Vivace-2-194x300.jpg 194w, https:\/\/www.foscarini.com\/wp-content\/uploads\/2024\/03\/3.5_Allegro-Vivace-2-663x1024.jpg 663w, https:\/\/www.foscarini.com\/wp-content\/uploads\/2024\/03\/3.5_Allegro-Vivace-2-768x1186.jpg 768w, https:\/\/www.foscarini.com\/wp-content\/uploads\/2024\/03\/3.5_Allegro-Vivace-2-800x1235.jpg 800w, https:\/\/www.foscarini.com\/wp-content\/uploads\/2024\/03\/3.5_Allegro-Vivace-2.jpg 960w\" alt=\"\" \/>\n                                                                        <\/div>\n                                        <div class=\"swiper-slide\">\n                                                    <img decoding=\"async\" class=\"full-cover\" src=\"https:\/\/www.foscarini.com\/wp-content\/uploads\/2024\/03\/3.6_Allegro-Vivace-2.gif\" alt=\"\" \/>\n                                                                        <\/div>\n                            <\/div>\n    <\/div>\n    <div class=\"swiper-scrollbar\"><\/div>\n    <div class=\"ct-arrow\">\n        <div class=\"swiper-button-prev\"><\/div>\n        <div class=\"swiper-button-next\"><\/div>\n    <\/div>\n<\/section><section class=\"concept__project_comunication full-height-vh\">\n    <div class=\"row row-large\">\n        <div class=\"medium-12 small-12 columns full-height no-padding-right-mobile\">\n            <div class=\"ct-image-text-lateral\">\n                <div class=\"ct-arrow\">\n                    <div class=\"swiper-button-prev\" aria-label=\"previous slide\"><\/div>\n                    <div class=\"swiper-button-next\" aria-label=\"next slide\"><\/div>\n                <\/div>\n                <span class=\"section-name-lateral\">Contenuti Editoriali<\/span>\n                <!-- Swiper -->\n                <div class=\"swiper-container swiper__concept__comunication\">\n                    <div class=\"swiper-wrapper\">\n                                                            <div class=\"swiper-slide\">\n                                        <div class=\"ct-slide\">\n                                                                                                <img decoding=\"async\" class=\"full-cover\" src=\"https:\/\/www.foscarini.com\/wp-content\/uploads\/2023\/12\/Inventario13-1-150x150.jpeg\" srcset=\"https:\/\/www.foscarini.com\/wp-content\/uploads\/2023\/12\/Inventario13-1-232x300.jpeg 232w, https:\/\/www.foscarini.com\/wp-content\/uploads\/2023\/12\/Inventario13-1-768x992.jpeg 768w, https:\/\/www.foscarini.com\/wp-content\/uploads\/2023\/12\/Inventario13-1-600x775.jpeg 600w, https:\/\/www.foscarini.com\/wp-content\/uploads\/2023\/12\/Inventario13-1.jpeg 776w\" alt=\"\" \/>\n                                                                                                <div class=\"ct-col-right\">\n                                                <div class=\"ct-link\">\n                                                    <a class=\"link-arrow\" href=\"https:\/\/www.foscarini.com\/inventario\/inventario-13\/\">Inventario \u00b013<\/a>\n                                                    <div class=\"text-1\"><p>Tredici numeri, un Compasso d\u2019Oro, un ciclo di mostre al Museo Poldi Pezzoli di Milano: Inventario continua a consolidare un prestigio costruito grazie alla qualit\u00e0 dei contenuti, alla freschezza dello sguardo, alla curiosit\u00e0 e all\u2019apertura verso ogni ambito della creativit\u00e0.<\/p>\n<\/div>\n                                                <\/div>\n                                            <\/div>\n                                        <\/div>\n                                    <\/div>\n                                                        <\/div>\n                <\/div>\n            <\/div>\n        <\/div>\n    <\/div>\n<\/section>","protected":false},"excerpt":{"rendered":"<p>Eine H\u00e4ngeleuchte, deren Form der Schwerkraft entspringt. Ihre metallischen Linien zeichnen das Licht ab und erklingen sanft, wenn sie ber\u00fchrt werden. Eine \u201eMusikalit\u00e4t\u201c, die auch als Inspiration f\u00fcr den Namen der Kollektion diente. Sie bietet ein diffuses, nach unten gerichtetes und zur Decke abgestrahltes Licht. Der Leuchtk\u00f6rper besteht aus einer verchromten Metallstruktur und aus mit Epoxidharz-Pulverlack beschichteten Vollrohrsch\u00e4ften aus Aluminium. Die Sch\u00e4fte sind mit kleinen Metallringen am Gestell befestigt. Ausgestattet mit drei Edelstahl-Aufh\u00e4ngungskabeln und durchsichtigem Elektrokabel. Deckenrosette mit B\u00fcgel aus verzinktem Metall und Verkleidung aus verchromtem gl\u00e4nzendem Metall. F\u00fcr die getrennte Einschaltung der beiden Lichtquellen vorgesehen. Baldachin-Dezentralisierungssatz erh\u00e4ltich.<\/p>\n","protected":false},"featured_media":465170,"comment_status":"open","ping_status":"closed","template":"","meta":{"_acf_changed":true},"product_cat":[657,5285,650,715,746],"product_tag":[],"materiale":[8433],"altezza":[10908],"larghezza":[9552],"profondita":[9441],"peso":[8784],"designer-prodotto":[7461],"class_list":{"0":"post-190746","1":"product","2":"type-product","3":"status-publish","4":"has-post-thumbnail","6":"product_cat-allegro-concetto-de","7":"product_cat-allegro-famiglia-de","8":"product_cat-concetto-de","9":"product_cat-funzione-de","10":"product_cat-sospensione-de","11":"materiale-acciaio-e-metallo-de","12":"altezza-38-38-de","13":"larghezza-27-38-de","14":"profondita-27-38-de","15":"peso-193-de","16":"designer-prodotto-atelier-oi-de","18":"first","19":"instock","20":"shipping-taxable","21":"purchasable","22":"product-type-variable"},"acf":{"preview_slider":{"titolo":"","testo":"","video_domanda":false,"link_video":""},"prodotto__immagine_preview":{"immagine":119260},"prodotto__slider":{"sottotitolo":"Atelier O\u00ef (2007)","titolo":"Mit ihrer ganz besonderen Art, den Raum zu pr\u00e4gen und zu beleuchten, f\u00fchren die H\u00e4ngeleuchten Allegro Lichteffekt und grafisches Design zusammen. Allegro Vivace besteht aus klaren geometrischen Linien, die von kupferfarbenen Reflexen umgeben sind.","immagini":[{"immagine":308328,"immagine_mobile":null}]},"prodotto__slider_preview":[{"immagine":465152},{"immagine":465159}],"prodotto__specifiche":{"selezione":[{"scheda_tecnica":460898},{"scheda_tecnica":460899}]}},"yoast_head":"<!-- This site is optimized with the Yoast SEO Premium plugin v22.4 (Yoast SEO v23.7) - https:\/\/yoast.com\/wordpress\/plugins\/seo\/ -->\n<title>Allegro Vivace - Foscarini<\/title>\n<meta name=\"robots\" content=\"index, follow, max-snippet:-1, max-image-preview:large, max-video-preview:-1\" \/>\n<meta property=\"og:locale\" content=\"de_DE\" \/>\n<meta property=\"og:type\" content=\"article\" \/>\n<meta property=\"og:title\" content=\"Allegro Vivace\" \/>\n<meta property=\"og:description\" content=\"Eine H\u00e4ngeleuchte, deren Form der Schwerkraft entspringt. Ihre metallischen Linien zeichnen das Licht ab und erklingen sanft, wenn sie ber\u00fchrt werden. Eine \u201eMusikalit\u00e4t\u201c, die auch als Inspiration f\u00fcr den Namen der Kollektion diente. Sie bietet ein diffuses, nach unten gerichtetes und zur Decke abgestrahltes Licht. Der Leuchtk\u00f6rper besteht aus einer verchromten Metallstruktur und aus mit Epoxidharz-Pulverlack beschichteten Vollrohrsch\u00e4ften aus Aluminium. Die Sch\u00e4fte sind mit kleinen Metallringen am Gestell befestigt. Ausgestattet mit drei Edelstahl-Aufh\u00e4ngungskabeln und durchsichtigem Elektrokabel. Deckenrosette mit B\u00fcgel aus verzinktem Metall und Verkleidung aus verchromtem gl\u00e4nzendem Metall. F\u00fcr die getrennte Einschaltung der beiden Lichtquellen vorgesehen. Baldachin-Dezentralisierungssatz erh\u00e4ltich.\" \/>\n<meta property=\"og:url\" content=\"https:\/\/www.foscarini.com\/de\/produkt\/allegro-vivace-allegro-s-de\/\" \/>\n<meta property=\"og:site_name\" content=\"Foscarini\" \/>\n<meta property=\"article:modified_time\" content=\"2025-06-11T10:37:12+00:00\" \/>\n<meta property=\"og:image\" content=\"https:\/\/www.foscarini.com\/wp-content\/uploads\/2025\/06\/allegro-vivace_s_copper_22_786x865-1.jpg\" \/>\n\t<meta property=\"og:image:width\" content=\"786\" \/>\n\t<meta property=\"og:image:height\" content=\"865\" \/>\n\t<meta property=\"og:image:type\" content=\"image\/jpeg\" \/>\n<meta name=\"twitter:card\" content=\"summary_large_image\" \/>\n<meta name=\"twitter:label1\" content=\"Gesch\u00e4tzte Lesezeit\" \/>\n\t<meta name=\"twitter:data1\" content=\"1\u00a0Minute\" \/>\n<script type=\"application\/ld+json\" class=\"yoast-schema-graph\">{\"@context\":\"https:\/\/schema.org\",\"@graph\":[{\"@type\":\"WebPage\",\"@id\":\"https:\/\/www.foscarini.com\/de\/produkt\/allegro-vivace-allegro-s-de\/\",\"url\":\"https:\/\/www.foscarini.com\/de\/produkt\/allegro-vivace-allegro-s-de\/\",\"name\":\"Allegro Vivace - Foscarini\",\"isPartOf\":{\"@id\":\"https:\/\/www.foscarini.com\/#website\"},\"primaryImageOfPage\":{\"@id\":\"https:\/\/www.foscarini.com\/de\/produkt\/allegro-vivace-allegro-s-de\/#primaryimage\"},\"image\":{\"@id\":\"https:\/\/www.foscarini.com\/de\/produkt\/allegro-vivace-allegro-s-de\/#primaryimage\"},\"thumbnailUrl\":\"https:\/\/www.foscarini.com\/wp-content\/uploads\/2025\/06\/allegro-vivace_s_copper_22_786x865-3.jpg\",\"datePublished\":\"2024-03-28T17:43:42+00:00\",\"dateModified\":\"2025-06-11T10:37:12+00:00\",\"breadcrumb\":{\"@id\":\"https:\/\/www.foscarini.com\/de\/produkt\/allegro-vivace-allegro-s-de\/#breadcrumb\"},\"inLanguage\":\"de\",\"potentialAction\":[{\"@type\":\"ReadAction\",\"target\":[\"https:\/\/www.foscarini.com\/de\/produkt\/allegro-vivace-allegro-s-de\/\"]}]},{\"@type\":\"ImageObject\",\"inLanguage\":\"de\",\"@id\":\"https:\/\/www.foscarini.com\/de\/produkt\/allegro-vivace-allegro-s-de\/#primaryimage\",\"url\":\"https:\/\/www.foscarini.com\/wp-content\/uploads\/2025\/06\/allegro-vivace_s_copper_22_786x865-3.jpg\",\"contentUrl\":\"https:\/\/www.foscarini.com\/wp-content\/uploads\/2025\/06\/allegro-vivace_s_copper_22_786x865-3.jpg\",\"width\":786,\"height\":865},{\"@type\":\"BreadcrumbList\",\"@id\":\"https:\/\/www.foscarini.com\/de\/produkt\/allegro-vivace-allegro-s-de\/#breadcrumb\",\"itemListElement\":[{\"@type\":\"ListItem\",\"position\":1,\"name\":\"Home\",\"item\":\"https:\/\/www.foscarini.com\/de\/\"},{\"@type\":\"ListItem\",\"position\":2,\"name\":\"Shop\",\"item\":\"https:\/\/www.foscarini.com\/de\/shop\/\"},{\"@type\":\"ListItem\",\"position\":3,\"name\":\"Allegro Vivace\"}]},{\"@type\":\"WebSite\",\"@id\":\"https:\/\/www.foscarini.com\/#website\",\"url\":\"https:\/\/www.foscarini.com\/\",\"name\":\"Foscarini\",\"description\":\"\",\"potentialAction\":[{\"@type\":\"SearchAction\",\"target\":{\"@type\":\"EntryPoint\",\"urlTemplate\":\"https:\/\/www.foscarini.com\/?s={search_term_string}\"},\"query-input\":{\"@type\":\"PropertyValueSpecification\",\"valueRequired\":true,\"valueName\":\"search_term_string\"}}],\"inLanguage\":\"de\"}]}<\/script>\n<!-- \/ Yoast SEO Premium plugin. -->","yoast_head_json":{"title":"Allegro Vivace - Foscarini","robots":{"index":"index","follow":"follow","max-snippet":"max-snippet:-1","max-image-preview":"max-image-preview:large","max-video-preview":"max-video-preview:-1"},"og_locale":"de_DE","og_type":"article","og_title":"Allegro Vivace","og_description":"Eine H\u00e4ngeleuchte, deren Form der Schwerkraft entspringt. Ihre metallischen Linien zeichnen das Licht ab und erklingen sanft, wenn sie ber\u00fchrt werden. Eine \u201eMusikalit\u00e4t\u201c, die auch als Inspiration f\u00fcr den Namen der Kollektion diente. Sie bietet ein diffuses, nach unten gerichtetes und zur Decke abgestrahltes Licht. Der Leuchtk\u00f6rper besteht aus einer verchromten Metallstruktur und aus mit Epoxidharz-Pulverlack beschichteten Vollrohrsch\u00e4ften aus Aluminium. Die Sch\u00e4fte sind mit kleinen Metallringen am Gestell befestigt. Ausgestattet mit drei Edelstahl-Aufh\u00e4ngungskabeln und durchsichtigem Elektrokabel. Deckenrosette mit B\u00fcgel aus verzinktem Metall und Verkleidung aus verchromtem gl\u00e4nzendem Metall. F\u00fcr die getrennte Einschaltung der beiden Lichtquellen vorgesehen. Baldachin-Dezentralisierungssatz erh\u00e4ltich.","og_url":"https:\/\/www.foscarini.com\/de\/produkt\/allegro-vivace-allegro-s-de\/","og_site_name":"Foscarini","article_modified_time":"2025-06-11T10:37:12+00:00","og_image":[{"width":786,"height":865,"url":"https:\/\/www.foscarini.com\/wp-content\/uploads\/2025\/06\/allegro-vivace_s_copper_22_786x865-1.jpg","type":"image\/jpeg"}],"twitter_card":"summary_large_image","twitter_misc":{"Gesch\u00e4tzte Lesezeit":"1\u00a0Minute"},"schema":{"@context":"https:\/\/schema.org","@graph":[{"@type":"WebPage","@id":"https:\/\/www.foscarini.com\/de\/produkt\/allegro-vivace-allegro-s-de\/","url":"https:\/\/www.foscarini.com\/de\/produkt\/allegro-vivace-allegro-s-de\/","name":"Allegro Vivace - Foscarini","isPartOf":{"@id":"https:\/\/www.foscarini.com\/#website"},"primaryImageOfPage":{"@id":"https:\/\/www.foscarini.com\/de\/produkt\/allegro-vivace-allegro-s-de\/#primaryimage"},"image":{"@id":"https:\/\/www.foscarini.com\/de\/produkt\/allegro-vivace-allegro-s-de\/#primaryimage"},"thumbnailUrl":"https:\/\/www.foscarini.com\/wp-content\/uploads\/2025\/06\/allegro-vivace_s_copper_22_786x865-3.jpg","datePublished":"2024-03-28T17:43:42+00:00","dateModified":"2025-06-11T10:37:12+00:00","breadcrumb":{"@id":"https:\/\/www.foscarini.com\/de\/produkt\/allegro-vivace-allegro-s-de\/#breadcrumb"},"inLanguage":"de","potentialAction":[{"@type":"ReadAction","target":["https:\/\/www.foscarini.com\/de\/produkt\/allegro-vivace-allegro-s-de\/"]}]},{"@type":"ImageObject","inLanguage":"de","@id":"https:\/\/www.foscarini.com\/de\/produkt\/allegro-vivace-allegro-s-de\/#primaryimage","url":"https:\/\/www.foscarini.com\/wp-content\/uploads\/2025\/06\/allegro-vivace_s_copper_22_786x865-3.jpg","contentUrl":"https:\/\/www.foscarini.com\/wp-content\/uploads\/2025\/06\/allegro-vivace_s_copper_22_786x865-3.jpg","width":786,"height":865},{"@type":"BreadcrumbList","@id":"https:\/\/www.foscarini.com\/de\/produkt\/allegro-vivace-allegro-s-de\/#breadcrumb","itemListElement":[{"@type":"ListItem","position":1,"name":"Home","item":"https:\/\/www.foscarini.com\/de\/"},{"@type":"ListItem","position":2,"name":"Shop","item":"https:\/\/www.foscarini.com\/de\/shop\/"},{"@type":"ListItem","position":3,"name":"Allegro Vivace"}]},{"@type":"WebSite","@id":"https:\/\/www.foscarini.com\/#website","url":"https:\/\/www.foscarini.com\/","name":"Foscarini","description":"","potentialAction":[{"@type":"SearchAction","target":{"@type":"EntryPoint","urlTemplate":"https:\/\/www.foscarini.com\/?s={search_term_string}"},"query-input":{"@type":"PropertyValueSpecification","valueRequired":true,"valueName":"search_term_string"}}],"inLanguage":"de"}]}},"_links":{"self":[{"href":"https:\/\/www.foscarini.com\/de\/wp-json\/wp\/v2\/product\/190746"}],"collection":[{"href":"https:\/\/www.foscarini.com\/de\/wp-json\/wp\/v2\/product"}],"about":[{"href":"https:\/\/www.foscarini.com\/de\/wp-json\/wp\/v2\/types\/product"}],"replies":[{"embeddable":true,"href":"https:\/\/www.foscarini.com\/de\/wp-json\/wp\/v2\/comments?post=190746"}],"wp:featuredmedia":[{"embeddable":true,"href":"https:\/\/www.foscarini.com\/de\/wp-json\/wp\/v2\/media\/465170"}],"wp:attachment":[{"href":"https:\/\/www.foscarini.com\/de\/wp-json\/wp\/v2\/media?parent=190746"}],"wp:term":[{"taxonomy":"product_cat","embeddable":true,"href":"https:\/\/www.foscarini.com\/de\/wp-json\/wp\/v2\/product_cat?post=190746"},{"taxonomy":"product_tag","embeddable":true,"href":"https:\/\/www.foscarini.com\/de\/wp-json\/wp\/v2\/product_tag?post=190746"},{"taxonomy":"materiale","embeddable":true,"href":"https:\/\/www.foscarini.com\/de\/wp-json\/wp\/v2\/materiale?post=190746"},{"taxonomy":"altezza","embeddable":true,"href":"https:\/\/www.foscarini.com\/de\/wp-json\/wp\/v2\/altezza?post=190746"},{"taxonomy":"larghezza","embeddable":true,"href":"https:\/\/www.foscarini.com\/de\/wp-json\/wp\/v2\/larghezza?post=190746"},{"taxonomy":"profondita","embeddable":true,"href":"https:\/\/www.foscarini.com\/de\/wp-json\/wp\/v2\/profondita?post=190746"},{"taxonomy":"peso","embeddable":true,"href":"https:\/\/www.foscarini.com\/de\/wp-json\/wp\/v2\/peso?post=190746"},{"taxonomy":"designer-prodotto","embeddable":true,"href":"https:\/\/www.foscarini.com\/de\/wp-json\/wp\/v2\/designer-prodotto?post=190746"}],"curies":[{"name":"wp","href":"https:\/\/api.w.org\/{rel}","templated":true}]}}