{"id":190703,"date":"2024-03-28T17:42:48","date_gmt":"2024-03-28T17:42:48","guid":{"rendered":"https:\/\/www.foscarini.com\/product\/allegretto-ritmico-allegretto-s\/"},"modified":"2025-06-11T10:33:30","modified_gmt":"2025-06-11T10:33:30","slug":"allegretto-ritmico-allegretto-s-de","status":"publish","type":"product","link":"https:\/\/www.foscarini.com\/de\/produkt\/allegretto-ritmico-allegretto-s-de\/","title":{"rendered":"Allegretto Ritmico"},"content":{"rendered":"<p>Le lampade a sospensione Allegretto nascono da un&#8217;armonia di linee sottili, che creano forme tridimensionali e giochi di luce ed ombre. Tecnologica e grintosa, la versione Allegretto Ritmico sfoggia un colore grafite che ne sottolinea il design contemporaneo.<\/p><section class=\"pdp__slider full-height-vh\">\n    <div class=\"swiper-container swiper__pdp\">\n        <div class=\"swiper-wrapper full-height\">\n                                <div class=\"swiper-slide\">\n                                                    <img decoding=\"async\" class=\"full-cover\" src=\"https:\/\/www.foscarini.com\/wp-content\/uploads\/2024\/03\/3.1_Allegretto-Ritmico-1-150x150.jpg\" srcset=\"https:\/\/www.foscarini.com\/wp-content\/uploads\/2024\/03\/3.1_Allegretto-Ritmico-1-300x200.jpg 300w, https:\/\/www.foscarini.com\/wp-content\/uploads\/2024\/03\/3.1_Allegretto-Ritmico-1-1024x683.jpg 1024w, https:\/\/www.foscarini.com\/wp-content\/uploads\/2024\/03\/3.1_Allegretto-Ritmico-1-768x512.jpg 768w, https:\/\/www.foscarini.com\/wp-content\/uploads\/2024\/03\/3.1_Allegretto-Ritmico-1-1536x1024.jpg 1536w, https:\/\/www.foscarini.com\/wp-content\/uploads\/2024\/03\/3.1_Allegretto-Ritmico-1-2048x1365.jpg 2048w, https:\/\/www.foscarini.com\/wp-content\/uploads\/2024\/03\/3.1_Allegretto-Ritmico-1-800x533.jpg 800w\" alt=\"\" \/>\n                                                                        <\/div>\n                                        <div class=\"swiper-slide\">\n                                                    <img decoding=\"async\" class=\"full-cover\" src=\"https:\/\/www.foscarini.com\/wp-content\/uploads\/2024\/03\/3.2_Allegretto-Ritmico-1-150x150.jpg\" srcset=\"https:\/\/www.foscarini.com\/wp-content\/uploads\/2024\/03\/3.2_Allegretto-Ritmico-1-199x300.jpg 199w, https:\/\/www.foscarini.com\/wp-content\/uploads\/2024\/03\/3.2_Allegretto-Ritmico-1-678x1024.jpg 678w, https:\/\/www.foscarini.com\/wp-content\/uploads\/2024\/03\/3.2_Allegretto-Ritmico-1-768x1160.jpg 768w, https:\/\/www.foscarini.com\/wp-content\/uploads\/2024\/03\/3.2_Allegretto-Ritmico-1-800x1208.jpg 800w, https:\/\/www.foscarini.com\/wp-content\/uploads\/2024\/03\/3.2_Allegretto-Ritmico-1.jpg 980w\" alt=\"\" \/>\n                                                                        <\/div>\n                                        <div class=\"swiper-slide\">\n                                                    <img decoding=\"async\" class=\"full-cover\" src=\"https:\/\/www.foscarini.com\/wp-content\/uploads\/2024\/03\/3.3_Allegretto-RitmicoAllegretto-R-1-150x150.jpg\" srcset=\"https:\/\/www.foscarini.com\/wp-content\/uploads\/2024\/03\/3.3_Allegretto-RitmicoAllegretto-R-1-300x200.jpg 300w, https:\/\/www.foscarini.com\/wp-content\/uploads\/2024\/03\/3.3_Allegretto-RitmicoAllegretto-R-1-1024x683.jpg 1024w, https:\/\/www.foscarini.com\/wp-content\/uploads\/2024\/03\/3.3_Allegretto-RitmicoAllegretto-R-1-768x512.jpg 768w, https:\/\/www.foscarini.com\/wp-content\/uploads\/2024\/03\/3.3_Allegretto-RitmicoAllegretto-R-1-1536x1024.jpg 1536w, https:\/\/www.foscarini.com\/wp-content\/uploads\/2024\/03\/3.3_Allegretto-RitmicoAllegretto-R-1-2048x1365.jpg 2048w, https:\/\/www.foscarini.com\/wp-content\/uploads\/2024\/03\/3.3_Allegretto-RitmicoAllegretto-R-1-800x533.jpg 800w\" alt=\"\" \/>\n                                                                        <\/div>\n                                        <div class=\"swiper-slide\">\n                                                    <img decoding=\"async\" class=\"full-cover\" src=\"https:\/\/www.foscarini.com\/wp-content\/uploads\/2024\/03\/3.4_Allegretto-RitmicoAllegretto-R-1-150x150.jpg\" srcset=\"https:\/\/www.foscarini.com\/wp-content\/uploads\/2024\/03\/3.4_Allegretto-RitmicoAllegretto-R-1-300x200.jpg 300w, https:\/\/www.foscarini.com\/wp-content\/uploads\/2024\/03\/3.4_Allegretto-RitmicoAllegretto-R-1-1024x683.jpg 1024w, https:\/\/www.foscarini.com\/wp-content\/uploads\/2024\/03\/3.4_Allegretto-RitmicoAllegretto-R-1-768x512.jpg 768w, https:\/\/www.foscarini.com\/wp-content\/uploads\/2024\/03\/3.4_Allegretto-RitmicoAllegretto-R-1-1536x1024.jpg 1536w, https:\/\/www.foscarini.com\/wp-content\/uploads\/2024\/03\/3.4_Allegretto-RitmicoAllegretto-R-1-2048x1365.jpg 2048w, https:\/\/www.foscarini.com\/wp-content\/uploads\/2024\/03\/3.4_Allegretto-RitmicoAllegretto-R-1-800x533.jpg 800w\" alt=\"\" \/>\n                                                                        <\/div>\n                            <\/div>\n    <\/div>\n    <div class=\"swiper-scrollbar\"><\/div>\n    <div class=\"ct-arrow\">\n        <div class=\"swiper-button-prev\"><\/div>\n        <div class=\"swiper-button-next\"><\/div>\n    <\/div>\n<\/section>","protected":false},"excerpt":{"rendered":"<p>Eine H\u00e4ngeleuchte mit zeitgen\u00f6ssischem Design sowie technologischer und entschlossener Pers\u00f6nlichkeit. Sie bietet ein diffuses, nach unten gerichtetes und zur Decke abgestrahltes Licht. Der Leuchtk\u00f6rper besteht aus einer verchromten Metallstruktur und aus mit Epoxidharz-Pulverlack beschichteten Vollrohrsch\u00e4ften aus Aluminium. Die Sch\u00e4fte sind mit kleinen Metallringen auf dem Gestell befestigt. Ausgestattet mit drei Edelstahl-Aufh\u00e4ngungskabeln und einem durchsichtigem Elektrokabel. Deckenrosette mit B\u00fcgel aus verzinktem Metall und Verkleidung aus gl\u00e4nzendem durchgef\u00e4rbtem verchromtem ABS-Kunststoff. Baldachin-Dezentralisierungssatz erh\u00e4ltich.<\/p>\n","protected":false},"featured_media":465024,"comment_status":"open","ping_status":"closed","template":"","meta":{"_acf_changed":true},"product_cat":[5264,657,650,715,746],"product_tag":[],"materiale":[8433],"altezza":[9811],"larghezza":[8937],"profondita":[8900],"peso":[10185],"designer-prodotto":[7461],"class_list":{"0":"post-190703","1":"product","2":"type-product","3":"status-publish","4":"has-post-thumbnail","6":"product_cat-allegretto-famiglia-de","7":"product_cat-allegro-concetto-de","8":"product_cat-concetto-de","9":"product_cat-funzione-de","10":"product_cat-sospensione-de","11":"materiale-acciaio-e-metallo-de","12":"altezza-22-58-de","13":"larghezza-20-de","14":"profondita-20-de","15":"peso-51-de","16":"designer-prodotto-atelier-oi-de","18":"first","19":"instock","20":"shipping-taxable","21":"purchasable","22":"product-type-variable"},"acf":{"preview_slider":{"titolo":"","testo":"","video_domanda":false,"link_video":""},"prodotto__immagine_preview":{"immagine":119120},"prodotto__slider":{"sottotitolo":"Atelier O\u00ef (2009)","titolo":"Die H\u00e4ngeleuchten Allegretto entstehen aus einem harmonischen Spiel feiner Linien, die eine dreidimensionale Form und ein Wechselspiel aus Licht und Schatten erzeugen. Die technologische und entschlossene Ausf\u00fchrung Allegretto Ritmico pr\u00e4sentiert sich in der Farbe Grafit, die das zeitgem\u00e4\u00dfe Design betont.","immagini":[{"immagine":308300,"immagine_mobile":null}]},"prodotto__slider_preview":null,"prodotto__specifiche":{"selezione":[{"scheda_tecnica":460832}]}},"yoast_head":"<!-- This site is optimized with the Yoast SEO Premium plugin v22.4 (Yoast SEO v23.7) - https:\/\/yoast.com\/wordpress\/plugins\/seo\/ -->\n<title>Allegretto Ritmico - Foscarini<\/title>\n<meta name=\"robots\" content=\"index, follow, max-snippet:-1, max-image-preview:large, max-video-preview:-1\" \/>\n<meta property=\"og:locale\" content=\"de_DE\" \/>\n<meta property=\"og:type\" content=\"article\" \/>\n<meta property=\"og:title\" content=\"Allegretto Ritmico\" \/>\n<meta property=\"og:description\" content=\"Eine H\u00e4ngeleuchte mit zeitgen\u00f6ssischem Design sowie technologischer und entschlossener Pers\u00f6nlichkeit. Sie bietet ein diffuses, nach unten gerichtetes und zur Decke abgestrahltes Licht. Der Leuchtk\u00f6rper besteht aus einer verchromten Metallstruktur und aus mit Epoxidharz-Pulverlack beschichteten Vollrohrsch\u00e4ften aus Aluminium. Die Sch\u00e4fte sind mit kleinen Metallringen auf dem Gestell befestigt. Ausgestattet mit drei Edelstahl-Aufh\u00e4ngungskabeln und einem durchsichtigem Elektrokabel. Deckenrosette mit B\u00fcgel aus verzinktem Metall und Verkleidung aus gl\u00e4nzendem durchgef\u00e4rbtem verchromtem ABS-Kunststoff. Baldachin-Dezentralisierungssatz erh\u00e4ltich.\" \/>\n<meta property=\"og:url\" content=\"https:\/\/www.foscarini.com\/de\/produkt\/allegretto-ritmico-allegretto-s-de\/\" \/>\n<meta property=\"og:site_name\" content=\"Foscarini\" \/>\n<meta property=\"article:modified_time\" content=\"2025-06-11T10:33:30+00:00\" \/>\n<meta property=\"og:image\" content=\"https:\/\/www.foscarini.com\/wp-content\/uploads\/2025\/06\/allegretto-ritmico_s_graphite_22_786x865-3.jpg\" \/>\n\t<meta property=\"og:image:width\" content=\"786\" \/>\n\t<meta property=\"og:image:height\" content=\"865\" \/>\n\t<meta property=\"og:image:type\" content=\"image\/jpeg\" \/>\n<meta name=\"twitter:card\" content=\"summary_large_image\" \/>\n<meta name=\"twitter:label1\" content=\"Gesch\u00e4tzte Lesezeit\" \/>\n\t<meta name=\"twitter:data1\" content=\"1\u00a0Minute\" \/>\n<script type=\"application\/ld+json\" class=\"yoast-schema-graph\">{\"@context\":\"https:\/\/schema.org\",\"@graph\":[{\"@type\":\"WebPage\",\"@id\":\"https:\/\/www.foscarini.com\/de\/produkt\/allegretto-ritmico-allegretto-s-de\/\",\"url\":\"https:\/\/www.foscarini.com\/de\/produkt\/allegretto-ritmico-allegretto-s-de\/\",\"name\":\"Allegretto Ritmico - Foscarini\",\"isPartOf\":{\"@id\":\"https:\/\/www.foscarini.com\/#website\"},\"primaryImageOfPage\":{\"@id\":\"https:\/\/www.foscarini.com\/de\/produkt\/allegretto-ritmico-allegretto-s-de\/#primaryimage\"},\"image\":{\"@id\":\"https:\/\/www.foscarini.com\/de\/produkt\/allegretto-ritmico-allegretto-s-de\/#primaryimage\"},\"thumbnailUrl\":\"https:\/\/www.foscarini.com\/wp-content\/uploads\/2025\/06\/allegretto-ritmico_s_graphite_22_786x865-6.jpg\",\"datePublished\":\"2024-03-28T17:42:48+00:00\",\"dateModified\":\"2025-06-11T10:33:30+00:00\",\"breadcrumb\":{\"@id\":\"https:\/\/www.foscarini.com\/de\/produkt\/allegretto-ritmico-allegretto-s-de\/#breadcrumb\"},\"inLanguage\":\"de\",\"potentialAction\":[{\"@type\":\"ReadAction\",\"target\":[\"https:\/\/www.foscarini.com\/de\/produkt\/allegretto-ritmico-allegretto-s-de\/\"]}]},{\"@type\":\"ImageObject\",\"inLanguage\":\"de\",\"@id\":\"https:\/\/www.foscarini.com\/de\/produkt\/allegretto-ritmico-allegretto-s-de\/#primaryimage\",\"url\":\"https:\/\/www.foscarini.com\/wp-content\/uploads\/2025\/06\/allegretto-ritmico_s_graphite_22_786x865-6.jpg\",\"contentUrl\":\"https:\/\/www.foscarini.com\/wp-content\/uploads\/2025\/06\/allegretto-ritmico_s_graphite_22_786x865-6.jpg\",\"width\":786,\"height\":865},{\"@type\":\"BreadcrumbList\",\"@id\":\"https:\/\/www.foscarini.com\/de\/produkt\/allegretto-ritmico-allegretto-s-de\/#breadcrumb\",\"itemListElement\":[{\"@type\":\"ListItem\",\"position\":1,\"name\":\"Home\",\"item\":\"https:\/\/www.foscarini.com\/de\/\"},{\"@type\":\"ListItem\",\"position\":2,\"name\":\"Shop\",\"item\":\"https:\/\/www.foscarini.com\/de\/shop\/\"},{\"@type\":\"ListItem\",\"position\":3,\"name\":\"Allegretto Ritmico\"}]},{\"@type\":\"WebSite\",\"@id\":\"https:\/\/www.foscarini.com\/#website\",\"url\":\"https:\/\/www.foscarini.com\/\",\"name\":\"Foscarini\",\"description\":\"\",\"potentialAction\":[{\"@type\":\"SearchAction\",\"target\":{\"@type\":\"EntryPoint\",\"urlTemplate\":\"https:\/\/www.foscarini.com\/?s={search_term_string}\"},\"query-input\":{\"@type\":\"PropertyValueSpecification\",\"valueRequired\":true,\"valueName\":\"search_term_string\"}}],\"inLanguage\":\"de\"}]}<\/script>\n<!-- \/ Yoast SEO Premium plugin. -->","yoast_head_json":{"title":"Allegretto Ritmico - Foscarini","robots":{"index":"index","follow":"follow","max-snippet":"max-snippet:-1","max-image-preview":"max-image-preview:large","max-video-preview":"max-video-preview:-1"},"og_locale":"de_DE","og_type":"article","og_title":"Allegretto Ritmico","og_description":"Eine H\u00e4ngeleuchte mit zeitgen\u00f6ssischem Design sowie technologischer und entschlossener Pers\u00f6nlichkeit. Sie bietet ein diffuses, nach unten gerichtetes und zur Decke abgestrahltes Licht. Der Leuchtk\u00f6rper besteht aus einer verchromten Metallstruktur und aus mit Epoxidharz-Pulverlack beschichteten Vollrohrsch\u00e4ften aus Aluminium. Die Sch\u00e4fte sind mit kleinen Metallringen auf dem Gestell befestigt. Ausgestattet mit drei Edelstahl-Aufh\u00e4ngungskabeln und einem durchsichtigem Elektrokabel. Deckenrosette mit B\u00fcgel aus verzinktem Metall und Verkleidung aus gl\u00e4nzendem durchgef\u00e4rbtem verchromtem ABS-Kunststoff. Baldachin-Dezentralisierungssatz erh\u00e4ltich.","og_url":"https:\/\/www.foscarini.com\/de\/produkt\/allegretto-ritmico-allegretto-s-de\/","og_site_name":"Foscarini","article_modified_time":"2025-06-11T10:33:30+00:00","og_image":[{"width":786,"height":865,"url":"https:\/\/www.foscarini.com\/wp-content\/uploads\/2025\/06\/allegretto-ritmico_s_graphite_22_786x865-3.jpg","type":"image\/jpeg"}],"twitter_card":"summary_large_image","twitter_misc":{"Gesch\u00e4tzte Lesezeit":"1\u00a0Minute"},"schema":{"@context":"https:\/\/schema.org","@graph":[{"@type":"WebPage","@id":"https:\/\/www.foscarini.com\/de\/produkt\/allegretto-ritmico-allegretto-s-de\/","url":"https:\/\/www.foscarini.com\/de\/produkt\/allegretto-ritmico-allegretto-s-de\/","name":"Allegretto Ritmico - Foscarini","isPartOf":{"@id":"https:\/\/www.foscarini.com\/#website"},"primaryImageOfPage":{"@id":"https:\/\/www.foscarini.com\/de\/produkt\/allegretto-ritmico-allegretto-s-de\/#primaryimage"},"image":{"@id":"https:\/\/www.foscarini.com\/de\/produkt\/allegretto-ritmico-allegretto-s-de\/#primaryimage"},"thumbnailUrl":"https:\/\/www.foscarini.com\/wp-content\/uploads\/2025\/06\/allegretto-ritmico_s_graphite_22_786x865-6.jpg","datePublished":"2024-03-28T17:42:48+00:00","dateModified":"2025-06-11T10:33:30+00:00","breadcrumb":{"@id":"https:\/\/www.foscarini.com\/de\/produkt\/allegretto-ritmico-allegretto-s-de\/#breadcrumb"},"inLanguage":"de","potentialAction":[{"@type":"ReadAction","target":["https:\/\/www.foscarini.com\/de\/produkt\/allegretto-ritmico-allegretto-s-de\/"]}]},{"@type":"ImageObject","inLanguage":"de","@id":"https:\/\/www.foscarini.com\/de\/produkt\/allegretto-ritmico-allegretto-s-de\/#primaryimage","url":"https:\/\/www.foscarini.com\/wp-content\/uploads\/2025\/06\/allegretto-ritmico_s_graphite_22_786x865-6.jpg","contentUrl":"https:\/\/www.foscarini.com\/wp-content\/uploads\/2025\/06\/allegretto-ritmico_s_graphite_22_786x865-6.jpg","width":786,"height":865},{"@type":"BreadcrumbList","@id":"https:\/\/www.foscarini.com\/de\/produkt\/allegretto-ritmico-allegretto-s-de\/#breadcrumb","itemListElement":[{"@type":"ListItem","position":1,"name":"Home","item":"https:\/\/www.foscarini.com\/de\/"},{"@type":"ListItem","position":2,"name":"Shop","item":"https:\/\/www.foscarini.com\/de\/shop\/"},{"@type":"ListItem","position":3,"name":"Allegretto Ritmico"}]},{"@type":"WebSite","@id":"https:\/\/www.foscarini.com\/#website","url":"https:\/\/www.foscarini.com\/","name":"Foscarini","description":"","potentialAction":[{"@type":"SearchAction","target":{"@type":"EntryPoint","urlTemplate":"https:\/\/www.foscarini.com\/?s={search_term_string}"},"query-input":{"@type":"PropertyValueSpecification","valueRequired":true,"valueName":"search_term_string"}}],"inLanguage":"de"}]}},"_links":{"self":[{"href":"https:\/\/www.foscarini.com\/de\/wp-json\/wp\/v2\/product\/190703"}],"collection":[{"href":"https:\/\/www.foscarini.com\/de\/wp-json\/wp\/v2\/product"}],"about":[{"href":"https:\/\/www.foscarini.com\/de\/wp-json\/wp\/v2\/types\/product"}],"replies":[{"embeddable":true,"href":"https:\/\/www.foscarini.com\/de\/wp-json\/wp\/v2\/comments?post=190703"}],"wp:featuredmedia":[{"embeddable":true,"href":"https:\/\/www.foscarini.com\/de\/wp-json\/wp\/v2\/media\/465024"}],"wp:attachment":[{"href":"https:\/\/www.foscarini.com\/de\/wp-json\/wp\/v2\/media?parent=190703"}],"wp:term":[{"taxonomy":"product_cat","embeddable":true,"href":"https:\/\/www.foscarini.com\/de\/wp-json\/wp\/v2\/product_cat?post=190703"},{"taxonomy":"product_tag","embeddable":true,"href":"https:\/\/www.foscarini.com\/de\/wp-json\/wp\/v2\/product_tag?post=190703"},{"taxonomy":"materiale","embeddable":true,"href":"https:\/\/www.foscarini.com\/de\/wp-json\/wp\/v2\/materiale?post=190703"},{"taxonomy":"altezza","embeddable":true,"href":"https:\/\/www.foscarini.com\/de\/wp-json\/wp\/v2\/altezza?post=190703"},{"taxonomy":"larghezza","embeddable":true,"href":"https:\/\/www.foscarini.com\/de\/wp-json\/wp\/v2\/larghezza?post=190703"},{"taxonomy":"profondita","embeddable":true,"href":"https:\/\/www.foscarini.com\/de\/wp-json\/wp\/v2\/profondita?post=190703"},{"taxonomy":"peso","embeddable":true,"href":"https:\/\/www.foscarini.com\/de\/wp-json\/wp\/v2\/peso?post=190703"},{"taxonomy":"designer-prodotto","embeddable":true,"href":"https:\/\/www.foscarini.com\/de\/wp-json\/wp\/v2\/designer-prodotto?post=190703"}],"curies":[{"name":"wp","href":"https:\/\/api.w.org\/{rel}","templated":true}]}}