{"id":478120,"date":"2026-04-16T13:00:54","date_gmt":"2026-04-16T13:00:54","guid":{"rendered":"https:\/\/www.foscarini.com\/twiggy-20\/"},"modified":"2026-04-21T10:07:11","modified_gmt":"2026-04-21T10:07:11","slug":"twiggy-20","status":"publish","type":"page","link":"https:\/\/www.foscarini.com\/de\/twiggy-20\/","title":{"rendered":"20 Jahre Twiggy"},"content":{"rendered":"<section class=\"world__first_block bg-full\">\n\n            <img decoding=\"async\" class=\"image-principal show-desktop only-desktop\" src=\"https:\/\/www.foscarini.com\/wp-content\/uploads\/2026\/03\/TWIGGY20_banner-150x150.jpg\" srcset=\"https:\/\/www.foscarini.com\/wp-content\/uploads\/2026\/03\/TWIGGY20_banner-300x169.jpg 300w, https:\/\/www.foscarini.com\/wp-content\/uploads\/2026\/03\/TWIGGY20_banner-1024x576.jpg 1024w, https:\/\/www.foscarini.com\/wp-content\/uploads\/2026\/03\/TWIGGY20_banner-768x432.jpg 768w, https:\/\/www.foscarini.com\/wp-content\/uploads\/2026\/03\/TWIGGY20_banner-1536x864.jpg 1536w, https:\/\/www.foscarini.com\/wp-content\/uploads\/2026\/03\/TWIGGY20_banner-800x450.jpg 800w, https:\/\/www.foscarini.com\/wp-content\/uploads\/2026\/03\/TWIGGY20_banner.jpg 1920w\" alt=\"\" \/>\n        \n    \n    \n\n    <div class=\"row full-height-vh\">\n        <div class=\"small-12 col-1 medium-12 columns\">\n            <span class=\"subtitle\">MILAN DESIGN WEEK 2026 \/ FOSCARINI SPAZIO MONFORTE<\/span>\n        <\/div>\n        <div class=\"small-12 col-2 medium-12 invert columns align-self-bottom\">\n            <div class=\"ct-text\">\n                <div class=\"title-big js-heading\"><p>20 Jahre Twiggy<\/p>\n<\/div>\n                <div class=\"text-1 js-heading\"><\/div>\n                <div class=\"ct-bottom\">\n                                                        <a class=\"link-bg\" href=\"https:\/\/www.foscarini.com\/de\/produkt-kategorie\/concetto-de\/twiggy-concetto-de\/\" >Entdecke Twiggy<\/a>\n                                                                                            <a class=\"link\" href=\"https:\/\/www.foscarini.com\/de\/mdw26\/\" >Besuchen Sie wieder die Milano Design Week 2026<\/a>\n                                                    <\/div>\n            <\/div>\n        <\/div>\n    <\/div>\n<\/section><section class=\"prof__single_info \">\n    <div class=\"row row-large\">\n        <div class=\"medium-4 small-12 columns col-1\">\n                        <ul class=\"list-info\">\n                                        <li>\n                            <span class=\"subtitle js-heading\">SHOWROOM FOSCARINI SPAZIO MONFORTE<\/span>\n                            <div class=\"text-1 js-heading\"><p>Corso Monforte 19, Milano<br \/>\n21. \u2014 26. April 2026<br \/>\nH. 10:00\u201320:00 <\/p>\n<\/div>\n                        <\/li>\n                                    <\/ul>\n\n                            <img decoding=\"async\" src=\"https:\/\/www.foscarini.com\/wp-content\/uploads\/2026\/04\/2img-2txt-04-TWIGGY-150x150.jpg\" srcset=\"https:\/\/www.foscarini.com\/wp-content\/uploads\/2026\/04\/2img-2txt-04-TWIGGY-191x300.jpg 191w, https:\/\/www.foscarini.com\/wp-content\/uploads\/2026\/04\/2img-2txt-04-TWIGGY.jpg 598w\" alt=\"\" \/>\n                        <\/div>\n        <div class=\"medium-7 medium-offset-1 small-12 columns col-2\">\n                                        <div class=\"text-info  js-heading text-3\"><p>Da war eine Angelrute, eine Figur, die wie ein Fischer aussah, und am Ende eine Gl\u00fchbirne. Aus diesem so schlichten Bild entstand Twiggy: eine der beliebtesten, meistimitierten und unverwechselbaren Leuchten des zeitgen\u00f6ssischen Designs, die von Marc Sadler mit Foscarini entworfen wurde.<br \/>\nZwanzig Jahre nach ihrer Entstehung feiern wir eine Geschichte, die weit mehr als ein Jubil\u00e4um ist, mit einer Inszenierung von Ferruccio Laviani in den Bereichen des Showrooms Foscarini Spazio Monforte anl\u00e4sslich der Milano Design Week.<\/p>\n<\/div>\n                                            <img decoding=\"async\" src=\"https:\/\/www.foscarini.com\/wp-content\/uploads\/2026\/04\/010_3E6A8736_@giulianokoren-150x150.jpg\" srcset=\"https:\/\/www.foscarini.com\/wp-content\/uploads\/2026\/04\/010_3E6A8736_@giulianokoren-300x200.jpg 300w, https:\/\/www.foscarini.com\/wp-content\/uploads\/2026\/04\/010_3E6A8736_@giulianokoren-1024x683.jpg 1024w, https:\/\/www.foscarini.com\/wp-content\/uploads\/2026\/04\/010_3E6A8736_@giulianokoren-768x512.jpg 768w, https:\/\/www.foscarini.com\/wp-content\/uploads\/2026\/04\/010_3E6A8736_@giulianokoren-1536x1025.jpg 1536w, https:\/\/www.foscarini.com\/wp-content\/uploads\/2026\/04\/010_3E6A8736_@giulianokoren-800x534.jpg 800w, https:\/\/www.foscarini.com\/wp-content\/uploads\/2026\/04\/010_3E6A8736_@giulianokoren.jpg 2000w\" alt=\"\" \/>\n                        <\/div>\n    <\/div>\n<\/section><section class=\"prof__single_info \">\n    <div class=\"row row-large\">\n        <div class=\"medium-4 small-12 columns col-1\">\n                        <ul class=\"list-info\">\n                            <\/ul>\n\n                            <img decoding=\"async\" src=\"https:\/\/www.foscarini.com\/wp-content\/uploads\/2026\/04\/2img-2txt-03-TWIGGY-150x150.jpg\" srcset=\"https:\/\/www.foscarini.com\/wp-content\/uploads\/2026\/04\/2img-2txt-03-TWIGGY-202x300.jpg 202w, https:\/\/www.foscarini.com\/wp-content\/uploads\/2026\/04\/2img-2txt-03-TWIGGY.jpg 598w\" alt=\"\" \/>\n                        <\/div>\n        <div class=\"medium-7 medium-offset-1 small-12 columns col-2\">\n                                        <div class=\"text-info  js-heading text-3\"><p>Als Twiggy entstand, sagten manche dieser so ungew\u00f6hnlichen Leuchte ein kurzes Leben voraus \u2013 extrem schlank, hoch, filigran und wie eine Blume im Wind sanft hin und her wiegend. Zwanzig Jahre sp\u00e4ter ist sie nicht nur noch immer auf dem Markt, sondern z\u00e4hlt zu den beliebtesten und am h\u00e4ufigsten imitierten Bogen-Stehleuchten.<\/p>\n<p>&nbsp;<\/p>\n<p>Finden wir heraus, was zu ihrem au\u00dfergew\u00f6hnlichen Design gef\u00fchrt hat: eine Leuchte, die eine bew\u00e4hrte Form \u2013 den Bogen \u2013 aufgriff und sie radikal ver\u00e4nderte, sodass ein Objekt mit v\u00f6llig neuer Pers\u00f6nlichkeit entstand, leicht, verspielt und mit einer Eleganz, die aus Minimalisierung und der Verwandlung komplexer Strukturen in unmittelbar verst\u00e4ndliche Formen hervorging. Dahinter steckt eine jahrelange Geschichte voller Versuche. Es ist die Erz\u00e4hlung davon, wie etwas entsteht, das es zuvor noch nie gegeben hat. Eine Designgeschichte, wie Foscarini sie liebt.<\/p>\n<p>&nbsp;<\/p>\n<p>Inspiriert vom Bild einer Angelrute \u2013 mit einem Licht, das an der Spitze einer flexiblen Linie schwebt \u2013 entsteht Twiggy aus einer Materialforschung heraus. Die Verwendung von glasfaserverst\u00e4rktem Material und Kohlefaser \u2013 \u00fcbernommen aus der Welt des Sportger\u00e4tebaus \u2013 erm\u00f6glicht eine schlanke, widerstandsf\u00e4hige und zugleich \u00e4u\u00dferst flexible Struktur, die das Licht genau dorthin lenkt, wo es gebraucht wird. <\/p>\n<\/div>\n                                            <img decoding=\"async\" src=\"https:\/\/www.foscarini.com\/wp-content\/uploads\/2026\/04\/TWIGGY_schizzo-1-150x150.jpg\" srcset=\"https:\/\/www.foscarini.com\/wp-content\/uploads\/2026\/04\/TWIGGY_schizzo-1-300x240.jpg 300w, https:\/\/www.foscarini.com\/wp-content\/uploads\/2026\/04\/TWIGGY_schizzo-1-1024x819.jpg 1024w, https:\/\/www.foscarini.com\/wp-content\/uploads\/2026\/04\/TWIGGY_schizzo-1-768x614.jpg 768w, https:\/\/www.foscarini.com\/wp-content\/uploads\/2026\/04\/TWIGGY_schizzo-1-800x640.jpg 800w, https:\/\/www.foscarini.com\/wp-content\/uploads\/2026\/04\/TWIGGY_schizzo-1.jpg 1500w\" alt=\"\" \/>\n                        <\/div>\n    <\/div>\n<\/section><section class=\"ambient_single__img_lateral full-height-vh \">\n    <div class=\"row row-large\">\n        <div class=\"small-12 medium-10 medium-offset-2  columns full-height no-padding-right-mobile\">\n            <div class=\"ct-image js-img\">\n                                    <img decoding=\"async\" src=\"https:\/\/www.foscarini.com\/wp-content\/uploads\/2026\/04\/Inventario01-150x150.jpg\" srcset=\"https:\/\/www.foscarini.com\/wp-content\/uploads\/2026\/04\/Inventario01-300x199.jpg 300w, https:\/\/www.foscarini.com\/wp-content\/uploads\/2026\/04\/Inventario01-1024x678.jpg 1024w, https:\/\/www.foscarini.com\/wp-content\/uploads\/2026\/04\/Inventario01-768x509.jpg 768w, https:\/\/www.foscarini.com\/wp-content\/uploads\/2026\/04\/Inventario01-1536x1017.jpg 1536w, https:\/\/www.foscarini.com\/wp-content\/uploads\/2026\/04\/Inventario01-2048x1356.jpg 2048w, https:\/\/www.foscarini.com\/wp-content\/uploads\/2026\/04\/Inventario01-800x530.jpg 800w\" alt=\"\" \/>\n                    \n                            <\/div>\n        <\/div>\n    <\/div>\n<\/section><section class=\"prof__single_info \">\n    <div class=\"row row-large\">\n        <div class=\"medium-4 small-12 columns col-1\">\n                        <ul class=\"list-info\">\n                            <\/ul>\n\n                            <img decoding=\"async\" src=\"https:\/\/www.foscarini.com\/wp-content\/uploads\/2026\/04\/TWIGGY-BINIC_Ritratto-dArtista_Ph-Andrea-Ferrari-150x150.jpg\" srcset=\"https:\/\/www.foscarini.com\/wp-content\/uploads\/2026\/04\/TWIGGY-BINIC_Ritratto-dArtista_Ph-Andrea-Ferrari-217x300.jpg 217w, https:\/\/www.foscarini.com\/wp-content\/uploads\/2026\/04\/TWIGGY-BINIC_Ritratto-dArtista_Ph-Andrea-Ferrari-742x1024.jpg 742w, https:\/\/www.foscarini.com\/wp-content\/uploads\/2026\/04\/TWIGGY-BINIC_Ritratto-dArtista_Ph-Andrea-Ferrari-768x1059.jpg 768w, https:\/\/www.foscarini.com\/wp-content\/uploads\/2026\/04\/TWIGGY-BINIC_Ritratto-dArtista_Ph-Andrea-Ferrari-1113x1536.jpg 1113w, https:\/\/www.foscarini.com\/wp-content\/uploads\/2026\/04\/TWIGGY-BINIC_Ritratto-dArtista_Ph-Andrea-Ferrari-1485x2048.jpg 1485w, https:\/\/www.foscarini.com\/wp-content\/uploads\/2026\/04\/TWIGGY-BINIC_Ritratto-dArtista_Ph-Andrea-Ferrari-800x1104.jpg 800w, https:\/\/www.foscarini.com\/wp-content\/uploads\/2026\/04\/TWIGGY-BINIC_Ritratto-dArtista_Ph-Andrea-Ferrari-scaled.jpg 1856w\" alt=\"\" \/>\n                        <\/div>\n        <div class=\"medium-7 medium-offset-1 small-12 columns col-2\">\n                                        <div class=\"text-info  js-heading text-3\"><p>Die geschwungene Form von Twiggy \u2013 deren Name an die schlanke Figur des gleichnamigen britischen Models erinnert \u2013 entsteht aus einem fein abgestimmten Verh\u00e4ltnis von Festigkeit und Flexibilit\u00e4t: Die Kohlefaser sorgt f\u00fcr Halt, w\u00e4hrend das glasfaserverst\u00e4rkte Material der Struktur erm\u00f6glicht, sich zu biegen und zu schwingen und gleichzeitig Stabilit\u00e4t zu bewahren. Daraus entsteht ein klares, durchgehendes Zeichen, das filigran, aber bestimmt wirkt. Eine Linie verbindet Sockel und Diffusor in einem Spiel aus Volumen und Spannungen, das von einer nat\u00fcrlichen Schwingung begleitet wird. Der Stab zeichnet eine breite, dezente Kurve nach, w\u00e4hrend sich der flache, schlichte Sockel problemlos unter M\u00f6bel und Teppiche schieben l\u00e4sst.<\/p>\n<\/div>\n                                            <img decoding=\"async\" src=\"https:\/\/www.foscarini.com\/wp-content\/uploads\/2026\/04\/OscarPetterson-ezgif.com-optimize.gif\" alt=\"\" \/>\n                        <\/div>\n    <\/div>\n<\/section><section class=\"prof__single_info \">\n    <div class=\"row row-large\">\n        <div class=\"medium-4 small-12 columns col-1\">\n                        <ul class=\"list-info\">\n                            <\/ul>\n\n                            <img decoding=\"async\" src=\"https:\/\/www.foscarini.com\/wp-content\/uploads\/2026\/04\/TWIGGY-2img-txt-002-150x150.jpg\" srcset=\"https:\/\/www.foscarini.com\/wp-content\/uploads\/2026\/04\/TWIGGY-2img-txt-002-228x300.jpg 228w, https:\/\/www.foscarini.com\/wp-content\/uploads\/2026\/04\/TWIGGY-2img-txt-002.jpg 726w\" alt=\"\" \/>\n                        <\/div>\n        <div class=\"medium-7 medium-offset-1 small-12 columns col-2\">\n                                        <div class=\"text-info  js-heading text-3\"><p>Auch in ihrer Lichtwirkung zeigt sich Twiggy modern: Sie strahlt sowohl nach unten als auch nach oben und vereint Funktion und Atmosph\u00e4re. Der gro\u00dfe Diffusor erzeugt ein volles Licht, das durch den Schirm gefiltert wird, um Sehkomfort zu gew\u00e4hrleisten, w\u00e4hrend ein Gegengewichtssystem die H\u00f6he reguliert: ein einfacher und intuitiver Mechanismus, der durch die Flexibilit\u00e4t der Struktur erm\u00f6glicht wird.<\/p>\n<p>&nbsp;<\/p>\n<p>Die Farbe erg\u00e4nzt schlie\u00dflich die Identit\u00e4t des Projekts. Weit entfernt von traditioneller Einfarbigkeit entfaltet sich Twiggy in Nuancen, die zum Akzent oder zu einer diskreten Pr\u00e4senz im Raum werden. Der Diffusor aus mit Harz pigmentiertem Glasfasergewebe erzeugt eine Moir\u00e9-Textur, die aus einer zuf\u00e4lligen Entdeckung entstanden ist, ein Beispiel f\u00fcr den Ansatz von Foscarini, in dem technische Forschung und \u00e4sthetische Sensibilit\u00e4t ineinandergreifen.<\/p>\n<\/div>\n                                            <img decoding=\"async\" src=\"https:\/\/www.foscarini.com\/wp-content\/uploads\/2026\/04\/TWIGGY-2img-txt-001-150x150.jpg\" srcset=\"https:\/\/www.foscarini.com\/wp-content\/uploads\/2026\/04\/TWIGGY-2img-txt-001-273x300.jpg 273w, https:\/\/www.foscarini.com\/wp-content\/uploads\/2026\/04\/TWIGGY-2img-txt-001.jpg 736w\" alt=\"\" \/>\n                        <\/div>\n    <\/div>\n<\/section><section class=\"prof__single_info \">\n    <div class=\"row row-large\">\n        <div class=\"medium-4 small-12 columns col-1\">\n                        <ul class=\"list-info\">\n                            <\/ul>\n\n                            <img decoding=\"async\" src=\"https:\/\/www.foscarini.com\/wp-content\/uploads\/2026\/04\/TWIGGY-pattern-2img-big-150x150.jpg\" srcset=\"https:\/\/www.foscarini.com\/wp-content\/uploads\/2026\/04\/TWIGGY-pattern-2img-big-267x300.jpg 267w, https:\/\/www.foscarini.com\/wp-content\/uploads\/2026\/04\/TWIGGY-pattern-2img-big-912x1024.jpg 912w, https:\/\/www.foscarini.com\/wp-content\/uploads\/2026\/04\/TWIGGY-pattern-2img-big-768x862.jpg 768w, https:\/\/www.foscarini.com\/wp-content\/uploads\/2026\/04\/TWIGGY-pattern-2img-big-800x898.jpg 800w, https:\/\/www.foscarini.com\/wp-content\/uploads\/2026\/04\/TWIGGY-pattern-2img-big.jpg 960w\" alt=\"\" \/>\n                        <\/div>\n        <div class=\"medium-7 medium-offset-1 small-12 columns col-2\">\n                                                    <img decoding=\"async\" src=\"https:\/\/www.foscarini.com\/wp-content\/uploads\/2026\/04\/TWICE_LIGHT_SPAZIO_SOHO_1-1-150x150.jpg\" srcset=\"https:\/\/www.foscarini.com\/wp-content\/uploads\/2026\/04\/TWICE_LIGHT_SPAZIO_SOHO_1-1-300x200.jpg 300w, https:\/\/www.foscarini.com\/wp-content\/uploads\/2026\/04\/TWICE_LIGHT_SPAZIO_SOHO_1-1-1024x683.jpg 1024w, https:\/\/www.foscarini.com\/wp-content\/uploads\/2026\/04\/TWICE_LIGHT_SPAZIO_SOHO_1-1-768x512.jpg 768w, https:\/\/www.foscarini.com\/wp-content\/uploads\/2026\/04\/TWICE_LIGHT_SPAZIO_SOHO_1-1-1536x1024.jpg 1536w, https:\/\/www.foscarini.com\/wp-content\/uploads\/2026\/04\/TWICE_LIGHT_SPAZIO_SOHO_1-1-2048x1365.jpg 2048w, https:\/\/www.foscarini.com\/wp-content\/uploads\/2026\/04\/TWICE_LIGHT_SPAZIO_SOHO_1-1-800x533.jpg 800w\" alt=\"\" \/>\n                        <\/div>\n    <\/div>\n<\/section><section class=\"prof__single_info \">\n    <div class=\"row row-large\">\n        <div class=\"medium-4 small-12 columns col-1\">\n                        <ul class=\"list-info\">\n                            <\/ul>\n\n                    <\/div>\n        <div class=\"medium-7 medium-offset-1 small-12 columns col-2\">\n                            <div class=\"title-medium js-heading\"><p>Twiggy ist zu einer zeitgen\u00f6ssischen Ikone geworden: eine Geste, die sich in Linie, Spannung und dynamische Pr\u00e4senz verwandelt. Ein zukunftsweisendes Objekt, das sich nat\u00fcrlich in den Alltag einf\u00fcgt, ohne sich in der Rolle eines Statussymbols zu verfestigen.<\/p>\n<\/div>\n                                                <\/div>\n    <\/div>\n<\/section><section class=\"world__first_block bg-full\">\n\n            <img decoding=\"async\" class=\"image-principal show-desktop only-desktop\" src=\"https:\/\/www.foscarini.com\/wp-content\/uploads\/2026\/04\/027_3E6A8970_@giulianokoren-150x150.jpg\" srcset=\"https:\/\/www.foscarini.com\/wp-content\/uploads\/2026\/04\/027_3E6A8970_@giulianokoren-300x200.jpg 300w, https:\/\/www.foscarini.com\/wp-content\/uploads\/2026\/04\/027_3E6A8970_@giulianokoren-1024x683.jpg 1024w, https:\/\/www.foscarini.com\/wp-content\/uploads\/2026\/04\/027_3E6A8970_@giulianokoren-768x512.jpg 768w, https:\/\/www.foscarini.com\/wp-content\/uploads\/2026\/04\/027_3E6A8970_@giulianokoren-1536x1025.jpg 1536w, https:\/\/www.foscarini.com\/wp-content\/uploads\/2026\/04\/027_3E6A8970_@giulianokoren-800x534.jpg 800w, https:\/\/www.foscarini.com\/wp-content\/uploads\/2026\/04\/027_3E6A8970_@giulianokoren.jpg 2000w\" alt=\"\" \/>\n        \n    \n    \n\n    <div class=\"row full-height-vh\">\n        <div class=\"small-12 col-1 medium-5 medium-offset-7 columns\">\n            <span class=\"subtitle\"><\/span>\n        <\/div>\n        <div class=\"small-12 col-2 medium-5 medium-offset-7  columns align-self-bottom\">\n            <div class=\"ct-text\">\n                <div class=\"title-medium js-heading\"><p>Entdecken Sie Twiggy anl\u00e4sslich der Milano Design Week im Showroom Foscarini Spazio Monforte.<\/p>\n<\/div>\n                <div class=\"text-1 js-heading\"><\/div>\n                <div class=\"ct-bottom\">\n                                                        <\/div>\n            <\/div>\n        <\/div>\n    <\/div>\n<\/section><p><\/p>","protected":false},"excerpt":{"rendered":"","protected":false},"author":11,"featured_media":477355,"parent":0,"menu_order":0,"comment_status":"closed","ping_status":"closed","template":"","meta":{"_acf_changed":false,"footnotes":""},"class_list":["post-478120","page","type-page","status-publish","has-post-thumbnail","hentry"],"acf":{"preview_slider":{"titolo":"20 Jahre Twiggy","testo":"Twiggy ist zu einer zeitgen\u00f6ssischen Ikone geworden: eine Geste, die sich in Linie, Spannung und dynamische Pr\u00e4senz verwandelt. Ein zukunftsweisendes Objekt, das sich nat\u00fcrlich in den Alltag einf\u00fcgt, ohne sich in der Rolle eines Statussymbols zu verfestigen.","video_domanda":false,"link_video":""}},"yoast_head":"<!-- This site is optimized with the Yoast SEO Premium plugin v22.4 (Yoast SEO v23.7) - https:\/\/yoast.com\/wordpress\/plugins\/seo\/ -->\n<title>20 Jahre Twiggy - Foscarini<\/title>\n<meta name=\"robots\" content=\"index, follow, max-snippet:-1, max-image-preview:large, max-video-preview:-1\" \/>\n<meta property=\"og:locale\" content=\"de_DE\" \/>\n<meta property=\"og:type\" content=\"article\" \/>\n<meta property=\"og:title\" content=\"20 Jahre Twiggy\" \/>\n<meta property=\"og:url\" content=\"https:\/\/www.foscarini.com\/de\/twiggy-20\/\" \/>\n<meta property=\"og:site_name\" content=\"Foscarini\" \/>\n<meta property=\"article:modified_time\" content=\"2026-04-21T10:07:11+00:00\" \/>\n<meta property=\"og:image\" content=\"https:\/\/www.foscarini.com\/wp-content\/uploads\/2026\/03\/TWIGGY20_banner.jpg\" \/>\n\t<meta property=\"og:image:width\" content=\"1920\" \/>\n\t<meta property=\"og:image:height\" content=\"1080\" \/>\n\t<meta property=\"og:image:type\" content=\"image\/jpeg\" \/>\n<meta name=\"twitter:card\" content=\"summary_large_image\" \/>\n<meta name=\"twitter:label1\" content=\"Gesch\u00e4tzte Lesezeit\" \/>\n\t<meta name=\"twitter:data1\" content=\"1\u00a0Minute\" \/>\n<script type=\"application\/ld+json\" class=\"yoast-schema-graph\">{\"@context\":\"https:\/\/schema.org\",\"@graph\":[{\"@type\":\"WebPage\",\"@id\":\"https:\/\/www.foscarini.com\/de\/twiggy-20\/\",\"url\":\"https:\/\/www.foscarini.com\/de\/twiggy-20\/\",\"name\":\"20 Jahre Twiggy - Foscarini\",\"isPartOf\":{\"@id\":\"https:\/\/www.foscarini.com\/#website\"},\"primaryImageOfPage\":{\"@id\":\"https:\/\/www.foscarini.com\/de\/twiggy-20\/#primaryimage\"},\"image\":{\"@id\":\"https:\/\/www.foscarini.com\/de\/twiggy-20\/#primaryimage\"},\"thumbnailUrl\":\"https:\/\/www.foscarini.com\/wp-content\/uploads\/2026\/03\/TWIGGY20_banner.jpg\",\"datePublished\":\"2026-04-16T13:00:54+00:00\",\"dateModified\":\"2026-04-21T10:07:11+00:00\",\"breadcrumb\":{\"@id\":\"https:\/\/www.foscarini.com\/de\/twiggy-20\/#breadcrumb\"},\"inLanguage\":\"de\",\"potentialAction\":[{\"@type\":\"ReadAction\",\"target\":[\"https:\/\/www.foscarini.com\/de\/twiggy-20\/\"]}]},{\"@type\":\"ImageObject\",\"inLanguage\":\"de\",\"@id\":\"https:\/\/www.foscarini.com\/de\/twiggy-20\/#primaryimage\",\"url\":\"https:\/\/www.foscarini.com\/wp-content\/uploads\/2026\/03\/TWIGGY20_banner.jpg\",\"contentUrl\":\"https:\/\/www.foscarini.com\/wp-content\/uploads\/2026\/03\/TWIGGY20_banner.jpg\",\"width\":1920,\"height\":1080},{\"@type\":\"BreadcrumbList\",\"@id\":\"https:\/\/www.foscarini.com\/de\/twiggy-20\/#breadcrumb\",\"itemListElement\":[{\"@type\":\"ListItem\",\"position\":1,\"name\":\"Home\",\"item\":\"https:\/\/www.foscarini.com\/de\/\"},{\"@type\":\"ListItem\",\"position\":2,\"name\":\"20 Jahre Twiggy\"}]},{\"@type\":\"WebSite\",\"@id\":\"https:\/\/www.foscarini.com\/#website\",\"url\":\"https:\/\/www.foscarini.com\/\",\"name\":\"Foscarini\",\"description\":\"\",\"potentialAction\":[{\"@type\":\"SearchAction\",\"target\":{\"@type\":\"EntryPoint\",\"urlTemplate\":\"https:\/\/www.foscarini.com\/?s={search_term_string}\"},\"query-input\":{\"@type\":\"PropertyValueSpecification\",\"valueRequired\":true,\"valueName\":\"search_term_string\"}}],\"inLanguage\":\"de\"}]}<\/script>\n<!-- \/ Yoast SEO Premium plugin. -->","yoast_head_json":{"title":"20 Jahre Twiggy - Foscarini","robots":{"index":"index","follow":"follow","max-snippet":"max-snippet:-1","max-image-preview":"max-image-preview:large","max-video-preview":"max-video-preview:-1"},"og_locale":"de_DE","og_type":"article","og_title":"20 Jahre Twiggy","og_url":"https:\/\/www.foscarini.com\/de\/twiggy-20\/","og_site_name":"Foscarini","article_modified_time":"2026-04-21T10:07:11+00:00","og_image":[{"width":1920,"height":1080,"url":"https:\/\/www.foscarini.com\/wp-content\/uploads\/2026\/03\/TWIGGY20_banner.jpg","type":"image\/jpeg"}],"twitter_card":"summary_large_image","twitter_misc":{"Gesch\u00e4tzte Lesezeit":"1\u00a0Minute"},"schema":{"@context":"https:\/\/schema.org","@graph":[{"@type":"WebPage","@id":"https:\/\/www.foscarini.com\/de\/twiggy-20\/","url":"https:\/\/www.foscarini.com\/de\/twiggy-20\/","name":"20 Jahre Twiggy - Foscarini","isPartOf":{"@id":"https:\/\/www.foscarini.com\/#website"},"primaryImageOfPage":{"@id":"https:\/\/www.foscarini.com\/de\/twiggy-20\/#primaryimage"},"image":{"@id":"https:\/\/www.foscarini.com\/de\/twiggy-20\/#primaryimage"},"thumbnailUrl":"https:\/\/www.foscarini.com\/wp-content\/uploads\/2026\/03\/TWIGGY20_banner.jpg","datePublished":"2026-04-16T13:00:54+00:00","dateModified":"2026-04-21T10:07:11+00:00","breadcrumb":{"@id":"https:\/\/www.foscarini.com\/de\/twiggy-20\/#breadcrumb"},"inLanguage":"de","potentialAction":[{"@type":"ReadAction","target":["https:\/\/www.foscarini.com\/de\/twiggy-20\/"]}]},{"@type":"ImageObject","inLanguage":"de","@id":"https:\/\/www.foscarini.com\/de\/twiggy-20\/#primaryimage","url":"https:\/\/www.foscarini.com\/wp-content\/uploads\/2026\/03\/TWIGGY20_banner.jpg","contentUrl":"https:\/\/www.foscarini.com\/wp-content\/uploads\/2026\/03\/TWIGGY20_banner.jpg","width":1920,"height":1080},{"@type":"BreadcrumbList","@id":"https:\/\/www.foscarini.com\/de\/twiggy-20\/#breadcrumb","itemListElement":[{"@type":"ListItem","position":1,"name":"Home","item":"https:\/\/www.foscarini.com\/de\/"},{"@type":"ListItem","position":2,"name":"20 Jahre Twiggy"}]},{"@type":"WebSite","@id":"https:\/\/www.foscarini.com\/#website","url":"https:\/\/www.foscarini.com\/","name":"Foscarini","description":"","potentialAction":[{"@type":"SearchAction","target":{"@type":"EntryPoint","urlTemplate":"https:\/\/www.foscarini.com\/?s={search_term_string}"},"query-input":{"@type":"PropertyValueSpecification","valueRequired":true,"valueName":"search_term_string"}}],"inLanguage":"de"}]}},"_links":{"self":[{"href":"https:\/\/www.foscarini.com\/de\/wp-json\/wp\/v2\/pages\/478120"}],"collection":[{"href":"https:\/\/www.foscarini.com\/de\/wp-json\/wp\/v2\/pages"}],"about":[{"href":"https:\/\/www.foscarini.com\/de\/wp-json\/wp\/v2\/types\/page"}],"author":[{"embeddable":true,"href":"https:\/\/www.foscarini.com\/de\/wp-json\/wp\/v2\/users\/11"}],"replies":[{"embeddable":true,"href":"https:\/\/www.foscarini.com\/de\/wp-json\/wp\/v2\/comments?post=478120"}],"version-history":[{"count":2,"href":"https:\/\/www.foscarini.com\/de\/wp-json\/wp\/v2\/pages\/478120\/revisions"}],"predecessor-version":[{"id":478153,"href":"https:\/\/www.foscarini.com\/de\/wp-json\/wp\/v2\/pages\/478120\/revisions\/478153"}],"wp:featuredmedia":[{"embeddable":true,"href":"https:\/\/www.foscarini.com\/de\/wp-json\/wp\/v2\/media\/477355"}],"wp:attachment":[{"href":"https:\/\/www.foscarini.com\/de\/wp-json\/wp\/v2\/media?parent=478120"}],"curies":[{"name":"wp","href":"https:\/\/api.w.org\/{rel}","templated":true}]}}