{"id":478118,"date":"2026-04-16T13:12:48","date_gmt":"2026-04-16T13:12:48","guid":{"rendered":"https:\/\/www.foscarini.com\/knitted-light\/"},"modified":"2026-04-21T10:02:58","modified_gmt":"2026-04-21T10:02:58","slug":"knitted-light","status":"publish","type":"page","link":"https:\/\/www.foscarini.com\/de\/knitted-light\/","title":{"rendered":"INTRECCI DI LUCE \/ KNITTED LIGHT"},"content":{"rendered":"<section class=\"world__first_block bg-full\">\n\n            <img decoding=\"async\" class=\"image-principal show-desktop only-desktop\" src=\"https:\/\/www.foscarini.com\/wp-content\/uploads\/2026\/03\/MDW26_banner-page02-150x150.jpg\" srcset=\"https:\/\/www.foscarini.com\/wp-content\/uploads\/2026\/03\/MDW26_banner-page02-300x169.jpg 300w, https:\/\/www.foscarini.com\/wp-content\/uploads\/2026\/03\/MDW26_banner-page02-1024x576.jpg 1024w, https:\/\/www.foscarini.com\/wp-content\/uploads\/2026\/03\/MDW26_banner-page02-768x432.jpg 768w, https:\/\/www.foscarini.com\/wp-content\/uploads\/2026\/03\/MDW26_banner-page02-1536x864.jpg 1536w, https:\/\/www.foscarini.com\/wp-content\/uploads\/2026\/03\/MDW26_banner-page02-800x450.jpg 800w, https:\/\/www.foscarini.com\/wp-content\/uploads\/2026\/03\/MDW26_banner-page02.jpg 1920w\" alt=\"\" \/>\n        \n    \n    \n\n    <div class=\"row full-height-vh\">\n        <div class=\"small-12 col-1 medium-12 columns\">\n            <span class=\"subtitle\">MILAN DESIGN WEEK 2026 \/ FOSCARINI SPAZIO MONFORTE<\/span>\n        <\/div>\n        <div class=\"small-12 col-2 medium-12 invert columns align-self-bottom\">\n            <div class=\"ct-text\">\n                <div class=\"title-big js-heading\"><p>INTRECCI DI LUCE \/ KNITTED LIGHT<\/p>\n<\/div>\n                <div class=\"text-1 js-heading\"><p>Eine Erforschung von Materialien, Herstellungsverfahren und -techniken, um neue M\u00f6glichkeiten der Lichtgestaltung zu er\u00f6ffnen.<\/p>\n<\/div>\n                <div class=\"ct-bottom\">\n                                                        <a class=\"link-bg\" href=\"https:\/\/form.foscarini.com\/mdw26\/rsvpmon\/\" >Priority Access<\/a>\n                                                                                            <a class=\"link\" href=\"https:\/\/www.foscarini.com\/de\/mdw26\/\" >Besuchen Sie wieder Milano Design Week 2026<\/a>\n                                                    <\/div>\n            <\/div>\n        <\/div>\n    <\/div>\n<\/section><section class=\"prof__single_info \">\n    <div class=\"row row-large\">\n        <div class=\"medium-4 small-12 columns col-1\">\n                        <ul class=\"list-info\">\n                                        <li>\n                            <span class=\"subtitle js-heading\">SHOWROOM FOSCARINI SPAZIO MONFORTE<\/span>\n                            <div class=\"text-1 js-heading\"><p>Corso Monforte 19, Milano<br \/>\n21. \u2014 26. April 2026<br \/>\nH. 10:00\u201320:00 <\/p>\n<\/div>\n                        <\/li>\n                                    <\/ul>\n\n                            <img decoding=\"async\" src=\"https:\/\/www.foscarini.com\/wp-content\/uploads\/2026\/04\/FORAKIS_2img-2txt-03-150x150.jpg\" srcset=\"https:\/\/www.foscarini.com\/wp-content\/uploads\/2026\/04\/FORAKIS_2img-2txt-03-181x300.jpg 181w, https:\/\/www.foscarini.com\/wp-content\/uploads\/2026\/04\/FORAKIS_2img-2txt-03.jpg 598w\" alt=\"\" \/>\n                        <\/div>\n        <div class=\"medium-7 medium-offset-1 small-12 columns col-2\">\n                                        <div class=\"text-info  js-heading text-3\"><p>Foscarini Spazio Monforte pr\u00e4sentiert VERWOBENES LICHT, ein experimentelles Forschungsprojekt, das zwei Designern mit unterschiedlichen kreativen Ans\u00e4tzen anvertraut wurde: Jozeph Forakis und Lorenzo Palmeri.<\/p>\n<p>&nbsp;<\/p>\n<p>Die beiden Designer arbeiteten unabh\u00e4ngig voneinander und durchquerten den gro\u00dfen Bereich der 3D-Strickerei, um deren \u00fcberraschendes Ausdruckspotenzial zu erforschen, wenn sie mit Licht in Verbindung tritt \u2013 und dabei neue Volumen, unerwartete Oberfl\u00e4chen und entdeckenswerte Lichteffekte er\u00f6ffnet.<\/p>\n<p>&nbsp;<\/p>\n<p>Der Fuorisalone 2026 ist f\u00fcr Foscarini eine Gelegenheit reiner Forschung \u2013 frei von der Logik des fertigen Produkts, offen f\u00fcr das Unerwartete. Die pr\u00e4sentierten Arbeiten haben noch keine endg\u00fcltige Bestimmung. Denn gerade in der Freiheit des Forschens \u2013 ohne sofort etwas N\u00fctzliches finden zu m\u00fcssen \u2013 erweitert sich der Horizont des M\u00f6glichen, und so k\u00f6nnen Ideen entstehen, die die Art und Weise der Lichtgestaltung ver\u00e4ndern.<\/p>\n<\/div>\n                                            <img decoding=\"async\" src=\"https:\/\/www.foscarini.com\/wp-content\/uploads\/2026\/04\/FORAKIS_2img-2txt-04-150x150.jpg\" srcset=\"https:\/\/www.foscarini.com\/wp-content\/uploads\/2026\/04\/FORAKIS_2img-2txt-04-300x228.jpg 300w, https:\/\/www.foscarini.com\/wp-content\/uploads\/2026\/04\/FORAKIS_2img-2txt-04-1024x777.jpg 1024w, https:\/\/www.foscarini.com\/wp-content\/uploads\/2026\/04\/FORAKIS_2img-2txt-04-768x583.jpg 768w, https:\/\/www.foscarini.com\/wp-content\/uploads\/2026\/04\/FORAKIS_2img-2txt-04-800x607.jpg 800w, https:\/\/www.foscarini.com\/wp-content\/uploads\/2026\/04\/FORAKIS_2img-2txt-04.jpg 1060w\" alt=\"\" \/>\n                        <\/div>\n    <\/div>\n<\/section><section class=\"prof__single_info \">\n    <div class=\"row row-large\">\n        <div class=\"medium-4 small-12 columns col-1\">\n                        <ul class=\"list-info\">\n                            <\/ul>\n\n                            <img decoding=\"async\" src=\"https:\/\/www.foscarini.com\/wp-content\/uploads\/2026\/03\/FORAKIS_001-150x150.jpg\" srcset=\"https:\/\/www.foscarini.com\/wp-content\/uploads\/2026\/03\/FORAKIS_001-214x300.jpg 214w, https:\/\/www.foscarini.com\/wp-content\/uploads\/2026\/03\/FORAKIS_001.jpg 600w\" alt=\"\" \/>\n                        <\/div>\n        <div class=\"medium-7 medium-offset-1 small-12 columns col-2\">\n                            <div class=\"title-medium js-heading\"><p>JOZEPH FORAKIS<\/p>\n<p>Wenn ein Faden zum Volumen wird<\/p>\n<\/div>\n                                            <div class=\"text-info  js-heading text-3\"><p>Forakis ist seit jeher ein unruhiger Forscher, auf der Suche nach dem, was er selbst die \u201eAlchemie der Materialien\u201c nennt: der Moment, in dem ein Archetyp durch ein Verfahren verwandelt wird, f\u00fcr das er nicht vorgesehen war. Die Geschichte zeigt, dass die ma\u00dfgeblichen Ver\u00e4nderungen im Design dann entstehen, wenn Technologien oder Materialien in einen neuen Kontext gesetzt werden und von einem Industriebereich in einen anderen \u00fcbertragen werden, um ihre verborgene Ausdruckskraft zu entfalten. Aus diesem Ansatz heraus entstand seine erste Zusammenarbeit mit Foscarini, im Rahmen der Leuchte Havana. Und derselbe Geist f\u00fchrte Forakis zu einem besonderen Interesse an der Welt der Textilien \u2013 wobei er Lieferanten und Techniker \u00fcber die Grenzen dessen f\u00fchrte, was ihre Webrahmen und ihre Geduld zu tragen vermochten. Genau in den Zwischenr\u00e4umen, zwischen einer Grenze und der anderen, kamen die interessantesten Entdeckungen zum Vorschein.<\/p>\n<p>&nbsp;<\/p>\n<p>In dieser gemeinsam mit Foscarini und TexTech durchgef\u00fchrten Forschung pr\u00e4sentiert Forakis kein fertiges Produkt, sondern ein offenes Kapitel: skulpturale Formen und Texturen, die zu einem Experimentierbereich f\u00fcr das Licht- und Schattenspiel werden. <\/p>\n<p>&nbsp;<\/p>\n<p>Wenn Licht auf diese 3D-Strickstrukturen trifft, geschieht etwas Unerwartetes. Eine einfache Oberfl\u00e4che existiert nicht mehr: Das Licht wird gefiltert, gestreut und durch die Dichte des Geflechts \u201egeformt\u201c. Das Objekt wird zu einem atmenden Volumen, das die Umgebung bestimmt.<\/p>\n<p>&nbsp;<\/p>\n<p>Ein Vorgang, der zeigt, wie auch die \u00e4ltesten Techniken \u2013 die einfache Geste des Verflechtens eines Fadens \u2013 noch immer \u00fcberraschen k\u00f6nnen, wenn wir nur die Geduld haben, dem zuzuh\u00f6ren, was das Material uns zu sagen versucht.<\/p>\n<\/div>\n                                            <img decoding=\"async\" src=\"https:\/\/www.foscarini.com\/wp-content\/uploads\/2026\/03\/FORAKIS_002-150x150.jpg\" srcset=\"https:\/\/www.foscarini.com\/wp-content\/uploads\/2026\/03\/FORAKIS_002-300x238.jpg 300w, https:\/\/www.foscarini.com\/wp-content\/uploads\/2026\/03\/FORAKIS_002-1024x811.jpg 1024w, https:\/\/www.foscarini.com\/wp-content\/uploads\/2026\/03\/FORAKIS_002-768x609.jpg 768w, https:\/\/www.foscarini.com\/wp-content\/uploads\/2026\/03\/FORAKIS_002-800x634.jpg 800w, https:\/\/www.foscarini.com\/wp-content\/uploads\/2026\/03\/FORAKIS_002.jpg 1060w\" alt=\"\" \/>\n                        <\/div>\n    <\/div>\n<\/section><section class=\"prof__single_info \">\n    <div class=\"row row-large\">\n        <div class=\"medium-4 small-12 columns col-1\">\n                        <ul class=\"list-info\">\n                            <\/ul>\n\n                            <img decoding=\"async\" src=\"https:\/\/www.foscarini.com\/wp-content\/uploads\/2026\/03\/PALMERI_003-150x150.jpg\" srcset=\"https:\/\/www.foscarini.com\/wp-content\/uploads\/2026\/03\/PALMERI_003-214x300.jpg 214w, https:\/\/www.foscarini.com\/wp-content\/uploads\/2026\/03\/PALMERI_003.jpg 600w\" alt=\"\" \/>\n                        <\/div>\n        <div class=\"medium-7 medium-offset-1 small-12 columns col-2\">\n                            <div class=\"title-medium js-heading\"><p>LORENZO PALMERI<\/p>\n<p>Wo der Stoff zur Architektur wird<\/p>\n<\/div>\n                                            <div class=\"text-info  js-heading text-3\"><p>Die Forschung von Lorenzo Palmeri untersucht Architektur, Mode und Design und nimmt im Rahmen eines vielschichtigen Entwurfsansatzes in Zusammenarbeit mit dem Strickunternehmen MAS und Arman Avetikyan Gestalt an. Diese Untersuchung geht von der F\u00e4higkeit zweidimensionaler Textilfl\u00e4chen aus, durch klassische Schneidertechniken und raffiniert ausgef\u00fchrte Einschnitte dreidimensional zu werden und so an Kirigami erinnern, die japanische Kunst des Schneidens und Faltens von Papier, um aus einem einzigen Blatt dreidimensionale Formen zu erzeugen.<\/p>\n<p>&nbsp;<\/p>\n<p>Ein Ansatz, der keine neue Technik erfindet, sondern sie sorgf\u00e4ltig und gezielt von einer Welt in eine andere \u00fcbertr\u00e4gt.<\/p>\n<p>&nbsp;<\/p>\n<p>Im Zentrum seiner Arbeit steht eine einfache, aber starke Erkenntnis: Wenn Licht ein dreidimensionales Gewebe durchdringt, passiert etwas Besonderes. Es breitet sich aus, vibriert, verdichtet sich an bestimmten Stellen und l\u00f6st sich an anderen auf. Das Gewebe wird zu einer mikroskopischen Landschaft, die das Licht auf nat\u00fcrliche Weise formt und Mikroarchitekturen entstehen l\u00e4sst, welche den Raum bestimmen, ohne ihn zu begrenzen.<\/p>\n<\/div>\n                                            <img decoding=\"async\" src=\"https:\/\/www.foscarini.com\/wp-content\/uploads\/2026\/03\/PALMERI_001-150x150.jpg\" srcset=\"https:\/\/www.foscarini.com\/wp-content\/uploads\/2026\/03\/PALMERI_001-300x226.jpg 300w, https:\/\/www.foscarini.com\/wp-content\/uploads\/2026\/03\/PALMERI_001-1024x773.jpg 1024w, https:\/\/www.foscarini.com\/wp-content\/uploads\/2026\/03\/PALMERI_001-768x580.jpg 768w, https:\/\/www.foscarini.com\/wp-content\/uploads\/2026\/03\/PALMERI_001-800x604.jpg 800w, https:\/\/www.foscarini.com\/wp-content\/uploads\/2026\/03\/PALMERI_001.jpg 1060w\" alt=\"\" \/>\n                        <\/div>\n    <\/div>\n<\/section><section class=\"prof__single_info \">\n    <div class=\"row row-large\">\n        <div class=\"medium-4 small-12 columns col-1\">\n                        <ul class=\"list-info\">\n                            <\/ul>\n\n                            <img decoding=\"async\" src=\"https:\/\/www.foscarini.com\/wp-content\/uploads\/2026\/04\/INTRECCI_2img-2txt-01MDW26-150x150.jpg\" srcset=\"https:\/\/www.foscarini.com\/wp-content\/uploads\/2026\/04\/INTRECCI_2img-2txt-01MDW26-181x300.jpg 181w, https:\/\/www.foscarini.com\/wp-content\/uploads\/2026\/04\/INTRECCI_2img-2txt-01MDW26.jpg 598w\" alt=\"\" \/>\n                        <\/div>\n        <div class=\"medium-7 medium-offset-1 small-12 columns col-2\">\n                                        <div class=\"text-info  js-heading text-3\"><p>Das Ziel von Foscarini auf diesem Fuorisalone ist es daher nicht, ein industrialisiertes Produkt zu erhalten. Es handelt sich um reine Forschung: eine Methode, den Horizont des M\u00f6glichen zu erweitern, neue Ausdrucksformen zu erfassen, die in der Lage sind, auf die Herausforderungen von morgen zu reagieren und eine neue Sprache zu erschaffen, auf die die zuk\u00fcnftigen neuen Formen des Lichts zur\u00fcckgreifen k\u00f6nnen.<\/p>\n<p>&nbsp;<\/p>\n<p>Ein Ansatz, der tief in der Designgeschichte verwurzelt ist und nicht den Anspruch erhebt, Technologie neu erfinden zu wollen, sondern den Wert ihrer Anwendung in der Welt des Projekts betont. Er offenbart vielmehr die notwendige Arbeit, ein industrielles Verfahren in ein Alphabet zu verwandeln, das in der Lage ist, W\u00f6rter und S\u00e4tze mit Bedeutung zu bilden \u2013 eine Aufgabe, die Foscarini seit jeher als zentrales Anliegen verfolgt.<\/p>\n<\/div>\n                                            <img decoding=\"async\" src=\"https:\/\/www.foscarini.com\/wp-content\/uploads\/2026\/04\/PALMERI_2img-2txt-04-150x150.jpg\" srcset=\"https:\/\/www.foscarini.com\/wp-content\/uploads\/2026\/04\/PALMERI_2img-2txt-04-300x228.jpg 300w, https:\/\/www.foscarini.com\/wp-content\/uploads\/2026\/04\/PALMERI_2img-2txt-04-1024x777.jpg 1024w, https:\/\/www.foscarini.com\/wp-content\/uploads\/2026\/04\/PALMERI_2img-2txt-04-768x583.jpg 768w, https:\/\/www.foscarini.com\/wp-content\/uploads\/2026\/04\/PALMERI_2img-2txt-04-800x607.jpg 800w, https:\/\/www.foscarini.com\/wp-content\/uploads\/2026\/04\/PALMERI_2img-2txt-04.jpg 1060w\" alt=\"\" \/>\n                        <\/div>\n    <\/div>\n<\/section><section class=\"world__book \">\n    <div class=\"row\">\n        <div class=\"medium-8 small-12 columns\">\n            <div class=\"ct-text\">\n                <p class=\"subtitle js-heading\">BOOKLET<\/p>\n                <div class=\"title-medium js-heading\"><p>Eine Erforschung von Materialien, Herstellungsverfahren und -techniken, um neue M\u00f6glichkeiten der Lichtgestaltung zu er\u00f6ffnen.<\/p>\n<\/div>\n                <div class=\"text-2 js-heading\"><\/div>\n                                    <div class=\"center-mobile\">\n                        <a class=\"link-bg \" href=\"https:\/\/cdn1.foscarini.com\/Catalogues\/Foscarini_IntrecciDiLuce_2026.pdf\" data-name=\"Foscarini_IntrecciDiLuce_2026.pdf\" download=\"\" target=\"_blank\">Die Brosch\u00fcre herunterladen<\/a>\n                    <\/div>\n                            <\/div>\n        <\/div>\n        <div class=\"medium-4 small-12 columns\">\n            <div class=\"ct-text-right\">\n                                    <img decoding=\"async\" src=\"https:\/\/www.foscarini.com\/wp-content\/uploads\/2026\/03\/KnittedLight_Brochure-150x150.png\" srcset=\"https:\/\/www.foscarini.com\/wp-content\/uploads\/2026\/03\/KnittedLight_Brochure-257x300.png 257w, https:\/\/www.foscarini.com\/wp-content\/uploads\/2026\/03\/KnittedLight_Brochure.png 740w\" alt=\"\" \/>\n                                    <div class=\"text-2\"><\/div>\n\n                            <\/div>\n        <\/div>\n    <\/div>\n<\/section><p><\/p>","protected":false},"excerpt":{"rendered":"","protected":false},"author":11,"featured_media":477279,"parent":0,"menu_order":0,"comment_status":"closed","ping_status":"closed","template":"","meta":{"_acf_changed":false,"footnotes":""},"class_list":["post-478118","page","type-page","status-publish","has-post-thumbnail","hentry"],"acf":{"preview_slider":{"titolo":"INTRECCI DI LUCE \/ KNITTED LIGHT","testo":"Eine Erforschung von Materialien, Herstellungsverfahren und -techniken, um neue M\u00f6glichkeiten der Lichtgestaltung zu er\u00f6ffnen.","video_domanda":false,"link_video":""}},"yoast_head":"<!-- This site is optimized with the Yoast SEO Premium plugin v22.4 (Yoast SEO v23.7) - https:\/\/yoast.com\/wordpress\/plugins\/seo\/ -->\n<title>INTRECCI DI LUCE \/ KNITTED LIGHT - Foscarini<\/title>\n<meta name=\"robots\" content=\"index, follow, max-snippet:-1, max-image-preview:large, max-video-preview:-1\" \/>\n<meta property=\"og:locale\" content=\"de_DE\" \/>\n<meta property=\"og:type\" content=\"article\" \/>\n<meta property=\"og:title\" content=\"INTRECCI DI LUCE \/ KNITTED LIGHT\" \/>\n<meta property=\"og:url\" content=\"https:\/\/www.foscarini.com\/de\/knitted-light\/\" \/>\n<meta property=\"og:site_name\" content=\"Foscarini\" \/>\n<meta property=\"article:modified_time\" content=\"2026-04-21T10:02:58+00:00\" \/>\n<meta property=\"og:image\" content=\"https:\/\/www.foscarini.com\/wp-content\/uploads\/2026\/03\/MDW26_banner-page02.jpg\" \/>\n\t<meta property=\"og:image:width\" content=\"1920\" \/>\n\t<meta property=\"og:image:height\" content=\"1080\" \/>\n\t<meta property=\"og:image:type\" content=\"image\/jpeg\" \/>\n<meta name=\"twitter:card\" content=\"summary_large_image\" \/>\n<meta name=\"twitter:label1\" content=\"Gesch\u00e4tzte Lesezeit\" \/>\n\t<meta name=\"twitter:data1\" content=\"1\u00a0Minute\" \/>\n<script type=\"application\/ld+json\" class=\"yoast-schema-graph\">{\"@context\":\"https:\/\/schema.org\",\"@graph\":[{\"@type\":\"WebPage\",\"@id\":\"https:\/\/www.foscarini.com\/de\/knitted-light\/\",\"url\":\"https:\/\/www.foscarini.com\/de\/knitted-light\/\",\"name\":\"INTRECCI DI LUCE \/ KNITTED LIGHT - Foscarini\",\"isPartOf\":{\"@id\":\"https:\/\/www.foscarini.com\/#website\"},\"primaryImageOfPage\":{\"@id\":\"https:\/\/www.foscarini.com\/de\/knitted-light\/#primaryimage\"},\"image\":{\"@id\":\"https:\/\/www.foscarini.com\/de\/knitted-light\/#primaryimage\"},\"thumbnailUrl\":\"https:\/\/www.foscarini.com\/wp-content\/uploads\/2026\/03\/MDW26_banner-page02.jpg\",\"datePublished\":\"2026-04-16T13:12:48+00:00\",\"dateModified\":\"2026-04-21T10:02:58+00:00\",\"breadcrumb\":{\"@id\":\"https:\/\/www.foscarini.com\/de\/knitted-light\/#breadcrumb\"},\"inLanguage\":\"de\",\"potentialAction\":[{\"@type\":\"ReadAction\",\"target\":[\"https:\/\/www.foscarini.com\/de\/knitted-light\/\"]}]},{\"@type\":\"ImageObject\",\"inLanguage\":\"de\",\"@id\":\"https:\/\/www.foscarini.com\/de\/knitted-light\/#primaryimage\",\"url\":\"https:\/\/www.foscarini.com\/wp-content\/uploads\/2026\/03\/MDW26_banner-page02.jpg\",\"contentUrl\":\"https:\/\/www.foscarini.com\/wp-content\/uploads\/2026\/03\/MDW26_banner-page02.jpg\",\"width\":1920,\"height\":1080},{\"@type\":\"BreadcrumbList\",\"@id\":\"https:\/\/www.foscarini.com\/de\/knitted-light\/#breadcrumb\",\"itemListElement\":[{\"@type\":\"ListItem\",\"position\":1,\"name\":\"Home\",\"item\":\"https:\/\/www.foscarini.com\/de\/\"},{\"@type\":\"ListItem\",\"position\":2,\"name\":\"INTRECCI DI LUCE \/ KNITTED LIGHT\"}]},{\"@type\":\"WebSite\",\"@id\":\"https:\/\/www.foscarini.com\/#website\",\"url\":\"https:\/\/www.foscarini.com\/\",\"name\":\"Foscarini\",\"description\":\"\",\"potentialAction\":[{\"@type\":\"SearchAction\",\"target\":{\"@type\":\"EntryPoint\",\"urlTemplate\":\"https:\/\/www.foscarini.com\/?s={search_term_string}\"},\"query-input\":{\"@type\":\"PropertyValueSpecification\",\"valueRequired\":true,\"valueName\":\"search_term_string\"}}],\"inLanguage\":\"de\"}]}<\/script>\n<!-- \/ Yoast SEO Premium plugin. -->","yoast_head_json":{"title":"INTRECCI DI LUCE \/ KNITTED LIGHT - Foscarini","robots":{"index":"index","follow":"follow","max-snippet":"max-snippet:-1","max-image-preview":"max-image-preview:large","max-video-preview":"max-video-preview:-1"},"og_locale":"de_DE","og_type":"article","og_title":"INTRECCI DI LUCE \/ KNITTED LIGHT","og_url":"https:\/\/www.foscarini.com\/de\/knitted-light\/","og_site_name":"Foscarini","article_modified_time":"2026-04-21T10:02:58+00:00","og_image":[{"width":1920,"height":1080,"url":"https:\/\/www.foscarini.com\/wp-content\/uploads\/2026\/03\/MDW26_banner-page02.jpg","type":"image\/jpeg"}],"twitter_card":"summary_large_image","twitter_misc":{"Gesch\u00e4tzte Lesezeit":"1\u00a0Minute"},"schema":{"@context":"https:\/\/schema.org","@graph":[{"@type":"WebPage","@id":"https:\/\/www.foscarini.com\/de\/knitted-light\/","url":"https:\/\/www.foscarini.com\/de\/knitted-light\/","name":"INTRECCI DI LUCE \/ KNITTED LIGHT - Foscarini","isPartOf":{"@id":"https:\/\/www.foscarini.com\/#website"},"primaryImageOfPage":{"@id":"https:\/\/www.foscarini.com\/de\/knitted-light\/#primaryimage"},"image":{"@id":"https:\/\/www.foscarini.com\/de\/knitted-light\/#primaryimage"},"thumbnailUrl":"https:\/\/www.foscarini.com\/wp-content\/uploads\/2026\/03\/MDW26_banner-page02.jpg","datePublished":"2026-04-16T13:12:48+00:00","dateModified":"2026-04-21T10:02:58+00:00","breadcrumb":{"@id":"https:\/\/www.foscarini.com\/de\/knitted-light\/#breadcrumb"},"inLanguage":"de","potentialAction":[{"@type":"ReadAction","target":["https:\/\/www.foscarini.com\/de\/knitted-light\/"]}]},{"@type":"ImageObject","inLanguage":"de","@id":"https:\/\/www.foscarini.com\/de\/knitted-light\/#primaryimage","url":"https:\/\/www.foscarini.com\/wp-content\/uploads\/2026\/03\/MDW26_banner-page02.jpg","contentUrl":"https:\/\/www.foscarini.com\/wp-content\/uploads\/2026\/03\/MDW26_banner-page02.jpg","width":1920,"height":1080},{"@type":"BreadcrumbList","@id":"https:\/\/www.foscarini.com\/de\/knitted-light\/#breadcrumb","itemListElement":[{"@type":"ListItem","position":1,"name":"Home","item":"https:\/\/www.foscarini.com\/de\/"},{"@type":"ListItem","position":2,"name":"INTRECCI DI LUCE \/ KNITTED LIGHT"}]},{"@type":"WebSite","@id":"https:\/\/www.foscarini.com\/#website","url":"https:\/\/www.foscarini.com\/","name":"Foscarini","description":"","potentialAction":[{"@type":"SearchAction","target":{"@type":"EntryPoint","urlTemplate":"https:\/\/www.foscarini.com\/?s={search_term_string}"},"query-input":{"@type":"PropertyValueSpecification","valueRequired":true,"valueName":"search_term_string"}}],"inLanguage":"de"}]}},"_links":{"self":[{"href":"https:\/\/www.foscarini.com\/de\/wp-json\/wp\/v2\/pages\/478118"}],"collection":[{"href":"https:\/\/www.foscarini.com\/de\/wp-json\/wp\/v2\/pages"}],"about":[{"href":"https:\/\/www.foscarini.com\/de\/wp-json\/wp\/v2\/types\/page"}],"author":[{"embeddable":true,"href":"https:\/\/www.foscarini.com\/de\/wp-json\/wp\/v2\/users\/11"}],"replies":[{"embeddable":true,"href":"https:\/\/www.foscarini.com\/de\/wp-json\/wp\/v2\/comments?post=478118"}],"version-history":[{"count":1,"href":"https:\/\/www.foscarini.com\/de\/wp-json\/wp\/v2\/pages\/478118\/revisions"}],"predecessor-version":[{"id":478149,"href":"https:\/\/www.foscarini.com\/de\/wp-json\/wp\/v2\/pages\/478118\/revisions\/478149"}],"wp:featuredmedia":[{"embeddable":true,"href":"https:\/\/www.foscarini.com\/de\/wp-json\/wp\/v2\/media\/477279"}],"wp:attachment":[{"href":"https:\/\/www.foscarini.com\/de\/wp-json\/wp\/v2\/media?parent=478118"}],"curies":[{"name":"wp","href":"https:\/\/api.w.org\/{rel}","templated":true}]}}