{"id":386000,"date":"2025-03-31T14:12:48","date_gmt":"2025-03-31T14:12:48","guid":{"rendered":"https:\/\/www.foscarini.com\/mdw25-aplomb-wall\/"},"modified":"2025-04-07T16:28:01","modified_gmt":"2025-04-07T16:28:01","slug":"mdw25-aplomb-wall","status":"publish","type":"page","link":"https:\/\/www.foscarini.com\/de\/mdw25-aplomb-wall\/","title":{"rendered":"MDW25-Aplomb-wall"},"content":{"rendered":"<section class=\"two_cols__link_and_image full-height-vh \">\n    <div class=\"row row-large \">\n        <div class=\"medium-4 small-12 columns full-height relative col-1\">\n            <div class=\"ct-text\">\n                <span class=\"subtitle js-heading\">NEWS 2025<\/span>\n                <div class=\"ct-link\">\n                                        <a class=\"link-arrow title-medium js-heading no-link\" href=\"\"><p>Aplomb Mini Wall<\/p>\n<\/a>\n                    <div class=\"text-1 js-heading\"><p>\/ Lucidi Pevere<\/p>\n<\/div>\n                                    <\/div>\n                            <\/div>\n        <\/div>\n        <div class=\"medium-8 small-12 columns full-height col-2 no-padding-right-mobile\">\n                                                    <img decoding=\"async\" class=\"full-cover\" src=\"https:\/\/www.foscarini.com\/wp-content\/uploads\/2025\/03\/APLOMBMDW25-150x150.png\" srcset=\"https:\/\/www.foscarini.com\/wp-content\/uploads\/2025\/03\/APLOMBMDW25-300x240.png 300w, https:\/\/www.foscarini.com\/wp-content\/uploads\/2025\/03\/APLOMBMDW25-1024x819.png 1024w, https:\/\/www.foscarini.com\/wp-content\/uploads\/2025\/03\/APLOMBMDW25-768x614.png 768w, https:\/\/www.foscarini.com\/wp-content\/uploads\/2025\/03\/APLOMBMDW25-800x640.png 800w, https:\/\/www.foscarini.com\/wp-content\/uploads\/2025\/03\/APLOMBMDW25.png 1200w\" alt=\"\" \/>\n                                            <\/div>\n    <\/div>\n<\/section><section class=\"articolo-titolo reading-time\">\n    <div class=\"ct-block\">\n        <div class=\"text\"><p>Eleganz, Leichtigkeit, klare Formen: Aplomb besticht durch das Gef\u00fchl der Unm\u00f6glichkeit, die m\u00f6glich wird. Das reduzierte Design bringt die reiche Qualit\u00e4t des Materials, eine besondere Art von Beton, zur Geltung. Jetzt gibt es die Leuchte auch in einer neuen Wandversion.<\/p>\n<\/div>\n            <\/div>\n<\/section><section class=\"articolo-testo reading-time\">\n    <div class=\"ct-block\">\n        <div class=\"text\"><p>Die <a href=\"https:\/\/www.foscarini.com\/de\/concetto\/aplomb\/\">Aplomb-Familie<\/a> wurde um eine neue Wandversion erg\u00e4nzt. Mit der neuen Leuchte interpretiert Foscarini das ikonische, elegante Design von Lucidi Pevere in einer kompakteren Version neu. Die neue Wandleuchte Aplomb mini wall gibt einen konzentrierten Lichtstahl nach unten ab und ist sowohl f\u00fcr den Innen- als auch f\u00fcr den Au\u00dfenbereich geeignet.<\/p>\n<p>Aplomb entsteht aus der Zusammenf\u00fchrung von Gegens\u00e4tzen: Aus einem harten, rohen und wenig formbaren Material wie Beton \u2013 einem Werkstoff, der typischerweise mit dem Bauwesen assoziiert wird \u2013 wird ein Designobjekt f\u00fcr den Wohnbereich. M\u00f6glich wird dies durch einen vollst\u00e4ndig in Italien umgesetzten handwerklichen Fertigungsprozess, ausgef\u00fchrt von Spezialisten der Betonverarbeitung. Aplomb verk\u00f6rpert den Innovationsgeist von Foscarini und die F\u00e4higkeit des Unternehmens, gestalterische Herausforderungen in greifbare Realit\u00e4t zu verwandeln.<\/p>\n<p>Die Leuchtenkollektion mit Reflektor aus Beton ist das Ergebnis einer fruchtbaren Zusammenarbeit zwischen Marke, Designern und Handwerksmeistern, die es verstehen, aus einem rohen Werkstoff ein Objekt reiner Eleganz zu formen.<\/p>\n<p>Die neue Wandleuchte Aplomb Mini ist in der gesamten Farbpalette der Aplomb-Mini-Serie erh\u00e4ltlich \u2013 sowohl in einer Version f\u00fcr den Innenbereich als auch f\u00fcr den Au\u00dfenbereich.<\/p>\n<\/div>\n    <\/div>\n<\/section><section class=\"two_cols__image_link_and_image full-height-vh \">\n\n    <div class=\"swiper-container swiper__from_cols\">\n        <div class=\"swiper-wrapper col-2\">\n            <div class=\"swiper-slide full-height col-left \">\n                                        <img decoding=\"async\" class=\"img-left\" src=\"https:\/\/www.foscarini.com\/wp-content\/uploads\/2025\/03\/2IMG_01-MDW25-Aplomb-150x150.png\" srcset=\"https:\/\/www.foscarini.com\/wp-content\/uploads\/2025\/03\/2IMG_01-MDW25-Aplomb-300x258.png 300w, https:\/\/www.foscarini.com\/wp-content\/uploads\/2025\/03\/2IMG_01-MDW25-Aplomb.png 736w\" alt=\"\" \/>\n                                            <div class=\"ct-text show-for-medium\">\n                        <a class=\"link-arrow no-link\" href=\"\">\n                            <span class=\"subtitle js-heading\"><\/span>\n                            <span class=\"title-little js-heading\"><\/span>\n                        <\/a>\n                        <div class=\"text-1 js-heading\"><\/div>\n                    <\/div>\n                                <\/div>\n            <div class=\"swiper-slide full-height\">\n                                        <img decoding=\"async\" class=\"full-cover\" src=\"https:\/\/www.foscarini.com\/wp-content\/uploads\/2025\/03\/2IMG_02-MDW25-Aplomb-150x150.png\" srcset=\"https:\/\/www.foscarini.com\/wp-content\/uploads\/2025\/03\/2IMG_02-MDW25-Aplomb-228x300.png 228w, https:\/\/www.foscarini.com\/wp-content\/uploads\/2025\/03\/2IMG_02-MDW25-Aplomb.png 726w\" alt=\"\" \/>\n                                    <\/div>\n        <\/div>\n    <\/div>\n\n    <div class=\"row show-mobile\">\n        <div class=\"small-12 columns\">\n            <div class=\"ct-text\">\n                <a class=\"link-arrow no-link\" href=\"\">\n                    <span class=\"subtitle js-heading\"><\/span>\n                    <span class=\"title-little js-heading\"><\/span>\n                <\/a>\n                <div class=\"text-1 js-heading\"><\/div>\n            <\/div>\n        <\/div>\n    <\/div>\n<\/section><section class=\"ambient_single__img_lateral full-height-vh \">\n    <div class=\"row row-large\">\n        <div class=\"small-12 medium-10 medium-offset-2  columns full-height no-padding-right-mobile\">\n            <div class=\"ct-image js-img\">\n                                    <img decoding=\"async\" src=\"https:\/\/www.foscarini.com\/wp-content\/uploads\/2025\/04\/Img-Hotspot-LatMDW25-150x150.png\" srcset=\"https:\/\/www.foscarini.com\/wp-content\/uploads\/2025\/04\/Img-Hotspot-LatMDW25-300x208.png 300w, https:\/\/www.foscarini.com\/wp-content\/uploads\/2025\/04\/Img-Hotspot-LatMDW25-1024x711.png 1024w, https:\/\/www.foscarini.com\/wp-content\/uploads\/2025\/04\/Img-Hotspot-LatMDW25-768x533.png 768w, https:\/\/www.foscarini.com\/wp-content\/uploads\/2025\/04\/Img-Hotspot-LatMDW25-800x555.png 800w, https:\/\/www.foscarini.com\/wp-content\/uploads\/2025\/04\/Img-Hotspot-LatMDW25.png 1389w\" alt=\"\" \/>\n                    \n                            <\/div>\n        <\/div>\n    <\/div>\n<\/section><section class=\"three_cols__images full-height-vh \">\n    <div class=\"swiper-container swiper__from_cols\">\n        <div class=\"swiper-wrapper large col-3 full-height \">\n                                <div class=\"swiper-slide js-img\">\n                                                    <img decoding=\"async\" class=\"full-cover\" src=\"https:\/\/www.foscarini.com\/wp-content\/uploads\/2024\/01\/Modulo2_1A-150x150.jpg\" srcset=\"https:\/\/www.foscarini.com\/wp-content\/uploads\/2024\/01\/Modulo2_1A-195x300.jpg 195w, https:\/\/www.foscarini.com\/wp-content\/uploads\/2024\/01\/Modulo2_1A-800x1228.jpg 800w, https:\/\/www.foscarini.com\/wp-content\/uploads\/2024\/01\/Modulo2_1A-667x1024.jpg 667w, https:\/\/www.foscarini.com\/wp-content\/uploads\/2024\/01\/Modulo2_1A-768x1179.jpg 768w, https:\/\/www.foscarini.com\/wp-content\/uploads\/2024\/01\/Modulo2_1A.jpg 864w\" alt=\"\" \/>\n                                                <\/div>\n                                        <div class=\"swiper-slide js-img\">\n                                                    <img decoding=\"async\" class=\"full-cover\" src=\"https:\/\/www.foscarini.com\/wp-content\/uploads\/2024\/01\/Modulo2_1C-150x150.jpg\" srcset=\"https:\/\/www.foscarini.com\/wp-content\/uploads\/2024\/01\/Modulo2_1C-195x300.jpg 195w, https:\/\/www.foscarini.com\/wp-content\/uploads\/2024\/01\/Modulo2_1C-800x1228.jpg 800w, https:\/\/www.foscarini.com\/wp-content\/uploads\/2024\/01\/Modulo2_1C-667x1024.jpg 667w, https:\/\/www.foscarini.com\/wp-content\/uploads\/2024\/01\/Modulo2_1C-768x1179.jpg 768w, https:\/\/www.foscarini.com\/wp-content\/uploads\/2024\/01\/Modulo2_1C.jpg 864w\" alt=\"\" \/>\n                                                <\/div>\n                                        <div class=\"swiper-slide js-img\">\n                                                    <img decoding=\"async\" class=\"full-cover\" src=\"https:\/\/www.foscarini.com\/wp-content\/uploads\/2024\/01\/Modulo2_1B-150x150.jpg\" srcset=\"https:\/\/www.foscarini.com\/wp-content\/uploads\/2024\/01\/Modulo2_1B-195x300.jpg 195w, https:\/\/www.foscarini.com\/wp-content\/uploads\/2024\/01\/Modulo2_1B-800x1228.jpg 800w, https:\/\/www.foscarini.com\/wp-content\/uploads\/2024\/01\/Modulo2_1B-667x1024.jpg 667w, https:\/\/www.foscarini.com\/wp-content\/uploads\/2024\/01\/Modulo2_1B-768x1179.jpg 768w, https:\/\/www.foscarini.com\/wp-content\/uploads\/2024\/01\/Modulo2_1B.jpg 864w\" alt=\"\" \/>\n                                                <\/div>\n                            <\/div>\n    <\/div>\n<\/section><section class=\"concept__designer full-height-vh bg-beige\">\n    <div class=\"row\">\n        <div class=\"medium-6 small-12 columns\">\n            <div class=\"info-designer\">\n                <span class=\"subtitle js-heading\">DESIGNER<\/span>\n                <div class=\"title-little js-heading\"><p>Lucidi Pevere<\/p>\n<\/div>\n                                    <img decoding=\"async\" class=\"photo-designer\" src=\"https:\/\/www.foscarini.com\/wp-content\/uploads\/2024\/01\/8.1_Aplomb.jpg\" alt=\"\" \/>\n                                <\/div>\n        <\/div>\n        <div class=\"medium-6 small-12 columns no-padding padding-mobile\">\n            <div class=\"text-4 js-heading\"><p>Die Entw\u00fcrfe von Paolo Lucidi und Luca Pevere zeichnen sich durch sorgf\u00e4ltig ausgew\u00e4hlte kulturelle Bez\u00fcge, eine ausgepr\u00e4gte Liebe zum Detail und das st\u00e4ndige Bestreben aus, neue Produkttypologien zu entwickeln \u2013 stets auf der Suche nach ungew\u00f6hnlichen Materialien und innovativen Technologien.<\/p>\n<\/div>\n        <\/div>\n    <\/div>\n\n    <div class=\"swiper-container swiper__from_cols\">\n        <div class=\"swiper-wrapper col-2\">\n            <div class=\"swiper-slide\">\n                                    <img decoding=\"async\" class=\"full-cover\" src=\"https:\/\/www.foscarini.com\/wp-content\/uploads\/2024\/01\/8.3_Aplomb-150x150.jpg\" srcset=\"https:\/\/www.foscarini.com\/wp-content\/uploads\/2024\/01\/8.3_Aplomb-240x300.jpg 240w, https:\/\/www.foscarini.com\/wp-content\/uploads\/2024\/01\/8.3_Aplomb-800x999.jpg 800w, https:\/\/www.foscarini.com\/wp-content\/uploads\/2024\/01\/8.3_Aplomb-820x1024.jpg 820w, https:\/\/www.foscarini.com\/wp-content\/uploads\/2024\/01\/8.3_Aplomb-768x959.jpg 768w, https:\/\/www.foscarini.com\/wp-content\/uploads\/2024\/01\/8.3_Aplomb.jpg 1092w\" alt=\"\" \/>\n                                <\/div>\n            <div class=\"swiper-slide\">\n                <div class=\"ct-img\">\n                                            <img decoding=\"async\" src=\"https:\/\/www.foscarini.com\/wp-content\/uploads\/2024\/01\/8.4_Aplomb-150x150.jpg\" srcset=\"https:\/\/www.foscarini.com\/wp-content\/uploads\/2024\/01\/8.4_Aplomb-271x300.jpg 271w, https:\/\/www.foscarini.com\/wp-content\/uploads\/2024\/01\/8.4_Aplomb-800x885.jpg 800w, https:\/\/www.foscarini.com\/wp-content\/uploads\/2024\/01\/8.4_Aplomb-768x850.jpg 768w, https:\/\/www.foscarini.com\/wp-content\/uploads\/2024\/01\/8.4_Aplomb.jpg 864w\" alt=\"\" \/>\n                                                            <\/div>\n            <\/div>\n        <\/div>\n    <\/div>\n\n    <div class=\"show-mobile\">\n        <div class=\"row\">\n            <div class=\"small-12 columns\">\n                            <\/div>\n        <\/div>\n    <\/div>\n<\/section><section class=\"articolo-citazione reading-time\">\n    <div class=\"ct-block\">\n        <div class=\"text\"><p>\u201eAplomb ist eines der Projekte, die unser Studio wachsen lie\u00dfen und einen Wendepunkt markieren\u201c, sagen Paolo Lucidi und Luca Pevere. \u201e15 Jahre nach dem Deb\u00fct auf dem Fuorisalone in Mailand belegt diese neue Wandversion die Langlebigkeit und die anhaltende Marktattraktivit\u00e4t dieses Entwurfs.\u201d<\/p>\n<\/div>\n        <div class=\"cit\"><p>Paolo Lucidi und Luca Pevere<br \/>\n\/ Designer<\/p>\n<\/div>\n    <\/div>\n<\/section><section class=\"bg__subtitle_and_link_and_text bg-full\" style=\"background-image: url(https:\/\/www.foscarini.com\/wp-content\/uploads\/2024\/01\/9_Aplomb-scaled.jpg);\">\n    <div class=\"row full-height-vh\">\n        <div class=\"medium-6 medium-offset-6 small-12 columns\">\n            <span class=\"subtitle\">MAESTRIE \u2013 ZEMENT<\/span>\n        <\/div>\n        <div class=\"medium-6 medium-offset-6 small-12 columns align-self-bottom\">\n            <div class=\"ct-text\">\n                <a class=\"link-arrow title-little \" href=\"https:\/\/www.foscarini.com\/maestrie\/cemento\/\"><h2>Handwerk und Forschung<\/h2>\n<\/a>\n                <div class=\"text-2 js-heading\"><p>Entdecken Sie Maestrie, die Geschichte von der gro\u00dfen Herausforderung, aus mattem Zement Licht entstehen zu lassen.<\/p>\n<\/div>\n            <\/div>\n        <\/div>\n    <\/div>\n<\/section><section class=\"world__menu_image\">\n\n    <div class=\"designer-desc-container\">\n                            <div class=\"title-medium js-heading\"><p>Neue Lichtideen<\/p>\n<\/div>\n                       \n            <div class=\"text-2 js-heading\"><p>Im Zentrum steht eine zeitgen\u00f6ssische Neudeutung eines gro\u00dfen Archetyps: der Kronleuchter, neu erfunden mit starken und markanten Designvisionen. Innovation zeigt sich auch in der Experimentierung mit neuen Materialien und unerwarteten Kombinationen, wie recycelter Lava oder Glasperlenstickereien im Dialog mit dem Licht.<\/p>\n<p>&nbsp;<\/p>\n<\/div>\n                <\/div>\n\n    \n    <div class=\"inner--stories menu \">\n                                <a href=\"https:\/\/www.foscarini.com\/de\/mdw25-allumette\/\" class=\"menu__item\" data-image=\"https:\/\/www.foscarini.com\/wp-content\/uploads\/2025\/03\/ALLUMETTE-PREVIEW.png\">\n                            <span class=\"menu__item-text\"><span class=\"menu__item-textinner\">ALLUMETTE<\/span><\/span>\n                            <span class=\"menu__item-sub\">Francesca Lanzavecchia<\/span>\n                        <\/a>\n                                                <a href=\"https:\/\/www.foscarini.com\/de\/mdw25-asteria\/\" class=\"menu__item\" data-image=\"https:\/\/www.foscarini.com\/wp-content\/uploads\/2025\/03\/ASTERIA-MULTI-PREVIEW.png\">\n                            <span class=\"menu__item-text\"><span class=\"menu__item-textinner\">ASTERIA<\/span><\/span>\n                            <span class=\"menu__item-sub\">Alberto + Francesco Meda<\/span>\n                        <\/a>\n                                                <a href=\"https:\/\/www.foscarini.com\/de\/mdw25-tilia\/\" class=\"menu__item\" data-image=\"https:\/\/www.foscarini.com\/wp-content\/uploads\/2025\/03\/TILIA-PREVIEW.png\">\n                            <span class=\"menu__item-text\"><span class=\"menu__item-textinner\">TILIA<\/span><\/span>\n                            <span class=\"menu__item-sub\">Francesca Lanzavecchia<\/span>\n                        <\/a>\n                                                <a href=\"https:\/\/www.foscarini.com\/de\/mdw25-etoile\/\" class=\"menu__item\" data-image=\"https:\/\/www.foscarini.com\/wp-content\/uploads\/2025\/03\/GRANDE-ETOILE-PREVIEW.png\">\n                            <span class=\"menu__item-text\"><span class=\"menu__item-textinner\">ETOILE<\/span><\/span>\n                            <span class=\"menu__item-sub\">Dordoni Studio<\/span>\n                        <\/a>\n                                                <a href=\"https:\/\/www.foscarini.com\/de\/mdw25-eolie\/\" class=\"menu__item\" data-image=\"https:\/\/www.foscarini.com\/wp-content\/uploads\/2025\/03\/EOLIE-PREVIEW.png\">\n                            <span class=\"menu__item-text\"><span class=\"menu__item-textinner\">EOLIE<\/span><\/span>\n                            <span class=\"menu__item-sub\">Alberto +  Francesco Meda<\/span>\n                        <\/a>\n                                                <a href=\"https:\/\/www.foscarini.com\/de\/mdw25-torche\/\" class=\"menu__item\" data-image=\"https:\/\/www.foscarini.com\/wp-content\/uploads\/2025\/03\/TORCHE-PREVIEW.png\">\n                            <span class=\"menu__item-text\"><span class=\"menu__item-textinner\">TORCHE<\/span><\/span>\n                            <span class=\"menu__item-sub\">Dordoni Studio<\/span>\n                        <\/a>\n                                                <a href=\"https:\/\/www.foscarini.com\/de\/mdw25-habitus\/\" class=\"menu__item\" data-image=\"https:\/\/www.foscarini.com\/wp-content\/uploads\/2025\/03\/HABITUS-PREVIEW.png\">\n                            <span class=\"menu__item-text\"><span class=\"menu__item-textinner\">HABITUS<\/span><\/span>\n                            <span class=\"menu__item-sub\">Andrea Anastasio<\/span>\n                        <\/a>\n                                                <a href=\"https:\/\/www.foscarini.com\/de\/mdw25-aplomb-wall\/\" class=\"menu__item\" data-image=\"https:\/\/www.foscarini.com\/wp-content\/uploads\/2025\/03\/APLOMB-PREVIEW.png\">\n                            <span class=\"menu__item-text\"><span class=\"menu__item-textinner\">APLOMB <\/span><\/span>\n                            <span class=\"menu__item-sub\">Lucidi Pevere<\/span>\n                        <\/a>\n                                                <a href=\"https:\/\/www.foscarini.com\/de\/mdw25-fields\/\" class=\"menu__item\" data-image=\"https:\/\/www.foscarini.com\/wp-content\/uploads\/2025\/03\/FIELDS-PREVIEW-1.png\">\n                            <span class=\"menu__item-text\"><span class=\"menu__item-textinner\">FIELDS<\/span><\/span>\n                            <span class=\"menu__item-sub\">Garcia Cumini<\/span>\n                        <\/a>\n                            <\/div>\n<\/section><section class=\"world__book bg-beige\">\n    <div class=\"row\">\n        <div class=\"medium-8 small-12 columns\">\n            <div class=\"ct-text\">\n                <p class=\"subtitle js-heading\">BOOKLET NEWS 2025<\/p>\n                <div class=\"title-medium js-heading\"><p>7 neue Produktfamilien, 2 \u00fcberarbeitete Versionen, 21 verschiedene Modelle, 6 Designer, 1 neue Zusammenarbeit, 2 bislang ungenutzte Materialien.<\/p>\n<\/div>\n                <div class=\"text-2 js-heading\"><\/div>\n                                    <div class=\"center-mobile\">\n                        <a class=\"link-bg \" href=\"https:\/\/cdn1.foscarini.com\/Catalogues\/Brochure-News-2025_Foscarini.pdf\" data-name=\"Brochure-News-2025_Foscarini.pdf\" download=\"\" target=\"_blank\">Brosch\u00fcre herunterladen<\/a>\n                    <\/div>\n                            <\/div>\n        <\/div>\n        <div class=\"medium-4 small-12 columns\">\n            <div class=\"ct-text-right\">\n                                    <img decoding=\"async\" src=\"https:\/\/www.foscarini.com\/wp-content\/uploads\/2025\/03\/Brochure-news-salone-150x150.png\" srcset=\"https:\/\/www.foscarini.com\/wp-content\/uploads\/2025\/03\/Brochure-news-salone-257x300.png 257w, https:\/\/www.foscarini.com\/wp-content\/uploads\/2025\/03\/Brochure-news-salone.png 740w\" alt=\"\" \/>\n                                    <div class=\"text-2\"><\/div>\n\n                            <\/div>\n        <\/div>\n    <\/div>\n<\/section>","protected":false},"excerpt":{"rendered":"","protected":false},"author":10,"featured_media":0,"parent":0,"menu_order":0,"comment_status":"closed","ping_status":"closed","template":"","meta":{"_acf_changed":false,"footnotes":""},"class_list":["post-386000","page","type-page","status-publish","hentry"],"acf":{"preview_slider":{"titolo":"","testo":"","video_domanda":false,"link_video":""}},"yoast_head":"<!-- This site is optimized with the Yoast SEO Premium plugin v22.4 (Yoast SEO v23.7) - https:\/\/yoast.com\/wordpress\/plugins\/seo\/ -->\n<title>MDW25-Aplomb-wall - Foscarini<\/title>\n<meta name=\"robots\" content=\"index, follow, max-snippet:-1, max-image-preview:large, max-video-preview:-1\" \/>\n<meta property=\"og:locale\" content=\"de_DE\" \/>\n<meta property=\"og:type\" content=\"article\" \/>\n<meta property=\"og:title\" content=\"MDW25-Aplomb-wall\" \/>\n<meta property=\"og:url\" content=\"https:\/\/www.foscarini.com\/de\/mdw25-aplomb-wall\/\" \/>\n<meta property=\"og:site_name\" content=\"Foscarini\" \/>\n<meta property=\"article:modified_time\" content=\"2025-04-07T16:28:01+00:00\" \/>\n<meta name=\"twitter:card\" content=\"summary_large_image\" \/>\n<script type=\"application\/ld+json\" class=\"yoast-schema-graph\">{\"@context\":\"https:\/\/schema.org\",\"@graph\":[{\"@type\":\"WebPage\",\"@id\":\"https:\/\/www.foscarini.com\/de\/mdw25-aplomb-wall\/\",\"url\":\"https:\/\/www.foscarini.com\/de\/mdw25-aplomb-wall\/\",\"name\":\"MDW25-Aplomb-wall - Foscarini\",\"isPartOf\":{\"@id\":\"https:\/\/www.foscarini.com\/#website\"},\"datePublished\":\"2025-03-31T14:12:48+00:00\",\"dateModified\":\"2025-04-07T16:28:01+00:00\",\"breadcrumb\":{\"@id\":\"https:\/\/www.foscarini.com\/de\/mdw25-aplomb-wall\/#breadcrumb\"},\"inLanguage\":\"de\",\"potentialAction\":[{\"@type\":\"ReadAction\",\"target\":[\"https:\/\/www.foscarini.com\/de\/mdw25-aplomb-wall\/\"]}]},{\"@type\":\"BreadcrumbList\",\"@id\":\"https:\/\/www.foscarini.com\/de\/mdw25-aplomb-wall\/#breadcrumb\",\"itemListElement\":[{\"@type\":\"ListItem\",\"position\":1,\"name\":\"Home\",\"item\":\"https:\/\/www.foscarini.com\/de\/\"},{\"@type\":\"ListItem\",\"position\":2,\"name\":\"MDW25-Aplomb-wall\"}]},{\"@type\":\"WebSite\",\"@id\":\"https:\/\/www.foscarini.com\/#website\",\"url\":\"https:\/\/www.foscarini.com\/\",\"name\":\"Foscarini\",\"description\":\"\",\"potentialAction\":[{\"@type\":\"SearchAction\",\"target\":{\"@type\":\"EntryPoint\",\"urlTemplate\":\"https:\/\/www.foscarini.com\/?s={search_term_string}\"},\"query-input\":{\"@type\":\"PropertyValueSpecification\",\"valueRequired\":true,\"valueName\":\"search_term_string\"}}],\"inLanguage\":\"de\"}]}<\/script>\n<!-- \/ Yoast SEO Premium plugin. -->","yoast_head_json":{"title":"MDW25-Aplomb-wall - Foscarini","robots":{"index":"index","follow":"follow","max-snippet":"max-snippet:-1","max-image-preview":"max-image-preview:large","max-video-preview":"max-video-preview:-1"},"og_locale":"de_DE","og_type":"article","og_title":"MDW25-Aplomb-wall","og_url":"https:\/\/www.foscarini.com\/de\/mdw25-aplomb-wall\/","og_site_name":"Foscarini","article_modified_time":"2025-04-07T16:28:01+00:00","twitter_card":"summary_large_image","schema":{"@context":"https:\/\/schema.org","@graph":[{"@type":"WebPage","@id":"https:\/\/www.foscarini.com\/de\/mdw25-aplomb-wall\/","url":"https:\/\/www.foscarini.com\/de\/mdw25-aplomb-wall\/","name":"MDW25-Aplomb-wall - Foscarini","isPartOf":{"@id":"https:\/\/www.foscarini.com\/#website"},"datePublished":"2025-03-31T14:12:48+00:00","dateModified":"2025-04-07T16:28:01+00:00","breadcrumb":{"@id":"https:\/\/www.foscarini.com\/de\/mdw25-aplomb-wall\/#breadcrumb"},"inLanguage":"de","potentialAction":[{"@type":"ReadAction","target":["https:\/\/www.foscarini.com\/de\/mdw25-aplomb-wall\/"]}]},{"@type":"BreadcrumbList","@id":"https:\/\/www.foscarini.com\/de\/mdw25-aplomb-wall\/#breadcrumb","itemListElement":[{"@type":"ListItem","position":1,"name":"Home","item":"https:\/\/www.foscarini.com\/de\/"},{"@type":"ListItem","position":2,"name":"MDW25-Aplomb-wall"}]},{"@type":"WebSite","@id":"https:\/\/www.foscarini.com\/#website","url":"https:\/\/www.foscarini.com\/","name":"Foscarini","description":"","potentialAction":[{"@type":"SearchAction","target":{"@type":"EntryPoint","urlTemplate":"https:\/\/www.foscarini.com\/?s={search_term_string}"},"query-input":{"@type":"PropertyValueSpecification","valueRequired":true,"valueName":"search_term_string"}}],"inLanguage":"de"}]}},"_links":{"self":[{"href":"https:\/\/www.foscarini.com\/de\/wp-json\/wp\/v2\/pages\/386000"}],"collection":[{"href":"https:\/\/www.foscarini.com\/de\/wp-json\/wp\/v2\/pages"}],"about":[{"href":"https:\/\/www.foscarini.com\/de\/wp-json\/wp\/v2\/types\/page"}],"author":[{"embeddable":true,"href":"https:\/\/www.foscarini.com\/de\/wp-json\/wp\/v2\/users\/10"}],"replies":[{"embeddable":true,"href":"https:\/\/www.foscarini.com\/de\/wp-json\/wp\/v2\/comments?post=386000"}],"version-history":[{"count":2,"href":"https:\/\/www.foscarini.com\/de\/wp-json\/wp\/v2\/pages\/386000\/revisions"}],"predecessor-version":[{"id":386151,"href":"https:\/\/www.foscarini.com\/de\/wp-json\/wp\/v2\/pages\/386000\/revisions\/386151"}],"wp:attachment":[{"href":"https:\/\/www.foscarini.com\/de\/wp-json\/wp\/v2\/media?parent=386000"}],"curies":[{"name":"wp","href":"https:\/\/api.w.org\/{rel}","templated":true}]}}