{"id":385999,"date":"2025-03-31T14:37:09","date_gmt":"2025-03-31T14:37:09","guid":{"rendered":"https:\/\/www.foscarini.com\/mdw25-fields\/"},"modified":"2025-04-07T16:54:10","modified_gmt":"2025-04-07T16:54:10","slug":"mdw25-fields","status":"publish","type":"page","link":"https:\/\/www.foscarini.com\/de\/mdw25-fields\/","title":{"rendered":"MDW25-Fields"},"content":{"rendered":"<section class=\"two_cols__link_and_image full-height-vh \">\n    <div class=\"row row-large \">\n        <div class=\"medium-4 small-12 columns full-height relative col-1\">\n            <div class=\"ct-text\">\n                <span class=\"subtitle js-heading\">NEWS 2025<\/span>\n                <div class=\"ct-link\">\n                                        <a class=\"link-arrow title-medium js-heading no-link\" href=\"\"><p>Fields<\/p>\n<\/a>\n                    <div class=\"text-1 js-heading\"><p>\/ Garcia Cumini<\/p>\n<\/div>\n                                    <\/div>\n                            <\/div>\n        <\/div>\n        <div class=\"medium-8 small-12 columns full-height col-2 no-padding-right-mobile\">\n                                                    <img decoding=\"async\" class=\"full-cover\" src=\"https:\/\/www.foscarini.com\/wp-content\/uploads\/2025\/03\/FIELDS-PREVIEW-1-150x150.png\" srcset=\"https:\/\/www.foscarini.com\/wp-content\/uploads\/2025\/03\/FIELDS-PREVIEW-1-300x240.png 300w, https:\/\/www.foscarini.com\/wp-content\/uploads\/2025\/03\/FIELDS-PREVIEW-1-1024x819.png 1024w, https:\/\/www.foscarini.com\/wp-content\/uploads\/2025\/03\/FIELDS-PREVIEW-1-768x614.png 768w, https:\/\/www.foscarini.com\/wp-content\/uploads\/2025\/03\/FIELDS-PREVIEW-1-800x640.png 800w, https:\/\/www.foscarini.com\/wp-content\/uploads\/2025\/03\/FIELDS-PREVIEW-1.png 1200w\" alt=\"\" \/>\n                                            <\/div>\n    <\/div>\n<\/section><section class=\"articolo-titolo reading-time\">\n    <div class=\"ct-block\">\n        <div class=\"text\"><p>Die ikonische Geometrie von Fields, mit LED-Technologie in eine moderne \u00e4sthetische Sprache \u00fcbersetzt. Aus neuen Proportionen, reduziertem \u00dcberhang, angepassten Oberfl\u00e4chen und der Einf\u00fchrung zweier gebogener Platten wird eine Neuinterpretation, die die starke grafische Wirkung des urspr\u00fcnglichen Designs beibeh\u00e4lt.<\/p>\n<\/div>\n            <\/div>\n<\/section><section class=\"articolo-testo reading-time\">\n    <div class=\"ct-block\">\n        <div class=\"text\"><p>Die neue Version der Fields-Leuchte besticht wie der Originalentwurf durch ihr unverwechselbares grafisches Spiel mit Licht und Schatten. Nun wurde sie mit eleganteren Proportionen und einer schlankeren Struktur aktualisiert.<\/p>\n<p>Der Einsatz eines LED-Leuchtmittels verbessert die Energieeffizienz der Leuchte und verkleinert gleichzeitig die ben\u00f6tigte Wandfl\u00e4che, ohne an Lichtintensit\u00e4t oder charakteristischem Flair zu verlieren. Das diffuse, warme, an die Wand geworfene Licht unterstreicht den dreidimensionalen Charakter von Fields und verwandelt sie in ein funktionales wie \u00e4sthetisches Leuchtelement.<\/p>\n<p>Bei der Neugestaltung der Platten, die jetzt ganz aus Metall gefertigt sind, wurden zwei gebogene Fl\u00e4chen eingef\u00fchrt: ein dekoratives Detail, das die Lichtemission verbessert. Die Montage wurde vereinfacht, was die Installation intuitiver und effizienter macht.<\/p>\n<p>Fields ist in drei Gr\u00f6\u00dfen\u00a0und in verschiedenen Materialien erh\u00e4ltlich und kann sowohl einzeln als auch in verschiedenen Kombinationen eingesetzt werden. Die Leuchten k\u00f6nnen horizontal oder vertikal installiert werden, wodurch verschiedene grafische Muster an W\u00e4nden oder Decken m\u00f6glich werden.<\/p>\n<\/div>\n    <\/div>\n<\/section><section class=\"concept__designer full-height-vh bg-beige\">\n    <div class=\"row\">\n        <div class=\"medium-6 small-12 columns\">\n            <div class=\"info-designer\">\n                <span class=\"subtitle js-heading\">DESIGNER<\/span>\n                <div class=\"title-little js-heading\"><p>Garcia Cumini<\/p>\n<\/div>\n                                    <img decoding=\"async\" class=\"photo-designer\" src=\"https:\/\/www.foscarini.com\/wp-content\/uploads\/2024\/01\/8.1_Spokes.jpg\" alt=\"\" \/>\n                                <\/div>\n        <\/div>\n        <div class=\"medium-6 small-12 columns no-padding padding-mobile\">\n            <div class=\"text-4 js-heading\"><p>Das Studio Garcia Cumini entsteht aus der Begegnung zweier multidisziplin\u00e4rer Erfahrungen im Bereich des Designs und aus der gemeinsamen Idee des \u201eSlow Design\u201c, das die Seele der Dinge sucht, indem es poetische Intuitionen materialisiert mit einer ganzheitlichen Vision, die von der Entwicklung der Technologien \u00fcber die k\u00fcnstlerischen Sprachen bis hin zu den neuen gesellschaftlichen Trends reicht.<\/p>\n<\/div>\n        <\/div>\n    <\/div>\n\n    <div class=\"swiper-container swiper__from_cols\">\n        <div class=\"swiper-wrapper col-2\">\n            <div class=\"swiper-slide\">\n                                    <img decoding=\"async\" class=\"full-cover\" src=\"https:\/\/www.foscarini.com\/wp-content\/uploads\/2025\/04\/107_3E6A6886-150x150.jpg\" srcset=\"https:\/\/www.foscarini.com\/wp-content\/uploads\/2025\/04\/107_3E6A6886-200x300.jpg 200w, https:\/\/www.foscarini.com\/wp-content\/uploads\/2025\/04\/107_3E6A6886-683x1024.jpg 683w, https:\/\/www.foscarini.com\/wp-content\/uploads\/2025\/04\/107_3E6A6886-768x1151.jpg 768w, https:\/\/www.foscarini.com\/wp-content\/uploads\/2025\/04\/107_3E6A6886-1025x1536.jpg 1025w, https:\/\/www.foscarini.com\/wp-content\/uploads\/2025\/04\/107_3E6A6886-800x1199.jpg 800w, https:\/\/www.foscarini.com\/wp-content\/uploads\/2025\/04\/107_3E6A6886.jpg 1334w\" alt=\"\" \/>\n                                <\/div>\n            <div class=\"swiper-slide\">\n                <div class=\"ct-img\">\n                                            <img decoding=\"async\" src=\"https:\/\/www.foscarini.com\/wp-content\/uploads\/2025\/03\/8.4_Fields-150x150.jpg\" srcset=\"https:\/\/www.foscarini.com\/wp-content\/uploads\/2025\/03\/8.4_Fields-271x300.jpg 271w, https:\/\/www.foscarini.com\/wp-content\/uploads\/2025\/03\/8.4_Fields-768x850.jpg 768w, https:\/\/www.foscarini.com\/wp-content\/uploads\/2025\/03\/8.4_Fields-800x885.jpg 800w, https:\/\/www.foscarini.com\/wp-content\/uploads\/2025\/03\/8.4_Fields.jpg 864w\" alt=\"\" \/>\n                                                            <\/div>\n            <\/div>\n        <\/div>\n    <\/div>\n\n    <div class=\"show-mobile\">\n        <div class=\"row\">\n            <div class=\"small-12 columns\">\n                            <\/div>\n        <\/div>\n    <\/div>\n<\/section><section class=\"world__menu_image\">\n\n    <div class=\"designer-desc-container\">\n                            <div class=\"title-medium js-heading\"><p>Neue Lichtideen<\/p>\n<\/div>\n                       \n            <div class=\"text-2 js-heading\"><p>Im Zentrum steht eine zeitgen\u00f6ssische Neudeutung eines gro\u00dfen Archetyps: der Kronleuchter, neu erfunden mit starken und markanten Designvisionen. Innovation zeigt sich auch in der Experimentierung mit neuen Materialien und unerwarteten Kombinationen, wie recycelter Lava oder Glasperlenstickereien im Dialog mit dem Licht.<\/p>\n<p>&nbsp;<\/p>\n<\/div>\n                <\/div>\n\n    \n    <div class=\"inner--stories menu \">\n                                <a href=\"https:\/\/www.foscarini.com\/de\/mdw25-allumette\/\" class=\"menu__item\" data-image=\"https:\/\/www.foscarini.com\/wp-content\/uploads\/2025\/03\/ALLUMETTE-PREVIEW.png\">\n                            <span class=\"menu__item-text\"><span class=\"menu__item-textinner\">ALLUMETTE<\/span><\/span>\n                            <span class=\"menu__item-sub\">Francesca Lanzavecchia<\/span>\n                        <\/a>\n                                                <a href=\"https:\/\/www.foscarini.com\/de\/mdw25-asteria\/\" class=\"menu__item\" data-image=\"https:\/\/www.foscarini.com\/wp-content\/uploads\/2025\/03\/ASTERIA-MULTI-PREVIEW.png\">\n                            <span class=\"menu__item-text\"><span class=\"menu__item-textinner\">ASTERIA<\/span><\/span>\n                            <span class=\"menu__item-sub\">Alberto + Francesco Meda<\/span>\n                        <\/a>\n                                                <a href=\"https:\/\/www.foscarini.com\/de\/mdw25-tilia\/\" class=\"menu__item\" data-image=\"https:\/\/www.foscarini.com\/wp-content\/uploads\/2025\/03\/TILIA-PREVIEW.png\">\n                            <span class=\"menu__item-text\"><span class=\"menu__item-textinner\">TILIA<\/span><\/span>\n                            <span class=\"menu__item-sub\">Francesca Lanzavecchia<\/span>\n                        <\/a>\n                                                <a href=\"https:\/\/www.foscarini.com\/de\/mdw25-etoile\/\" class=\"menu__item\" data-image=\"https:\/\/www.foscarini.com\/wp-content\/uploads\/2025\/03\/GRANDE-ETOILE-PREVIEW.png\">\n                            <span class=\"menu__item-text\"><span class=\"menu__item-textinner\">ETOILE<\/span><\/span>\n                            <span class=\"menu__item-sub\">Dordoni Studio<\/span>\n                        <\/a>\n                                                <a href=\"https:\/\/www.foscarini.com\/de\/mdw25-eolie\/\" class=\"menu__item\" data-image=\"https:\/\/www.foscarini.com\/wp-content\/uploads\/2025\/03\/EOLIE-PREVIEW.png\">\n                            <span class=\"menu__item-text\"><span class=\"menu__item-textinner\">EOLIE<\/span><\/span>\n                            <span class=\"menu__item-sub\">Alberto +  Francesco Meda<\/span>\n                        <\/a>\n                                                <a href=\"https:\/\/www.foscarini.com\/de\/mdw25-torche\/\" class=\"menu__item\" data-image=\"https:\/\/www.foscarini.com\/wp-content\/uploads\/2025\/03\/TORCHE-PREVIEW.png\">\n                            <span class=\"menu__item-text\"><span class=\"menu__item-textinner\">TORCHE<\/span><\/span>\n                            <span class=\"menu__item-sub\">Dordoni Studio<\/span>\n                        <\/a>\n                                                <a href=\"https:\/\/www.foscarini.com\/de\/mdw25-habitus\/\" class=\"menu__item\" data-image=\"https:\/\/www.foscarini.com\/wp-content\/uploads\/2025\/03\/HABITUS-PREVIEW.png\">\n                            <span class=\"menu__item-text\"><span class=\"menu__item-textinner\">HABITUS<\/span><\/span>\n                            <span class=\"menu__item-sub\">Andrea Anastasio<\/span>\n                        <\/a>\n                                                <a href=\"https:\/\/www.foscarini.com\/de\/mdw25-aplomb-wall\/\" class=\"menu__item\" data-image=\"https:\/\/www.foscarini.com\/wp-content\/uploads\/2025\/03\/APLOMB-PREVIEW.png\">\n                            <span class=\"menu__item-text\"><span class=\"menu__item-textinner\">APLOMB <\/span><\/span>\n                            <span class=\"menu__item-sub\">Lucidi Pevere<\/span>\n                        <\/a>\n                                                <a href=\"https:\/\/www.foscarini.com\/de\/mdw25-fields\/\" class=\"menu__item\" data-image=\"https:\/\/www.foscarini.com\/wp-content\/uploads\/2025\/03\/FIELDS-PREVIEW-1.png\">\n                            <span class=\"menu__item-text\"><span class=\"menu__item-textinner\">FIELDS<\/span><\/span>\n                            <span class=\"menu__item-sub\">Garcia Cumini<\/span>\n                        <\/a>\n                            <\/div>\n<\/section><section class=\"world__book bg-beige\">\n    <div class=\"row\">\n        <div class=\"medium-8 small-12 columns\">\n            <div class=\"ct-text\">\n                <p class=\"subtitle js-heading\">BOOKLET NEWS 2025<\/p>\n                <div class=\"title-medium js-heading\"><p>7 neue Produktfamilien, 2 \u00fcberarbeitete Versionen, 21 verschiedene Modelle, 6 Designer, 1 neue Zusammenarbeit, 2 neuartige Materialien.<\/p>\n<\/div>\n                <div class=\"text-2 js-heading\"><\/div>\n                                    <div class=\"center-mobile\">\n                        <a class=\"link-bg \" href=\"https:\/\/cdn1.foscarini.com\/Catalogues\/Brochure-News-2025_Foscarini.pdf\" data-name=\"Brochure-News-2025_Foscarini.pdf\" download=\"\" target=\"_blank\">Brosch\u00fcre herunterladen<\/a>\n                    <\/div>\n                            <\/div>\n        <\/div>\n        <div class=\"medium-4 small-12 columns\">\n            <div class=\"ct-text-right\">\n                                    <img decoding=\"async\" src=\"https:\/\/www.foscarini.com\/wp-content\/uploads\/2025\/03\/Brochure-news-salone-150x150.png\" srcset=\"https:\/\/www.foscarini.com\/wp-content\/uploads\/2025\/03\/Brochure-news-salone-257x300.png 257w, https:\/\/www.foscarini.com\/wp-content\/uploads\/2025\/03\/Brochure-news-salone.png 740w\" alt=\"\" \/>\n                                    <div class=\"text-2\"><\/div>\n\n                            <\/div>\n        <\/div>\n    <\/div>\n<\/section>","protected":false},"excerpt":{"rendered":"","protected":false},"author":10,"featured_media":0,"parent":0,"menu_order":0,"comment_status":"closed","ping_status":"closed","template":"","meta":{"_acf_changed":false,"footnotes":""},"class_list":["post-385999","page","type-page","status-publish","hentry"],"acf":{"preview_slider":{"titolo":"","testo":"","video_domanda":false,"link_video":""}},"yoast_head":"<!-- This site is optimized with the Yoast SEO Premium plugin v22.4 (Yoast SEO v23.7) - https:\/\/yoast.com\/wordpress\/plugins\/seo\/ -->\n<title>MDW25-Fields - Foscarini<\/title>\n<meta name=\"robots\" content=\"index, follow, max-snippet:-1, max-image-preview:large, max-video-preview:-1\" \/>\n<meta property=\"og:locale\" content=\"de_DE\" \/>\n<meta property=\"og:type\" content=\"article\" \/>\n<meta property=\"og:title\" content=\"MDW25-Fields\" \/>\n<meta property=\"og:url\" content=\"https:\/\/www.foscarini.com\/de\/mdw25-fields\/\" \/>\n<meta property=\"og:site_name\" content=\"Foscarini\" \/>\n<meta property=\"article:modified_time\" content=\"2025-04-07T16:54:10+00:00\" \/>\n<meta name=\"twitter:card\" content=\"summary_large_image\" \/>\n<script type=\"application\/ld+json\" class=\"yoast-schema-graph\">{\"@context\":\"https:\/\/schema.org\",\"@graph\":[{\"@type\":\"WebPage\",\"@id\":\"https:\/\/www.foscarini.com\/de\/mdw25-fields\/\",\"url\":\"https:\/\/www.foscarini.com\/de\/mdw25-fields\/\",\"name\":\"MDW25-Fields - Foscarini\",\"isPartOf\":{\"@id\":\"https:\/\/www.foscarini.com\/#website\"},\"datePublished\":\"2025-03-31T14:37:09+00:00\",\"dateModified\":\"2025-04-07T16:54:10+00:00\",\"breadcrumb\":{\"@id\":\"https:\/\/www.foscarini.com\/de\/mdw25-fields\/#breadcrumb\"},\"inLanguage\":\"de\",\"potentialAction\":[{\"@type\":\"ReadAction\",\"target\":[\"https:\/\/www.foscarini.com\/de\/mdw25-fields\/\"]}]},{\"@type\":\"BreadcrumbList\",\"@id\":\"https:\/\/www.foscarini.com\/de\/mdw25-fields\/#breadcrumb\",\"itemListElement\":[{\"@type\":\"ListItem\",\"position\":1,\"name\":\"Home\",\"item\":\"https:\/\/www.foscarini.com\/de\/\"},{\"@type\":\"ListItem\",\"position\":2,\"name\":\"MDW25-Fields\"}]},{\"@type\":\"WebSite\",\"@id\":\"https:\/\/www.foscarini.com\/#website\",\"url\":\"https:\/\/www.foscarini.com\/\",\"name\":\"Foscarini\",\"description\":\"\",\"potentialAction\":[{\"@type\":\"SearchAction\",\"target\":{\"@type\":\"EntryPoint\",\"urlTemplate\":\"https:\/\/www.foscarini.com\/?s={search_term_string}\"},\"query-input\":{\"@type\":\"PropertyValueSpecification\",\"valueRequired\":true,\"valueName\":\"search_term_string\"}}],\"inLanguage\":\"de\"}]}<\/script>\n<!-- \/ Yoast SEO Premium plugin. -->","yoast_head_json":{"title":"MDW25-Fields - Foscarini","robots":{"index":"index","follow":"follow","max-snippet":"max-snippet:-1","max-image-preview":"max-image-preview:large","max-video-preview":"max-video-preview:-1"},"og_locale":"de_DE","og_type":"article","og_title":"MDW25-Fields","og_url":"https:\/\/www.foscarini.com\/de\/mdw25-fields\/","og_site_name":"Foscarini","article_modified_time":"2025-04-07T16:54:10+00:00","twitter_card":"summary_large_image","schema":{"@context":"https:\/\/schema.org","@graph":[{"@type":"WebPage","@id":"https:\/\/www.foscarini.com\/de\/mdw25-fields\/","url":"https:\/\/www.foscarini.com\/de\/mdw25-fields\/","name":"MDW25-Fields - Foscarini","isPartOf":{"@id":"https:\/\/www.foscarini.com\/#website"},"datePublished":"2025-03-31T14:37:09+00:00","dateModified":"2025-04-07T16:54:10+00:00","breadcrumb":{"@id":"https:\/\/www.foscarini.com\/de\/mdw25-fields\/#breadcrumb"},"inLanguage":"de","potentialAction":[{"@type":"ReadAction","target":["https:\/\/www.foscarini.com\/de\/mdw25-fields\/"]}]},{"@type":"BreadcrumbList","@id":"https:\/\/www.foscarini.com\/de\/mdw25-fields\/#breadcrumb","itemListElement":[{"@type":"ListItem","position":1,"name":"Home","item":"https:\/\/www.foscarini.com\/de\/"},{"@type":"ListItem","position":2,"name":"MDW25-Fields"}]},{"@type":"WebSite","@id":"https:\/\/www.foscarini.com\/#website","url":"https:\/\/www.foscarini.com\/","name":"Foscarini","description":"","potentialAction":[{"@type":"SearchAction","target":{"@type":"EntryPoint","urlTemplate":"https:\/\/www.foscarini.com\/?s={search_term_string}"},"query-input":{"@type":"PropertyValueSpecification","valueRequired":true,"valueName":"search_term_string"}}],"inLanguage":"de"}]}},"_links":{"self":[{"href":"https:\/\/www.foscarini.com\/de\/wp-json\/wp\/v2\/pages\/385999"}],"collection":[{"href":"https:\/\/www.foscarini.com\/de\/wp-json\/wp\/v2\/pages"}],"about":[{"href":"https:\/\/www.foscarini.com\/de\/wp-json\/wp\/v2\/types\/page"}],"author":[{"embeddable":true,"href":"https:\/\/www.foscarini.com\/de\/wp-json\/wp\/v2\/users\/10"}],"replies":[{"embeddable":true,"href":"https:\/\/www.foscarini.com\/de\/wp-json\/wp\/v2\/comments?post=385999"}],"version-history":[{"count":3,"href":"https:\/\/www.foscarini.com\/de\/wp-json\/wp\/v2\/pages\/385999\/revisions"}],"predecessor-version":[{"id":386156,"href":"https:\/\/www.foscarini.com\/de\/wp-json\/wp\/v2\/pages\/385999\/revisions\/386156"}],"wp:attachment":[{"href":"https:\/\/www.foscarini.com\/de\/wp-json\/wp\/v2\/media?parent=385999"}],"curies":[{"name":"wp","href":"https:\/\/api.w.org\/{rel}","templated":true}]}}