{"id":385998,"date":"2025-03-31T14:41:44","date_gmt":"2025-03-31T14:41:44","guid":{"rendered":"https:\/\/www.foscarini.com\/mdw25-torche\/"},"modified":"2025-04-07T17:05:49","modified_gmt":"2025-04-07T17:05:49","slug":"mdw25-torche","status":"publish","type":"page","link":"https:\/\/www.foscarini.com\/de\/mdw25-torche\/","title":{"rendered":"MDW25-Torche"},"content":{"rendered":"<section class=\"two_cols__link_and_image full-height-vh \">\n    <div class=\"row row-large \">\n        <div class=\"medium-4 small-12 columns full-height relative col-1\">\n            <div class=\"ct-text\">\n                <span class=\"subtitle js-heading\">NEWS 2025<\/span>\n                <div class=\"ct-link\">\n                                        <a class=\"link-arrow title-medium js-heading no-link\" href=\"\"><p>Torche<\/p>\n<\/a>\n                    <div class=\"text-1 js-heading\"><p>\/ Dordoni Studio<\/p>\n<\/div>\n                                    <\/div>\n                            <\/div>\n        <\/div>\n        <div class=\"medium-8 small-12 columns full-height col-2 no-padding-right-mobile\">\n                                                    <img decoding=\"async\" class=\"full-cover\" src=\"https:\/\/www.foscarini.com\/wp-content\/uploads\/2025\/03\/TORCHE-PREVIEW-150x150.png\" srcset=\"https:\/\/www.foscarini.com\/wp-content\/uploads\/2025\/03\/TORCHE-PREVIEW-300x240.png 300w, https:\/\/www.foscarini.com\/wp-content\/uploads\/2025\/03\/TORCHE-PREVIEW-1024x819.png 1024w, https:\/\/www.foscarini.com\/wp-content\/uploads\/2025\/03\/TORCHE-PREVIEW-768x614.png 768w, https:\/\/www.foscarini.com\/wp-content\/uploads\/2025\/03\/TORCHE-PREVIEW-800x640.png 800w, https:\/\/www.foscarini.com\/wp-content\/uploads\/2025\/03\/TORCHE-PREVIEW.png 1200w\" alt=\"\" \/>\n                                            <\/div>\n    <\/div>\n<\/section><section class=\"articolo-titolo reading-time\">\n    <div class=\"ct-block\">\n        <div class=\"text\"><p>Elegante Zur\u00fcckhaltung f\u00fcr die Wand: Satinierte Metalloberfl\u00e4chen und ein Design, das \u00c4sthetik und Funktion vereint entstanden aus einem unver\u00f6ffentlichten Entwurf von Rodolfo Dordoni f\u00fcr Foscarini.<\/p>\n<p>&nbsp;<\/p>\n<p>&nbsp;<\/p>\n<p>&nbsp;<\/p>\n<\/div>\n            <\/div>\n<\/section><section class=\"articolo-testo reading-time\">\n    <div class=\"ct-block\">\n        <div class=\"text\"><p>Die neue Wandleuchte Torche \u2013 ein Entwurf von Rodolfo Dordoni, der nun vom Team des Dordoni Studios unter der Leitung von Cimadoro und Mauro weiterentwickelt wurde \u2013\u00a0 verbindet klare Formen, hohe Funktionalit\u00e4t und eine starke visuelle Wirkung. Torche basiert auf einem archaischen Symbol des Lichts: der Fackel, die ihr auch den Namen gibt.<\/p>\n<p>Reine \u00c4sthetik, hohe Funktionalit\u00e4t und dekorativer Charakter: Torche ist eine Wandleuchte mit einer kompakten und dezenten Form, die sich als leichtes Zeichen an der Wand zeigt. Ihre Silhouette ist in perfekter Harmonie mit dem Lichtfluss gestaltet; der spezielle Querschnitt des Kegels erm\u00f6glicht es der Lampe, sich im oberen Bereich leicht von der Wand zu l\u00f6sen \u2013 ein Detail, das das Licht sowohl an der Wand als auch zur Decke hin verbreitet, w\u00e4hrend die intensive Lichtquelle abgeschirmt wird, um den Sehkomfort zu erh\u00f6hen. Erg\u00e4nzt wird dies durch einen zweiten, weicheren und gezielteren Lichtspot nach unten.<\/p>\n<p>Dank ihrer Farbvielfalt passt sich Torche unterschiedlichen Einrichtungsstilen an \u2013 von k\u00fchlem Gunmetal-Ton f\u00fcr minimalistische R\u00e4ume bis zu warmen T\u00f6nen f\u00fcr stilvoll inszenierte Interieurs.<\/p>\n<\/div>\n    <\/div>\n<\/section><div class=\"wp-block-columns two_image_join two_image_join_affiancate is-layout-flex wp-container-core-columns-is-layout-1 wp-block-columns-is-layout-flex\"><div class=\"wp-block-column is-layout-flow wp-block-column-is-layout-flow\"><div class=\"wp-block-getwid-image-hotspot\" data-appearance-animation=\"none\" data-image-points=\"[]\" data-trigger=\"hover\" data-theme=\"light\" data-tooltip-animation=\"shift-toward\" data-arrow=\"true\"><div class=\"wp-block-getwid-image-hotspot__wrapper\"><img loading=\"lazy\" decoding=\"async\" width=\"907\" height=\"609\" src=\"https:\/\/www.foscarini.com\/wp-content\/uploads\/2025\/04\/2aff-02MDW25.jpg\" alt=\"\" class=\"wp-block-getwid-image-hotspot__image wp-image-315959\" srcset=\"https:\/\/www.foscarini.com\/wp-content\/uploads\/2025\/04\/2aff-02MDW25.jpg 907w, https:\/\/www.foscarini.com\/wp-content\/uploads\/2025\/04\/2aff-02MDW25-300x201.jpg 300w, https:\/\/www.foscarini.com\/wp-content\/uploads\/2025\/04\/2aff-02MDW25-768x516.jpg 768w, https:\/\/www.foscarini.com\/wp-content\/uploads\/2025\/04\/2aff-02MDW25-800x537.jpg 800w\" sizes=\"(max-width: 907px) 100vw, 907px\" \/><\/div><\/div><\/div>\n\n<div class=\"wp-block-column is-layout-flow wp-block-column-is-layout-flow\"><div class=\"wp-block-getwid-image-hotspot\" data-appearance-animation=\"none\" data-image-points=\"[]\" data-trigger=\"hover\" data-theme=\"light\" data-tooltip-animation=\"shift-toward\" data-arrow=\"true\"><div class=\"wp-block-getwid-image-hotspot__wrapper\"><img loading=\"lazy\" decoding=\"async\" width=\"907\" height=\"609\" src=\"https:\/\/www.foscarini.com\/wp-content\/uploads\/2025\/04\/2aff-01MDW25.jpg\" alt=\"\" class=\"wp-block-getwid-image-hotspot__image wp-image-315966\" srcset=\"https:\/\/www.foscarini.com\/wp-content\/uploads\/2025\/04\/2aff-01MDW25.jpg 907w, https:\/\/www.foscarini.com\/wp-content\/uploads\/2025\/04\/2aff-01MDW25-300x201.jpg 300w, https:\/\/www.foscarini.com\/wp-content\/uploads\/2025\/04\/2aff-01MDW25-768x516.jpg 768w, https:\/\/www.foscarini.com\/wp-content\/uploads\/2025\/04\/2aff-01MDW25-800x537.jpg 800w\" sizes=\"(max-width: 907px) 100vw, 907px\" \/><\/div><\/div><\/div><\/div><section class=\"concept__designer full-height-vh bg-beige\">\n    <div class=\"row\">\n        <div class=\"medium-6 small-12 columns\">\n            <div class=\"info-designer\">\n                <span class=\"subtitle js-heading\">DESIGNER<\/span>\n                <div class=\"title-little js-heading\"><p>Dordoni Studio<\/p>\n<\/div>\n                                    <img decoding=\"async\" class=\"photo-designer\" src=\"https:\/\/www.foscarini.com\/wp-content\/uploads\/2025\/03\/designer-faceMDW25-etoile.jpg\" alt=\"\" \/>\n                                <\/div>\n        <\/div>\n        <div class=\"medium-6 small-12 columns no-padding padding-mobile\">\n            <div class=\"text-4 js-heading\"><p>Dordoni Studio setzt den von Rodolfo Dordoni eingeschlagenen Weg fort und f\u00fchrt eine Entwurfsphilosophie weiter, die auf formaler Koh\u00e4renz, ausgewogenen Proportionen, Liebe zum Detail und sorgf\u00e4ltiger Material- und Oberfl\u00e4chenstudie basiert. Unter der Leitung von Mattia Cimadoro und Giuseppe Mauro entwickelt das Studio eine klare und essenzielle Designsprache, die Kontinuit\u00e4t und Zeitgenossenschaft verbindet \u2013 in Projekten mit starkem Charakter, Ausdruck einer zur\u00fcckhaltenden und ausgewogenen \u00c4sthetik.<\/p>\n<p>&nbsp;<\/p>\n<p>&nbsp;<\/p>\n<p>&nbsp;<\/p>\n<\/div>\n        <\/div>\n    <\/div>\n\n    <div class=\"swiper-container swiper__from_cols\">\n        <div class=\"swiper-wrapper col-2\">\n            <div class=\"swiper-slide\">\n                                    <img decoding=\"async\" class=\"full-cover\" src=\"https:\/\/www.foscarini.com\/wp-content\/uploads\/2025\/03\/design-01MDW25-Torche-150x150.jpg\" srcset=\"https:\/\/www.foscarini.com\/wp-content\/uploads\/2025\/03\/design-01MDW25-Torche-285x300.jpg 285w, https:\/\/www.foscarini.com\/wp-content\/uploads\/2025\/03\/design-01MDW25-Torche-768x808.jpg 768w, https:\/\/www.foscarini.com\/wp-content\/uploads\/2025\/03\/design-01MDW25-Torche.jpg 781w\" alt=\"\" \/>\n                                <\/div>\n            <div class=\"swiper-slide\">\n                <div class=\"ct-img\">\n                                            <img decoding=\"async\" src=\"https:\/\/www.foscarini.com\/wp-content\/uploads\/2025\/03\/design-02MDW25-Torche-150x150.jpg\" srcset=\"https:\/\/www.foscarini.com\/wp-content\/uploads\/2025\/03\/design-02MDW25-Torche-300x291.jpg 300w, https:\/\/www.foscarini.com\/wp-content\/uploads\/2025\/03\/design-02MDW25-Torche.jpg 679w\" alt=\"\" \/>\n                                                            <\/div>\n            <\/div>\n        <\/div>\n    <\/div>\n\n    <div class=\"show-mobile\">\n        <div class=\"row\">\n            <div class=\"small-12 columns\">\n                            <\/div>\n        <\/div>\n    <\/div>\n<\/section><section class=\"world__menu_image\">\n\n    <div class=\"designer-desc-container\">\n                            <div class=\"title-medium js-heading\"><p>Neue Lichtideen<\/p>\n<\/div>\n                       \n            <div class=\"text-2 js-heading\"><p>Im Zentrum steht eine zeitgen\u00f6ssische Neudeutung eines gro\u00dfen Archetyps: der Kronleuchter, neu erfunden mit starken und markanten Designvisionen. Innovation zeigt sich auch in der Experimentierung mit neuen Materialien und unerwarteten Kombinationen, wie recycelter Lava oder Glasperlenstickereien im Dialog mit dem Licht.<\/p>\n<p>&nbsp;<\/p>\n<\/div>\n                <\/div>\n\n    \n    <div class=\"inner--stories menu \">\n                                <a href=\"https:\/\/www.foscarini.com\/de\/mdw25-allumette\/\" class=\"menu__item\" data-image=\"https:\/\/www.foscarini.com\/wp-content\/uploads\/2025\/03\/ALLUMETTE-PREVIEW.png\">\n                            <span class=\"menu__item-text\"><span class=\"menu__item-textinner\">ALLUMETTE<\/span><\/span>\n                            <span class=\"menu__item-sub\">Francesca Lanzavecchia<\/span>\n                        <\/a>\n                                                <a href=\"https:\/\/www.foscarini.com\/de\/mdw25-asteria\/\" class=\"menu__item\" data-image=\"https:\/\/www.foscarini.com\/wp-content\/uploads\/2025\/03\/ASTERIA-MULTI-PREVIEW.png\">\n                            <span class=\"menu__item-text\"><span class=\"menu__item-textinner\">ASTERIA<\/span><\/span>\n                            <span class=\"menu__item-sub\">Alberto + Francesco Meda<\/span>\n                        <\/a>\n                                                <a href=\"https:\/\/www.foscarini.com\/de\/mdw25-tilia\/\" class=\"menu__item\" data-image=\"https:\/\/www.foscarini.com\/wp-content\/uploads\/2025\/03\/TILIA-PREVIEW.png\">\n                            <span class=\"menu__item-text\"><span class=\"menu__item-textinner\">TILIA<\/span><\/span>\n                            <span class=\"menu__item-sub\">Francesca Lanzavecchia<\/span>\n                        <\/a>\n                                                <a href=\"https:\/\/www.foscarini.com\/de\/mdw25-etoile\/\" class=\"menu__item\" data-image=\"https:\/\/www.foscarini.com\/wp-content\/uploads\/2025\/03\/GRANDE-ETOILE-PREVIEW.png\">\n                            <span class=\"menu__item-text\"><span class=\"menu__item-textinner\">ETOILE<\/span><\/span>\n                            <span class=\"menu__item-sub\">Dordoni Studio<\/span>\n                        <\/a>\n                                                <a href=\"https:\/\/www.foscarini.com\/de\/mdw25-eolie\/\" class=\"menu__item\" data-image=\"https:\/\/www.foscarini.com\/wp-content\/uploads\/2025\/03\/EOLIE-PREVIEW.png\">\n                            <span class=\"menu__item-text\"><span class=\"menu__item-textinner\">EOLIE<\/span><\/span>\n                            <span class=\"menu__item-sub\">Alberto +  Francesco Meda<\/span>\n                        <\/a>\n                                                <a href=\"https:\/\/www.foscarini.com\/de\/mdw25-torche\/\" class=\"menu__item\" data-image=\"https:\/\/www.foscarini.com\/wp-content\/uploads\/2025\/03\/TORCHE-PREVIEW.png\">\n                            <span class=\"menu__item-text\"><span class=\"menu__item-textinner\">TORCHE<\/span><\/span>\n                            <span class=\"menu__item-sub\">Dordoni Studio<\/span>\n                        <\/a>\n                                                <a href=\"https:\/\/www.foscarini.com\/de\/mdw25-habitus\/\" class=\"menu__item\" data-image=\"https:\/\/www.foscarini.com\/wp-content\/uploads\/2025\/03\/HABITUS-PREVIEW.png\">\n                            <span class=\"menu__item-text\"><span class=\"menu__item-textinner\">HABITUS<\/span><\/span>\n                            <span class=\"menu__item-sub\">Andrea Anastasio<\/span>\n                        <\/a>\n                                                <a href=\"https:\/\/www.foscarini.com\/de\/mdw25-aplomb-wall\/\" class=\"menu__item\" data-image=\"https:\/\/www.foscarini.com\/wp-content\/uploads\/2025\/03\/APLOMB-PREVIEW.png\">\n                            <span class=\"menu__item-text\"><span class=\"menu__item-textinner\">APLOMB <\/span><\/span>\n                            <span class=\"menu__item-sub\">Lucidi Pevere<\/span>\n                        <\/a>\n                                                <a href=\"https:\/\/www.foscarini.com\/de\/mdw25-fields\/\" class=\"menu__item\" data-image=\"https:\/\/www.foscarini.com\/wp-content\/uploads\/2025\/03\/FIELDS-PREVIEW-1.png\">\n                            <span class=\"menu__item-text\"><span class=\"menu__item-textinner\">FIELDS<\/span><\/span>\n                            <span class=\"menu__item-sub\">Garcia Cumini<\/span>\n                        <\/a>\n                            <\/div>\n<\/section><section class=\"world__book bg-beige\">\n    <div class=\"row\">\n        <div class=\"medium-8 small-12 columns\">\n            <div class=\"ct-text\">\n                <p class=\"subtitle js-heading\">BOOKLET NEWS 2025<\/p>\n                <div class=\"title-medium js-heading\"><p>7 neue Produktfamilien, 2 \u00fcberarbeitete Versionen, 21 verschiedene Modelle, 6 Designer, 1 neue Zusammenarbeit, 2 neuartige Materialien.<\/p>\n<\/div>\n                <div class=\"text-2 js-heading\"><\/div>\n                                    <div class=\"center-mobile\">\n                        <a class=\"link-bg \" href=\"https:\/\/cdn1.foscarini.com\/Catalogues\/Brochure-News-2025_Foscarini.pdf\" data-name=\"Brochure-News-2025_Foscarini.pdf\" download=\"\" target=\"_blank\">Brosch\u00fcre herunterladen<\/a>\n                    <\/div>\n                            <\/div>\n        <\/div>\n        <div class=\"medium-4 small-12 columns\">\n            <div class=\"ct-text-right\">\n                                    <img decoding=\"async\" src=\"https:\/\/www.foscarini.com\/wp-content\/uploads\/2025\/03\/Brochure-news-salone-150x150.png\" srcset=\"https:\/\/www.foscarini.com\/wp-content\/uploads\/2025\/03\/Brochure-news-salone-257x300.png 257w, https:\/\/www.foscarini.com\/wp-content\/uploads\/2025\/03\/Brochure-news-salone.png 740w\" alt=\"\" \/>\n                                    <div class=\"text-2\"><\/div>\n\n                            <\/div>\n        <\/div>\n    <\/div>\n<\/section>","protected":false},"excerpt":{"rendered":"","protected":false},"author":10,"featured_media":0,"parent":0,"menu_order":0,"comment_status":"closed","ping_status":"closed","template":"","meta":{"_acf_changed":false,"footnotes":""},"class_list":["post-385998","page","type-page","status-publish","hentry"],"acf":{"preview_slider":{"titolo":"","testo":"","video_domanda":false,"link_video":""}},"yoast_head":"<!-- This site is optimized with the Yoast SEO Premium plugin v22.4 (Yoast SEO v23.7) - https:\/\/yoast.com\/wordpress\/plugins\/seo\/ -->\n<title>MDW25-Torche - Foscarini<\/title>\n<meta name=\"robots\" content=\"index, follow, max-snippet:-1, max-image-preview:large, max-video-preview:-1\" \/>\n<meta property=\"og:locale\" content=\"de_DE\" \/>\n<meta property=\"og:type\" content=\"article\" \/>\n<meta property=\"og:title\" content=\"MDW25-Torche\" \/>\n<meta property=\"og:url\" content=\"https:\/\/www.foscarini.com\/de\/mdw25-torche\/\" \/>\n<meta property=\"og:site_name\" content=\"Foscarini\" \/>\n<meta property=\"article:modified_time\" content=\"2025-04-07T17:05:49+00:00\" \/>\n<meta property=\"og:image\" content=\"https:\/\/www.foscarini.com\/wp-content\/uploads\/2025\/04\/2aff-02MDW25.jpg\" \/>\n<meta name=\"twitter:card\" content=\"summary_large_image\" \/>\n<meta name=\"twitter:label1\" content=\"Gesch\u00e4tzte Lesezeit\" \/>\n\t<meta name=\"twitter:data1\" content=\"1\u00a0Minute\" \/>\n<script type=\"application\/ld+json\" class=\"yoast-schema-graph\">{\"@context\":\"https:\/\/schema.org\",\"@graph\":[{\"@type\":\"WebPage\",\"@id\":\"https:\/\/www.foscarini.com\/de\/mdw25-torche\/\",\"url\":\"https:\/\/www.foscarini.com\/de\/mdw25-torche\/\",\"name\":\"MDW25-Torche - Foscarini\",\"isPartOf\":{\"@id\":\"https:\/\/www.foscarini.com\/#website\"},\"primaryImageOfPage\":{\"@id\":\"https:\/\/www.foscarini.com\/de\/mdw25-torche\/#primaryimage\"},\"image\":{\"@id\":\"https:\/\/www.foscarini.com\/de\/mdw25-torche\/#primaryimage\"},\"thumbnailUrl\":\"https:\/\/www.foscarini.com\/wp-content\/uploads\/2025\/04\/2aff-02MDW25.jpg\",\"datePublished\":\"2025-03-31T14:41:44+00:00\",\"dateModified\":\"2025-04-07T17:05:49+00:00\",\"breadcrumb\":{\"@id\":\"https:\/\/www.foscarini.com\/de\/mdw25-torche\/#breadcrumb\"},\"inLanguage\":\"de\",\"potentialAction\":[{\"@type\":\"ReadAction\",\"target\":[\"https:\/\/www.foscarini.com\/de\/mdw25-torche\/\"]}]},{\"@type\":\"ImageObject\",\"inLanguage\":\"de\",\"@id\":\"https:\/\/www.foscarini.com\/de\/mdw25-torche\/#primaryimage\",\"url\":\"https:\/\/www.foscarini.com\/wp-content\/uploads\/2025\/04\/2aff-02MDW25.jpg\",\"contentUrl\":\"https:\/\/www.foscarini.com\/wp-content\/uploads\/2025\/04\/2aff-02MDW25.jpg\"},{\"@type\":\"BreadcrumbList\",\"@id\":\"https:\/\/www.foscarini.com\/de\/mdw25-torche\/#breadcrumb\",\"itemListElement\":[{\"@type\":\"ListItem\",\"position\":1,\"name\":\"Home\",\"item\":\"https:\/\/www.foscarini.com\/de\/\"},{\"@type\":\"ListItem\",\"position\":2,\"name\":\"MDW25-Torche\"}]},{\"@type\":\"WebSite\",\"@id\":\"https:\/\/www.foscarini.com\/#website\",\"url\":\"https:\/\/www.foscarini.com\/\",\"name\":\"Foscarini\",\"description\":\"\",\"potentialAction\":[{\"@type\":\"SearchAction\",\"target\":{\"@type\":\"EntryPoint\",\"urlTemplate\":\"https:\/\/www.foscarini.com\/?s={search_term_string}\"},\"query-input\":{\"@type\":\"PropertyValueSpecification\",\"valueRequired\":true,\"valueName\":\"search_term_string\"}}],\"inLanguage\":\"de\"}]}<\/script>\n<!-- \/ Yoast SEO Premium plugin. -->","yoast_head_json":{"title":"MDW25-Torche - Foscarini","robots":{"index":"index","follow":"follow","max-snippet":"max-snippet:-1","max-image-preview":"max-image-preview:large","max-video-preview":"max-video-preview:-1"},"og_locale":"de_DE","og_type":"article","og_title":"MDW25-Torche","og_url":"https:\/\/www.foscarini.com\/de\/mdw25-torche\/","og_site_name":"Foscarini","article_modified_time":"2025-04-07T17:05:49+00:00","og_image":[{"url":"https:\/\/www.foscarini.com\/wp-content\/uploads\/2025\/04\/2aff-02MDW25.jpg"}],"twitter_card":"summary_large_image","twitter_misc":{"Gesch\u00e4tzte Lesezeit":"1\u00a0Minute"},"schema":{"@context":"https:\/\/schema.org","@graph":[{"@type":"WebPage","@id":"https:\/\/www.foscarini.com\/de\/mdw25-torche\/","url":"https:\/\/www.foscarini.com\/de\/mdw25-torche\/","name":"MDW25-Torche - Foscarini","isPartOf":{"@id":"https:\/\/www.foscarini.com\/#website"},"primaryImageOfPage":{"@id":"https:\/\/www.foscarini.com\/de\/mdw25-torche\/#primaryimage"},"image":{"@id":"https:\/\/www.foscarini.com\/de\/mdw25-torche\/#primaryimage"},"thumbnailUrl":"https:\/\/www.foscarini.com\/wp-content\/uploads\/2025\/04\/2aff-02MDW25.jpg","datePublished":"2025-03-31T14:41:44+00:00","dateModified":"2025-04-07T17:05:49+00:00","breadcrumb":{"@id":"https:\/\/www.foscarini.com\/de\/mdw25-torche\/#breadcrumb"},"inLanguage":"de","potentialAction":[{"@type":"ReadAction","target":["https:\/\/www.foscarini.com\/de\/mdw25-torche\/"]}]},{"@type":"ImageObject","inLanguage":"de","@id":"https:\/\/www.foscarini.com\/de\/mdw25-torche\/#primaryimage","url":"https:\/\/www.foscarini.com\/wp-content\/uploads\/2025\/04\/2aff-02MDW25.jpg","contentUrl":"https:\/\/www.foscarini.com\/wp-content\/uploads\/2025\/04\/2aff-02MDW25.jpg"},{"@type":"BreadcrumbList","@id":"https:\/\/www.foscarini.com\/de\/mdw25-torche\/#breadcrumb","itemListElement":[{"@type":"ListItem","position":1,"name":"Home","item":"https:\/\/www.foscarini.com\/de\/"},{"@type":"ListItem","position":2,"name":"MDW25-Torche"}]},{"@type":"WebSite","@id":"https:\/\/www.foscarini.com\/#website","url":"https:\/\/www.foscarini.com\/","name":"Foscarini","description":"","potentialAction":[{"@type":"SearchAction","target":{"@type":"EntryPoint","urlTemplate":"https:\/\/www.foscarini.com\/?s={search_term_string}"},"query-input":{"@type":"PropertyValueSpecification","valueRequired":true,"valueName":"search_term_string"}}],"inLanguage":"de"}]}},"_links":{"self":[{"href":"https:\/\/www.foscarini.com\/de\/wp-json\/wp\/v2\/pages\/385998"}],"collection":[{"href":"https:\/\/www.foscarini.com\/de\/wp-json\/wp\/v2\/pages"}],"about":[{"href":"https:\/\/www.foscarini.com\/de\/wp-json\/wp\/v2\/types\/page"}],"author":[{"embeddable":true,"href":"https:\/\/www.foscarini.com\/de\/wp-json\/wp\/v2\/users\/10"}],"replies":[{"embeddable":true,"href":"https:\/\/www.foscarini.com\/de\/wp-json\/wp\/v2\/comments?post=385998"}],"version-history":[{"count":2,"href":"https:\/\/www.foscarini.com\/de\/wp-json\/wp\/v2\/pages\/385998\/revisions"}],"predecessor-version":[{"id":386160,"href":"https:\/\/www.foscarini.com\/de\/wp-json\/wp\/v2\/pages\/385998\/revisions\/386160"}],"wp:attachment":[{"href":"https:\/\/www.foscarini.com\/de\/wp-json\/wp\/v2\/media?parent=385998"}],"curies":[{"name":"wp","href":"https:\/\/api.w.org\/{rel}","templated":true}]}}