{"id":385994,"date":"2025-03-31T15:20:47","date_gmt":"2025-03-31T15:20:47","guid":{"rendered":"https:\/\/www.foscarini.com\/mdw25-tilia\/"},"modified":"2025-04-08T08:36:44","modified_gmt":"2025-04-08T08:36:44","slug":"mdw25-tilia","status":"publish","type":"page","link":"https:\/\/www.foscarini.com\/de\/mdw25-tilia\/","title":{"rendered":"MDW25-Tilia"},"content":{"rendered":"<section class=\"two_cols__link_and_image full-height-vh \">\n    <div class=\"row row-large \">\n        <div class=\"medium-4 small-12 columns full-height relative col-1\">\n            <div class=\"ct-text\">\n                <span class=\"subtitle js-heading\">NEWS 2025<\/span>\n                <div class=\"ct-link\">\n                                        <a class=\"link-arrow title-medium js-heading no-link\" href=\"\"><p>Tilia<\/p>\n<\/a>\n                    <div class=\"text-1 js-heading\"><p>\/ Francesca Lanzavecchia<\/p>\n<\/div>\n                                    <\/div>\n                            <\/div>\n        <\/div>\n        <div class=\"medium-8 small-12 columns full-height col-2 no-padding-right-mobile\">\n                                                    <img decoding=\"async\" class=\"full-cover\" src=\"https:\/\/www.foscarini.com\/wp-content\/uploads\/2025\/03\/TILIA-PREVIEW-150x150.png\" srcset=\"https:\/\/www.foscarini.com\/wp-content\/uploads\/2025\/03\/TILIA-PREVIEW-300x240.png 300w, https:\/\/www.foscarini.com\/wp-content\/uploads\/2025\/03\/TILIA-PREVIEW-1024x819.png 1024w, https:\/\/www.foscarini.com\/wp-content\/uploads\/2025\/03\/TILIA-PREVIEW-768x614.png 768w, https:\/\/www.foscarini.com\/wp-content\/uploads\/2025\/03\/TILIA-PREVIEW-800x640.png 800w, https:\/\/www.foscarini.com\/wp-content\/uploads\/2025\/03\/TILIA-PREVIEW.png 1200w\" alt=\"\" \/>\n                                            <\/div>\n    <\/div>\n<\/section><section class=\"articolo-titolo reading-time\">\n    <div class=\"ct-block\">\n        <div class=\"text\"><p>Tilia, eine zeitgem\u00e4\u00dfe Neuinterpretation des Kronleuchters, in der sich das Licht wie ein lebendiger Organismus ausbreitet. Dabei handelt es sich nicht nur um einen Kronleuchter, sondern um ein Leuchtensystem, das als lichtspendender Organismus gedacht ist \u2013 in stetiger Entwicklung, mit weichen Linien und sanften Kurven, die den Raum auf zur\u00fcckhaltende Weise einnehmen.<\/p>\n<\/div>\n            <\/div>\n<\/section><section class=\"articolo-testo reading-time\">\n    <div class=\"ct-block\">\n        <div class=\"text\"><p>Tilia \u2013 vom Lateinischen f\u00fcr Linde \u2013 ist inspiriert vom nat\u00fcrlichen Wachstum und der organischen Flie\u00dfform der Natur. . Tilia ist eine Auseinandersetzung mit dem Konzept organischen Wachstums und nat\u00fcrlichen Prozessen. Das Projekt folgt der Entwicklungslogik nat\u00fcrlicher Strukturen und beruht auf der Untersuchung mathematischer und physikalischer Prinzipien wie der Fibonacci-Folge oder von Fraktalen \u00a0als neue \u201eleuchtende botanische Spezies\u201c. Eine Metallstruktur, aus der sich unterschiedlich geformte und lange Ver\u00e4stelungen herausbilden, die in Diffusoren aus opalinem, satiniertem Borosilikatglas enden. Diese geben ein weiches, warmes und umh\u00fcllendes Licht ab.<br \/>\nDie Verbindungen zwischen den Armen und der Struktur werden nicht versteckt, sondern als gestalterische Details hervorgehoben: kleine Metallkugeln in Kontrastfarben, die an botanische Knospen erinnern.<\/p>\n<p>Tilia ist in drei Farben erh\u00e4ltlich sowie in zwei unterschiedlichen Ausf\u00fchrungen: einer kompakteren, vertikal orientierten Struktur und einer breiteren, expressiveren Variante.<\/p>\n<\/div>\n    <\/div>\n<\/section><section class=\"three_cols__images full-height-vh \">\n    <div class=\"swiper-container swiper__from_cols\">\n        <div class=\"swiper-wrapper large col-3 full-height \">\n                                <div class=\"swiper-slide js-img\">\n                                                    <img decoding=\"async\" class=\"full-cover\" src=\"https:\/\/www.foscarini.com\/wp-content\/uploads\/2025\/03\/3img-3MDW25-150x150.png\" srcset=\"https:\/\/www.foscarini.com\/wp-content\/uploads\/2025\/03\/3img-3MDW25-188x300.png 188w, https:\/\/www.foscarini.com\/wp-content\/uploads\/2025\/03\/3img-3MDW25.png 581w\" alt=\"\" \/>\n                                                <\/div>\n                                        <div class=\"swiper-slide js-img\">\n                                                    <img decoding=\"async\" class=\"full-cover\" src=\"https:\/\/www.foscarini.com\/wp-content\/uploads\/2025\/03\/3img-2MDW25-150x150.png\" srcset=\"https:\/\/www.foscarini.com\/wp-content\/uploads\/2025\/03\/3img-2MDW25-188x300.png 188w, https:\/\/www.foscarini.com\/wp-content\/uploads\/2025\/03\/3img-2MDW25.png 581w\" alt=\"\" \/>\n                                                <\/div>\n                                        <div class=\"swiper-slide js-img\">\n                                                    <img decoding=\"async\" class=\"full-cover\" src=\"https:\/\/www.foscarini.com\/wp-content\/uploads\/2025\/03\/3img-1MDW25-150x150.png\" srcset=\"https:\/\/www.foscarini.com\/wp-content\/uploads\/2025\/03\/3img-1MDW25-188x300.png 188w, https:\/\/www.foscarini.com\/wp-content\/uploads\/2025\/03\/3img-1MDW25.png 581w\" alt=\"\" \/>\n                                                <\/div>\n                            <\/div>\n    <\/div>\n<\/section><section class=\"concept__designer full-height-vh bg-beige\">\n    <div class=\"row\">\n        <div class=\"medium-6 small-12 columns\">\n            <div class=\"info-designer\">\n                <span class=\"subtitle js-heading\">DESIGNER<\/span>\n                <div class=\"title-little js-heading\"><p>Francesca Lanzavecchia<\/p>\n<\/div>\n                                    <img decoding=\"async\" class=\"photo-designer\" src=\"https:\/\/www.foscarini.com\/wp-content\/uploads\/2025\/03\/designer-face.jpg\" alt=\"\" \/>\n                                <\/div>\n        <\/div>\n        <div class=\"medium-6 small-12 columns no-padding padding-mobile\">\n            <div class=\"text-4 js-heading\"><p>Francesca Lanzavecchia m\u00f6chte Objekte entwerfen, die nicht gleichg\u00fcltig lassen. Es geht ihr nicht nur um \u00c4sthetik, sondern um jene tiefe emotionale Resonanz, die ihre Entw\u00fcrfe ausl\u00f6sen sollen. F\u00fcr sie bedeutet Design in erster Linie die Aufl\u00f6sung von Konflikten \u2013 es geht darum, Objekte der Zuneigung zu schaffen, L\u00f6sungen, die eine empathische Beziehung zwischen Menschen und Dingen f\u00f6rdern, und Gegenst\u00e4nde in Metaphern zu verwandeln, die dazu einladen, \u00fcber das Sichtbare hinauszublicken.<\/p>\n<\/div>\n        <\/div>\n    <\/div>\n\n    <div class=\"swiper-container swiper__from_cols\">\n        <div class=\"swiper-wrapper col-2\">\n            <div class=\"swiper-slide\">\n                                    <img decoding=\"async\" class=\"full-cover\" src=\"https:\/\/www.foscarini.com\/wp-content\/uploads\/2025\/03\/Tilia-2025-5-150x150.jpg\" srcset=\"https:\/\/www.foscarini.com\/wp-content\/uploads\/2025\/03\/Tilia-2025-5-285x300.jpg 285w, https:\/\/www.foscarini.com\/wp-content\/uploads\/2025\/03\/Tilia-2025-5-768x808.jpg 768w, https:\/\/www.foscarini.com\/wp-content\/uploads\/2025\/03\/Tilia-2025-5.jpg 781w\" alt=\"\" \/>\n                                <\/div>\n            <div class=\"swiper-slide\">\n                <div class=\"ct-img\">\n                                            <img decoding=\"async\" src=\"https:\/\/www.foscarini.com\/wp-content\/uploads\/2025\/03\/design-02MDW25-150x150.png\" srcset=\"https:\/\/www.foscarini.com\/wp-content\/uploads\/2025\/03\/design-02MDW25-300x291.png 300w, https:\/\/www.foscarini.com\/wp-content\/uploads\/2025\/03\/design-02MDW25.png 679w\" alt=\"\" \/>\n                                                            <\/div>\n            <\/div>\n        <\/div>\n    <\/div>\n\n    <div class=\"show-mobile\">\n        <div class=\"row\">\n            <div class=\"small-12 columns\">\n                            <\/div>\n        <\/div>\n    <\/div>\n<\/section><section class=\"articolo-citazione reading-time\">\n    <div class=\"ct-block\">\n        <div class=\"text\"><p>\u201eIch integriere gerne Impulse aus Wissenschaft, Technologie und Physik, ohne dabei auf das Gestalten vertrauter, intuitiver Objekte zu verzichten. Ich wollte, dass der Kronleuchter wie eine spontane Pr\u00e4senz wirkt, die bei genauerer Betrachtung jedoch ihre gesamte konstruktive Komplexit\u00e4t offenbart. Wir leben in einer Welt perfekter Objekte, w\u00e4hrend wir Menschen unvollkommen und unterschiedlich sind. Ein asymmetrisches Objekt kann uns n\u00e4herstehen, menschlicher wirken. Nicht alle Unternehmen akzeptieren asymmetrische Produkte, da sie in der Produktion schwieriger zu handhaben sind. Aber ich glaube, dass gerade in dieser Unvollkommenheit die wahre Sch\u00f6nheit liegt.\u201c<\/p>\n<\/div>\n        <div class=\"cit\"><p>Francesca Lanzavecchia<br \/>\n\/ Designer<\/p>\n<\/div>\n    <\/div>\n<\/section><section class=\"pdp__slider full-height-vh\">\n    <div class=\"swiper-container swiper__pdp\">\n        <div class=\"swiper-wrapper full-height\">\n                                <div class=\"swiper-slide\">\n                                                    <img decoding=\"async\" class=\"full-cover\" src=\"https:\/\/www.foscarini.com\/wp-content\/uploads\/2025\/04\/slider-tilia-01-150x150.jpg\" srcset=\"https:\/\/www.foscarini.com\/wp-content\/uploads\/2025\/04\/slider-tilia-01-300x200.jpg 300w, https:\/\/www.foscarini.com\/wp-content\/uploads\/2025\/04\/slider-tilia-01-1024x683.jpg 1024w, https:\/\/www.foscarini.com\/wp-content\/uploads\/2025\/04\/slider-tilia-01-768x512.jpg 768w, https:\/\/www.foscarini.com\/wp-content\/uploads\/2025\/04\/slider-tilia-01-1536x1025.jpg 1536w, https:\/\/www.foscarini.com\/wp-content\/uploads\/2025\/04\/slider-tilia-01-800x534.jpg 800w, https:\/\/www.foscarini.com\/wp-content\/uploads\/2025\/04\/slider-tilia-01.jpg 1805w\" alt=\"\" \/>\n                                                                        <\/div>\n                                        <div class=\"swiper-slide\">\n                                                    <img decoding=\"async\" class=\"full-cover\" src=\"https:\/\/www.foscarini.com\/wp-content\/uploads\/2025\/04\/slider-tilia-02-150x150.jpg\" srcset=\"https:\/\/www.foscarini.com\/wp-content\/uploads\/2025\/04\/slider-tilia-02-200x300.jpg 200w, https:\/\/www.foscarini.com\/wp-content\/uploads\/2025\/04\/slider-tilia-02-683x1024.jpg 683w, https:\/\/www.foscarini.com\/wp-content\/uploads\/2025\/04\/slider-tilia-02-768x1152.jpg 768w, https:\/\/www.foscarini.com\/wp-content\/uploads\/2025\/04\/slider-tilia-02-800x1200.jpg 800w, https:\/\/www.foscarini.com\/wp-content\/uploads\/2025\/04\/slider-tilia-02.jpg 803w\" alt=\"\" \/>\n                                                                        <\/div>\n                                        <div class=\"swiper-slide\">\n                                                    <img decoding=\"async\" class=\"full-cover\" src=\"https:\/\/www.foscarini.com\/wp-content\/uploads\/2025\/04\/slider-tilia-03-150x150.jpg\" srcset=\"https:\/\/www.foscarini.com\/wp-content\/uploads\/2025\/04\/slider-tilia-03-200x300.jpg 200w, https:\/\/www.foscarini.com\/wp-content\/uploads\/2025\/04\/slider-tilia-03-683x1024.jpg 683w, https:\/\/www.foscarini.com\/wp-content\/uploads\/2025\/04\/slider-tilia-03-768x1152.jpg 768w, https:\/\/www.foscarini.com\/wp-content\/uploads\/2025\/04\/slider-tilia-03-800x1200.jpg 800w, https:\/\/www.foscarini.com\/wp-content\/uploads\/2025\/04\/slider-tilia-03.jpg 803w\" alt=\"\" \/>\n                                                                        <\/div>\n                                        <div class=\"swiper-slide\">\n                                                    <img decoding=\"async\" class=\"full-cover\" src=\"https:\/\/www.foscarini.com\/wp-content\/uploads\/2025\/04\/slider-tilia-04-150x150.jpg\" srcset=\"https:\/\/www.foscarini.com\/wp-content\/uploads\/2025\/04\/slider-tilia-04-200x300.jpg 200w, https:\/\/www.foscarini.com\/wp-content\/uploads\/2025\/04\/slider-tilia-04-683x1024.jpg 683w, https:\/\/www.foscarini.com\/wp-content\/uploads\/2025\/04\/slider-tilia-04-768x1152.jpg 768w, https:\/\/www.foscarini.com\/wp-content\/uploads\/2025\/04\/slider-tilia-04-800x1200.jpg 800w, https:\/\/www.foscarini.com\/wp-content\/uploads\/2025\/04\/slider-tilia-04.jpg 803w\" alt=\"\" \/>\n                                                                        <\/div>\n                            <\/div>\n    <\/div>\n    <div class=\"swiper-scrollbar\"><\/div>\n    <div class=\"ct-arrow\">\n        <div class=\"swiper-button-prev\"><\/div>\n        <div class=\"swiper-button-next\"><\/div>\n    <\/div>\n<\/section><section class=\"world__menu_image\">\n\n    <div class=\"designer-desc-container\">\n                            <div class=\"title-medium js-heading\"><p>Neue Lichtideen<\/p>\n<\/div>\n                       \n            <div class=\"text-2 js-heading\"><p>Im Zentrum steht eine zeitgen\u00f6ssische Neudeutung eines gro\u00dfen Archetyps: der Kronleuchter, neu erfunden mit starken und markanten Designvisionen. Innovation zeigt sich auch in der Experimentierung mit neuen Materialien und unerwarteten Kombinationen, wie recycelter Lava oder Glasperlenstickereien im Dialog mit dem Licht.<\/p>\n<p>&nbsp;<\/p>\n<\/div>\n                <\/div>\n\n    \n    <div class=\"inner--stories menu \">\n                                <a href=\"https:\/\/www.foscarini.com\/de\/mdw25-allumette\/\" class=\"menu__item\" data-image=\"https:\/\/www.foscarini.com\/wp-content\/uploads\/2025\/03\/ALLUMETTE-PREVIEW.png\">\n                            <span class=\"menu__item-text\"><span class=\"menu__item-textinner\">ALLUMETTE<\/span><\/span>\n                            <span class=\"menu__item-sub\">Francesca Lanzavecchia<\/span>\n                        <\/a>\n                                                <a href=\"https:\/\/www.foscarini.com\/de\/mdw25-asteria\/\" class=\"menu__item\" data-image=\"https:\/\/www.foscarini.com\/wp-content\/uploads\/2025\/03\/ASTERIA-MULTI-PREVIEW.png\">\n                            <span class=\"menu__item-text\"><span class=\"menu__item-textinner\">ASTERIA<\/span><\/span>\n                            <span class=\"menu__item-sub\">Alberto + Francesco Meda<\/span>\n                        <\/a>\n                                                <a href=\"https:\/\/www.foscarini.com\/de\/mdw25-tilia\/\" class=\"menu__item\" data-image=\"https:\/\/www.foscarini.com\/wp-content\/uploads\/2025\/03\/TILIA-PREVIEW.png\">\n                            <span class=\"menu__item-text\"><span class=\"menu__item-textinner\">TILIA<\/span><\/span>\n                            <span class=\"menu__item-sub\">Francesca Lanzavecchia<\/span>\n                        <\/a>\n                                                <a href=\"https:\/\/www.foscarini.com\/de\/mdw25-etoile\/\" class=\"menu__item\" data-image=\"https:\/\/www.foscarini.com\/wp-content\/uploads\/2025\/03\/GRANDE-ETOILE-PREVIEW.png\">\n                            <span class=\"menu__item-text\"><span class=\"menu__item-textinner\">ETOILE<\/span><\/span>\n                            <span class=\"menu__item-sub\">Dordoni Studio<\/span>\n                        <\/a>\n                                                <a href=\"https:\/\/www.foscarini.com\/de\/mdw25-eolie\/\" class=\"menu__item\" data-image=\"https:\/\/www.foscarini.com\/wp-content\/uploads\/2025\/03\/EOLIE-PREVIEW.png\">\n                            <span class=\"menu__item-text\"><span class=\"menu__item-textinner\">EOLIE<\/span><\/span>\n                            <span class=\"menu__item-sub\">Alberto +  Francesco Meda<\/span>\n                        <\/a>\n                                                <a href=\"https:\/\/www.foscarini.com\/de\/mdw25-torche\/\" class=\"menu__item\" data-image=\"https:\/\/www.foscarini.com\/wp-content\/uploads\/2025\/03\/TORCHE-PREVIEW.png\">\n                            <span class=\"menu__item-text\"><span class=\"menu__item-textinner\">TORCHE<\/span><\/span>\n                            <span class=\"menu__item-sub\">Dordoni Studio<\/span>\n                        <\/a>\n                                                <a href=\"https:\/\/www.foscarini.com\/de\/mdw25-habitus\/\" class=\"menu__item\" data-image=\"https:\/\/www.foscarini.com\/wp-content\/uploads\/2025\/03\/HABITUS-PREVIEW.png\">\n                            <span class=\"menu__item-text\"><span class=\"menu__item-textinner\">HABITUS<\/span><\/span>\n                            <span class=\"menu__item-sub\">Andrea Anastasio<\/span>\n                        <\/a>\n                                                <a href=\"https:\/\/www.foscarini.com\/de\/mdw25-aplomb-wall\/\" class=\"menu__item\" data-image=\"https:\/\/www.foscarini.com\/wp-content\/uploads\/2025\/03\/APLOMB-PREVIEW.png\">\n                            <span class=\"menu__item-text\"><span class=\"menu__item-textinner\">APLOMB <\/span><\/span>\n                            <span class=\"menu__item-sub\">Lucidi Pevere<\/span>\n                        <\/a>\n                                                <a href=\"https:\/\/www.foscarini.com\/de\/mdw25-fields\/\" class=\"menu__item\" data-image=\"https:\/\/www.foscarini.com\/wp-content\/uploads\/2025\/03\/FIELDS-PREVIEW-1.png\">\n                            <span class=\"menu__item-text\"><span class=\"menu__item-textinner\">FIELDS<\/span><\/span>\n                            <span class=\"menu__item-sub\">Garcia Cumini<\/span>\n                        <\/a>\n                            <\/div>\n<\/section><section class=\"world__book bg-beige\">\n    <div class=\"row\">\n        <div class=\"medium-8 small-12 columns\">\n            <div class=\"ct-text\">\n                <p class=\"subtitle js-heading\">BOOKLET NEWS 2025<\/p>\n                <div class=\"title-medium js-heading\"><p>7 neue Produktfamilien, 2 \u00fcberarbeitete Versionen, 21 verschiedene Modelle, 6 Designer, 1 neue Zusammenarbeit, 2 neuartige Materialien.<\/p>\n<\/div>\n                <div class=\"text-2 js-heading\"><\/div>\n                                    <div class=\"center-mobile\">\n                        <a class=\"link-bg \" href=\"https:\/\/cdn1.foscarini.com\/Catalogues\/Brochure-News-2025_Foscarini.pdf\" data-name=\"Brochure-News-2025_Foscarini.pdf\" download=\"\" target=\"_blank\">Brosch\u00fcre herunterladen<\/a>\n                    <\/div>\n                            <\/div>\n        <\/div>\n        <div class=\"medium-4 small-12 columns\">\n            <div class=\"ct-text-right\">\n                                    <img decoding=\"async\" src=\"https:\/\/www.foscarini.com\/wp-content\/uploads\/2025\/03\/Brochure-news-salone-150x150.png\" srcset=\"https:\/\/www.foscarini.com\/wp-content\/uploads\/2025\/03\/Brochure-news-salone-257x300.png 257w, https:\/\/www.foscarini.com\/wp-content\/uploads\/2025\/03\/Brochure-news-salone.png 740w\" alt=\"\" \/>\n                                    <div class=\"text-2\"><\/div>\n\n                            <\/div>\n        <\/div>\n    <\/div>\n<\/section>","protected":false},"excerpt":{"rendered":"","protected":false},"author":10,"featured_media":0,"parent":0,"menu_order":0,"comment_status":"closed","ping_status":"closed","template":"","meta":{"_acf_changed":false,"footnotes":""},"class_list":["post-385994","page","type-page","status-publish","hentry"],"acf":{"preview_slider":{"titolo":"","testo":"","video_domanda":false,"link_video":""}},"yoast_head":"<!-- This site is optimized with the Yoast SEO Premium plugin v22.4 (Yoast SEO v23.7) - https:\/\/yoast.com\/wordpress\/plugins\/seo\/ -->\n<title>MDW25-Tilia - Foscarini<\/title>\n<meta name=\"robots\" content=\"index, follow, max-snippet:-1, max-image-preview:large, max-video-preview:-1\" \/>\n<meta property=\"og:locale\" content=\"de_DE\" \/>\n<meta property=\"og:type\" content=\"article\" \/>\n<meta property=\"og:title\" content=\"MDW25-Tilia\" \/>\n<meta property=\"og:url\" content=\"https:\/\/www.foscarini.com\/de\/mdw25-tilia\/\" \/>\n<meta property=\"og:site_name\" content=\"Foscarini\" \/>\n<meta property=\"article:modified_time\" content=\"2025-04-08T08:36:44+00:00\" \/>\n<meta name=\"twitter:card\" content=\"summary_large_image\" \/>\n<script type=\"application\/ld+json\" class=\"yoast-schema-graph\">{\"@context\":\"https:\/\/schema.org\",\"@graph\":[{\"@type\":\"WebPage\",\"@id\":\"https:\/\/www.foscarini.com\/de\/mdw25-tilia\/\",\"url\":\"https:\/\/www.foscarini.com\/de\/mdw25-tilia\/\",\"name\":\"MDW25-Tilia - Foscarini\",\"isPartOf\":{\"@id\":\"https:\/\/www.foscarini.com\/#website\"},\"datePublished\":\"2025-03-31T15:20:47+00:00\",\"dateModified\":\"2025-04-08T08:36:44+00:00\",\"breadcrumb\":{\"@id\":\"https:\/\/www.foscarini.com\/de\/mdw25-tilia\/#breadcrumb\"},\"inLanguage\":\"de\",\"potentialAction\":[{\"@type\":\"ReadAction\",\"target\":[\"https:\/\/www.foscarini.com\/de\/mdw25-tilia\/\"]}]},{\"@type\":\"BreadcrumbList\",\"@id\":\"https:\/\/www.foscarini.com\/de\/mdw25-tilia\/#breadcrumb\",\"itemListElement\":[{\"@type\":\"ListItem\",\"position\":1,\"name\":\"Home\",\"item\":\"https:\/\/www.foscarini.com\/de\/\"},{\"@type\":\"ListItem\",\"position\":2,\"name\":\"MDW25-Tilia\"}]},{\"@type\":\"WebSite\",\"@id\":\"https:\/\/www.foscarini.com\/#website\",\"url\":\"https:\/\/www.foscarini.com\/\",\"name\":\"Foscarini\",\"description\":\"\",\"potentialAction\":[{\"@type\":\"SearchAction\",\"target\":{\"@type\":\"EntryPoint\",\"urlTemplate\":\"https:\/\/www.foscarini.com\/?s={search_term_string}\"},\"query-input\":{\"@type\":\"PropertyValueSpecification\",\"valueRequired\":true,\"valueName\":\"search_term_string\"}}],\"inLanguage\":\"de\"}]}<\/script>\n<!-- \/ Yoast SEO Premium plugin. -->","yoast_head_json":{"title":"MDW25-Tilia - Foscarini","robots":{"index":"index","follow":"follow","max-snippet":"max-snippet:-1","max-image-preview":"max-image-preview:large","max-video-preview":"max-video-preview:-1"},"og_locale":"de_DE","og_type":"article","og_title":"MDW25-Tilia","og_url":"https:\/\/www.foscarini.com\/de\/mdw25-tilia\/","og_site_name":"Foscarini","article_modified_time":"2025-04-08T08:36:44+00:00","twitter_card":"summary_large_image","schema":{"@context":"https:\/\/schema.org","@graph":[{"@type":"WebPage","@id":"https:\/\/www.foscarini.com\/de\/mdw25-tilia\/","url":"https:\/\/www.foscarini.com\/de\/mdw25-tilia\/","name":"MDW25-Tilia - Foscarini","isPartOf":{"@id":"https:\/\/www.foscarini.com\/#website"},"datePublished":"2025-03-31T15:20:47+00:00","dateModified":"2025-04-08T08:36:44+00:00","breadcrumb":{"@id":"https:\/\/www.foscarini.com\/de\/mdw25-tilia\/#breadcrumb"},"inLanguage":"de","potentialAction":[{"@type":"ReadAction","target":["https:\/\/www.foscarini.com\/de\/mdw25-tilia\/"]}]},{"@type":"BreadcrumbList","@id":"https:\/\/www.foscarini.com\/de\/mdw25-tilia\/#breadcrumb","itemListElement":[{"@type":"ListItem","position":1,"name":"Home","item":"https:\/\/www.foscarini.com\/de\/"},{"@type":"ListItem","position":2,"name":"MDW25-Tilia"}]},{"@type":"WebSite","@id":"https:\/\/www.foscarini.com\/#website","url":"https:\/\/www.foscarini.com\/","name":"Foscarini","description":"","potentialAction":[{"@type":"SearchAction","target":{"@type":"EntryPoint","urlTemplate":"https:\/\/www.foscarini.com\/?s={search_term_string}"},"query-input":{"@type":"PropertyValueSpecification","valueRequired":true,"valueName":"search_term_string"}}],"inLanguage":"de"}]}},"_links":{"self":[{"href":"https:\/\/www.foscarini.com\/de\/wp-json\/wp\/v2\/pages\/385994"}],"collection":[{"href":"https:\/\/www.foscarini.com\/de\/wp-json\/wp\/v2\/pages"}],"about":[{"href":"https:\/\/www.foscarini.com\/de\/wp-json\/wp\/v2\/types\/page"}],"author":[{"embeddable":true,"href":"https:\/\/www.foscarini.com\/de\/wp-json\/wp\/v2\/users\/10"}],"replies":[{"embeddable":true,"href":"https:\/\/www.foscarini.com\/de\/wp-json\/wp\/v2\/comments?post=385994"}],"version-history":[{"count":2,"href":"https:\/\/www.foscarini.com\/de\/wp-json\/wp\/v2\/pages\/385994\/revisions"}],"predecessor-version":[{"id":386175,"href":"https:\/\/www.foscarini.com\/de\/wp-json\/wp\/v2\/pages\/385994\/revisions\/386175"}],"wp:attachment":[{"href":"https:\/\/www.foscarini.com\/de\/wp-json\/wp\/v2\/media?parent=385994"}],"curies":[{"name":"wp","href":"https:\/\/api.w.org\/{rel}","templated":true}]}}