{"id":385992,"date":"2025-03-31T19:42:47","date_gmt":"2025-03-31T19:42:47","guid":{"rendered":"https:\/\/www.foscarini.com\/mdw25-habitus\/"},"modified":"2025-04-08T12:08:17","modified_gmt":"2025-04-08T12:08:17","slug":"mdw25-habitus","status":"publish","type":"page","link":"https:\/\/www.foscarini.com\/de\/mdw25-habitus\/","title":{"rendered":"MDW25-Habitus"},"content":{"rendered":"<section class=\"two_cols__link_and_image full-height-vh \">\n    <div class=\"row row-large \">\n        <div class=\"medium-4 small-12 columns full-height relative col-1\">\n            <div class=\"ct-text\">\n                <span class=\"subtitle js-heading\">NEWS 2025<\/span>\n                <div class=\"ct-link\">\n                                        <a class=\"link-arrow title-medium js-heading no-link\" href=\"\"><p>Habitus<\/p>\n<\/a>\n                    <div class=\"text-1 js-heading\"><p>\/ Andrea Anastasio<\/p>\n<\/div>\n                                    <\/div>\n                            <\/div>\n        <\/div>\n        <div class=\"medium-8 small-12 columns full-height col-2 no-padding-right-mobile\">\n                                                    <img decoding=\"async\" class=\"full-cover\" src=\"https:\/\/www.foscarini.com\/wp-content\/uploads\/2025\/03\/Banner-txt-imgMDW25-habitu-150x150.png\" srcset=\"https:\/\/www.foscarini.com\/wp-content\/uploads\/2025\/03\/Banner-txt-imgMDW25-habitu-300x240.png 300w, https:\/\/www.foscarini.com\/wp-content\/uploads\/2025\/03\/Banner-txt-imgMDW25-habitu-1024x819.png 1024w, https:\/\/www.foscarini.com\/wp-content\/uploads\/2025\/03\/Banner-txt-imgMDW25-habitu-768x614.png 768w, https:\/\/www.foscarini.com\/wp-content\/uploads\/2025\/03\/Banner-txt-imgMDW25-habitu-800x640.png 800w, https:\/\/www.foscarini.com\/wp-content\/uploads\/2025\/03\/Banner-txt-imgMDW25-habitu.png 1200w\" alt=\"\" \/>\n                                            <\/div>\n    <\/div>\n<\/section><section class=\"articolo-titolo reading-time\">\n    <div class=\"ct-block\">\n        <div class=\"text\"><p>Als Ergebnis der auf dem Fuorisalone 2024 pr\u00e4sentierten Recherche vereinen die neuen Habitus-Leuchten den ornamentalen Wert von Glasperlen und die kunstvolle Eleganz handgefertigter Stickereien, wie sie in der Haute Couture zu finden sind, mit dem zeitgen\u00f6ssischen, minimalistischen Charakter von Aluminiumstrukturen \u2013 ein Spiel der Kontraste, das den Reichtum der Materialien und die Klarheit der Formen hervorhebt.<\/p>\n<\/div>\n            <\/div>\n<\/section><section class=\"articolo-testo reading-time\">\n    <div class=\"ct-block\">\n        <div class=\"text\"><p>Habitus ist eine Kollektion, die aus einem experimentellen Designprozess mit absoluter kreativer Freiheit hervorgegangen ist. Abgeleitet aus dem gleichnamigen Projekt von Andrea Anastasio, das auf dem Fuorisalone 2024 vorgestellt wurde, wurde Habitus zun\u00e4chst m\u00f6glichst frei und ohne Fragen nach Machbarkeit und anderen typischen Einschr\u00e4nkungen, die mit industrieller Herstellung verbunden sind, entwickelt.<\/p>\n<p>F\u00fcr diese Kollektion hat Foscarini mit dem K\u00fcnstler und Designer Andrea Anastasio zusammengearbeitet sowie mit Arun Jothi und Natalie Frost vom Atelier Amal mit Werkst\u00e4tten in Mumbai und Rom, das auf die Herstellung von handgefertigten Stickereien f\u00fcr die Haute Couture spezialisiert ist.<\/p>\n<p>Aus dem Habitus-Projekt sind zwei Designobjekte hervorgegangen: eine Wandleuchte und eine Stehleuchte: Bei beiden treffen der ornamentale und handwerkliche Wert der bunten Perlen in warmen, lebendigen Farbt\u00f6nen auf den zeitgen\u00f6ssischen Minimalismus der Aluminiumgestelle. Die LED-Lichtquelle hebt den materiellen Charme und die leichte Unvollkommenheit der Glasperlen hervor, die das Aluminium auf der Innenseite bedecken, und verwandelt sie in eindrucksvolle leuchtende Linien im Raum.<\/p>\n<\/div>\n    <\/div>\n<\/section><section class=\"three_cols__images full-height-vh \">\n    <div class=\"swiper-container swiper__from_cols\">\n        <div class=\"swiper-wrapper large col-3 full-height \">\n                                <div class=\"swiper-slide js-img\">\n                                                    <img decoding=\"async\" class=\"full-cover\" src=\"https:\/\/www.foscarini.com\/wp-content\/uploads\/2025\/03\/3img-1MDW25-habitu-150x150.jpg\" srcset=\"https:\/\/www.foscarini.com\/wp-content\/uploads\/2025\/03\/3img-1MDW25-habitu-188x300.jpg 188w, https:\/\/www.foscarini.com\/wp-content\/uploads\/2025\/03\/3img-1MDW25-habitu.jpg 581w\" alt=\"\" \/>\n                                                <\/div>\n                                        <div class=\"swiper-slide js-img\">\n                                                    <img decoding=\"async\" class=\"full-cover\" src=\"https:\/\/www.foscarini.com\/wp-content\/uploads\/2025\/03\/3img-2MDW25-habitu-150x150.jpg\" srcset=\"https:\/\/www.foscarini.com\/wp-content\/uploads\/2025\/03\/3img-2MDW25-habitu-188x300.jpg 188w, https:\/\/www.foscarini.com\/wp-content\/uploads\/2025\/03\/3img-2MDW25-habitu.jpg 581w\" alt=\"\" \/>\n                                                <\/div>\n                                        <div class=\"swiper-slide js-img\">\n                                                    <img decoding=\"async\" class=\"full-cover\" src=\"https:\/\/www.foscarini.com\/wp-content\/uploads\/2025\/03\/3img-3MDW25-habitu-150x150.jpg\" srcset=\"https:\/\/www.foscarini.com\/wp-content\/uploads\/2025\/03\/3img-3MDW25-habitu-188x300.jpg 188w, https:\/\/www.foscarini.com\/wp-content\/uploads\/2025\/03\/3img-3MDW25-habitu.jpg 581w\" alt=\"\" \/>\n                                                <\/div>\n                            <\/div>\n    <\/div>\n<\/section><section class=\"concept__designer full-height-vh bg-beige\">\n    <div class=\"row\">\n        <div class=\"medium-6 small-12 columns\">\n            <div class=\"info-designer\">\n                <span class=\"subtitle js-heading\">DESIGNER<\/span>\n                <div class=\"title-little js-heading\"><p>Andrea Anastasio<\/p>\n<\/div>\n                                    <img decoding=\"async\" class=\"photo-designer\" src=\"https:\/\/www.foscarini.com\/wp-content\/uploads\/2024\/01\/8.1_Madre.jpg\" alt=\"\" \/>\n                                <\/div>\n        <\/div>\n        <div class=\"medium-6 small-12 columns no-padding padding-mobile\">\n            <div class=\"text-4 js-heading\"><p>Andrea Anastasio bewegt sich zwischen der Erforschung jahrtausendealter Kulturen und den Grenzbereichen zwischen Kunst und zeitgen\u00f6ssischem Design. Fasziniert von der Auseinandersetzung mit den poetischen Ans\u00e4tzen der Konzeptkunst und ihren m\u00f6glichen \u00dcberschneidungen mit dem Industriedesign, konzentriert sich seine Arbeit auf die Manipulation von Objekten, Konsumg\u00fctern und Alltagsmaterialien, um neue Bedeutungen und sprachliche \u00dcberlagerungen zu schaffen.<\/p>\n<\/div>\n        <\/div>\n    <\/div>\n\n    <div class=\"swiper-container swiper__from_cols\">\n        <div class=\"swiper-wrapper col-2\">\n            <div class=\"swiper-slide\">\n                                    <img decoding=\"async\" class=\"full-cover\" src=\"https:\/\/www.foscarini.com\/wp-content\/uploads\/2025\/03\/design-01MDW25-habitu-150x150.jpg\" srcset=\"https:\/\/www.foscarini.com\/wp-content\/uploads\/2025\/03\/design-01MDW25-habitu-285x300.jpg 285w, https:\/\/www.foscarini.com\/wp-content\/uploads\/2025\/03\/design-01MDW25-habitu-768x808.jpg 768w, https:\/\/www.foscarini.com\/wp-content\/uploads\/2025\/03\/design-01MDW25-habitu.jpg 781w\" alt=\"\" \/>\n                                <\/div>\n            <div class=\"swiper-slide\">\n                <div class=\"ct-img\">\n                                            <img decoding=\"async\" src=\"https:\/\/www.foscarini.com\/wp-content\/uploads\/2025\/03\/design-02MDW25-habitu-150x150.jpg\" srcset=\"https:\/\/www.foscarini.com\/wp-content\/uploads\/2025\/03\/design-02MDW25-habitu-300x291.jpg 300w, https:\/\/www.foscarini.com\/wp-content\/uploads\/2025\/03\/design-02MDW25-habitu.jpg 679w\" alt=\"\" \/>\n                                                            <\/div>\n            <\/div>\n        <\/div>\n    <\/div>\n\n    <div class=\"show-mobile\">\n        <div class=\"row\">\n            <div class=\"small-12 columns\">\n                            <\/div>\n        <\/div>\n    <\/div>\n<\/section><section class=\"articolo-citazione reading-time\">\n    <div class=\"ct-block\">\n        <div class=\"text\"><p>\u201eDie Stickerei kann als eine uralte Sprache beschrieben werden, die sich immer wieder erneuert, um Staunen und Reflexion zu erzeugen. *Habitus* lenkt die Aufmerksamkeit auf diese Handwerkskunst, deren Ursprung im Dunkel der Geschichte liegt. Der modulare Charakter der dem Stickwerk zugrunde liegenden Architektur und die Wiederholung der Geste, die es entstehen l\u00e4sst, bilden die Grundlage dieses Projekts \u2013 gedacht, um das Licht zu kleiden und das Licht dazu einzuladen, den Reichtum dieser \u00fcber die Zeit hinweg verankerten Gesten hervorzuheben.\u201c<\/p>\n<\/div>\n        <div class=\"cit\"><p>Andrea Anastasio<br \/>\n\/ Designer<\/p>\n<\/div>\n    <\/div>\n<\/section><section class=\"world__book \">\n    <div class=\"row\">\n        <div class=\"medium-8 small-12 columns\">\n            <div class=\"ct-text\">\n                <p class=\"subtitle js-heading\">E-BOOK<\/p>\n                <div class=\"title-medium js-heading\"><p>HABITUS \u2014<br \/>\nFoscarini Artbook series #2<br \/>\nResearch &amp; Developement<\/p>\n<\/div>\n                <div class=\"text-2 js-heading\"><p>Lade das exklusive E-Book \u201eFoscarini Artbook Series \u2014 Habitus\u201c herunter, um tiefer in diese freie Erkundung einzutauchen, die das Know-how eines Unternehmens mit der handwerklichen Expertise eines Ateliers verbindet \u2013 mit dem Ziel, neue Ausdruckssprachen, Bedeutungen und Formen des Lichterlebens zu imaginieren. Mit kritischen Beitr\u00e4gen von Carlo Urbinati, Andrea Anastasio und Kassia St. Clair sowie Fotografien von Massimo Gardone und Karan Kumar Sachdev.<\/p>\n<\/div>\n                                    <div class=\"center-mobile\">\n                        <a class=\"link-bg \" href=\"https:\/\/cdn1.foscarini.com\/Catalogues\/HABITUS_FOSCARINI.pdf\" data-name=\"HABITUS_FOSCARINI.pdf\" download=\"\" target=\"_blank\">Booklet herunterladen<\/a>\n                    <\/div>\n                            <\/div>\n        <\/div>\n        <div class=\"medium-4 small-12 columns\">\n            <div class=\"ct-text-right\">\n                                    <img decoding=\"async\" src=\"https:\/\/www.foscarini.com\/wp-content\/uploads\/2024\/04\/HABITUS_Brochure_MockUp-150x150.png\" srcset=\"https:\/\/www.foscarini.com\/wp-content\/uploads\/2024\/04\/HABITUS_Brochure_MockUp-233x300.png 233w, https:\/\/www.foscarini.com\/wp-content\/uploads\/2024\/04\/HABITUS_Brochure_MockUp.png 616w\" alt=\"\" \/>\n                                    <div class=\"text-2\"><\/div>\n\n                            <\/div>\n        <\/div>\n    <\/div>\n<\/section><section class=\"world__menu_image\">\n\n    <div class=\"designer-desc-container\">\n                            <div class=\"title-medium js-heading\"><p>Neue Lichtideen<\/p>\n<\/div>\n                       \n            <div class=\"text-2 js-heading\"><p>Im Zentrum steht eine zeitgen\u00f6ssische Neudeutung eines gro\u00dfen Archetyps: der Kronleuchter, neu erfunden mit starken und markanten Designvisionen. Innovation zeigt sich auch in der Experimentierung mit neuen Materialien und unerwarteten Kombinationen, wie recycelter Lava oder Glasperlenstickereien im Dialog mit dem Licht.<\/p>\n<p>&nbsp;<\/p>\n<\/div>\n                <\/div>\n\n    \n    <div class=\"inner--stories menu \">\n                                <a href=\"https:\/\/www.foscarini.com\/de\/mdw25-allumette\/\" class=\"menu__item\" data-image=\"https:\/\/www.foscarini.com\/wp-content\/uploads\/2025\/03\/ALLUMETTE-PREVIEW.png\">\n                            <span class=\"menu__item-text\"><span class=\"menu__item-textinner\">ALLUMETTE<\/span><\/span>\n                            <span class=\"menu__item-sub\">Francesca Lanzavecchia<\/span>\n                        <\/a>\n                                                <a href=\"https:\/\/www.foscarini.com\/de\/mdw25-asteria\/\" class=\"menu__item\" data-image=\"https:\/\/www.foscarini.com\/wp-content\/uploads\/2025\/03\/ASTERIA-MULTI-PREVIEW.png\">\n                            <span class=\"menu__item-text\"><span class=\"menu__item-textinner\">ASTERIA<\/span><\/span>\n                            <span class=\"menu__item-sub\">Alberto + Francesco Meda<\/span>\n                        <\/a>\n                                                <a href=\"https:\/\/www.foscarini.com\/de\/mdw25-tilia\/\" class=\"menu__item\" data-image=\"https:\/\/www.foscarini.com\/wp-content\/uploads\/2025\/03\/TILIA-PREVIEW.png\">\n                            <span class=\"menu__item-text\"><span class=\"menu__item-textinner\">TILIA<\/span><\/span>\n                            <span class=\"menu__item-sub\">Francesca Lanzavecchia<\/span>\n                        <\/a>\n                                                <a href=\"https:\/\/www.foscarini.com\/de\/mdw25-etoile\/\" class=\"menu__item\" data-image=\"https:\/\/www.foscarini.com\/wp-content\/uploads\/2025\/03\/GRANDE-ETOILE-PREVIEW.png\">\n                            <span class=\"menu__item-text\"><span class=\"menu__item-textinner\">ETOILE<\/span><\/span>\n                            <span class=\"menu__item-sub\">Dordoni Studio<\/span>\n                        <\/a>\n                                                <a href=\"https:\/\/www.foscarini.com\/de\/mdw25-eolie\/\" class=\"menu__item\" data-image=\"https:\/\/www.foscarini.com\/wp-content\/uploads\/2025\/03\/EOLIE-PREVIEW.png\">\n                            <span class=\"menu__item-text\"><span class=\"menu__item-textinner\">EOLIE<\/span><\/span>\n                            <span class=\"menu__item-sub\">Alberto +  Francesco Meda<\/span>\n                        <\/a>\n                                                <a href=\"https:\/\/www.foscarini.com\/de\/mdw25-torche\/\" class=\"menu__item\" data-image=\"https:\/\/www.foscarini.com\/wp-content\/uploads\/2025\/03\/TORCHE-PREVIEW.png\">\n                            <span class=\"menu__item-text\"><span class=\"menu__item-textinner\">TORCHE<\/span><\/span>\n                            <span class=\"menu__item-sub\">Dordoni Studio<\/span>\n                        <\/a>\n                                                <a href=\"https:\/\/www.foscarini.com\/de\/mdw25-habitus\/\" class=\"menu__item\" data-image=\"https:\/\/www.foscarini.com\/wp-content\/uploads\/2025\/03\/HABITUS-PREVIEW.png\">\n                            <span class=\"menu__item-text\"><span class=\"menu__item-textinner\">HABITUS<\/span><\/span>\n                            <span class=\"menu__item-sub\">Andrea Anastasio<\/span>\n                        <\/a>\n                                                <a href=\"https:\/\/www.foscarini.com\/de\/mdw25-aplomb-wall\/\" class=\"menu__item\" data-image=\"https:\/\/www.foscarini.com\/wp-content\/uploads\/2025\/03\/APLOMB-PREVIEW.png\">\n                            <span class=\"menu__item-text\"><span class=\"menu__item-textinner\">APLOMB <\/span><\/span>\n                            <span class=\"menu__item-sub\">Lucidi Pevere<\/span>\n                        <\/a>\n                                                <a href=\"https:\/\/www.foscarini.com\/de\/mdw25-fields\/\" class=\"menu__item\" data-image=\"https:\/\/www.foscarini.com\/wp-content\/uploads\/2025\/03\/FIELDS-PREVIEW-1.png\">\n                            <span class=\"menu__item-text\"><span class=\"menu__item-textinner\">FIELDS<\/span><\/span>\n                            <span class=\"menu__item-sub\">Garcia Cumini<\/span>\n                        <\/a>\n                            <\/div>\n<\/section><section class=\"world__book bg-beige\">\n    <div class=\"row\">\n        <div class=\"medium-8 small-12 columns\">\n            <div class=\"ct-text\">\n                <p class=\"subtitle js-heading\">BOOKLET NEWS 2025<\/p>\n                <div class=\"title-medium js-heading\"><p>7 neue Produktfamilien, 2 \u00fcberarbeitete Versionen, 21 verschiedene Modelle, 6 Designer, 1 neue Zusammenarbeit, 2 neuartige Materialien.<\/p>\n<\/div>\n                <div class=\"text-2 js-heading\"><\/div>\n                                    <div class=\"center-mobile\">\n                        <a class=\"link-bg \" href=\"https:\/\/cdn1.foscarini.com\/Catalogues\/Brochure-News-2025_Foscarini.pdf\" data-name=\"Brochure-News-2025_Foscarini.pdf\" download=\"\" target=\"_blank\">Brosch\u00fcre herunterladen<\/a>\n                    <\/div>\n                            <\/div>\n        <\/div>\n        <div class=\"medium-4 small-12 columns\">\n            <div class=\"ct-text-right\">\n                                    <img decoding=\"async\" src=\"https:\/\/www.foscarini.com\/wp-content\/uploads\/2025\/03\/Brochure-news-salone-150x150.png\" srcset=\"https:\/\/www.foscarini.com\/wp-content\/uploads\/2025\/03\/Brochure-news-salone-257x300.png 257w, https:\/\/www.foscarini.com\/wp-content\/uploads\/2025\/03\/Brochure-news-salone.png 740w\" alt=\"\" \/>\n                                    <div class=\"text-2\"><\/div>\n\n                            <\/div>\n        <\/div>\n    <\/div>\n<\/section>","protected":false},"excerpt":{"rendered":"","protected":false},"author":10,"featured_media":0,"parent":0,"menu_order":0,"comment_status":"closed","ping_status":"closed","template":"","meta":{"_acf_changed":false,"footnotes":""},"class_list":["post-385992","page","type-page","status-publish","hentry"],"acf":{"preview_slider":{"titolo":"","testo":"","video_domanda":false,"link_video":""}},"yoast_head":"<!-- This site is optimized with the Yoast SEO Premium plugin v22.4 (Yoast SEO v23.7) - https:\/\/yoast.com\/wordpress\/plugins\/seo\/ -->\n<title>MDW25-Habitus - Foscarini<\/title>\n<meta name=\"robots\" content=\"index, follow, max-snippet:-1, max-image-preview:large, max-video-preview:-1\" \/>\n<meta property=\"og:locale\" content=\"de_DE\" \/>\n<meta property=\"og:type\" content=\"article\" \/>\n<meta property=\"og:title\" content=\"MDW25-Habitus\" \/>\n<meta property=\"og:url\" content=\"https:\/\/www.foscarini.com\/de\/mdw25-habitus\/\" \/>\n<meta property=\"og:site_name\" content=\"Foscarini\" \/>\n<meta property=\"article:modified_time\" content=\"2025-04-08T12:08:17+00:00\" \/>\n<meta name=\"twitter:card\" content=\"summary_large_image\" \/>\n<script type=\"application\/ld+json\" class=\"yoast-schema-graph\">{\"@context\":\"https:\/\/schema.org\",\"@graph\":[{\"@type\":\"WebPage\",\"@id\":\"https:\/\/www.foscarini.com\/de\/mdw25-habitus\/\",\"url\":\"https:\/\/www.foscarini.com\/de\/mdw25-habitus\/\",\"name\":\"MDW25-Habitus - Foscarini\",\"isPartOf\":{\"@id\":\"https:\/\/www.foscarini.com\/#website\"},\"datePublished\":\"2025-03-31T19:42:47+00:00\",\"dateModified\":\"2025-04-08T12:08:17+00:00\",\"breadcrumb\":{\"@id\":\"https:\/\/www.foscarini.com\/de\/mdw25-habitus\/#breadcrumb\"},\"inLanguage\":\"de\",\"potentialAction\":[{\"@type\":\"ReadAction\",\"target\":[\"https:\/\/www.foscarini.com\/de\/mdw25-habitus\/\"]}]},{\"@type\":\"BreadcrumbList\",\"@id\":\"https:\/\/www.foscarini.com\/de\/mdw25-habitus\/#breadcrumb\",\"itemListElement\":[{\"@type\":\"ListItem\",\"position\":1,\"name\":\"Home\",\"item\":\"https:\/\/www.foscarini.com\/de\/\"},{\"@type\":\"ListItem\",\"position\":2,\"name\":\"MDW25-Habitus\"}]},{\"@type\":\"WebSite\",\"@id\":\"https:\/\/www.foscarini.com\/#website\",\"url\":\"https:\/\/www.foscarini.com\/\",\"name\":\"Foscarini\",\"description\":\"\",\"potentialAction\":[{\"@type\":\"SearchAction\",\"target\":{\"@type\":\"EntryPoint\",\"urlTemplate\":\"https:\/\/www.foscarini.com\/?s={search_term_string}\"},\"query-input\":{\"@type\":\"PropertyValueSpecification\",\"valueRequired\":true,\"valueName\":\"search_term_string\"}}],\"inLanguage\":\"de\"}]}<\/script>\n<!-- \/ Yoast SEO Premium plugin. -->","yoast_head_json":{"title":"MDW25-Habitus - Foscarini","robots":{"index":"index","follow":"follow","max-snippet":"max-snippet:-1","max-image-preview":"max-image-preview:large","max-video-preview":"max-video-preview:-1"},"og_locale":"de_DE","og_type":"article","og_title":"MDW25-Habitus","og_url":"https:\/\/www.foscarini.com\/de\/mdw25-habitus\/","og_site_name":"Foscarini","article_modified_time":"2025-04-08T12:08:17+00:00","twitter_card":"summary_large_image","schema":{"@context":"https:\/\/schema.org","@graph":[{"@type":"WebPage","@id":"https:\/\/www.foscarini.com\/de\/mdw25-habitus\/","url":"https:\/\/www.foscarini.com\/de\/mdw25-habitus\/","name":"MDW25-Habitus - Foscarini","isPartOf":{"@id":"https:\/\/www.foscarini.com\/#website"},"datePublished":"2025-03-31T19:42:47+00:00","dateModified":"2025-04-08T12:08:17+00:00","breadcrumb":{"@id":"https:\/\/www.foscarini.com\/de\/mdw25-habitus\/#breadcrumb"},"inLanguage":"de","potentialAction":[{"@type":"ReadAction","target":["https:\/\/www.foscarini.com\/de\/mdw25-habitus\/"]}]},{"@type":"BreadcrumbList","@id":"https:\/\/www.foscarini.com\/de\/mdw25-habitus\/#breadcrumb","itemListElement":[{"@type":"ListItem","position":1,"name":"Home","item":"https:\/\/www.foscarini.com\/de\/"},{"@type":"ListItem","position":2,"name":"MDW25-Habitus"}]},{"@type":"WebSite","@id":"https:\/\/www.foscarini.com\/#website","url":"https:\/\/www.foscarini.com\/","name":"Foscarini","description":"","potentialAction":[{"@type":"SearchAction","target":{"@type":"EntryPoint","urlTemplate":"https:\/\/www.foscarini.com\/?s={search_term_string}"},"query-input":{"@type":"PropertyValueSpecification","valueRequired":true,"valueName":"search_term_string"}}],"inLanguage":"de"}]}},"_links":{"self":[{"href":"https:\/\/www.foscarini.com\/de\/wp-json\/wp\/v2\/pages\/385992"}],"collection":[{"href":"https:\/\/www.foscarini.com\/de\/wp-json\/wp\/v2\/pages"}],"about":[{"href":"https:\/\/www.foscarini.com\/de\/wp-json\/wp\/v2\/types\/page"}],"author":[{"embeddable":true,"href":"https:\/\/www.foscarini.com\/de\/wp-json\/wp\/v2\/users\/10"}],"replies":[{"embeddable":true,"href":"https:\/\/www.foscarini.com\/de\/wp-json\/wp\/v2\/comments?post=385992"}],"version-history":[{"count":4,"href":"https:\/\/www.foscarini.com\/de\/wp-json\/wp\/v2\/pages\/385992\/revisions"}],"predecessor-version":[{"id":386189,"href":"https:\/\/www.foscarini.com\/de\/wp-json\/wp\/v2\/pages\/385992\/revisions\/386189"}],"wp:attachment":[{"href":"https:\/\/www.foscarini.com\/de\/wp-json\/wp\/v2\/media?parent=385992"}],"curies":[{"name":"wp","href":"https:\/\/api.w.org\/{rel}","templated":true}]}}